{"id":61422,"date":"2021-03-09T09:24:33","date_gmt":"2021-03-09T08:24:33","guid":{"rendered":"https:\/\/teiaeducation.ch\/product\/toob-blumen-figuren-safari-ltd\/"},"modified":"2024-10-03T09:08:47","modified_gmt":"2024-10-03T07:08:47","slug":"toob-blumen-figuren-safari-ltd","status":"publish","type":"product","link":"https:\/\/teiaeducation.ch\/de\/produkt\/toob-blumen-figuren-safari-ltd\/","title":{"rendered":"TOOB Blumen Figuren &#8211; Safari Ltd"},"content":{"rendered":"<p>Das Safari TOOB Set mit realistischen Blumen Miniatur Figuren der am h\u00e4ufigsten vorkommenden und leicht zu identifizierenden Blumenarten ist ein wertvolles Montessori <a href=\"https:\/\/teiaeducation.ch\/product-category\/learning-themes\/\">Lernspielzeug<\/a> f\u00fcr jedes Zuhause oder <a href=\"https:\/\/teiaeducation.ch\/school-supplies-switzerland\/\">Klassenzimmer<\/a>!<\/p>\n<p>Das Set enth\u00e4lt eine Rose, eine Tulpe, einen Hibiskus, einen Paradiesvogel, eine Narzisse, eine Sonnenblume, eine Lotusblume und eine Orchidee.<\/p>\n<p>Die 8 wundersch\u00f6n detaillierten und naturgetreuen Blumenmodelle helfen den Kindern, die Unterschiede zwischen diesen wichtigen Symbolen zu erkennen, zu sch\u00e4tzen und zu bemerken, die weltweit in fast allen Kulturen verwendet werden. Dieses hochwertige und langlebige TOOB-Set ist ein gro\u00dfartiges Lehrmittel und ein von <a href=\"https:\/\/teiaeducation.ch\/product-category\/hgh-quality-toys-play\/montessori-toys\/\">Montessori inspiriertes Spielzeug<\/a>.<\/p>\n<p>Die Lernfiguren zum Anfassen eignen sich hervorragend zur Unterst\u00fctzung des Unterrichts in Biologie und <a href=\"https:\/\/teiaeducation.ch\/product-category\/learning-themes\/culture-science\/botany\/\">Botanik<\/a>, Klassifizierung, Natur und Pflanzenwelt sowie als wunderbare Sprachobjekte zur Bereicherung des <a href=\"https:\/\/teiaeducation.ch\/product-category\/learning-themes\/literacy-language\/vocabulary-2\/\">Wortschatzes<\/a> und zum <a href=\"https:\/\/teiaeducation.ch\/product-category\/learning-themes\/literacy-language\/story-telling\/\">Erz\u00e4hlen von Geschichten<\/a>. Sie sind auch eine wunderbare Erg\u00e4nzung f\u00fcr das freie Spiel in der kleinen Welt und die Naturausstellung.<\/p>\n<p>Jede realistische Blumen Figur aus diesem TOOB ist einzeln handbemalt. Sie sind ungiftig, BPA-frei und f\u00fcr Kinder ab 3 Jahren geeignet. Der TOOB, der die Figuren h\u00e4lt, hat eine L\u00e4nge von 32,5 cm.<\/p>\n<p>Inhalt:<\/p>\n<p>8 Miniatur-Blumenfiguren<\/p>\n<h2>\u00dcber Safari Ltd<\/h2>\n<p>Die Amerikanische Familienmarke <a href=\"https:\/\/teiaeducation.ch\/product-category\/brands\/safari\/\">Safari Ltd\u00ae<\/a> stellt seit \u00fcber 30 Jahren wunderbar realistische <a href=\"https:\/\/teiaeducation.ch\/product-category\/play\/animals-farms\/\">Tierfiguren<\/a> und Lernhilfen her. Die sorgf\u00e4ltig gefertigten, hochwertigen und langlebigen Spielzeuge vermitteln Kindern die Bedeutung der <a href=\"https:\/\/teiaeducation.ch\/product-category\/play\/nature-play\/\">Natur<\/a> und des Naturschutzes durch die Freude am <a href=\"https:\/\/teiaeducation.ch\/product-category\/play\/imaginative-role-play\/\">fantasievollen Spiel<\/a> und k\u00f6nnen auf vielf\u00e4ltige Weise verwendet werden.<\/p>\n<p>Alle Produkte von Safari Ltd. sind ungiftig, <a href=\"https:\/\/en.wikipedia.org\/wiki\/Bisphenol_A\">BPA-frei<\/a>, bleifrei und phthalatfrei und werden strengen Sicherheitstests unterzogen, die alle weltweiten Vorschriften und Teststandards erf\u00fcllen und \u00fcbertreffen. Es werden umweltfreundliche Verpackungen verwendet, darunter recyceltes und wiederverwertbares Papier ohne UV-Lackierung, und in der gesamten Produktion werden umweltfreundliche Gesch\u00e4ftspraktiken angewandt.<\/p>\n","protected":false},"excerpt":{"rendered":"<p>Artikelnummer: S682904<\/p>\n<p>Das Safari TOOB Set von Safari mit realistischen Miniatur Figuren der am h\u00e4ufigsten vorkommenden Blumen Arten ist ein wertvolles Montessori Lernspielzeug!<\/p>\n","protected":false},"featured_media":61423,"comment_status":"open","ping_status":"closed","template":"","meta":[],"product_brand":[],"product_cat":[21445,21446,21524,21479,21512,21690,21670,21453,21491,21484,22422,21535,21447,21510,21509,21481,22182,21443,21689,21563,21665,22362,21494,21495,21496,23636,21678,21482,21564,24314,21536],"product_tag":[29292,27381,29399,29401,29400,29305,29363,21742,29295,29353,29364,29350,29296,29351,29291,29352,29294,29293,29358],"class_list":{"0":"post-61422","1":"product","2":"type-product","3":"status-publish","4":"has-post-thumbnail","6":"product_cat-3-6-jahre-vorschule","7":"product_cat-6-12-jahre-grundschule","8":"product_cat-alphabetisierung-sprache","9":"product_cat-lernmaterialien-spielzeug-montessori-waldorf-steiner-froebel","10":"product_cat-botanik","11":"product_cat-spiele-mit-offenem-ende","12":"product_cat-fruehjahrskollektion","13":"product_cat-gartnern","14":"product_cat-geschenk-guide-lerngeschenke","15":"product_cat-geschenk-guides","16":"product_cat-geschenke-fuer-das-osterkoerbchen","17":"product_cat-geschichtenerzaehlen","18":"product_cat-malen-basteln","19":"product_cat-kultur-wissenschaft","20":"product_cat-lernthemen","21":"product_cat-montessori-paedagogik-material-spielzeug","22":"product_cat-montessori-spielzeug","23":"product_cat-nach-alter","24":"product_cat-naturspiel","25":"product_cat-neuheiten","26":"product_cat-safari-ltd","27":"product_cat-saisonale-kollektionen","28":"product_cat-schulbedarf-fuer-zuhause","29":"product_cat-schulbedarf-fuer-zuhause-3-6-jahre","30":"product_cat-schulbedarf-fuer-zuhause-6-12-jahre","31":"product_cat-sommer-kollektion","32":"product_cat-kinder-spielzeug","33":"product_cat-traditionelle-bildung","34":"product_cat-unsere-marken","35":"product_cat-valentinstag","36":"product_cat-wortschatz","37":"product_tag-bpa-freies-spielzeug","38":"product_tag-lernspielzeug-de","39":"product_tag-montessori-realistische-blumenfiguren","40":"product_tag-montessori-realistische-flora-fauna-figuren","41":"product_tag-montessori-realistische-pflanzenfiguren","42":"product_tag-montessori-realistische-tierfiguren","43":"product_tag-montessori-figuren-fur-die-sprache","44":"product_tag-montessori-spielzeug","45":"product_tag-montessori-spielzeug-fur-die-zoologie","46":"product_tag-nordamerikanisches-vogelspielzeug","47":"product_tag-objekte-der-montessori-sprache","48":"product_tag-realistische-vogelmodelle","49":"product_tag-safari-toob-de","50":"product_tag-safari-vogel-im-hinterhof-toob","51":"product_tag-safari-spielzeuge","52":"product_tag-safari-vogel","53":"product_tag-ungiftige-tierfiguren","54":"product_tag-ungiftiges-spielzeug","55":"product_tag-vogel-spielset","57":"first","58":"instock","59":"taxable","60":"shipping-taxable","61":"purchasable","62":"product-type-simple"},"yoast_head":"<!-- This site is optimized with the Yoast SEO Premium plugin v25.8 (Yoast SEO v27.4) - https:\/\/yoast.com\/product\/yoast-seo-premium-wordpress\/ -->\n<title>TOOB Blumen Figuren - Safari Ltd<\/title>\n<meta name=\"description\" content=\"Das Safari TOOB Set von Safari mit realistischen Miniatur Figuren der am h\u00e4ufigsten vorkommenden Blumen Arten ist ein wertvolles Montessori Lernspielzeug.\" \/>\n<meta name=\"robots\" content=\"index, follow, max-snippet:-1, max-image-preview:large, max-video-preview:-1\" \/>\n<link rel=\"canonical\" href=\"https:\/\/teiaeducation.ch\/de\/produkt\/toob-blumen-figuren-safari-ltd\/\" \/>\n<meta property=\"og:locale\" content=\"de_DE\" \/>\n<meta property=\"og:type\" content=\"article\" \/>\n<meta property=\"og:title\" content=\"TOOB Blumen Figuren - Safari Ltd\" \/>\n<meta property=\"og:description\" content=\"Das Safari TOOB Set von Safari mit realistischen Miniatur Figuren der am h\u00e4ufigsten vorkommenden Blumen Arten ist ein wertvolles Montessori Lernspielzeug.\" \/>\n<meta property=\"og:url\" content=\"https:\/\/teiaeducation.ch\/de\/produkt\/toob-blumen-figuren-safari-ltd\/\" \/>\n<meta property=\"og:site_name\" content=\"Sustainable Educational Products &amp; Ecological Toys\u00a0\" \/>\n<meta property=\"article:publisher\" content=\"https:\/\/www.facebook.com\/teiaeducation\/\" \/>\n<meta property=\"article:modified_time\" content=\"2024-10-03T07:08:47+00:00\" \/>\n<meta property=\"og:image\" content=\"https:\/\/teiaeducation.ch\/wp-content\/uploads\/2021\/03\/Flowers-TOOB-Realistic-miniature-flowers-figurines-Montessori-learning-toy-Safari-Ltd.jpg\" \/>\n\t<meta property=\"og:image:width\" content=\"1000\" \/>\n\t<meta property=\"og:image:height\" content=\"1000\" \/>\n\t<meta property=\"og:image:type\" content=\"image\/jpeg\" \/>\n<script type=\"application\/ld+json\" class=\"yoast-schema-graph\">{\"@context\":\"https:\\\/\\\/schema.org\",\"@graph\":[{\"@type\":\"WebPage\",\"@id\":\"https:\\\/\\\/teiaeducation.ch\\\/de\\\/produkt\\\/toob-blumen-figuren-safari-ltd\\\/\",\"url\":\"https:\\\/\\\/teiaeducation.ch\\\/de\\\/produkt\\\/toob-blumen-figuren-safari-ltd\\\/\",\"name\":\"TOOB Blumen Figuren - Safari Ltd\",\"isPartOf\":{\"@id\":\"https:\\\/\\\/teiaeducation.ch\\\/de\\\/#website\"},\"primaryImageOfPage\":{\"@id\":\"https:\\\/\\\/teiaeducation.ch\\\/de\\\/produkt\\\/toob-blumen-figuren-safari-ltd\\\/#primaryimage\"},\"image\":{\"@id\":\"https:\\\/\\\/teiaeducation.ch\\\/de\\\/produkt\\\/toob-blumen-figuren-safari-ltd\\\/#primaryimage\"},\"thumbnailUrl\":\"https:\\\/\\\/teiaeducation.ch\\\/wp-content\\\/uploads\\\/2021\\\/03\\\/Flowers-TOOB-Realistic-miniature-flowers-figurines-Montessori-learning-toy-Safari-Ltd.jpg\",\"datePublished\":\"2021-03-09T08:24:33+00:00\",\"dateModified\":\"2024-10-03T07:08:47+00:00\",\"description\":\"Das Safari TOOB Set von Safari mit realistischen Miniatur Figuren der am h\u00e4ufigsten vorkommenden Blumen Arten ist ein wertvolles Montessori Lernspielzeug.\",\"breadcrumb\":{\"@id\":\"https:\\\/\\\/teiaeducation.ch\\\/de\\\/produkt\\\/toob-blumen-figuren-safari-ltd\\\/#breadcrumb\"},\"inLanguage\":\"de-CH\",\"potentialAction\":[{\"@type\":\"ReadAction\",\"target\":[\"https:\\\/\\\/teiaeducation.ch\\\/de\\\/produkt\\\/toob-blumen-figuren-safari-ltd\\\/\"]}]},{\"@type\":\"ImageObject\",\"inLanguage\":\"de-CH\",\"@id\":\"https:\\\/\\\/teiaeducation.ch\\\/de\\\/produkt\\\/toob-blumen-figuren-safari-ltd\\\/#primaryimage\",\"url\":\"https:\\\/\\\/teiaeducation.ch\\\/wp-content\\\/uploads\\\/2021\\\/03\\\/Flowers-TOOB-Realistic-miniature-flowers-figurines-Montessori-learning-toy-Safari-Ltd.jpg\",\"contentUrl\":\"https:\\\/\\\/teiaeducation.ch\\\/wp-content\\\/uploads\\\/2021\\\/03\\\/Flowers-TOOB-Realistic-miniature-flowers-figurines-Montessori-learning-toy-Safari-Ltd.jpg\",\"width\":1000,\"height\":1000,\"caption\":\"TOOB Blumen: Realistische Miniatur-Blumenfiguren Montessori-Lernspielzeug - Safari Ltd\"},{\"@type\":\"BreadcrumbList\",\"@id\":\"https:\\\/\\\/teiaeducation.ch\\\/de\\\/produkt\\\/toob-blumen-figuren-safari-ltd\\\/#breadcrumb\",\"itemListElement\":[{\"@type\":\"ListItem\",\"position\":1,\"name\":\"Home\",\"item\":\"https:\\\/\\\/teiaeducation.ch\\\/de\\\/\"},{\"@type\":\"ListItem\",\"position\":2,\"name\":\"Laden\",\"item\":\"https:\\\/\\\/teiaeducation.ch\\\/de\\\/shop\\\/\"},{\"@type\":\"ListItem\",\"position\":3,\"name\":\"Unsere Marken\",\"item\":\"https:\\\/\\\/teiaeducation.ch\\\/de\\\/produkt-kategorie\\\/unsere-marken\\\/\"},{\"@type\":\"ListItem\",\"position\":4,\"name\":\"Safari Ltd\",\"item\":\"https:\\\/\\\/teiaeducation.ch\\\/de\\\/produkt-kategorie\\\/unsere-marken\\\/safari-ltd\\\/\"},{\"@type\":\"ListItem\",\"position\":5,\"name\":\"TOOB Blumen Figuren &#8211; Safari Ltd\"}]},{\"@type\":\"WebSite\",\"@id\":\"https:\\\/\\\/teiaeducation.ch\\\/de\\\/#website\",\"url\":\"https:\\\/\\\/teiaeducation.ch\\\/de\\\/\",\"name\":\"Sustainable Educational Products &amp; Ecological Toys\u00a0\",\"description\":\"Specialised Swiss shop selling sustainable educational toys and games, AMI certified Montessori materials, handmade ecological wooden Waldorf toys and arts &amp; crafts supplies, school supplies, children&#039;s furniture and Montessori reference and parenting books.\",\"publisher\":{\"@id\":\"https:\\\/\\\/teiaeducation.ch\\\/de\\\/#organization\"},\"alternateName\":\"Teia Education & Play\",\"potentialAction\":[{\"@type\":\"SearchAction\",\"target\":{\"@type\":\"EntryPoint\",\"urlTemplate\":\"https:\\\/\\\/teiaeducation.ch\\\/de\\\/?s={search_term_string}\"},\"query-input\":{\"@type\":\"PropertyValueSpecification\",\"valueRequired\":true,\"valueName\":\"search_term_string\"}}],\"inLanguage\":\"de-CH\"},{\"@type\":\"Organization\",\"@id\":\"https:\\\/\\\/teiaeducation.ch\\\/de\\\/#organization\",\"name\":\"Teia Education & Play\",\"url\":\"https:\\\/\\\/teiaeducation.ch\\\/de\\\/\",\"logo\":{\"@type\":\"ImageObject\",\"inLanguage\":\"de-CH\",\"@id\":\"https:\\\/\\\/teiaeducation.ch\\\/de\\\/#\\\/schema\\\/logo\\\/image\\\/\",\"url\":\"https:\\\/\\\/teiaeducation.ch\\\/wp-content\\\/uploads\\\/2020\\\/11\\\/Teia-Education-Switzerland-e1620156442216.jpg\",\"contentUrl\":\"https:\\\/\\\/teiaeducation.ch\\\/wp-content\\\/uploads\\\/2020\\\/11\\\/Teia-Education-Switzerland-e1620156442216.jpg\",\"width\":166,\"height\":145,\"caption\":\"Teia Education & Play\"},\"image\":{\"@id\":\"https:\\\/\\\/teiaeducation.ch\\\/de\\\/#\\\/schema\\\/logo\\\/image\\\/\"},\"sameAs\":[\"https:\\\/\\\/www.facebook.com\\\/teiaeducation\\\/\",\"https:\\\/\\\/x.com\\\/EducationTeia\",\"https:\\\/\\\/www.instagram.com\\\/teia.education\\\/\",\"https:\\\/\\\/www.linkedin.com\\\/company\\\/35501660\",\"https:\\\/\\\/www.pinterest.ch\\\/TeiaEducation\\\/\"]}]}<\/script>\n<meta property=\"product:price:amount\" content=\"18.90\" \/>\n<meta property=\"product:price:currency\" content=\"CHF\" \/>\n<meta property=\"og:availability\" content=\"instock\" \/>\n<meta property=\"product:availability\" content=\"instock\" \/>\n<meta property=\"product:retailer_item_id\" content=\"00000000000000000000000000000000000000000000034046\" \/>\n<meta property=\"product:condition\" content=\"new\" \/>\n<!-- \/ Yoast SEO Premium plugin. -->","yoast_head_json":{"title":"TOOB Blumen Figuren - Safari Ltd","description":"Das Safari TOOB Set von Safari mit realistischen Miniatur Figuren der am h\u00e4ufigsten vorkommenden Blumen Arten ist ein wertvolles Montessori Lernspielzeug.","robots":{"index":"index","follow":"follow","max-snippet":"max-snippet:-1","max-image-preview":"max-image-preview:large","max-video-preview":"max-video-preview:-1"},"canonical":"https:\/\/teiaeducation.ch\/de\/produkt\/toob-blumen-figuren-safari-ltd\/","og_locale":"de_DE","og_type":"article","og_title":"TOOB Blumen Figuren - Safari Ltd","og_description":"Das Safari TOOB Set von Safari mit realistischen Miniatur Figuren der am h\u00e4ufigsten vorkommenden Blumen Arten ist ein wertvolles Montessori Lernspielzeug.","og_url":"https:\/\/teiaeducation.ch\/de\/produkt\/toob-blumen-figuren-safari-ltd\/","og_site_name":"Sustainable Educational Products &amp; Ecological Toys\u00a0","article_publisher":"https:\/\/www.facebook.com\/teiaeducation\/","article_modified_time":"2024-10-03T07:08:47+00:00","og_image":[{"width":1000,"height":1000,"url":"https:\/\/teiaeducation.ch\/wp-content\/uploads\/2021\/03\/Flowers-TOOB-Realistic-miniature-flowers-figurines-Montessori-learning-toy-Safari-Ltd.jpg","type":"image\/jpeg"}],"schema":{"@context":"https:\/\/schema.org","@graph":[{"@type":"WebPage","@id":"https:\/\/teiaeducation.ch\/de\/produkt\/toob-blumen-figuren-safari-ltd\/","url":"https:\/\/teiaeducation.ch\/de\/produkt\/toob-blumen-figuren-safari-ltd\/","name":"TOOB Blumen Figuren - Safari Ltd","isPartOf":{"@id":"https:\/\/teiaeducation.ch\/de\/#website"},"primaryImageOfPage":{"@id":"https:\/\/teiaeducation.ch\/de\/produkt\/toob-blumen-figuren-safari-ltd\/#primaryimage"},"image":{"@id":"https:\/\/teiaeducation.ch\/de\/produkt\/toob-blumen-figuren-safari-ltd\/#primaryimage"},"thumbnailUrl":"https:\/\/teiaeducation.ch\/wp-content\/uploads\/2021\/03\/Flowers-TOOB-Realistic-miniature-flowers-figurines-Montessori-learning-toy-Safari-Ltd.jpg","datePublished":"2021-03-09T08:24:33+00:00","dateModified":"2024-10-03T07:08:47+00:00","description":"Das Safari TOOB Set von Safari mit realistischen Miniatur Figuren der am h\u00e4ufigsten vorkommenden Blumen Arten ist ein wertvolles Montessori Lernspielzeug.","breadcrumb":{"@id":"https:\/\/teiaeducation.ch\/de\/produkt\/toob-blumen-figuren-safari-ltd\/#breadcrumb"},"inLanguage":"de-CH","potentialAction":[{"@type":"ReadAction","target":["https:\/\/teiaeducation.ch\/de\/produkt\/toob-blumen-figuren-safari-ltd\/"]}]},{"@type":"ImageObject","inLanguage":"de-CH","@id":"https:\/\/teiaeducation.ch\/de\/produkt\/toob-blumen-figuren-safari-ltd\/#primaryimage","url":"https:\/\/teiaeducation.ch\/wp-content\/uploads\/2021\/03\/Flowers-TOOB-Realistic-miniature-flowers-figurines-Montessori-learning-toy-Safari-Ltd.jpg","contentUrl":"https:\/\/teiaeducation.ch\/wp-content\/uploads\/2021\/03\/Flowers-TOOB-Realistic-miniature-flowers-figurines-Montessori-learning-toy-Safari-Ltd.jpg","width":1000,"height":1000,"caption":"TOOB Blumen: Realistische Miniatur-Blumenfiguren Montessori-Lernspielzeug - Safari Ltd"},{"@type":"BreadcrumbList","@id":"https:\/\/teiaeducation.ch\/de\/produkt\/toob-blumen-figuren-safari-ltd\/#breadcrumb","itemListElement":[{"@type":"ListItem","position":1,"name":"Home","item":"https:\/\/teiaeducation.ch\/de\/"},{"@type":"ListItem","position":2,"name":"Laden","item":"https:\/\/teiaeducation.ch\/de\/shop\/"},{"@type":"ListItem","position":3,"name":"Unsere Marken","item":"https:\/\/teiaeducation.ch\/de\/produkt-kategorie\/unsere-marken\/"},{"@type":"ListItem","position":4,"name":"Safari Ltd","item":"https:\/\/teiaeducation.ch\/de\/produkt-kategorie\/unsere-marken\/safari-ltd\/"},{"@type":"ListItem","position":5,"name":"TOOB Blumen Figuren &#8211; Safari Ltd"}]},{"@type":"WebSite","@id":"https:\/\/teiaeducation.ch\/de\/#website","url":"https:\/\/teiaeducation.ch\/de\/","name":"Sustainable Educational Products &amp; Ecological Toys\u00a0","description":"Specialised Swiss shop selling sustainable educational toys and games, AMI certified Montessori materials, handmade ecological wooden Waldorf toys and arts &amp; crafts supplies, school supplies, children&#039;s furniture and Montessori reference and parenting books.","publisher":{"@id":"https:\/\/teiaeducation.ch\/de\/#organization"},"alternateName":"Teia Education & Play","potentialAction":[{"@type":"SearchAction","target":{"@type":"EntryPoint","urlTemplate":"https:\/\/teiaeducation.ch\/de\/?s={search_term_string}"},"query-input":{"@type":"PropertyValueSpecification","valueRequired":true,"valueName":"search_term_string"}}],"inLanguage":"de-CH"},{"@type":"Organization","@id":"https:\/\/teiaeducation.ch\/de\/#organization","name":"Teia Education & Play","url":"https:\/\/teiaeducation.ch\/de\/","logo":{"@type":"ImageObject","inLanguage":"de-CH","@id":"https:\/\/teiaeducation.ch\/de\/#\/schema\/logo\/image\/","url":"https:\/\/teiaeducation.ch\/wp-content\/uploads\/2020\/11\/Teia-Education-Switzerland-e1620156442216.jpg","contentUrl":"https:\/\/teiaeducation.ch\/wp-content\/uploads\/2020\/11\/Teia-Education-Switzerland-e1620156442216.jpg","width":166,"height":145,"caption":"Teia Education & Play"},"image":{"@id":"https:\/\/teiaeducation.ch\/de\/#\/schema\/logo\/image\/"},"sameAs":["https:\/\/www.facebook.com\/teiaeducation\/","https:\/\/x.com\/EducationTeia","https:\/\/www.instagram.com\/teia.education\/","https:\/\/www.linkedin.com\/company\/35501660","https:\/\/www.pinterest.ch\/TeiaEducation\/"]}]},"product_price_amount":"18.90","product_price_currency":"CHF","og_availability":"instock","product_availability":"instock","product_retailer_item_id":"00000000000000000000000000000000000000000000034046","product_condition":"new"},"_links":{"self":[{"href":"https:\/\/teiaeducation.ch\/de\/wp-json\/wp\/v2\/product\/61422","targetHints":{"allow":["GET"]}}],"collection":[{"href":"https:\/\/teiaeducation.ch\/de\/wp-json\/wp\/v2\/product"}],"about":[{"href":"https:\/\/teiaeducation.ch\/de\/wp-json\/wp\/v2\/types\/product"}],"replies":[{"embeddable":true,"href":"https:\/\/teiaeducation.ch\/de\/wp-json\/wp\/v2\/comments?post=61422"}],"wp:featuredmedia":[{"embeddable":true,"href":"https:\/\/teiaeducation.ch\/de\/wp-json\/wp\/v2\/media\/61423"}],"wp:attachment":[{"href":"https:\/\/teiaeducation.ch\/de\/wp-json\/wp\/v2\/media?parent=61422"}],"wp:term":[{"taxonomy":"product_brand","embeddable":true,"href":"https:\/\/teiaeducation.ch\/de\/wp-json\/wp\/v2\/product_brand?post=61422"},{"taxonomy":"product_cat","embeddable":true,"href":"https:\/\/teiaeducation.ch\/de\/wp-json\/wp\/v2\/product_cat?post=61422"},{"taxonomy":"product_tag","embeddable":true,"href":"https:\/\/teiaeducation.ch\/de\/wp-json\/wp\/v2\/product_tag?post=61422"}],"curies":[{"name":"wp","href":"https:\/\/api.w.org\/{rel}","templated":true}]}}