{"id":61432,"date":"2021-03-08T09:56:32","date_gmt":"2021-03-08T08:56:32","guid":{"rendered":"https:\/\/teiaeducation.ch\/product\/toob-voegel-im-garten-figuren-safari-ltd\/"},"modified":"2025-12-12T09:04:17","modified_gmt":"2025-12-12T08:04:17","slug":"toob-voegel-im-garten-figuren-safari-ltd","status":"publish","type":"product","link":"https:\/\/teiaeducation.ch\/de\/produkt\/toob-voegel-im-garten-figuren-safari-ltd\/","title":{"rendered":"TOOB V\u00f6gel im Garten Figuren &#8211; Safari Ltd"},"content":{"rendered":"<p>Das Set TOOB V\u00f6gel im Garten von Safari mit realistischen Miniatur-Vogelfiguren der am h\u00e4ufigsten gesichteten und leicht zu identifizierenden Vogelarten ist ein wertvolles Montessori-<a href=\"https:\/\/teiaeducation.ch\/de\/produkt-kategorie\/lernthemen\/\">Lernspielzeug<\/a> f\u00fcr jedes Zuhause oder <a href=\"https:\/\/teiaeducation.ch\/school-supplies-switzerland\/\">Klassenzimmer<\/a>! Das Set enth\u00e4lt einige der h\u00e4ufigsten und zugleich bekanntesten V\u00f6gel Nordamerikas wie Specht, Rotkehlchen, Indigoammer, Pirol, Grasm\u00fccke, Kardinal und Blauh\u00e4her. Die 7 detailgetreuen und naturgetreuen Vogelmodelle helfen den Kindern, die Unterschiede zwischen den Arten zu erkennen, zu sch\u00e4tzen und wahrzunehmen. Dieses hochwertige und langlebige TOOB-Set ist ein gro\u00dfartiges Lehrmittel und ein von <a href=\"https:\/\/teiaeducation.ch\/de\/produkt-kategorie\/kinder-spielzeug\/montessori-spielzeug\/\">Montessori inspiriertes<\/a> Die Lernfiguren zum Anfassen eignen sich hervorragend zur Unterst\u00fctzung des Unterrichts in den F\u00e4chern Tierbiologie und <a href=\"https:\/\/teiaeducation.ch\/de\/produkt-kategorie\/lernthemen\/kultur-wissenschaft\/tiergeographie-zoologie\/\">Zoologie<\/a>, Vogelklassifizierung und Lebensr\u00e4ume sowie als wunderbare <a href=\"https:\/\/teiaeducation.ch\/de\/produkt-kategorie\/lernthemen\/alphabetisierung-sprache\/\">Sprach<\/a>objekte zur Bereicherung des <a href=\"https:\/\/teiaeducation.ch\/de\/produkt-kategorie\/lernthemen\/alphabetisierung-sprache\/wortschatz\/\">Wortschatzes<\/a> und zum <a href=\"https:\/\/teiaeducation.ch\/de\/produkt-kategorie\/lernthemen\/alphabetisierung-sprache\/geschichtenerzaehlen\/\">Erz\u00e4hlen von Geschichten<\/a>. Sie sind auch eine wunderbare Erg\u00e4nzung f\u00fcr das freie Spiel in der kleinen Welt und die Naturausstellung. Jede realistische Vogelfigur von den Hinterhofv\u00f6geln TOOB ist individuell handbemalt. Sie sind ungiftig, BPA-frei und f\u00fcr Kinder ab 3 Jahren geeignet. Der TOOB, der die Figuren h\u00e4lt, hat eine L\u00e4nge von 32,5 cm. Die Safari TOOB-Figuren sind f\u00fcr Kinder ab 3 Jahren geeignet. Inhalt: 7 Miniatur-Vogelfiguren<\/p>\n<h2>\u00dcber Safari Ltd<\/h2>\n<p>Die Amerikanische Familienmarke <a href=\"https:\/\/teiaeducation.ch\/de\/produkt-kategorie\/unsere-marken\/safari-ltd\/\">Safari Ltd\u00ae<\/a> stellt seit \u00fcber 30 Jahren wunderbar realistische <a href=\"https:\/\/teiaeducation.ch\/de\/produkt-kategorie\/kinder-spielzeug\/tiere-bauernhoefe\/\">Tier<\/a>figuren und Lernhilfen her. Die sorgf\u00e4ltig gefertigten, hochwertigen und langlebigen Spielzeuge vermitteln Kindern die Bedeutung der <a href=\"https:\/\/teiaeducation.ch\/de\/produkt-kategorie\/kinder-spielzeug\/naturspiel\/\">Natur<\/a> und des Naturschutzes durch die Freude am <a href=\"https:\/\/teiaeducation.ch\/de\/produkt-kategorie\/kinder-spielzeug\/phantasievoll-rollenspiel\/\">fantasievollen Spiel<\/a> und k\u00f6nnen auf vielf\u00e4ltige Weise verwendet werden. Alle Produkte von Safari Ltd. sind ungiftig, <a href=\"https:\/\/en.wikipedia.org\/wiki\/Bisphenol_A\">BPA-frei<\/a>, bleifrei und phthalatfrei und werden strengen Sicherheitstests unterzogen, die alle weltweiten Vorschriften und Teststandards erf\u00fcllen und \u00fcbertreffen. Es werden umweltfreundliche Verpackungen verwendet, darunter recyceltes und wiederverwertbares Papier ohne UV-Lackierung, und in der gesamten Produktion werden umweltfreundliche Gesch\u00e4ftspraktiken angewandt.<\/p>\n","protected":false},"excerpt":{"rendered":"<p>Artikelnummer: S678304 Safari&#8217;s backyard birds TOOB-Set mit realistischen Miniatur-Vogelfiguren ist ein wertvolles Montessori-Lernspielzeug f\u00fcr jedes Zuhause oder Klassenzimmer!<\/p>\n","protected":false},"featured_media":61433,"comment_status":"open","ping_status":"closed","template":"","meta":[],"product_brand":[],"product_cat":[21445,21446,21524,23651,21479,21690,21670,21491,21484,22422,21535,21464,21510,21509,21481,22182,21443,21689,21563,21665,22362,21494,21495,21496,23636,21678,21680,21511,21482,21564,22363,21536],"product_tag":[29292,27381,29399,29401,29400,29305,29363,21742,29295,29353,29364,29406,29350,29296,29351,29291,29352,29294,29293,29358],"class_list":{"0":"post-61432","1":"product","2":"type-product","3":"status-publish","4":"has-post-thumbnail","6":"product_cat-3-6-jahre-vorschule","7":"product_cat-6-12-jahre-grundschule","8":"product_cat-alphabetisierung-sprache","9":"product_cat-back-to-school-de","10":"product_cat-lernmaterialien-spielzeug-montessori-waldorf-steiner-froebel","11":"product_cat-spiele-mit-offenem-ende","12":"product_cat-fruehjahrskollektion","13":"product_cat-geschenk-guide-lerngeschenke","14":"product_cat-geschenk-guides","15":"product_cat-geschenke-fuer-das-osterkoerbchen","16":"product_cat-geschichtenerzaehlen","17":"product_cat-herbstkollektion","18":"product_cat-kultur-wissenschaft","19":"product_cat-lernthemen","20":"product_cat-montessori-paedagogik-material-spielzeug","21":"product_cat-montessori-spielzeug","22":"product_cat-nach-alter","23":"product_cat-naturspiel","24":"product_cat-neuheiten","25":"product_cat-safari-ltd","26":"product_cat-saisonale-kollektionen","27":"product_cat-schulbedarf-fuer-zuhause","28":"product_cat-schulbedarf-fuer-zuhause-3-6-jahre","29":"product_cat-schulbedarf-fuer-zuhause-6-12-jahre","30":"product_cat-sommer-kollektion","31":"product_cat-kinder-spielzeug","32":"product_cat-tiere-bauernhoefe","33":"product_cat-tiergeographie-zoologie","34":"product_cat-traditionelle-bildung","35":"product_cat-unsere-marken","36":"product_cat-winter-kollektion","37":"product_cat-wortschatz","38":"product_tag-bpa-freies-spielzeug","39":"product_tag-lernspielzeug-de","40":"product_tag-montessori-realistische-blumenfiguren","41":"product_tag-montessori-realistische-flora-fauna-figuren","42":"product_tag-montessori-realistische-pflanzenfiguren","43":"product_tag-montessori-realistische-tierfiguren","44":"product_tag-montessori-figuren-fur-die-sprache","45":"product_tag-montessori-spielzeug","46":"product_tag-montessori-spielzeug-fur-die-zoologie","47":"product_tag-nordamerikanisches-vogelspielzeug","48":"product_tag-objekte-der-montessori-sprache","49":"product_tag-realistische-vogelfiguren-safari","50":"product_tag-realistische-vogelmodelle","51":"product_tag-safari-toob-de","52":"product_tag-safari-vogel-im-hinterhof-toob","53":"product_tag-safari-spielzeuge","54":"product_tag-safari-vogel","55":"product_tag-ungiftige-tierfiguren","56":"product_tag-ungiftiges-spielzeug","57":"product_tag-vogel-spielset","59":"first","60":"instock","61":"taxable","62":"shipping-taxable","63":"purchasable","64":"product-type-simple"},"yoast_head":"<!-- This site is optimized with the Yoast SEO plugin v27.1.1 - https:\/\/yoast.com\/product\/yoast-seo-wordpress\/ -->\n<title>TOOB V\u00f6gel im Garten Figuren - Safari Ltd<\/title>\n<meta name=\"description\" content=\"Das TOOB V\u00f6gel im Garten Set von Safari mit realistischen Miniatur-Vogelfiguren ist ein wertvolles Montessori-Lernspielzeug f\u00fcr jedes Zuhause oder Klassenzimmer!\" \/>\n<meta name=\"robots\" content=\"index, follow, max-snippet:-1, max-image-preview:large, max-video-preview:-1\" \/>\n<link rel=\"canonical\" href=\"https:\/\/teiaeducation.ch\/de\/produkt\/toob-voegel-im-garten-figuren-safari-ltd\/\" \/>\n<meta property=\"og:locale\" content=\"de_DE\" \/>\n<meta property=\"og:type\" content=\"article\" \/>\n<meta property=\"og:title\" content=\"TOOB V\u00f6gel im Garten Figuren - Safari Ltd\" \/>\n<meta property=\"og:description\" content=\"Das TOOB V\u00f6gel im Garten Set von Safari mit realistischen Miniatur-Vogelfiguren ist ein wertvolles Montessori-Lernspielzeug f\u00fcr jedes Zuhause oder Klassenzimmer!\" \/>\n<meta property=\"og:url\" content=\"https:\/\/teiaeducation.ch\/de\/produkt\/toob-voegel-im-garten-figuren-safari-ltd\/\" \/>\n<meta property=\"og:site_name\" content=\"Sustainable Educational Products &amp; Ecological Toys\u00a0\" \/>\n<meta property=\"article:publisher\" content=\"https:\/\/www.facebook.com\/teiaeducation\/\" \/>\n<meta property=\"article:modified_time\" content=\"2025-12-12T08:04:17+00:00\" \/>\n<meta property=\"og:image\" content=\"https:\/\/teiaeducation.ch\/wp-content\/uploads\/2021\/03\/Backyard-birds-TOOB-Realistic-miniature-bird-figurines-Montessori-learning-toy-Safari-Ltd.jpg\" \/>\n\t<meta property=\"og:image:width\" content=\"1000\" \/>\n\t<meta property=\"og:image:height\" content=\"1000\" \/>\n\t<meta property=\"og:image:type\" content=\"image\/jpeg\" \/>\n<script type=\"application\/ld+json\" class=\"yoast-schema-graph\">{\"@context\":\"https:\/\/schema.org\",\"@graph\":[{\"@type\":\"WebPage\",\"@id\":\"https:\/\/teiaeducation.ch\/de\/produkt\/toob-voegel-im-garten-figuren-safari-ltd\/\",\"url\":\"https:\/\/teiaeducation.ch\/de\/produkt\/toob-voegel-im-garten-figuren-safari-ltd\/\",\"name\":\"TOOB V\u00f6gel im Garten Figuren - Safari Ltd\",\"isPartOf\":{\"@id\":\"https:\/\/teiaeducation.ch\/de\/#website\"},\"primaryImageOfPage\":{\"@id\":\"https:\/\/teiaeducation.ch\/de\/produkt\/toob-voegel-im-garten-figuren-safari-ltd\/#primaryimage\"},\"image\":{\"@id\":\"https:\/\/teiaeducation.ch\/de\/produkt\/toob-voegel-im-garten-figuren-safari-ltd\/#primaryimage\"},\"thumbnailUrl\":\"https:\/\/teiaeducation.ch\/wp-content\/uploads\/2021\/03\/Backyard-birds-TOOB-Realistic-miniature-bird-figurines-Montessori-learning-toy-Safari-Ltd.jpg\",\"datePublished\":\"2021-03-08T08:56:32+00:00\",\"dateModified\":\"2025-12-12T08:04:17+00:00\",\"description\":\"Das TOOB V\u00f6gel im Garten Set von Safari mit realistischen Miniatur-Vogelfiguren ist ein wertvolles Montessori-Lernspielzeug f\u00fcr jedes Zuhause oder Klassenzimmer!\",\"breadcrumb\":{\"@id\":\"https:\/\/teiaeducation.ch\/de\/produkt\/toob-voegel-im-garten-figuren-safari-ltd\/#breadcrumb\"},\"inLanguage\":\"de-CH\",\"potentialAction\":[{\"@type\":\"ReadAction\",\"target\":[\"https:\/\/teiaeducation.ch\/de\/produkt\/toob-voegel-im-garten-figuren-safari-ltd\/\"]}]},{\"@type\":\"ImageObject\",\"inLanguage\":\"de-CH\",\"@id\":\"https:\/\/teiaeducation.ch\/de\/produkt\/toob-voegel-im-garten-figuren-safari-ltd\/#primaryimage\",\"url\":\"https:\/\/teiaeducation.ch\/wp-content\/uploads\/2021\/03\/Backyard-birds-TOOB-Realistic-miniature-bird-figurines-Montessori-learning-toy-Safari-Ltd.jpg\",\"contentUrl\":\"https:\/\/teiaeducation.ch\/wp-content\/uploads\/2021\/03\/Backyard-birds-TOOB-Realistic-miniature-bird-figurines-Montessori-learning-toy-Safari-Ltd.jpg\",\"width\":1000,\"height\":1000,\"caption\":\"Realistische Miniatur-Vogelfiguren Montessori-Lernspielzeug - Safari Ltd\"},{\"@type\":\"BreadcrumbList\",\"@id\":\"https:\/\/teiaeducation.ch\/de\/produkt\/toob-voegel-im-garten-figuren-safari-ltd\/#breadcrumb\",\"itemListElement\":[{\"@type\":\"ListItem\",\"position\":1,\"name\":\"Home\",\"item\":\"https:\/\/teiaeducation.ch\/de\/\"},{\"@type\":\"ListItem\",\"position\":2,\"name\":\"Laden\",\"item\":\"https:\/\/teiaeducation.ch\/de\/shop\/\"},{\"@type\":\"ListItem\",\"position\":3,\"name\":\"Unsere Marken\",\"item\":\"https:\/\/teiaeducation.ch\/de\/produkt-kategorie\/unsere-marken\/\"},{\"@type\":\"ListItem\",\"position\":4,\"name\":\"Safari Ltd\",\"item\":\"https:\/\/teiaeducation.ch\/de\/produkt-kategorie\/unsere-marken\/safari-ltd\/\"},{\"@type\":\"ListItem\",\"position\":5,\"name\":\"TOOB V\u00f6gel im Garten Figuren &#8211; Safari Ltd\"}]},{\"@type\":\"WebSite\",\"@id\":\"https:\/\/teiaeducation.ch\/de\/#website\",\"url\":\"https:\/\/teiaeducation.ch\/de\/\",\"name\":\"Sustainable Educational Products &amp; Ecological Toys\u00a0\",\"description\":\"Specialised Swiss shop selling sustainable educational toys and games, AMI certified Montessori materials, handmade ecological wooden Waldorf toys and arts &amp; crafts supplies, school supplies, children&#039;s furniture and Montessori reference and parenting books.\",\"publisher\":{\"@id\":\"https:\/\/teiaeducation.ch\/de\/#organization\"},\"alternateName\":\"Teia Education & Play\",\"potentialAction\":[{\"@type\":\"SearchAction\",\"target\":{\"@type\":\"EntryPoint\",\"urlTemplate\":\"https:\/\/teiaeducation.ch\/de\/?s={search_term_string}\"},\"query-input\":{\"@type\":\"PropertyValueSpecification\",\"valueRequired\":true,\"valueName\":\"search_term_string\"}}],\"inLanguage\":\"de-CH\"},{\"@type\":\"Organization\",\"@id\":\"https:\/\/teiaeducation.ch\/de\/#organization\",\"name\":\"Teia Education & Play\",\"url\":\"https:\/\/teiaeducation.ch\/de\/\",\"logo\":{\"@type\":\"ImageObject\",\"inLanguage\":\"de-CH\",\"@id\":\"https:\/\/teiaeducation.ch\/de\/#\/schema\/logo\/image\/\",\"url\":\"https:\/\/teiaeducation.ch\/wp-content\/uploads\/2020\/11\/Teia-Education-Switzerland-e1620156442216.jpg\",\"contentUrl\":\"https:\/\/teiaeducation.ch\/wp-content\/uploads\/2020\/11\/Teia-Education-Switzerland-e1620156442216.jpg\",\"width\":166,\"height\":145,\"caption\":\"Teia Education & Play\"},\"image\":{\"@id\":\"https:\/\/teiaeducation.ch\/de\/#\/schema\/logo\/image\/\"},\"sameAs\":[\"https:\/\/www.facebook.com\/teiaeducation\/\",\"https:\/\/x.com\/EducationTeia\",\"https:\/\/www.instagram.com\/teia.education\/\",\"https:\/\/www.linkedin.com\/company\/35501660\",\"https:\/\/www.pinterest.ch\/TeiaEducation\/\"]}]}<\/script>\n<!-- \/ Yoast SEO plugin. -->","yoast_head_json":{"title":"TOOB V\u00f6gel im Garten Figuren - Safari Ltd","description":"Das TOOB V\u00f6gel im Garten Set von Safari mit realistischen Miniatur-Vogelfiguren ist ein wertvolles Montessori-Lernspielzeug f\u00fcr jedes Zuhause oder Klassenzimmer!","robots":{"index":"index","follow":"follow","max-snippet":"max-snippet:-1","max-image-preview":"max-image-preview:large","max-video-preview":"max-video-preview:-1"},"canonical":"https:\/\/teiaeducation.ch\/de\/produkt\/toob-voegel-im-garten-figuren-safari-ltd\/","og_locale":"de_DE","og_type":"article","og_title":"TOOB V\u00f6gel im Garten Figuren - Safari Ltd","og_description":"Das TOOB V\u00f6gel im Garten Set von Safari mit realistischen Miniatur-Vogelfiguren ist ein wertvolles Montessori-Lernspielzeug f\u00fcr jedes Zuhause oder Klassenzimmer!","og_url":"https:\/\/teiaeducation.ch\/de\/produkt\/toob-voegel-im-garten-figuren-safari-ltd\/","og_site_name":"Sustainable Educational Products &amp; Ecological Toys\u00a0","article_publisher":"https:\/\/www.facebook.com\/teiaeducation\/","article_modified_time":"2025-12-12T08:04:17+00:00","og_image":[{"width":1000,"height":1000,"url":"https:\/\/teiaeducation.ch\/wp-content\/uploads\/2021\/03\/Backyard-birds-TOOB-Realistic-miniature-bird-figurines-Montessori-learning-toy-Safari-Ltd.jpg","type":"image\/jpeg"}],"schema":{"@context":"https:\/\/schema.org","@graph":[{"@type":"WebPage","@id":"https:\/\/teiaeducation.ch\/de\/produkt\/toob-voegel-im-garten-figuren-safari-ltd\/","url":"https:\/\/teiaeducation.ch\/de\/produkt\/toob-voegel-im-garten-figuren-safari-ltd\/","name":"TOOB V\u00f6gel im Garten Figuren - Safari Ltd","isPartOf":{"@id":"https:\/\/teiaeducation.ch\/de\/#website"},"primaryImageOfPage":{"@id":"https:\/\/teiaeducation.ch\/de\/produkt\/toob-voegel-im-garten-figuren-safari-ltd\/#primaryimage"},"image":{"@id":"https:\/\/teiaeducation.ch\/de\/produkt\/toob-voegel-im-garten-figuren-safari-ltd\/#primaryimage"},"thumbnailUrl":"https:\/\/teiaeducation.ch\/wp-content\/uploads\/2021\/03\/Backyard-birds-TOOB-Realistic-miniature-bird-figurines-Montessori-learning-toy-Safari-Ltd.jpg","datePublished":"2021-03-08T08:56:32+00:00","dateModified":"2025-12-12T08:04:17+00:00","description":"Das TOOB V\u00f6gel im Garten Set von Safari mit realistischen Miniatur-Vogelfiguren ist ein wertvolles Montessori-Lernspielzeug f\u00fcr jedes Zuhause oder Klassenzimmer!","breadcrumb":{"@id":"https:\/\/teiaeducation.ch\/de\/produkt\/toob-voegel-im-garten-figuren-safari-ltd\/#breadcrumb"},"inLanguage":"de-CH","potentialAction":[{"@type":"ReadAction","target":["https:\/\/teiaeducation.ch\/de\/produkt\/toob-voegel-im-garten-figuren-safari-ltd\/"]}]},{"@type":"ImageObject","inLanguage":"de-CH","@id":"https:\/\/teiaeducation.ch\/de\/produkt\/toob-voegel-im-garten-figuren-safari-ltd\/#primaryimage","url":"https:\/\/teiaeducation.ch\/wp-content\/uploads\/2021\/03\/Backyard-birds-TOOB-Realistic-miniature-bird-figurines-Montessori-learning-toy-Safari-Ltd.jpg","contentUrl":"https:\/\/teiaeducation.ch\/wp-content\/uploads\/2021\/03\/Backyard-birds-TOOB-Realistic-miniature-bird-figurines-Montessori-learning-toy-Safari-Ltd.jpg","width":1000,"height":1000,"caption":"Realistische Miniatur-Vogelfiguren Montessori-Lernspielzeug - Safari Ltd"},{"@type":"BreadcrumbList","@id":"https:\/\/teiaeducation.ch\/de\/produkt\/toob-voegel-im-garten-figuren-safari-ltd\/#breadcrumb","itemListElement":[{"@type":"ListItem","position":1,"name":"Home","item":"https:\/\/teiaeducation.ch\/de\/"},{"@type":"ListItem","position":2,"name":"Laden","item":"https:\/\/teiaeducation.ch\/de\/shop\/"},{"@type":"ListItem","position":3,"name":"Unsere Marken","item":"https:\/\/teiaeducation.ch\/de\/produkt-kategorie\/unsere-marken\/"},{"@type":"ListItem","position":4,"name":"Safari Ltd","item":"https:\/\/teiaeducation.ch\/de\/produkt-kategorie\/unsere-marken\/safari-ltd\/"},{"@type":"ListItem","position":5,"name":"TOOB V\u00f6gel im Garten Figuren &#8211; Safari Ltd"}]},{"@type":"WebSite","@id":"https:\/\/teiaeducation.ch\/de\/#website","url":"https:\/\/teiaeducation.ch\/de\/","name":"Sustainable Educational Products &amp; Ecological Toys\u00a0","description":"Specialised Swiss shop selling sustainable educational toys and games, AMI certified Montessori materials, handmade ecological wooden Waldorf toys and arts &amp; crafts supplies, school supplies, children&#039;s furniture and Montessori reference and parenting books.","publisher":{"@id":"https:\/\/teiaeducation.ch\/de\/#organization"},"alternateName":"Teia Education & Play","potentialAction":[{"@type":"SearchAction","target":{"@type":"EntryPoint","urlTemplate":"https:\/\/teiaeducation.ch\/de\/?s={search_term_string}"},"query-input":{"@type":"PropertyValueSpecification","valueRequired":true,"valueName":"search_term_string"}}],"inLanguage":"de-CH"},{"@type":"Organization","@id":"https:\/\/teiaeducation.ch\/de\/#organization","name":"Teia Education & Play","url":"https:\/\/teiaeducation.ch\/de\/","logo":{"@type":"ImageObject","inLanguage":"de-CH","@id":"https:\/\/teiaeducation.ch\/de\/#\/schema\/logo\/image\/","url":"https:\/\/teiaeducation.ch\/wp-content\/uploads\/2020\/11\/Teia-Education-Switzerland-e1620156442216.jpg","contentUrl":"https:\/\/teiaeducation.ch\/wp-content\/uploads\/2020\/11\/Teia-Education-Switzerland-e1620156442216.jpg","width":166,"height":145,"caption":"Teia Education & Play"},"image":{"@id":"https:\/\/teiaeducation.ch\/de\/#\/schema\/logo\/image\/"},"sameAs":["https:\/\/www.facebook.com\/teiaeducation\/","https:\/\/x.com\/EducationTeia","https:\/\/www.instagram.com\/teia.education\/","https:\/\/www.linkedin.com\/company\/35501660","https:\/\/www.pinterest.ch\/TeiaEducation\/"]}]}},"_links":{"self":[{"href":"https:\/\/teiaeducation.ch\/de\/wp-json\/wp\/v2\/product\/61432","targetHints":{"allow":["GET"]}}],"collection":[{"href":"https:\/\/teiaeducation.ch\/de\/wp-json\/wp\/v2\/product"}],"about":[{"href":"https:\/\/teiaeducation.ch\/de\/wp-json\/wp\/v2\/types\/product"}],"replies":[{"embeddable":true,"href":"https:\/\/teiaeducation.ch\/de\/wp-json\/wp\/v2\/comments?post=61432"}],"wp:featuredmedia":[{"embeddable":true,"href":"https:\/\/teiaeducation.ch\/de\/wp-json\/wp\/v2\/media\/61433"}],"wp:attachment":[{"href":"https:\/\/teiaeducation.ch\/de\/wp-json\/wp\/v2\/media?parent=61432"}],"wp:term":[{"taxonomy":"product_brand","embeddable":true,"href":"https:\/\/teiaeducation.ch\/de\/wp-json\/wp\/v2\/product_brand?post=61432"},{"taxonomy":"product_cat","embeddable":true,"href":"https:\/\/teiaeducation.ch\/de\/wp-json\/wp\/v2\/product_cat?post=61432"},{"taxonomy":"product_tag","embeddable":true,"href":"https:\/\/teiaeducation.ch\/de\/wp-json\/wp\/v2\/product_tag?post=61432"}],"curies":[{"name":"wp","href":"https:\/\/api.w.org\/{rel}","templated":true}]}}