{"id":61558,"date":"2021-03-02T17:14:33","date_gmt":"2021-03-02T16:14:33","guid":{"rendered":"https:\/\/teiaeducation.ch\/product\/lebenszyklus-figuren-einer-gruenen-meeresschildkroete-safari-ltd\/"},"modified":"2025-12-12T09:04:29","modified_gmt":"2025-12-12T08:04:29","slug":"lebenszyklus-figuren-einer-gruenen-meeresschildkroete-safari-ltd","status":"publish","type":"product","link":"https:\/\/teiaeducation.ch\/de\/produkt\/lebenszyklus-figuren-einer-gruenen-meeresschildkroete-safari-ltd\/","title":{"rendered":"Lebenszyklus Figuren einer gr\u00fcnen Meeresschildkr\u00f6te &#8211; Safari Ltd"},"content":{"rendered":"<p>Das Set mit den Figuren des <a href=\"https:\/\/teiaeducation.ch\/de\/produkt-kategorie\/lernthemen\/kultur-wissenschaft\/lebenszyklen\/\">Lebenszyklus<\/a> einer gr\u00fcnen Meeresschildkr\u00f6te von Safari Ltd ist ein wertvolles Montessori-<a href=\"https:\/\/teiaeducation.ch\/de\/produkt-kategorie\/lernthemen\/\">Lernspielzeug<\/a> f\u00fcr jedes Zuhause oder <a href=\"https:\/\/teiaeducation.ch\/school-supplies-switzerland\/\">Klassenzimmer<\/a>! Die 4 wundersch\u00f6n detaillierten und naturgetreuen Modelle helfen den Kindern, den erstaunlichen \u00dcbergang vom Ei zum Schildkr\u00f6tenjungen, zur jungen Schildkr\u00f6te und zur erwachsenen Schildkr\u00f6te visuell und greifbar zu verstehen. Dieses hochwertige und langlebige Safariologie-Set ist ein gro\u00dfartiges Lehrmittel und <a href=\"https:\/\/teiaeducation.ch\/de\/produkt-kategorie\/kinder-spielzeug\/montessori-spielzeug\/\">Montessori-Spielzeug<\/a>. Die spielerischen Lernfiguren eignen sich hervorragend zur Unterst\u00fctzung des Unterrichts \u00fcber den Lebenszyklus von Tieren, Biologie und <a href=\"https:\/\/teiaeducation.ch\/de\/produkt-kategorie\/lernthemen\/kultur-wissenschaft\/tiergeographie-zoologie\/\">Zoologie<\/a> sowie als wunderbare <a href=\"https:\/\/teiaeducation.ch\/de\/produkt-kategorie\/lernthemen\/alphabetisierung-sprache\/\">Sprach<\/a>objekte zur Erweiterung des <a href=\"https:\/\/teiaeducation.ch\/de\/produkt-kategorie\/lernthemen\/alphabetisierung-sprache\/wortschatz\/\">Wortschatzes<\/a> und zum <a href=\"https:\/\/teiaeducation.ch\/de\/produkt-kategorie\/lernthemen\/alphabetisierung-sprache\/geschichtenerzaehlen\/\">Erz\u00e4hlen von Geschichten<\/a>. Jede Figur ist sehr detailliert und wissenschaftlich genau. Sie sind ungiftig, BPA-frei und f\u00fcr Kinder ab 3 Jahren geeignet. Wir empfehlen, die Figuren mit dem handgefertigten <a href=\"https:\/\/teiaeducation.ch\/de\/produkt\/lebenszyklus-tablett-aus-holz-4-oder-5-kreise-threewood\/\">Lebenszyklus-Tablett<\/a> aus massivem Eichenholz von Threewood zu kombinieren, um praktische und visuelle Lernerfahrungen zu machen und Biologievorf\u00fchrungen zum Leben zu erwecken! Die Safari-Lebenszyklus-Figuren sind f\u00fcr Kinder ab 3 Jahren geeignet. Inhalt: 4 Figuren aus dem Lebenszyklus der Gr\u00fcnen Meeresschildkr\u00f6te<\/p>\n<h2>\u00dcber Safari Ltd<\/h2>\n<p>Die Amerikanische Familienmarke <a href=\"https:\/\/teiaeducation.ch\/de\/produkt-kategorie\/unsere-marken\/safari-ltd\/\">Safari Ltd\u00ae<\/a> stellt seit \u00fcber 30 Jahren wunderbar realistische <a href=\"https:\/\/teiaeducation.ch\/de\/produkt-kategorie\/kinder-spielzeug\/tiere-bauernhoefe\/\">Tier<\/a>figuren und Lernhilfen her. Die sorgf\u00e4ltig gefertigten, hochwertigen und langlebigen Spielzeuge vermitteln Kindern die Bedeutung der <a href=\"https:\/\/teiaeducation.ch\/de\/produkt-kategorie\/kinder-spielzeug\/naturspiel\/\">Natur<\/a> und des Naturschutzes durch die Freude am <a href=\"https:\/\/teiaeducation.ch\/de\/produkt-kategorie\/kinder-spielzeug\/phantasievoll-rollenspiel\/\">fantasievollen Spiel<\/a> und k\u00f6nnen auf vielf\u00e4ltige Weise verwendet werden. Alle Produkte von Safari Ltd. sind ungiftig, <a href=\"https:\/\/en.wikipedia.org\/wiki\/Bisphenol_A\">BPA-frei<\/a>, bleifrei und phthalatfrei und werden strengen Sicherheitstests unterzogen, die alle weltweiten Vorschriften und Teststandards erf\u00fcllen und \u00fcbertreffen. Es werden umweltfreundliche Verpackungen verwendet, darunter recyceltes und wiederverwertbares Papier ohne UV-Lackierung, und in der gesamten Produktion werden umweltfreundliche Gesch\u00e4ftspraktiken angewandt.<\/p>\n","protected":false},"excerpt":{"rendered":"<p>Artikelnummer: S662316 Das Lebenszyklus-Figurenset einer Meeresschildkr\u00f6te von Safari Ltd ist ein Lernspielzeug, mit dem man den \u00dcbergang vom Ei zum Jungtier und vom Jungtier zur erwachsenen Meeresschildkr\u00f6te verstehen kann.<\/p>\n","protected":false},"featured_media":61559,"comment_status":"open","ping_status":"closed","template":"","meta":[],"product_brand":[],"product_cat":[21445,21446,21500,21524,21479,21670,21484,21535,21510,21518,21509,21499,21481,22182,21443,21689,21563,21665,22362,21494,21495,21496,21678,21680,21511,21482,21564,21536],"product_tag":[29292,29470,29467,29465,29146,27381,29340,29399,29401,29400,29305,29363,21742,29364,29466,29468,29291,29339,29294,29293,29469,26645],"class_list":{"0":"post-61558","1":"product","2":"type-product","3":"status-publish","4":"has-post-thumbnail","6":"product_cat-3-6-jahre-vorschule","7":"product_cat-6-12-jahre-grundschule","8":"product_cat-aktivitaetssets","9":"product_cat-alphabetisierung-sprache","10":"product_cat-lernmaterialien-spielzeug-montessori-waldorf-steiner-froebel","11":"product_cat-fruehjahrskollektion","12":"product_cat-geschenk-guides","13":"product_cat-geschichtenerzaehlen","14":"product_cat-kultur-wissenschaft","15":"product_cat-lebenszyklen","16":"product_cat-lernthemen","17":"product_cat-lernunterstuetzung","18":"product_cat-montessori-paedagogik-material-spielzeug","19":"product_cat-montessori-spielzeug","20":"product_cat-nach-alter","21":"product_cat-naturspiel","22":"product_cat-neuheiten","23":"product_cat-safari-ltd","24":"product_cat-saisonale-kollektionen","25":"product_cat-schulbedarf-fuer-zuhause","26":"product_cat-schulbedarf-fuer-zuhause-3-6-jahre","27":"product_cat-schulbedarf-fuer-zuhause-6-12-jahre","28":"product_cat-kinder-spielzeug","29":"product_cat-tiere-bauernhoefe","30":"product_cat-tiergeographie-zoologie","31":"product_cat-traditionelle-bildung","32":"product_cat-unsere-marken","33":"product_cat-wortschatz","34":"product_tag-bpa-freies-spielzeug","35":"product_tag-grune-meeresschildkrote-lebenszyklus-figuren","36":"product_tag-lebenszyklus-der-ameisen","37":"product_tag-lebenszyklus-des-monarchfalters","38":"product_tag-lebenszyklus-spielzeug","39":"product_tag-lernspielzeug-de","40":"product_tag-modell-pupa","41":"product_tag-montessori-realistische-blumenfiguren","42":"product_tag-montessori-realistische-flora-fauna-figuren","43":"product_tag-montessori-realistische-pflanzenfiguren","44":"product_tag-montessori-realistische-tierfiguren","45":"product_tag-montessori-figuren-fur-die-sprache","46":"product_tag-montessori-spielzeug","47":"product_tag-objekte-der-montessori-sprache","48":"product_tag-realistische-honigbiene","49":"product_tag-safari-lebenszyklus-grune-meeresschildkrote","50":"product_tag-safari-spielzeuge","51":"product_tag-safariologie-sets","52":"product_tag-ungiftige-tierfiguren","53":"product_tag-ungiftiges-spielzeug","54":"product_tag-zahlen-zum-lebenszyklus-der-grunen-meeresschildkrote","55":"product_tag-zoologie-montessori-de","57":"first","58":"instock","59":"taxable","60":"shipping-taxable","61":"purchasable","62":"product-type-simple"},"yoast_head":"<!-- This site is optimized with the Yoast SEO plugin v27.1.1 - https:\/\/yoast.com\/product\/yoast-seo-wordpress\/ -->\n<title>Lebenszyklus Figuren einer gr\u00fcnen Meeresschildkr\u00f6te - Safari Ltd<\/title>\n<meta name=\"description\" content=\"Das Meeresschildkr\u00f6ten-Lebenszyklus-Figurenset von Safari Ltd ist ein Lernspielzeug, das den \u00dcbergang vom Ei zum Jungtier und vom Jungtier zur erwachsenen Meeresschildkr\u00f6te darstellt.\" \/>\n<meta name=\"robots\" content=\"index, follow, max-snippet:-1, max-image-preview:large, max-video-preview:-1\" \/>\n<link rel=\"canonical\" href=\"https:\/\/teiaeducation.ch\/de\/produkt\/lebenszyklus-figuren-einer-gruenen-meeresschildkroete-safari-ltd\/\" \/>\n<meta property=\"og:locale\" content=\"de_DE\" \/>\n<meta property=\"og:type\" content=\"article\" \/>\n<meta property=\"og:title\" content=\"Lebenszyklus Figuren einer gr\u00fcnen Meeresschildkr\u00f6te - Safari Ltd\" \/>\n<meta property=\"og:description\" content=\"Das Meeresschildkr\u00f6ten-Lebenszyklus-Figurenset von Safari Ltd ist ein Lernspielzeug, das den \u00dcbergang vom Ei zum Jungtier und vom Jungtier zur erwachsenen Meeresschildkr\u00f6te darstellt.\" \/>\n<meta property=\"og:url\" content=\"https:\/\/teiaeducation.ch\/de\/produkt\/lebenszyklus-figuren-einer-gruenen-meeresschildkroete-safari-ltd\/\" \/>\n<meta property=\"og:site_name\" content=\"Sustainable Educational Products &amp; Ecological Toys\u00a0\" \/>\n<meta property=\"article:publisher\" content=\"https:\/\/www.facebook.com\/teiaeducation\/\" \/>\n<meta property=\"article:modified_time\" content=\"2025-12-12T08:04:29+00:00\" \/>\n<meta property=\"og:image\" content=\"https:\/\/teiaeducation.ch\/wp-content\/uploads\/2021\/03\/Life-cycle-of-a-green-sea-turtle-figurines-set-Safari-Ltd-learning-toy.jpg\" \/>\n\t<meta property=\"og:image:width\" content=\"1000\" \/>\n\t<meta property=\"og:image:height\" content=\"1000\" \/>\n\t<meta property=\"og:image:type\" content=\"image\/jpeg\" \/>\n<script type=\"application\/ld+json\" class=\"yoast-schema-graph\">{\"@context\":\"https:\/\/schema.org\",\"@graph\":[{\"@type\":\"WebPage\",\"@id\":\"https:\/\/teiaeducation.ch\/de\/produkt\/lebenszyklus-figuren-einer-gruenen-meeresschildkroete-safari-ltd\/\",\"url\":\"https:\/\/teiaeducation.ch\/de\/produkt\/lebenszyklus-figuren-einer-gruenen-meeresschildkroete-safari-ltd\/\",\"name\":\"Lebenszyklus Figuren einer gr\u00fcnen Meeresschildkr\u00f6te - Safari Ltd\",\"isPartOf\":{\"@id\":\"https:\/\/teiaeducation.ch\/de\/#website\"},\"primaryImageOfPage\":{\"@id\":\"https:\/\/teiaeducation.ch\/de\/produkt\/lebenszyklus-figuren-einer-gruenen-meeresschildkroete-safari-ltd\/#primaryimage\"},\"image\":{\"@id\":\"https:\/\/teiaeducation.ch\/de\/produkt\/lebenszyklus-figuren-einer-gruenen-meeresschildkroete-safari-ltd\/#primaryimage\"},\"thumbnailUrl\":\"https:\/\/teiaeducation.ch\/wp-content\/uploads\/2021\/03\/Life-cycle-of-a-green-sea-turtle-figurines-set-Safari-Ltd-learning-toy.jpg\",\"datePublished\":\"2021-03-02T16:14:33+00:00\",\"dateModified\":\"2025-12-12T08:04:29+00:00\",\"description\":\"Das Meeresschildkr\u00f6ten-Lebenszyklus-Figurenset von Safari Ltd ist ein Lernspielzeug, das den \u00dcbergang vom Ei zum Jungtier und vom Jungtier zur erwachsenen Meeresschildkr\u00f6te darstellt.\",\"breadcrumb\":{\"@id\":\"https:\/\/teiaeducation.ch\/de\/produkt\/lebenszyklus-figuren-einer-gruenen-meeresschildkroete-safari-ltd\/#breadcrumb\"},\"inLanguage\":\"de-CH\",\"potentialAction\":[{\"@type\":\"ReadAction\",\"target\":[\"https:\/\/teiaeducation.ch\/de\/produkt\/lebenszyklus-figuren-einer-gruenen-meeresschildkroete-safari-ltd\/\"]}]},{\"@type\":\"ImageObject\",\"inLanguage\":\"de-CH\",\"@id\":\"https:\/\/teiaeducation.ch\/de\/produkt\/lebenszyklus-figuren-einer-gruenen-meeresschildkroete-safari-ltd\/#primaryimage\",\"url\":\"https:\/\/teiaeducation.ch\/wp-content\/uploads\/2021\/03\/Life-cycle-of-a-green-sea-turtle-figurines-set-Safari-Ltd-learning-toy.jpg\",\"contentUrl\":\"https:\/\/teiaeducation.ch\/wp-content\/uploads\/2021\/03\/Life-cycle-of-a-green-sea-turtle-figurines-set-Safari-Ltd-learning-toy.jpg\",\"width\":1000,\"height\":1000,\"caption\":\"Lebenszyklus einer gr\u00fcnen Meeresschildkr\u00f6te Figurenset - Safari Ltd Lernspielzeug\"},{\"@type\":\"BreadcrumbList\",\"@id\":\"https:\/\/teiaeducation.ch\/de\/produkt\/lebenszyklus-figuren-einer-gruenen-meeresschildkroete-safari-ltd\/#breadcrumb\",\"itemListElement\":[{\"@type\":\"ListItem\",\"position\":1,\"name\":\"Home\",\"item\":\"https:\/\/teiaeducation.ch\/de\/\"},{\"@type\":\"ListItem\",\"position\":2,\"name\":\"Laden\",\"item\":\"https:\/\/teiaeducation.ch\/de\/shop\/\"},{\"@type\":\"ListItem\",\"position\":3,\"name\":\"Unsere Marken\",\"item\":\"https:\/\/teiaeducation.ch\/de\/produkt-kategorie\/unsere-marken\/\"},{\"@type\":\"ListItem\",\"position\":4,\"name\":\"Safari Ltd\",\"item\":\"https:\/\/teiaeducation.ch\/de\/produkt-kategorie\/unsere-marken\/safari-ltd\/\"},{\"@type\":\"ListItem\",\"position\":5,\"name\":\"Lebenszyklus Figuren einer gr\u00fcnen Meeresschildkr\u00f6te &#8211; Safari Ltd\"}]},{\"@type\":\"WebSite\",\"@id\":\"https:\/\/teiaeducation.ch\/de\/#website\",\"url\":\"https:\/\/teiaeducation.ch\/de\/\",\"name\":\"Sustainable Educational Products &amp; Ecological Toys\u00a0\",\"description\":\"Specialised Swiss shop selling sustainable educational toys and games, AMI certified Montessori materials, handmade ecological wooden Waldorf toys and arts &amp; crafts supplies, school supplies, children&#039;s furniture and Montessori reference and parenting books.\",\"publisher\":{\"@id\":\"https:\/\/teiaeducation.ch\/de\/#organization\"},\"alternateName\":\"Teia Education & Play\",\"potentialAction\":[{\"@type\":\"SearchAction\",\"target\":{\"@type\":\"EntryPoint\",\"urlTemplate\":\"https:\/\/teiaeducation.ch\/de\/?s={search_term_string}\"},\"query-input\":{\"@type\":\"PropertyValueSpecification\",\"valueRequired\":true,\"valueName\":\"search_term_string\"}}],\"inLanguage\":\"de-CH\"},{\"@type\":\"Organization\",\"@id\":\"https:\/\/teiaeducation.ch\/de\/#organization\",\"name\":\"Teia Education & Play\",\"url\":\"https:\/\/teiaeducation.ch\/de\/\",\"logo\":{\"@type\":\"ImageObject\",\"inLanguage\":\"de-CH\",\"@id\":\"https:\/\/teiaeducation.ch\/de\/#\/schema\/logo\/image\/\",\"url\":\"https:\/\/teiaeducation.ch\/wp-content\/uploads\/2020\/11\/Teia-Education-Switzerland-e1620156442216.jpg\",\"contentUrl\":\"https:\/\/teiaeducation.ch\/wp-content\/uploads\/2020\/11\/Teia-Education-Switzerland-e1620156442216.jpg\",\"width\":166,\"height\":145,\"caption\":\"Teia Education & Play\"},\"image\":{\"@id\":\"https:\/\/teiaeducation.ch\/de\/#\/schema\/logo\/image\/\"},\"sameAs\":[\"https:\/\/www.facebook.com\/teiaeducation\/\",\"https:\/\/x.com\/EducationTeia\",\"https:\/\/www.instagram.com\/teia.education\/\",\"https:\/\/www.linkedin.com\/company\/35501660\",\"https:\/\/www.pinterest.ch\/TeiaEducation\/\"]}]}<\/script>\n<!-- \/ Yoast SEO plugin. -->","yoast_head_json":{"title":"Lebenszyklus Figuren einer gr\u00fcnen Meeresschildkr\u00f6te - Safari Ltd","description":"Das Meeresschildkr\u00f6ten-Lebenszyklus-Figurenset von Safari Ltd ist ein Lernspielzeug, das den \u00dcbergang vom Ei zum Jungtier und vom Jungtier zur erwachsenen Meeresschildkr\u00f6te darstellt.","robots":{"index":"index","follow":"follow","max-snippet":"max-snippet:-1","max-image-preview":"max-image-preview:large","max-video-preview":"max-video-preview:-1"},"canonical":"https:\/\/teiaeducation.ch\/de\/produkt\/lebenszyklus-figuren-einer-gruenen-meeresschildkroete-safari-ltd\/","og_locale":"de_DE","og_type":"article","og_title":"Lebenszyklus Figuren einer gr\u00fcnen Meeresschildkr\u00f6te - Safari Ltd","og_description":"Das Meeresschildkr\u00f6ten-Lebenszyklus-Figurenset von Safari Ltd ist ein Lernspielzeug, das den \u00dcbergang vom Ei zum Jungtier und vom Jungtier zur erwachsenen Meeresschildkr\u00f6te darstellt.","og_url":"https:\/\/teiaeducation.ch\/de\/produkt\/lebenszyklus-figuren-einer-gruenen-meeresschildkroete-safari-ltd\/","og_site_name":"Sustainable Educational Products &amp; Ecological Toys\u00a0","article_publisher":"https:\/\/www.facebook.com\/teiaeducation\/","article_modified_time":"2025-12-12T08:04:29+00:00","og_image":[{"width":1000,"height":1000,"url":"https:\/\/teiaeducation.ch\/wp-content\/uploads\/2021\/03\/Life-cycle-of-a-green-sea-turtle-figurines-set-Safari-Ltd-learning-toy.jpg","type":"image\/jpeg"}],"schema":{"@context":"https:\/\/schema.org","@graph":[{"@type":"WebPage","@id":"https:\/\/teiaeducation.ch\/de\/produkt\/lebenszyklus-figuren-einer-gruenen-meeresschildkroete-safari-ltd\/","url":"https:\/\/teiaeducation.ch\/de\/produkt\/lebenszyklus-figuren-einer-gruenen-meeresschildkroete-safari-ltd\/","name":"Lebenszyklus Figuren einer gr\u00fcnen Meeresschildkr\u00f6te - Safari Ltd","isPartOf":{"@id":"https:\/\/teiaeducation.ch\/de\/#website"},"primaryImageOfPage":{"@id":"https:\/\/teiaeducation.ch\/de\/produkt\/lebenszyklus-figuren-einer-gruenen-meeresschildkroete-safari-ltd\/#primaryimage"},"image":{"@id":"https:\/\/teiaeducation.ch\/de\/produkt\/lebenszyklus-figuren-einer-gruenen-meeresschildkroete-safari-ltd\/#primaryimage"},"thumbnailUrl":"https:\/\/teiaeducation.ch\/wp-content\/uploads\/2021\/03\/Life-cycle-of-a-green-sea-turtle-figurines-set-Safari-Ltd-learning-toy.jpg","datePublished":"2021-03-02T16:14:33+00:00","dateModified":"2025-12-12T08:04:29+00:00","description":"Das Meeresschildkr\u00f6ten-Lebenszyklus-Figurenset von Safari Ltd ist ein Lernspielzeug, das den \u00dcbergang vom Ei zum Jungtier und vom Jungtier zur erwachsenen Meeresschildkr\u00f6te darstellt.","breadcrumb":{"@id":"https:\/\/teiaeducation.ch\/de\/produkt\/lebenszyklus-figuren-einer-gruenen-meeresschildkroete-safari-ltd\/#breadcrumb"},"inLanguage":"de-CH","potentialAction":[{"@type":"ReadAction","target":["https:\/\/teiaeducation.ch\/de\/produkt\/lebenszyklus-figuren-einer-gruenen-meeresschildkroete-safari-ltd\/"]}]},{"@type":"ImageObject","inLanguage":"de-CH","@id":"https:\/\/teiaeducation.ch\/de\/produkt\/lebenszyklus-figuren-einer-gruenen-meeresschildkroete-safari-ltd\/#primaryimage","url":"https:\/\/teiaeducation.ch\/wp-content\/uploads\/2021\/03\/Life-cycle-of-a-green-sea-turtle-figurines-set-Safari-Ltd-learning-toy.jpg","contentUrl":"https:\/\/teiaeducation.ch\/wp-content\/uploads\/2021\/03\/Life-cycle-of-a-green-sea-turtle-figurines-set-Safari-Ltd-learning-toy.jpg","width":1000,"height":1000,"caption":"Lebenszyklus einer gr\u00fcnen Meeresschildkr\u00f6te Figurenset - Safari Ltd Lernspielzeug"},{"@type":"BreadcrumbList","@id":"https:\/\/teiaeducation.ch\/de\/produkt\/lebenszyklus-figuren-einer-gruenen-meeresschildkroete-safari-ltd\/#breadcrumb","itemListElement":[{"@type":"ListItem","position":1,"name":"Home","item":"https:\/\/teiaeducation.ch\/de\/"},{"@type":"ListItem","position":2,"name":"Laden","item":"https:\/\/teiaeducation.ch\/de\/shop\/"},{"@type":"ListItem","position":3,"name":"Unsere Marken","item":"https:\/\/teiaeducation.ch\/de\/produkt-kategorie\/unsere-marken\/"},{"@type":"ListItem","position":4,"name":"Safari Ltd","item":"https:\/\/teiaeducation.ch\/de\/produkt-kategorie\/unsere-marken\/safari-ltd\/"},{"@type":"ListItem","position":5,"name":"Lebenszyklus Figuren einer gr\u00fcnen Meeresschildkr\u00f6te &#8211; Safari Ltd"}]},{"@type":"WebSite","@id":"https:\/\/teiaeducation.ch\/de\/#website","url":"https:\/\/teiaeducation.ch\/de\/","name":"Sustainable Educational Products &amp; Ecological Toys\u00a0","description":"Specialised Swiss shop selling sustainable educational toys and games, AMI certified Montessori materials, handmade ecological wooden Waldorf toys and arts &amp; crafts supplies, school supplies, children&#039;s furniture and Montessori reference and parenting books.","publisher":{"@id":"https:\/\/teiaeducation.ch\/de\/#organization"},"alternateName":"Teia Education & Play","potentialAction":[{"@type":"SearchAction","target":{"@type":"EntryPoint","urlTemplate":"https:\/\/teiaeducation.ch\/de\/?s={search_term_string}"},"query-input":{"@type":"PropertyValueSpecification","valueRequired":true,"valueName":"search_term_string"}}],"inLanguage":"de-CH"},{"@type":"Organization","@id":"https:\/\/teiaeducation.ch\/de\/#organization","name":"Teia Education & Play","url":"https:\/\/teiaeducation.ch\/de\/","logo":{"@type":"ImageObject","inLanguage":"de-CH","@id":"https:\/\/teiaeducation.ch\/de\/#\/schema\/logo\/image\/","url":"https:\/\/teiaeducation.ch\/wp-content\/uploads\/2020\/11\/Teia-Education-Switzerland-e1620156442216.jpg","contentUrl":"https:\/\/teiaeducation.ch\/wp-content\/uploads\/2020\/11\/Teia-Education-Switzerland-e1620156442216.jpg","width":166,"height":145,"caption":"Teia Education & Play"},"image":{"@id":"https:\/\/teiaeducation.ch\/de\/#\/schema\/logo\/image\/"},"sameAs":["https:\/\/www.facebook.com\/teiaeducation\/","https:\/\/x.com\/EducationTeia","https:\/\/www.instagram.com\/teia.education\/","https:\/\/www.linkedin.com\/company\/35501660","https:\/\/www.pinterest.ch\/TeiaEducation\/"]}]}},"_links":{"self":[{"href":"https:\/\/teiaeducation.ch\/de\/wp-json\/wp\/v2\/product\/61558","targetHints":{"allow":["GET"]}}],"collection":[{"href":"https:\/\/teiaeducation.ch\/de\/wp-json\/wp\/v2\/product"}],"about":[{"href":"https:\/\/teiaeducation.ch\/de\/wp-json\/wp\/v2\/types\/product"}],"replies":[{"embeddable":true,"href":"https:\/\/teiaeducation.ch\/de\/wp-json\/wp\/v2\/comments?post=61558"}],"wp:featuredmedia":[{"embeddable":true,"href":"https:\/\/teiaeducation.ch\/de\/wp-json\/wp\/v2\/media\/61559"}],"wp:attachment":[{"href":"https:\/\/teiaeducation.ch\/de\/wp-json\/wp\/v2\/media?parent=61558"}],"wp:term":[{"taxonomy":"product_brand","embeddable":true,"href":"https:\/\/teiaeducation.ch\/de\/wp-json\/wp\/v2\/product_brand?post=61558"},{"taxonomy":"product_cat","embeddable":true,"href":"https:\/\/teiaeducation.ch\/de\/wp-json\/wp\/v2\/product_cat?post=61558"},{"taxonomy":"product_tag","embeddable":true,"href":"https:\/\/teiaeducation.ch\/de\/wp-json\/wp\/v2\/product_tag?post=61558"}],"curies":[{"name":"wp","href":"https:\/\/api.w.org\/{rel}","templated":true}]}}