{"id":61593,"date":"2021-03-01T13:39:34","date_gmt":"2021-03-01T12:39:34","guid":{"rendered":"https:\/\/teiaeducation.ch\/product\/lebenszyklus-figuren-eines-monarch-schmetterling-safari-ltd\/"},"modified":"2025-12-12T09:10:52","modified_gmt":"2025-12-12T08:10:52","slug":"lebenszyklus-figuren-eines-monarch-schmetterling-safari-ltd","status":"publish","type":"product","link":"https:\/\/teiaeducation.ch\/de\/produkt\/lebenszyklus-figuren-eines-monarch-schmetterling-safari-ltd\/","title":{"rendered":"Lebenszyklus Figuren eines Monarch Schmetterling &#8211; Safari Ltd"},"content":{"rendered":"<p>Das <a href=\"https:\/\/teiaeducation.ch\/de\/produkt-kategorie\/lernthemen\/kultur-wissenschaft\/lebenszyklen\/\">Lebenszyklus<\/a> Set mit den Monarch-Schmetterlingsfiguren von Safari Ltd. ist ein wertvolles Montessori-<a href=\"https:\/\/teiaeducation.ch\/de\/produkt-kategorie\/lernthemen\/\">Lernspielzeug<\/a> f\u00fcr jedes Zuhause oder <a href=\"https:\/\/teiaeducation.ch\/school-supplies-switzerland\/\">Klassenzimmer<\/a>! Die 4 wundersch\u00f6n detaillierten und naturgetreuen Modelle helfen Kindern, den erstaunlichen \u00dcbergang von winzigen Eiern und kleinen neugeborenen Raupen zur ausgewachsenen Raupe, zur Puppe und zum Schmetterling visuell und greifbar zu verstehen. Dieses hochwertige und langlebige Safariologie-Set ist ein gro\u00dfartiges Lehrmittel und <a href=\"https:\/\/teiaeducation.ch\/de\/produkt-kategorie\/kinder-spielzeug\/montessori-spielzeug\/\">Montessori-Spielzeug<\/a>. Die spielerischen Lernfiguren eignen sich hervorragend zur Unterst\u00fctzung des Unterrichts \u00fcber den Lebenszyklus von Tieren, Biologie und <a href=\"https:\/\/teiaeducation.ch\/de\/produkt-kategorie\/lernthemen\/kultur-wissenschaft\/tiergeographie-zoologie\/\">Zoologie<\/a> sowie als wunderbare <a href=\"https:\/\/teiaeducation.ch\/de\/produkt-kategorie\/lernthemen\/alphabetisierung-sprache\/\">Sprach<\/a>objekte zur Erweiterung des <a href=\"https:\/\/teiaeducation.ch\/de\/produkt-kategorie\/lernthemen\/alphabetisierung-sprache\/wortschatz\/\">Wortschatzes<\/a> und zum <a href=\"https:\/\/teiaeducation.ch\/de\/produkt-kategorie\/lernthemen\/alphabetisierung-sprache\/geschichtenerzaehlen\/\">Erz\u00e4hlen von Geschichten<\/a>. Jede realistische Figur ist etwa 5 cm gro\u00df, mit Ausnahme des farbenpr\u00e4chtigen erwachsenen Monarchfalters, der von Fl\u00fcgelspitze zu Fl\u00fcgelspitze fast 9 cm misst. Sie sind ungiftig, BPA-frei und f\u00fcr Kinder ab 3 Jahren geeignet. Wir empfehlen, die Figuren mit dem handgefertigten <a href=\"https:\/\/teiaeducation.ch\/de\/produkt\/lebenszyklus-tablett-aus-holz-4-oder-5-kreise-threewood\/\">Lebenszyklus-Tablett<\/a> aus massivem Eichenholz von Threewood zu kombinieren, um praktische und visuelle Lernerfahrungen zu machen und Biologievorf\u00fchrungen zum Leben zu erwecken! Die Safari-Lebenszyklus-Figuren sind f\u00fcr Kinder ab 3 Jahren geeignet. Inhalt: 4 Monarchfalter-Lebenszyklus-Figuren<\/p>\n<h2>\u00dcber Safari Ltd<\/h2>\n<p>Die Amerikanische Familienmarke <a href=\"https:\/\/teiaeducation.ch\/de\/produkt-kategorie\/unsere-marken\/safari-ltd\/\">Safari Ltd\u00ae<\/a> stellt seit \u00fcber 30 Jahren wunderbar realistische <a href=\"https:\/\/teiaeducation.ch\/de\/produkt-kategorie\/kinder-spielzeug\/tiere-bauernhoefe\/\">Tier<\/a>figuren und Lernhilfen her. Die sorgf\u00e4ltig gefertigten, hochwertigen und langlebigen Spielzeuge vermitteln Kindern die Bedeutung der <a href=\"https:\/\/teiaeducation.ch\/de\/produkt-kategorie\/kinder-spielzeug\/naturspiel\/\">Natur<\/a> und des Naturschutzes durch die Freude am <a href=\"https:\/\/teiaeducation.ch\/de\/produkt-kategorie\/kinder-spielzeug\/phantasievoll-rollenspiel\/\">fantasievollen Spiel<\/a> und k\u00f6nnen auf vielf\u00e4ltige Weise verwendet werden. Alle Produkte von Safari Ltd. sind ungiftig, <a href=\"https:\/\/en.wikipedia.org\/wiki\/Bisphenol_A\">BPA-frei<\/a>, bleifrei und phthalatfrei und werden strengen Sicherheitstests unterzogen, die alle weltweiten Vorschriften und Teststandards erf\u00fcllen und \u00fcbertreffen. Es werden umweltfreundliche Verpackungen verwendet, darunter recyceltes und wiederverwertbares Papier ohne UV-Lackierung, und in der gesamten Produktion werden umweltfreundliche Gesch\u00e4ftspraktiken angewandt.<\/p>\n","protected":false},"excerpt":{"rendered":"<p>Artikelnummer: S622616 Das Lebenszyklus-Figurenset eines Monarch-Schmetterlings von Safari Ltd ist ein Lernspielzeug, um den \u00dcbergang vom Ei \u00fcber die Raupe und Puppe zum Schmetterling zu verstehen.<\/p>\n","protected":false},"featured_media":61594,"comment_status":"open","ping_status":"closed","template":"","meta":[],"product_brand":[],"product_cat":[21445,21446,21500,21524,21479,21670,21535,21510,21518,21509,21499,21481,22182,21443,21689,21563,21665,22362,21494,21495,21496,21678,21680,21511,21482,21564,21536],"product_tag":[29292,29493,29465,29489,29491,29146,27381,29490,29399,29401,29400,29305,29363,21742,29364,29492,29291,29339,29294,29293,26645],"class_list":{"0":"post-61593","1":"product","2":"type-product","3":"status-publish","4":"has-post-thumbnail","6":"product_cat-3-6-jahre-vorschule","7":"product_cat-6-12-jahre-grundschule","8":"product_cat-aktivitaetssets","9":"product_cat-alphabetisierung-sprache","10":"product_cat-lernmaterialien-spielzeug-montessori-waldorf-steiner-froebel","11":"product_cat-fruehjahrskollektion","12":"product_cat-geschichtenerzaehlen","13":"product_cat-kultur-wissenschaft","14":"product_cat-lebenszyklen","15":"product_cat-lernthemen","16":"product_cat-lernunterstuetzung","17":"product_cat-montessori-paedagogik-material-spielzeug","18":"product_cat-montessori-spielzeug","19":"product_cat-nach-alter","20":"product_cat-naturspiel","21":"product_cat-neuheiten","22":"product_cat-safari-ltd","23":"product_cat-saisonale-kollektionen","24":"product_cat-schulbedarf-fuer-zuhause","25":"product_cat-schulbedarf-fuer-zuhause-3-6-jahre","26":"product_cat-schulbedarf-fuer-zuhause-6-12-jahre","27":"product_cat-kinder-spielzeug","28":"product_cat-tiere-bauernhoefe","29":"product_cat-tiergeographie-zoologie","30":"product_cat-traditionelle-bildung","31":"product_cat-unsere-marken","32":"product_cat-wortschatz","33":"product_tag-bpa-freies-spielzeug","34":"product_tag-chrysalis-modell","35":"product_tag-lebenszyklus-des-monarchfalters","36":"product_tag-lebenszyklus-eines-schmetterlings-de","37":"product_tag-lebenszyklus-figuren-monarch-schmetterling","38":"product_tag-lebenszyklus-spielzeug","39":"product_tag-lernspielzeug-de","40":"product_tag-monarch-schmetterlingsmodell","41":"product_tag-montessori-realistische-blumenfiguren","42":"product_tag-montessori-realistische-flora-fauna-figuren","43":"product_tag-montessori-realistische-pflanzenfiguren","44":"product_tag-montessori-realistische-tierfiguren","45":"product_tag-montessori-figuren-fur-die-sprache","46":"product_tag-montessori-spielzeug","47":"product_tag-objekte-der-montessori-sprache","48":"product_tag-realistischer-schmetterling","49":"product_tag-safari-spielzeuge","50":"product_tag-safariologie-sets","51":"product_tag-ungiftige-tierfiguren","52":"product_tag-ungiftiges-spielzeug","53":"product_tag-zoologie-montessori-de","55":"first","56":"instock","57":"taxable","58":"shipping-taxable","59":"purchasable","60":"product-type-simple"},"yoast_head":"<!-- This site is optimized with the Yoast SEO plugin v27.3 - https:\/\/yoast.com\/product\/yoast-seo-wordpress\/ -->\n<title>Lebenszyklus Figuren eines Monarch Schmetterling - Safari Ltd<\/title>\n<meta name=\"description\" content=\"Das Lebenszyklus-Figurenset eines Monarch-Schmetterlings von Safari Ltd ist ein Lernspielzeug, um den \u00dcbergang vom Ei \u00fcber die Raupe und Puppe zum Schmetterling zu verstehen.\" \/>\n<meta name=\"robots\" content=\"index, follow, max-snippet:-1, max-image-preview:large, max-video-preview:-1\" \/>\n<link rel=\"canonical\" href=\"https:\/\/teiaeducation.ch\/de\/produkt\/lebenszyklus-figuren-eines-monarch-schmetterling-safari-ltd\/\" \/>\n<meta property=\"og:locale\" content=\"de_DE\" \/>\n<meta property=\"og:type\" content=\"article\" \/>\n<meta property=\"og:title\" content=\"Lebenszyklus Figuren eines Monarch Schmetterling - Safari Ltd\" \/>\n<meta property=\"og:description\" content=\"Das Lebenszyklus-Figurenset eines Monarch-Schmetterlings von Safari Ltd ist ein Lernspielzeug, um den \u00dcbergang vom Ei \u00fcber die Raupe und Puppe zum Schmetterling zu verstehen.\" \/>\n<meta property=\"og:url\" content=\"https:\/\/teiaeducation.ch\/de\/produkt\/lebenszyklus-figuren-eines-monarch-schmetterling-safari-ltd\/\" \/>\n<meta property=\"og:site_name\" content=\"Sustainable Educational Products &amp; Ecological Toys\u00a0\" \/>\n<meta property=\"article:publisher\" content=\"https:\/\/www.facebook.com\/teiaeducation\/\" \/>\n<meta property=\"article:modified_time\" content=\"2025-12-12T08:10:52+00:00\" \/>\n<meta property=\"og:image\" content=\"https:\/\/teiaeducation.ch\/wp-content\/uploads\/2021\/03\/Life-cycle-of-a-Monarch-butterfly-figurines-set-Safari-Ltd-1.jpg\" \/>\n\t<meta property=\"og:image:width\" content=\"1000\" \/>\n\t<meta property=\"og:image:height\" content=\"1000\" \/>\n\t<meta property=\"og:image:type\" content=\"image\/jpeg\" \/>\n<script type=\"application\/ld+json\" class=\"yoast-schema-graph\">{\"@context\":\"https:\\\/\\\/schema.org\",\"@graph\":[{\"@type\":\"WebPage\",\"@id\":\"https:\\\/\\\/teiaeducation.ch\\\/de\\\/produkt\\\/lebenszyklus-figuren-eines-monarch-schmetterling-safari-ltd\\\/\",\"url\":\"https:\\\/\\\/teiaeducation.ch\\\/de\\\/produkt\\\/lebenszyklus-figuren-eines-monarch-schmetterling-safari-ltd\\\/\",\"name\":\"Lebenszyklus Figuren eines Monarch Schmetterling - Safari Ltd\",\"isPartOf\":{\"@id\":\"https:\\\/\\\/teiaeducation.ch\\\/de\\\/#website\"},\"primaryImageOfPage\":{\"@id\":\"https:\\\/\\\/teiaeducation.ch\\\/de\\\/produkt\\\/lebenszyklus-figuren-eines-monarch-schmetterling-safari-ltd\\\/#primaryimage\"},\"image\":{\"@id\":\"https:\\\/\\\/teiaeducation.ch\\\/de\\\/produkt\\\/lebenszyklus-figuren-eines-monarch-schmetterling-safari-ltd\\\/#primaryimage\"},\"thumbnailUrl\":\"https:\\\/\\\/teiaeducation.ch\\\/wp-content\\\/uploads\\\/2021\\\/03\\\/Life-cycle-of-a-Monarch-butterfly-figurines-set-Safari-Ltd-1.jpg\",\"datePublished\":\"2021-03-01T12:39:34+00:00\",\"dateModified\":\"2025-12-12T08:10:52+00:00\",\"description\":\"Das Lebenszyklus-Figurenset eines Monarch-Schmetterlings von Safari Ltd ist ein Lernspielzeug, um den \u00dcbergang vom Ei \u00fcber die Raupe und Puppe zum Schmetterling zu verstehen.\",\"breadcrumb\":{\"@id\":\"https:\\\/\\\/teiaeducation.ch\\\/de\\\/produkt\\\/lebenszyklus-figuren-eines-monarch-schmetterling-safari-ltd\\\/#breadcrumb\"},\"inLanguage\":\"de-CH\",\"potentialAction\":[{\"@type\":\"ReadAction\",\"target\":[\"https:\\\/\\\/teiaeducation.ch\\\/de\\\/produkt\\\/lebenszyklus-figuren-eines-monarch-schmetterling-safari-ltd\\\/\"]}]},{\"@type\":\"ImageObject\",\"inLanguage\":\"de-CH\",\"@id\":\"https:\\\/\\\/teiaeducation.ch\\\/de\\\/produkt\\\/lebenszyklus-figuren-eines-monarch-schmetterling-safari-ltd\\\/#primaryimage\",\"url\":\"https:\\\/\\\/teiaeducation.ch\\\/wp-content\\\/uploads\\\/2021\\\/03\\\/Life-cycle-of-a-Monarch-butterfly-figurines-set-Safari-Ltd-1.jpg\",\"contentUrl\":\"https:\\\/\\\/teiaeducation.ch\\\/wp-content\\\/uploads\\\/2021\\\/03\\\/Life-cycle-of-a-Monarch-butterfly-figurines-set-Safari-Ltd-1.jpg\",\"width\":1000,\"height\":1000,\"caption\":\"Lebenszyklus Figuren eines Monarch Schmetterling - Safari Ltd\"},{\"@type\":\"BreadcrumbList\",\"@id\":\"https:\\\/\\\/teiaeducation.ch\\\/de\\\/produkt\\\/lebenszyklus-figuren-eines-monarch-schmetterling-safari-ltd\\\/#breadcrumb\",\"itemListElement\":[{\"@type\":\"ListItem\",\"position\":1,\"name\":\"Home\",\"item\":\"https:\\\/\\\/teiaeducation.ch\\\/de\\\/\"},{\"@type\":\"ListItem\",\"position\":2,\"name\":\"Laden\",\"item\":\"https:\\\/\\\/teiaeducation.ch\\\/de\\\/shop\\\/\"},{\"@type\":\"ListItem\",\"position\":3,\"name\":\"Unsere Marken\",\"item\":\"https:\\\/\\\/teiaeducation.ch\\\/de\\\/produkt-kategorie\\\/unsere-marken\\\/\"},{\"@type\":\"ListItem\",\"position\":4,\"name\":\"Safari Ltd\",\"item\":\"https:\\\/\\\/teiaeducation.ch\\\/de\\\/produkt-kategorie\\\/unsere-marken\\\/safari-ltd\\\/\"},{\"@type\":\"ListItem\",\"position\":5,\"name\":\"Lebenszyklus Figuren eines Monarch Schmetterling &#8211; Safari Ltd\"}]},{\"@type\":\"WebSite\",\"@id\":\"https:\\\/\\\/teiaeducation.ch\\\/de\\\/#website\",\"url\":\"https:\\\/\\\/teiaeducation.ch\\\/de\\\/\",\"name\":\"Sustainable Educational Products &amp; Ecological Toys\u00a0\",\"description\":\"Specialised Swiss shop selling sustainable educational toys and games, AMI certified Montessori materials, handmade ecological wooden Waldorf toys and arts &amp; crafts supplies, school supplies, children&#039;s furniture and Montessori reference and parenting books.\",\"publisher\":{\"@id\":\"https:\\\/\\\/teiaeducation.ch\\\/de\\\/#organization\"},\"alternateName\":\"Teia Education & Play\",\"potentialAction\":[{\"@type\":\"SearchAction\",\"target\":{\"@type\":\"EntryPoint\",\"urlTemplate\":\"https:\\\/\\\/teiaeducation.ch\\\/de\\\/?s={search_term_string}\"},\"query-input\":{\"@type\":\"PropertyValueSpecification\",\"valueRequired\":true,\"valueName\":\"search_term_string\"}}],\"inLanguage\":\"de-CH\"},{\"@type\":\"Organization\",\"@id\":\"https:\\\/\\\/teiaeducation.ch\\\/de\\\/#organization\",\"name\":\"Teia Education & Play\",\"url\":\"https:\\\/\\\/teiaeducation.ch\\\/de\\\/\",\"logo\":{\"@type\":\"ImageObject\",\"inLanguage\":\"de-CH\",\"@id\":\"https:\\\/\\\/teiaeducation.ch\\\/de\\\/#\\\/schema\\\/logo\\\/image\\\/\",\"url\":\"https:\\\/\\\/teiaeducation.ch\\\/wp-content\\\/uploads\\\/2020\\\/11\\\/Teia-Education-Switzerland-e1620156442216.jpg\",\"contentUrl\":\"https:\\\/\\\/teiaeducation.ch\\\/wp-content\\\/uploads\\\/2020\\\/11\\\/Teia-Education-Switzerland-e1620156442216.jpg\",\"width\":166,\"height\":145,\"caption\":\"Teia Education & Play\"},\"image\":{\"@id\":\"https:\\\/\\\/teiaeducation.ch\\\/de\\\/#\\\/schema\\\/logo\\\/image\\\/\"},\"sameAs\":[\"https:\\\/\\\/www.facebook.com\\\/teiaeducation\\\/\",\"https:\\\/\\\/x.com\\\/EducationTeia\",\"https:\\\/\\\/www.instagram.com\\\/teia.education\\\/\",\"https:\\\/\\\/www.linkedin.com\\\/company\\\/35501660\",\"https:\\\/\\\/www.pinterest.ch\\\/TeiaEducation\\\/\"]}]}<\/script>\n<!-- \/ Yoast SEO plugin. -->","yoast_head_json":{"title":"Lebenszyklus Figuren eines Monarch Schmetterling - Safari Ltd","description":"Das Lebenszyklus-Figurenset eines Monarch-Schmetterlings von Safari Ltd ist ein Lernspielzeug, um den \u00dcbergang vom Ei \u00fcber die Raupe und Puppe zum Schmetterling zu verstehen.","robots":{"index":"index","follow":"follow","max-snippet":"max-snippet:-1","max-image-preview":"max-image-preview:large","max-video-preview":"max-video-preview:-1"},"canonical":"https:\/\/teiaeducation.ch\/de\/produkt\/lebenszyklus-figuren-eines-monarch-schmetterling-safari-ltd\/","og_locale":"de_DE","og_type":"article","og_title":"Lebenszyklus Figuren eines Monarch Schmetterling - Safari Ltd","og_description":"Das Lebenszyklus-Figurenset eines Monarch-Schmetterlings von Safari Ltd ist ein Lernspielzeug, um den \u00dcbergang vom Ei \u00fcber die Raupe und Puppe zum Schmetterling zu verstehen.","og_url":"https:\/\/teiaeducation.ch\/de\/produkt\/lebenszyklus-figuren-eines-monarch-schmetterling-safari-ltd\/","og_site_name":"Sustainable Educational Products &amp; Ecological Toys\u00a0","article_publisher":"https:\/\/www.facebook.com\/teiaeducation\/","article_modified_time":"2025-12-12T08:10:52+00:00","og_image":[{"width":1000,"height":1000,"url":"https:\/\/teiaeducation.ch\/wp-content\/uploads\/2021\/03\/Life-cycle-of-a-Monarch-butterfly-figurines-set-Safari-Ltd-1.jpg","type":"image\/jpeg"}],"schema":{"@context":"https:\/\/schema.org","@graph":[{"@type":"WebPage","@id":"https:\/\/teiaeducation.ch\/de\/produkt\/lebenszyklus-figuren-eines-monarch-schmetterling-safari-ltd\/","url":"https:\/\/teiaeducation.ch\/de\/produkt\/lebenszyklus-figuren-eines-monarch-schmetterling-safari-ltd\/","name":"Lebenszyklus Figuren eines Monarch Schmetterling - Safari Ltd","isPartOf":{"@id":"https:\/\/teiaeducation.ch\/de\/#website"},"primaryImageOfPage":{"@id":"https:\/\/teiaeducation.ch\/de\/produkt\/lebenszyklus-figuren-eines-monarch-schmetterling-safari-ltd\/#primaryimage"},"image":{"@id":"https:\/\/teiaeducation.ch\/de\/produkt\/lebenszyklus-figuren-eines-monarch-schmetterling-safari-ltd\/#primaryimage"},"thumbnailUrl":"https:\/\/teiaeducation.ch\/wp-content\/uploads\/2021\/03\/Life-cycle-of-a-Monarch-butterfly-figurines-set-Safari-Ltd-1.jpg","datePublished":"2021-03-01T12:39:34+00:00","dateModified":"2025-12-12T08:10:52+00:00","description":"Das Lebenszyklus-Figurenset eines Monarch-Schmetterlings von Safari Ltd ist ein Lernspielzeug, um den \u00dcbergang vom Ei \u00fcber die Raupe und Puppe zum Schmetterling zu verstehen.","breadcrumb":{"@id":"https:\/\/teiaeducation.ch\/de\/produkt\/lebenszyklus-figuren-eines-monarch-schmetterling-safari-ltd\/#breadcrumb"},"inLanguage":"de-CH","potentialAction":[{"@type":"ReadAction","target":["https:\/\/teiaeducation.ch\/de\/produkt\/lebenszyklus-figuren-eines-monarch-schmetterling-safari-ltd\/"]}]},{"@type":"ImageObject","inLanguage":"de-CH","@id":"https:\/\/teiaeducation.ch\/de\/produkt\/lebenszyklus-figuren-eines-monarch-schmetterling-safari-ltd\/#primaryimage","url":"https:\/\/teiaeducation.ch\/wp-content\/uploads\/2021\/03\/Life-cycle-of-a-Monarch-butterfly-figurines-set-Safari-Ltd-1.jpg","contentUrl":"https:\/\/teiaeducation.ch\/wp-content\/uploads\/2021\/03\/Life-cycle-of-a-Monarch-butterfly-figurines-set-Safari-Ltd-1.jpg","width":1000,"height":1000,"caption":"Lebenszyklus Figuren eines Monarch Schmetterling - Safari Ltd"},{"@type":"BreadcrumbList","@id":"https:\/\/teiaeducation.ch\/de\/produkt\/lebenszyklus-figuren-eines-monarch-schmetterling-safari-ltd\/#breadcrumb","itemListElement":[{"@type":"ListItem","position":1,"name":"Home","item":"https:\/\/teiaeducation.ch\/de\/"},{"@type":"ListItem","position":2,"name":"Laden","item":"https:\/\/teiaeducation.ch\/de\/shop\/"},{"@type":"ListItem","position":3,"name":"Unsere Marken","item":"https:\/\/teiaeducation.ch\/de\/produkt-kategorie\/unsere-marken\/"},{"@type":"ListItem","position":4,"name":"Safari Ltd","item":"https:\/\/teiaeducation.ch\/de\/produkt-kategorie\/unsere-marken\/safari-ltd\/"},{"@type":"ListItem","position":5,"name":"Lebenszyklus Figuren eines Monarch Schmetterling &#8211; Safari Ltd"}]},{"@type":"WebSite","@id":"https:\/\/teiaeducation.ch\/de\/#website","url":"https:\/\/teiaeducation.ch\/de\/","name":"Sustainable Educational Products &amp; Ecological Toys\u00a0","description":"Specialised Swiss shop selling sustainable educational toys and games, AMI certified Montessori materials, handmade ecological wooden Waldorf toys and arts &amp; crafts supplies, school supplies, children&#039;s furniture and Montessori reference and parenting books.","publisher":{"@id":"https:\/\/teiaeducation.ch\/de\/#organization"},"alternateName":"Teia Education & Play","potentialAction":[{"@type":"SearchAction","target":{"@type":"EntryPoint","urlTemplate":"https:\/\/teiaeducation.ch\/de\/?s={search_term_string}"},"query-input":{"@type":"PropertyValueSpecification","valueRequired":true,"valueName":"search_term_string"}}],"inLanguage":"de-CH"},{"@type":"Organization","@id":"https:\/\/teiaeducation.ch\/de\/#organization","name":"Teia Education & Play","url":"https:\/\/teiaeducation.ch\/de\/","logo":{"@type":"ImageObject","inLanguage":"de-CH","@id":"https:\/\/teiaeducation.ch\/de\/#\/schema\/logo\/image\/","url":"https:\/\/teiaeducation.ch\/wp-content\/uploads\/2020\/11\/Teia-Education-Switzerland-e1620156442216.jpg","contentUrl":"https:\/\/teiaeducation.ch\/wp-content\/uploads\/2020\/11\/Teia-Education-Switzerland-e1620156442216.jpg","width":166,"height":145,"caption":"Teia Education & Play"},"image":{"@id":"https:\/\/teiaeducation.ch\/de\/#\/schema\/logo\/image\/"},"sameAs":["https:\/\/www.facebook.com\/teiaeducation\/","https:\/\/x.com\/EducationTeia","https:\/\/www.instagram.com\/teia.education\/","https:\/\/www.linkedin.com\/company\/35501660","https:\/\/www.pinterest.ch\/TeiaEducation\/"]}]}},"_links":{"self":[{"href":"https:\/\/teiaeducation.ch\/de\/wp-json\/wp\/v2\/product\/61593","targetHints":{"allow":["GET"]}}],"collection":[{"href":"https:\/\/teiaeducation.ch\/de\/wp-json\/wp\/v2\/product"}],"about":[{"href":"https:\/\/teiaeducation.ch\/de\/wp-json\/wp\/v2\/types\/product"}],"replies":[{"embeddable":true,"href":"https:\/\/teiaeducation.ch\/de\/wp-json\/wp\/v2\/comments?post=61593"}],"wp:featuredmedia":[{"embeddable":true,"href":"https:\/\/teiaeducation.ch\/de\/wp-json\/wp\/v2\/media\/61594"}],"wp:attachment":[{"href":"https:\/\/teiaeducation.ch\/de\/wp-json\/wp\/v2\/media?parent=61593"}],"wp:term":[{"taxonomy":"product_brand","embeddable":true,"href":"https:\/\/teiaeducation.ch\/de\/wp-json\/wp\/v2\/product_brand?post=61593"},{"taxonomy":"product_cat","embeddable":true,"href":"https:\/\/teiaeducation.ch\/de\/wp-json\/wp\/v2\/product_cat?post=61593"},{"taxonomy":"product_tag","embeddable":true,"href":"https:\/\/teiaeducation.ch\/de\/wp-json\/wp\/v2\/product_tag?post=61593"}],"curies":[{"name":"wp","href":"https:\/\/api.w.org\/{rel}","templated":true}]}}