{"id":61648,"date":"2023-02-27T15:27:17","date_gmt":"2023-02-27T14:27:17","guid":{"rendered":"https:\/\/teiaeducation.ch\/product\/foragers-spielkarten-kikkerland\/"},"modified":"2024-08-19T16:08:49","modified_gmt":"2024-08-19T14:08:49","slug":"foragers-spielkarten-kikkerland","status":"publish","type":"product","link":"https:\/\/teiaeducation.ch\/de\/produkt\/foragers-spielkarten-kikkerland\/","title":{"rendered":"Foragers Spielkarten &#8211; Kikkerland"},"content":{"rendered":"<p>Dieses h\u00fcbsche Spielkartenset von Kikkerland ist nicht nur ein<span class=\"a-list-item\">Standard-Kartensatz, sondern enth\u00e4lt mehrere Spiele! Die Sammelkarten zeigen <a href=\"https:\/\/teiaeducation.ch\/product-category\/learning-themes\/culture-science\/botany\/\">botanische<\/a> Illustrationen und Pflanzenfakten f\u00fcr <a href=\"https:\/\/teiaeducation.ch\/product\/book-foraging-with-kids-adele-nozedar\/\">Sammler<\/a>, begleitet von farbenfrohen botanischen Designs auf der R\u00fcckseite jeder Karte. <\/span><\/p>\n<p><span class=\"a-list-item\">Diese Spielkarten eignen sich perfekt f\u00fcr Geduld, Poker, Bridge oder Whist &#8211; aber auch, um beim Spielen etwas \u00fcber essbare, medizinische und giftige Pflanzen zu lernen.<\/span><\/p>\n<div id=\"productDescription_feature_div\" class=\"celwidget\" data-feature-name=\"productDescription\" data-csa-c-type=\"widget\" data-csa-c-content-id=\"productDescription\" data-csa-c-slot-id=\"productDescription_feature_div\" data-csa-c-asin=\"\" data-csa-c-is-in-initial-active-row=\"false\" data-csa-c-id=\"1r1q3w-cm2ca1-wg8v2c-pouylp\" data-cel-widget=\"productDescription_feature_div\">\n<div>\n<div id=\"productDescription_feature_div\" class=\"a-row feature\" data-feature-name=\"productDescription\" data-template-name=\"productDescription\" data-cel-widget=\"productDescription_feature_div\">\n<div id=\"productDescription\" class=\"a-section a-spacing-small\"> Das Kartenspiel enth\u00e4lt 2 Joker sowie zus\u00e4tzliche Faktenkarten, wobei Pik alle Pilze, Kreuz die Beeren, Herz die N\u00fcsse und Karo die Pflanzen sind. <\/div>\n<\/div>\n<\/div>\n<\/div>\n<div id=\"similarities_feature_div\" class=\"celwidget\" data-feature-name=\"similarities\" data-csa-c-type=\"widget\" data-csa-c-content-id=\"similarities\" data-csa-c-slot-id=\"similarities_feature_div\" data-csa-c-asin=\"\" data-csa-c-is-in-initial-active-row=\"false\" data-csa-c-id=\"2ymhxg-958niv-9evw9q-1tf7du\" data-cel-widget=\"similarities_feature_div\">\n<div class=\"celwidget\" data-csa-c-id=\"srn9j5-hzu2m9-9r2o65-h95yfj\" data-cel-widget=\"sims-consolidated-5_csm_instrumentation_wrapper\">\n<div id=\"DPSims_sims-container_3_container\">\n<div class=\"widget-html-container\">\n<div class=\"celwidget pd_rd_w-sorFX content-id-amzn1.sym.cdcffa71-e0b6-4359-8695-8b1b65851e69 pf_rd_p-cdcffa71-e0b6-4359-8695-8b1b65851e69 pf_rd_r-RB6EHSGA3NS1EF6SR6JE pd_rd_wg-8yaDo pd_rd_r-841967bc-72c0-4962-9ef9-0704f4bec6d4 c-f\" data-csa-op-log-render=\"\" data-csa-c-content-id=\"amzn1.sym.cdcffa71-e0b6-4359-8695-8b1b65851e69\" data-csa-c-slot-id=\"sims-container-4\" data-csa-c-type=\"widget\" data-csa-c-painter=\"p13n-desktop-carousel-cards\" data-csa-c-id=\"3w0pwm-tys65f-62tqyq-s5av2b\" data-cel-widget=\"p13n-desktop-carousel_DPSims_3\">\n<div id=\"CardInstanceUpHPK2ySAh1EL8qsWckt7A\" data-card-metrics-id=\"p13n-desktop-carousel_DPSims_3\" data-acp-tracking=\"{\"pd_rd_w\":\"sorFX\",\"content-id\":\"amzn1.sym.cdcffa71-e0b6-4359-8695-8b1b65851e69\",\"pf_rd_p\":\"cdcffa71-e0b6-4359-8695-8b1b65851e69\",\"pf_rd_r\":\"RB6EHSGA3NS1EF6SR6JE\",\"pd_rd_wg\":\"8yaDo\",\"pd_rd_r\":\"841967bc-72c0-4962-9ef9-0704f4bec6d4\",\"ref_\":\"pb_allspark_purchase_sims_desktop\"}\" data-mix-claimed=\"true\">\n<div class=\"a-section a-spacing-large\">\n<div class=\"a-begin a-carousel-container a-carousel-display-swap a-carousel-transition-swap p13n-sc-shoveler p13n-carousel-initialized a-carousel-initialized\" data-a-carousel-options=\"{\"ajax\":{\"id_list\":[\"{\\\"id\\\":\\\"0880795158\\\",\\\"linkParameters\\\":{\\\"pd_rd_i\\\":\\\"0880795158\\\"},\\\"contextLinks\\\":[]}\",\"{\\\"id\\\":\\\"1507206690\\\",\\\"linkParameters\\\":{\\\"pd_rd_i\\\":\\\"1507206690\\\"},\\\"contextLinks\\\":[]}\"]},\"autoAdjustHeightFreescroll\":true,\"first_item_flush_left\":false,\"initThreshold\":100,\"loadingThresholdPixels\":100,\"name\":\"p13n-sc-shoveler_j7ok6g40vv\",\"nextRequestSize\":6,\"set_size\":2}\" data-faceoutspecs=\"{}\" data-faceoutkataname=\"GeneralFaceout\" data-individuals=\"0\" data-language=\"en-US\" data-linkparameters=\"{\"pd_rd_w\":\"sorFX\",\"content-id\":\"amzn1.sym.cdcffa71-e0b6-4359-8695-8b1b65851e69\",\"pf_rd_p\":\"cdcffa71-e0b6-4359-8695-8b1b65851e69\",\"pf_rd_r\":\"RB6EHSGA3NS1EF6SR6JE\",\"pd_rd_wg\":\"8yaDo\",\"pd_rd_r\":\"841967bc-72c0-4962-9ef9-0704f4bec6d4\"}\" data-marketplaceid=\"ATVPDKIKX0DER\" data-name=\"p13n-sc-shoveler_j7ok6g40vv\" data-offset=\"2\" data-reftagprefix=\"d_pb_allspark_purchase_sims_desktop\" data-slotindex=\"3\" data-a-display-strategy=\"swap\" data-a-transition-strategy=\"swap\" data-a-ajax-strategy=\"promise\">\n<div class=\"a-row\">\n<div class=\"_cDEzb_p13n-flex-container-header-kebab_3IZ27\">\n<div class=\"a-row a-carousel-header-row a-size-medium\"><span style=\"color: #555555;\">Durch das Spiel erfahren und lernen Kinder und Erwachsene viel mehr \u00fcber die essbaren und ungenie\u00dfbaren wilden Gaben der Natur. Das Spiel hilft zu erkennen und zu respektieren, was da drau\u00dfen ist. Gehen Sie hinaus und sehen Sie, was Sie finden oder erkennen k\u00f6nnen, aber gehen Sie freundlich mit der <a href=\"https:\/\/teiaeducation.ch\/product-category\/play\/nature-play\/\">Natur<\/a> um!<\/span><\/div>\n<\/div>\n<\/div>\n<\/div>\n<\/div>\n<\/div>\n<\/div>\n<\/div>\n<\/div>\n<\/div>\n<\/div>\n<p> Inhalt: 1 Kartenspiel 1 Karton zur Aufbewahrung <\/p>\n<h2>Uber Kikkerland<\/h2>\n<p> Die Niederl\u00e4ndische Marke Kikkerland Design wurde 1992 gegr\u00fcndet und ist eines der weltweit f\u00fchrenden Unternehmen, das einzigartige und gut gestaltete Produkte anbietet. Das Unternehmen unterst\u00fctzt und vertritt unabh\u00e4ngige, selbst produzierende Designer aus der ganzen Welt und bietet dar\u00fcber hinaus ein umfassendes Sortiment von Produkten der Marken Kikkerland und Huckleberry an. <a href=\"https:\/\/teiaeducation.ch\/product-category\/brands\/kikkerland\/\">Kikkerland<\/a> ist stolz auf seinen nachhaltigen Ansatz und arbeitet aktiv an \u00f6kologischen Wiederherstellungsprojekten und kreativen Schreib- und Designprogrammen f\u00fcr benachteiligte Jugendliche. Huckleberry ist eine Reihe einfacher Werkzeuge und Spielzeuge, die sich perfekt f\u00fcr jedes Outdoor-Abenteuer eignen und das gemeinsame Lernen im Freien f\u00f6rdern &#8211; so lernen Kinder die F\u00e4higkeiten, die sie brauchen, um im Erwachsenenalter voll und ganz zu funktionieren.<\/p>\n","protected":false},"excerpt":{"rendered":"<p>Artikelnummer: 09327 Die Kikkerland Sammlerspielkarten zeigen botanische Illustrationen und Pflanzenfakten, um etwas \u00fcber essbare und ungenie\u00dfbare wilde Geschenke der Natur zu lernen!<\/p>\n","protected":false},"featured_media":51962,"comment_status":"open","ping_status":"closed","template":"","meta":[],"product_brand":[],"product_cat":[21445,21446,21479,21512,21670,21484,22422,21682,22433,21466,21510,21509,21443,21470,21563,22362,21678,21564],"product_tag":[29511,29509,29510,29505,29506,29508,29512,29507],"class_list":{"0":"post-61648","1":"product","2":"type-product","3":"status-publish","4":"has-post-thumbnail","6":"product_cat-3-6-jahre-vorschule","7":"product_cat-6-12-jahre-grundschule","8":"product_cat-lernmaterialien-spielzeug-montessori-waldorf-steiner-froebel","9":"product_cat-botanik","10":"product_cat-fruehjahrskollektion","11":"product_cat-geschenk-guides","12":"product_cat-geschenke-fuer-das-osterkoerbchen","13":"product_cat-gesellschaftsspiele-spielen","14":"product_cat-kikkerland-de","15":"product_cat-kinderbuecher","16":"product_cat-kultur-wissenschaft","17":"product_cat-lernthemen","18":"product_cat-nach-alter","19":"product_cat-naturbuecher","20":"product_cat-neuheiten","21":"product_cat-saisonale-kollektionen","22":"product_cat-kinder-spielzeug","23":"product_cat-unsere-marken","24":"product_tag-botanische-illustrationen-spielkarten","25":"product_tag-karten-mit-botanischen-illustrationen","26":"product_tag-karten-mit-pflanzenfakten-fur-sammler","27":"product_tag-kikkerland-de","28":"product_tag-kikkerland-spielkarten","29":"product_tag-lernen-sie-essbare-pflanzen-kennen","30":"product_tag-pflanzenfakten-fur-sammler-karten","31":"product_tag-sammler-spielkarten-kikkerland","33":"first","34":"instock","35":"taxable","36":"shipping-taxable","37":"purchasable","38":"product-type-simple"},"yoast_head":"<!-- This site is optimized with the Yoast SEO plugin v27.1.1 - https:\/\/yoast.com\/product\/yoast-seo-wordpress\/ -->\n<title>Foragers Spielkarten - Kikkerland - Teia Education &amp; Play<\/title>\n<meta name=\"description\" content=\"Foragers Spielkarten - Kikkerland\" \/>\n<meta name=\"robots\" content=\"index, follow, max-snippet:-1, max-image-preview:large, max-video-preview:-1\" \/>\n<link rel=\"canonical\" href=\"https:\/\/teiaeducation.ch\/de\/produkt\/foragers-spielkarten-kikkerland\/\" \/>\n<meta property=\"og:locale\" content=\"de_DE\" \/>\n<meta property=\"og:type\" content=\"article\" \/>\n<meta property=\"og:title\" content=\"Foragers Spielkarten - Kikkerland - Teia Education &amp; Play\" \/>\n<meta property=\"og:description\" content=\"Foragers Spielkarten - Kikkerland\" \/>\n<meta property=\"og:url\" content=\"https:\/\/teiaeducation.ch\/de\/produkt\/foragers-spielkarten-kikkerland\/\" \/>\n<meta property=\"og:site_name\" content=\"Sustainable Educational Products &amp; Ecological Toys\u00a0\" \/>\n<meta property=\"article:publisher\" content=\"https:\/\/www.facebook.com\/teiaeducation\/\" \/>\n<meta property=\"article:modified_time\" content=\"2024-08-19T14:08:49+00:00\" \/>\n<meta property=\"og:image\" content=\"https:\/\/teiaeducation.ch\/wp-content\/uploads\/2023\/02\/Kikkerland-foragers-playing-cards-botanical-illustrations-and-plant-facts.jpg\" \/>\n\t<meta property=\"og:image:width\" content=\"984\" \/>\n\t<meta property=\"og:image:height\" content=\"984\" \/>\n\t<meta property=\"og:image:type\" content=\"image\/jpeg\" \/>\n<script type=\"application\/ld+json\" class=\"yoast-schema-graph\">{\"@context\":\"https:\/\/schema.org\",\"@graph\":[{\"@type\":\"WebPage\",\"@id\":\"https:\/\/teiaeducation.ch\/de\/produkt\/foragers-spielkarten-kikkerland\/\",\"url\":\"https:\/\/teiaeducation.ch\/de\/produkt\/foragers-spielkarten-kikkerland\/\",\"name\":\"Foragers Spielkarten - Kikkerland - Teia Education & Play\",\"isPartOf\":{\"@id\":\"https:\/\/teiaeducation.ch\/de\/#website\"},\"primaryImageOfPage\":{\"@id\":\"https:\/\/teiaeducation.ch\/de\/produkt\/foragers-spielkarten-kikkerland\/#primaryimage\"},\"image\":{\"@id\":\"https:\/\/teiaeducation.ch\/de\/produkt\/foragers-spielkarten-kikkerland\/#primaryimage\"},\"thumbnailUrl\":\"https:\/\/teiaeducation.ch\/wp-content\/uploads\/2023\/02\/Kikkerland-foragers-playing-cards-botanical-illustrations-and-plant-facts.jpg\",\"datePublished\":\"2023-02-27T14:27:17+00:00\",\"dateModified\":\"2024-08-19T14:08:49+00:00\",\"description\":\"Foragers Spielkarten - Kikkerland\",\"breadcrumb\":{\"@id\":\"https:\/\/teiaeducation.ch\/de\/produkt\/foragers-spielkarten-kikkerland\/#breadcrumb\"},\"inLanguage\":\"de-CH\",\"potentialAction\":[{\"@type\":\"ReadAction\",\"target\":[\"https:\/\/teiaeducation.ch\/de\/produkt\/foragers-spielkarten-kikkerland\/\"]}]},{\"@type\":\"ImageObject\",\"inLanguage\":\"de-CH\",\"@id\":\"https:\/\/teiaeducation.ch\/de\/produkt\/foragers-spielkarten-kikkerland\/#primaryimage\",\"url\":\"https:\/\/teiaeducation.ch\/wp-content\/uploads\/2023\/02\/Kikkerland-foragers-playing-cards-botanical-illustrations-and-plant-facts.jpg\",\"contentUrl\":\"https:\/\/teiaeducation.ch\/wp-content\/uploads\/2023\/02\/Kikkerland-foragers-playing-cards-botanical-illustrations-and-plant-facts.jpg\",\"width\":984,\"height\":984,\"caption\":\"Kikkerland Sammler Spielkarten botanische Illustrationen und Pflanzenfakten\"},{\"@type\":\"BreadcrumbList\",\"@id\":\"https:\/\/teiaeducation.ch\/de\/produkt\/foragers-spielkarten-kikkerland\/#breadcrumb\",\"itemListElement\":[{\"@type\":\"ListItem\",\"position\":1,\"name\":\"Home\",\"item\":\"https:\/\/teiaeducation.ch\/de\/\"},{\"@type\":\"ListItem\",\"position\":2,\"name\":\"Laden\",\"item\":\"https:\/\/teiaeducation.ch\/de\/shop\/\"},{\"@type\":\"ListItem\",\"position\":3,\"name\":\"Lernthemen\",\"item\":\"https:\/\/teiaeducation.ch\/de\/produkt-kategorie\/lernthemen\/\"},{\"@type\":\"ListItem\",\"position\":4,\"name\":\"Kultur &amp; Wissenschaft\",\"item\":\"https:\/\/teiaeducation.ch\/de\/produkt-kategorie\/lernthemen\/kultur-wissenschaft\/\"},{\"@type\":\"ListItem\",\"position\":5,\"name\":\"Botanik\",\"item\":\"https:\/\/teiaeducation.ch\/de\/produkt-kategorie\/lernthemen\/kultur-wissenschaft\/botanik\/\"},{\"@type\":\"ListItem\",\"position\":6,\"name\":\"Foragers Spielkarten &#8211; Kikkerland\"}]},{\"@type\":\"WebSite\",\"@id\":\"https:\/\/teiaeducation.ch\/de\/#website\",\"url\":\"https:\/\/teiaeducation.ch\/de\/\",\"name\":\"Sustainable Educational Products &amp; Ecological Toys\u00a0\",\"description\":\"Specialised Swiss shop selling sustainable educational toys and games, AMI certified Montessori materials, handmade ecological wooden Waldorf toys and arts &amp; crafts supplies, school supplies, children&#039;s furniture and Montessori reference and parenting books.\",\"publisher\":{\"@id\":\"https:\/\/teiaeducation.ch\/de\/#organization\"},\"alternateName\":\"Teia Education & Play\",\"potentialAction\":[{\"@type\":\"SearchAction\",\"target\":{\"@type\":\"EntryPoint\",\"urlTemplate\":\"https:\/\/teiaeducation.ch\/de\/?s={search_term_string}\"},\"query-input\":{\"@type\":\"PropertyValueSpecification\",\"valueRequired\":true,\"valueName\":\"search_term_string\"}}],\"inLanguage\":\"de-CH\"},{\"@type\":\"Organization\",\"@id\":\"https:\/\/teiaeducation.ch\/de\/#organization\",\"name\":\"Teia Education & Play\",\"url\":\"https:\/\/teiaeducation.ch\/de\/\",\"logo\":{\"@type\":\"ImageObject\",\"inLanguage\":\"de-CH\",\"@id\":\"https:\/\/teiaeducation.ch\/de\/#\/schema\/logo\/image\/\",\"url\":\"https:\/\/teiaeducation.ch\/wp-content\/uploads\/2020\/11\/Teia-Education-Switzerland-e1620156442216.jpg\",\"contentUrl\":\"https:\/\/teiaeducation.ch\/wp-content\/uploads\/2020\/11\/Teia-Education-Switzerland-e1620156442216.jpg\",\"width\":166,\"height\":145,\"caption\":\"Teia Education & Play\"},\"image\":{\"@id\":\"https:\/\/teiaeducation.ch\/de\/#\/schema\/logo\/image\/\"},\"sameAs\":[\"https:\/\/www.facebook.com\/teiaeducation\/\",\"https:\/\/x.com\/EducationTeia\",\"https:\/\/www.instagram.com\/teia.education\/\",\"https:\/\/www.linkedin.com\/company\/35501660\",\"https:\/\/www.pinterest.ch\/TeiaEducation\/\"]}]}<\/script>\n<!-- \/ Yoast SEO plugin. -->","yoast_head_json":{"title":"Foragers Spielkarten - Kikkerland - Teia Education & Play","description":"Foragers Spielkarten - Kikkerland","robots":{"index":"index","follow":"follow","max-snippet":"max-snippet:-1","max-image-preview":"max-image-preview:large","max-video-preview":"max-video-preview:-1"},"canonical":"https:\/\/teiaeducation.ch\/de\/produkt\/foragers-spielkarten-kikkerland\/","og_locale":"de_DE","og_type":"article","og_title":"Foragers Spielkarten - Kikkerland - Teia Education & Play","og_description":"Foragers Spielkarten - Kikkerland","og_url":"https:\/\/teiaeducation.ch\/de\/produkt\/foragers-spielkarten-kikkerland\/","og_site_name":"Sustainable Educational Products &amp; Ecological Toys\u00a0","article_publisher":"https:\/\/www.facebook.com\/teiaeducation\/","article_modified_time":"2024-08-19T14:08:49+00:00","og_image":[{"width":984,"height":984,"url":"https:\/\/teiaeducation.ch\/wp-content\/uploads\/2023\/02\/Kikkerland-foragers-playing-cards-botanical-illustrations-and-plant-facts.jpg","type":"image\/jpeg"}],"schema":{"@context":"https:\/\/schema.org","@graph":[{"@type":"WebPage","@id":"https:\/\/teiaeducation.ch\/de\/produkt\/foragers-spielkarten-kikkerland\/","url":"https:\/\/teiaeducation.ch\/de\/produkt\/foragers-spielkarten-kikkerland\/","name":"Foragers Spielkarten - Kikkerland - Teia Education & Play","isPartOf":{"@id":"https:\/\/teiaeducation.ch\/de\/#website"},"primaryImageOfPage":{"@id":"https:\/\/teiaeducation.ch\/de\/produkt\/foragers-spielkarten-kikkerland\/#primaryimage"},"image":{"@id":"https:\/\/teiaeducation.ch\/de\/produkt\/foragers-spielkarten-kikkerland\/#primaryimage"},"thumbnailUrl":"https:\/\/teiaeducation.ch\/wp-content\/uploads\/2023\/02\/Kikkerland-foragers-playing-cards-botanical-illustrations-and-plant-facts.jpg","datePublished":"2023-02-27T14:27:17+00:00","dateModified":"2024-08-19T14:08:49+00:00","description":"Foragers Spielkarten - Kikkerland","breadcrumb":{"@id":"https:\/\/teiaeducation.ch\/de\/produkt\/foragers-spielkarten-kikkerland\/#breadcrumb"},"inLanguage":"de-CH","potentialAction":[{"@type":"ReadAction","target":["https:\/\/teiaeducation.ch\/de\/produkt\/foragers-spielkarten-kikkerland\/"]}]},{"@type":"ImageObject","inLanguage":"de-CH","@id":"https:\/\/teiaeducation.ch\/de\/produkt\/foragers-spielkarten-kikkerland\/#primaryimage","url":"https:\/\/teiaeducation.ch\/wp-content\/uploads\/2023\/02\/Kikkerland-foragers-playing-cards-botanical-illustrations-and-plant-facts.jpg","contentUrl":"https:\/\/teiaeducation.ch\/wp-content\/uploads\/2023\/02\/Kikkerland-foragers-playing-cards-botanical-illustrations-and-plant-facts.jpg","width":984,"height":984,"caption":"Kikkerland Sammler Spielkarten botanische Illustrationen und Pflanzenfakten"},{"@type":"BreadcrumbList","@id":"https:\/\/teiaeducation.ch\/de\/produkt\/foragers-spielkarten-kikkerland\/#breadcrumb","itemListElement":[{"@type":"ListItem","position":1,"name":"Home","item":"https:\/\/teiaeducation.ch\/de\/"},{"@type":"ListItem","position":2,"name":"Laden","item":"https:\/\/teiaeducation.ch\/de\/shop\/"},{"@type":"ListItem","position":3,"name":"Lernthemen","item":"https:\/\/teiaeducation.ch\/de\/produkt-kategorie\/lernthemen\/"},{"@type":"ListItem","position":4,"name":"Kultur &amp; Wissenschaft","item":"https:\/\/teiaeducation.ch\/de\/produkt-kategorie\/lernthemen\/kultur-wissenschaft\/"},{"@type":"ListItem","position":5,"name":"Botanik","item":"https:\/\/teiaeducation.ch\/de\/produkt-kategorie\/lernthemen\/kultur-wissenschaft\/botanik\/"},{"@type":"ListItem","position":6,"name":"Foragers Spielkarten &#8211; Kikkerland"}]},{"@type":"WebSite","@id":"https:\/\/teiaeducation.ch\/de\/#website","url":"https:\/\/teiaeducation.ch\/de\/","name":"Sustainable Educational Products &amp; Ecological Toys\u00a0","description":"Specialised Swiss shop selling sustainable educational toys and games, AMI certified Montessori materials, handmade ecological wooden Waldorf toys and arts &amp; crafts supplies, school supplies, children&#039;s furniture and Montessori reference and parenting books.","publisher":{"@id":"https:\/\/teiaeducation.ch\/de\/#organization"},"alternateName":"Teia Education & Play","potentialAction":[{"@type":"SearchAction","target":{"@type":"EntryPoint","urlTemplate":"https:\/\/teiaeducation.ch\/de\/?s={search_term_string}"},"query-input":{"@type":"PropertyValueSpecification","valueRequired":true,"valueName":"search_term_string"}}],"inLanguage":"de-CH"},{"@type":"Organization","@id":"https:\/\/teiaeducation.ch\/de\/#organization","name":"Teia Education & Play","url":"https:\/\/teiaeducation.ch\/de\/","logo":{"@type":"ImageObject","inLanguage":"de-CH","@id":"https:\/\/teiaeducation.ch\/de\/#\/schema\/logo\/image\/","url":"https:\/\/teiaeducation.ch\/wp-content\/uploads\/2020\/11\/Teia-Education-Switzerland-e1620156442216.jpg","contentUrl":"https:\/\/teiaeducation.ch\/wp-content\/uploads\/2020\/11\/Teia-Education-Switzerland-e1620156442216.jpg","width":166,"height":145,"caption":"Teia Education & Play"},"image":{"@id":"https:\/\/teiaeducation.ch\/de\/#\/schema\/logo\/image\/"},"sameAs":["https:\/\/www.facebook.com\/teiaeducation\/","https:\/\/x.com\/EducationTeia","https:\/\/www.instagram.com\/teia.education\/","https:\/\/www.linkedin.com\/company\/35501660","https:\/\/www.pinterest.ch\/TeiaEducation\/"]}]}},"_links":{"self":[{"href":"https:\/\/teiaeducation.ch\/de\/wp-json\/wp\/v2\/product\/61648","targetHints":{"allow":["GET"]}}],"collection":[{"href":"https:\/\/teiaeducation.ch\/de\/wp-json\/wp\/v2\/product"}],"about":[{"href":"https:\/\/teiaeducation.ch\/de\/wp-json\/wp\/v2\/types\/product"}],"replies":[{"embeddable":true,"href":"https:\/\/teiaeducation.ch\/de\/wp-json\/wp\/v2\/comments?post=61648"}],"wp:featuredmedia":[{"embeddable":true,"href":"https:\/\/teiaeducation.ch\/de\/wp-json\/wp\/v2\/media\/51962"}],"wp:attachment":[{"href":"https:\/\/teiaeducation.ch\/de\/wp-json\/wp\/v2\/media?parent=61648"}],"wp:term":[{"taxonomy":"product_brand","embeddable":true,"href":"https:\/\/teiaeducation.ch\/de\/wp-json\/wp\/v2\/product_brand?post=61648"},{"taxonomy":"product_cat","embeddable":true,"href":"https:\/\/teiaeducation.ch\/de\/wp-json\/wp\/v2\/product_cat?post=61648"},{"taxonomy":"product_tag","embeddable":true,"href":"https:\/\/teiaeducation.ch\/de\/wp-json\/wp\/v2\/product_tag?post=61648"}],"curies":[{"name":"wp","href":"https:\/\/api.w.org\/{rel}","templated":true}]}}