{"id":61658,"date":"2022-06-07T12:02:44","date_gmt":"2022-06-07T10:02:44","guid":{"rendered":"https:\/\/teiaeducation.ch\/product\/kaleidoskop-kikkerland-huckleberry\/"},"modified":"2026-02-20T17:40:39","modified_gmt":"2026-02-20T16:40:39","slug":"kaleidoskop-kikkerland-huckleberry","status":"publish","type":"product","link":"https:\/\/teiaeducation.ch\/de\/produkt\/kaleidoskop-kikkerland-huckleberry\/","title":{"rendered":"Kaleidoskop &#8211; Kikkerland Huckleberry"},"content":{"rendered":"<p>Dieses langlebige Kaleidoskop von Huckleberry by Kikkerland verwandelt verschiedene Elemente der Natur in eine wundersch\u00f6ne <a href=\"https:\/\/teiaeducation.ch\/product-category\/learning-themes\/sensory-motor-skills\/learning-about-colour\/\">Farb<\/a>collage und erm\u00f6glicht es Kindern, ihre eigenen visuellen Kunstwerke zu schaffen! F\u00fcgen Sie Bl\u00fctenbl\u00e4tter, farbige Steine und leuchtend gr\u00fcnes Gras hinzu, um eine Welt der Farben in der Natur zu sehen, die Sie noch nie zuvor gesehen haben. Das Kaleidoskop unterst\u00fctzt das selbst\u00e4ndige <a href=\"https:\/\/teiaeducation.ch\/product-category\/learning-themes\/\">Lernen<\/a> der Kinder und hilft ihnen, ihre eigene <a href=\"https:\/\/teiaeducation.ch\/product-category\/play\/nature-play\/\">Natur<\/a>erziehung und -erkundung zu f\u00f6rdern. Dieses interaktive Kaleidoskop ist die perfekte Erg\u00e4nzung f\u00fcr jeden naturwissenschaftlichen Lehrplan, der sich mit <a href=\"https:\/\/teiaeducation.ch\/product-category\/learning-themes\/culture-science\/botany\/\">Botanik<\/a> besch\u00e4ftigt, und eine wertvolle Erg\u00e4nzung f\u00fcr jeden jungen Entdecker oder Naturforscher sowie ein <a href=\"https:\/\/teiaeducation.ch\/product-category\/hgh-quality-toys-play\/montessori-toys\/\">Montessori-Lernspielzeug<\/a> f\u00fcr jedes Zuhause oder Klassenzimmer. Das sch\u00f6ne und nachhaltig hergestellte Kaleidoskop Huckleberry ist aus FSC-zertifiziertem Kraftpapier, PET und PP hergestellt. Sie ist f\u00fcr Kinder ab 3 Jahren geeignet. Ein Teil des Verkaufs von Huckleberry kommt dem Children  Nature Network zugute. <\/p>\n<div class=\"product-description rte\" data-product-description=\"\"> Die Niederl\u00e4ndische Marke Kikkerland Design wurde 1992 gegr\u00fcndet und ist eines der weltweit f\u00fchrenden Unternehmen, das einzigartige und gut gestaltete Produkte anbietet. Das Unternehmen unterst\u00fctzt und vertritt unabh\u00e4ngige, selbst produzierende Designer aus der ganzen Welt und bietet dar\u00fcber hinaus ein umfassendes Sortiment von Produkten der Marken Kikkerland und Huckleberry an. <a href=\"https:\/\/teiaeducation.ch\/product-category\/brands\/kikkerland\/\">Kikkerland<\/a> ist stolz auf seinen nachhaltigen Ansatz und arbeitet aktiv an \u00f6kologischen Wiederherstellungsprojekten und kreativen Schreib- und Designprogrammen f\u00fcr benachteiligte Jugendliche. Huckleberry ist eine Reihe einfacher Werkzeuge und Spielzeuge, die sich perfekt f\u00fcr jedes Outdoor-Abenteuer eignen und das gemeinsame Lernen im Freien f\u00f6rdern &#8211; so lernen Kinder die F\u00e4higkeiten, die sie brauchen, um im Erwachsenenalter voll und ganz zu funktionieren. Inhalt: 1 Kaleidoskop <\/div>\n","protected":false},"excerpt":{"rendered":"<p>Artikelnummer: KKHB15 Das Kaleidoskop von Huckleberry by Kikkerland verwandelt verschiedene Elemente der Natur in eine wundersch\u00f6ne Collage aus Farben und visuellen Kunstwerken!<\/p>\n","protected":false},"featured_media":48982,"comment_status":"open","ping_status":"closed","template":"","meta":[],"product_brand":[],"product_cat":[21445,21446,21679,21479,21670,21487,21484,22422,21464,22433,21510,21509,21481,22182,21443,21689,21563,22362,23636,21678,23133,21482,21564,21483,21520],"product_tag":[29520,29517,29518,29519,29522,29521,29515,29516],"class_list":{"0":"post-61658","1":"product","2":"type-product","3":"status-publish","4":"has-post-thumbnail","6":"product_cat-3-6-jahre-vorschule","7":"product_cat-6-12-jahre-grundschule","8":"product_cat-aktiv-spielzeug","9":"product_cat-lernmaterialien-spielzeug-montessori-waldorf-steiner-froebel","10":"product_cat-fruehjahrskollektion","11":"product_cat-geschenk-guide-3-6-jahre-vorschule","12":"product_cat-geschenk-guides","13":"product_cat-geschenke-fuer-das-osterkoerbchen","14":"product_cat-herbstkollektion","15":"product_cat-kikkerland-de","16":"product_cat-kultur-wissenschaft","17":"product_cat-lernthemen","18":"product_cat-montessori-paedagogik-material-spielzeug","19":"product_cat-montessori-spielzeug","20":"product_cat-nach-alter","21":"product_cat-naturspiel","22":"product_cat-neuheiten","23":"product_cat-saisonale-kollektionen","24":"product_cat-sommer-kollektion","25":"product_cat-kinder-spielzeug","26":"product_cat-spielzeug-fuer-draussen","27":"product_cat-traditionelle-bildung","28":"product_cat-unsere-marken","29":"product_cat-waldorf-steiner-paedagogik","30":"product_cat-wissenschaft","31":"product_tag-holzerner-kompass-kind","32":"product_tag-holzkompass-huckleberry","33":"product_tag-holzkompass-kikkerland","34":"product_tag-holzkompass-kikkerland-kinder","35":"product_tag-kaleidoskop-fur-kinder","36":"product_tag-kaleidoskop-kikkerland-huckleberry","37":"product_tag-naturspiele-fur-kinder","38":"product_tag-naturspielzeug-aus-holz","40":"first","41":"instock","42":"taxable","43":"shipping-taxable","44":"purchasable","45":"product-type-simple"},"yoast_head":"<!-- This site is optimized with the Yoast SEO plugin v27.1.1 - https:\/\/yoast.com\/product\/yoast-seo-wordpress\/ -->\n<title>Kaleidoskop - Kikkerland Huckleberry<\/title>\n<meta name=\"description\" content=\"Das Kaleidoskop von Huckleberry by Kikkerland verwandelt verschiedene Elemente der Natur in eine wundersch\u00f6ne Collage aus Farben und visuellen Kunstwerken\" \/>\n<meta name=\"robots\" content=\"index, follow, max-snippet:-1, max-image-preview:large, max-video-preview:-1\" \/>\n<link rel=\"canonical\" href=\"https:\/\/teiaeducation.ch\/de\/produkt\/kaleidoskop-kikkerland-huckleberry\/\" \/>\n<meta property=\"og:locale\" content=\"de_DE\" \/>\n<meta property=\"og:type\" content=\"article\" \/>\n<meta property=\"og:title\" content=\"Kaleidoskop - Kikkerland Huckleberry\" \/>\n<meta property=\"og:description\" content=\"Das Kaleidoskop von Huckleberry by Kikkerland verwandelt verschiedene Elemente der Natur in eine wundersch\u00f6ne Collage aus Farben und visuellen Kunstwerken\" \/>\n<meta property=\"og:url\" content=\"https:\/\/teiaeducation.ch\/de\/produkt\/kaleidoskop-kikkerland-huckleberry\/\" \/>\n<meta property=\"og:site_name\" content=\"Sustainable Educational Products &amp; Ecological Toys\u00a0\" \/>\n<meta property=\"article:publisher\" content=\"https:\/\/www.facebook.com\/teiaeducation\/\" \/>\n<meta property=\"article:modified_time\" content=\"2026-02-20T16:40:39+00:00\" \/>\n<meta property=\"og:image\" content=\"https:\/\/teiaeducation.ch\/wp-content\/uploads\/2022\/06\/Kaleidoscope-Kikkerland-Huckleberry.jpg\" \/>\n\t<meta property=\"og:image:width\" content=\"966\" \/>\n\t<meta property=\"og:image:height\" content=\"855\" \/>\n\t<meta property=\"og:image:type\" content=\"image\/jpeg\" \/>\n<script type=\"application\/ld+json\" class=\"yoast-schema-graph\">{\"@context\":\"https:\/\/schema.org\",\"@graph\":[{\"@type\":\"WebPage\",\"@id\":\"https:\/\/teiaeducation.ch\/de\/produkt\/kaleidoskop-kikkerland-huckleberry\/\",\"url\":\"https:\/\/teiaeducation.ch\/de\/produkt\/kaleidoskop-kikkerland-huckleberry\/\",\"name\":\"Kaleidoskop - Kikkerland Huckleberry\",\"isPartOf\":{\"@id\":\"https:\/\/teiaeducation.ch\/de\/#website\"},\"primaryImageOfPage\":{\"@id\":\"https:\/\/teiaeducation.ch\/de\/produkt\/kaleidoskop-kikkerland-huckleberry\/#primaryimage\"},\"image\":{\"@id\":\"https:\/\/teiaeducation.ch\/de\/produkt\/kaleidoskop-kikkerland-huckleberry\/#primaryimage\"},\"thumbnailUrl\":\"https:\/\/teiaeducation.ch\/wp-content\/uploads\/2022\/06\/Kaleidoscope-Kikkerland-Huckleberry.jpg\",\"datePublished\":\"2022-06-07T10:02:44+00:00\",\"dateModified\":\"2026-02-20T16:40:39+00:00\",\"description\":\"Das Kaleidoskop von Huckleberry by Kikkerland verwandelt verschiedene Elemente der Natur in eine wundersch\u00f6ne Collage aus Farben und visuellen Kunstwerken\",\"breadcrumb\":{\"@id\":\"https:\/\/teiaeducation.ch\/de\/produkt\/kaleidoskop-kikkerland-huckleberry\/#breadcrumb\"},\"inLanguage\":\"de-CH\",\"potentialAction\":[{\"@type\":\"ReadAction\",\"target\":[\"https:\/\/teiaeducation.ch\/de\/produkt\/kaleidoskop-kikkerland-huckleberry\/\"]}]},{\"@type\":\"ImageObject\",\"inLanguage\":\"de-CH\",\"@id\":\"https:\/\/teiaeducation.ch\/de\/produkt\/kaleidoskop-kikkerland-huckleberry\/#primaryimage\",\"url\":\"https:\/\/teiaeducation.ch\/wp-content\/uploads\/2022\/06\/Kaleidoscope-Kikkerland-Huckleberry.jpg\",\"contentUrl\":\"https:\/\/teiaeducation.ch\/wp-content\/uploads\/2022\/06\/Kaleidoscope-Kikkerland-Huckleberry.jpg\",\"width\":966,\"height\":855,\"caption\":\"Kaleidoskop - Kikkerland Huckleberry\"},{\"@type\":\"BreadcrumbList\",\"@id\":\"https:\/\/teiaeducation.ch\/de\/produkt\/kaleidoskop-kikkerland-huckleberry\/#breadcrumb\",\"itemListElement\":[{\"@type\":\"ListItem\",\"position\":1,\"name\":\"Home\",\"item\":\"https:\/\/teiaeducation.ch\/de\/\"},{\"@type\":\"ListItem\",\"position\":2,\"name\":\"Laden\",\"item\":\"https:\/\/teiaeducation.ch\/de\/shop\/\"},{\"@type\":\"ListItem\",\"position\":3,\"name\":\"Lernthemen\",\"item\":\"https:\/\/teiaeducation.ch\/de\/produkt-kategorie\/lernthemen\/\"},{\"@type\":\"ListItem\",\"position\":4,\"name\":\"Kultur &amp; Wissenschaft\",\"item\":\"https:\/\/teiaeducation.ch\/de\/produkt-kategorie\/lernthemen\/kultur-wissenschaft\/\"},{\"@type\":\"ListItem\",\"position\":5,\"name\":\"Wissenschaft\",\"item\":\"https:\/\/teiaeducation.ch\/de\/produkt-kategorie\/lernthemen\/kultur-wissenschaft\/wissenschaft\/\"},{\"@type\":\"ListItem\",\"position\":6,\"name\":\"Kaleidoskop &#8211; Kikkerland Huckleberry\"}]},{\"@type\":\"WebSite\",\"@id\":\"https:\/\/teiaeducation.ch\/de\/#website\",\"url\":\"https:\/\/teiaeducation.ch\/de\/\",\"name\":\"Sustainable Educational Products &amp; Ecological Toys\u00a0\",\"description\":\"Specialised Swiss shop selling sustainable educational toys and games, AMI certified Montessori materials, handmade ecological wooden Waldorf toys and arts &amp; crafts supplies, school supplies, children&#039;s furniture and Montessori reference and parenting books.\",\"publisher\":{\"@id\":\"https:\/\/teiaeducation.ch\/de\/#organization\"},\"alternateName\":\"Teia Education & Play\",\"potentialAction\":[{\"@type\":\"SearchAction\",\"target\":{\"@type\":\"EntryPoint\",\"urlTemplate\":\"https:\/\/teiaeducation.ch\/de\/?s={search_term_string}\"},\"query-input\":{\"@type\":\"PropertyValueSpecification\",\"valueRequired\":true,\"valueName\":\"search_term_string\"}}],\"inLanguage\":\"de-CH\"},{\"@type\":\"Organization\",\"@id\":\"https:\/\/teiaeducation.ch\/de\/#organization\",\"name\":\"Teia Education & Play\",\"url\":\"https:\/\/teiaeducation.ch\/de\/\",\"logo\":{\"@type\":\"ImageObject\",\"inLanguage\":\"de-CH\",\"@id\":\"https:\/\/teiaeducation.ch\/de\/#\/schema\/logo\/image\/\",\"url\":\"https:\/\/teiaeducation.ch\/wp-content\/uploads\/2020\/11\/Teia-Education-Switzerland-e1620156442216.jpg\",\"contentUrl\":\"https:\/\/teiaeducation.ch\/wp-content\/uploads\/2020\/11\/Teia-Education-Switzerland-e1620156442216.jpg\",\"width\":166,\"height\":145,\"caption\":\"Teia Education & Play\"},\"image\":{\"@id\":\"https:\/\/teiaeducation.ch\/de\/#\/schema\/logo\/image\/\"},\"sameAs\":[\"https:\/\/www.facebook.com\/teiaeducation\/\",\"https:\/\/x.com\/EducationTeia\",\"https:\/\/www.instagram.com\/teia.education\/\",\"https:\/\/www.linkedin.com\/company\/35501660\",\"https:\/\/www.pinterest.ch\/TeiaEducation\/\"]}]}<\/script>\n<!-- \/ Yoast SEO plugin. -->","yoast_head_json":{"title":"Kaleidoskop - Kikkerland Huckleberry","description":"Das Kaleidoskop von Huckleberry by Kikkerland verwandelt verschiedene Elemente der Natur in eine wundersch\u00f6ne Collage aus Farben und visuellen Kunstwerken","robots":{"index":"index","follow":"follow","max-snippet":"max-snippet:-1","max-image-preview":"max-image-preview:large","max-video-preview":"max-video-preview:-1"},"canonical":"https:\/\/teiaeducation.ch\/de\/produkt\/kaleidoskop-kikkerland-huckleberry\/","og_locale":"de_DE","og_type":"article","og_title":"Kaleidoskop - Kikkerland Huckleberry","og_description":"Das Kaleidoskop von Huckleberry by Kikkerland verwandelt verschiedene Elemente der Natur in eine wundersch\u00f6ne Collage aus Farben und visuellen Kunstwerken","og_url":"https:\/\/teiaeducation.ch\/de\/produkt\/kaleidoskop-kikkerland-huckleberry\/","og_site_name":"Sustainable Educational Products &amp; Ecological Toys\u00a0","article_publisher":"https:\/\/www.facebook.com\/teiaeducation\/","article_modified_time":"2026-02-20T16:40:39+00:00","og_image":[{"width":966,"height":855,"url":"https:\/\/teiaeducation.ch\/wp-content\/uploads\/2022\/06\/Kaleidoscope-Kikkerland-Huckleberry.jpg","type":"image\/jpeg"}],"schema":{"@context":"https:\/\/schema.org","@graph":[{"@type":"WebPage","@id":"https:\/\/teiaeducation.ch\/de\/produkt\/kaleidoskop-kikkerland-huckleberry\/","url":"https:\/\/teiaeducation.ch\/de\/produkt\/kaleidoskop-kikkerland-huckleberry\/","name":"Kaleidoskop - Kikkerland Huckleberry","isPartOf":{"@id":"https:\/\/teiaeducation.ch\/de\/#website"},"primaryImageOfPage":{"@id":"https:\/\/teiaeducation.ch\/de\/produkt\/kaleidoskop-kikkerland-huckleberry\/#primaryimage"},"image":{"@id":"https:\/\/teiaeducation.ch\/de\/produkt\/kaleidoskop-kikkerland-huckleberry\/#primaryimage"},"thumbnailUrl":"https:\/\/teiaeducation.ch\/wp-content\/uploads\/2022\/06\/Kaleidoscope-Kikkerland-Huckleberry.jpg","datePublished":"2022-06-07T10:02:44+00:00","dateModified":"2026-02-20T16:40:39+00:00","description":"Das Kaleidoskop von Huckleberry by Kikkerland verwandelt verschiedene Elemente der Natur in eine wundersch\u00f6ne Collage aus Farben und visuellen Kunstwerken","breadcrumb":{"@id":"https:\/\/teiaeducation.ch\/de\/produkt\/kaleidoskop-kikkerland-huckleberry\/#breadcrumb"},"inLanguage":"de-CH","potentialAction":[{"@type":"ReadAction","target":["https:\/\/teiaeducation.ch\/de\/produkt\/kaleidoskop-kikkerland-huckleberry\/"]}]},{"@type":"ImageObject","inLanguage":"de-CH","@id":"https:\/\/teiaeducation.ch\/de\/produkt\/kaleidoskop-kikkerland-huckleberry\/#primaryimage","url":"https:\/\/teiaeducation.ch\/wp-content\/uploads\/2022\/06\/Kaleidoscope-Kikkerland-Huckleberry.jpg","contentUrl":"https:\/\/teiaeducation.ch\/wp-content\/uploads\/2022\/06\/Kaleidoscope-Kikkerland-Huckleberry.jpg","width":966,"height":855,"caption":"Kaleidoskop - Kikkerland Huckleberry"},{"@type":"BreadcrumbList","@id":"https:\/\/teiaeducation.ch\/de\/produkt\/kaleidoskop-kikkerland-huckleberry\/#breadcrumb","itemListElement":[{"@type":"ListItem","position":1,"name":"Home","item":"https:\/\/teiaeducation.ch\/de\/"},{"@type":"ListItem","position":2,"name":"Laden","item":"https:\/\/teiaeducation.ch\/de\/shop\/"},{"@type":"ListItem","position":3,"name":"Lernthemen","item":"https:\/\/teiaeducation.ch\/de\/produkt-kategorie\/lernthemen\/"},{"@type":"ListItem","position":4,"name":"Kultur &amp; Wissenschaft","item":"https:\/\/teiaeducation.ch\/de\/produkt-kategorie\/lernthemen\/kultur-wissenschaft\/"},{"@type":"ListItem","position":5,"name":"Wissenschaft","item":"https:\/\/teiaeducation.ch\/de\/produkt-kategorie\/lernthemen\/kultur-wissenschaft\/wissenschaft\/"},{"@type":"ListItem","position":6,"name":"Kaleidoskop &#8211; Kikkerland Huckleberry"}]},{"@type":"WebSite","@id":"https:\/\/teiaeducation.ch\/de\/#website","url":"https:\/\/teiaeducation.ch\/de\/","name":"Sustainable Educational Products &amp; Ecological Toys\u00a0","description":"Specialised Swiss shop selling sustainable educational toys and games, AMI certified Montessori materials, handmade ecological wooden Waldorf toys and arts &amp; crafts supplies, school supplies, children&#039;s furniture and Montessori reference and parenting books.","publisher":{"@id":"https:\/\/teiaeducation.ch\/de\/#organization"},"alternateName":"Teia Education & Play","potentialAction":[{"@type":"SearchAction","target":{"@type":"EntryPoint","urlTemplate":"https:\/\/teiaeducation.ch\/de\/?s={search_term_string}"},"query-input":{"@type":"PropertyValueSpecification","valueRequired":true,"valueName":"search_term_string"}}],"inLanguage":"de-CH"},{"@type":"Organization","@id":"https:\/\/teiaeducation.ch\/de\/#organization","name":"Teia Education & Play","url":"https:\/\/teiaeducation.ch\/de\/","logo":{"@type":"ImageObject","inLanguage":"de-CH","@id":"https:\/\/teiaeducation.ch\/de\/#\/schema\/logo\/image\/","url":"https:\/\/teiaeducation.ch\/wp-content\/uploads\/2020\/11\/Teia-Education-Switzerland-e1620156442216.jpg","contentUrl":"https:\/\/teiaeducation.ch\/wp-content\/uploads\/2020\/11\/Teia-Education-Switzerland-e1620156442216.jpg","width":166,"height":145,"caption":"Teia Education & Play"},"image":{"@id":"https:\/\/teiaeducation.ch\/de\/#\/schema\/logo\/image\/"},"sameAs":["https:\/\/www.facebook.com\/teiaeducation\/","https:\/\/x.com\/EducationTeia","https:\/\/www.instagram.com\/teia.education\/","https:\/\/www.linkedin.com\/company\/35501660","https:\/\/www.pinterest.ch\/TeiaEducation\/"]}]}},"_links":{"self":[{"href":"https:\/\/teiaeducation.ch\/de\/wp-json\/wp\/v2\/product\/61658","targetHints":{"allow":["GET"]}}],"collection":[{"href":"https:\/\/teiaeducation.ch\/de\/wp-json\/wp\/v2\/product"}],"about":[{"href":"https:\/\/teiaeducation.ch\/de\/wp-json\/wp\/v2\/types\/product"}],"replies":[{"embeddable":true,"href":"https:\/\/teiaeducation.ch\/de\/wp-json\/wp\/v2\/comments?post=61658"}],"wp:featuredmedia":[{"embeddable":true,"href":"https:\/\/teiaeducation.ch\/de\/wp-json\/wp\/v2\/media\/48982"}],"wp:attachment":[{"href":"https:\/\/teiaeducation.ch\/de\/wp-json\/wp\/v2\/media?parent=61658"}],"wp:term":[{"taxonomy":"product_brand","embeddable":true,"href":"https:\/\/teiaeducation.ch\/de\/wp-json\/wp\/v2\/product_brand?post=61658"},{"taxonomy":"product_cat","embeddable":true,"href":"https:\/\/teiaeducation.ch\/de\/wp-json\/wp\/v2\/product_cat?post=61658"},{"taxonomy":"product_tag","embeddable":true,"href":"https:\/\/teiaeducation.ch\/de\/wp-json\/wp\/v2\/product_tag?post=61658"}],"curies":[{"name":"wp","href":"https:\/\/api.w.org\/{rel}","templated":true}]}}