{"id":61665,"date":"2022-06-07T11:40:05","date_gmt":"2022-06-07T09:40:05","guid":{"rendered":"https:\/\/teiaeducation.ch\/product\/kompass-fuer-kinder-aus-holz-kikkerland-huckleberry\/"},"modified":"2024-08-19T16:52:55","modified_gmt":"2024-08-19T14:52:55","slug":"kompass-fuer-kinder-aus-holz-kikkerland-huckleberry","status":"publish","type":"product","link":"https:\/\/teiaeducation.ch\/de\/produkt\/kompass-fuer-kinder-aus-holz-kikkerland-huckleberry\/","title":{"rendered":"Kompass f\u00fcr Kinder aus Holz &#8211; Kikkerland Huckleberry"},"content":{"rendered":"<p>Dieser hochwertige und langlebige Holzkompass von Huckleberry by Kikkerland ist perfekt f\u00fcr junge Entdecker, die sich drau\u00dfen in der <a href=\"https:\/\/teiaeducation.ch\/product-category\/play\/nature-play\/\">Natur<\/a> bewegen wollen &#8211; viel Spa\u00df bei Abenteuern im Freien mit diesem tollen Kinderkompass! Kinder k\u00f6nnen lernen, den Kompass zu lesen und wertvolle Navigationsf\u00e4higkeiten zu entwickeln. Sie k\u00f6nnen sehen, ob sie nach Norden, Osten, S\u00fcden oder Westen gehen, egal ob sie im Garten, im Park oder im Wald sind. Der durchsichtige K\u00f6rper erm\u00f6glicht es den Kindern, die Erde zu sehen, w\u00e4hrend sie navigieren, und stellt so eine st\u00e4rkere Verbindung zu ihrem Interesse an Spielen im Freien und der Entdeckung der Natur her. Ein Kompass ist eine wertvolle Erg\u00e4nzung f\u00fcr die Ausr\u00fcstung eines jungen Entdeckers oder Naturforschers sowie ein <a href=\"https:\/\/teiaeducation.ch\/product-category\/hgh-quality-toys-play\/montessori-toys\/\">Montessori-Lernspielzeug<\/a> f\u00fcr jedes Zuhause oder Klassenzimmer. Dieser sch\u00f6ne Huckleberry-Kompass f\u00fcr Kinder hat einen Durchmesser von 7,1 cm und ist aus FSC-zertifiziertem Buchenholz, Acryl, Metall und gewachster Baumwolle gefertigt. Er wurde von Koens und Middelkoop entworfen und ist f\u00fcr Kinder ab 3 Jahren geeignet.       <\/p>\n<div class=\"product-description rte\" data-product-description=\"\"> Die Niederl\u00e4ndische Marke Kikkerland Design wurde 1992 gegr\u00fcndet und ist eines der weltweit f\u00fchrenden Unternehmen, das einzigartige und gut gestaltete Produkte anbietet. Das Unternehmen unterst\u00fctzt und vertritt unabh\u00e4ngige, selbst produzierende Designer aus der ganzen Welt und bietet dar\u00fcber hinaus ein umfassendes Sortiment von Produkten der Marken Kikkerland und Huckleberry an. <a href=\"https:\/\/teiaeducation.ch\/product-category\/brands\/kikkerland\/\">Kikkerland<\/a> ist stolz auf seinen nachhaltigen Ansatz und arbeitet aktiv an \u00f6kologischen Wiederherstellungsprojekten und kreativen Schreib- und Designprogrammen f\u00fcr benachteiligte Jugendliche. Huckleberry ist eine Reihe einfacher Werkzeuge und Spielzeuge, die sich perfekt f\u00fcr jedes Outdoor-Abenteuer eignen und das gemeinsame Lernen im Freien f\u00f6rdern &#8211; so lernen Kinder die F\u00e4higkeiten, die sie brauchen, um im Erwachsenenalter voll und ganz zu funktionieren. Inhalt: 1 Holzzirkel <\/div>\n","protected":false},"excerpt":{"rendered":"<p>Artikelnummer: KKHB28 Dieser hochwertige Kinderkompass aus Holz von Kikkerland eignet sich perfekt f\u00fcr junge Entdecker, um drau\u00dfen in der Natur auf Entdeckungsreise zu gehen.<\/p>\n","protected":false},"featured_media":48952,"comment_status":"open","ping_status":"closed","template":"","meta":[],"product_brand":[],"product_cat":[21445,21446,21679,21479,21670,21487,21484,22422,21464,22433,21510,21509,21481,22182,21443,21689,21563,22362,23636,21678,23133,21482,21564,24314,21483,21520],"product_tag":[29520,29517,29518,29519,29523,29515,29516],"class_list":{"0":"post-61665","1":"product","2":"type-product","3":"status-publish","4":"has-post-thumbnail","6":"product_cat-3-6-jahre-vorschule","7":"product_cat-6-12-jahre-grundschule","8":"product_cat-aktiv-spielzeug","9":"product_cat-lernmaterialien-spielzeug-montessori-waldorf-steiner-froebel","10":"product_cat-fruehjahrskollektion","11":"product_cat-geschenk-guide-3-6-jahre-vorschule","12":"product_cat-geschenk-guides","13":"product_cat-geschenke-fuer-das-osterkoerbchen","14":"product_cat-herbstkollektion","15":"product_cat-kikkerland-de","16":"product_cat-kultur-wissenschaft","17":"product_cat-lernthemen","18":"product_cat-montessori-paedagogik-material-spielzeug","19":"product_cat-montessori-spielzeug","20":"product_cat-nach-alter","21":"product_cat-naturspiel","22":"product_cat-neuheiten","23":"product_cat-saisonale-kollektionen","24":"product_cat-sommer-kollektion","25":"product_cat-kinder-spielzeug","26":"product_cat-spielzeug-fuer-draussen","27":"product_cat-traditionelle-bildung","28":"product_cat-unsere-marken","29":"product_cat-valentinstag","30":"product_cat-waldorf-steiner-paedagogik","31":"product_cat-wissenschaft","32":"product_tag-holzerner-kompass-kind","33":"product_tag-holzkompass-huckleberry","34":"product_tag-holzkompass-kikkerland","35":"product_tag-holzkompass-kikkerland-kinder","36":"product_tag-kinderkompass","37":"product_tag-naturspiele-fur-kinder","38":"product_tag-naturspielzeug-aus-holz","40":"first","41":"outofstock","42":"taxable","43":"shipping-taxable","44":"purchasable","45":"product-type-simple"},"yoast_head":"<!-- This site is optimized with the Yoast SEO plugin v27.3 - https:\/\/yoast.com\/product\/yoast-seo-wordpress\/ -->\n<title>Kompass f\u00fcr Kinder aus Holz - Kikkerland Huckleberry<\/title>\n<meta name=\"description\" content=\"Dieser hochwertige Kinderkompass aus Holz von Kikkerland eignet sich perfekt f\u00fcr junge Entdecker, die drau\u00dfen in der Natur auf Entdeckungsreise gehen.\" \/>\n<meta name=\"robots\" content=\"index, follow, max-snippet:-1, max-image-preview:large, max-video-preview:-1\" \/>\n<link rel=\"canonical\" href=\"https:\/\/teiaeducation.ch\/de\/produkt\/kompass-fuer-kinder-aus-holz-kikkerland-huckleberry\/\" \/>\n<meta property=\"og:locale\" content=\"de_DE\" \/>\n<meta property=\"og:type\" content=\"article\" \/>\n<meta property=\"og:title\" content=\"Kompass f\u00fcr Kinder aus Holz - Kikkerland Huckleberry\" \/>\n<meta property=\"og:description\" content=\"Dieser hochwertige Kinderkompass aus Holz von Kikkerland eignet sich perfekt f\u00fcr junge Entdecker, die drau\u00dfen in der Natur auf Entdeckungsreise gehen.\" \/>\n<meta property=\"og:url\" content=\"https:\/\/teiaeducation.ch\/de\/produkt\/kompass-fuer-kinder-aus-holz-kikkerland-huckleberry\/\" \/>\n<meta property=\"og:site_name\" content=\"Sustainable Educational Products &amp; Ecological Toys\u00a0\" \/>\n<meta property=\"article:publisher\" content=\"https:\/\/www.facebook.com\/teiaeducation\/\" \/>\n<meta property=\"article:modified_time\" content=\"2024-08-19T14:52:55+00:00\" \/>\n<meta property=\"og:image\" content=\"https:\/\/teiaeducation.ch\/wp-content\/uploads\/2022\/06\/Wood-childrens-compass-Kikkerland.jpg\" \/>\n\t<meta property=\"og:image:width\" content=\"1440\" \/>\n\t<meta property=\"og:image:height\" content=\"1440\" \/>\n\t<meta property=\"og:image:type\" content=\"image\/jpeg\" \/>\n<script type=\"application\/ld+json\" class=\"yoast-schema-graph\">{\"@context\":\"https:\\\/\\\/schema.org\",\"@graph\":[{\"@type\":\"WebPage\",\"@id\":\"https:\\\/\\\/teiaeducation.ch\\\/de\\\/produkt\\\/kompass-fuer-kinder-aus-holz-kikkerland-huckleberry\\\/\",\"url\":\"https:\\\/\\\/teiaeducation.ch\\\/de\\\/produkt\\\/kompass-fuer-kinder-aus-holz-kikkerland-huckleberry\\\/\",\"name\":\"Kompass f\u00fcr Kinder aus Holz - Kikkerland Huckleberry\",\"isPartOf\":{\"@id\":\"https:\\\/\\\/teiaeducation.ch\\\/de\\\/#website\"},\"primaryImageOfPage\":{\"@id\":\"https:\\\/\\\/teiaeducation.ch\\\/de\\\/produkt\\\/kompass-fuer-kinder-aus-holz-kikkerland-huckleberry\\\/#primaryimage\"},\"image\":{\"@id\":\"https:\\\/\\\/teiaeducation.ch\\\/de\\\/produkt\\\/kompass-fuer-kinder-aus-holz-kikkerland-huckleberry\\\/#primaryimage\"},\"thumbnailUrl\":\"https:\\\/\\\/teiaeducation.ch\\\/wp-content\\\/uploads\\\/2022\\\/06\\\/Wood-childrens-compass-Kikkerland.jpg\",\"datePublished\":\"2022-06-07T09:40:05+00:00\",\"dateModified\":\"2024-08-19T14:52:55+00:00\",\"description\":\"Dieser hochwertige Kinderkompass aus Holz von Kikkerland eignet sich perfekt f\u00fcr junge Entdecker, die drau\u00dfen in der Natur auf Entdeckungsreise gehen.\",\"breadcrumb\":{\"@id\":\"https:\\\/\\\/teiaeducation.ch\\\/de\\\/produkt\\\/kompass-fuer-kinder-aus-holz-kikkerland-huckleberry\\\/#breadcrumb\"},\"inLanguage\":\"de-CH\",\"potentialAction\":[{\"@type\":\"ReadAction\",\"target\":[\"https:\\\/\\\/teiaeducation.ch\\\/de\\\/produkt\\\/kompass-fuer-kinder-aus-holz-kikkerland-huckleberry\\\/\"]}]},{\"@type\":\"ImageObject\",\"inLanguage\":\"de-CH\",\"@id\":\"https:\\\/\\\/teiaeducation.ch\\\/de\\\/produkt\\\/kompass-fuer-kinder-aus-holz-kikkerland-huckleberry\\\/#primaryimage\",\"url\":\"https:\\\/\\\/teiaeducation.ch\\\/wp-content\\\/uploads\\\/2022\\\/06\\\/Wood-childrens-compass-Kikkerland.jpg\",\"contentUrl\":\"https:\\\/\\\/teiaeducation.ch\\\/wp-content\\\/uploads\\\/2022\\\/06\\\/Wood-childrens-compass-Kikkerland.jpg\",\"width\":1440,\"height\":1440,\"caption\":\"Kinderkompass aus Holz - Kikkerland\"},{\"@type\":\"BreadcrumbList\",\"@id\":\"https:\\\/\\\/teiaeducation.ch\\\/de\\\/produkt\\\/kompass-fuer-kinder-aus-holz-kikkerland-huckleberry\\\/#breadcrumb\",\"itemListElement\":[{\"@type\":\"ListItem\",\"position\":1,\"name\":\"Home\",\"item\":\"https:\\\/\\\/teiaeducation.ch\\\/de\\\/\"},{\"@type\":\"ListItem\",\"position\":2,\"name\":\"Laden\",\"item\":\"https:\\\/\\\/teiaeducation.ch\\\/de\\\/shop\\\/\"},{\"@type\":\"ListItem\",\"position\":3,\"name\":\"Lernthemen\",\"item\":\"https:\\\/\\\/teiaeducation.ch\\\/de\\\/produkt-kategorie\\\/lernthemen\\\/\"},{\"@type\":\"ListItem\",\"position\":4,\"name\":\"Kultur &amp; Wissenschaft\",\"item\":\"https:\\\/\\\/teiaeducation.ch\\\/de\\\/produkt-kategorie\\\/lernthemen\\\/kultur-wissenschaft\\\/\"},{\"@type\":\"ListItem\",\"position\":5,\"name\":\"Wissenschaft\",\"item\":\"https:\\\/\\\/teiaeducation.ch\\\/de\\\/produkt-kategorie\\\/lernthemen\\\/kultur-wissenschaft\\\/wissenschaft\\\/\"},{\"@type\":\"ListItem\",\"position\":6,\"name\":\"Kompass f\u00fcr Kinder aus Holz &#8211; Kikkerland Huckleberry\"}]},{\"@type\":\"WebSite\",\"@id\":\"https:\\\/\\\/teiaeducation.ch\\\/de\\\/#website\",\"url\":\"https:\\\/\\\/teiaeducation.ch\\\/de\\\/\",\"name\":\"Sustainable Educational Products &amp; Ecological Toys\u00a0\",\"description\":\"Specialised Swiss shop selling sustainable educational toys and games, AMI certified Montessori materials, handmade ecological wooden Waldorf toys and arts &amp; crafts supplies, school supplies, children&#039;s furniture and Montessori reference and parenting books.\",\"publisher\":{\"@id\":\"https:\\\/\\\/teiaeducation.ch\\\/de\\\/#organization\"},\"alternateName\":\"Teia Education & Play\",\"potentialAction\":[{\"@type\":\"SearchAction\",\"target\":{\"@type\":\"EntryPoint\",\"urlTemplate\":\"https:\\\/\\\/teiaeducation.ch\\\/de\\\/?s={search_term_string}\"},\"query-input\":{\"@type\":\"PropertyValueSpecification\",\"valueRequired\":true,\"valueName\":\"search_term_string\"}}],\"inLanguage\":\"de-CH\"},{\"@type\":\"Organization\",\"@id\":\"https:\\\/\\\/teiaeducation.ch\\\/de\\\/#organization\",\"name\":\"Teia Education & Play\",\"url\":\"https:\\\/\\\/teiaeducation.ch\\\/de\\\/\",\"logo\":{\"@type\":\"ImageObject\",\"inLanguage\":\"de-CH\",\"@id\":\"https:\\\/\\\/teiaeducation.ch\\\/de\\\/#\\\/schema\\\/logo\\\/image\\\/\",\"url\":\"https:\\\/\\\/teiaeducation.ch\\\/wp-content\\\/uploads\\\/2020\\\/11\\\/Teia-Education-Switzerland-e1620156442216.jpg\",\"contentUrl\":\"https:\\\/\\\/teiaeducation.ch\\\/wp-content\\\/uploads\\\/2020\\\/11\\\/Teia-Education-Switzerland-e1620156442216.jpg\",\"width\":166,\"height\":145,\"caption\":\"Teia Education & Play\"},\"image\":{\"@id\":\"https:\\\/\\\/teiaeducation.ch\\\/de\\\/#\\\/schema\\\/logo\\\/image\\\/\"},\"sameAs\":[\"https:\\\/\\\/www.facebook.com\\\/teiaeducation\\\/\",\"https:\\\/\\\/x.com\\\/EducationTeia\",\"https:\\\/\\\/www.instagram.com\\\/teia.education\\\/\",\"https:\\\/\\\/www.linkedin.com\\\/company\\\/35501660\",\"https:\\\/\\\/www.pinterest.ch\\\/TeiaEducation\\\/\"]}]}<\/script>\n<!-- \/ Yoast SEO plugin. -->","yoast_head_json":{"title":"Kompass f\u00fcr Kinder aus Holz - Kikkerland Huckleberry","description":"Dieser hochwertige Kinderkompass aus Holz von Kikkerland eignet sich perfekt f\u00fcr junge Entdecker, die drau\u00dfen in der Natur auf Entdeckungsreise gehen.","robots":{"index":"index","follow":"follow","max-snippet":"max-snippet:-1","max-image-preview":"max-image-preview:large","max-video-preview":"max-video-preview:-1"},"canonical":"https:\/\/teiaeducation.ch\/de\/produkt\/kompass-fuer-kinder-aus-holz-kikkerland-huckleberry\/","og_locale":"de_DE","og_type":"article","og_title":"Kompass f\u00fcr Kinder aus Holz - Kikkerland Huckleberry","og_description":"Dieser hochwertige Kinderkompass aus Holz von Kikkerland eignet sich perfekt f\u00fcr junge Entdecker, die drau\u00dfen in der Natur auf Entdeckungsreise gehen.","og_url":"https:\/\/teiaeducation.ch\/de\/produkt\/kompass-fuer-kinder-aus-holz-kikkerland-huckleberry\/","og_site_name":"Sustainable Educational Products &amp; Ecological Toys\u00a0","article_publisher":"https:\/\/www.facebook.com\/teiaeducation\/","article_modified_time":"2024-08-19T14:52:55+00:00","og_image":[{"width":1440,"height":1440,"url":"https:\/\/teiaeducation.ch\/wp-content\/uploads\/2022\/06\/Wood-childrens-compass-Kikkerland.jpg","type":"image\/jpeg"}],"schema":{"@context":"https:\/\/schema.org","@graph":[{"@type":"WebPage","@id":"https:\/\/teiaeducation.ch\/de\/produkt\/kompass-fuer-kinder-aus-holz-kikkerland-huckleberry\/","url":"https:\/\/teiaeducation.ch\/de\/produkt\/kompass-fuer-kinder-aus-holz-kikkerland-huckleberry\/","name":"Kompass f\u00fcr Kinder aus Holz - Kikkerland Huckleberry","isPartOf":{"@id":"https:\/\/teiaeducation.ch\/de\/#website"},"primaryImageOfPage":{"@id":"https:\/\/teiaeducation.ch\/de\/produkt\/kompass-fuer-kinder-aus-holz-kikkerland-huckleberry\/#primaryimage"},"image":{"@id":"https:\/\/teiaeducation.ch\/de\/produkt\/kompass-fuer-kinder-aus-holz-kikkerland-huckleberry\/#primaryimage"},"thumbnailUrl":"https:\/\/teiaeducation.ch\/wp-content\/uploads\/2022\/06\/Wood-childrens-compass-Kikkerland.jpg","datePublished":"2022-06-07T09:40:05+00:00","dateModified":"2024-08-19T14:52:55+00:00","description":"Dieser hochwertige Kinderkompass aus Holz von Kikkerland eignet sich perfekt f\u00fcr junge Entdecker, die drau\u00dfen in der Natur auf Entdeckungsreise gehen.","breadcrumb":{"@id":"https:\/\/teiaeducation.ch\/de\/produkt\/kompass-fuer-kinder-aus-holz-kikkerland-huckleberry\/#breadcrumb"},"inLanguage":"de-CH","potentialAction":[{"@type":"ReadAction","target":["https:\/\/teiaeducation.ch\/de\/produkt\/kompass-fuer-kinder-aus-holz-kikkerland-huckleberry\/"]}]},{"@type":"ImageObject","inLanguage":"de-CH","@id":"https:\/\/teiaeducation.ch\/de\/produkt\/kompass-fuer-kinder-aus-holz-kikkerland-huckleberry\/#primaryimage","url":"https:\/\/teiaeducation.ch\/wp-content\/uploads\/2022\/06\/Wood-childrens-compass-Kikkerland.jpg","contentUrl":"https:\/\/teiaeducation.ch\/wp-content\/uploads\/2022\/06\/Wood-childrens-compass-Kikkerland.jpg","width":1440,"height":1440,"caption":"Kinderkompass aus Holz - Kikkerland"},{"@type":"BreadcrumbList","@id":"https:\/\/teiaeducation.ch\/de\/produkt\/kompass-fuer-kinder-aus-holz-kikkerland-huckleberry\/#breadcrumb","itemListElement":[{"@type":"ListItem","position":1,"name":"Home","item":"https:\/\/teiaeducation.ch\/de\/"},{"@type":"ListItem","position":2,"name":"Laden","item":"https:\/\/teiaeducation.ch\/de\/shop\/"},{"@type":"ListItem","position":3,"name":"Lernthemen","item":"https:\/\/teiaeducation.ch\/de\/produkt-kategorie\/lernthemen\/"},{"@type":"ListItem","position":4,"name":"Kultur &amp; Wissenschaft","item":"https:\/\/teiaeducation.ch\/de\/produkt-kategorie\/lernthemen\/kultur-wissenschaft\/"},{"@type":"ListItem","position":5,"name":"Wissenschaft","item":"https:\/\/teiaeducation.ch\/de\/produkt-kategorie\/lernthemen\/kultur-wissenschaft\/wissenschaft\/"},{"@type":"ListItem","position":6,"name":"Kompass f\u00fcr Kinder aus Holz &#8211; Kikkerland Huckleberry"}]},{"@type":"WebSite","@id":"https:\/\/teiaeducation.ch\/de\/#website","url":"https:\/\/teiaeducation.ch\/de\/","name":"Sustainable Educational Products &amp; Ecological Toys\u00a0","description":"Specialised Swiss shop selling sustainable educational toys and games, AMI certified Montessori materials, handmade ecological wooden Waldorf toys and arts &amp; crafts supplies, school supplies, children&#039;s furniture and Montessori reference and parenting books.","publisher":{"@id":"https:\/\/teiaeducation.ch\/de\/#organization"},"alternateName":"Teia Education & Play","potentialAction":[{"@type":"SearchAction","target":{"@type":"EntryPoint","urlTemplate":"https:\/\/teiaeducation.ch\/de\/?s={search_term_string}"},"query-input":{"@type":"PropertyValueSpecification","valueRequired":true,"valueName":"search_term_string"}}],"inLanguage":"de-CH"},{"@type":"Organization","@id":"https:\/\/teiaeducation.ch\/de\/#organization","name":"Teia Education & Play","url":"https:\/\/teiaeducation.ch\/de\/","logo":{"@type":"ImageObject","inLanguage":"de-CH","@id":"https:\/\/teiaeducation.ch\/de\/#\/schema\/logo\/image\/","url":"https:\/\/teiaeducation.ch\/wp-content\/uploads\/2020\/11\/Teia-Education-Switzerland-e1620156442216.jpg","contentUrl":"https:\/\/teiaeducation.ch\/wp-content\/uploads\/2020\/11\/Teia-Education-Switzerland-e1620156442216.jpg","width":166,"height":145,"caption":"Teia Education & Play"},"image":{"@id":"https:\/\/teiaeducation.ch\/de\/#\/schema\/logo\/image\/"},"sameAs":["https:\/\/www.facebook.com\/teiaeducation\/","https:\/\/x.com\/EducationTeia","https:\/\/www.instagram.com\/teia.education\/","https:\/\/www.linkedin.com\/company\/35501660","https:\/\/www.pinterest.ch\/TeiaEducation\/"]}]}},"_links":{"self":[{"href":"https:\/\/teiaeducation.ch\/de\/wp-json\/wp\/v2\/product\/61665","targetHints":{"allow":["GET"]}}],"collection":[{"href":"https:\/\/teiaeducation.ch\/de\/wp-json\/wp\/v2\/product"}],"about":[{"href":"https:\/\/teiaeducation.ch\/de\/wp-json\/wp\/v2\/types\/product"}],"replies":[{"embeddable":true,"href":"https:\/\/teiaeducation.ch\/de\/wp-json\/wp\/v2\/comments?post=61665"}],"wp:featuredmedia":[{"embeddable":true,"href":"https:\/\/teiaeducation.ch\/de\/wp-json\/wp\/v2\/media\/48952"}],"wp:attachment":[{"href":"https:\/\/teiaeducation.ch\/de\/wp-json\/wp\/v2\/media?parent=61665"}],"wp:term":[{"taxonomy":"product_brand","embeddable":true,"href":"https:\/\/teiaeducation.ch\/de\/wp-json\/wp\/v2\/product_brand?post=61665"},{"taxonomy":"product_cat","embeddable":true,"href":"https:\/\/teiaeducation.ch\/de\/wp-json\/wp\/v2\/product_cat?post=61665"},{"taxonomy":"product_tag","embeddable":true,"href":"https:\/\/teiaeducation.ch\/de\/wp-json\/wp\/v2\/product_tag?post=61665"}],"curies":[{"name":"wp","href":"https:\/\/api.w.org\/{rel}","templated":true}]}}