{"id":61666,"date":"2022-02-24T11:57:38","date_gmt":"2022-02-24T10:57:38","guid":{"rendered":"https:\/\/teiaeducation.ch\/product\/natur-box-aus-holz-kikkerland-huckleberry\/"},"modified":"2025-05-03T18:51:21","modified_gmt":"2025-05-03T16:51:21","slug":"natur-box-aus-holz-kikkerland-huckleberry","status":"publish","type":"product","link":"https:\/\/teiaeducation.ch\/de\/produkt\/natur-box-aus-holz-kikkerland-huckleberry\/","title":{"rendered":"Natur Box aus Holz &#8211; Kikkerland Huckleberry"},"content":{"rendered":"<p>Die robuste und langlebige Huckleberry by Kikkerland Holzk\u00e4fer- und <a href=\"https:\/\/teiaeducation.ch\/product-category\/play\/nature-play\/\">Naturspiel<\/a>box ist das perfekte Geschenk f\u00fcr naturbegeisterte Kinder! Dieses<a href=\"https:\/\/teiaeducation.ch\/product-category\/hgh-quality-toys-play\/outdoor-toys\/\"> Outdoor-Spielzeug<\/a> bietet den perfekten Platz, um Sch\u00e4tze und K\u00e4fer aufzubewahren und auszustellen, die der Sammler bei seinen Spazierg\u00e4ngen in der Natur gefunden hat. Er verf\u00fcgt \u00fcber sieben F\u00e4cher mit 3 unterschiedlich gro\u00dfen F\u00e4chern: 1 x gro\u00dfes, 2 x mittleres und 4 x kleines Vergr\u00f6\u00dferungsfach. Jedes der F\u00e4cher ist mit einer Lupe ausgestattet, die Funde \u00fcberlebensgro\u00df erscheinen l\u00e4sst. Die Box ist aus Buchenholz, Sperrholz und Acryl gefertigt und ist der ideale Nistplatz f\u00fcr K\u00e4fer, Samen, Bl\u00e4tter oder interessante Blumen sowie eine perfekte Vitrine f\u00fcr gesch\u00e4tzte Sammlungen. Helfen Sie Ihren Kindern, sich mit der Natur zu verbinden, indem Sie sie zum Entdecken, Erforschen, Gestalten und Spielen anregen &#8211; mit dieser sch\u00f6nen K\u00e4fer- und Naturbox von Huckleberry! Die Niederl\u00e4ndische Marke Kikkerland Design wurde 1992 gegr\u00fcndet und ist eines der weltweit f\u00fchrenden Unternehmen, das einzigartige und gut gestaltete Produkte anbietet. Das Unternehmen unterst\u00fctzt und vertritt unabh\u00e4ngige, selbst produzierende Designer aus der ganzen Welt und bietet dar\u00fcber hinaus ein umfassendes Sortiment von Produkten der Marken Kikkerland und Huckleberry an. <a href=\"https:\/\/teiaeducation.ch\/product-category\/brands\/kikkerland\/\">Kikkerland<\/a> ist stolz auf seinen nachhaltigen Ansatz und arbeitet aktiv an \u00f6kologischen Wiederherstellungsprojekten und kreativen Schreib- und Designprogrammen f\u00fcr benachteiligte Jugendliche. Huckleberry ist eine Reihe einfacher Werkzeuge und Spielzeuge, die sich perfekt f\u00fcr jedes Outdoor-Abenteuer eignen und das gemeinsame Lernen im Freien f\u00f6rdern &#8211; so lernen Kinder die F\u00e4higkeiten, die sie brauchen, um im Erwachsenenalter voll und ganz zu funktionieren. Inhalt: 1 Holzkiste mit 7 F\u00e4chern<\/p>\n","protected":false},"excerpt":{"rendered":"<p>Artikelnummer: KKHB07 Die h\u00f6lzerne K\u00e4fer- und Naturkiste Huckleberry von Kikkerland ist ideal f\u00fcr Kinder, um Sch\u00e4tze und K\u00e4fer, die sie auf ihren Spazierg\u00e4ngen in der Natur gefunden haben, aufzubewahren und auszustellen.<\/p>\n","protected":false},"featured_media":44215,"comment_status":"open","ping_status":"closed","template":"","meta":[],"product_brand":[],"product_cat":[21445,21446,21679,21479,21512,21670,21487,21484,22422,21464,22433,21510,21509,21443,21689,21563,22362,23636,21678,23133,21511,21564,24314,21520],"product_tag":[29524,29529,29528,29527,29526,29525],"class_list":{"0":"post-61666","1":"product","2":"type-product","3":"status-publish","4":"has-post-thumbnail","6":"product_cat-3-6-jahre-vorschule","7":"product_cat-6-12-jahre-grundschule","8":"product_cat-aktiv-spielzeug","9":"product_cat-lernmaterialien-spielzeug-montessori-waldorf-steiner-froebel","10":"product_cat-botanik","11":"product_cat-fruehjahrskollektion","12":"product_cat-geschenk-guide-3-6-jahre-vorschule","13":"product_cat-geschenk-guides","14":"product_cat-geschenke-fuer-das-osterkoerbchen","15":"product_cat-herbstkollektion","16":"product_cat-kikkerland-de","17":"product_cat-kultur-wissenschaft","18":"product_cat-lernthemen","19":"product_cat-nach-alter","20":"product_cat-naturspiel","21":"product_cat-neuheiten","22":"product_cat-saisonale-kollektionen","23":"product_cat-sommer-kollektion","24":"product_cat-kinder-spielzeug","25":"product_cat-spielzeug-fuer-draussen","26":"product_cat-tiergeographie-zoologie","27":"product_cat-unsere-marken","28":"product_cat-valentinstag","29":"product_cat-wissenschaft","30":"product_tag-kafer-und-naturkasten-kikkerland-huckleberry","31":"product_tag-naturkasten-fur-kinder","32":"product_tag-wanzenkasten-aus-holz","33":"product_tag-wanzenkasten-fur-kinder","34":"product_tag-wanzenkasten-huckleberry","35":"product_tag-wanzenkasten-kikkerland","37":"first","38":"instock","39":"taxable","40":"shipping-taxable","41":"purchasable","42":"product-type-simple"},"yoast_head":"<!-- This site is optimized with the Yoast SEO plugin v27.3 - https:\/\/yoast.com\/product\/yoast-seo-wordpress\/ -->\n<title>Natur Box aus Holz - Kikkerland Huckleberry<\/title>\n<meta name=\"description\" content=\"Die h\u00f6lzerne K\u00e4fer- und Naturkiste Huckleberry von Kikkerland ist ideal f\u00fcr Kinder, um Sch\u00e4tze und K\u00e4fer, die sie auf ihren Spazierg\u00e4ngen in der Natur gefunden haben, aufzubewahren und auszustellen.\" \/>\n<meta name=\"robots\" content=\"index, follow, max-snippet:-1, max-image-preview:large, max-video-preview:-1\" \/>\n<link rel=\"canonical\" href=\"https:\/\/teiaeducation.ch\/de\/produkt\/natur-box-aus-holz-kikkerland-huckleberry\/\" \/>\n<meta property=\"og:locale\" content=\"de_DE\" \/>\n<meta property=\"og:type\" content=\"article\" \/>\n<meta property=\"og:title\" content=\"Natur Box aus Holz - Kikkerland Huckleberry\" \/>\n<meta property=\"og:description\" content=\"Die h\u00f6lzerne K\u00e4fer- und Naturkiste Huckleberry von Kikkerland ist ideal f\u00fcr Kinder, um Sch\u00e4tze und K\u00e4fer, die sie auf ihren Spazierg\u00e4ngen in der Natur gefunden haben, aufzubewahren und auszustellen.\" \/>\n<meta property=\"og:url\" content=\"https:\/\/teiaeducation.ch\/de\/produkt\/natur-box-aus-holz-kikkerland-huckleberry\/\" \/>\n<meta property=\"og:site_name\" content=\"Sustainable Educational Products &amp; Ecological Toys\u00a0\" \/>\n<meta property=\"article:publisher\" content=\"https:\/\/www.facebook.com\/teiaeducation\/\" \/>\n<meta property=\"article:modified_time\" content=\"2025-05-03T16:51:21+00:00\" \/>\n<meta property=\"og:image\" content=\"https:\/\/teiaeducation.ch\/wp-content\/uploads\/2022\/02\/Kikkerland-Huckleberry-bug-box-with-magnifiers.jpg\" \/>\n\t<meta property=\"og:image:width\" content=\"900\" \/>\n\t<meta property=\"og:image:height\" content=\"900\" \/>\n\t<meta property=\"og:image:type\" content=\"image\/jpeg\" \/>\n<script type=\"application\/ld+json\" class=\"yoast-schema-graph\">{\"@context\":\"https:\\\/\\\/schema.org\",\"@graph\":[{\"@type\":\"WebPage\",\"@id\":\"https:\\\/\\\/teiaeducation.ch\\\/de\\\/produkt\\\/natur-box-aus-holz-kikkerland-huckleberry\\\/\",\"url\":\"https:\\\/\\\/teiaeducation.ch\\\/de\\\/produkt\\\/natur-box-aus-holz-kikkerland-huckleberry\\\/\",\"name\":\"Natur Box aus Holz - Kikkerland Huckleberry\",\"isPartOf\":{\"@id\":\"https:\\\/\\\/teiaeducation.ch\\\/de\\\/#website\"},\"primaryImageOfPage\":{\"@id\":\"https:\\\/\\\/teiaeducation.ch\\\/de\\\/produkt\\\/natur-box-aus-holz-kikkerland-huckleberry\\\/#primaryimage\"},\"image\":{\"@id\":\"https:\\\/\\\/teiaeducation.ch\\\/de\\\/produkt\\\/natur-box-aus-holz-kikkerland-huckleberry\\\/#primaryimage\"},\"thumbnailUrl\":\"https:\\\/\\\/teiaeducation.ch\\\/wp-content\\\/uploads\\\/2022\\\/02\\\/Kikkerland-Huckleberry-bug-box-with-magnifiers.jpg\",\"datePublished\":\"2022-02-24T10:57:38+00:00\",\"dateModified\":\"2025-05-03T16:51:21+00:00\",\"description\":\"Die h\u00f6lzerne K\u00e4fer- und Naturkiste Huckleberry von Kikkerland ist ideal f\u00fcr Kinder, um Sch\u00e4tze und K\u00e4fer, die sie auf ihren Spazierg\u00e4ngen in der Natur gefunden haben, aufzubewahren und auszustellen.\",\"breadcrumb\":{\"@id\":\"https:\\\/\\\/teiaeducation.ch\\\/de\\\/produkt\\\/natur-box-aus-holz-kikkerland-huckleberry\\\/#breadcrumb\"},\"inLanguage\":\"de-CH\",\"potentialAction\":[{\"@type\":\"ReadAction\",\"target\":[\"https:\\\/\\\/teiaeducation.ch\\\/de\\\/produkt\\\/natur-box-aus-holz-kikkerland-huckleberry\\\/\"]}]},{\"@type\":\"ImageObject\",\"inLanguage\":\"de-CH\",\"@id\":\"https:\\\/\\\/teiaeducation.ch\\\/de\\\/produkt\\\/natur-box-aus-holz-kikkerland-huckleberry\\\/#primaryimage\",\"url\":\"https:\\\/\\\/teiaeducation.ch\\\/wp-content\\\/uploads\\\/2022\\\/02\\\/Kikkerland-Huckleberry-bug-box-with-magnifiers.jpg\",\"contentUrl\":\"https:\\\/\\\/teiaeducation.ch\\\/wp-content\\\/uploads\\\/2022\\\/02\\\/Kikkerland-Huckleberry-bug-box-with-magnifiers.jpg\",\"width\":900,\"height\":900,\"caption\":\"Wanzen- und Naturkasten Kinder - Kikkerland Huckleberry\"},{\"@type\":\"BreadcrumbList\",\"@id\":\"https:\\\/\\\/teiaeducation.ch\\\/de\\\/produkt\\\/natur-box-aus-holz-kikkerland-huckleberry\\\/#breadcrumb\",\"itemListElement\":[{\"@type\":\"ListItem\",\"position\":1,\"name\":\"Home\",\"item\":\"https:\\\/\\\/teiaeducation.ch\\\/de\\\/\"},{\"@type\":\"ListItem\",\"position\":2,\"name\":\"Laden\",\"item\":\"https:\\\/\\\/teiaeducation.ch\\\/de\\\/shop\\\/\"},{\"@type\":\"ListItem\",\"position\":3,\"name\":\"Natur Box aus Holz &#8211; Kikkerland Huckleberry\"}]},{\"@type\":\"WebSite\",\"@id\":\"https:\\\/\\\/teiaeducation.ch\\\/de\\\/#website\",\"url\":\"https:\\\/\\\/teiaeducation.ch\\\/de\\\/\",\"name\":\"Sustainable Educational Products &amp; Ecological Toys\u00a0\",\"description\":\"Specialised Swiss shop selling sustainable educational toys and games, AMI certified Montessori materials, handmade ecological wooden Waldorf toys and arts &amp; crafts supplies, school supplies, children&#039;s furniture and Montessori reference and parenting books.\",\"publisher\":{\"@id\":\"https:\\\/\\\/teiaeducation.ch\\\/de\\\/#organization\"},\"alternateName\":\"Teia Education & Play\",\"potentialAction\":[{\"@type\":\"SearchAction\",\"target\":{\"@type\":\"EntryPoint\",\"urlTemplate\":\"https:\\\/\\\/teiaeducation.ch\\\/de\\\/?s={search_term_string}\"},\"query-input\":{\"@type\":\"PropertyValueSpecification\",\"valueRequired\":true,\"valueName\":\"search_term_string\"}}],\"inLanguage\":\"de-CH\"},{\"@type\":\"Organization\",\"@id\":\"https:\\\/\\\/teiaeducation.ch\\\/de\\\/#organization\",\"name\":\"Teia Education & Play\",\"url\":\"https:\\\/\\\/teiaeducation.ch\\\/de\\\/\",\"logo\":{\"@type\":\"ImageObject\",\"inLanguage\":\"de-CH\",\"@id\":\"https:\\\/\\\/teiaeducation.ch\\\/de\\\/#\\\/schema\\\/logo\\\/image\\\/\",\"url\":\"https:\\\/\\\/teiaeducation.ch\\\/wp-content\\\/uploads\\\/2020\\\/11\\\/Teia-Education-Switzerland-e1620156442216.jpg\",\"contentUrl\":\"https:\\\/\\\/teiaeducation.ch\\\/wp-content\\\/uploads\\\/2020\\\/11\\\/Teia-Education-Switzerland-e1620156442216.jpg\",\"width\":166,\"height\":145,\"caption\":\"Teia Education & Play\"},\"image\":{\"@id\":\"https:\\\/\\\/teiaeducation.ch\\\/de\\\/#\\\/schema\\\/logo\\\/image\\\/\"},\"sameAs\":[\"https:\\\/\\\/www.facebook.com\\\/teiaeducation\\\/\",\"https:\\\/\\\/x.com\\\/EducationTeia\",\"https:\\\/\\\/www.instagram.com\\\/teia.education\\\/\",\"https:\\\/\\\/www.linkedin.com\\\/company\\\/35501660\",\"https:\\\/\\\/www.pinterest.ch\\\/TeiaEducation\\\/\"]}]}<\/script>\n<!-- \/ Yoast SEO plugin. -->","yoast_head_json":{"title":"Natur Box aus Holz - Kikkerland Huckleberry","description":"Die h\u00f6lzerne K\u00e4fer- und Naturkiste Huckleberry von Kikkerland ist ideal f\u00fcr Kinder, um Sch\u00e4tze und K\u00e4fer, die sie auf ihren Spazierg\u00e4ngen in der Natur gefunden haben, aufzubewahren und auszustellen.","robots":{"index":"index","follow":"follow","max-snippet":"max-snippet:-1","max-image-preview":"max-image-preview:large","max-video-preview":"max-video-preview:-1"},"canonical":"https:\/\/teiaeducation.ch\/de\/produkt\/natur-box-aus-holz-kikkerland-huckleberry\/","og_locale":"de_DE","og_type":"article","og_title":"Natur Box aus Holz - Kikkerland Huckleberry","og_description":"Die h\u00f6lzerne K\u00e4fer- und Naturkiste Huckleberry von Kikkerland ist ideal f\u00fcr Kinder, um Sch\u00e4tze und K\u00e4fer, die sie auf ihren Spazierg\u00e4ngen in der Natur gefunden haben, aufzubewahren und auszustellen.","og_url":"https:\/\/teiaeducation.ch\/de\/produkt\/natur-box-aus-holz-kikkerland-huckleberry\/","og_site_name":"Sustainable Educational Products &amp; Ecological Toys\u00a0","article_publisher":"https:\/\/www.facebook.com\/teiaeducation\/","article_modified_time":"2025-05-03T16:51:21+00:00","og_image":[{"width":900,"height":900,"url":"https:\/\/teiaeducation.ch\/wp-content\/uploads\/2022\/02\/Kikkerland-Huckleberry-bug-box-with-magnifiers.jpg","type":"image\/jpeg"}],"schema":{"@context":"https:\/\/schema.org","@graph":[{"@type":"WebPage","@id":"https:\/\/teiaeducation.ch\/de\/produkt\/natur-box-aus-holz-kikkerland-huckleberry\/","url":"https:\/\/teiaeducation.ch\/de\/produkt\/natur-box-aus-holz-kikkerland-huckleberry\/","name":"Natur Box aus Holz - Kikkerland Huckleberry","isPartOf":{"@id":"https:\/\/teiaeducation.ch\/de\/#website"},"primaryImageOfPage":{"@id":"https:\/\/teiaeducation.ch\/de\/produkt\/natur-box-aus-holz-kikkerland-huckleberry\/#primaryimage"},"image":{"@id":"https:\/\/teiaeducation.ch\/de\/produkt\/natur-box-aus-holz-kikkerland-huckleberry\/#primaryimage"},"thumbnailUrl":"https:\/\/teiaeducation.ch\/wp-content\/uploads\/2022\/02\/Kikkerland-Huckleberry-bug-box-with-magnifiers.jpg","datePublished":"2022-02-24T10:57:38+00:00","dateModified":"2025-05-03T16:51:21+00:00","description":"Die h\u00f6lzerne K\u00e4fer- und Naturkiste Huckleberry von Kikkerland ist ideal f\u00fcr Kinder, um Sch\u00e4tze und K\u00e4fer, die sie auf ihren Spazierg\u00e4ngen in der Natur gefunden haben, aufzubewahren und auszustellen.","breadcrumb":{"@id":"https:\/\/teiaeducation.ch\/de\/produkt\/natur-box-aus-holz-kikkerland-huckleberry\/#breadcrumb"},"inLanguage":"de-CH","potentialAction":[{"@type":"ReadAction","target":["https:\/\/teiaeducation.ch\/de\/produkt\/natur-box-aus-holz-kikkerland-huckleberry\/"]}]},{"@type":"ImageObject","inLanguage":"de-CH","@id":"https:\/\/teiaeducation.ch\/de\/produkt\/natur-box-aus-holz-kikkerland-huckleberry\/#primaryimage","url":"https:\/\/teiaeducation.ch\/wp-content\/uploads\/2022\/02\/Kikkerland-Huckleberry-bug-box-with-magnifiers.jpg","contentUrl":"https:\/\/teiaeducation.ch\/wp-content\/uploads\/2022\/02\/Kikkerland-Huckleberry-bug-box-with-magnifiers.jpg","width":900,"height":900,"caption":"Wanzen- und Naturkasten Kinder - Kikkerland Huckleberry"},{"@type":"BreadcrumbList","@id":"https:\/\/teiaeducation.ch\/de\/produkt\/natur-box-aus-holz-kikkerland-huckleberry\/#breadcrumb","itemListElement":[{"@type":"ListItem","position":1,"name":"Home","item":"https:\/\/teiaeducation.ch\/de\/"},{"@type":"ListItem","position":2,"name":"Laden","item":"https:\/\/teiaeducation.ch\/de\/shop\/"},{"@type":"ListItem","position":3,"name":"Natur Box aus Holz &#8211; Kikkerland Huckleberry"}]},{"@type":"WebSite","@id":"https:\/\/teiaeducation.ch\/de\/#website","url":"https:\/\/teiaeducation.ch\/de\/","name":"Sustainable Educational Products &amp; Ecological Toys\u00a0","description":"Specialised Swiss shop selling sustainable educational toys and games, AMI certified Montessori materials, handmade ecological wooden Waldorf toys and arts &amp; crafts supplies, school supplies, children&#039;s furniture and Montessori reference and parenting books.","publisher":{"@id":"https:\/\/teiaeducation.ch\/de\/#organization"},"alternateName":"Teia Education & Play","potentialAction":[{"@type":"SearchAction","target":{"@type":"EntryPoint","urlTemplate":"https:\/\/teiaeducation.ch\/de\/?s={search_term_string}"},"query-input":{"@type":"PropertyValueSpecification","valueRequired":true,"valueName":"search_term_string"}}],"inLanguage":"de-CH"},{"@type":"Organization","@id":"https:\/\/teiaeducation.ch\/de\/#organization","name":"Teia Education & Play","url":"https:\/\/teiaeducation.ch\/de\/","logo":{"@type":"ImageObject","inLanguage":"de-CH","@id":"https:\/\/teiaeducation.ch\/de\/#\/schema\/logo\/image\/","url":"https:\/\/teiaeducation.ch\/wp-content\/uploads\/2020\/11\/Teia-Education-Switzerland-e1620156442216.jpg","contentUrl":"https:\/\/teiaeducation.ch\/wp-content\/uploads\/2020\/11\/Teia-Education-Switzerland-e1620156442216.jpg","width":166,"height":145,"caption":"Teia Education & Play"},"image":{"@id":"https:\/\/teiaeducation.ch\/de\/#\/schema\/logo\/image\/"},"sameAs":["https:\/\/www.facebook.com\/teiaeducation\/","https:\/\/x.com\/EducationTeia","https:\/\/www.instagram.com\/teia.education\/","https:\/\/www.linkedin.com\/company\/35501660","https:\/\/www.pinterest.ch\/TeiaEducation\/"]}]}},"_links":{"self":[{"href":"https:\/\/teiaeducation.ch\/de\/wp-json\/wp\/v2\/product\/61666","targetHints":{"allow":["GET"]}}],"collection":[{"href":"https:\/\/teiaeducation.ch\/de\/wp-json\/wp\/v2\/product"}],"about":[{"href":"https:\/\/teiaeducation.ch\/de\/wp-json\/wp\/v2\/types\/product"}],"replies":[{"embeddable":true,"href":"https:\/\/teiaeducation.ch\/de\/wp-json\/wp\/v2\/comments?post=61666"}],"wp:featuredmedia":[{"embeddable":true,"href":"https:\/\/teiaeducation.ch\/de\/wp-json\/wp\/v2\/media\/44215"}],"wp:attachment":[{"href":"https:\/\/teiaeducation.ch\/de\/wp-json\/wp\/v2\/media?parent=61666"}],"wp:term":[{"taxonomy":"product_brand","embeddable":true,"href":"https:\/\/teiaeducation.ch\/de\/wp-json\/wp\/v2\/product_brand?post=61666"},{"taxonomy":"product_cat","embeddable":true,"href":"https:\/\/teiaeducation.ch\/de\/wp-json\/wp\/v2\/product_cat?post=61666"},{"taxonomy":"product_tag","embeddable":true,"href":"https:\/\/teiaeducation.ch\/de\/wp-json\/wp\/v2\/product_tag?post=61666"}],"curies":[{"name":"wp","href":"https:\/\/api.w.org\/{rel}","templated":true}]}}