{"id":61667,"date":"2022-02-24T11:35:36","date_gmt":"2022-02-24T10:35:36","guid":{"rendered":"https:\/\/teiaeducation.ch\/product\/sandwerkzeug-aus-holz-kikkerland-huckleberry\/"},"modified":"2024-09-24T23:07:24","modified_gmt":"2024-09-24T21:07:24","slug":"sandwerkzeug-aus-holz-kikkerland-huckleberry","status":"publish","type":"product","link":"https:\/\/teiaeducation.ch\/de\/produkt\/sandwerkzeug-aus-holz-kikkerland-huckleberry\/","title":{"rendered":"Sandwerkzeug aus Holz &#8211; Kikkerland Huckleberry"},"content":{"rendered":"<p>Das h\u00fcbsche Huckleberry by Kikkerland <a href=\"https:\/\/teiaeducation.ch\/product-category\/hgh-quality-toys-play\/sand-toys\/\">Sand<\/a>werkzeug-Set f\u00fcr Kinder bietet dem jungen Bildhauer alles f\u00fcr einen Tag am Strand. Eine B\u00fcrste zum Wegfegen von losem Sand, ein Gl\u00e4ttwerkzeug zum Bauen von Mauern und Kan\u00e4len und ein dreieckiger Rechen zum Erzeugen von Wellen und Strukturen, alles aus robustem und stilvollem Bambus, sind in diesem Set enthalten. Mit den Sandwerkzeugen lassen sich ultimative Sandburgen und andere Kreationen formen, die der Fantasie freien Lauf lassen und den Sand am Strand oder im Sandkasten im Garten in eine Leinwand verwandeln! Helfen Sie Ihrem kleinen Bildhauer, sein Lieblingshobby mit diesen langlebigen Werkzeugen auf die n\u00e4chste Stufe zu heben. Die Sandwerkzeuge von Huckleberry bestehen aus Bambus, Baumwolle und Nylon und sind f\u00fcr Kinder ab 3 Jahren geeignet.     Die Niederl\u00e4ndische Marke Kikkerland Design wurde 1992 gegr\u00fcndet und ist eines der weltweit f\u00fchrenden Unternehmen, das einzigartige und gut gestaltete Produkte anbietet. Das Unternehmen unterst\u00fctzt und vertritt unabh\u00e4ngige, selbst produzierende Designer aus der ganzen Welt und bietet dar\u00fcber hinaus ein umfassendes Sortiment von Produkten der Marken Kikkerland und Huckleberry an. <a href=\"https:\/\/teiaeducation.ch\/product-category\/brands\/kikkerland\/\">Kikkerland<\/a> ist stolz auf seinen nachhaltigen Ansatz und arbeitet aktiv an \u00f6kologischen Wiederherstellungsprojekten und kreativen Schreib- und Designprogrammen f\u00fcr benachteiligte Jugendliche. Huckleberry ist eine Reihe einfacher Werkzeuge und Spielzeuge, die sich perfekt f\u00fcr jedes Outdoor-Abenteuer eignen und das gemeinsame Lernen im Freien f\u00f6rdern &#8211; so lernen Kinder die F\u00e4higkeiten, die sie brauchen, um im Erwachsenenalter voll und ganz zu funktionieren. Inhalt: 1 Pinsel 1 Gl\u00e4ttungswerkzeug 1 Dreiecksharke<\/p>\n","protected":false},"excerpt":{"rendered":"<p>Artikelnummer: KKHB17 Das robuste Huckleberry by Kikkerland Sandwerkzeug-Set aus Bambus bietet Kindern alles, um am Strand kreativ zu werden!<\/p>\n","protected":false},"featured_media":44239,"comment_status":"open","ping_status":"closed","template":"","meta":[],"product_brand":[],"product_cat":[21445,21446,21679,21449,21670,21490,21484,22422,22433,21447,21509,21443,21689,21563,22362,21694,23636,21678,23133,21564],"product_tag":[29535,29534,29533,29532,29530,29531,29536],"class_list":{"0":"post-61667","1":"product","2":"type-product","3":"status-publish","4":"has-post-thumbnail","6":"product_cat-3-6-jahre-vorschule","7":"product_cat-6-12-jahre-grundschule","8":"product_cat-aktiv-spielzeug","9":"product_cat-bastelwerkzeuge-aufbewahrung","10":"product_cat-fruehjahrskollektion","11":"product_cat-geschenk-guide-kreativ","12":"product_cat-geschenk-guides","13":"product_cat-geschenke-fuer-das-osterkoerbchen","14":"product_cat-kikkerland-de","15":"product_cat-malen-basteln","16":"product_cat-lernthemen","17":"product_cat-nach-alter","18":"product_cat-naturspiel","19":"product_cat-neuheiten","20":"product_cat-saisonale-kollektionen","21":"product_cat-sandspielzeug","22":"product_cat-sommer-kollektion","23":"product_cat-kinder-spielzeug","24":"product_cat-spielzeug-fuer-draussen","25":"product_cat-unsere-marken","26":"product_tag-huckleberry-spielzeug-fur-kinder","27":"product_tag-langlebiges-sandspielzeug","28":"product_tag-sandwerkzeuge-aus-bambus","29":"product_tag-sandwerkzeuge-fur-kinder","30":"product_tag-sandwerkzeuge-huckleberry","31":"product_tag-sandwerkzeuge-kikkerland","32":"product_tag-spielzeug-fur-kinder-im-freien","34":"first","35":"instock","36":"taxable","37":"shipping-taxable","38":"purchasable","39":"product-type-simple"},"yoast_head":"<!-- This site is optimized with the Yoast SEO plugin v27.1.1 - https:\/\/yoast.com\/product\/yoast-seo-wordpress\/ -->\n<title>Sandwerkzeuge aus Holz - Kikkerland Huckleberry<\/title>\n<meta name=\"description\" content=\"Das langlebige Huckleberry by Kikkerland Sandwerkzeug-Set aus Bambus bietet Kindern alles, um am Strand kreativ zu werden!\" \/>\n<meta name=\"robots\" content=\"index, follow, max-snippet:-1, max-image-preview:large, max-video-preview:-1\" \/>\n<link rel=\"canonical\" href=\"https:\/\/teiaeducation.ch\/de\/produkt\/sandwerkzeug-aus-holz-kikkerland-huckleberry\/\" \/>\n<meta property=\"og:locale\" content=\"de_DE\" \/>\n<meta property=\"og:type\" content=\"article\" \/>\n<meta property=\"og:title\" content=\"Sandwerkzeuge aus Holz - Kikkerland Huckleberry\" \/>\n<meta property=\"og:description\" content=\"Das langlebige Huckleberry by Kikkerland Sandwerkzeug-Set aus Bambus bietet Kindern alles, um am Strand kreativ zu werden!\" \/>\n<meta property=\"og:url\" content=\"https:\/\/teiaeducation.ch\/de\/produkt\/sandwerkzeug-aus-holz-kikkerland-huckleberry\/\" \/>\n<meta property=\"og:site_name\" content=\"Sustainable Educational Products &amp; Ecological Toys\u00a0\" \/>\n<meta property=\"article:publisher\" content=\"https:\/\/www.facebook.com\/teiaeducation\/\" \/>\n<meta property=\"article:modified_time\" content=\"2024-09-24T21:07:24+00:00\" \/>\n<meta property=\"og:image\" content=\"https:\/\/teiaeducation.ch\/wp-content\/uploads\/2022\/02\/Kikkerland-Huckleberry-sand-tools1.jpg\" \/>\n\t<meta property=\"og:image:width\" content=\"900\" \/>\n\t<meta property=\"og:image:height\" content=\"900\" \/>\n\t<meta property=\"og:image:type\" content=\"image\/jpeg\" \/>\n<script type=\"application\/ld+json\" class=\"yoast-schema-graph\">{\"@context\":\"https:\/\/schema.org\",\"@graph\":[{\"@type\":\"WebPage\",\"@id\":\"https:\/\/teiaeducation.ch\/de\/produkt\/sandwerkzeug-aus-holz-kikkerland-huckleberry\/\",\"url\":\"https:\/\/teiaeducation.ch\/de\/produkt\/sandwerkzeug-aus-holz-kikkerland-huckleberry\/\",\"name\":\"Sandwerkzeuge aus Holz - Kikkerland Huckleberry\",\"isPartOf\":{\"@id\":\"https:\/\/teiaeducation.ch\/de\/#website\"},\"primaryImageOfPage\":{\"@id\":\"https:\/\/teiaeducation.ch\/de\/produkt\/sandwerkzeug-aus-holz-kikkerland-huckleberry\/#primaryimage\"},\"image\":{\"@id\":\"https:\/\/teiaeducation.ch\/de\/produkt\/sandwerkzeug-aus-holz-kikkerland-huckleberry\/#primaryimage\"},\"thumbnailUrl\":\"https:\/\/teiaeducation.ch\/wp-content\/uploads\/2022\/02\/Kikkerland-Huckleberry-sand-tools1.jpg\",\"datePublished\":\"2022-02-24T10:35:36+00:00\",\"dateModified\":\"2024-09-24T21:07:24+00:00\",\"description\":\"Das langlebige Huckleberry by Kikkerland Sandwerkzeug-Set aus Bambus bietet Kindern alles, um am Strand kreativ zu werden!\",\"breadcrumb\":{\"@id\":\"https:\/\/teiaeducation.ch\/de\/produkt\/sandwerkzeug-aus-holz-kikkerland-huckleberry\/#breadcrumb\"},\"inLanguage\":\"de-CH\",\"potentialAction\":[{\"@type\":\"ReadAction\",\"target\":[\"https:\/\/teiaeducation.ch\/de\/produkt\/sandwerkzeug-aus-holz-kikkerland-huckleberry\/\"]}]},{\"@type\":\"ImageObject\",\"inLanguage\":\"de-CH\",\"@id\":\"https:\/\/teiaeducation.ch\/de\/produkt\/sandwerkzeug-aus-holz-kikkerland-huckleberry\/#primaryimage\",\"url\":\"https:\/\/teiaeducation.ch\/wp-content\/uploads\/2022\/02\/Kikkerland-Huckleberry-sand-tools1.jpg\",\"contentUrl\":\"https:\/\/teiaeducation.ch\/wp-content\/uploads\/2022\/02\/Kikkerland-Huckleberry-sand-tools1.jpg\",\"width\":900,\"height\":900,\"caption\":\"Kikkerland Huckleberry Sandwerkzeuge f\u00fcr Kinder\"},{\"@type\":\"BreadcrumbList\",\"@id\":\"https:\/\/teiaeducation.ch\/de\/produkt\/sandwerkzeug-aus-holz-kikkerland-huckleberry\/#breadcrumb\",\"itemListElement\":[{\"@type\":\"ListItem\",\"position\":1,\"name\":\"Home\",\"item\":\"https:\/\/teiaeducation.ch\/de\/\"},{\"@type\":\"ListItem\",\"position\":2,\"name\":\"Laden\",\"item\":\"https:\/\/teiaeducation.ch\/de\/shop\/\"},{\"@type\":\"ListItem\",\"position\":3,\"name\":\"Sandwerkzeug aus Holz &#8211; Kikkerland Huckleberry\"}]},{\"@type\":\"WebSite\",\"@id\":\"https:\/\/teiaeducation.ch\/de\/#website\",\"url\":\"https:\/\/teiaeducation.ch\/de\/\",\"name\":\"Sustainable Educational Products &amp; Ecological Toys\u00a0\",\"description\":\"Specialised Swiss shop selling sustainable educational toys and games, AMI certified Montessori materials, handmade ecological wooden Waldorf toys and arts &amp; crafts supplies, school supplies, children&#039;s furniture and Montessori reference and parenting books.\",\"publisher\":{\"@id\":\"https:\/\/teiaeducation.ch\/de\/#organization\"},\"alternateName\":\"Teia Education & Play\",\"potentialAction\":[{\"@type\":\"SearchAction\",\"target\":{\"@type\":\"EntryPoint\",\"urlTemplate\":\"https:\/\/teiaeducation.ch\/de\/?s={search_term_string}\"},\"query-input\":{\"@type\":\"PropertyValueSpecification\",\"valueRequired\":true,\"valueName\":\"search_term_string\"}}],\"inLanguage\":\"de-CH\"},{\"@type\":\"Organization\",\"@id\":\"https:\/\/teiaeducation.ch\/de\/#organization\",\"name\":\"Teia Education & Play\",\"url\":\"https:\/\/teiaeducation.ch\/de\/\",\"logo\":{\"@type\":\"ImageObject\",\"inLanguage\":\"de-CH\",\"@id\":\"https:\/\/teiaeducation.ch\/de\/#\/schema\/logo\/image\/\",\"url\":\"https:\/\/teiaeducation.ch\/wp-content\/uploads\/2020\/11\/Teia-Education-Switzerland-e1620156442216.jpg\",\"contentUrl\":\"https:\/\/teiaeducation.ch\/wp-content\/uploads\/2020\/11\/Teia-Education-Switzerland-e1620156442216.jpg\",\"width\":166,\"height\":145,\"caption\":\"Teia Education & Play\"},\"image\":{\"@id\":\"https:\/\/teiaeducation.ch\/de\/#\/schema\/logo\/image\/\"},\"sameAs\":[\"https:\/\/www.facebook.com\/teiaeducation\/\",\"https:\/\/x.com\/EducationTeia\",\"https:\/\/www.instagram.com\/teia.education\/\",\"https:\/\/www.linkedin.com\/company\/35501660\",\"https:\/\/www.pinterest.ch\/TeiaEducation\/\"]}]}<\/script>\n<!-- \/ Yoast SEO plugin. -->","yoast_head_json":{"title":"Sandwerkzeuge aus Holz - Kikkerland Huckleberry","description":"Das langlebige Huckleberry by Kikkerland Sandwerkzeug-Set aus Bambus bietet Kindern alles, um am Strand kreativ zu werden!","robots":{"index":"index","follow":"follow","max-snippet":"max-snippet:-1","max-image-preview":"max-image-preview:large","max-video-preview":"max-video-preview:-1"},"canonical":"https:\/\/teiaeducation.ch\/de\/produkt\/sandwerkzeug-aus-holz-kikkerland-huckleberry\/","og_locale":"de_DE","og_type":"article","og_title":"Sandwerkzeuge aus Holz - Kikkerland Huckleberry","og_description":"Das langlebige Huckleberry by Kikkerland Sandwerkzeug-Set aus Bambus bietet Kindern alles, um am Strand kreativ zu werden!","og_url":"https:\/\/teiaeducation.ch\/de\/produkt\/sandwerkzeug-aus-holz-kikkerland-huckleberry\/","og_site_name":"Sustainable Educational Products &amp; Ecological Toys\u00a0","article_publisher":"https:\/\/www.facebook.com\/teiaeducation\/","article_modified_time":"2024-09-24T21:07:24+00:00","og_image":[{"width":900,"height":900,"url":"https:\/\/teiaeducation.ch\/wp-content\/uploads\/2022\/02\/Kikkerland-Huckleberry-sand-tools1.jpg","type":"image\/jpeg"}],"schema":{"@context":"https:\/\/schema.org","@graph":[{"@type":"WebPage","@id":"https:\/\/teiaeducation.ch\/de\/produkt\/sandwerkzeug-aus-holz-kikkerland-huckleberry\/","url":"https:\/\/teiaeducation.ch\/de\/produkt\/sandwerkzeug-aus-holz-kikkerland-huckleberry\/","name":"Sandwerkzeuge aus Holz - Kikkerland Huckleberry","isPartOf":{"@id":"https:\/\/teiaeducation.ch\/de\/#website"},"primaryImageOfPage":{"@id":"https:\/\/teiaeducation.ch\/de\/produkt\/sandwerkzeug-aus-holz-kikkerland-huckleberry\/#primaryimage"},"image":{"@id":"https:\/\/teiaeducation.ch\/de\/produkt\/sandwerkzeug-aus-holz-kikkerland-huckleberry\/#primaryimage"},"thumbnailUrl":"https:\/\/teiaeducation.ch\/wp-content\/uploads\/2022\/02\/Kikkerland-Huckleberry-sand-tools1.jpg","datePublished":"2022-02-24T10:35:36+00:00","dateModified":"2024-09-24T21:07:24+00:00","description":"Das langlebige Huckleberry by Kikkerland Sandwerkzeug-Set aus Bambus bietet Kindern alles, um am Strand kreativ zu werden!","breadcrumb":{"@id":"https:\/\/teiaeducation.ch\/de\/produkt\/sandwerkzeug-aus-holz-kikkerland-huckleberry\/#breadcrumb"},"inLanguage":"de-CH","potentialAction":[{"@type":"ReadAction","target":["https:\/\/teiaeducation.ch\/de\/produkt\/sandwerkzeug-aus-holz-kikkerland-huckleberry\/"]}]},{"@type":"ImageObject","inLanguage":"de-CH","@id":"https:\/\/teiaeducation.ch\/de\/produkt\/sandwerkzeug-aus-holz-kikkerland-huckleberry\/#primaryimage","url":"https:\/\/teiaeducation.ch\/wp-content\/uploads\/2022\/02\/Kikkerland-Huckleberry-sand-tools1.jpg","contentUrl":"https:\/\/teiaeducation.ch\/wp-content\/uploads\/2022\/02\/Kikkerland-Huckleberry-sand-tools1.jpg","width":900,"height":900,"caption":"Kikkerland Huckleberry Sandwerkzeuge f\u00fcr Kinder"},{"@type":"BreadcrumbList","@id":"https:\/\/teiaeducation.ch\/de\/produkt\/sandwerkzeug-aus-holz-kikkerland-huckleberry\/#breadcrumb","itemListElement":[{"@type":"ListItem","position":1,"name":"Home","item":"https:\/\/teiaeducation.ch\/de\/"},{"@type":"ListItem","position":2,"name":"Laden","item":"https:\/\/teiaeducation.ch\/de\/shop\/"},{"@type":"ListItem","position":3,"name":"Sandwerkzeug aus Holz &#8211; Kikkerland Huckleberry"}]},{"@type":"WebSite","@id":"https:\/\/teiaeducation.ch\/de\/#website","url":"https:\/\/teiaeducation.ch\/de\/","name":"Sustainable Educational Products &amp; Ecological Toys\u00a0","description":"Specialised Swiss shop selling sustainable educational toys and games, AMI certified Montessori materials, handmade ecological wooden Waldorf toys and arts &amp; crafts supplies, school supplies, children&#039;s furniture and Montessori reference and parenting books.","publisher":{"@id":"https:\/\/teiaeducation.ch\/de\/#organization"},"alternateName":"Teia Education & Play","potentialAction":[{"@type":"SearchAction","target":{"@type":"EntryPoint","urlTemplate":"https:\/\/teiaeducation.ch\/de\/?s={search_term_string}"},"query-input":{"@type":"PropertyValueSpecification","valueRequired":true,"valueName":"search_term_string"}}],"inLanguage":"de-CH"},{"@type":"Organization","@id":"https:\/\/teiaeducation.ch\/de\/#organization","name":"Teia Education & Play","url":"https:\/\/teiaeducation.ch\/de\/","logo":{"@type":"ImageObject","inLanguage":"de-CH","@id":"https:\/\/teiaeducation.ch\/de\/#\/schema\/logo\/image\/","url":"https:\/\/teiaeducation.ch\/wp-content\/uploads\/2020\/11\/Teia-Education-Switzerland-e1620156442216.jpg","contentUrl":"https:\/\/teiaeducation.ch\/wp-content\/uploads\/2020\/11\/Teia-Education-Switzerland-e1620156442216.jpg","width":166,"height":145,"caption":"Teia Education & Play"},"image":{"@id":"https:\/\/teiaeducation.ch\/de\/#\/schema\/logo\/image\/"},"sameAs":["https:\/\/www.facebook.com\/teiaeducation\/","https:\/\/x.com\/EducationTeia","https:\/\/www.instagram.com\/teia.education\/","https:\/\/www.linkedin.com\/company\/35501660","https:\/\/www.pinterest.ch\/TeiaEducation\/"]}]}},"_links":{"self":[{"href":"https:\/\/teiaeducation.ch\/de\/wp-json\/wp\/v2\/product\/61667","targetHints":{"allow":["GET"]}}],"collection":[{"href":"https:\/\/teiaeducation.ch\/de\/wp-json\/wp\/v2\/product"}],"about":[{"href":"https:\/\/teiaeducation.ch\/de\/wp-json\/wp\/v2\/types\/product"}],"replies":[{"embeddable":true,"href":"https:\/\/teiaeducation.ch\/de\/wp-json\/wp\/v2\/comments?post=61667"}],"wp:featuredmedia":[{"embeddable":true,"href":"https:\/\/teiaeducation.ch\/de\/wp-json\/wp\/v2\/media\/44239"}],"wp:attachment":[{"href":"https:\/\/teiaeducation.ch\/de\/wp-json\/wp\/v2\/media?parent=61667"}],"wp:term":[{"taxonomy":"product_brand","embeddable":true,"href":"https:\/\/teiaeducation.ch\/de\/wp-json\/wp\/v2\/product_brand?post=61667"},{"taxonomy":"product_cat","embeddable":true,"href":"https:\/\/teiaeducation.ch\/de\/wp-json\/wp\/v2\/product_cat?post=61667"},{"taxonomy":"product_tag","embeddable":true,"href":"https:\/\/teiaeducation.ch\/de\/wp-json\/wp\/v2\/product_tag?post=61667"}],"curies":[{"name":"wp","href":"https:\/\/api.w.org\/{rel}","templated":true}]}}