{"id":61668,"date":"2022-02-24T10:32:45","date_gmt":"2022-02-24T09:32:45","guid":{"rendered":"https:\/\/teiaeducation.ch\/product\/lupe-fuer-kinder-aus-holz-kikkerland\/"},"modified":"2024-08-19T17:30:31","modified_gmt":"2024-08-19T15:30:31","slug":"lupe-fuer-kinder-aus-holz-kikkerland","status":"publish","type":"product","link":"https:\/\/teiaeducation.ch\/de\/produkt\/lupe-fuer-kinder-aus-holz-kikkerland\/","title":{"rendered":"Lupe f\u00fcr Kinder aus Holz &#8211; Kikkerland"},"content":{"rendered":"<p>Diese sch\u00f6ne Holzlupe von Kikkerland ist perfekt f\u00fcr angehende Naturforscher und neugierige Kinder! Diese Lupe mit 3-facher Vergr\u00f6\u00dferung und einem Rahmen aus Buchenholz ist eine wertvolle Erg\u00e4nzung f\u00fcr die Werkzeugkiste jedes jungen Entdeckers oder Naturforschers sowie ein <a href=\"https:\/\/teiaeducation.ch\/product-category\/hgh-quality-toys-play\/montessori-toys\/\">Montessori-Lernspielzeug<\/a> f\u00fcr jedes Zuhause oder Klassenzimmer. Die robuste und f\u00fcr kleine H\u00e4nde konzipierte Lupe ist hochwertig und langlebig und ein unverzichtbares <a href=\"https:\/\/teiaeducation.ch\/product-category\/hgh-quality-toys-play\/outdoor-toys\/\">Naturspielzeug <\/a>f\u00fcr Kinder, die Spa\u00df daran haben, die Natur, Pflanzen, Blumen und Insekten um sie herum zu erkunden und zu beobachten. Dieses praktische Werkzeug unterst\u00fctzt auch das fr\u00fche Lesen und den Unterricht in Biologie, <a href=\"https:\/\/teiaeducation.ch\/product-category\/learning-themes\/culture-science\/botany\/\">Botanik<\/a> und <a href=\"https:\/\/teiaeducation.ch\/product-category\/learning-themes\/culture-science\/science\/\">Wissenschaft<\/a>.    Kinder k\u00f6nnen ihre Naturfunde bis ins kleinste Detail studieren und mit dieser sch\u00f6nen, erwachsen aussehenden Lupe <a href=\"https:\/\/teiaeducation.ch\/product-category\/hgh-quality-toys-play\/nature-play\/\">Naturdetektiv<\/a> spielen! <\/p>\n<div class=\"product-description rte\" data-product-description=\"\"> Die Kikkerland Holzlupe misst 20 x 8,5 x 1,2cm und ist aus Strandholz und Glas gefertigt. Sie ist f\u00fcr Kinder ab 3 Jahren geeignet. Die Niederl\u00e4ndische Marke Kikkerland Design wurde 1992 gegr\u00fcndet und ist eines der weltweit f\u00fchrenden Unternehmen, das einzigartige und gut gestaltete Produkte anbietet. Das Unternehmen unterst\u00fctzt und vertritt unabh\u00e4ngige, selbst produzierende Designer aus der ganzen Welt und bietet dar\u00fcber hinaus ein umfassendes Sortiment von Produkten der Marken Kikkerland und Huckleberry an. <a href=\"https:\/\/teiaeducation.ch\/product-category\/brands\/kikkerland\/\">Kikkerland<\/a> ist stolz auf seinen nachhaltigen Ansatz und arbeitet aktiv an \u00f6kologischen Wiederherstellungsprojekten und kreativen Schreib- und Designprogrammen f\u00fcr benachteiligte Jugendliche. Huckleberry ist eine Reihe einfacher Werkzeuge und Spielzeuge, die sich perfekt f\u00fcr jedes Outdoor-Abenteuer eignen und das gemeinsame Lernen im Freien f\u00f6rdern &#8211; so lernen Kinder die F\u00e4higkeiten, die sie brauchen, um im Erwachsenenalter voll und ganz zu funktionieren. Inhalte: 1 Holzlupe <\/div>\n","protected":false},"excerpt":{"rendered":"<p>Artikelnummer: KKMG58 Die Kikkerland Holzlupe ist ein unverzichtbares Naturspielzeug f\u00fcr Kinder, um die nat\u00fcrliche Welt, Pflanzen und Insekten um sie herum zu erforschen und zu beobachten.<\/p>\n","protected":false},"featured_media":44647,"comment_status":"open","ping_status":"closed","template":"","meta":[],"product_brand":[],"product_cat":[21445,21446,23651,21479,21512,21670,21487,21484,22422,21464,22433,21510,21509,21481,22182,21443,21689,21563,22362,21557,21562,23636,21678,23133,21482,21564,21483,21520],"product_tag":[29540,29539,29538,29537,29541,29515,29516],"class_list":{"0":"post-61668","1":"product","2":"type-product","3":"status-publish","4":"has-post-thumbnail","6":"product_cat-3-6-jahre-vorschule","7":"product_cat-6-12-jahre-grundschule","8":"product_cat-back-to-school-de","9":"product_cat-lernmaterialien-spielzeug-montessori-waldorf-steiner-froebel","10":"product_cat-botanik","11":"product_cat-fruehjahrskollektion","12":"product_cat-geschenk-guide-3-6-jahre-vorschule","13":"product_cat-geschenk-guides","14":"product_cat-geschenke-fuer-das-osterkoerbchen","15":"product_cat-herbstkollektion","16":"product_cat-kikkerland-de","17":"product_cat-kultur-wissenschaft","18":"product_cat-lernthemen","19":"product_cat-montessori-paedagogik-material-spielzeug","20":"product_cat-montessori-spielzeug","21":"product_cat-nach-alter","22":"product_cat-naturspiel","23":"product_cat-neuheiten","24":"product_cat-saisonale-kollektionen","25":"product_cat-sensorische-motorische-fertigkeiten","26":"product_cat-sinne","27":"product_cat-sommer-kollektion","28":"product_cat-kinder-spielzeug","29":"product_cat-spielzeug-fuer-draussen","30":"product_cat-traditionelle-bildung","31":"product_cat-unsere-marken","32":"product_cat-waldorf-steiner-paedagogik","33":"product_cat-wissenschaft","34":"product_tag-kikkerland-lupe-fur-kinder-aus-holz","35":"product_tag-lupe-aus-holz-fur-kinder","36":"product_tag-lupe-aus-holz-huckleberry","37":"product_tag-lupe-aus-holz-kikkerland","38":"product_tag-lupe-fur-kinder-de","39":"product_tag-naturspiele-fur-kinder","40":"product_tag-naturspielzeug-aus-holz","42":"first","43":"instock","44":"taxable","45":"shipping-taxable","46":"purchasable","47":"product-type-simple"},"yoast_head":"<!-- This site is optimized with the Yoast SEO plugin v27.1.1 - https:\/\/yoast.com\/product\/yoast-seo-wordpress\/ -->\n<title>Lupe f\u00fcr Kinder aus Holz - Kikkerland Huckleberry<\/title>\n<meta name=\"description\" content=\"Die Kikkerland Holzlupe ist ein unverzichtbares Naturspielzeug f\u00fcr Kinder, um die nat\u00fcrliche Welt, Pflanzen und Insekten um sie herum zu erforschen und zu beobachten.\" \/>\n<meta name=\"robots\" content=\"index, follow, max-snippet:-1, max-image-preview:large, max-video-preview:-1\" \/>\n<link rel=\"canonical\" href=\"https:\/\/teiaeducation.ch\/de\/produkt\/lupe-fuer-kinder-aus-holz-kikkerland\/\" \/>\n<meta property=\"og:locale\" content=\"de_DE\" \/>\n<meta property=\"og:type\" content=\"article\" \/>\n<meta property=\"og:title\" content=\"Lupe f\u00fcr Kinder aus Holz - Kikkerland Huckleberry\" \/>\n<meta property=\"og:description\" content=\"Die Kikkerland Holzlupe ist ein unverzichtbares Naturspielzeug f\u00fcr Kinder, um die nat\u00fcrliche Welt, Pflanzen und Insekten um sie herum zu erforschen und zu beobachten.\" \/>\n<meta property=\"og:url\" content=\"https:\/\/teiaeducation.ch\/de\/produkt\/lupe-fuer-kinder-aus-holz-kikkerland\/\" \/>\n<meta property=\"og:site_name\" content=\"Sustainable Educational Products &amp; Ecological Toys\u00a0\" \/>\n<meta property=\"article:publisher\" content=\"https:\/\/www.facebook.com\/teiaeducation\/\" \/>\n<meta property=\"article:modified_time\" content=\"2024-08-19T15:30:31+00:00\" \/>\n<meta property=\"og:image\" content=\"https:\/\/teiaeducation.ch\/wp-content\/uploads\/2022\/02\/Wood-magnifier-Kikkerland1.jpg\" \/>\n\t<meta property=\"og:image:width\" content=\"900\" \/>\n\t<meta property=\"og:image:height\" content=\"900\" \/>\n\t<meta property=\"og:image:type\" content=\"image\/jpeg\" \/>\n<script type=\"application\/ld+json\" class=\"yoast-schema-graph\">{\"@context\":\"https:\/\/schema.org\",\"@graph\":[{\"@type\":\"WebPage\",\"@id\":\"https:\/\/teiaeducation.ch\/de\/produkt\/lupe-fuer-kinder-aus-holz-kikkerland\/\",\"url\":\"https:\/\/teiaeducation.ch\/de\/produkt\/lupe-fuer-kinder-aus-holz-kikkerland\/\",\"name\":\"Lupe f\u00fcr Kinder aus Holz - Kikkerland Huckleberry\",\"isPartOf\":{\"@id\":\"https:\/\/teiaeducation.ch\/de\/#website\"},\"primaryImageOfPage\":{\"@id\":\"https:\/\/teiaeducation.ch\/de\/produkt\/lupe-fuer-kinder-aus-holz-kikkerland\/#primaryimage\"},\"image\":{\"@id\":\"https:\/\/teiaeducation.ch\/de\/produkt\/lupe-fuer-kinder-aus-holz-kikkerland\/#primaryimage\"},\"thumbnailUrl\":\"https:\/\/teiaeducation.ch\/wp-content\/uploads\/2022\/02\/Wood-magnifier-Kikkerland1.jpg\",\"datePublished\":\"2022-02-24T09:32:45+00:00\",\"dateModified\":\"2024-08-19T15:30:31+00:00\",\"description\":\"Die Kikkerland Holzlupe ist ein unverzichtbares Naturspielzeug f\u00fcr Kinder, um die nat\u00fcrliche Welt, Pflanzen und Insekten um sie herum zu erforschen und zu beobachten.\",\"breadcrumb\":{\"@id\":\"https:\/\/teiaeducation.ch\/de\/produkt\/lupe-fuer-kinder-aus-holz-kikkerland\/#breadcrumb\"},\"inLanguage\":\"de-CH\",\"potentialAction\":[{\"@type\":\"ReadAction\",\"target\":[\"https:\/\/teiaeducation.ch\/de\/produkt\/lupe-fuer-kinder-aus-holz-kikkerland\/\"]}]},{\"@type\":\"ImageObject\",\"inLanguage\":\"de-CH\",\"@id\":\"https:\/\/teiaeducation.ch\/de\/produkt\/lupe-fuer-kinder-aus-holz-kikkerland\/#primaryimage\",\"url\":\"https:\/\/teiaeducation.ch\/wp-content\/uploads\/2022\/02\/Wood-magnifier-Kikkerland1.jpg\",\"contentUrl\":\"https:\/\/teiaeducation.ch\/wp-content\/uploads\/2022\/02\/Wood-magnifier-Kikkerland1.jpg\",\"width\":900,\"height\":900,\"caption\":\"Lupe aus Holz Natur Spielzeug f\u00fcr Kinder - Kikkerland\"},{\"@type\":\"BreadcrumbList\",\"@id\":\"https:\/\/teiaeducation.ch\/de\/produkt\/lupe-fuer-kinder-aus-holz-kikkerland\/#breadcrumb\",\"itemListElement\":[{\"@type\":\"ListItem\",\"position\":1,\"name\":\"Home\",\"item\":\"https:\/\/teiaeducation.ch\/de\/\"},{\"@type\":\"ListItem\",\"position\":2,\"name\":\"Laden\",\"item\":\"https:\/\/teiaeducation.ch\/de\/shop\/\"},{\"@type\":\"ListItem\",\"position\":3,\"name\":\"Lernthemen\",\"item\":\"https:\/\/teiaeducation.ch\/de\/produkt-kategorie\/lernthemen\/\"},{\"@type\":\"ListItem\",\"position\":4,\"name\":\"Kultur &amp; Wissenschaft\",\"item\":\"https:\/\/teiaeducation.ch\/de\/produkt-kategorie\/lernthemen\/kultur-wissenschaft\/\"},{\"@type\":\"ListItem\",\"position\":5,\"name\":\"Botanik\",\"item\":\"https:\/\/teiaeducation.ch\/de\/produkt-kategorie\/lernthemen\/kultur-wissenschaft\/botanik\/\"},{\"@type\":\"ListItem\",\"position\":6,\"name\":\"Lupe f\u00fcr Kinder aus Holz &#8211; Kikkerland\"}]},{\"@type\":\"WebSite\",\"@id\":\"https:\/\/teiaeducation.ch\/de\/#website\",\"url\":\"https:\/\/teiaeducation.ch\/de\/\",\"name\":\"Sustainable Educational Products &amp; Ecological Toys\u00a0\",\"description\":\"Specialised Swiss shop selling sustainable educational toys and games, AMI certified Montessori materials, handmade ecological wooden Waldorf toys and arts &amp; crafts supplies, school supplies, children&#039;s furniture and Montessori reference and parenting books.\",\"publisher\":{\"@id\":\"https:\/\/teiaeducation.ch\/de\/#organization\"},\"alternateName\":\"Teia Education & Play\",\"potentialAction\":[{\"@type\":\"SearchAction\",\"target\":{\"@type\":\"EntryPoint\",\"urlTemplate\":\"https:\/\/teiaeducation.ch\/de\/?s={search_term_string}\"},\"query-input\":{\"@type\":\"PropertyValueSpecification\",\"valueRequired\":true,\"valueName\":\"search_term_string\"}}],\"inLanguage\":\"de-CH\"},{\"@type\":\"Organization\",\"@id\":\"https:\/\/teiaeducation.ch\/de\/#organization\",\"name\":\"Teia Education & Play\",\"url\":\"https:\/\/teiaeducation.ch\/de\/\",\"logo\":{\"@type\":\"ImageObject\",\"inLanguage\":\"de-CH\",\"@id\":\"https:\/\/teiaeducation.ch\/de\/#\/schema\/logo\/image\/\",\"url\":\"https:\/\/teiaeducation.ch\/wp-content\/uploads\/2020\/11\/Teia-Education-Switzerland-e1620156442216.jpg\",\"contentUrl\":\"https:\/\/teiaeducation.ch\/wp-content\/uploads\/2020\/11\/Teia-Education-Switzerland-e1620156442216.jpg\",\"width\":166,\"height\":145,\"caption\":\"Teia Education & Play\"},\"image\":{\"@id\":\"https:\/\/teiaeducation.ch\/de\/#\/schema\/logo\/image\/\"},\"sameAs\":[\"https:\/\/www.facebook.com\/teiaeducation\/\",\"https:\/\/x.com\/EducationTeia\",\"https:\/\/www.instagram.com\/teia.education\/\",\"https:\/\/www.linkedin.com\/company\/35501660\",\"https:\/\/www.pinterest.ch\/TeiaEducation\/\"]}]}<\/script>\n<!-- \/ Yoast SEO plugin. -->","yoast_head_json":{"title":"Lupe f\u00fcr Kinder aus Holz - Kikkerland Huckleberry","description":"Die Kikkerland Holzlupe ist ein unverzichtbares Naturspielzeug f\u00fcr Kinder, um die nat\u00fcrliche Welt, Pflanzen und Insekten um sie herum zu erforschen und zu beobachten.","robots":{"index":"index","follow":"follow","max-snippet":"max-snippet:-1","max-image-preview":"max-image-preview:large","max-video-preview":"max-video-preview:-1"},"canonical":"https:\/\/teiaeducation.ch\/de\/produkt\/lupe-fuer-kinder-aus-holz-kikkerland\/","og_locale":"de_DE","og_type":"article","og_title":"Lupe f\u00fcr Kinder aus Holz - Kikkerland Huckleberry","og_description":"Die Kikkerland Holzlupe ist ein unverzichtbares Naturspielzeug f\u00fcr Kinder, um die nat\u00fcrliche Welt, Pflanzen und Insekten um sie herum zu erforschen und zu beobachten.","og_url":"https:\/\/teiaeducation.ch\/de\/produkt\/lupe-fuer-kinder-aus-holz-kikkerland\/","og_site_name":"Sustainable Educational Products &amp; Ecological Toys\u00a0","article_publisher":"https:\/\/www.facebook.com\/teiaeducation\/","article_modified_time":"2024-08-19T15:30:31+00:00","og_image":[{"width":900,"height":900,"url":"https:\/\/teiaeducation.ch\/wp-content\/uploads\/2022\/02\/Wood-magnifier-Kikkerland1.jpg","type":"image\/jpeg"}],"schema":{"@context":"https:\/\/schema.org","@graph":[{"@type":"WebPage","@id":"https:\/\/teiaeducation.ch\/de\/produkt\/lupe-fuer-kinder-aus-holz-kikkerland\/","url":"https:\/\/teiaeducation.ch\/de\/produkt\/lupe-fuer-kinder-aus-holz-kikkerland\/","name":"Lupe f\u00fcr Kinder aus Holz - Kikkerland Huckleberry","isPartOf":{"@id":"https:\/\/teiaeducation.ch\/de\/#website"},"primaryImageOfPage":{"@id":"https:\/\/teiaeducation.ch\/de\/produkt\/lupe-fuer-kinder-aus-holz-kikkerland\/#primaryimage"},"image":{"@id":"https:\/\/teiaeducation.ch\/de\/produkt\/lupe-fuer-kinder-aus-holz-kikkerland\/#primaryimage"},"thumbnailUrl":"https:\/\/teiaeducation.ch\/wp-content\/uploads\/2022\/02\/Wood-magnifier-Kikkerland1.jpg","datePublished":"2022-02-24T09:32:45+00:00","dateModified":"2024-08-19T15:30:31+00:00","description":"Die Kikkerland Holzlupe ist ein unverzichtbares Naturspielzeug f\u00fcr Kinder, um die nat\u00fcrliche Welt, Pflanzen und Insekten um sie herum zu erforschen und zu beobachten.","breadcrumb":{"@id":"https:\/\/teiaeducation.ch\/de\/produkt\/lupe-fuer-kinder-aus-holz-kikkerland\/#breadcrumb"},"inLanguage":"de-CH","potentialAction":[{"@type":"ReadAction","target":["https:\/\/teiaeducation.ch\/de\/produkt\/lupe-fuer-kinder-aus-holz-kikkerland\/"]}]},{"@type":"ImageObject","inLanguage":"de-CH","@id":"https:\/\/teiaeducation.ch\/de\/produkt\/lupe-fuer-kinder-aus-holz-kikkerland\/#primaryimage","url":"https:\/\/teiaeducation.ch\/wp-content\/uploads\/2022\/02\/Wood-magnifier-Kikkerland1.jpg","contentUrl":"https:\/\/teiaeducation.ch\/wp-content\/uploads\/2022\/02\/Wood-magnifier-Kikkerland1.jpg","width":900,"height":900,"caption":"Lupe aus Holz Natur Spielzeug f\u00fcr Kinder - Kikkerland"},{"@type":"BreadcrumbList","@id":"https:\/\/teiaeducation.ch\/de\/produkt\/lupe-fuer-kinder-aus-holz-kikkerland\/#breadcrumb","itemListElement":[{"@type":"ListItem","position":1,"name":"Home","item":"https:\/\/teiaeducation.ch\/de\/"},{"@type":"ListItem","position":2,"name":"Laden","item":"https:\/\/teiaeducation.ch\/de\/shop\/"},{"@type":"ListItem","position":3,"name":"Lernthemen","item":"https:\/\/teiaeducation.ch\/de\/produkt-kategorie\/lernthemen\/"},{"@type":"ListItem","position":4,"name":"Kultur &amp; Wissenschaft","item":"https:\/\/teiaeducation.ch\/de\/produkt-kategorie\/lernthemen\/kultur-wissenschaft\/"},{"@type":"ListItem","position":5,"name":"Botanik","item":"https:\/\/teiaeducation.ch\/de\/produkt-kategorie\/lernthemen\/kultur-wissenschaft\/botanik\/"},{"@type":"ListItem","position":6,"name":"Lupe f\u00fcr Kinder aus Holz &#8211; Kikkerland"}]},{"@type":"WebSite","@id":"https:\/\/teiaeducation.ch\/de\/#website","url":"https:\/\/teiaeducation.ch\/de\/","name":"Sustainable Educational Products &amp; Ecological Toys\u00a0","description":"Specialised Swiss shop selling sustainable educational toys and games, AMI certified Montessori materials, handmade ecological wooden Waldorf toys and arts &amp; crafts supplies, school supplies, children&#039;s furniture and Montessori reference and parenting books.","publisher":{"@id":"https:\/\/teiaeducation.ch\/de\/#organization"},"alternateName":"Teia Education & Play","potentialAction":[{"@type":"SearchAction","target":{"@type":"EntryPoint","urlTemplate":"https:\/\/teiaeducation.ch\/de\/?s={search_term_string}"},"query-input":{"@type":"PropertyValueSpecification","valueRequired":true,"valueName":"search_term_string"}}],"inLanguage":"de-CH"},{"@type":"Organization","@id":"https:\/\/teiaeducation.ch\/de\/#organization","name":"Teia Education & Play","url":"https:\/\/teiaeducation.ch\/de\/","logo":{"@type":"ImageObject","inLanguage":"de-CH","@id":"https:\/\/teiaeducation.ch\/de\/#\/schema\/logo\/image\/","url":"https:\/\/teiaeducation.ch\/wp-content\/uploads\/2020\/11\/Teia-Education-Switzerland-e1620156442216.jpg","contentUrl":"https:\/\/teiaeducation.ch\/wp-content\/uploads\/2020\/11\/Teia-Education-Switzerland-e1620156442216.jpg","width":166,"height":145,"caption":"Teia Education & Play"},"image":{"@id":"https:\/\/teiaeducation.ch\/de\/#\/schema\/logo\/image\/"},"sameAs":["https:\/\/www.facebook.com\/teiaeducation\/","https:\/\/x.com\/EducationTeia","https:\/\/www.instagram.com\/teia.education\/","https:\/\/www.linkedin.com\/company\/35501660","https:\/\/www.pinterest.ch\/TeiaEducation\/"]}]}},"_links":{"self":[{"href":"https:\/\/teiaeducation.ch\/de\/wp-json\/wp\/v2\/product\/61668","targetHints":{"allow":["GET"]}}],"collection":[{"href":"https:\/\/teiaeducation.ch\/de\/wp-json\/wp\/v2\/product"}],"about":[{"href":"https:\/\/teiaeducation.ch\/de\/wp-json\/wp\/v2\/types\/product"}],"replies":[{"embeddable":true,"href":"https:\/\/teiaeducation.ch\/de\/wp-json\/wp\/v2\/comments?post=61668"}],"wp:featuredmedia":[{"embeddable":true,"href":"https:\/\/teiaeducation.ch\/de\/wp-json\/wp\/v2\/media\/44647"}],"wp:attachment":[{"href":"https:\/\/teiaeducation.ch\/de\/wp-json\/wp\/v2\/media?parent=61668"}],"wp:term":[{"taxonomy":"product_brand","embeddable":true,"href":"https:\/\/teiaeducation.ch\/de\/wp-json\/wp\/v2\/product_brand?post=61668"},{"taxonomy":"product_cat","embeddable":true,"href":"https:\/\/teiaeducation.ch\/de\/wp-json\/wp\/v2\/product_cat?post=61668"},{"taxonomy":"product_tag","embeddable":true,"href":"https:\/\/teiaeducation.ch\/de\/wp-json\/wp\/v2\/product_tag?post=61668"}],"curies":[{"name":"wp","href":"https:\/\/api.w.org\/{rel}","templated":true}]}}