{"id":62015,"date":"2021-12-16T15:24:18","date_gmt":"2021-12-16T14:24:18","guid":{"rendered":"https:\/\/teiaeducation.ch\/product\/crossback-kinderschuerze-lila-skagfae\/"},"modified":"2024-08-24T14:23:52","modified_gmt":"2024-08-24T12:23:52","slug":"crossback-kinderschuerze-lila-skagfae","status":"publish","type":"product","link":"https:\/\/teiaeducation.ch\/de\/produkt\/crossback-kinderschuerze-lila-skagfae\/","title":{"rendered":"Crossback Kindersch\u00fcrze Lila &#8211; SK\u00c5GF\u00c4"},"content":{"rendered":"<p>Crossback-Kindersch\u00fcrze Lila (100% Baumwolle) &#8211; SK\u00c5GF\u00c4 Die wundersch\u00f6n gestaltete Crossback-Kindersch\u00fcrze aus Baumwolle von SK\u00c5GF\u00c4 l\u00e4sst sich m\u00fchelos \u00fcber den Kopf ziehen, ohne l\u00e4stige Sch\u00fcrzenb\u00e4nder! Diese von der <a href=\"https:\/\/teiaeducation.ch\/product-category\/education-method\/the-montessori-pedagogy-materials-toys\/\">Montessori<\/a>-P\u00e4dagogik inspirierte Kindersch\u00fcrze ist leicht anzuziehen und f\u00f6rdert die Selbst\u00e4ndigkeit. Wie immer verbindet SK\u00c5GF\u00c4 Stil mit Funktionalit\u00e4t. Die leuchtenden Farben verbinden sich mit modernem und minimalistischem Design. Die einzigartige F\u00f6rkl\u00e4de-Sch\u00fcrze bietet im Gegensatz zu herk\u00f6mmlichen Sch\u00fcrzen sowohl vorne als auch an den Seiten volle Abdeckung. Au\u00dferdem verf\u00fcgt sie \u00fcber zwei praktische, tiefe Taschen f\u00fcr Utensilien oder was auch immer die Kinder mitnehmen m\u00f6chten! Ob beim kreativen Spielen, Malen, Backen, Matschen oder bei der Essenszubereitung, die Kinder sind f\u00fcr alles ger\u00fcstet! Diese hochwertige Kindersch\u00fcrze besteht zu 100 % aus Baumwolle und wird in Spanien in nachhaltiger Handarbeit hergestellt. Pflegehinweise: In der Maschine warm oder hei\u00df waschen, auf niedriger Stufe trocknen, wenig b\u00fcgeln, nicht bleichen. SK\u00c5GF\u00c4 ist ein skandinavisches und mediterranes Designhaus, das sich auf die Einfachheit der Linien und die Verschmelzung von Farben in Kombination mit Funktionalit\u00e4t und hoher Qualit\u00e4t spezialisiert hat.          Die sch\u00f6nen Kinderprodukte von SK\u00c5GF\u00c4 umfassen von Montessori inspirierte Werkzeuge, die es Kindern erm\u00f6glichen, mitzumachen und sich selbst zu versorgen. Nur hochwertige, ungiftige Materialien werden verwendet und alle Produkte werden in kleinen Mengen in Spanien handgefertigt. Die SK\u00c5GF\u00c4 Kindersch\u00fcrze lila ist f\u00fcr Kinder im Alter von 2-6 Jahren geeignet. Inhalt: 1 Kindersch\u00fcrze, 100% Baumwolle. <\/p>\n","protected":false},"excerpt":{"rendered":"<p>Artikelnummer: Die von Montessori inspirierte SK\u00c5GF\u00c4-Sch\u00fcrze l\u00e4sst sich ohne l\u00e4stige Schn\u00fcre \u00fcber den Kopf ziehen. 100% Baumwolle, handgefertigt in Spanien. Alter 2-6  <\/p>\n","protected":false},"featured_media":43140,"comment_status":"open","ping_status":"closed","template":"","meta":[],"product_brand":[],"product_cat":[21444,21445,21671,21479,21490,21484,21447,21509,21457,21481,21443,21563,21687,21695,22357,21678,21482,21556,21564,21483],"product_tag":[29592,29593,29588,29590,29591,29589,25423,29587,29586],"class_list":{"0":"post-62015","1":"product","2":"type-product","3":"status-publish","4":"has-post-thumbnail","6":"product_cat-1-3-jahre-kleinkind","7":"product_cat-3-6-jahre-vorschule","8":"product_cat-angebot","9":"product_cat-lernmaterialien-spielzeug-montessori-waldorf-steiner-froebel","10":"product_cat-geschenk-guide-kreativ","11":"product_cat-geschenk-guides","12":"product_cat-malen-basteln","13":"product_cat-lernthemen","14":"product_cat-malen","15":"product_cat-montessori-paedagogik-material-spielzeug","16":"product_cat-nach-alter","17":"product_cat-neuheiten","18":"product_cat-phantasievoll-rollenspiel","19":"product_cat-sinnliches-spiel","20":"product_cat-skagfae","21":"product_cat-kinder-spielzeug","22":"product_cat-traditionelle-bildung","23":"product_cat-uebungen-des-praktischen-lebens","24":"product_cat-unsere-marken","25":"product_cat-waldorf-steiner-paedagogik","26":"product_tag-crossback-kinderschurze","27":"product_tag-handgefertigte-kinderschurze","28":"product_tag-kinderschurze","29":"product_tag-kinderschurze-aus-100-baumwolle","30":"product_tag-kinderschurze-im-montessori-stil","31":"product_tag-montessori-schurze","32":"product_tag-skagfa-de","33":"product_tag-skagfa-kinderschurze","34":"product_tag-skagfa-schweiz","36":"first","37":"outofstock","38":"sale","39":"taxable","40":"shipping-taxable","41":"purchasable","42":"product-type-simple"},"yoast_head":"<!-- This site is optimized with the Yoast SEO Premium plugin v25.8 (Yoast SEO v27.4) - https:\/\/yoast.com\/product\/yoast-seo-premium-wordpress\/ -->\n<title>Crossback Kindersch\u00fcrze Lila - SK\u00c5GF\u00c4<\/title>\n<meta name=\"description\" content=\"Die von Montessori inspirierte SK\u00c5GF\u00c4-Kindersch\u00fcrze mit Kreuzr\u00fccken l\u00e4sst sich ohne l\u00e4stige Schn\u00fcre \u00fcber den Kopf ziehen. 100% Baumwolle, handgefertigt in Spanien. Alter 2-6\" \/>\n<meta name=\"robots\" content=\"index, follow, max-snippet:-1, max-image-preview:large, max-video-preview:-1\" \/>\n<link rel=\"canonical\" href=\"https:\/\/teiaeducation.ch\/de\/produkt\/crossback-kinderschuerze-lila-skagfae\/\" \/>\n<meta property=\"og:locale\" content=\"de_DE\" \/>\n<meta property=\"og:type\" content=\"article\" \/>\n<meta property=\"og:title\" content=\"Crossback Kindersch\u00fcrze Lila - SK\u00c5GF\u00c4\" \/>\n<meta property=\"og:description\" content=\"Die von Montessori inspirierte SK\u00c5GF\u00c4-Kindersch\u00fcrze mit Kreuzr\u00fccken l\u00e4sst sich ohne l\u00e4stige Schn\u00fcre \u00fcber den Kopf ziehen. 100% Baumwolle, handgefertigt in Spanien. Alter 2-6\" \/>\n<meta property=\"og:url\" content=\"https:\/\/teiaeducation.ch\/de\/produkt\/crossback-kinderschuerze-lila-skagfae\/\" \/>\n<meta property=\"og:site_name\" content=\"Sustainable Educational Products &amp; Ecological Toys\u00a0\" \/>\n<meta property=\"article:publisher\" content=\"https:\/\/www.facebook.com\/teiaeducation\/\" \/>\n<meta property=\"article:modified_time\" content=\"2024-08-24T12:23:52+00:00\" \/>\n<meta property=\"og:image\" content=\"https:\/\/teiaeducation.ch\/wp-content\/uploads\/2021\/12\/Crossback-childrens-apron-purple-SKAGFA.jpg\" \/>\n\t<meta property=\"og:image:width\" content=\"552\" \/>\n\t<meta property=\"og:image:height\" content=\"900\" \/>\n\t<meta property=\"og:image:type\" content=\"image\/jpeg\" \/>\n<script type=\"application\/ld+json\" class=\"yoast-schema-graph\">{\"@context\":\"https:\\\/\\\/schema.org\",\"@graph\":[{\"@type\":\"WebPage\",\"@id\":\"https:\\\/\\\/teiaeducation.ch\\\/de\\\/produkt\\\/crossback-kinderschuerze-lila-skagfae\\\/\",\"url\":\"https:\\\/\\\/teiaeducation.ch\\\/de\\\/produkt\\\/crossback-kinderschuerze-lila-skagfae\\\/\",\"name\":\"Crossback Kindersch\u00fcrze Lila - SK\u00c5GF\u00c4\",\"isPartOf\":{\"@id\":\"https:\\\/\\\/teiaeducation.ch\\\/de\\\/#website\"},\"primaryImageOfPage\":{\"@id\":\"https:\\\/\\\/teiaeducation.ch\\\/de\\\/produkt\\\/crossback-kinderschuerze-lila-skagfae\\\/#primaryimage\"},\"image\":{\"@id\":\"https:\\\/\\\/teiaeducation.ch\\\/de\\\/produkt\\\/crossback-kinderschuerze-lila-skagfae\\\/#primaryimage\"},\"thumbnailUrl\":\"https:\\\/\\\/teiaeducation.ch\\\/wp-content\\\/uploads\\\/2021\\\/12\\\/Crossback-childrens-apron-purple-SKAGFA.jpg\",\"datePublished\":\"2021-12-16T14:24:18+00:00\",\"dateModified\":\"2024-08-24T12:23:52+00:00\",\"description\":\"Die von Montessori inspirierte SK\u00c5GF\u00c4-Kindersch\u00fcrze mit Kreuzr\u00fccken l\u00e4sst sich ohne l\u00e4stige Schn\u00fcre \u00fcber den Kopf ziehen. 100% Baumwolle, handgefertigt in Spanien. Alter 2-6\",\"breadcrumb\":{\"@id\":\"https:\\\/\\\/teiaeducation.ch\\\/de\\\/produkt\\\/crossback-kinderschuerze-lila-skagfae\\\/#breadcrumb\"},\"inLanguage\":\"de-CH\",\"potentialAction\":[{\"@type\":\"ReadAction\",\"target\":[\"https:\\\/\\\/teiaeducation.ch\\\/de\\\/produkt\\\/crossback-kinderschuerze-lila-skagfae\\\/\"]}]},{\"@type\":\"ImageObject\",\"inLanguage\":\"de-CH\",\"@id\":\"https:\\\/\\\/teiaeducation.ch\\\/de\\\/produkt\\\/crossback-kinderschuerze-lila-skagfae\\\/#primaryimage\",\"url\":\"https:\\\/\\\/teiaeducation.ch\\\/wp-content\\\/uploads\\\/2021\\\/12\\\/Crossback-childrens-apron-purple-SKAGFA.jpg\",\"contentUrl\":\"https:\\\/\\\/teiaeducation.ch\\\/wp-content\\\/uploads\\\/2021\\\/12\\\/Crossback-childrens-apron-purple-SKAGFA.jpg\",\"width\":552,\"height\":900,\"caption\":\"Crossback Kindersch\u00fcrze Lila (100% Baumwolle) - SK\u00c5GF\u00c4\"},{\"@type\":\"BreadcrumbList\",\"@id\":\"https:\\\/\\\/teiaeducation.ch\\\/de\\\/produkt\\\/crossback-kinderschuerze-lila-skagfae\\\/#breadcrumb\",\"itemListElement\":[{\"@type\":\"ListItem\",\"position\":1,\"name\":\"Home\",\"item\":\"https:\\\/\\\/teiaeducation.ch\\\/de\\\/\"},{\"@type\":\"ListItem\",\"position\":2,\"name\":\"Laden\",\"item\":\"https:\\\/\\\/teiaeducation.ch\\\/de\\\/shop\\\/\"},{\"@type\":\"ListItem\",\"position\":3,\"name\":\"Crossback Kindersch\u00fcrze Lila &#8211; SK\u00c5GF\u00c4\"}]},{\"@type\":\"WebSite\",\"@id\":\"https:\\\/\\\/teiaeducation.ch\\\/de\\\/#website\",\"url\":\"https:\\\/\\\/teiaeducation.ch\\\/de\\\/\",\"name\":\"Sustainable Educational Products &amp; Ecological Toys\u00a0\",\"description\":\"Specialised Swiss shop selling sustainable educational toys and games, AMI certified Montessori materials, handmade ecological wooden Waldorf toys and arts &amp; crafts supplies, school supplies, children&#039;s furniture and Montessori reference and parenting books.\",\"publisher\":{\"@id\":\"https:\\\/\\\/teiaeducation.ch\\\/de\\\/#organization\"},\"alternateName\":\"Teia Education & Play\",\"potentialAction\":[{\"@type\":\"SearchAction\",\"target\":{\"@type\":\"EntryPoint\",\"urlTemplate\":\"https:\\\/\\\/teiaeducation.ch\\\/de\\\/?s={search_term_string}\"},\"query-input\":{\"@type\":\"PropertyValueSpecification\",\"valueRequired\":true,\"valueName\":\"search_term_string\"}}],\"inLanguage\":\"de-CH\"},{\"@type\":\"Organization\",\"@id\":\"https:\\\/\\\/teiaeducation.ch\\\/de\\\/#organization\",\"name\":\"Teia Education & Play\",\"url\":\"https:\\\/\\\/teiaeducation.ch\\\/de\\\/\",\"logo\":{\"@type\":\"ImageObject\",\"inLanguage\":\"de-CH\",\"@id\":\"https:\\\/\\\/teiaeducation.ch\\\/de\\\/#\\\/schema\\\/logo\\\/image\\\/\",\"url\":\"https:\\\/\\\/teiaeducation.ch\\\/wp-content\\\/uploads\\\/2020\\\/11\\\/Teia-Education-Switzerland-e1620156442216.jpg\",\"contentUrl\":\"https:\\\/\\\/teiaeducation.ch\\\/wp-content\\\/uploads\\\/2020\\\/11\\\/Teia-Education-Switzerland-e1620156442216.jpg\",\"width\":166,\"height\":145,\"caption\":\"Teia Education & Play\"},\"image\":{\"@id\":\"https:\\\/\\\/teiaeducation.ch\\\/de\\\/#\\\/schema\\\/logo\\\/image\\\/\"},\"sameAs\":[\"https:\\\/\\\/www.facebook.com\\\/teiaeducation\\\/\",\"https:\\\/\\\/x.com\\\/EducationTeia\",\"https:\\\/\\\/www.instagram.com\\\/teia.education\\\/\",\"https:\\\/\\\/www.linkedin.com\\\/company\\\/35501660\",\"https:\\\/\\\/www.pinterest.ch\\\/TeiaEducation\\\/\"]}]}<\/script>\n<meta property=\"product:price:amount\" content=\"34.90\" \/>\n<meta property=\"product:price:currency\" content=\"CHF\" \/>\n<meta property=\"og:availability\" content=\"out of stock\" \/>\n<meta property=\"product:availability\" content=\"out of stock\" \/>\n<meta property=\"product:retailer_item_id\" content=\"00000000000000000000000000000000000000000000043129\" \/>\n<meta property=\"product:condition\" content=\"new\" \/>\n<!-- \/ Yoast SEO Premium plugin. -->","yoast_head_json":{"title":"Crossback Kindersch\u00fcrze Lila - SK\u00c5GF\u00c4","description":"Die von Montessori inspirierte SK\u00c5GF\u00c4-Kindersch\u00fcrze mit Kreuzr\u00fccken l\u00e4sst sich ohne l\u00e4stige Schn\u00fcre \u00fcber den Kopf ziehen. 100% Baumwolle, handgefertigt in Spanien. Alter 2-6","robots":{"index":"index","follow":"follow","max-snippet":"max-snippet:-1","max-image-preview":"max-image-preview:large","max-video-preview":"max-video-preview:-1"},"canonical":"https:\/\/teiaeducation.ch\/de\/produkt\/crossback-kinderschuerze-lila-skagfae\/","og_locale":"de_DE","og_type":"article","og_title":"Crossback Kindersch\u00fcrze Lila - SK\u00c5GF\u00c4","og_description":"Die von Montessori inspirierte SK\u00c5GF\u00c4-Kindersch\u00fcrze mit Kreuzr\u00fccken l\u00e4sst sich ohne l\u00e4stige Schn\u00fcre \u00fcber den Kopf ziehen. 100% Baumwolle, handgefertigt in Spanien. Alter 2-6","og_url":"https:\/\/teiaeducation.ch\/de\/produkt\/crossback-kinderschuerze-lila-skagfae\/","og_site_name":"Sustainable Educational Products &amp; Ecological Toys\u00a0","article_publisher":"https:\/\/www.facebook.com\/teiaeducation\/","article_modified_time":"2024-08-24T12:23:52+00:00","og_image":[{"width":552,"height":900,"url":"https:\/\/teiaeducation.ch\/wp-content\/uploads\/2021\/12\/Crossback-childrens-apron-purple-SKAGFA.jpg","type":"image\/jpeg"}],"schema":{"@context":"https:\/\/schema.org","@graph":[{"@type":"WebPage","@id":"https:\/\/teiaeducation.ch\/de\/produkt\/crossback-kinderschuerze-lila-skagfae\/","url":"https:\/\/teiaeducation.ch\/de\/produkt\/crossback-kinderschuerze-lila-skagfae\/","name":"Crossback Kindersch\u00fcrze Lila - SK\u00c5GF\u00c4","isPartOf":{"@id":"https:\/\/teiaeducation.ch\/de\/#website"},"primaryImageOfPage":{"@id":"https:\/\/teiaeducation.ch\/de\/produkt\/crossback-kinderschuerze-lila-skagfae\/#primaryimage"},"image":{"@id":"https:\/\/teiaeducation.ch\/de\/produkt\/crossback-kinderschuerze-lila-skagfae\/#primaryimage"},"thumbnailUrl":"https:\/\/teiaeducation.ch\/wp-content\/uploads\/2021\/12\/Crossback-childrens-apron-purple-SKAGFA.jpg","datePublished":"2021-12-16T14:24:18+00:00","dateModified":"2024-08-24T12:23:52+00:00","description":"Die von Montessori inspirierte SK\u00c5GF\u00c4-Kindersch\u00fcrze mit Kreuzr\u00fccken l\u00e4sst sich ohne l\u00e4stige Schn\u00fcre \u00fcber den Kopf ziehen. 100% Baumwolle, handgefertigt in Spanien. Alter 2-6","breadcrumb":{"@id":"https:\/\/teiaeducation.ch\/de\/produkt\/crossback-kinderschuerze-lila-skagfae\/#breadcrumb"},"inLanguage":"de-CH","potentialAction":[{"@type":"ReadAction","target":["https:\/\/teiaeducation.ch\/de\/produkt\/crossback-kinderschuerze-lila-skagfae\/"]}]},{"@type":"ImageObject","inLanguage":"de-CH","@id":"https:\/\/teiaeducation.ch\/de\/produkt\/crossback-kinderschuerze-lila-skagfae\/#primaryimage","url":"https:\/\/teiaeducation.ch\/wp-content\/uploads\/2021\/12\/Crossback-childrens-apron-purple-SKAGFA.jpg","contentUrl":"https:\/\/teiaeducation.ch\/wp-content\/uploads\/2021\/12\/Crossback-childrens-apron-purple-SKAGFA.jpg","width":552,"height":900,"caption":"Crossback Kindersch\u00fcrze Lila (100% Baumwolle) - SK\u00c5GF\u00c4"},{"@type":"BreadcrumbList","@id":"https:\/\/teiaeducation.ch\/de\/produkt\/crossback-kinderschuerze-lila-skagfae\/#breadcrumb","itemListElement":[{"@type":"ListItem","position":1,"name":"Home","item":"https:\/\/teiaeducation.ch\/de\/"},{"@type":"ListItem","position":2,"name":"Laden","item":"https:\/\/teiaeducation.ch\/de\/shop\/"},{"@type":"ListItem","position":3,"name":"Crossback Kindersch\u00fcrze Lila &#8211; SK\u00c5GF\u00c4"}]},{"@type":"WebSite","@id":"https:\/\/teiaeducation.ch\/de\/#website","url":"https:\/\/teiaeducation.ch\/de\/","name":"Sustainable Educational Products &amp; Ecological Toys\u00a0","description":"Specialised Swiss shop selling sustainable educational toys and games, AMI certified Montessori materials, handmade ecological wooden Waldorf toys and arts &amp; crafts supplies, school supplies, children&#039;s furniture and Montessori reference and parenting books.","publisher":{"@id":"https:\/\/teiaeducation.ch\/de\/#organization"},"alternateName":"Teia Education & Play","potentialAction":[{"@type":"SearchAction","target":{"@type":"EntryPoint","urlTemplate":"https:\/\/teiaeducation.ch\/de\/?s={search_term_string}"},"query-input":{"@type":"PropertyValueSpecification","valueRequired":true,"valueName":"search_term_string"}}],"inLanguage":"de-CH"},{"@type":"Organization","@id":"https:\/\/teiaeducation.ch\/de\/#organization","name":"Teia Education & Play","url":"https:\/\/teiaeducation.ch\/de\/","logo":{"@type":"ImageObject","inLanguage":"de-CH","@id":"https:\/\/teiaeducation.ch\/de\/#\/schema\/logo\/image\/","url":"https:\/\/teiaeducation.ch\/wp-content\/uploads\/2020\/11\/Teia-Education-Switzerland-e1620156442216.jpg","contentUrl":"https:\/\/teiaeducation.ch\/wp-content\/uploads\/2020\/11\/Teia-Education-Switzerland-e1620156442216.jpg","width":166,"height":145,"caption":"Teia Education & Play"},"image":{"@id":"https:\/\/teiaeducation.ch\/de\/#\/schema\/logo\/image\/"},"sameAs":["https:\/\/www.facebook.com\/teiaeducation\/","https:\/\/x.com\/EducationTeia","https:\/\/www.instagram.com\/teia.education\/","https:\/\/www.linkedin.com\/company\/35501660","https:\/\/www.pinterest.ch\/TeiaEducation\/"]}]},"product_price_amount":"34.90","product_price_currency":"CHF","og_availability":"out of stock","product_availability":"out of stock","product_retailer_item_id":"00000000000000000000000000000000000000000000043129","product_condition":"new"},"_links":{"self":[{"href":"https:\/\/teiaeducation.ch\/de\/wp-json\/wp\/v2\/product\/62015","targetHints":{"allow":["GET"]}}],"collection":[{"href":"https:\/\/teiaeducation.ch\/de\/wp-json\/wp\/v2\/product"}],"about":[{"href":"https:\/\/teiaeducation.ch\/de\/wp-json\/wp\/v2\/types\/product"}],"replies":[{"embeddable":true,"href":"https:\/\/teiaeducation.ch\/de\/wp-json\/wp\/v2\/comments?post=62015"}],"wp:featuredmedia":[{"embeddable":true,"href":"https:\/\/teiaeducation.ch\/de\/wp-json\/wp\/v2\/media\/43140"}],"wp:attachment":[{"href":"https:\/\/teiaeducation.ch\/de\/wp-json\/wp\/v2\/media?parent=62015"}],"wp:term":[{"taxonomy":"product_brand","embeddable":true,"href":"https:\/\/teiaeducation.ch\/de\/wp-json\/wp\/v2\/product_brand?post=62015"},{"taxonomy":"product_cat","embeddable":true,"href":"https:\/\/teiaeducation.ch\/de\/wp-json\/wp\/v2\/product_cat?post=62015"},{"taxonomy":"product_tag","embeddable":true,"href":"https:\/\/teiaeducation.ch\/de\/wp-json\/wp\/v2\/product_tag?post=62015"}],"curies":[{"name":"wp","href":"https:\/\/api.w.org\/{rel}","templated":true}]}}