{"id":63428,"date":"2024-08-20T12:00:12","date_gmt":"2024-08-20T10:00:12","guid":{"rendered":"https:\/\/teiaeducation.ch\/product\/montessori-buchstaben-sand-schreibtablett-threewood\/"},"modified":"2025-05-23T15:24:08","modified_gmt":"2025-05-23T13:24:08","slug":"montessori-buchstaben-sand-schreibtablett-threewood","status":"publish","type":"product","link":"https:\/\/teiaeducation.ch\/de\/produkt\/montessori-buchstaben-sand-schreibtablett-threewood\/","title":{"rendered":"Montessori Buchstaben und Sand Schreibtablett &#8211; Threewood"},"content":{"rendered":"<p>Das Buchstaben und Sand Schreibtablett von Threewood aus Holz mit einem Set aus 10 Wollfilzkugeln und 2 Holzstiften ist ein wunderbares handgefertigtes, von <a href=\"https:\/\/teiaeducation.ch\/de\/produkt-kategorie\/kinder-spielzeug\/montessori-spielzeug\/\">Montessori<\/a> inspiriertes, sensorisches <a href=\"https:\/\/teiaeducation.ch\/de\/produkt-kategorie\/unsere-marken\/nienhuis-montessori-schweiz\/sprache-nienhuis-montessori\/\">Sprach<\/a> Lernspielzeug f\u00fcr kleine Kinder!<\/p>\n<p>Das Montessori Buchstaben und <a href=\"https:\/\/teiaeducation.ch\/de\/produkt\/kasten-mit-sand-fur-schreibubungen-nienhuis-montessori\/\">Sand Schreibtablett <\/a>ist ein Material, das f\u00fcr den <a href=\"https:\/\/teiaeducation.ch\/de\/produkt-kategorie\/lernthemen\/alphabetisierung-sprache\/schreiben-lernen\/\">Schreib<\/a>&#8211; und <a href=\"https:\/\/teiaeducation.ch\/de\/produkt-kategorie\/lernthemen\/alphabetisierung-sprache\/lesen-lernen\/\">Leseunterricht<\/a> und zum \u00dcben des Erstellens von <a href=\"https:\/\/teiaeducation.ch\/de\/produkt-kategorie\/lernthemen\/alphabetisierung-sprache\/buchstaben-das-alphabet\/\">Buchstaben<\/a>, <a href=\"https:\/\/teiaeducation.ch\/de\/produkt-kategorie\/lernthemen\/mathematik-rechnen\/ziffern\/\">Zahlen<\/a>, <a href=\"https:\/\/teiaeducation.ch\/de\/produkt-kategorie\/lernthemen\/mathematik-rechnen\/formen\/\">Formen<\/a> oder Schreibmustern verwendet wird.<\/p>\n<p>Das Tablett besteht aus zwei quadratischen F\u00e4chern und einer Aussparung auf der Oberseite des Tabletts, in die Karten gelegt werden k\u00f6nnen. Mit den Holzstiften oder den Fingern kann in den Sand geschrieben werden, was jeweils die Feinmotorik f\u00f6rdert.<\/p>\n<p>Mit diesem durchdachten und liebevoll gestalteten Lernspielzeug wird das Lernen zu einem unterhaltsamen, visuellen und praktischen Spiel, perfekt f\u00fcr das <a href=\"https:\/\/teiaeducation.ch\/de\/produkt-kategorie\/schulbedarf-fuer-zuhause\/montessori-materialien-fuer-zuhause-schulbedarf-fuer-zuhause\/\">Montessori-Lernen und -Spielen zu Hause<\/a>!<\/p>\n<p>Die Threewood Buchstaben und Sand Schreibtablett wird von Hand aus nat\u00fcrlichem, massivem Eichenholz hergestellt und ist 15 x 25 cm gro\u00df. Dieses wunderbar nat\u00fcrliche und qualitativ hochwertige taktile Lernspielzeug passt perfekt zu den mitgelieferten Threewood <a href=\"https:\/\/teiaeducation.ch\/de\/produkt\/filzkugeln-aus-reiner-wolle-55-st-threewood\/\">Wollfilzkugeln<\/a> in den Farben des Regenbogens. Das Tablett ist in Natur\u00f6l eingef\u00e4rbt und wird wie die Filzkugeln in der Ukraine handgefertigt.<\/p>\n<p>Dieses Lernspielzeug ist f\u00fcr Kinder ab 3 Jahren geeignet.<\/p>\n<p>Inhalt:<\/p>\n<p>1 x Briefsand-Schreibtablett<br \/>\n10 Wollfilzkugeln<br \/>\n2 Holzstifte<br \/>\n150 g feiner Sand<br \/>\nEin Leinenbeutel zur Aufbewahrung der Filzkugeln<\/p>\n<h2>\u00dcber Threewood<\/h2>\n<p><a href=\"https:\/\/teiaeducation.ch\/de\/produkt-kategorie\/unsere-marken\/threewood-de\/\">Threewood<\/a> ist ein ukrainisches Ehepaar, Yuriy und Olga, das erstaunliche handgefertigte <a href=\"https:\/\/teiaeducation.ch\/de\/produkt-kategorie\/lernthemen\/\">Lernspielzeuge<\/a> und Materialien herstellt, die von der <a href=\"https:\/\/teiaeducation.ch\/de\/produkt-kategorie\/lernmaterialien-spielzeug-montessori-waldorf-steiner-froebel\/montessori-paedagogik-material-spielzeug\/\">Montessori<\/a> P\u00e4dagogik inspiriert sind.<\/p>\n<p>Der Name Threewood steht f\u00fcr ihre drei Kinder und die Leidenschaft f\u00fcr die Arbeit mit Holz, die Yuriy von seinem Vater und Gro\u00dfvater geerbt hat. Diese <a href=\"https:\/\/teiaeducation.ch\/de\/produkt-kategorie\/kinder-spielzeug\/handgefertigtes-holzspielzeug\/\">handgefertigten Holzspielzeuge<\/a> sind meist aus Eichenholz hergestellt und von h\u00f6chster Qualit\u00e4t und Design. Sie versprechen Langlebigkeit und spielerisches Lernen f\u00fcr Generationen!<\/p>\n","protected":false},"excerpt":{"rendered":"<p>Artikelnummer: TW0036<\/p>\n<p>Das Threewood Buchstaben und Sand Schreibtablett ist ein von Montessori inspiriertes, sensorisches Sprachlernspielzeug f\u00fcr kleine Kinder! Handgefertigt in der Ukraine.<\/p>\n","protected":false},"featured_media":61732,"comment_status":"open","ping_status":"closed","template":"","meta":[],"product_brand":[],"product_cat":[21445,21446,21524,23651,21479,21532,21491,21484,23075,21509,21530,21498,21481,22182,21443,21563,22362,21531,21494,21495,21678,21672,21564],"product_tag":[29777,29776,29774,29778,29775,29772,29773],"class_list":{"0":"post-63428","1":"product","2":"type-product","3":"status-publish","4":"has-post-thumbnail","6":"product_cat-3-6-jahre-vorschule","7":"product_cat-6-12-jahre-grundschule","8":"product_cat-alphabetisierung-sprache","9":"product_cat-back-to-school-de","10":"product_cat-lernmaterialien-spielzeug-montessori-waldorf-steiner-froebel","11":"product_cat-buchstaben-das-alphabet","12":"product_cat-geschenk-guide-lerngeschenke","13":"product_cat-geschenk-guides","14":"product_cat-handgefertigtes-holzspielzeug","15":"product_cat-lernthemen","16":"product_cat-lesen-lernen","17":"product_cat-montessori-materialien-fuer-zuhause-schulbedarf-fuer-zuhause","18":"product_cat-montessori-paedagogik-material-spielzeug","19":"product_cat-montessori-spielzeug","20":"product_cat-nach-alter","21":"product_cat-neuheiten","22":"product_cat-saisonale-kollektionen","23":"product_cat-schreiben-lernen","24":"product_cat-schulbedarf-fuer-zuhause","25":"product_cat-schulbedarf-fuer-zuhause-3-6-jahre","26":"product_cat-kinder-spielzeug","27":"product_cat-threewood-de","28":"product_cat-unsere-marken","29":"product_tag-handgefertigtes-montessori-100-brett","30":"product_tag-handgefertigtes-montessori-hunderterbrett","31":"product_tag-montessori-100-brett","32":"product_tag-montessori-buchstabe-sand-schreibplatte","33":"product_tag-montessori-hundert-brett-eiche-holz","34":"product_tag-montessori-hunderterbrett","35":"product_tag-montessori-hunderterbrett-threewood","37":"first","38":"instock","39":"taxable","40":"shipping-taxable","41":"purchasable","42":"product-type-simple"},"yoast_head":"<!-- This site is optimized with the Yoast SEO plugin v27.1.1 - https:\/\/yoast.com\/product\/yoast-seo-wordpress\/ -->\n<title>Montessori Buchstaben und Sand Schreibtablett - Threewood<\/title>\n<meta name=\"description\" content=\"Das Threewood Buchstaben und Sand Schreibtablett ist ein von Montessori inspiriertes, sensorisches Sprachlernspielzeug f\u00fcr kleine Kinder!\" \/>\n<meta name=\"robots\" content=\"index, follow, max-snippet:-1, max-image-preview:large, max-video-preview:-1\" \/>\n<link rel=\"canonical\" href=\"https:\/\/teiaeducation.ch\/de\/produkt\/montessori-buchstaben-sand-schreibtablett-threewood\/\" \/>\n<meta property=\"og:locale\" content=\"de_DE\" \/>\n<meta property=\"og:type\" content=\"article\" \/>\n<meta property=\"og:title\" content=\"Montessori Buchstaben und Sand Schreibtablett - Threewood\" \/>\n<meta property=\"og:description\" content=\"Das Threewood Buchstaben und Sand Schreibtablett ist ein von Montessori inspiriertes, sensorisches Sprachlernspielzeug f\u00fcr kleine Kinder!\" \/>\n<meta property=\"og:url\" content=\"https:\/\/teiaeducation.ch\/de\/produkt\/montessori-buchstaben-sand-schreibtablett-threewood\/\" \/>\n<meta property=\"og:site_name\" content=\"Sustainable Educational Products &amp; Ecological Toys\u00a0\" \/>\n<meta property=\"article:publisher\" content=\"https:\/\/www.facebook.com\/teiaeducation\/\" \/>\n<meta property=\"article:modified_time\" content=\"2025-05-23T13:24:08+00:00\" \/>\n<meta property=\"og:image\" content=\"https:\/\/teiaeducation.ch\/wp-content\/uploads\/2024\/08\/Montessori-wooden-letter-sand-writing-tray-Threewood-600x800.png\" \/>\n\t<meta property=\"og:image:width\" content=\"600\" \/>\n\t<meta property=\"og:image:height\" content=\"800\" \/>\n\t<meta property=\"og:image:type\" content=\"image\/png\" \/>\n<script type=\"application\/ld+json\" class=\"yoast-schema-graph\">{\"@context\":\"https:\/\/schema.org\",\"@graph\":[{\"@type\":\"WebPage\",\"@id\":\"https:\/\/teiaeducation.ch\/de\/produkt\/montessori-buchstaben-sand-schreibtablett-threewood\/\",\"url\":\"https:\/\/teiaeducation.ch\/de\/produkt\/montessori-buchstaben-sand-schreibtablett-threewood\/\",\"name\":\"Montessori Buchstaben und Sand Schreibtablett - Threewood\",\"isPartOf\":{\"@id\":\"https:\/\/teiaeducation.ch\/de\/#website\"},\"primaryImageOfPage\":{\"@id\":\"https:\/\/teiaeducation.ch\/de\/produkt\/montessori-buchstaben-sand-schreibtablett-threewood\/#primaryimage\"},\"image\":{\"@id\":\"https:\/\/teiaeducation.ch\/de\/produkt\/montessori-buchstaben-sand-schreibtablett-threewood\/#primaryimage\"},\"thumbnailUrl\":\"https:\/\/teiaeducation.ch\/wp-content\/uploads\/2024\/08\/Montessori-wooden-letter-sand-writing-tray-Threewood.png\",\"datePublished\":\"2024-08-20T10:00:12+00:00\",\"dateModified\":\"2025-05-23T13:24:08+00:00\",\"description\":\"Das Threewood Buchstaben und Sand Schreibtablett ist ein von Montessori inspiriertes, sensorisches Sprachlernspielzeug f\u00fcr kleine Kinder!\",\"breadcrumb\":{\"@id\":\"https:\/\/teiaeducation.ch\/de\/produkt\/montessori-buchstaben-sand-schreibtablett-threewood\/#breadcrumb\"},\"inLanguage\":\"de-CH\",\"potentialAction\":[{\"@type\":\"ReadAction\",\"target\":[\"https:\/\/teiaeducation.ch\/de\/produkt\/montessori-buchstaben-sand-schreibtablett-threewood\/\"]}]},{\"@type\":\"ImageObject\",\"inLanguage\":\"de-CH\",\"@id\":\"https:\/\/teiaeducation.ch\/de\/produkt\/montessori-buchstaben-sand-schreibtablett-threewood\/#primaryimage\",\"url\":\"https:\/\/teiaeducation.ch\/wp-content\/uploads\/2024\/08\/Montessori-wooden-letter-sand-writing-tray-Threewood.png\",\"contentUrl\":\"https:\/\/teiaeducation.ch\/wp-content\/uploads\/2024\/08\/Montessori-wooden-letter-sand-writing-tray-Threewood.png\",\"width\":1140,\"height\":1520,\"caption\":\"Montessori Buchstaben Sand Schreibtablett aus Holz Threewood\"},{\"@type\":\"BreadcrumbList\",\"@id\":\"https:\/\/teiaeducation.ch\/de\/produkt\/montessori-buchstaben-sand-schreibtablett-threewood\/#breadcrumb\",\"itemListElement\":[{\"@type\":\"ListItem\",\"position\":1,\"name\":\"Home\",\"item\":\"https:\/\/teiaeducation.ch\/de\/\"},{\"@type\":\"ListItem\",\"position\":2,\"name\":\"Laden\",\"item\":\"https:\/\/teiaeducation.ch\/de\/shop\/\"},{\"@type\":\"ListItem\",\"position\":3,\"name\":\"Unsere Marken\",\"item\":\"https:\/\/teiaeducation.ch\/de\/produkt-kategorie\/unsere-marken\/\"},{\"@type\":\"ListItem\",\"position\":4,\"name\":\"Threewood\",\"item\":\"https:\/\/teiaeducation.ch\/de\/produkt-kategorie\/unsere-marken\/threewood-de\/\"},{\"@type\":\"ListItem\",\"position\":5,\"name\":\"Montessori Buchstaben und Sand Schreibtablett &#8211; Threewood\"}]},{\"@type\":\"WebSite\",\"@id\":\"https:\/\/teiaeducation.ch\/de\/#website\",\"url\":\"https:\/\/teiaeducation.ch\/de\/\",\"name\":\"Sustainable Educational Products &amp; Ecological Toys\u00a0\",\"description\":\"Specialised Swiss shop selling sustainable educational toys and games, AMI certified Montessori materials, handmade ecological wooden Waldorf toys and arts &amp; crafts supplies, school supplies, children&#039;s furniture and Montessori reference and parenting books.\",\"publisher\":{\"@id\":\"https:\/\/teiaeducation.ch\/de\/#organization\"},\"alternateName\":\"Teia Education & Play\",\"potentialAction\":[{\"@type\":\"SearchAction\",\"target\":{\"@type\":\"EntryPoint\",\"urlTemplate\":\"https:\/\/teiaeducation.ch\/de\/?s={search_term_string}\"},\"query-input\":{\"@type\":\"PropertyValueSpecification\",\"valueRequired\":true,\"valueName\":\"search_term_string\"}}],\"inLanguage\":\"de-CH\"},{\"@type\":\"Organization\",\"@id\":\"https:\/\/teiaeducation.ch\/de\/#organization\",\"name\":\"Teia Education & Play\",\"url\":\"https:\/\/teiaeducation.ch\/de\/\",\"logo\":{\"@type\":\"ImageObject\",\"inLanguage\":\"de-CH\",\"@id\":\"https:\/\/teiaeducation.ch\/de\/#\/schema\/logo\/image\/\",\"url\":\"https:\/\/teiaeducation.ch\/wp-content\/uploads\/2020\/11\/Teia-Education-Switzerland-e1620156442216.jpg\",\"contentUrl\":\"https:\/\/teiaeducation.ch\/wp-content\/uploads\/2020\/11\/Teia-Education-Switzerland-e1620156442216.jpg\",\"width\":166,\"height\":145,\"caption\":\"Teia Education & Play\"},\"image\":{\"@id\":\"https:\/\/teiaeducation.ch\/de\/#\/schema\/logo\/image\/\"},\"sameAs\":[\"https:\/\/www.facebook.com\/teiaeducation\/\",\"https:\/\/x.com\/EducationTeia\",\"https:\/\/www.instagram.com\/teia.education\/\",\"https:\/\/www.linkedin.com\/company\/35501660\",\"https:\/\/www.pinterest.ch\/TeiaEducation\/\"]}]}<\/script>\n<!-- \/ Yoast SEO plugin. -->","yoast_head_json":{"title":"Montessori Buchstaben und Sand Schreibtablett - Threewood","description":"Das Threewood Buchstaben und Sand Schreibtablett ist ein von Montessori inspiriertes, sensorisches Sprachlernspielzeug f\u00fcr kleine Kinder!","robots":{"index":"index","follow":"follow","max-snippet":"max-snippet:-1","max-image-preview":"max-image-preview:large","max-video-preview":"max-video-preview:-1"},"canonical":"https:\/\/teiaeducation.ch\/de\/produkt\/montessori-buchstaben-sand-schreibtablett-threewood\/","og_locale":"de_DE","og_type":"article","og_title":"Montessori Buchstaben und Sand Schreibtablett - Threewood","og_description":"Das Threewood Buchstaben und Sand Schreibtablett ist ein von Montessori inspiriertes, sensorisches Sprachlernspielzeug f\u00fcr kleine Kinder!","og_url":"https:\/\/teiaeducation.ch\/de\/produkt\/montessori-buchstaben-sand-schreibtablett-threewood\/","og_site_name":"Sustainable Educational Products &amp; Ecological Toys\u00a0","article_publisher":"https:\/\/www.facebook.com\/teiaeducation\/","article_modified_time":"2025-05-23T13:24:08+00:00","og_image":[{"width":600,"height":800,"url":"https:\/\/teiaeducation.ch\/wp-content\/uploads\/2024\/08\/Montessori-wooden-letter-sand-writing-tray-Threewood-600x800.png","type":"image\/png"}],"schema":{"@context":"https:\/\/schema.org","@graph":[{"@type":"WebPage","@id":"https:\/\/teiaeducation.ch\/de\/produkt\/montessori-buchstaben-sand-schreibtablett-threewood\/","url":"https:\/\/teiaeducation.ch\/de\/produkt\/montessori-buchstaben-sand-schreibtablett-threewood\/","name":"Montessori Buchstaben und Sand Schreibtablett - Threewood","isPartOf":{"@id":"https:\/\/teiaeducation.ch\/de\/#website"},"primaryImageOfPage":{"@id":"https:\/\/teiaeducation.ch\/de\/produkt\/montessori-buchstaben-sand-schreibtablett-threewood\/#primaryimage"},"image":{"@id":"https:\/\/teiaeducation.ch\/de\/produkt\/montessori-buchstaben-sand-schreibtablett-threewood\/#primaryimage"},"thumbnailUrl":"https:\/\/teiaeducation.ch\/wp-content\/uploads\/2024\/08\/Montessori-wooden-letter-sand-writing-tray-Threewood.png","datePublished":"2024-08-20T10:00:12+00:00","dateModified":"2025-05-23T13:24:08+00:00","description":"Das Threewood Buchstaben und Sand Schreibtablett ist ein von Montessori inspiriertes, sensorisches Sprachlernspielzeug f\u00fcr kleine Kinder!","breadcrumb":{"@id":"https:\/\/teiaeducation.ch\/de\/produkt\/montessori-buchstaben-sand-schreibtablett-threewood\/#breadcrumb"},"inLanguage":"de-CH","potentialAction":[{"@type":"ReadAction","target":["https:\/\/teiaeducation.ch\/de\/produkt\/montessori-buchstaben-sand-schreibtablett-threewood\/"]}]},{"@type":"ImageObject","inLanguage":"de-CH","@id":"https:\/\/teiaeducation.ch\/de\/produkt\/montessori-buchstaben-sand-schreibtablett-threewood\/#primaryimage","url":"https:\/\/teiaeducation.ch\/wp-content\/uploads\/2024\/08\/Montessori-wooden-letter-sand-writing-tray-Threewood.png","contentUrl":"https:\/\/teiaeducation.ch\/wp-content\/uploads\/2024\/08\/Montessori-wooden-letter-sand-writing-tray-Threewood.png","width":1140,"height":1520,"caption":"Montessori Buchstaben Sand Schreibtablett aus Holz Threewood"},{"@type":"BreadcrumbList","@id":"https:\/\/teiaeducation.ch\/de\/produkt\/montessori-buchstaben-sand-schreibtablett-threewood\/#breadcrumb","itemListElement":[{"@type":"ListItem","position":1,"name":"Home","item":"https:\/\/teiaeducation.ch\/de\/"},{"@type":"ListItem","position":2,"name":"Laden","item":"https:\/\/teiaeducation.ch\/de\/shop\/"},{"@type":"ListItem","position":3,"name":"Unsere Marken","item":"https:\/\/teiaeducation.ch\/de\/produkt-kategorie\/unsere-marken\/"},{"@type":"ListItem","position":4,"name":"Threewood","item":"https:\/\/teiaeducation.ch\/de\/produkt-kategorie\/unsere-marken\/threewood-de\/"},{"@type":"ListItem","position":5,"name":"Montessori Buchstaben und Sand Schreibtablett &#8211; Threewood"}]},{"@type":"WebSite","@id":"https:\/\/teiaeducation.ch\/de\/#website","url":"https:\/\/teiaeducation.ch\/de\/","name":"Sustainable Educational Products &amp; Ecological Toys\u00a0","description":"Specialised Swiss shop selling sustainable educational toys and games, AMI certified Montessori materials, handmade ecological wooden Waldorf toys and arts &amp; crafts supplies, school supplies, children&#039;s furniture and Montessori reference and parenting books.","publisher":{"@id":"https:\/\/teiaeducation.ch\/de\/#organization"},"alternateName":"Teia Education & Play","potentialAction":[{"@type":"SearchAction","target":{"@type":"EntryPoint","urlTemplate":"https:\/\/teiaeducation.ch\/de\/?s={search_term_string}"},"query-input":{"@type":"PropertyValueSpecification","valueRequired":true,"valueName":"search_term_string"}}],"inLanguage":"de-CH"},{"@type":"Organization","@id":"https:\/\/teiaeducation.ch\/de\/#organization","name":"Teia Education & Play","url":"https:\/\/teiaeducation.ch\/de\/","logo":{"@type":"ImageObject","inLanguage":"de-CH","@id":"https:\/\/teiaeducation.ch\/de\/#\/schema\/logo\/image\/","url":"https:\/\/teiaeducation.ch\/wp-content\/uploads\/2020\/11\/Teia-Education-Switzerland-e1620156442216.jpg","contentUrl":"https:\/\/teiaeducation.ch\/wp-content\/uploads\/2020\/11\/Teia-Education-Switzerland-e1620156442216.jpg","width":166,"height":145,"caption":"Teia Education & Play"},"image":{"@id":"https:\/\/teiaeducation.ch\/de\/#\/schema\/logo\/image\/"},"sameAs":["https:\/\/www.facebook.com\/teiaeducation\/","https:\/\/x.com\/EducationTeia","https:\/\/www.instagram.com\/teia.education\/","https:\/\/www.linkedin.com\/company\/35501660","https:\/\/www.pinterest.ch\/TeiaEducation\/"]}]}},"_links":{"self":[{"href":"https:\/\/teiaeducation.ch\/de\/wp-json\/wp\/v2\/product\/63428","targetHints":{"allow":["GET"]}}],"collection":[{"href":"https:\/\/teiaeducation.ch\/de\/wp-json\/wp\/v2\/product"}],"about":[{"href":"https:\/\/teiaeducation.ch\/de\/wp-json\/wp\/v2\/types\/product"}],"replies":[{"embeddable":true,"href":"https:\/\/teiaeducation.ch\/de\/wp-json\/wp\/v2\/comments?post=63428"}],"wp:featuredmedia":[{"embeddable":true,"href":"https:\/\/teiaeducation.ch\/de\/wp-json\/wp\/v2\/media\/61732"}],"wp:attachment":[{"href":"https:\/\/teiaeducation.ch\/de\/wp-json\/wp\/v2\/media?parent=63428"}],"wp:term":[{"taxonomy":"product_brand","embeddable":true,"href":"https:\/\/teiaeducation.ch\/de\/wp-json\/wp\/v2\/product_brand?post=63428"},{"taxonomy":"product_cat","embeddable":true,"href":"https:\/\/teiaeducation.ch\/de\/wp-json\/wp\/v2\/product_cat?post=63428"},{"taxonomy":"product_tag","embeddable":true,"href":"https:\/\/teiaeducation.ch\/de\/wp-json\/wp\/v2\/product_tag?post=63428"}],"curies":[{"name":"wp","href":"https:\/\/api.w.org\/{rel}","templated":true}]}}