{"id":63430,"date":"2024-08-20T10:49:46","date_gmt":"2024-08-20T08:49:46","guid":{"rendered":"https:\/\/teiaeducation.ch\/product\/montessori-hunderter-brett-mit-wollfilzkugeln-threewood\/"},"modified":"2025-05-23T15:24:08","modified_gmt":"2025-05-23T13:24:08","slug":"montessori-hunderter-brett-mit-wollfilzkugeln-threewood","status":"publish","type":"product","link":"https:\/\/teiaeducation.ch\/de\/produkt\/montessori-hunderter-brett-mit-wollfilzkugeln-threewood\/","title":{"rendered":"Montessori Hunderter Brett mit Wollfilzkugeln &#8211; Threewood"},"content":{"rendered":"<p>Das Hunderter Brett aus Holz mit 100 Wollfilzkugeln von Threewood ist ein wundervolles, handgefertigtes, von <a href=\"https:\/\/teiaeducation.ch\/de\/produkt-kategorie\/kinder-spielzeug\/montessori-spielzeug\/\">Montessori <\/a>inspiriertes, sensorisches Lernspielzeug f\u00fcr <a href=\"https:\/\/teiaeducation.ch\/de\/produkt-kategorie\/lernthemen\/mathematik-rechnen\/\">Mathematik und Rechnen<\/a> f\u00fcr kleine Kinder!<\/p>\n<p>Das Montessori Hunderter Brett ist ein Material, mit dem die Zahlenfolge von 1 bis 100 gelehrt werden kann. Die Kinder werden so viel Spa\u00df beim <a href=\"https:\/\/teiaeducation.ch\/de\/produkt-kategorie\/lernthemen\/mathematik-rechnen\/zaehlen\/\">Z\u00e4hlen<\/a>, <a href=\"https:\/\/teiaeducation.ch\/de\/produkt-kategorie\/lernthemen\/mathematik-rechnen\/ergaenzung\/\">Addieren<\/a> und <a href=\"https:\/\/teiaeducation.ch\/de\/produkt-kategorie\/lernthemen\/mathematik-rechnen\/subtraktion\/\">Subtrahieren<\/a> von <a href=\"https:\/\/teiaeducation.ch\/de\/produkt-kategorie\/lernthemen\/mathematik-rechnen\/ziffern\/\">Zahlen<\/a> bis 100 haben. Mit diesem durchdachten und liebevoll gefertigten Lernspielzeug wird das Erlernen von Mathematik zu einem lustigen, visuellen und praktischen Spiel, das sich perfekt f\u00fcr das <a href=\"https:\/\/teiaeducation.ch\/de\/produkt-kategorie\/schulbedarf-fuer-zuhause\/montessori-materialien-fuer-zuhause-schulbedarf-fuer-zuhause\/\">Montessori<\/a> Lernen und Spielen zu Hause eignet.<\/p>\n<p>Das Threewood Hunderter Brett ist aus nat\u00fcrlichem, massivem Eichenholz handgefertigt und misst 22 x 25 cm. Dieses wunderbar nat\u00fcrliche und qualitativ hochwertige taktile Lernspielzeug passt perfekt zu den mitgelieferten Threewood <a href=\"https:\/\/teiaeducation.ch\/de\/produkt\/filzkugeln-aus-reiner-wolle-55-st-threewood\/\">Wollfilzkugeln<\/a> in den Farben des Regenbogens.<\/p>\n<p>Das Brett ist mit Natur\u00f6l behandelt und wird in der Ukraine von Hand gefertigt, ebenso wie die Filzkugeln.<\/p>\n<p>Dieses Lernspielzeug ist f\u00fcr Kinder ab 3 Jahren geeignet.<\/p>\n<p>Inhalt:<\/p>\n<p>1 x Hunderterbrett<br \/>\n100 Wollfilzkugeln<\/p>\n<h2>\u00dcber Threewood<\/h2>\n<p><a href=\"https:\/\/teiaeducation.ch\/de\/produkt-kategorie\/unsere-marken\/threewood-de\/\">Threewood<\/a> ist ein ukrainisches Ehepaar, Yuriy und Olga, das erstaunliche handgefertigte <a href=\"https:\/\/teiaeducation.ch\/de\/produkt-kategorie\/lernthemen\/\">Lernspielzeuge<\/a> und Materialien herstellt, die von der <a href=\"https:\/\/teiaeducation.ch\/de\/produkt-kategorie\/lernmaterialien-spielzeug-montessori-waldorf-steiner-froebel\/montessori-paedagogik-material-spielzeug\/\">Montessori<\/a> P\u00e4dagogik inspiriert sind.<\/p>\n<p>Der Name Threewood steht f\u00fcr ihre drei Kinder und die Leidenschaft f\u00fcr die Arbeit mit Holz, die Yuriy von seinem Vater und Gro\u00dfvater geerbt hat. Diese <a href=\"https:\/\/teiaeducation.ch\/de\/produkt-kategorie\/kinder-spielzeug\/handgefertigtes-holzspielzeug\/\">handgefertigten Holzspielzeuge<\/a> sind meist aus Eichenholz hergestellt und von h\u00f6chster Qualit\u00e4t und Design. Sie versprechen Langlebigkeit und spielerisches Lernen f\u00fcr Generationen!<\/p>\n","protected":false},"excerpt":{"rendered":"<p>Artikelnummer: TW0035<\/p>\n<p>Das Hunderter Brett aus Holz mit Wollfilzkugeln von Threewood wird in der Ukraine handgefertigt und ist ein von Montessori inspiriertes Lernspielzeug!<\/p>\n","protected":false},"featured_media":61709,"comment_status":"open","ping_status":"closed","template":"","meta":[],"product_brand":[],"product_cat":[21445,21446,23651,21479,21538,21491,21484,23075,21509,21537,21498,21481,22182,21443,21563,22362,21494,21495,21678,21553,21672,21564,21540,21547],"product_tag":[29777,29776,29774,29775,29772,29773],"class_list":{"0":"post-63430","1":"product","2":"type-product","3":"status-publish","4":"has-post-thumbnail","6":"product_cat-3-6-jahre-vorschule","7":"product_cat-6-12-jahre-grundschule","8":"product_cat-back-to-school-de","9":"product_cat-lernmaterialien-spielzeug-montessori-waldorf-steiner-froebel","10":"product_cat-ergaenzung","11":"product_cat-geschenk-guide-lerngeschenke","12":"product_cat-geschenk-guides","13":"product_cat-handgefertigtes-holzspielzeug","14":"product_cat-lernthemen","15":"product_cat-mathematik-rechnen","16":"product_cat-montessori-materialien-fuer-zuhause-schulbedarf-fuer-zuhause","17":"product_cat-montessori-paedagogik-material-spielzeug","18":"product_cat-montessori-spielzeug","19":"product_cat-nach-alter","20":"product_cat-neuheiten","21":"product_cat-saisonale-kollektionen","22":"product_cat-schulbedarf-fuer-zuhause","23":"product_cat-schulbedarf-fuer-zuhause-3-6-jahre","24":"product_cat-kinder-spielzeug","25":"product_cat-subtraktion","26":"product_cat-threewood-de","27":"product_cat-unsere-marken","28":"product_cat-zaehlen","29":"product_cat-ziffern","30":"product_tag-handgefertigtes-montessori-100-brett","31":"product_tag-handgefertigtes-montessori-hunderterbrett","32":"product_tag-montessori-100-brett","33":"product_tag-montessori-hundert-brett-eiche-holz","34":"product_tag-montessori-hunderterbrett","35":"product_tag-montessori-hunderterbrett-threewood","37":"first","38":"instock","39":"taxable","40":"shipping-taxable","41":"purchasable","42":"product-type-simple"},"yoast_head":"<!-- This site is optimized with the Yoast SEO plugin v27.1.1 - https:\/\/yoast.com\/product\/yoast-seo-wordpress\/ -->\n<title>Montessori Hunderter Brett mit Wollfilzkugeln - Threewood<\/title>\n<meta name=\"description\" content=\"Das Hunderter Brett aus Holz mit Wollfilzkugeln von Threewood wird in der Ukraine handgefertigt und ist ein von Montessori inspiriertes Lernspielzeug.\" \/>\n<meta name=\"robots\" content=\"index, follow, max-snippet:-1, max-image-preview:large, max-video-preview:-1\" \/>\n<link rel=\"canonical\" href=\"https:\/\/teiaeducation.ch\/de\/produkt\/montessori-hunderter-brett-mit-wollfilzkugeln-threewood\/\" \/>\n<meta property=\"og:locale\" content=\"de_DE\" \/>\n<meta property=\"og:type\" content=\"article\" \/>\n<meta property=\"og:title\" content=\"Montessori Hunderter Brett mit Wollfilzkugeln - Threewood\" \/>\n<meta property=\"og:description\" content=\"Das Hunderter Brett aus Holz mit Wollfilzkugeln von Threewood wird in der Ukraine handgefertigt und ist ein von Montessori inspiriertes Lernspielzeug.\" \/>\n<meta property=\"og:url\" content=\"https:\/\/teiaeducation.ch\/de\/produkt\/montessori-hunderter-brett-mit-wollfilzkugeln-threewood\/\" \/>\n<meta property=\"og:site_name\" content=\"Sustainable Educational Products &amp; Ecological Toys\u00a0\" \/>\n<meta property=\"article:publisher\" content=\"https:\/\/www.facebook.com\/teiaeducation\/\" \/>\n<meta property=\"article:modified_time\" content=\"2025-05-23T13:24:08+00:00\" \/>\n<meta property=\"og:image\" content=\"https:\/\/teiaeducation.ch\/wp-content\/uploads\/2024\/08\/Montessori-wooden-hundred-board-with-wool-felt-balls-Threewood-1-2.jpg\" \/>\n\t<meta property=\"og:image:width\" content=\"538\" \/>\n\t<meta property=\"og:image:height\" content=\"438\" \/>\n\t<meta property=\"og:image:type\" content=\"image\/jpeg\" \/>\n<script type=\"application\/ld+json\" class=\"yoast-schema-graph\">{\"@context\":\"https:\/\/schema.org\",\"@graph\":[{\"@type\":\"WebPage\",\"@id\":\"https:\/\/teiaeducation.ch\/de\/produkt\/montessori-hunderter-brett-mit-wollfilzkugeln-threewood\/\",\"url\":\"https:\/\/teiaeducation.ch\/de\/produkt\/montessori-hunderter-brett-mit-wollfilzkugeln-threewood\/\",\"name\":\"Montessori Hunderter Brett mit Wollfilzkugeln - Threewood\",\"isPartOf\":{\"@id\":\"https:\/\/teiaeducation.ch\/de\/#website\"},\"primaryImageOfPage\":{\"@id\":\"https:\/\/teiaeducation.ch\/de\/produkt\/montessori-hunderter-brett-mit-wollfilzkugeln-threewood\/#primaryimage\"},\"image\":{\"@id\":\"https:\/\/teiaeducation.ch\/de\/produkt\/montessori-hunderter-brett-mit-wollfilzkugeln-threewood\/#primaryimage\"},\"thumbnailUrl\":\"https:\/\/teiaeducation.ch\/wp-content\/uploads\/2024\/08\/Montessori-wooden-hundred-board-with-wool-felt-balls-Threewood-1-2.jpg\",\"datePublished\":\"2024-08-20T08:49:46+00:00\",\"dateModified\":\"2025-05-23T13:24:08+00:00\",\"description\":\"Das Hunderter Brett aus Holz mit Wollfilzkugeln von Threewood wird in der Ukraine handgefertigt und ist ein von Montessori inspiriertes Lernspielzeug.\",\"breadcrumb\":{\"@id\":\"https:\/\/teiaeducation.ch\/de\/produkt\/montessori-hunderter-brett-mit-wollfilzkugeln-threewood\/#breadcrumb\"},\"inLanguage\":\"de-CH\",\"potentialAction\":[{\"@type\":\"ReadAction\",\"target\":[\"https:\/\/teiaeducation.ch\/de\/produkt\/montessori-hunderter-brett-mit-wollfilzkugeln-threewood\/\"]}]},{\"@type\":\"ImageObject\",\"inLanguage\":\"de-CH\",\"@id\":\"https:\/\/teiaeducation.ch\/de\/produkt\/montessori-hunderter-brett-mit-wollfilzkugeln-threewood\/#primaryimage\",\"url\":\"https:\/\/teiaeducation.ch\/wp-content\/uploads\/2024\/08\/Montessori-wooden-hundred-board-with-wool-felt-balls-Threewood-1-2.jpg\",\"contentUrl\":\"https:\/\/teiaeducation.ch\/wp-content\/uploads\/2024\/08\/Montessori-wooden-hundred-board-with-wool-felt-balls-Threewood-1-2.jpg\",\"width\":538,\"height\":438,\"caption\":\"Montessori handgefertigtes hunderter Brett mit Wollfilzkugeln Threewood\"},{\"@type\":\"BreadcrumbList\",\"@id\":\"https:\/\/teiaeducation.ch\/de\/produkt\/montessori-hunderter-brett-mit-wollfilzkugeln-threewood\/#breadcrumb\",\"itemListElement\":[{\"@type\":\"ListItem\",\"position\":1,\"name\":\"Home\",\"item\":\"https:\/\/teiaeducation.ch\/de\/\"},{\"@type\":\"ListItem\",\"position\":2,\"name\":\"Laden\",\"item\":\"https:\/\/teiaeducation.ch\/de\/shop\/\"},{\"@type\":\"ListItem\",\"position\":3,\"name\":\"Unsere Marken\",\"item\":\"https:\/\/teiaeducation.ch\/de\/produkt-kategorie\/unsere-marken\/\"},{\"@type\":\"ListItem\",\"position\":4,\"name\":\"Threewood\",\"item\":\"https:\/\/teiaeducation.ch\/de\/produkt-kategorie\/unsere-marken\/threewood-de\/\"},{\"@type\":\"ListItem\",\"position\":5,\"name\":\"Montessori Hunderter Brett mit Wollfilzkugeln &#8211; Threewood\"}]},{\"@type\":\"WebSite\",\"@id\":\"https:\/\/teiaeducation.ch\/de\/#website\",\"url\":\"https:\/\/teiaeducation.ch\/de\/\",\"name\":\"Sustainable Educational Products &amp; Ecological Toys\u00a0\",\"description\":\"Specialised Swiss shop selling sustainable educational toys and games, AMI certified Montessori materials, handmade ecological wooden Waldorf toys and arts &amp; crafts supplies, school supplies, children&#039;s furniture and Montessori reference and parenting books.\",\"publisher\":{\"@id\":\"https:\/\/teiaeducation.ch\/de\/#organization\"},\"alternateName\":\"Teia Education & Play\",\"potentialAction\":[{\"@type\":\"SearchAction\",\"target\":{\"@type\":\"EntryPoint\",\"urlTemplate\":\"https:\/\/teiaeducation.ch\/de\/?s={search_term_string}\"},\"query-input\":{\"@type\":\"PropertyValueSpecification\",\"valueRequired\":true,\"valueName\":\"search_term_string\"}}],\"inLanguage\":\"de-CH\"},{\"@type\":\"Organization\",\"@id\":\"https:\/\/teiaeducation.ch\/de\/#organization\",\"name\":\"Teia Education & Play\",\"url\":\"https:\/\/teiaeducation.ch\/de\/\",\"logo\":{\"@type\":\"ImageObject\",\"inLanguage\":\"de-CH\",\"@id\":\"https:\/\/teiaeducation.ch\/de\/#\/schema\/logo\/image\/\",\"url\":\"https:\/\/teiaeducation.ch\/wp-content\/uploads\/2020\/11\/Teia-Education-Switzerland-e1620156442216.jpg\",\"contentUrl\":\"https:\/\/teiaeducation.ch\/wp-content\/uploads\/2020\/11\/Teia-Education-Switzerland-e1620156442216.jpg\",\"width\":166,\"height\":145,\"caption\":\"Teia Education & Play\"},\"image\":{\"@id\":\"https:\/\/teiaeducation.ch\/de\/#\/schema\/logo\/image\/\"},\"sameAs\":[\"https:\/\/www.facebook.com\/teiaeducation\/\",\"https:\/\/x.com\/EducationTeia\",\"https:\/\/www.instagram.com\/teia.education\/\",\"https:\/\/www.linkedin.com\/company\/35501660\",\"https:\/\/www.pinterest.ch\/TeiaEducation\/\"]}]}<\/script>\n<!-- \/ Yoast SEO plugin. -->","yoast_head_json":{"title":"Montessori Hunderter Brett mit Wollfilzkugeln - Threewood","description":"Das Hunderter Brett aus Holz mit Wollfilzkugeln von Threewood wird in der Ukraine handgefertigt und ist ein von Montessori inspiriertes Lernspielzeug.","robots":{"index":"index","follow":"follow","max-snippet":"max-snippet:-1","max-image-preview":"max-image-preview:large","max-video-preview":"max-video-preview:-1"},"canonical":"https:\/\/teiaeducation.ch\/de\/produkt\/montessori-hunderter-brett-mit-wollfilzkugeln-threewood\/","og_locale":"de_DE","og_type":"article","og_title":"Montessori Hunderter Brett mit Wollfilzkugeln - Threewood","og_description":"Das Hunderter Brett aus Holz mit Wollfilzkugeln von Threewood wird in der Ukraine handgefertigt und ist ein von Montessori inspiriertes Lernspielzeug.","og_url":"https:\/\/teiaeducation.ch\/de\/produkt\/montessori-hunderter-brett-mit-wollfilzkugeln-threewood\/","og_site_name":"Sustainable Educational Products &amp; Ecological Toys\u00a0","article_publisher":"https:\/\/www.facebook.com\/teiaeducation\/","article_modified_time":"2025-05-23T13:24:08+00:00","og_image":[{"width":538,"height":438,"url":"https:\/\/teiaeducation.ch\/wp-content\/uploads\/2024\/08\/Montessori-wooden-hundred-board-with-wool-felt-balls-Threewood-1-2.jpg","type":"image\/jpeg"}],"schema":{"@context":"https:\/\/schema.org","@graph":[{"@type":"WebPage","@id":"https:\/\/teiaeducation.ch\/de\/produkt\/montessori-hunderter-brett-mit-wollfilzkugeln-threewood\/","url":"https:\/\/teiaeducation.ch\/de\/produkt\/montessori-hunderter-brett-mit-wollfilzkugeln-threewood\/","name":"Montessori Hunderter Brett mit Wollfilzkugeln - Threewood","isPartOf":{"@id":"https:\/\/teiaeducation.ch\/de\/#website"},"primaryImageOfPage":{"@id":"https:\/\/teiaeducation.ch\/de\/produkt\/montessori-hunderter-brett-mit-wollfilzkugeln-threewood\/#primaryimage"},"image":{"@id":"https:\/\/teiaeducation.ch\/de\/produkt\/montessori-hunderter-brett-mit-wollfilzkugeln-threewood\/#primaryimage"},"thumbnailUrl":"https:\/\/teiaeducation.ch\/wp-content\/uploads\/2024\/08\/Montessori-wooden-hundred-board-with-wool-felt-balls-Threewood-1-2.jpg","datePublished":"2024-08-20T08:49:46+00:00","dateModified":"2025-05-23T13:24:08+00:00","description":"Das Hunderter Brett aus Holz mit Wollfilzkugeln von Threewood wird in der Ukraine handgefertigt und ist ein von Montessori inspiriertes Lernspielzeug.","breadcrumb":{"@id":"https:\/\/teiaeducation.ch\/de\/produkt\/montessori-hunderter-brett-mit-wollfilzkugeln-threewood\/#breadcrumb"},"inLanguage":"de-CH","potentialAction":[{"@type":"ReadAction","target":["https:\/\/teiaeducation.ch\/de\/produkt\/montessori-hunderter-brett-mit-wollfilzkugeln-threewood\/"]}]},{"@type":"ImageObject","inLanguage":"de-CH","@id":"https:\/\/teiaeducation.ch\/de\/produkt\/montessori-hunderter-brett-mit-wollfilzkugeln-threewood\/#primaryimage","url":"https:\/\/teiaeducation.ch\/wp-content\/uploads\/2024\/08\/Montessori-wooden-hundred-board-with-wool-felt-balls-Threewood-1-2.jpg","contentUrl":"https:\/\/teiaeducation.ch\/wp-content\/uploads\/2024\/08\/Montessori-wooden-hundred-board-with-wool-felt-balls-Threewood-1-2.jpg","width":538,"height":438,"caption":"Montessori handgefertigtes hunderter Brett mit Wollfilzkugeln Threewood"},{"@type":"BreadcrumbList","@id":"https:\/\/teiaeducation.ch\/de\/produkt\/montessori-hunderter-brett-mit-wollfilzkugeln-threewood\/#breadcrumb","itemListElement":[{"@type":"ListItem","position":1,"name":"Home","item":"https:\/\/teiaeducation.ch\/de\/"},{"@type":"ListItem","position":2,"name":"Laden","item":"https:\/\/teiaeducation.ch\/de\/shop\/"},{"@type":"ListItem","position":3,"name":"Unsere Marken","item":"https:\/\/teiaeducation.ch\/de\/produkt-kategorie\/unsere-marken\/"},{"@type":"ListItem","position":4,"name":"Threewood","item":"https:\/\/teiaeducation.ch\/de\/produkt-kategorie\/unsere-marken\/threewood-de\/"},{"@type":"ListItem","position":5,"name":"Montessori Hunderter Brett mit Wollfilzkugeln &#8211; Threewood"}]},{"@type":"WebSite","@id":"https:\/\/teiaeducation.ch\/de\/#website","url":"https:\/\/teiaeducation.ch\/de\/","name":"Sustainable Educational Products &amp; Ecological Toys\u00a0","description":"Specialised Swiss shop selling sustainable educational toys and games, AMI certified Montessori materials, handmade ecological wooden Waldorf toys and arts &amp; crafts supplies, school supplies, children&#039;s furniture and Montessori reference and parenting books.","publisher":{"@id":"https:\/\/teiaeducation.ch\/de\/#organization"},"alternateName":"Teia Education & Play","potentialAction":[{"@type":"SearchAction","target":{"@type":"EntryPoint","urlTemplate":"https:\/\/teiaeducation.ch\/de\/?s={search_term_string}"},"query-input":{"@type":"PropertyValueSpecification","valueRequired":true,"valueName":"search_term_string"}}],"inLanguage":"de-CH"},{"@type":"Organization","@id":"https:\/\/teiaeducation.ch\/de\/#organization","name":"Teia Education & Play","url":"https:\/\/teiaeducation.ch\/de\/","logo":{"@type":"ImageObject","inLanguage":"de-CH","@id":"https:\/\/teiaeducation.ch\/de\/#\/schema\/logo\/image\/","url":"https:\/\/teiaeducation.ch\/wp-content\/uploads\/2020\/11\/Teia-Education-Switzerland-e1620156442216.jpg","contentUrl":"https:\/\/teiaeducation.ch\/wp-content\/uploads\/2020\/11\/Teia-Education-Switzerland-e1620156442216.jpg","width":166,"height":145,"caption":"Teia Education & Play"},"image":{"@id":"https:\/\/teiaeducation.ch\/de\/#\/schema\/logo\/image\/"},"sameAs":["https:\/\/www.facebook.com\/teiaeducation\/","https:\/\/x.com\/EducationTeia","https:\/\/www.instagram.com\/teia.education\/","https:\/\/www.linkedin.com\/company\/35501660","https:\/\/www.pinterest.ch\/TeiaEducation\/"]}]}},"_links":{"self":[{"href":"https:\/\/teiaeducation.ch\/de\/wp-json\/wp\/v2\/product\/63430","targetHints":{"allow":["GET"]}}],"collection":[{"href":"https:\/\/teiaeducation.ch\/de\/wp-json\/wp\/v2\/product"}],"about":[{"href":"https:\/\/teiaeducation.ch\/de\/wp-json\/wp\/v2\/types\/product"}],"replies":[{"embeddable":true,"href":"https:\/\/teiaeducation.ch\/de\/wp-json\/wp\/v2\/comments?post=63430"}],"wp:featuredmedia":[{"embeddable":true,"href":"https:\/\/teiaeducation.ch\/de\/wp-json\/wp\/v2\/media\/61709"}],"wp:attachment":[{"href":"https:\/\/teiaeducation.ch\/de\/wp-json\/wp\/v2\/media?parent=63430"}],"wp:term":[{"taxonomy":"product_brand","embeddable":true,"href":"https:\/\/teiaeducation.ch\/de\/wp-json\/wp\/v2\/product_brand?post=63430"},{"taxonomy":"product_cat","embeddable":true,"href":"https:\/\/teiaeducation.ch\/de\/wp-json\/wp\/v2\/product_cat?post=63430"},{"taxonomy":"product_tag","embeddable":true,"href":"https:\/\/teiaeducation.ch\/de\/wp-json\/wp\/v2\/product_tag?post=63430"}],"curies":[{"name":"wp","href":"https:\/\/api.w.org\/{rel}","templated":true}]}}