{"id":63432,"date":"2021-03-30T15:58:09","date_gmt":"2021-03-30T13:58:09","guid":{"rendered":"https:\/\/teiaeducation.ch\/product\/number-board-aus-holz-threewood\/"},"modified":"2025-05-23T15:24:08","modified_gmt":"2025-05-23T13:24:08","slug":"number-board-aus-holz-threewood","status":"publish","type":"product","link":"https:\/\/teiaeducation.ch\/de\/produkt\/number-board-aus-holz-threewood\/","title":{"rendered":"Number Board aus Holz &#8211; Threewood"},"content":{"rendered":"<p>Die h\u00f6lzerne Pausenbrett mit den <a href=\"https:\/\/teiaeducation.ch\/product-category\/learning-themes\/mathematics-numeracy\/numbers\/\">Zahlen<\/a> 0 bis 10 von Threewood ist ein wunderbares, handgefertigtes, von Montessori inspiriertes, sensorisches <a href=\"https:\/\/teiaeducation.ch\/product-category\/learning-themes\/mathematics-numeracy\/\">Mathe<\/a>-Lernspielzeug f\u00fcr kleine Kinder! Kinder werden viel Spa\u00df daran haben, die Zahlen mit dem Zeigefinger oder dem mitgelieferten Holzstift nachzuzeichnen, w\u00e4hrend sie ihre <a href=\"https:\/\/teiaeducation.ch\/product-category\/learning-themes\/sensory-motor-skills\/motor-skills\/\">Feinmotorik<\/a> verfeinern und ihre H\u00e4nde in Vorbereitung auf das <a href=\"https:\/\/teiaeducation.ch\/product-category\/learning-themes\/literacy-language\/learning-to-write\/\">Schreiben<\/a> st\u00e4rken! Um das <a href=\"https:\/\/teiaeducation.ch\/product-category\/learning-themes\/mathematics-numeracy\/counting\/\">Z\u00e4hlen<\/a> zu \u00fcben, wird die entsprechende Anzahl von Filzkugeln in die kleinen L\u00f6cher auf der Tafel gesteckt. Schreiben und Lesen, Z\u00e4hlen und Erkennen von Zahlen werden mit diesem durchdachten und liebevoll gestalteten Lernspielzeug zu einem lustigen und praktischen Spiel, das sich perfekt f\u00fcr das <a href=\"https:\/\/teiaeducation.ch\/product-category\/hgh-quality-toys-play\/montessori-toys\/\">Montesori<\/a> Lernen und Spielen zu Hause eignet. Dieses wundersch\u00f6ne, nat\u00fcrliche und qualitativ hochwertige Lernspielzeug ist aus massivem Eichenholz handgefertigt und enth\u00e4lt 55 Filzwollkugeln in den Farben des Regenbogens, zwei Holzstifte zum Nachzeichnen und einen sch\u00f6nen kleinen Leinenbeutel zur Aufbewahrung der Filzkugeln.    Das Alphabet Board aus massiver Eiche ist mit nat\u00fcrlichem \u00d6l behandelt und misst 40 x 20 cm mit einer Dicke von 1,8 cm. Die Stifte sind aus Sperrholz und die Kugeln aus reiner Wolle gefertigt. Das gesamte Zahlenpausenset aus Holz wird in der Ukraine von Hand gefertigt. Inhalte: 1 Pausentafel aus Eichenholz 55 Filzwollkugeln 2 Holzstifte 1 Leinensack zur Aufbewahrung der Filzkugeln   <\/p>\n<h2>\u00dcber Threewood<\/h2>\n<p><a href=\"https:\/\/teiaeducation.ch\/product-category\/brands\/threewood\/\">Threewood<\/a> ist ein ukrainisches Ehepaar, Yuriy und Olga, das erstaunliche handgefertigte <a href=\"https:\/\/teiaeducation.ch\/product-category\/learning-themes\/\">Lernspielzeuge<\/a> und Materialien herstellt, die von der <a href=\"https:\/\/teiaeducation.ch\/product-category\/education-method\/the-montessori-pedagogy-materials-toys\/\">Montessori<\/a> P\u00e4dagogik inspiriert sind. Der Name Threewood steht f\u00fcr ihre drei Kinder und die Leidenschaft f\u00fcr die Arbeit mit Holz, die Yuriy von seinem Vater und Gro\u00dfvater geerbt hat. Diese <a href=\"https:\/\/teiaeducation.ch\/product-category\/hgh-quality-toys-play\/handmade-wooden-toys\/\">handgefertigten Holzspielzeuge<\/a> sind meist aus Eichenholz hergestellt und von h\u00f6chster Qualit\u00e4t und Design. Sie versprechen Langlebigkeit und spielerisches Lernen f\u00fcr Generationen!<\/p>\n","protected":false},"excerpt":{"rendered":"<p>Artikelnummer: TW008 Das Threewood Zahlenbrett aus Holz mit Filzkugeln ist ein wunderbares handgefertigtes, von Montessori inspiriertes Lernspielzeug f\u00fcr kleine Kinder!<\/p>\n","protected":false},"featured_media":41586,"comment_status":"open","ping_status":"closed","template":"","meta":[],"product_brand":[],"product_cat":[21445,21446,21524,21479,21491,21484,23075,21509,21537,21498,21481,22182,21559,21443,21563,21531,21494,21495,21557,21678,21672,21482,21564,21540,21547],"product_tag":[26978,26979,26881,26887,26886,26880,26882,26888,26883,26884,29157,26885,26879],"class_list":{"0":"post-63432","1":"product","2":"type-product","3":"status-publish","4":"has-post-thumbnail","6":"product_cat-3-6-jahre-vorschule","7":"product_cat-6-12-jahre-grundschule","8":"product_cat-alphabetisierung-sprache","9":"product_cat-lernmaterialien-spielzeug-montessori-waldorf-steiner-froebel","10":"product_cat-geschenk-guide-lerngeschenke","11":"product_cat-geschenk-guides","12":"product_cat-handgefertigtes-holzspielzeug","13":"product_cat-lernthemen","14":"product_cat-mathematik-rechnen","15":"product_cat-montessori-materialien-fuer-zuhause-schulbedarf-fuer-zuhause","16":"product_cat-montessori-paedagogik-material-spielzeug","17":"product_cat-montessori-spielzeug","18":"product_cat-motorische-fertigkeiten","19":"product_cat-nach-alter","20":"product_cat-neuheiten","21":"product_cat-schreiben-lernen","22":"product_cat-schulbedarf-fuer-zuhause","23":"product_cat-schulbedarf-fuer-zuhause-3-6-jahre","24":"product_cat-sensorische-motorische-fertigkeiten","25":"product_cat-kinder-spielzeug","26":"product_cat-threewood-de","27":"product_cat-traditionelle-bildung","28":"product_cat-unsere-marken","29":"product_cat-zaehlen","30":"product_cat-ziffern","31":"product_tag-alphabet-board-aus-holz-englisch-threewood","32":"product_tag-alphabet-board-aus-holz-englisch-threewood-de","33":"product_tag-alphabet-lernspielzeug-aus-holz","34":"product_tag-buchstaben-und-worter-aus-holz","35":"product_tag-handgefertigte-montessori-lernspielzeug","36":"product_tag-handgefertigtes-lernspielzeug-aus-holz","37":"product_tag-hergestellt-in-der-ukraine","38":"product_tag-letter-board-aus-holz-threewood","39":"product_tag-letter-board-englisch-threewood","40":"product_tag-montessori-inspiriertes-lernspielzeug","41":"product_tag-regenbogen-board-aus-holz-threewood","42":"product_tag-threewood-alphabet-board-aus-holz","43":"product_tag-threewood-montessori-spielzeug","45":"first","46":"instock","47":"taxable","48":"shipping-taxable","49":"purchasable","50":"product-type-simple"},"yoast_head":"<!-- This site is optimized with the Yoast SEO Premium plugin v25.8 (Yoast SEO v27.4) - https:\/\/yoast.com\/product\/yoast-seo-premium-wordpress\/ -->\n<title>Number Board aus Holz - Threewood<\/title>\n<meta name=\"description\" content=\"Das Threewood Zahlenbrett aus Holz mit Filzkugeln ist ein wunderbares, handgefertigtes, von Montessori inspiriertes Lernspielzeug f\u00fcr Mathe!\" \/>\n<meta name=\"robots\" content=\"index, follow, max-snippet:-1, max-image-preview:large, max-video-preview:-1\" \/>\n<link rel=\"canonical\" href=\"https:\/\/teiaeducation.ch\/de\/produkt\/number-board-aus-holz-threewood\/\" \/>\n<meta property=\"og:locale\" content=\"de_DE\" \/>\n<meta property=\"og:type\" content=\"article\" \/>\n<meta property=\"og:title\" content=\"Number Board aus Holz - Threewood\" \/>\n<meta property=\"og:description\" content=\"Das Threewood Zahlenbrett aus Holz mit Filzkugeln ist ein wunderbares, handgefertigtes, von Montessori inspiriertes Lernspielzeug f\u00fcr Mathe!\" \/>\n<meta property=\"og:url\" content=\"https:\/\/teiaeducation.ch\/de\/produkt\/number-board-aus-holz-threewood\/\" \/>\n<meta property=\"og:site_name\" content=\"Sustainable Educational Products &amp; Ecological Toys\u00a0\" \/>\n<meta property=\"article:publisher\" content=\"https:\/\/www.facebook.com\/teiaeducation\/\" \/>\n<meta property=\"article:modified_time\" content=\"2025-05-23T13:24:08+00:00\" \/>\n<meta property=\"og:image\" content=\"https:\/\/teiaeducation.ch\/wp-content\/uploads\/2021\/03\/Wooden-numbers-tracing-board-Threewood1.jpg\" \/>\n\t<meta property=\"og:image:width\" content=\"1588\" \/>\n\t<meta property=\"og:image:height\" content=\"1588\" \/>\n\t<meta property=\"og:image:type\" content=\"image\/jpeg\" \/>\n<script type=\"application\/ld+json\" class=\"yoast-schema-graph\">{\"@context\":\"https:\\\/\\\/schema.org\",\"@graph\":[{\"@type\":\"WebPage\",\"@id\":\"https:\\\/\\\/teiaeducation.ch\\\/de\\\/produkt\\\/number-board-aus-holz-threewood\\\/\",\"url\":\"https:\\\/\\\/teiaeducation.ch\\\/de\\\/produkt\\\/number-board-aus-holz-threewood\\\/\",\"name\":\"Number Board aus Holz - Threewood\",\"isPartOf\":{\"@id\":\"https:\\\/\\\/teiaeducation.ch\\\/de\\\/#website\"},\"primaryImageOfPage\":{\"@id\":\"https:\\\/\\\/teiaeducation.ch\\\/de\\\/produkt\\\/number-board-aus-holz-threewood\\\/#primaryimage\"},\"image\":{\"@id\":\"https:\\\/\\\/teiaeducation.ch\\\/de\\\/produkt\\\/number-board-aus-holz-threewood\\\/#primaryimage\"},\"thumbnailUrl\":\"https:\\\/\\\/teiaeducation.ch\\\/wp-content\\\/uploads\\\/2021\\\/03\\\/Wooden-numbers-tracing-board-Threewood1.jpg\",\"datePublished\":\"2021-03-30T13:58:09+00:00\",\"dateModified\":\"2025-05-23T13:24:08+00:00\",\"description\":\"Das Threewood Zahlenbrett aus Holz mit Filzkugeln ist ein wunderbares, handgefertigtes, von Montessori inspiriertes Lernspielzeug f\u00fcr Mathe!\",\"breadcrumb\":{\"@id\":\"https:\\\/\\\/teiaeducation.ch\\\/de\\\/produkt\\\/number-board-aus-holz-threewood\\\/#breadcrumb\"},\"inLanguage\":\"de-CH\",\"potentialAction\":[{\"@type\":\"ReadAction\",\"target\":[\"https:\\\/\\\/teiaeducation.ch\\\/de\\\/produkt\\\/number-board-aus-holz-threewood\\\/\"]}]},{\"@type\":\"ImageObject\",\"inLanguage\":\"de-CH\",\"@id\":\"https:\\\/\\\/teiaeducation.ch\\\/de\\\/produkt\\\/number-board-aus-holz-threewood\\\/#primaryimage\",\"url\":\"https:\\\/\\\/teiaeducation.ch\\\/wp-content\\\/uploads\\\/2021\\\/03\\\/Wooden-numbers-tracing-board-Threewood1.jpg\",\"contentUrl\":\"https:\\\/\\\/teiaeducation.ch\\\/wp-content\\\/uploads\\\/2021\\\/03\\\/Wooden-numbers-tracing-board-Threewood1.jpg\",\"width\":1588,\"height\":1588,\"caption\":\"Number Board aus Holz - Threewood\"},{\"@type\":\"BreadcrumbList\",\"@id\":\"https:\\\/\\\/teiaeducation.ch\\\/de\\\/produkt\\\/number-board-aus-holz-threewood\\\/#breadcrumb\",\"itemListElement\":[{\"@type\":\"ListItem\",\"position\":1,\"name\":\"Home\",\"item\":\"https:\\\/\\\/teiaeducation.ch\\\/de\\\/\"},{\"@type\":\"ListItem\",\"position\":2,\"name\":\"Laden\",\"item\":\"https:\\\/\\\/teiaeducation.ch\\\/de\\\/shop\\\/\"},{\"@type\":\"ListItem\",\"position\":3,\"name\":\"Number Board aus Holz &#8211; Threewood\"}]},{\"@type\":\"WebSite\",\"@id\":\"https:\\\/\\\/teiaeducation.ch\\\/de\\\/#website\",\"url\":\"https:\\\/\\\/teiaeducation.ch\\\/de\\\/\",\"name\":\"Sustainable Educational Products &amp; Ecological Toys\u00a0\",\"description\":\"Specialised Swiss shop selling sustainable educational toys and games, AMI certified Montessori materials, handmade ecological wooden Waldorf toys and arts &amp; crafts supplies, school supplies, children&#039;s furniture and Montessori reference and parenting books.\",\"publisher\":{\"@id\":\"https:\\\/\\\/teiaeducation.ch\\\/de\\\/#organization\"},\"alternateName\":\"Teia Education & Play\",\"potentialAction\":[{\"@type\":\"SearchAction\",\"target\":{\"@type\":\"EntryPoint\",\"urlTemplate\":\"https:\\\/\\\/teiaeducation.ch\\\/de\\\/?s={search_term_string}\"},\"query-input\":{\"@type\":\"PropertyValueSpecification\",\"valueRequired\":true,\"valueName\":\"search_term_string\"}}],\"inLanguage\":\"de-CH\"},{\"@type\":\"Organization\",\"@id\":\"https:\\\/\\\/teiaeducation.ch\\\/de\\\/#organization\",\"name\":\"Teia Education & Play\",\"url\":\"https:\\\/\\\/teiaeducation.ch\\\/de\\\/\",\"logo\":{\"@type\":\"ImageObject\",\"inLanguage\":\"de-CH\",\"@id\":\"https:\\\/\\\/teiaeducation.ch\\\/de\\\/#\\\/schema\\\/logo\\\/image\\\/\",\"url\":\"https:\\\/\\\/teiaeducation.ch\\\/wp-content\\\/uploads\\\/2020\\\/11\\\/Teia-Education-Switzerland-e1620156442216.jpg\",\"contentUrl\":\"https:\\\/\\\/teiaeducation.ch\\\/wp-content\\\/uploads\\\/2020\\\/11\\\/Teia-Education-Switzerland-e1620156442216.jpg\",\"width\":166,\"height\":145,\"caption\":\"Teia Education & Play\"},\"image\":{\"@id\":\"https:\\\/\\\/teiaeducation.ch\\\/de\\\/#\\\/schema\\\/logo\\\/image\\\/\"},\"sameAs\":[\"https:\\\/\\\/www.facebook.com\\\/teiaeducation\\\/\",\"https:\\\/\\\/x.com\\\/EducationTeia\",\"https:\\\/\\\/www.instagram.com\\\/teia.education\\\/\",\"https:\\\/\\\/www.linkedin.com\\\/company\\\/35501660\",\"https:\\\/\\\/www.pinterest.ch\\\/TeiaEducation\\\/\"]}]}<\/script>\n<meta property=\"product:price:amount\" content=\"71.00\" \/>\n<meta property=\"product:price:currency\" content=\"CHF\" \/>\n<meta property=\"og:availability\" content=\"instock\" \/>\n<meta property=\"product:availability\" content=\"instock\" \/>\n<meta property=\"product:retailer_item_id\" content=\"00000000000000000000000000000000000000000000034877\" \/>\n<meta property=\"product:condition\" content=\"new\" \/>\n<!-- \/ Yoast SEO Premium plugin. -->","yoast_head_json":{"title":"Number Board aus Holz - Threewood","description":"Das Threewood Zahlenbrett aus Holz mit Filzkugeln ist ein wunderbares, handgefertigtes, von Montessori inspiriertes Lernspielzeug f\u00fcr Mathe!","robots":{"index":"index","follow":"follow","max-snippet":"max-snippet:-1","max-image-preview":"max-image-preview:large","max-video-preview":"max-video-preview:-1"},"canonical":"https:\/\/teiaeducation.ch\/de\/produkt\/number-board-aus-holz-threewood\/","og_locale":"de_DE","og_type":"article","og_title":"Number Board aus Holz - Threewood","og_description":"Das Threewood Zahlenbrett aus Holz mit Filzkugeln ist ein wunderbares, handgefertigtes, von Montessori inspiriertes Lernspielzeug f\u00fcr Mathe!","og_url":"https:\/\/teiaeducation.ch\/de\/produkt\/number-board-aus-holz-threewood\/","og_site_name":"Sustainable Educational Products &amp; Ecological Toys\u00a0","article_publisher":"https:\/\/www.facebook.com\/teiaeducation\/","article_modified_time":"2025-05-23T13:24:08+00:00","og_image":[{"width":1588,"height":1588,"url":"https:\/\/teiaeducation.ch\/wp-content\/uploads\/2021\/03\/Wooden-numbers-tracing-board-Threewood1.jpg","type":"image\/jpeg"}],"schema":{"@context":"https:\/\/schema.org","@graph":[{"@type":"WebPage","@id":"https:\/\/teiaeducation.ch\/de\/produkt\/number-board-aus-holz-threewood\/","url":"https:\/\/teiaeducation.ch\/de\/produkt\/number-board-aus-holz-threewood\/","name":"Number Board aus Holz - Threewood","isPartOf":{"@id":"https:\/\/teiaeducation.ch\/de\/#website"},"primaryImageOfPage":{"@id":"https:\/\/teiaeducation.ch\/de\/produkt\/number-board-aus-holz-threewood\/#primaryimage"},"image":{"@id":"https:\/\/teiaeducation.ch\/de\/produkt\/number-board-aus-holz-threewood\/#primaryimage"},"thumbnailUrl":"https:\/\/teiaeducation.ch\/wp-content\/uploads\/2021\/03\/Wooden-numbers-tracing-board-Threewood1.jpg","datePublished":"2021-03-30T13:58:09+00:00","dateModified":"2025-05-23T13:24:08+00:00","description":"Das Threewood Zahlenbrett aus Holz mit Filzkugeln ist ein wunderbares, handgefertigtes, von Montessori inspiriertes Lernspielzeug f\u00fcr Mathe!","breadcrumb":{"@id":"https:\/\/teiaeducation.ch\/de\/produkt\/number-board-aus-holz-threewood\/#breadcrumb"},"inLanguage":"de-CH","potentialAction":[{"@type":"ReadAction","target":["https:\/\/teiaeducation.ch\/de\/produkt\/number-board-aus-holz-threewood\/"]}]},{"@type":"ImageObject","inLanguage":"de-CH","@id":"https:\/\/teiaeducation.ch\/de\/produkt\/number-board-aus-holz-threewood\/#primaryimage","url":"https:\/\/teiaeducation.ch\/wp-content\/uploads\/2021\/03\/Wooden-numbers-tracing-board-Threewood1.jpg","contentUrl":"https:\/\/teiaeducation.ch\/wp-content\/uploads\/2021\/03\/Wooden-numbers-tracing-board-Threewood1.jpg","width":1588,"height":1588,"caption":"Number Board aus Holz - Threewood"},{"@type":"BreadcrumbList","@id":"https:\/\/teiaeducation.ch\/de\/produkt\/number-board-aus-holz-threewood\/#breadcrumb","itemListElement":[{"@type":"ListItem","position":1,"name":"Home","item":"https:\/\/teiaeducation.ch\/de\/"},{"@type":"ListItem","position":2,"name":"Laden","item":"https:\/\/teiaeducation.ch\/de\/shop\/"},{"@type":"ListItem","position":3,"name":"Number Board aus Holz &#8211; Threewood"}]},{"@type":"WebSite","@id":"https:\/\/teiaeducation.ch\/de\/#website","url":"https:\/\/teiaeducation.ch\/de\/","name":"Sustainable Educational Products &amp; Ecological Toys\u00a0","description":"Specialised Swiss shop selling sustainable educational toys and games, AMI certified Montessori materials, handmade ecological wooden Waldorf toys and arts &amp; crafts supplies, school supplies, children&#039;s furniture and Montessori reference and parenting books.","publisher":{"@id":"https:\/\/teiaeducation.ch\/de\/#organization"},"alternateName":"Teia Education & Play","potentialAction":[{"@type":"SearchAction","target":{"@type":"EntryPoint","urlTemplate":"https:\/\/teiaeducation.ch\/de\/?s={search_term_string}"},"query-input":{"@type":"PropertyValueSpecification","valueRequired":true,"valueName":"search_term_string"}}],"inLanguage":"de-CH"},{"@type":"Organization","@id":"https:\/\/teiaeducation.ch\/de\/#organization","name":"Teia Education & Play","url":"https:\/\/teiaeducation.ch\/de\/","logo":{"@type":"ImageObject","inLanguage":"de-CH","@id":"https:\/\/teiaeducation.ch\/de\/#\/schema\/logo\/image\/","url":"https:\/\/teiaeducation.ch\/wp-content\/uploads\/2020\/11\/Teia-Education-Switzerland-e1620156442216.jpg","contentUrl":"https:\/\/teiaeducation.ch\/wp-content\/uploads\/2020\/11\/Teia-Education-Switzerland-e1620156442216.jpg","width":166,"height":145,"caption":"Teia Education & Play"},"image":{"@id":"https:\/\/teiaeducation.ch\/de\/#\/schema\/logo\/image\/"},"sameAs":["https:\/\/www.facebook.com\/teiaeducation\/","https:\/\/x.com\/EducationTeia","https:\/\/www.instagram.com\/teia.education\/","https:\/\/www.linkedin.com\/company\/35501660","https:\/\/www.pinterest.ch\/TeiaEducation\/"]}]},"product_price_amount":"71.00","product_price_currency":"CHF","og_availability":"instock","product_availability":"instock","product_retailer_item_id":"00000000000000000000000000000000000000000000034877","product_condition":"new"},"_links":{"self":[{"href":"https:\/\/teiaeducation.ch\/de\/wp-json\/wp\/v2\/product\/63432","targetHints":{"allow":["GET"]}}],"collection":[{"href":"https:\/\/teiaeducation.ch\/de\/wp-json\/wp\/v2\/product"}],"about":[{"href":"https:\/\/teiaeducation.ch\/de\/wp-json\/wp\/v2\/types\/product"}],"replies":[{"embeddable":true,"href":"https:\/\/teiaeducation.ch\/de\/wp-json\/wp\/v2\/comments?post=63432"}],"wp:featuredmedia":[{"embeddable":true,"href":"https:\/\/teiaeducation.ch\/de\/wp-json\/wp\/v2\/media\/41586"}],"wp:attachment":[{"href":"https:\/\/teiaeducation.ch\/de\/wp-json\/wp\/v2\/media?parent=63432"}],"wp:term":[{"taxonomy":"product_brand","embeddable":true,"href":"https:\/\/teiaeducation.ch\/de\/wp-json\/wp\/v2\/product_brand?post=63432"},{"taxonomy":"product_cat","embeddable":true,"href":"https:\/\/teiaeducation.ch\/de\/wp-json\/wp\/v2\/product_cat?post=63432"},{"taxonomy":"product_tag","embeddable":true,"href":"https:\/\/teiaeducation.ch\/de\/wp-json\/wp\/v2\/product_tag?post=63432"}],"curies":[{"name":"wp","href":"https:\/\/api.w.org\/{rel}","templated":true}]}}