{"id":63434,"date":"2021-03-30T15:23:09","date_gmt":"2021-03-30T13:23:09","guid":{"rendered":"https:\/\/teiaeducation.ch\/product\/pausenbrett-schreibmuster-aus-holz\/"},"modified":"2024-09-23T15:54:26","modified_gmt":"2024-09-23T13:54:26","slug":"pausenbrett-schreibmuster-aus-holz","status":"publish","type":"product","link":"https:\/\/teiaeducation.ch\/de\/produkt\/pausenbrett-schreibmuster-aus-holz\/","title":{"rendered":"Pausenbrett Schreibmuster aus Holz"},"content":{"rendered":"<p>Das wendbare Holzbrett mit Schreibmustern von Threewood ist ein wundervolles, handgefertigtes, von Montessori inspiriertes, sensorisches <a href=\"https:\/\/teiaeducation.ch\/product-category\/learning-themes\/literacy-language\/\">Sprach<\/a>lernspielzeug f\u00fcr kleine Kinder! Kinder werden viel Spa\u00df daran haben, die Muster mit ihrem Zeigefinger oder dem mitgelieferten Holzstift nachzuzeichnen, w\u00e4hrend sie ihre <a href=\"https:\/\/teiaeducation.ch\/product-category\/learning-themes\/sensory-motor-skills\/motor-skills\/\">Feinmotorik<\/a> verfeinern und ihre H\u00e4nde als Vorbereitung auf das <a href=\"https:\/\/teiaeducation.ch\/product-category\/learning-themes\/literacy-language\/learning-to-write\/\">Schreiben<\/a> st\u00e4rken! Mit diesem durchdachten und liebevoll gestalteten Lernspielzeug wird das Schreiben- und Lesenlernen zu einem lustigen und praktischen Spiel, das sich perfekt f\u00fcr das <a href=\"https:\/\/teiaeducation.ch\/product-category\/hgh-quality-toys-play\/montessori-toys\/\">Montessori<\/a>-Lernen zu Hause eignet. Dieses wunderbar nat\u00fcrliche und qualitativ hochwertige taktile Lernspielzeug verf\u00fcgt \u00fcber zwei Seiten mit unterschiedlichen Schreibmustern, die die Buchstaben des Alphabets nachahmen: auf der einen Seite geschwungene Formen und auf der R\u00fcckseite gerade Linien.   Handgefertigt aus massivem Eichenholz, enth\u00e4lt das Zweiseitige Alphabet Board zwei Holzstifte f\u00fcr die Verfolgung und eine sch\u00f6ne kleine Leinen Aufbewahrungstasche f\u00fcr die Stifte. Das Pausenbrett aus massivem Eichenholz ist mit Natur\u00f6l behandelt und misst 20 x 20 cm bei einer Dicke von 1,8 cm. Die Stifte sind aus Sperrholz gefertigt. Dieses komplette Holzpausenbrett Set wird in der Ukraine von Hand gefertigt. Inhalte: 1 Wendepausentafel aus Eichenholz 2 Holzstifte 1 Leinensack zur Aufbewahrung der Stifte  <\/p>\n<h2>\u00dcber Threewood<\/h2>\n<p><a href=\"https:\/\/teiaeducation.ch\/product-category\/brands\/threewood\/\">Threewood<\/a> ist ein ukrainisches Ehepaar, Yuriy und Olga, das erstaunliche handgefertigte <a href=\"https:\/\/teiaeducation.ch\/product-category\/learning-themes\/\">Lernspielzeuge<\/a> und Materialien herstellt, die von der <a href=\"https:\/\/teiaeducation.ch\/product-category\/education-method\/the-montessori-pedagogy-materials-toys\/\">Montessori<\/a> P\u00e4dagogik inspiriert sind. Der Name Threewood steht f\u00fcr ihre drei Kinder und die Leidenschaft f\u00fcr die Arbeit mit Holz, die Yuriy von seinem Vater und Gro\u00dfvater geerbt hat. Diese <a href=\"https:\/\/teiaeducation.ch\/product-category\/hgh-quality-toys-play\/handmade-wooden-toys\/\">handgefertigten Holzspielzeuge<\/a> sind meist aus Eichenholz hergestellt und von h\u00f6chster Qualit\u00e4t und Design. Sie versprechen Langlebigkeit und spielerisches Lernen f\u00fcr Generationen!<\/p>\n","protected":false},"excerpt":{"rendered":"<p>Artikelnummer: TW006 Die Threewood Holzpausentafel mit Schreibmustern ist ein wunderbares handgefertigtes, von Montessori inspiriertes Lernspielzeug f\u00fcr kleine Kinder!<\/p>\n","protected":false},"featured_media":41582,"comment_status":"open","ping_status":"closed","template":"","meta":[],"product_brand":[],"product_cat":[21445,21446,21524,23651,21479,21491,21484,23075,21509,21530,21498,21481,22182,21559,21443,21563,22362,21531,21494,21495,21557,21678,21672,21482,21564],"product_tag":[26978,26881,26887,26886,26880,26882,26888,26883,26884,26885,26879],"class_list":{"0":"post-63434","1":"product","2":"type-product","3":"status-publish","4":"has-post-thumbnail","6":"product_cat-3-6-jahre-vorschule","7":"product_cat-6-12-jahre-grundschule","8":"product_cat-alphabetisierung-sprache","9":"product_cat-back-to-school-de","10":"product_cat-lernmaterialien-spielzeug-montessori-waldorf-steiner-froebel","11":"product_cat-geschenk-guide-lerngeschenke","12":"product_cat-geschenk-guides","13":"product_cat-handgefertigtes-holzspielzeug","14":"product_cat-lernthemen","15":"product_cat-lesen-lernen","16":"product_cat-montessori-materialien-fuer-zuhause-schulbedarf-fuer-zuhause","17":"product_cat-montessori-paedagogik-material-spielzeug","18":"product_cat-montessori-spielzeug","19":"product_cat-motorische-fertigkeiten","20":"product_cat-nach-alter","21":"product_cat-neuheiten","22":"product_cat-saisonale-kollektionen","23":"product_cat-schreiben-lernen","24":"product_cat-schulbedarf-fuer-zuhause","25":"product_cat-schulbedarf-fuer-zuhause-3-6-jahre","26":"product_cat-sensorische-motorische-fertigkeiten","27":"product_cat-kinder-spielzeug","28":"product_cat-threewood-de","29":"product_cat-traditionelle-bildung","30":"product_cat-unsere-marken","31":"product_tag-alphabet-board-aus-holz-englisch-threewood","32":"product_tag-alphabet-lernspielzeug-aus-holz","33":"product_tag-buchstaben-und-worter-aus-holz","34":"product_tag-handgefertigte-montessori-lernspielzeug","35":"product_tag-handgefertigtes-lernspielzeug-aus-holz","36":"product_tag-hergestellt-in-der-ukraine","37":"product_tag-letter-board-aus-holz-threewood","38":"product_tag-letter-board-englisch-threewood","39":"product_tag-montessori-inspiriertes-lernspielzeug","40":"product_tag-threewood-alphabet-board-aus-holz","41":"product_tag-threewood-montessori-spielzeug","43":"first","44":"outofstock","45":"taxable","46":"shipping-taxable","47":"purchasable","48":"product-type-simple"},"yoast_head":"<!-- This site is optimized with the Yoast SEO plugin v27.1.1 - https:\/\/yoast.com\/product\/yoast-seo-wordpress\/ -->\n<title>Schreibmuster Board aus Holz - Threewood<\/title>\n<meta name=\"description\" content=\"Die Threewood Holzpausenbrett mit Schreibmustern ist ein wunderbares handgefertigtes, von Montessori inspiriertes Lernspielzeug f\u00fcr die sensorische Sprache!\" \/>\n<meta name=\"robots\" content=\"index, follow, max-snippet:-1, max-image-preview:large, max-video-preview:-1\" \/>\n<link rel=\"canonical\" href=\"https:\/\/teiaeducation.ch\/de\/produkt\/pausenbrett-schreibmuster-aus-holz\/\" \/>\n<meta property=\"og:locale\" content=\"de_DE\" \/>\n<meta property=\"og:type\" content=\"article\" \/>\n<meta property=\"og:title\" content=\"Schreibmuster Board aus Holz - Threewood\" \/>\n<meta property=\"og:description\" content=\"Die Threewood Holzpausenbrett mit Schreibmustern ist ein wunderbares handgefertigtes, von Montessori inspiriertes Lernspielzeug f\u00fcr die sensorische Sprache!\" \/>\n<meta property=\"og:url\" content=\"https:\/\/teiaeducation.ch\/de\/produkt\/pausenbrett-schreibmuster-aus-holz\/\" \/>\n<meta property=\"og:site_name\" content=\"Sustainable Educational Products &amp; Ecological Toys\u00a0\" \/>\n<meta property=\"article:publisher\" content=\"https:\/\/www.facebook.com\/teiaeducation\/\" \/>\n<meta property=\"article:modified_time\" content=\"2024-09-23T13:54:26+00:00\" \/>\n<meta property=\"og:image\" content=\"https:\/\/teiaeducation.ch\/wp-content\/uploads\/2021\/03\/Wooden-tracing-board-Threewood.jpg\" \/>\n\t<meta property=\"og:image:width\" content=\"1588\" \/>\n\t<meta property=\"og:image:height\" content=\"1588\" \/>\n\t<meta property=\"og:image:type\" content=\"image\/jpeg\" \/>\n<script type=\"application\/ld+json\" class=\"yoast-schema-graph\">{\"@context\":\"https:\/\/schema.org\",\"@graph\":[{\"@type\":\"WebPage\",\"@id\":\"https:\/\/teiaeducation.ch\/de\/produkt\/pausenbrett-schreibmuster-aus-holz\/\",\"url\":\"https:\/\/teiaeducation.ch\/de\/produkt\/pausenbrett-schreibmuster-aus-holz\/\",\"name\":\"Schreibmuster Board aus Holz - Threewood\",\"isPartOf\":{\"@id\":\"https:\/\/teiaeducation.ch\/de\/#website\"},\"primaryImageOfPage\":{\"@id\":\"https:\/\/teiaeducation.ch\/de\/produkt\/pausenbrett-schreibmuster-aus-holz\/#primaryimage\"},\"image\":{\"@id\":\"https:\/\/teiaeducation.ch\/de\/produkt\/pausenbrett-schreibmuster-aus-holz\/#primaryimage\"},\"thumbnailUrl\":\"https:\/\/teiaeducation.ch\/wp-content\/uploads\/2021\/03\/Wooden-tracing-board-Threewood.jpg\",\"datePublished\":\"2021-03-30T13:23:09+00:00\",\"dateModified\":\"2024-09-23T13:54:26+00:00\",\"description\":\"Die Threewood Holzpausenbrett mit Schreibmustern ist ein wunderbares handgefertigtes, von Montessori inspiriertes Lernspielzeug f\u00fcr die sensorische Sprache!\",\"breadcrumb\":{\"@id\":\"https:\/\/teiaeducation.ch\/de\/produkt\/pausenbrett-schreibmuster-aus-holz\/#breadcrumb\"},\"inLanguage\":\"de-CH\",\"potentialAction\":[{\"@type\":\"ReadAction\",\"target\":[\"https:\/\/teiaeducation.ch\/de\/produkt\/pausenbrett-schreibmuster-aus-holz\/\"]}]},{\"@type\":\"ImageObject\",\"inLanguage\":\"de-CH\",\"@id\":\"https:\/\/teiaeducation.ch\/de\/produkt\/pausenbrett-schreibmuster-aus-holz\/#primaryimage\",\"url\":\"https:\/\/teiaeducation.ch\/wp-content\/uploads\/2021\/03\/Wooden-tracing-board-Threewood.jpg\",\"contentUrl\":\"https:\/\/teiaeducation.ch\/wp-content\/uploads\/2021\/03\/Wooden-tracing-board-Threewood.jpg\",\"width\":1588,\"height\":1588,\"caption\":\"Handgefertigtes Montessori inspiriertes Lernspielzeug Holzpausenbrett - Threewood\"},{\"@type\":\"BreadcrumbList\",\"@id\":\"https:\/\/teiaeducation.ch\/de\/produkt\/pausenbrett-schreibmuster-aus-holz\/#breadcrumb\",\"itemListElement\":[{\"@type\":\"ListItem\",\"position\":1,\"name\":\"Home\",\"item\":\"https:\/\/teiaeducation.ch\/de\/\"},{\"@type\":\"ListItem\",\"position\":2,\"name\":\"Laden\",\"item\":\"https:\/\/teiaeducation.ch\/de\/shop\/\"},{\"@type\":\"ListItem\",\"position\":3,\"name\":\"Pausenbrett Schreibmuster aus Holz\"}]},{\"@type\":\"WebSite\",\"@id\":\"https:\/\/teiaeducation.ch\/de\/#website\",\"url\":\"https:\/\/teiaeducation.ch\/de\/\",\"name\":\"Sustainable Educational Products &amp; Ecological Toys\u00a0\",\"description\":\"Specialised Swiss shop selling sustainable educational toys and games, AMI certified Montessori materials, handmade ecological wooden Waldorf toys and arts &amp; crafts supplies, school supplies, children&#039;s furniture and Montessori reference and parenting books.\",\"publisher\":{\"@id\":\"https:\/\/teiaeducation.ch\/de\/#organization\"},\"alternateName\":\"Teia Education & Play\",\"potentialAction\":[{\"@type\":\"SearchAction\",\"target\":{\"@type\":\"EntryPoint\",\"urlTemplate\":\"https:\/\/teiaeducation.ch\/de\/?s={search_term_string}\"},\"query-input\":{\"@type\":\"PropertyValueSpecification\",\"valueRequired\":true,\"valueName\":\"search_term_string\"}}],\"inLanguage\":\"de-CH\"},{\"@type\":\"Organization\",\"@id\":\"https:\/\/teiaeducation.ch\/de\/#organization\",\"name\":\"Teia Education & Play\",\"url\":\"https:\/\/teiaeducation.ch\/de\/\",\"logo\":{\"@type\":\"ImageObject\",\"inLanguage\":\"de-CH\",\"@id\":\"https:\/\/teiaeducation.ch\/de\/#\/schema\/logo\/image\/\",\"url\":\"https:\/\/teiaeducation.ch\/wp-content\/uploads\/2020\/11\/Teia-Education-Switzerland-e1620156442216.jpg\",\"contentUrl\":\"https:\/\/teiaeducation.ch\/wp-content\/uploads\/2020\/11\/Teia-Education-Switzerland-e1620156442216.jpg\",\"width\":166,\"height\":145,\"caption\":\"Teia Education & Play\"},\"image\":{\"@id\":\"https:\/\/teiaeducation.ch\/de\/#\/schema\/logo\/image\/\"},\"sameAs\":[\"https:\/\/www.facebook.com\/teiaeducation\/\",\"https:\/\/x.com\/EducationTeia\",\"https:\/\/www.instagram.com\/teia.education\/\",\"https:\/\/www.linkedin.com\/company\/35501660\",\"https:\/\/www.pinterest.ch\/TeiaEducation\/\"]}]}<\/script>\n<!-- \/ Yoast SEO plugin. -->","yoast_head_json":{"title":"Schreibmuster Board aus Holz - Threewood","description":"Die Threewood Holzpausenbrett mit Schreibmustern ist ein wunderbares handgefertigtes, von Montessori inspiriertes Lernspielzeug f\u00fcr die sensorische Sprache!","robots":{"index":"index","follow":"follow","max-snippet":"max-snippet:-1","max-image-preview":"max-image-preview:large","max-video-preview":"max-video-preview:-1"},"canonical":"https:\/\/teiaeducation.ch\/de\/produkt\/pausenbrett-schreibmuster-aus-holz\/","og_locale":"de_DE","og_type":"article","og_title":"Schreibmuster Board aus Holz - Threewood","og_description":"Die Threewood Holzpausenbrett mit Schreibmustern ist ein wunderbares handgefertigtes, von Montessori inspiriertes Lernspielzeug f\u00fcr die sensorische Sprache!","og_url":"https:\/\/teiaeducation.ch\/de\/produkt\/pausenbrett-schreibmuster-aus-holz\/","og_site_name":"Sustainable Educational Products &amp; Ecological Toys\u00a0","article_publisher":"https:\/\/www.facebook.com\/teiaeducation\/","article_modified_time":"2024-09-23T13:54:26+00:00","og_image":[{"width":1588,"height":1588,"url":"https:\/\/teiaeducation.ch\/wp-content\/uploads\/2021\/03\/Wooden-tracing-board-Threewood.jpg","type":"image\/jpeg"}],"schema":{"@context":"https:\/\/schema.org","@graph":[{"@type":"WebPage","@id":"https:\/\/teiaeducation.ch\/de\/produkt\/pausenbrett-schreibmuster-aus-holz\/","url":"https:\/\/teiaeducation.ch\/de\/produkt\/pausenbrett-schreibmuster-aus-holz\/","name":"Schreibmuster Board aus Holz - Threewood","isPartOf":{"@id":"https:\/\/teiaeducation.ch\/de\/#website"},"primaryImageOfPage":{"@id":"https:\/\/teiaeducation.ch\/de\/produkt\/pausenbrett-schreibmuster-aus-holz\/#primaryimage"},"image":{"@id":"https:\/\/teiaeducation.ch\/de\/produkt\/pausenbrett-schreibmuster-aus-holz\/#primaryimage"},"thumbnailUrl":"https:\/\/teiaeducation.ch\/wp-content\/uploads\/2021\/03\/Wooden-tracing-board-Threewood.jpg","datePublished":"2021-03-30T13:23:09+00:00","dateModified":"2024-09-23T13:54:26+00:00","description":"Die Threewood Holzpausenbrett mit Schreibmustern ist ein wunderbares handgefertigtes, von Montessori inspiriertes Lernspielzeug f\u00fcr die sensorische Sprache!","breadcrumb":{"@id":"https:\/\/teiaeducation.ch\/de\/produkt\/pausenbrett-schreibmuster-aus-holz\/#breadcrumb"},"inLanguage":"de-CH","potentialAction":[{"@type":"ReadAction","target":["https:\/\/teiaeducation.ch\/de\/produkt\/pausenbrett-schreibmuster-aus-holz\/"]}]},{"@type":"ImageObject","inLanguage":"de-CH","@id":"https:\/\/teiaeducation.ch\/de\/produkt\/pausenbrett-schreibmuster-aus-holz\/#primaryimage","url":"https:\/\/teiaeducation.ch\/wp-content\/uploads\/2021\/03\/Wooden-tracing-board-Threewood.jpg","contentUrl":"https:\/\/teiaeducation.ch\/wp-content\/uploads\/2021\/03\/Wooden-tracing-board-Threewood.jpg","width":1588,"height":1588,"caption":"Handgefertigtes Montessori inspiriertes Lernspielzeug Holzpausenbrett - Threewood"},{"@type":"BreadcrumbList","@id":"https:\/\/teiaeducation.ch\/de\/produkt\/pausenbrett-schreibmuster-aus-holz\/#breadcrumb","itemListElement":[{"@type":"ListItem","position":1,"name":"Home","item":"https:\/\/teiaeducation.ch\/de\/"},{"@type":"ListItem","position":2,"name":"Laden","item":"https:\/\/teiaeducation.ch\/de\/shop\/"},{"@type":"ListItem","position":3,"name":"Pausenbrett Schreibmuster aus Holz"}]},{"@type":"WebSite","@id":"https:\/\/teiaeducation.ch\/de\/#website","url":"https:\/\/teiaeducation.ch\/de\/","name":"Sustainable Educational Products &amp; Ecological Toys\u00a0","description":"Specialised Swiss shop selling sustainable educational toys and games, AMI certified Montessori materials, handmade ecological wooden Waldorf toys and arts &amp; crafts supplies, school supplies, children&#039;s furniture and Montessori reference and parenting books.","publisher":{"@id":"https:\/\/teiaeducation.ch\/de\/#organization"},"alternateName":"Teia Education & Play","potentialAction":[{"@type":"SearchAction","target":{"@type":"EntryPoint","urlTemplate":"https:\/\/teiaeducation.ch\/de\/?s={search_term_string}"},"query-input":{"@type":"PropertyValueSpecification","valueRequired":true,"valueName":"search_term_string"}}],"inLanguage":"de-CH"},{"@type":"Organization","@id":"https:\/\/teiaeducation.ch\/de\/#organization","name":"Teia Education & Play","url":"https:\/\/teiaeducation.ch\/de\/","logo":{"@type":"ImageObject","inLanguage":"de-CH","@id":"https:\/\/teiaeducation.ch\/de\/#\/schema\/logo\/image\/","url":"https:\/\/teiaeducation.ch\/wp-content\/uploads\/2020\/11\/Teia-Education-Switzerland-e1620156442216.jpg","contentUrl":"https:\/\/teiaeducation.ch\/wp-content\/uploads\/2020\/11\/Teia-Education-Switzerland-e1620156442216.jpg","width":166,"height":145,"caption":"Teia Education & Play"},"image":{"@id":"https:\/\/teiaeducation.ch\/de\/#\/schema\/logo\/image\/"},"sameAs":["https:\/\/www.facebook.com\/teiaeducation\/","https:\/\/x.com\/EducationTeia","https:\/\/www.instagram.com\/teia.education\/","https:\/\/www.linkedin.com\/company\/35501660","https:\/\/www.pinterest.ch\/TeiaEducation\/"]}]}},"_links":{"self":[{"href":"https:\/\/teiaeducation.ch\/de\/wp-json\/wp\/v2\/product\/63434","targetHints":{"allow":["GET"]}}],"collection":[{"href":"https:\/\/teiaeducation.ch\/de\/wp-json\/wp\/v2\/product"}],"about":[{"href":"https:\/\/teiaeducation.ch\/de\/wp-json\/wp\/v2\/types\/product"}],"replies":[{"embeddable":true,"href":"https:\/\/teiaeducation.ch\/de\/wp-json\/wp\/v2\/comments?post=63434"}],"wp:featuredmedia":[{"embeddable":true,"href":"https:\/\/teiaeducation.ch\/de\/wp-json\/wp\/v2\/media\/41582"}],"wp:attachment":[{"href":"https:\/\/teiaeducation.ch\/de\/wp-json\/wp\/v2\/media?parent=63434"}],"wp:term":[{"taxonomy":"product_brand","embeddable":true,"href":"https:\/\/teiaeducation.ch\/de\/wp-json\/wp\/v2\/product_brand?post=63434"},{"taxonomy":"product_cat","embeddable":true,"href":"https:\/\/teiaeducation.ch\/de\/wp-json\/wp\/v2\/product_cat?post=63434"},{"taxonomy":"product_tag","embeddable":true,"href":"https:\/\/teiaeducation.ch\/de\/wp-json\/wp\/v2\/product_tag?post=63434"}],"curies":[{"name":"wp","href":"https:\/\/api.w.org\/{rel}","templated":true}]}}