{"id":63437,"date":"2024-04-23T14:10:11","date_gmt":"2024-04-23T12:10:11","guid":{"rendered":"https:\/\/teiaeducation.ch\/product\/das-lebenszyklus-figurenset-einer-stechmuecke-von-safari-ltd-ist-ein-montessori-lernspielzeug-das-kindern-hilft-die-verschiedenen-stadien-der-stechmuecken-zu-verstehenlebenszyklus-figuren-einer-mue\/"},"modified":"2026-03-17T14:36:30","modified_gmt":"2026-03-17T13:36:30","slug":"das-lebenszyklus-figurenset-einer-stechmuecke-von-safari-ltd-ist-ein-montessori-lernspielzeug-das-kindern-hilft-die-verschiedenen-stadien-der-stechmuecken-zu-verstehenlebenszyklus-figuren-einer-mue","status":"publish","type":"product","link":"https:\/\/teiaeducation.ch\/de\/produkt\/das-lebenszyklus-figurenset-einer-stechmuecke-von-safari-ltd-ist-ein-montessori-lernspielzeug-das-kindern-hilft-die-verschiedenen-stadien-der-stechmuecken-zu-verstehenlebenszyklus-figuren-einer-mue\/","title":{"rendered":"Lebenszyklus Figuren einer M\u00fccke &#8211; Safari Ltd."},"content":{"rendered":"<p>Das Set mit dem <a href=\"https:\/\/teiaeducation.ch\/de\/produkt-kategorie\/lernthemen\/kultur-wissenschaft\/lebenszyklen\/\">Lebenszyklus<\/a> Figuren einer M\u00fccke von Safari Ltd ist ein wertvolles Montessori <a href=\"https:\/\/teiaeducation.ch\/de\/produkt-kategorie\/lernthemen\/\">Lernspielzeug<\/a> f\u00fcr jedes Zuhause oder <a href=\"https:\/\/teiaeducation.ch\/school-supplies-switzerland\/\">Klassenzimmer<\/a>!<\/p>\n<p>Die 4 wundersch\u00f6n detaillierten und lebensechten Modelle helfen Kindern, den erstaunlichen Wandel der M\u00fccken visuell und greifbar zu verstehen, w\u00e4hrend sie extrem unterschiedliche Stadien durchlaufen und drei von vier Stadien im Wasser verbringen.<\/p>\n<p>Die M\u00fccken beginnen ihr Leben im Wasser, wo sie ihre Eier in schwimmende Fl\u00f6\u00dfe legen. Die daraus schl\u00fcpfenden Larven ern\u00e4hren sich von organischem Material im Wasser und entwickeln sich zu Puppen. Tage sp\u00e4ter schl\u00fcpft die erwachsene M\u00fccke aus dem Wasser, wartet, bis ihre Fl\u00fcgel getrocknet sind, und fliegt davon.<\/p>\n<p>Dieses hochwertige und langlebige Safariologie Set ist ein gro\u00dfartiges Lehrmittel und <a href=\"https:\/\/teiaeducation.ch\/de\/produkt-kategorie\/kinder-spielzeug\/montessori-spielzeug\/\">Montessori Spielzeug<\/a>. Die spielerischen Lernfiguren eignen sich hervorragend zur Unterst\u00fctzung des Unterrichts \u00fcber den Lebenszyklus von Tieren, Biologie und <a href=\"https:\/\/teiaeducation.ch\/de\/produkt-kategorie\/lernthemen\/kultur-wissenschaft\/tiergeographie-zoologie\/\">Zoologie<\/a> sowie als wunderbare <a href=\"https:\/\/teiaeducation.ch\/de\/produkt-kategorie\/lernthemen\/alphabetisierung-sprache\/\">Sprach<\/a> Objekte zur Erweiterung des <a href=\"https:\/\/teiaeducation.ch\/de\/produkt-kategorie\/lernthemen\/alphabetisierung-sprache\/wortschatz\/\">Wortschatzes<\/a> und zum <a href=\"https:\/\/teiaeducation.ch\/de\/produkt-kategorie\/lernthemen\/alphabetisierung-sprache\/geschichtenerzaehlen\/\">Erz\u00e4hlen von Geschichten<\/a>.<\/p>\n<p>Jede realistische Figur ist ungiftig, BPA-frei und f\u00fcr Kinder ab 3 Jahren geeignet. Wir empfehlen, die Figuren mit dem handgefertigten <a href=\"https:\/\/teiaeducation.ch\/de\/produkt\/lebenszyklus-tablett-aus-holz-4-oder-5-kreise-threewood\/\">Lebenszyklus-Tablett<\/a> aus massivem Eichenholz von Threewood zu kombinieren, um praktische und visuelle Lernerfahrungen zu machen und Biologievorf\u00fchrungen zum Leben zu erwecken!<\/p>\n<p>Die Safari Lebenszyklus Montessori Lernspielzeug Figuren sind f\u00fcr Kinder ab 3 Jahren geeignet.<\/p>\n<p>Inhalt:<\/p>\n<p>4 M\u00fccken Lebenszyklus Figuren<\/p>\n<h2>\u00dcber Safari Ltd<\/h2>\n<p>Die Amerikanische Familienmarke <a href=\"https:\/\/teiaeducation.ch\/de\/produkt-kategorie\/unsere-marken\/safari-ltd\/\">Safari Ltd\u00ae<\/a> stellt seit \u00fcber 30 Jahren wunderbar realistische <a href=\"https:\/\/teiaeducation.ch\/de\/produkt-kategorie\/kinder-spielzeug\/tiere-bauernhoefe\/\">Tier<\/a> Figuren und Lernhilfen her. Die sorgf\u00e4ltig gefertigten, hochwertigen und langlebigen Spielzeuge vermitteln Kindern die Bedeutung der <a href=\"https:\/\/teiaeducation.ch\/de\/produkt-kategorie\/kinder-spielzeug\/naturspiel\/\">Natur<\/a> und des Naturschutzes durch die Freude am <a href=\"https:\/\/teiaeducation.ch\/de\/produkt-kategorie\/kinder-spielzeug\/phantasievoll-rollenspiel\/\">fantasievollen Spiel<\/a> und k\u00f6nnen auf vielf\u00e4ltige Weise verwendet werden.<\/p>\n<p>Alle Produkte von Safari Ltd. sind ungiftig, <a href=\"https:\/\/en.wikipedia.org\/wiki\/Bisphenol_A\">BPA-frei<\/a>, bleifrei und phthalatfrei und werden strengen Sicherheitstests unterzogen, die alle weltweiten Vorschriften und Teststandards erf\u00fcllen und \u00fcbertreffen. Es werden umweltfreundliche Verpackungen verwendet, darunter recyceltes und wiederverwertbares Papier ohne UV-Lackierung, und in der gesamten Produktion werden umweltfreundliche Gesch\u00e4ftspraktiken angewandt.<\/p>\n","protected":false},"excerpt":{"rendered":"<p>Artikelnummer: S662616<\/p>\n<p>Das M\u00fccke Lebenszyklus Figuren Set von Safari Ltd ist ein Montessori Lernspielzeug, das Kindern hilft, die verschiedenen Stadien der M\u00fccken zu verstehen!<\/p>\n","protected":false},"featured_media":60004,"comment_status":"open","ping_status":"closed","template":"","meta":[],"product_brand":[],"product_cat":[21445,21446,21500,21524,21479,21670,21535,21510,21518,21509,21499,21481,22182,21443,21689,21563,21665,22362,21494,21495,21496,21678,21680,21511,21482,21564,21536],"product_tag":[29292,29146,27381,29399,29401,29400,29305,29363,21742,29783,29364,29784,29782,29786,29785,29291,29339,29294,29293,29781,26645],"class_list":{"0":"post-63437","1":"product","2":"type-product","3":"status-publish","4":"has-post-thumbnail","6":"product_cat-3-6-jahre-vorschule","7":"product_cat-6-12-jahre-grundschule","8":"product_cat-aktivitaetssets","9":"product_cat-alphabetisierung-sprache","10":"product_cat-lernmaterialien-spielzeug-montessori-waldorf-steiner-froebel","11":"product_cat-fruehjahrskollektion","12":"product_cat-geschichtenerzaehlen","13":"product_cat-kultur-wissenschaft","14":"product_cat-lebenszyklen","15":"product_cat-lernthemen","16":"product_cat-lernunterstuetzung","17":"product_cat-montessori-paedagogik-material-spielzeug","18":"product_cat-montessori-spielzeug","19":"product_cat-nach-alter","20":"product_cat-naturspiel","21":"product_cat-neuheiten","22":"product_cat-safari-ltd","23":"product_cat-saisonale-kollektionen","24":"product_cat-schulbedarf-fuer-zuhause","25":"product_cat-schulbedarf-fuer-zuhause-3-6-jahre","26":"product_cat-schulbedarf-fuer-zuhause-6-12-jahre","27":"product_cat-kinder-spielzeug","28":"product_cat-tiere-bauernhoefe","29":"product_cat-tiergeographie-zoologie","30":"product_cat-traditionelle-bildung","31":"product_cat-unsere-marken","32":"product_cat-wortschatz","33":"product_tag-bpa-freies-spielzeug","34":"product_tag-lebenszyklus-spielzeug","35":"product_tag-lernspielzeug-de","36":"product_tag-montessori-realistische-blumenfiguren","37":"product_tag-montessori-realistische-flora-fauna-figuren","38":"product_tag-montessori-realistische-pflanzenfiguren","39":"product_tag-montessori-realistische-tierfiguren","40":"product_tag-montessori-figuren-fur-die-sprache","41":"product_tag-montessori-spielzeug","42":"product_tag-muckenmodell","43":"product_tag-objekte-der-montessori-sprache","44":"product_tag-realistische-muckenfigur","45":"product_tag-safari-lebenszyklus-wurm","46":"product_tag-safari-mucke-lebenszyklus","47":"product_tag-safari-mucken-lebenszyklus-figuren","48":"product_tag-safari-spielzeuge","49":"product_tag-safariologie-sets","50":"product_tag-ungiftige-tierfiguren","51":"product_tag-ungiftiges-spielzeug","52":"product_tag-wurmausfuhrung","53":"product_tag-zoologie-montessori-de","55":"first","56":"instock","57":"taxable","58":"shipping-taxable","59":"purchasable","60":"product-type-simple"},"yoast_head":"<!-- This site is optimized with the Yoast SEO Premium plugin v25.8 (Yoast SEO v27.4) - https:\/\/yoast.com\/product\/yoast-seo-premium-wordpress\/ -->\n<title>Lebenszyklus Figuren einer M\u00fccke - Safari Ltd<\/title>\n<meta name=\"description\" content=\"Das Lebenszyklus Figuren Set von Safari Ltd ist ein Montessori Lernspielzeug, das Kindern hilft, die verschiedenen Stadien der M\u00fccken zu verstehen!\" \/>\n<meta name=\"robots\" content=\"index, follow, max-snippet:-1, max-image-preview:large, max-video-preview:-1\" \/>\n<link rel=\"canonical\" href=\"https:\/\/teiaeducation.ch\/de\/produkt\/das-lebenszyklus-figurenset-einer-stechmuecke-von-safari-ltd-ist-ein-montessori-lernspielzeug-das-kindern-hilft-die-verschiedenen-stadien-der-stechmuecken-zu-verstehenlebenszyklus-figuren-einer-mue\/\" \/>\n<meta property=\"og:locale\" content=\"de_DE\" \/>\n<meta property=\"og:type\" content=\"article\" \/>\n<meta property=\"og:title\" content=\"Lebenszyklus Figuren einer M\u00fccke - Safari Ltd.\" \/>\n<meta property=\"og:description\" content=\"Das Lebenszyklus Figuren Set von Safari Ltd ist ein Montessori Lernspielzeug, das Kindern hilft, die verschiedenen Stadien der M\u00fccken zu verstehen!\" \/>\n<meta property=\"og:url\" content=\"https:\/\/teiaeducation.ch\/de\/produkt\/das-lebenszyklus-figurenset-einer-stechmuecke-von-safari-ltd-ist-ein-montessori-lernspielzeug-das-kindern-hilft-die-verschiedenen-stadien-der-stechmuecken-zu-verstehenlebenszyklus-figuren-einer-mue\/\" \/>\n<meta property=\"og:site_name\" content=\"Sustainable Educational Products &amp; Ecological Toys\u00a0\" \/>\n<meta property=\"article:publisher\" content=\"https:\/\/www.facebook.com\/teiaeducation\/\" \/>\n<meta property=\"article:modified_time\" content=\"2026-03-17T13:36:30+00:00\" \/>\n<meta property=\"og:image\" content=\"https:\/\/teiaeducation.ch\/wp-content\/uploads\/2024\/04\/Life-cycle-of-a-mosquito-figurines-set-Safari-Ltd-montessori-learning-toy-1.jpg\" \/>\n\t<meta property=\"og:image:width\" content=\"1600\" \/>\n\t<meta property=\"og:image:height\" content=\"1600\" \/>\n\t<meta property=\"og:image:type\" content=\"image\/jpeg\" \/>\n<script type=\"application\/ld+json\" class=\"yoast-schema-graph\">{\"@context\":\"https:\\\/\\\/schema.org\",\"@graph\":[{\"@type\":\"WebPage\",\"@id\":\"https:\\\/\\\/teiaeducation.ch\\\/de\\\/produkt\\\/das-lebenszyklus-figurenset-einer-stechmuecke-von-safari-ltd-ist-ein-montessori-lernspielzeug-das-kindern-hilft-die-verschiedenen-stadien-der-stechmuecken-zu-verstehenlebenszyklus-figuren-einer-mue\\\/\",\"url\":\"https:\\\/\\\/teiaeducation.ch\\\/de\\\/produkt\\\/das-lebenszyklus-figurenset-einer-stechmuecke-von-safari-ltd-ist-ein-montessori-lernspielzeug-das-kindern-hilft-die-verschiedenen-stadien-der-stechmuecken-zu-verstehenlebenszyklus-figuren-einer-mue\\\/\",\"name\":\"Lebenszyklus Figuren einer M\u00fccke - Safari Ltd\",\"isPartOf\":{\"@id\":\"https:\\\/\\\/teiaeducation.ch\\\/de\\\/#website\"},\"primaryImageOfPage\":{\"@id\":\"https:\\\/\\\/teiaeducation.ch\\\/de\\\/produkt\\\/das-lebenszyklus-figurenset-einer-stechmuecke-von-safari-ltd-ist-ein-montessori-lernspielzeug-das-kindern-hilft-die-verschiedenen-stadien-der-stechmuecken-zu-verstehenlebenszyklus-figuren-einer-mue\\\/#primaryimage\"},\"image\":{\"@id\":\"https:\\\/\\\/teiaeducation.ch\\\/de\\\/produkt\\\/das-lebenszyklus-figurenset-einer-stechmuecke-von-safari-ltd-ist-ein-montessori-lernspielzeug-das-kindern-hilft-die-verschiedenen-stadien-der-stechmuecken-zu-verstehenlebenszyklus-figuren-einer-mue\\\/#primaryimage\"},\"thumbnailUrl\":\"https:\\\/\\\/teiaeducation.ch\\\/wp-content\\\/uploads\\\/2024\\\/04\\\/Life-cycle-of-a-mosquito-figurines-set-Safari-Ltd-montessori-learning-toy-1.jpg\",\"datePublished\":\"2024-04-23T12:10:11+00:00\",\"dateModified\":\"2026-03-17T13:36:30+00:00\",\"description\":\"Das Lebenszyklus Figuren Set von Safari Ltd ist ein Montessori Lernspielzeug, das Kindern hilft, die verschiedenen Stadien der M\u00fccken zu verstehen!\",\"breadcrumb\":{\"@id\":\"https:\\\/\\\/teiaeducation.ch\\\/de\\\/produkt\\\/das-lebenszyklus-figurenset-einer-stechmuecke-von-safari-ltd-ist-ein-montessori-lernspielzeug-das-kindern-hilft-die-verschiedenen-stadien-der-stechmuecken-zu-verstehenlebenszyklus-figuren-einer-mue\\\/#breadcrumb\"},\"inLanguage\":\"de-CH\",\"potentialAction\":[{\"@type\":\"ReadAction\",\"target\":[\"https:\\\/\\\/teiaeducation.ch\\\/de\\\/produkt\\\/das-lebenszyklus-figurenset-einer-stechmuecke-von-safari-ltd-ist-ein-montessori-lernspielzeug-das-kindern-hilft-die-verschiedenen-stadien-der-stechmuecken-zu-verstehenlebenszyklus-figuren-einer-mue\\\/\"]}]},{\"@type\":\"ImageObject\",\"inLanguage\":\"de-CH\",\"@id\":\"https:\\\/\\\/teiaeducation.ch\\\/de\\\/produkt\\\/das-lebenszyklus-figurenset-einer-stechmuecke-von-safari-ltd-ist-ein-montessori-lernspielzeug-das-kindern-hilft-die-verschiedenen-stadien-der-stechmuecken-zu-verstehenlebenszyklus-figuren-einer-mue\\\/#primaryimage\",\"url\":\"https:\\\/\\\/teiaeducation.ch\\\/wp-content\\\/uploads\\\/2024\\\/04\\\/Life-cycle-of-a-mosquito-figurines-set-Safari-Ltd-montessori-learning-toy-1.jpg\",\"contentUrl\":\"https:\\\/\\\/teiaeducation.ch\\\/wp-content\\\/uploads\\\/2024\\\/04\\\/Life-cycle-of-a-mosquito-figurines-set-Safari-Ltd-montessori-learning-toy-1.jpg\",\"width\":1600,\"height\":1600,\"caption\":\"Lebenszyklus einer Stechm\u00fccke figurenset Safari Ltd montessori lernspielzeug\"},{\"@type\":\"BreadcrumbList\",\"@id\":\"https:\\\/\\\/teiaeducation.ch\\\/de\\\/produkt\\\/das-lebenszyklus-figurenset-einer-stechmuecke-von-safari-ltd-ist-ein-montessori-lernspielzeug-das-kindern-hilft-die-verschiedenen-stadien-der-stechmuecken-zu-verstehenlebenszyklus-figuren-einer-mue\\\/#breadcrumb\",\"itemListElement\":[{\"@type\":\"ListItem\",\"position\":1,\"name\":\"Home\",\"item\":\"https:\\\/\\\/teiaeducation.ch\\\/de\\\/\"},{\"@type\":\"ListItem\",\"position\":2,\"name\":\"Laden\",\"item\":\"https:\\\/\\\/teiaeducation.ch\\\/de\\\/shop\\\/\"},{\"@type\":\"ListItem\",\"position\":3,\"name\":\"Unsere Marken\",\"item\":\"https:\\\/\\\/teiaeducation.ch\\\/de\\\/produkt-kategorie\\\/unsere-marken\\\/\"},{\"@type\":\"ListItem\",\"position\":4,\"name\":\"Safari Ltd\",\"item\":\"https:\\\/\\\/teiaeducation.ch\\\/de\\\/produkt-kategorie\\\/unsere-marken\\\/safari-ltd\\\/\"},{\"@type\":\"ListItem\",\"position\":5,\"name\":\"Lebenszyklus Figuren einer M\u00fccke &#8211; Safari Ltd.\"}]},{\"@type\":\"WebSite\",\"@id\":\"https:\\\/\\\/teiaeducation.ch\\\/de\\\/#website\",\"url\":\"https:\\\/\\\/teiaeducation.ch\\\/de\\\/\",\"name\":\"Sustainable Educational Products &amp; Ecological Toys\u00a0\",\"description\":\"Specialised Swiss shop selling sustainable educational toys and games, AMI certified Montessori materials, handmade ecological wooden Waldorf toys and arts &amp; crafts supplies, school supplies, children&#039;s furniture and Montessori reference and parenting books.\",\"publisher\":{\"@id\":\"https:\\\/\\\/teiaeducation.ch\\\/de\\\/#organization\"},\"alternateName\":\"Teia Education & Play\",\"potentialAction\":[{\"@type\":\"SearchAction\",\"target\":{\"@type\":\"EntryPoint\",\"urlTemplate\":\"https:\\\/\\\/teiaeducation.ch\\\/de\\\/?s={search_term_string}\"},\"query-input\":{\"@type\":\"PropertyValueSpecification\",\"valueRequired\":true,\"valueName\":\"search_term_string\"}}],\"inLanguage\":\"de-CH\"},{\"@type\":\"Organization\",\"@id\":\"https:\\\/\\\/teiaeducation.ch\\\/de\\\/#organization\",\"name\":\"Teia Education & Play\",\"url\":\"https:\\\/\\\/teiaeducation.ch\\\/de\\\/\",\"logo\":{\"@type\":\"ImageObject\",\"inLanguage\":\"de-CH\",\"@id\":\"https:\\\/\\\/teiaeducation.ch\\\/de\\\/#\\\/schema\\\/logo\\\/image\\\/\",\"url\":\"https:\\\/\\\/teiaeducation.ch\\\/wp-content\\\/uploads\\\/2020\\\/11\\\/Teia-Education-Switzerland-e1620156442216.jpg\",\"contentUrl\":\"https:\\\/\\\/teiaeducation.ch\\\/wp-content\\\/uploads\\\/2020\\\/11\\\/Teia-Education-Switzerland-e1620156442216.jpg\",\"width\":166,\"height\":145,\"caption\":\"Teia Education & Play\"},\"image\":{\"@id\":\"https:\\\/\\\/teiaeducation.ch\\\/de\\\/#\\\/schema\\\/logo\\\/image\\\/\"},\"sameAs\":[\"https:\\\/\\\/www.facebook.com\\\/teiaeducation\\\/\",\"https:\\\/\\\/x.com\\\/EducationTeia\",\"https:\\\/\\\/www.instagram.com\\\/teia.education\\\/\",\"https:\\\/\\\/www.linkedin.com\\\/company\\\/35501660\",\"https:\\\/\\\/www.pinterest.ch\\\/TeiaEducation\\\/\"]}]}<\/script>\n<meta property=\"product:price:amount\" content=\"14.90\" \/>\n<meta property=\"product:price:currency\" content=\"CHF\" \/>\n<meta property=\"og:availability\" content=\"instock\" \/>\n<meta property=\"product:availability\" content=\"instock\" \/>\n<meta property=\"product:retailer_item_id\" content=\"00000000000000000000000000000000000000000000034032-1-1\" \/>\n<meta property=\"product:condition\" content=\"new\" \/>\n<!-- \/ Yoast SEO Premium plugin. -->","yoast_head_json":{"title":"Lebenszyklus Figuren einer M\u00fccke - Safari Ltd","description":"Das Lebenszyklus Figuren Set von Safari Ltd ist ein Montessori Lernspielzeug, das Kindern hilft, die verschiedenen Stadien der M\u00fccken zu verstehen!","robots":{"index":"index","follow":"follow","max-snippet":"max-snippet:-1","max-image-preview":"max-image-preview:large","max-video-preview":"max-video-preview:-1"},"canonical":"https:\/\/teiaeducation.ch\/de\/produkt\/das-lebenszyklus-figurenset-einer-stechmuecke-von-safari-ltd-ist-ein-montessori-lernspielzeug-das-kindern-hilft-die-verschiedenen-stadien-der-stechmuecken-zu-verstehenlebenszyklus-figuren-einer-mue\/","og_locale":"de_DE","og_type":"article","og_title":"Lebenszyklus Figuren einer M\u00fccke - Safari Ltd.","og_description":"Das Lebenszyklus Figuren Set von Safari Ltd ist ein Montessori Lernspielzeug, das Kindern hilft, die verschiedenen Stadien der M\u00fccken zu verstehen!","og_url":"https:\/\/teiaeducation.ch\/de\/produkt\/das-lebenszyklus-figurenset-einer-stechmuecke-von-safari-ltd-ist-ein-montessori-lernspielzeug-das-kindern-hilft-die-verschiedenen-stadien-der-stechmuecken-zu-verstehenlebenszyklus-figuren-einer-mue\/","og_site_name":"Sustainable Educational Products &amp; Ecological Toys\u00a0","article_publisher":"https:\/\/www.facebook.com\/teiaeducation\/","article_modified_time":"2026-03-17T13:36:30+00:00","og_image":[{"width":1600,"height":1600,"url":"https:\/\/teiaeducation.ch\/wp-content\/uploads\/2024\/04\/Life-cycle-of-a-mosquito-figurines-set-Safari-Ltd-montessori-learning-toy-1.jpg","type":"image\/jpeg"}],"schema":{"@context":"https:\/\/schema.org","@graph":[{"@type":"WebPage","@id":"https:\/\/teiaeducation.ch\/de\/produkt\/das-lebenszyklus-figurenset-einer-stechmuecke-von-safari-ltd-ist-ein-montessori-lernspielzeug-das-kindern-hilft-die-verschiedenen-stadien-der-stechmuecken-zu-verstehenlebenszyklus-figuren-einer-mue\/","url":"https:\/\/teiaeducation.ch\/de\/produkt\/das-lebenszyklus-figurenset-einer-stechmuecke-von-safari-ltd-ist-ein-montessori-lernspielzeug-das-kindern-hilft-die-verschiedenen-stadien-der-stechmuecken-zu-verstehenlebenszyklus-figuren-einer-mue\/","name":"Lebenszyklus Figuren einer M\u00fccke - Safari Ltd","isPartOf":{"@id":"https:\/\/teiaeducation.ch\/de\/#website"},"primaryImageOfPage":{"@id":"https:\/\/teiaeducation.ch\/de\/produkt\/das-lebenszyklus-figurenset-einer-stechmuecke-von-safari-ltd-ist-ein-montessori-lernspielzeug-das-kindern-hilft-die-verschiedenen-stadien-der-stechmuecken-zu-verstehenlebenszyklus-figuren-einer-mue\/#primaryimage"},"image":{"@id":"https:\/\/teiaeducation.ch\/de\/produkt\/das-lebenszyklus-figurenset-einer-stechmuecke-von-safari-ltd-ist-ein-montessori-lernspielzeug-das-kindern-hilft-die-verschiedenen-stadien-der-stechmuecken-zu-verstehenlebenszyklus-figuren-einer-mue\/#primaryimage"},"thumbnailUrl":"https:\/\/teiaeducation.ch\/wp-content\/uploads\/2024\/04\/Life-cycle-of-a-mosquito-figurines-set-Safari-Ltd-montessori-learning-toy-1.jpg","datePublished":"2024-04-23T12:10:11+00:00","dateModified":"2026-03-17T13:36:30+00:00","description":"Das Lebenszyklus Figuren Set von Safari Ltd ist ein Montessori Lernspielzeug, das Kindern hilft, die verschiedenen Stadien der M\u00fccken zu verstehen!","breadcrumb":{"@id":"https:\/\/teiaeducation.ch\/de\/produkt\/das-lebenszyklus-figurenset-einer-stechmuecke-von-safari-ltd-ist-ein-montessori-lernspielzeug-das-kindern-hilft-die-verschiedenen-stadien-der-stechmuecken-zu-verstehenlebenszyklus-figuren-einer-mue\/#breadcrumb"},"inLanguage":"de-CH","potentialAction":[{"@type":"ReadAction","target":["https:\/\/teiaeducation.ch\/de\/produkt\/das-lebenszyklus-figurenset-einer-stechmuecke-von-safari-ltd-ist-ein-montessori-lernspielzeug-das-kindern-hilft-die-verschiedenen-stadien-der-stechmuecken-zu-verstehenlebenszyklus-figuren-einer-mue\/"]}]},{"@type":"ImageObject","inLanguage":"de-CH","@id":"https:\/\/teiaeducation.ch\/de\/produkt\/das-lebenszyklus-figurenset-einer-stechmuecke-von-safari-ltd-ist-ein-montessori-lernspielzeug-das-kindern-hilft-die-verschiedenen-stadien-der-stechmuecken-zu-verstehenlebenszyklus-figuren-einer-mue\/#primaryimage","url":"https:\/\/teiaeducation.ch\/wp-content\/uploads\/2024\/04\/Life-cycle-of-a-mosquito-figurines-set-Safari-Ltd-montessori-learning-toy-1.jpg","contentUrl":"https:\/\/teiaeducation.ch\/wp-content\/uploads\/2024\/04\/Life-cycle-of-a-mosquito-figurines-set-Safari-Ltd-montessori-learning-toy-1.jpg","width":1600,"height":1600,"caption":"Lebenszyklus einer Stechm\u00fccke figurenset Safari Ltd montessori lernspielzeug"},{"@type":"BreadcrumbList","@id":"https:\/\/teiaeducation.ch\/de\/produkt\/das-lebenszyklus-figurenset-einer-stechmuecke-von-safari-ltd-ist-ein-montessori-lernspielzeug-das-kindern-hilft-die-verschiedenen-stadien-der-stechmuecken-zu-verstehenlebenszyklus-figuren-einer-mue\/#breadcrumb","itemListElement":[{"@type":"ListItem","position":1,"name":"Home","item":"https:\/\/teiaeducation.ch\/de\/"},{"@type":"ListItem","position":2,"name":"Laden","item":"https:\/\/teiaeducation.ch\/de\/shop\/"},{"@type":"ListItem","position":3,"name":"Unsere Marken","item":"https:\/\/teiaeducation.ch\/de\/produkt-kategorie\/unsere-marken\/"},{"@type":"ListItem","position":4,"name":"Safari Ltd","item":"https:\/\/teiaeducation.ch\/de\/produkt-kategorie\/unsere-marken\/safari-ltd\/"},{"@type":"ListItem","position":5,"name":"Lebenszyklus Figuren einer M\u00fccke &#8211; Safari Ltd."}]},{"@type":"WebSite","@id":"https:\/\/teiaeducation.ch\/de\/#website","url":"https:\/\/teiaeducation.ch\/de\/","name":"Sustainable Educational Products &amp; Ecological Toys\u00a0","description":"Specialised Swiss shop selling sustainable educational toys and games, AMI certified Montessori materials, handmade ecological wooden Waldorf toys and arts &amp; crafts supplies, school supplies, children&#039;s furniture and Montessori reference and parenting books.","publisher":{"@id":"https:\/\/teiaeducation.ch\/de\/#organization"},"alternateName":"Teia Education & Play","potentialAction":[{"@type":"SearchAction","target":{"@type":"EntryPoint","urlTemplate":"https:\/\/teiaeducation.ch\/de\/?s={search_term_string}"},"query-input":{"@type":"PropertyValueSpecification","valueRequired":true,"valueName":"search_term_string"}}],"inLanguage":"de-CH"},{"@type":"Organization","@id":"https:\/\/teiaeducation.ch\/de\/#organization","name":"Teia Education & Play","url":"https:\/\/teiaeducation.ch\/de\/","logo":{"@type":"ImageObject","inLanguage":"de-CH","@id":"https:\/\/teiaeducation.ch\/de\/#\/schema\/logo\/image\/","url":"https:\/\/teiaeducation.ch\/wp-content\/uploads\/2020\/11\/Teia-Education-Switzerland-e1620156442216.jpg","contentUrl":"https:\/\/teiaeducation.ch\/wp-content\/uploads\/2020\/11\/Teia-Education-Switzerland-e1620156442216.jpg","width":166,"height":145,"caption":"Teia Education & Play"},"image":{"@id":"https:\/\/teiaeducation.ch\/de\/#\/schema\/logo\/image\/"},"sameAs":["https:\/\/www.facebook.com\/teiaeducation\/","https:\/\/x.com\/EducationTeia","https:\/\/www.instagram.com\/teia.education\/","https:\/\/www.linkedin.com\/company\/35501660","https:\/\/www.pinterest.ch\/TeiaEducation\/"]}]},"product_price_amount":"14.90","product_price_currency":"CHF","og_availability":"instock","product_availability":"instock","product_retailer_item_id":"00000000000000000000000000000000000000000000034032-1-1","product_condition":"new"},"_links":{"self":[{"href":"https:\/\/teiaeducation.ch\/de\/wp-json\/wp\/v2\/product\/63437","targetHints":{"allow":["GET"]}}],"collection":[{"href":"https:\/\/teiaeducation.ch\/de\/wp-json\/wp\/v2\/product"}],"about":[{"href":"https:\/\/teiaeducation.ch\/de\/wp-json\/wp\/v2\/types\/product"}],"replies":[{"embeddable":true,"href":"https:\/\/teiaeducation.ch\/de\/wp-json\/wp\/v2\/comments?post=63437"}],"wp:featuredmedia":[{"embeddable":true,"href":"https:\/\/teiaeducation.ch\/de\/wp-json\/wp\/v2\/media\/60004"}],"wp:attachment":[{"href":"https:\/\/teiaeducation.ch\/de\/wp-json\/wp\/v2\/media?parent=63437"}],"wp:term":[{"taxonomy":"product_brand","embeddable":true,"href":"https:\/\/teiaeducation.ch\/de\/wp-json\/wp\/v2\/product_brand?post=63437"},{"taxonomy":"product_cat","embeddable":true,"href":"https:\/\/teiaeducation.ch\/de\/wp-json\/wp\/v2\/product_cat?post=63437"},{"taxonomy":"product_tag","embeddable":true,"href":"https:\/\/teiaeducation.ch\/de\/wp-json\/wp\/v2\/product_tag?post=63437"}],"curies":[{"name":"wp","href":"https:\/\/api.w.org\/{rel}","templated":true}]}}