{"id":63524,"date":"2024-09-09T15:31:58","date_gmt":"2024-09-09T13:31:58","guid":{"rendered":"https:\/\/teiaeducation.ch\/product\/bastelpapier-in-hautfarben-roylco-fuer-rolf\/"},"modified":"2025-05-19T11:46:46","modified_gmt":"2025-05-19T09:46:46","slug":"bastelpapier-in-hautfarben-roylco-fuer-rolf","status":"publish","type":"product","link":"https:\/\/teiaeducation.ch\/de\/produkt\/bastelpapier-in-hautfarben-roylco-fuer-rolf\/","title":{"rendered":"Bastelpapier in Hautfarben &#8211; Roylco f\u00fcr Rolf"},"content":{"rendered":"<p>Verbessern Sie Ihre Kunst und Ihr Handwerk mit dem lustigen und praktischen Hautfarben <a href=\"https:\/\/teiaeducation.ch\/de\/produkt-kategorie\/malen-basteln\/papierbasteln\/\">Bastelpapier<\/a> von Roylco in Zusammenarbeit mit Rolf!<\/p>\n<p>Diese Papiere sind ein Standard Bastelmaterial, das in einem Spektrum von Hautt\u00f6nen gestaltet ist. Dieses Set mit acht Hautt\u00f6nen ist das perfekte Bastelpapier f\u00fcr Kunstwerke, bei denen es nur um mich geht. Verwenden Sie das Bastelpapier, um Selbstportr\u00e4ts, Puppen und Papierpuppen zu basteln. Zeigen Sie Ihre Vielfalt mit dieser Packung von Papieren in verschiedenen Hautt\u00f6nen.<\/p>\n<p>Ob im Klassenzimmer oder zu Hause, diese Papiersammlung bietet zahlreiche M\u00f6glichkeiten f\u00fcr die pers\u00f6nliche Gestaltung und den k\u00fcnstlerischen Ausdruck und f\u00f6rdert die Kreativit\u00e4t und Inklusion in einer Vielzahl von Bastelarbeiten.<\/p>\n<p>Jedes hautfarbene Bastelpapier ist 22 x 28 cm gro\u00df. Die Packung enth\u00e4lt 48 Blatt.<\/p>\n<p>Das Roylco by Rolf Hautfarben-Bastelpapier ist f\u00fcr Kinder ab 4 Jahren geeignet und wird in den USA hergestellt.<\/p>\n<p>Inhalte:<\/p>\n<p>48 Blatt<br \/>\n1 Anleitung mit Bastelideen<\/p>\n<h2>\u00dcber Rolf<\/h2>\n<p>Die Niederl\u00e4ndische Marke <a href=\"https:\/\/teiaeducation.ch\/de\/produkt-kategorie\/unsere-marken\/rolf-de\/\">Rolf<\/a> arbeitet eng mit Lehrern und Bildungsexperten zusammen, um Produkte zu entwickeln, die die Entwicklung der Kinder f\u00f6rdern, ihr Wissen und ihre F\u00e4higkeiten verbessern und die Ziele der Lehrer unterst\u00fctzen.<\/p>\n<p>Jedes p\u00e4dagogische Rolf Produkt bietet ein komplettes Sortiment an Entwicklungsbausteinen f\u00fcr das kindliche Gehirn und f\u00f6rdert <a href=\"https:\/\/teiaeducation.ch\/de\/produkt-kategorie\/kinder-spielzeug\/\">spielerisch<\/a> verschiedene F\u00e4higkeiten wie <a href=\"https:\/\/teiaeducation.ch\/de\/produkt-kategorie\/lernthemen\/mathematik-rechnen\/\">Mathematik<\/a>, <a href=\"https:\/\/teiaeducation.ch\/de\/produkt-kategorie\/lernthemen\/alphabetisierung-sprache\/\">Sprache<\/a>, <a href=\"https:\/\/teiaeducation.ch\/de\/produkt-kategorie\/malen-basteln\/\">Kreativit\u00e4t<\/a>, Motorik und sogar Selbstvertrauen.<\/p>\n<p>Rolfs originelle und unverwechselbare <a href=\"https:\/\/teiaeducation.ch\/de\/produkt-kategorie\/lernthemen\/\">Unterrichtsmaterialien<\/a> sind an ihren robusten Materialien, lebhaften Farben und ansprechenden Illustrationen zu erkennen. Kinder werden die wunderbaren Lern- und Spielprodukte lieben, von den lustigen und herausfordernden Puzzles, die das Lernen zum Leben erwecken, bis hin zu den robusten und farbenfrohen <a href=\"https:\/\/teiaeducation.ch\/de\/produkt-kategorie\/kinder-spielzeug\/spielzeug-fuer-draussen\/\">Outdoor<\/a>&#8211; und <a href=\"https:\/\/teiaeducation.ch\/de\/produkt-kategorie\/kinder-spielzeug\/sandspielzeug\/\">Sandspielzeugen<\/a>, die perfekt f\u00fcr den Strand oder den Sandkasten sind.<\/p>\n<p>Jedes Rolf Produkt wird in den Niederlanden entworfen und nachhaltig hergestellt. Das garantiert hochwertige Produkte, die sicher und langlebig sind und stundenlanges Spielen und Lernen erm\u00f6glichen. Alle Rolf-Produkte sind nach den Europ\u00e4ischen Sicherheitsvorschriften getestet und wurden von den Kindern selbst ausgiebig gepr\u00fcft und f\u00fcr gut befunden, da sie viel Spa\u00df beim Spielen machen und echte Lernm\u00f6glichkeiten bieten.<\/p>\n","protected":false},"excerpt":{"rendered":"<div>Artikelnummer: 113.1868<\/div>\n<div><\/div>\n<div>Das lustige und integrative Hautfarben Bastelpapier von Roylco in Zusammenarbeit mit Rolf eignet sich perfekt f\u00fcr Bastelarbeiten, die Vielfalt zeigen!<\/div>\n","protected":false},"featured_media":62818,"comment_status":"open","ping_status":"closed","template":"","meta":[],"product_brand":[],"product_cat":[21445,21446,21479,21447,21481,21443,21563,21458,21660,21482,21564,21483,21450],"product_tag":[29792,29798,29797,29789,29796,29795,29793,29794,29791,29790],"class_list":{"0":"post-63524","1":"product","2":"type-product","3":"status-publish","4":"has-post-thumbnail","6":"product_cat-3-6-jahre-vorschule","7":"product_cat-6-12-jahre-grundschule","8":"product_cat-lernmaterialien-spielzeug-montessori-waldorf-steiner-froebel","9":"product_cat-malen-basteln","10":"product_cat-montessori-paedagogik-material-spielzeug","11":"product_cat-nach-alter","12":"product_cat-neuheiten","13":"product_cat-papierbasteln","14":"product_cat-rolf-de","15":"product_cat-traditionelle-bildung","16":"product_cat-unsere-marken","17":"product_cat-waldorf-steiner-paedagogik","18":"product_cat-zeichnen-malen","19":"product_tag-dreieckige-farbstifte-rolf","20":"product_tag-farbrad-mosaikpapier-roylco-fur-rolf","21":"product_tag-gewebeteile-roylco","22":"product_tag-giftfreie-aquarellstifte","23":"product_tag-handwerkliche-tisauenkreise","24":"product_tag-pinsel-starterset-naturholz-6-stuck-rolf","25":"product_tag-sechseckige-neonfarbstifte","26":"product_tag-sechseckige-pastellfarbstifte","27":"product_tag-ungiftige-dreieckige-buntstifte","28":"product_tag-wasserfarbenkreiden-rolf","30":"first","31":"instock","32":"taxable","33":"shipping-taxable","34":"purchasable","35":"product-type-simple"},"yoast_head":"<!-- This site is optimized with the Yoast SEO plugin v27.1.1 - https:\/\/yoast.com\/product\/yoast-seo-wordpress\/ -->\n<title>Bastelpapier in Hautfarben - Roylco f\u00fcr Rolf<\/title>\n<meta name=\"description\" content=\"Das lustige und integrative Hautfarben Bastelpapier von Roylco in Zusammenarbeit mit Rolf eignet sich perfekt f\u00fcr Bastelarbeiten, die Vielfalt zeigen.\" \/>\n<meta name=\"robots\" content=\"index, follow, max-snippet:-1, max-image-preview:large, max-video-preview:-1\" \/>\n<link rel=\"canonical\" href=\"https:\/\/teiaeducation.ch\/de\/produkt\/bastelpapier-in-hautfarben-roylco-fuer-rolf\/\" \/>\n<meta property=\"og:locale\" content=\"de_DE\" \/>\n<meta property=\"og:type\" content=\"article\" \/>\n<meta property=\"og:title\" content=\"Bastelpapier in Hautfarben - Roylco f\u00fcr Rolf\" \/>\n<meta property=\"og:description\" content=\"Das lustige und integrative Hautfarben Bastelpapier von Roylco in Zusammenarbeit mit Rolf eignet sich perfekt f\u00fcr Bastelarbeiten, die Vielfalt zeigen.\" \/>\n<meta property=\"og:url\" content=\"https:\/\/teiaeducation.ch\/de\/produkt\/bastelpapier-in-hautfarben-roylco-fuer-rolf\/\" \/>\n<meta property=\"og:site_name\" content=\"Sustainable Educational Products &amp; Ecological Toys\u00a0\" \/>\n<meta property=\"article:publisher\" content=\"https:\/\/www.facebook.com\/teiaeducation\/\" \/>\n<meta property=\"article:modified_time\" content=\"2025-05-19T09:46:46+00:00\" \/>\n<meta property=\"og:image\" content=\"https:\/\/teiaeducation.ch\/wp-content\/uploads\/2024\/09\/Skin-tone-craft-paper-Roylco-for-Rolf.png\" \/>\n\t<meta property=\"og:image:width\" content=\"899\" \/>\n\t<meta property=\"og:image:height\" content=\"844\" \/>\n\t<meta property=\"og:image:type\" content=\"image\/png\" \/>\n<script type=\"application\/ld+json\" class=\"yoast-schema-graph\">{\"@context\":\"https:\/\/schema.org\",\"@graph\":[{\"@type\":\"WebPage\",\"@id\":\"https:\/\/teiaeducation.ch\/de\/produkt\/bastelpapier-in-hautfarben-roylco-fuer-rolf\/\",\"url\":\"https:\/\/teiaeducation.ch\/de\/produkt\/bastelpapier-in-hautfarben-roylco-fuer-rolf\/\",\"name\":\"Bastelpapier in Hautfarben - Roylco f\u00fcr Rolf\",\"isPartOf\":{\"@id\":\"https:\/\/teiaeducation.ch\/de\/#website\"},\"primaryImageOfPage\":{\"@id\":\"https:\/\/teiaeducation.ch\/de\/produkt\/bastelpapier-in-hautfarben-roylco-fuer-rolf\/#primaryimage\"},\"image\":{\"@id\":\"https:\/\/teiaeducation.ch\/de\/produkt\/bastelpapier-in-hautfarben-roylco-fuer-rolf\/#primaryimage\"},\"thumbnailUrl\":\"https:\/\/teiaeducation.ch\/wp-content\/uploads\/2024\/09\/Skin-tone-craft-paper-Roylco-for-Rolf.png\",\"datePublished\":\"2024-09-09T13:31:58+00:00\",\"dateModified\":\"2025-05-19T09:46:46+00:00\",\"description\":\"Das lustige und integrative Hautfarben Bastelpapier von Roylco in Zusammenarbeit mit Rolf eignet sich perfekt f\u00fcr Bastelarbeiten, die Vielfalt zeigen.\",\"breadcrumb\":{\"@id\":\"https:\/\/teiaeducation.ch\/de\/produkt\/bastelpapier-in-hautfarben-roylco-fuer-rolf\/#breadcrumb\"},\"inLanguage\":\"de-CH\",\"potentialAction\":[{\"@type\":\"ReadAction\",\"target\":[\"https:\/\/teiaeducation.ch\/de\/produkt\/bastelpapier-in-hautfarben-roylco-fuer-rolf\/\"]}]},{\"@type\":\"ImageObject\",\"inLanguage\":\"de-CH\",\"@id\":\"https:\/\/teiaeducation.ch\/de\/produkt\/bastelpapier-in-hautfarben-roylco-fuer-rolf\/#primaryimage\",\"url\":\"https:\/\/teiaeducation.ch\/wp-content\/uploads\/2024\/09\/Skin-tone-craft-paper-Roylco-for-Rolf.png\",\"contentUrl\":\"https:\/\/teiaeducation.ch\/wp-content\/uploads\/2024\/09\/Skin-tone-craft-paper-Roylco-for-Rolf.png\",\"width\":899,\"height\":844,\"caption\":\"Bastelpapier in Hautfarben Roylco f\u00fcr Rolf\"},{\"@type\":\"BreadcrumbList\",\"@id\":\"https:\/\/teiaeducation.ch\/de\/produkt\/bastelpapier-in-hautfarben-roylco-fuer-rolf\/#breadcrumb\",\"itemListElement\":[{\"@type\":\"ListItem\",\"position\":1,\"name\":\"Home\",\"item\":\"https:\/\/teiaeducation.ch\/de\/\"},{\"@type\":\"ListItem\",\"position\":2,\"name\":\"Laden\",\"item\":\"https:\/\/teiaeducation.ch\/de\/shop\/\"},{\"@type\":\"ListItem\",\"position\":3,\"name\":\"Unsere Marken\",\"item\":\"https:\/\/teiaeducation.ch\/de\/produkt-kategorie\/unsere-marken\/\"},{\"@type\":\"ListItem\",\"position\":4,\"name\":\"Rolf\",\"item\":\"https:\/\/teiaeducation.ch\/de\/produkt-kategorie\/unsere-marken\/rolf-de\/\"},{\"@type\":\"ListItem\",\"position\":5,\"name\":\"Bastelpapier in Hautfarben &#8211; Roylco f\u00fcr Rolf\"}]},{\"@type\":\"WebSite\",\"@id\":\"https:\/\/teiaeducation.ch\/de\/#website\",\"url\":\"https:\/\/teiaeducation.ch\/de\/\",\"name\":\"Sustainable Educational Products &amp; Ecological Toys\u00a0\",\"description\":\"Specialised Swiss shop selling sustainable educational toys and games, AMI certified Montessori materials, handmade ecological wooden Waldorf toys and arts &amp; crafts supplies, school supplies, children&#039;s furniture and Montessori reference and parenting books.\",\"publisher\":{\"@id\":\"https:\/\/teiaeducation.ch\/de\/#organization\"},\"alternateName\":\"Teia Education & Play\",\"potentialAction\":[{\"@type\":\"SearchAction\",\"target\":{\"@type\":\"EntryPoint\",\"urlTemplate\":\"https:\/\/teiaeducation.ch\/de\/?s={search_term_string}\"},\"query-input\":{\"@type\":\"PropertyValueSpecification\",\"valueRequired\":true,\"valueName\":\"search_term_string\"}}],\"inLanguage\":\"de-CH\"},{\"@type\":\"Organization\",\"@id\":\"https:\/\/teiaeducation.ch\/de\/#organization\",\"name\":\"Teia Education & Play\",\"url\":\"https:\/\/teiaeducation.ch\/de\/\",\"logo\":{\"@type\":\"ImageObject\",\"inLanguage\":\"de-CH\",\"@id\":\"https:\/\/teiaeducation.ch\/de\/#\/schema\/logo\/image\/\",\"url\":\"https:\/\/teiaeducation.ch\/wp-content\/uploads\/2020\/11\/Teia-Education-Switzerland-e1620156442216.jpg\",\"contentUrl\":\"https:\/\/teiaeducation.ch\/wp-content\/uploads\/2020\/11\/Teia-Education-Switzerland-e1620156442216.jpg\",\"width\":166,\"height\":145,\"caption\":\"Teia Education & Play\"},\"image\":{\"@id\":\"https:\/\/teiaeducation.ch\/de\/#\/schema\/logo\/image\/\"},\"sameAs\":[\"https:\/\/www.facebook.com\/teiaeducation\/\",\"https:\/\/x.com\/EducationTeia\",\"https:\/\/www.instagram.com\/teia.education\/\",\"https:\/\/www.linkedin.com\/company\/35501660\",\"https:\/\/www.pinterest.ch\/TeiaEducation\/\"]}]}<\/script>\n<!-- \/ Yoast SEO plugin. -->","yoast_head_json":{"title":"Bastelpapier in Hautfarben - Roylco f\u00fcr Rolf","description":"Das lustige und integrative Hautfarben Bastelpapier von Roylco in Zusammenarbeit mit Rolf eignet sich perfekt f\u00fcr Bastelarbeiten, die Vielfalt zeigen.","robots":{"index":"index","follow":"follow","max-snippet":"max-snippet:-1","max-image-preview":"max-image-preview:large","max-video-preview":"max-video-preview:-1"},"canonical":"https:\/\/teiaeducation.ch\/de\/produkt\/bastelpapier-in-hautfarben-roylco-fuer-rolf\/","og_locale":"de_DE","og_type":"article","og_title":"Bastelpapier in Hautfarben - Roylco f\u00fcr Rolf","og_description":"Das lustige und integrative Hautfarben Bastelpapier von Roylco in Zusammenarbeit mit Rolf eignet sich perfekt f\u00fcr Bastelarbeiten, die Vielfalt zeigen.","og_url":"https:\/\/teiaeducation.ch\/de\/produkt\/bastelpapier-in-hautfarben-roylco-fuer-rolf\/","og_site_name":"Sustainable Educational Products &amp; Ecological Toys\u00a0","article_publisher":"https:\/\/www.facebook.com\/teiaeducation\/","article_modified_time":"2025-05-19T09:46:46+00:00","og_image":[{"width":899,"height":844,"url":"https:\/\/teiaeducation.ch\/wp-content\/uploads\/2024\/09\/Skin-tone-craft-paper-Roylco-for-Rolf.png","type":"image\/png"}],"schema":{"@context":"https:\/\/schema.org","@graph":[{"@type":"WebPage","@id":"https:\/\/teiaeducation.ch\/de\/produkt\/bastelpapier-in-hautfarben-roylco-fuer-rolf\/","url":"https:\/\/teiaeducation.ch\/de\/produkt\/bastelpapier-in-hautfarben-roylco-fuer-rolf\/","name":"Bastelpapier in Hautfarben - Roylco f\u00fcr Rolf","isPartOf":{"@id":"https:\/\/teiaeducation.ch\/de\/#website"},"primaryImageOfPage":{"@id":"https:\/\/teiaeducation.ch\/de\/produkt\/bastelpapier-in-hautfarben-roylco-fuer-rolf\/#primaryimage"},"image":{"@id":"https:\/\/teiaeducation.ch\/de\/produkt\/bastelpapier-in-hautfarben-roylco-fuer-rolf\/#primaryimage"},"thumbnailUrl":"https:\/\/teiaeducation.ch\/wp-content\/uploads\/2024\/09\/Skin-tone-craft-paper-Roylco-for-Rolf.png","datePublished":"2024-09-09T13:31:58+00:00","dateModified":"2025-05-19T09:46:46+00:00","description":"Das lustige und integrative Hautfarben Bastelpapier von Roylco in Zusammenarbeit mit Rolf eignet sich perfekt f\u00fcr Bastelarbeiten, die Vielfalt zeigen.","breadcrumb":{"@id":"https:\/\/teiaeducation.ch\/de\/produkt\/bastelpapier-in-hautfarben-roylco-fuer-rolf\/#breadcrumb"},"inLanguage":"de-CH","potentialAction":[{"@type":"ReadAction","target":["https:\/\/teiaeducation.ch\/de\/produkt\/bastelpapier-in-hautfarben-roylco-fuer-rolf\/"]}]},{"@type":"ImageObject","inLanguage":"de-CH","@id":"https:\/\/teiaeducation.ch\/de\/produkt\/bastelpapier-in-hautfarben-roylco-fuer-rolf\/#primaryimage","url":"https:\/\/teiaeducation.ch\/wp-content\/uploads\/2024\/09\/Skin-tone-craft-paper-Roylco-for-Rolf.png","contentUrl":"https:\/\/teiaeducation.ch\/wp-content\/uploads\/2024\/09\/Skin-tone-craft-paper-Roylco-for-Rolf.png","width":899,"height":844,"caption":"Bastelpapier in Hautfarben Roylco f\u00fcr Rolf"},{"@type":"BreadcrumbList","@id":"https:\/\/teiaeducation.ch\/de\/produkt\/bastelpapier-in-hautfarben-roylco-fuer-rolf\/#breadcrumb","itemListElement":[{"@type":"ListItem","position":1,"name":"Home","item":"https:\/\/teiaeducation.ch\/de\/"},{"@type":"ListItem","position":2,"name":"Laden","item":"https:\/\/teiaeducation.ch\/de\/shop\/"},{"@type":"ListItem","position":3,"name":"Unsere Marken","item":"https:\/\/teiaeducation.ch\/de\/produkt-kategorie\/unsere-marken\/"},{"@type":"ListItem","position":4,"name":"Rolf","item":"https:\/\/teiaeducation.ch\/de\/produkt-kategorie\/unsere-marken\/rolf-de\/"},{"@type":"ListItem","position":5,"name":"Bastelpapier in Hautfarben &#8211; Roylco f\u00fcr Rolf"}]},{"@type":"WebSite","@id":"https:\/\/teiaeducation.ch\/de\/#website","url":"https:\/\/teiaeducation.ch\/de\/","name":"Sustainable Educational Products &amp; Ecological Toys\u00a0","description":"Specialised Swiss shop selling sustainable educational toys and games, AMI certified Montessori materials, handmade ecological wooden Waldorf toys and arts &amp; crafts supplies, school supplies, children&#039;s furniture and Montessori reference and parenting books.","publisher":{"@id":"https:\/\/teiaeducation.ch\/de\/#organization"},"alternateName":"Teia Education & Play","potentialAction":[{"@type":"SearchAction","target":{"@type":"EntryPoint","urlTemplate":"https:\/\/teiaeducation.ch\/de\/?s={search_term_string}"},"query-input":{"@type":"PropertyValueSpecification","valueRequired":true,"valueName":"search_term_string"}}],"inLanguage":"de-CH"},{"@type":"Organization","@id":"https:\/\/teiaeducation.ch\/de\/#organization","name":"Teia Education & Play","url":"https:\/\/teiaeducation.ch\/de\/","logo":{"@type":"ImageObject","inLanguage":"de-CH","@id":"https:\/\/teiaeducation.ch\/de\/#\/schema\/logo\/image\/","url":"https:\/\/teiaeducation.ch\/wp-content\/uploads\/2020\/11\/Teia-Education-Switzerland-e1620156442216.jpg","contentUrl":"https:\/\/teiaeducation.ch\/wp-content\/uploads\/2020\/11\/Teia-Education-Switzerland-e1620156442216.jpg","width":166,"height":145,"caption":"Teia Education & Play"},"image":{"@id":"https:\/\/teiaeducation.ch\/de\/#\/schema\/logo\/image\/"},"sameAs":["https:\/\/www.facebook.com\/teiaeducation\/","https:\/\/x.com\/EducationTeia","https:\/\/www.instagram.com\/teia.education\/","https:\/\/www.linkedin.com\/company\/35501660","https:\/\/www.pinterest.ch\/TeiaEducation\/"]}]}},"_links":{"self":[{"href":"https:\/\/teiaeducation.ch\/de\/wp-json\/wp\/v2\/product\/63524","targetHints":{"allow":["GET"]}}],"collection":[{"href":"https:\/\/teiaeducation.ch\/de\/wp-json\/wp\/v2\/product"}],"about":[{"href":"https:\/\/teiaeducation.ch\/de\/wp-json\/wp\/v2\/types\/product"}],"replies":[{"embeddable":true,"href":"https:\/\/teiaeducation.ch\/de\/wp-json\/wp\/v2\/comments?post=63524"}],"wp:featuredmedia":[{"embeddable":true,"href":"https:\/\/teiaeducation.ch\/de\/wp-json\/wp\/v2\/media\/62818"}],"wp:attachment":[{"href":"https:\/\/teiaeducation.ch\/de\/wp-json\/wp\/v2\/media?parent=63524"}],"wp:term":[{"taxonomy":"product_brand","embeddable":true,"href":"https:\/\/teiaeducation.ch\/de\/wp-json\/wp\/v2\/product_brand?post=63524"},{"taxonomy":"product_cat","embeddable":true,"href":"https:\/\/teiaeducation.ch\/de\/wp-json\/wp\/v2\/product_cat?post=63524"},{"taxonomy":"product_tag","embeddable":true,"href":"https:\/\/teiaeducation.ch\/de\/wp-json\/wp\/v2\/product_tag?post=63524"}],"curies":[{"name":"wp","href":"https:\/\/api.w.org\/{rel}","templated":true}]}}