{"id":63529,"date":"2024-09-09T14:56:01","date_gmt":"2024-09-09T12:56:01","guid":{"rendered":"https:\/\/teiaeducation.ch\/product\/mosaikpapier-farbrad-roylco-fuer-rolf\/"},"modified":"2025-12-12T09:21:32","modified_gmt":"2025-12-12T08:21:32","slug":"mosaikpapier-farbrad-roylco-fuer-rolf","status":"publish","type":"product","link":"https:\/\/teiaeducation.ch\/de\/produkt\/mosaikpapier-farbrad-roylco-fuer-rolf\/","title":{"rendered":"Mosaikpapier Farbrad &#8211; Roylco f\u00fcr Rolf"},"content":{"rendered":"<p>Erh\u00f6hen Sie Ihre Kunst und Ihr Handwerk mit dem lustigen und lebendigen Farbrad Mosaikpapier von Roylco in Zusammenarbeit mit Rolf!<\/p>\n<p>Diese Papiere sind ein beliebtes Bastelmaterial, das in einem Spektrum von Farben gestaltet ist. Dieses Set enth\u00e4lt gen\u00fcgend Mosaike f\u00fcr 48 Projekte in 12 leuchtenden Farben, die das gesamte Farbspektrum abdecken.<\/p>\n<p>Aus den Mosaikteile lassen sich Jumbo Farbr\u00e4der mit einem Durchmesser von je 20 cm herstellen &#8211; die nummerierten Farben erleichtern den Zusammenbau. Au\u00dferdem k\u00f6nnen Details hinzugef\u00fcgt werden, um Farbr\u00e4der in Kunstwerke zu verwandeln!<\/p>\n<p>Das Farbrad Mosaikpapier wird mit Tinte auf pflanzlicher Basis auf ethisch einwandfreiem Karton gedruckt. Jedes Mosaikpapierst\u00fcck ist 5 x 10 cm gro\u00df. Die Packung enth\u00e4lt 576 Mosaikteile in 12 Farben.<\/p>\n<p>Das Roylco by Rolf FarbradcMosaikpapier ist f\u00fcr Kinder ab 4 Jahren geeignet und wird in den USA hergestellt.<\/p>\n<p>Inhalt:<\/p>\n<p>576 Mosaikteile in 12 Farben<\/p>\n<h2>\u00dcber Rolf<\/h2>\n<p>Die Niederl\u00e4ndische Marke <a href=\"https:\/\/teiaeducation.ch\/de\/produkt-kategorie\/unsere-marken\/rolf-de\/\">Rolf<\/a> arbeitet eng mit Lehrern und Bildungsexperten zusammen, um Produkte zu entwickeln, die die Entwicklung der Kinder f\u00f6rdern, ihr Wissen und ihre F\u00e4higkeiten verbessern und die Ziele der Lehrer unterst\u00fctzen.<\/p>\n<p>Jedes p\u00e4dagogische Rolf Produkt bietet ein komplettes Sortiment an Entwicklungsbausteinen f\u00fcr das kindliche Gehirn und f\u00f6rdert <a href=\"https:\/\/teiaeducation.ch\/de\/produkt-kategorie\/kinder-spielzeug\/\">spielerisch<\/a> verschiedene F\u00e4higkeiten wie <a href=\"https:\/\/teiaeducation.ch\/de\/produkt-kategorie\/lernthemen\/mathematik-rechnen\/\">Mathematik<\/a>, <a href=\"https:\/\/teiaeducation.ch\/de\/produkt-kategorie\/lernthemen\/alphabetisierung-sprache\/\">Sprache<\/a>, <a href=\"https:\/\/teiaeducation.ch\/de\/produkt-kategorie\/malen-basteln\/\">Kreativit\u00e4t<\/a>, Motorik und sogar Selbstvertrauen.<\/p>\n<p>Rolfs originelle und unverwechselbare <a href=\"https:\/\/teiaeducation.ch\/de\/produkt-kategorie\/lernthemen\/\">Unterrichtsmaterialien<\/a> sind an ihren robusten Materialien, lebhaften Farben und ansprechenden Illustrationen zu erkennen. Kinder werden die wunderbaren Lern- und Spielprodukte lieben, von den lustigen und herausfordernden Puzzles, die das Lernen zum Leben erwecken, bis hin zu den robusten und farbenfrohen <a href=\"https:\/\/teiaeducation.ch\/de\/produkt-kategorie\/kinder-spielzeug\/spielzeug-fuer-draussen\/\">Outdoor<\/a>&#8211; und <a href=\"https:\/\/teiaeducation.ch\/de\/produkt-kategorie\/kinder-spielzeug\/sandspielzeug\/\">Sandspielzeugen<\/a>, die perfekt f\u00fcr den Strand oder den Sandkasten sind.<\/p>\n<p>Jedes Rolf Produkt wird in den Niederlanden entworfen und nachhaltig hergestellt. Das garantiert hochwertige Produkte, die sicher und langlebig sind und stundenlanges Spielen und Lernen erm\u00f6glichen. Alle Rolf-Produkte sind nach den Europ\u00e4ischen Sicherheitsvorschriften getestet und wurden von den Kindern selbst ausgiebig gepr\u00fcft und f\u00fcr gut befunden, da sie viel Spa\u00df beim Spielen machen und echte Lernm\u00f6glichkeiten bieten.<\/p>\n","protected":false},"excerpt":{"rendered":"<p>Artikelnummer: 115.0007<\/p>\n<p>Erh\u00f6hen Sie Kunst und Handwerk mit dem lustigen und lebendigen Farbrad-Mosaikpapier in 12 leuchtenden Farben, die das gesamte Farbspektrum repr\u00e4sentieren, von Roylco f\u00fcr Rolf!<\/p>\n","protected":false},"featured_media":62805,"comment_status":"open","ping_status":"closed","template":"","meta":[],"product_brand":[],"product_cat":[21445,21446,21479,21447,21481,21443,21563,21458,21660,21482,21564,21483,21450],"product_tag":[29792,29798,29797,29789,29796,29795,29793,29794,29791,29790],"class_list":{"0":"post-63529","1":"product","2":"type-product","3":"status-publish","4":"has-post-thumbnail","6":"product_cat-3-6-jahre-vorschule","7":"product_cat-6-12-jahre-grundschule","8":"product_cat-lernmaterialien-spielzeug-montessori-waldorf-steiner-froebel","9":"product_cat-malen-basteln","10":"product_cat-montessori-paedagogik-material-spielzeug","11":"product_cat-nach-alter","12":"product_cat-neuheiten","13":"product_cat-papierbasteln","14":"product_cat-rolf-de","15":"product_cat-traditionelle-bildung","16":"product_cat-unsere-marken","17":"product_cat-waldorf-steiner-paedagogik","18":"product_cat-zeichnen-malen","19":"product_tag-dreieckige-farbstifte-rolf","20":"product_tag-farbrad-mosaikpapier-roylco-fur-rolf","21":"product_tag-gewebeteile-roylco","22":"product_tag-giftfreie-aquarellstifte","23":"product_tag-handwerkliche-tisauenkreise","24":"product_tag-pinsel-starterset-naturholz-6-stuck-rolf","25":"product_tag-sechseckige-neonfarbstifte","26":"product_tag-sechseckige-pastellfarbstifte","27":"product_tag-ungiftige-dreieckige-buntstifte","28":"product_tag-wasserfarbenkreiden-rolf","30":"first","31":"instock","32":"taxable","33":"shipping-taxable","34":"purchasable","35":"product-type-simple"},"yoast_head":"<!-- This site is optimized with the Yoast SEO Premium plugin v25.8 (Yoast SEO v27.4) - https:\/\/yoast.com\/product\/yoast-seo-premium-wordpress\/ -->\n<title>Mosaikpapier Farbrad - Roylco f\u00fcr Rolf<\/title>\n<meta name=\"description\" content=\"Erh\u00f6hen Sie Kunst und Handwerk mit dem lustigen und lebendigen Farbrad-Mosaikpapier in 12 leuchtenden Farben, die das gesamte Farbspektrum repr\u00e4sentieren, von Roylco f\u00fcr Rolf!\" \/>\n<meta name=\"robots\" content=\"index, follow, max-snippet:-1, max-image-preview:large, max-video-preview:-1\" \/>\n<link rel=\"canonical\" href=\"https:\/\/teiaeducation.ch\/de\/produkt\/mosaikpapier-farbrad-roylco-fuer-rolf\/\" \/>\n<meta property=\"og:locale\" content=\"de_DE\" \/>\n<meta property=\"og:type\" content=\"article\" \/>\n<meta property=\"og:title\" content=\"Mosaikpapier Farbrad - Roylco f\u00fcr Rolf\" \/>\n<meta property=\"og:description\" content=\"Erh\u00f6hen Sie Kunst und Handwerk mit dem lustigen und lebendigen Farbrad-Mosaikpapier in 12 leuchtenden Farben, die das gesamte Farbspektrum repr\u00e4sentieren, von Roylco f\u00fcr Rolf!\" \/>\n<meta property=\"og:url\" content=\"https:\/\/teiaeducation.ch\/de\/produkt\/mosaikpapier-farbrad-roylco-fuer-rolf\/\" \/>\n<meta property=\"og:site_name\" content=\"Sustainable Educational Products &amp; Ecological Toys\u00a0\" \/>\n<meta property=\"article:publisher\" content=\"https:\/\/www.facebook.com\/teiaeducation\/\" \/>\n<meta property=\"article:modified_time\" content=\"2025-12-12T08:21:32+00:00\" \/>\n<meta property=\"og:image\" content=\"https:\/\/teiaeducation.ch\/wp-content\/uploads\/2024\/09\/Colour-wheel-mosaics-paper-Roylco-for-Rolf.png\" \/>\n\t<meta property=\"og:image:width\" content=\"796\" \/>\n\t<meta property=\"og:image:height\" content=\"800\" \/>\n\t<meta property=\"og:image:type\" content=\"image\/png\" \/>\n<script type=\"application\/ld+json\" class=\"yoast-schema-graph\">{\"@context\":\"https:\\\/\\\/schema.org\",\"@graph\":[{\"@type\":\"WebPage\",\"@id\":\"https:\\\/\\\/teiaeducation.ch\\\/de\\\/produkt\\\/mosaikpapier-farbrad-roylco-fuer-rolf\\\/\",\"url\":\"https:\\\/\\\/teiaeducation.ch\\\/de\\\/produkt\\\/mosaikpapier-farbrad-roylco-fuer-rolf\\\/\",\"name\":\"Mosaikpapier Farbrad - Roylco f\u00fcr Rolf\",\"isPartOf\":{\"@id\":\"https:\\\/\\\/teiaeducation.ch\\\/de\\\/#website\"},\"primaryImageOfPage\":{\"@id\":\"https:\\\/\\\/teiaeducation.ch\\\/de\\\/produkt\\\/mosaikpapier-farbrad-roylco-fuer-rolf\\\/#primaryimage\"},\"image\":{\"@id\":\"https:\\\/\\\/teiaeducation.ch\\\/de\\\/produkt\\\/mosaikpapier-farbrad-roylco-fuer-rolf\\\/#primaryimage\"},\"thumbnailUrl\":\"https:\\\/\\\/teiaeducation.ch\\\/wp-content\\\/uploads\\\/2024\\\/09\\\/Colour-wheel-mosaics-paper-Roylco-for-Rolf.png\",\"datePublished\":\"2024-09-09T12:56:01+00:00\",\"dateModified\":\"2025-12-12T08:21:32+00:00\",\"description\":\"Erh\u00f6hen Sie Kunst und Handwerk mit dem lustigen und lebendigen Farbrad-Mosaikpapier in 12 leuchtenden Farben, die das gesamte Farbspektrum repr\u00e4sentieren, von Roylco f\u00fcr Rolf!\",\"breadcrumb\":{\"@id\":\"https:\\\/\\\/teiaeducation.ch\\\/de\\\/produkt\\\/mosaikpapier-farbrad-roylco-fuer-rolf\\\/#breadcrumb\"},\"inLanguage\":\"de-CH\",\"potentialAction\":[{\"@type\":\"ReadAction\",\"target\":[\"https:\\\/\\\/teiaeducation.ch\\\/de\\\/produkt\\\/mosaikpapier-farbrad-roylco-fuer-rolf\\\/\"]}]},{\"@type\":\"ImageObject\",\"inLanguage\":\"de-CH\",\"@id\":\"https:\\\/\\\/teiaeducation.ch\\\/de\\\/produkt\\\/mosaikpapier-farbrad-roylco-fuer-rolf\\\/#primaryimage\",\"url\":\"https:\\\/\\\/teiaeducation.ch\\\/wp-content\\\/uploads\\\/2024\\\/09\\\/Colour-wheel-mosaics-paper-Roylco-for-Rolf.png\",\"contentUrl\":\"https:\\\/\\\/teiaeducation.ch\\\/wp-content\\\/uploads\\\/2024\\\/09\\\/Colour-wheel-mosaics-paper-Roylco-for-Rolf.png\",\"width\":796,\"height\":800,\"caption\":\"Farbrad Mosaikpapier Roylco f\u00fcr Rolf\"},{\"@type\":\"BreadcrumbList\",\"@id\":\"https:\\\/\\\/teiaeducation.ch\\\/de\\\/produkt\\\/mosaikpapier-farbrad-roylco-fuer-rolf\\\/#breadcrumb\",\"itemListElement\":[{\"@type\":\"ListItem\",\"position\":1,\"name\":\"Home\",\"item\":\"https:\\\/\\\/teiaeducation.ch\\\/de\\\/\"},{\"@type\":\"ListItem\",\"position\":2,\"name\":\"Laden\",\"item\":\"https:\\\/\\\/teiaeducation.ch\\\/de\\\/shop\\\/\"},{\"@type\":\"ListItem\",\"position\":3,\"name\":\"Unsere Marken\",\"item\":\"https:\\\/\\\/teiaeducation.ch\\\/de\\\/produkt-kategorie\\\/unsere-marken\\\/\"},{\"@type\":\"ListItem\",\"position\":4,\"name\":\"Rolf\",\"item\":\"https:\\\/\\\/teiaeducation.ch\\\/de\\\/produkt-kategorie\\\/unsere-marken\\\/rolf-de\\\/\"},{\"@type\":\"ListItem\",\"position\":5,\"name\":\"Mosaikpapier Farbrad &#8211; Roylco f\u00fcr Rolf\"}]},{\"@type\":\"WebSite\",\"@id\":\"https:\\\/\\\/teiaeducation.ch\\\/de\\\/#website\",\"url\":\"https:\\\/\\\/teiaeducation.ch\\\/de\\\/\",\"name\":\"Sustainable Educational Products &amp; Ecological Toys\u00a0\",\"description\":\"Specialised Swiss shop selling sustainable educational toys and games, AMI certified Montessori materials, handmade ecological wooden Waldorf toys and arts &amp; crafts supplies, school supplies, children&#039;s furniture and Montessori reference and parenting books.\",\"publisher\":{\"@id\":\"https:\\\/\\\/teiaeducation.ch\\\/de\\\/#organization\"},\"alternateName\":\"Teia Education & Play\",\"potentialAction\":[{\"@type\":\"SearchAction\",\"target\":{\"@type\":\"EntryPoint\",\"urlTemplate\":\"https:\\\/\\\/teiaeducation.ch\\\/de\\\/?s={search_term_string}\"},\"query-input\":{\"@type\":\"PropertyValueSpecification\",\"valueRequired\":true,\"valueName\":\"search_term_string\"}}],\"inLanguage\":\"de-CH\"},{\"@type\":\"Organization\",\"@id\":\"https:\\\/\\\/teiaeducation.ch\\\/de\\\/#organization\",\"name\":\"Teia Education & Play\",\"url\":\"https:\\\/\\\/teiaeducation.ch\\\/de\\\/\",\"logo\":{\"@type\":\"ImageObject\",\"inLanguage\":\"de-CH\",\"@id\":\"https:\\\/\\\/teiaeducation.ch\\\/de\\\/#\\\/schema\\\/logo\\\/image\\\/\",\"url\":\"https:\\\/\\\/teiaeducation.ch\\\/wp-content\\\/uploads\\\/2020\\\/11\\\/Teia-Education-Switzerland-e1620156442216.jpg\",\"contentUrl\":\"https:\\\/\\\/teiaeducation.ch\\\/wp-content\\\/uploads\\\/2020\\\/11\\\/Teia-Education-Switzerland-e1620156442216.jpg\",\"width\":166,\"height\":145,\"caption\":\"Teia Education & Play\"},\"image\":{\"@id\":\"https:\\\/\\\/teiaeducation.ch\\\/de\\\/#\\\/schema\\\/logo\\\/image\\\/\"},\"sameAs\":[\"https:\\\/\\\/www.facebook.com\\\/teiaeducation\\\/\",\"https:\\\/\\\/x.com\\\/EducationTeia\",\"https:\\\/\\\/www.instagram.com\\\/teia.education\\\/\",\"https:\\\/\\\/www.linkedin.com\\\/company\\\/35501660\",\"https:\\\/\\\/www.pinterest.ch\\\/TeiaEducation\\\/\"]}]}<\/script>\n<meta property=\"product:price:amount\" content=\"26.90\" \/>\n<meta property=\"product:price:currency\" content=\"CHF\" \/>\n<meta property=\"og:availability\" content=\"instock\" \/>\n<meta property=\"product:availability\" content=\"instock\" \/>\n<meta property=\"product:condition\" content=\"new\" \/>\n<!-- \/ Yoast SEO Premium plugin. -->","yoast_head_json":{"title":"Mosaikpapier Farbrad - Roylco f\u00fcr Rolf","description":"Erh\u00f6hen Sie Kunst und Handwerk mit dem lustigen und lebendigen Farbrad-Mosaikpapier in 12 leuchtenden Farben, die das gesamte Farbspektrum repr\u00e4sentieren, von Roylco f\u00fcr Rolf!","robots":{"index":"index","follow":"follow","max-snippet":"max-snippet:-1","max-image-preview":"max-image-preview:large","max-video-preview":"max-video-preview:-1"},"canonical":"https:\/\/teiaeducation.ch\/de\/produkt\/mosaikpapier-farbrad-roylco-fuer-rolf\/","og_locale":"de_DE","og_type":"article","og_title":"Mosaikpapier Farbrad - Roylco f\u00fcr Rolf","og_description":"Erh\u00f6hen Sie Kunst und Handwerk mit dem lustigen und lebendigen Farbrad-Mosaikpapier in 12 leuchtenden Farben, die das gesamte Farbspektrum repr\u00e4sentieren, von Roylco f\u00fcr Rolf!","og_url":"https:\/\/teiaeducation.ch\/de\/produkt\/mosaikpapier-farbrad-roylco-fuer-rolf\/","og_site_name":"Sustainable Educational Products &amp; Ecological Toys\u00a0","article_publisher":"https:\/\/www.facebook.com\/teiaeducation\/","article_modified_time":"2025-12-12T08:21:32+00:00","og_image":[{"width":796,"height":800,"url":"https:\/\/teiaeducation.ch\/wp-content\/uploads\/2024\/09\/Colour-wheel-mosaics-paper-Roylco-for-Rolf.png","type":"image\/png"}],"schema":{"@context":"https:\/\/schema.org","@graph":[{"@type":"WebPage","@id":"https:\/\/teiaeducation.ch\/de\/produkt\/mosaikpapier-farbrad-roylco-fuer-rolf\/","url":"https:\/\/teiaeducation.ch\/de\/produkt\/mosaikpapier-farbrad-roylco-fuer-rolf\/","name":"Mosaikpapier Farbrad - Roylco f\u00fcr Rolf","isPartOf":{"@id":"https:\/\/teiaeducation.ch\/de\/#website"},"primaryImageOfPage":{"@id":"https:\/\/teiaeducation.ch\/de\/produkt\/mosaikpapier-farbrad-roylco-fuer-rolf\/#primaryimage"},"image":{"@id":"https:\/\/teiaeducation.ch\/de\/produkt\/mosaikpapier-farbrad-roylco-fuer-rolf\/#primaryimage"},"thumbnailUrl":"https:\/\/teiaeducation.ch\/wp-content\/uploads\/2024\/09\/Colour-wheel-mosaics-paper-Roylco-for-Rolf.png","datePublished":"2024-09-09T12:56:01+00:00","dateModified":"2025-12-12T08:21:32+00:00","description":"Erh\u00f6hen Sie Kunst und Handwerk mit dem lustigen und lebendigen Farbrad-Mosaikpapier in 12 leuchtenden Farben, die das gesamte Farbspektrum repr\u00e4sentieren, von Roylco f\u00fcr Rolf!","breadcrumb":{"@id":"https:\/\/teiaeducation.ch\/de\/produkt\/mosaikpapier-farbrad-roylco-fuer-rolf\/#breadcrumb"},"inLanguage":"de-CH","potentialAction":[{"@type":"ReadAction","target":["https:\/\/teiaeducation.ch\/de\/produkt\/mosaikpapier-farbrad-roylco-fuer-rolf\/"]}]},{"@type":"ImageObject","inLanguage":"de-CH","@id":"https:\/\/teiaeducation.ch\/de\/produkt\/mosaikpapier-farbrad-roylco-fuer-rolf\/#primaryimage","url":"https:\/\/teiaeducation.ch\/wp-content\/uploads\/2024\/09\/Colour-wheel-mosaics-paper-Roylco-for-Rolf.png","contentUrl":"https:\/\/teiaeducation.ch\/wp-content\/uploads\/2024\/09\/Colour-wheel-mosaics-paper-Roylco-for-Rolf.png","width":796,"height":800,"caption":"Farbrad Mosaikpapier Roylco f\u00fcr Rolf"},{"@type":"BreadcrumbList","@id":"https:\/\/teiaeducation.ch\/de\/produkt\/mosaikpapier-farbrad-roylco-fuer-rolf\/#breadcrumb","itemListElement":[{"@type":"ListItem","position":1,"name":"Home","item":"https:\/\/teiaeducation.ch\/de\/"},{"@type":"ListItem","position":2,"name":"Laden","item":"https:\/\/teiaeducation.ch\/de\/shop\/"},{"@type":"ListItem","position":3,"name":"Unsere Marken","item":"https:\/\/teiaeducation.ch\/de\/produkt-kategorie\/unsere-marken\/"},{"@type":"ListItem","position":4,"name":"Rolf","item":"https:\/\/teiaeducation.ch\/de\/produkt-kategorie\/unsere-marken\/rolf-de\/"},{"@type":"ListItem","position":5,"name":"Mosaikpapier Farbrad &#8211; Roylco f\u00fcr Rolf"}]},{"@type":"WebSite","@id":"https:\/\/teiaeducation.ch\/de\/#website","url":"https:\/\/teiaeducation.ch\/de\/","name":"Sustainable Educational Products &amp; Ecological Toys\u00a0","description":"Specialised Swiss shop selling sustainable educational toys and games, AMI certified Montessori materials, handmade ecological wooden Waldorf toys and arts &amp; crafts supplies, school supplies, children&#039;s furniture and Montessori reference and parenting books.","publisher":{"@id":"https:\/\/teiaeducation.ch\/de\/#organization"},"alternateName":"Teia Education & Play","potentialAction":[{"@type":"SearchAction","target":{"@type":"EntryPoint","urlTemplate":"https:\/\/teiaeducation.ch\/de\/?s={search_term_string}"},"query-input":{"@type":"PropertyValueSpecification","valueRequired":true,"valueName":"search_term_string"}}],"inLanguage":"de-CH"},{"@type":"Organization","@id":"https:\/\/teiaeducation.ch\/de\/#organization","name":"Teia Education & Play","url":"https:\/\/teiaeducation.ch\/de\/","logo":{"@type":"ImageObject","inLanguage":"de-CH","@id":"https:\/\/teiaeducation.ch\/de\/#\/schema\/logo\/image\/","url":"https:\/\/teiaeducation.ch\/wp-content\/uploads\/2020\/11\/Teia-Education-Switzerland-e1620156442216.jpg","contentUrl":"https:\/\/teiaeducation.ch\/wp-content\/uploads\/2020\/11\/Teia-Education-Switzerland-e1620156442216.jpg","width":166,"height":145,"caption":"Teia Education & Play"},"image":{"@id":"https:\/\/teiaeducation.ch\/de\/#\/schema\/logo\/image\/"},"sameAs":["https:\/\/www.facebook.com\/teiaeducation\/","https:\/\/x.com\/EducationTeia","https:\/\/www.instagram.com\/teia.education\/","https:\/\/www.linkedin.com\/company\/35501660","https:\/\/www.pinterest.ch\/TeiaEducation\/"]}]},"product_price_amount":"26.90","product_price_currency":"CHF","og_availability":"instock","product_availability":"instock","product_condition":"new"},"_links":{"self":[{"href":"https:\/\/teiaeducation.ch\/de\/wp-json\/wp\/v2\/product\/63529","targetHints":{"allow":["GET"]}}],"collection":[{"href":"https:\/\/teiaeducation.ch\/de\/wp-json\/wp\/v2\/product"}],"about":[{"href":"https:\/\/teiaeducation.ch\/de\/wp-json\/wp\/v2\/types\/product"}],"replies":[{"embeddable":true,"href":"https:\/\/teiaeducation.ch\/de\/wp-json\/wp\/v2\/comments?post=63529"}],"wp:featuredmedia":[{"embeddable":true,"href":"https:\/\/teiaeducation.ch\/de\/wp-json\/wp\/v2\/media\/62805"}],"wp:attachment":[{"href":"https:\/\/teiaeducation.ch\/de\/wp-json\/wp\/v2\/media?parent=63529"}],"wp:term":[{"taxonomy":"product_brand","embeddable":true,"href":"https:\/\/teiaeducation.ch\/de\/wp-json\/wp\/v2\/product_brand?post=63529"},{"taxonomy":"product_cat","embeddable":true,"href":"https:\/\/teiaeducation.ch\/de\/wp-json\/wp\/v2\/product_cat?post=63529"},{"taxonomy":"product_tag","embeddable":true,"href":"https:\/\/teiaeducation.ch\/de\/wp-json\/wp\/v2\/product_tag?post=63529"}],"curies":[{"name":"wp","href":"https:\/\/api.w.org\/{rel}","templated":true}]}}