{"id":63530,"date":"2024-09-04T15:12:23","date_gmt":"2024-09-04T13:12:23","guid":{"rendered":"https:\/\/teiaeducation.ch\/product\/kreidepapier-roylco-fuer-rolf\/"},"modified":"2025-05-19T15:12:29","modified_gmt":"2025-05-19T13:12:29","slug":"kreidepapier-roylco-fuer-rolf","status":"publish","type":"product","link":"https:\/\/teiaeducation.ch\/de\/produkt\/kreidepapier-roylco-fuer-rolf\/","title":{"rendered":"Kreidepapier &#8211; Roylco f\u00fcr Rolf"},"content":{"rendered":"<p>Verbessern Sie Ihre Kunst und Ihr Handwerk mit dem lustigen und lebendigen Kreidepapier von Roylco in Zusammenarbeit mit Rolf!<\/p>\n<p>Diese Papiere sind ein beliebtes Bastelmaterial, das in einer Vielzahl von <a href=\"https:\/\/teiaeducation.ch\/de\/produkt-kategorie\/lernthemen\/sensorische-motorische-fertigkeiten\/farbe-lernen\/\">Farben<\/a> erh\u00e4ltlich ist. Verabschieden Sie sich von komplizierten \u00dcbertragungsmethoden und legen Sie das Kreidepapier einfach auf die gew\u00fcnschte Oberfl\u00e4che und lassen Sie die Magie sich entfalten. Mit einem Bleistift oder einem anderen Markierungswerkzeug lassen sich die Motive m\u00fchelos und pr\u00e4zise \u00fcbertragen.<\/p>\n<p>Das Kreidepapier eignet sich hervorragend, um Zeichnungen auf einzigartige Weise Farbe zu verleihen. Sie sind auch ideal, um Bilder und <a href=\"https:\/\/teiaeducation.ch\/de\/produkt-kategorie\/malen-basteln\/zeichnen-malen\/\">Skizzen<\/a> auf andere Oberfl\u00e4chen zu \u00fcbertragen. Dieses spezielle Bastelmaterial sorgt daf\u00fcr, dass die Zeichnungen gestochen scharf und klar bleiben und keine unerw\u00fcnschten Flecken oder Unregelm\u00e4\u00dfigkeiten aufweisen.<\/p>\n<p>Jedes Kreidepapier ist 21,5 x 28 cm gro\u00df. Die Packung enth\u00e4lt 96 Blatt in 8 Farben.<\/p>\n<p>Das Roylco by Rolf Kreidepapier ist f\u00fcr Kinder ab 2 Jahren geeignet und wird in den USA hergestellt.<\/p>\n<p>Inhalt der Packung:<\/p>\n<p>96 Blatt Kreidepapier<\/p>\n<h2>\u00dcber Rolf<\/h2>\n<p>Die Niederl\u00e4ndische Marke <a href=\"https:\/\/teiaeducation.ch\/de\/produkt-kategorie\/unsere-marken\/rolf-de\/\">Rolf<\/a> arbeitet eng mit Lehrern und Bildungsexperten zusammen, um Produkte zu entwickeln, die die Entwicklung der Kinder f\u00f6rdern, ihr Wissen und ihre F\u00e4higkeiten verbessern und die Ziele der Lehrer unterst\u00fctzen.<\/p>\n<p>Jedes p\u00e4dagogische Rolf Produkt bietet ein komplettes Sortiment an Entwicklungsbausteinen f\u00fcr das kindliche Gehirn und f\u00f6rdert <a href=\"https:\/\/teiaeducation.ch\/de\/produkt-kategorie\/kinder-spielzeug\/\">spielerisch<\/a> verschiedene F\u00e4higkeiten wie <a href=\"https:\/\/teiaeducation.ch\/de\/produkt-kategorie\/lernthemen\/mathematik-rechnen\/\">Mathematik<\/a>, <a href=\"https:\/\/teiaeducation.ch\/de\/produkt-kategorie\/lernthemen\/alphabetisierung-sprache\/\">Sprache<\/a>, <a href=\"https:\/\/teiaeducation.ch\/de\/produkt-kategorie\/malen-basteln\/\">Kreativit\u00e4t<\/a>, Motorik und sogar Selbstvertrauen.<\/p>\n<p>Rolfs originelle und unverwechselbare <a href=\"https:\/\/teiaeducation.ch\/de\/produkt-kategorie\/lernthemen\/\">Unterrichtsmaterialien<\/a> sind an ihren robusten Materialien, lebhaften Farben und ansprechenden Illustrationen zu erkennen. Kinder werden die wunderbaren Lern- und Spielprodukte lieben, von den lustigen und herausfordernden Puzzles, die das Lernen zum Leben erwecken, bis hin zu den robusten und farbenfrohen <a href=\"https:\/\/teiaeducation.ch\/de\/produkt-kategorie\/kinder-spielzeug\/spielzeug-fuer-draussen\/\">Outdoor<\/a>&#8211; und <a href=\"https:\/\/teiaeducation.ch\/de\/produkt-kategorie\/kinder-spielzeug\/sandspielzeug\/\">Sandspielzeugen<\/a>, die perfekt f\u00fcr den Strand oder den Sandkasten sind.<\/p>\n<p>Jedes Rolf Produkt wird in den Niederlanden entworfen und nachhaltig hergestellt. Das garantiert hochwertige Produkte, die sicher und langlebig sind und stundenlanges Spielen und Lernen erm\u00f6glichen. Alle Rolf-Produkte sind nach den Europ\u00e4ischen Sicherheitsvorschriften getestet und wurden von den Kindern selbst ausgiebig gepr\u00fcft und f\u00fcr gut befunden, da sie viel Spa\u00df beim Spielen machen und echte Lernm\u00f6glichkeiten bieten.<\/p>\n","protected":false},"excerpt":{"rendered":"<p>Artikelnummer: 112.8981<\/p>\n<p>Mit dem lustigen und farbenfrohen Kreidepapier von Roylco f\u00fcr Rolf lassen sich Kunst und Handwerk aufwerten! Die Motive lassen sich m\u00fchelos \u00fcbertragen und verleihen den Zeichnungen auf einzigartige Weise Farbe.<\/p>\n","protected":false},"featured_media":62769,"comment_status":"open","ping_status":"closed","template":"","meta":[],"product_brand":[],"product_cat":[21445,21446,21479,21447,21481,21443,21563,21458,21660,21482,21564,21483,21450],"product_tag":[29792,29797,29789,29796,29795,29793,29794,29791,29790],"class_list":{"0":"post-63530","1":"product","2":"type-product","3":"status-publish","4":"has-post-thumbnail","6":"product_cat-3-6-jahre-vorschule","7":"product_cat-6-12-jahre-grundschule","8":"product_cat-lernmaterialien-spielzeug-montessori-waldorf-steiner-froebel","9":"product_cat-malen-basteln","10":"product_cat-montessori-paedagogik-material-spielzeug","11":"product_cat-nach-alter","12":"product_cat-neuheiten","13":"product_cat-papierbasteln","14":"product_cat-rolf-de","15":"product_cat-traditionelle-bildung","16":"product_cat-unsere-marken","17":"product_cat-waldorf-steiner-paedagogik","18":"product_cat-zeichnen-malen","19":"product_tag-dreieckige-farbstifte-rolf","20":"product_tag-gewebeteile-roylco","21":"product_tag-giftfreie-aquarellstifte","22":"product_tag-handwerkliche-tisauenkreise","23":"product_tag-pinsel-starterset-naturholz-6-stuck-rolf","24":"product_tag-sechseckige-neonfarbstifte","25":"product_tag-sechseckige-pastellfarbstifte","26":"product_tag-ungiftige-dreieckige-buntstifte","27":"product_tag-wasserfarbenkreiden-rolf","29":"first","30":"instock","31":"taxable","32":"shipping-taxable","33":"purchasable","34":"product-type-simple"},"yoast_head":"<!-- This site is optimized with the Yoast SEO plugin v27.1.1 - https:\/\/yoast.com\/product\/yoast-seo-wordpress\/ -->\n<title>Kreidepapier - Roylco f\u00fcr Rolf<\/title>\n<meta name=\"description\" content=\"Lustigen und lebendigen Kreidepapier von Roylco f\u00fcr Rolf! Die Motive lassen sich m\u00fchelos \u00fcbertragen und verleihen den Zeichnungen auf Weise Farbe.\" \/>\n<meta name=\"robots\" content=\"index, follow, max-snippet:-1, max-image-preview:large, max-video-preview:-1\" \/>\n<link rel=\"canonical\" href=\"https:\/\/teiaeducation.ch\/de\/produkt\/kreidepapier-roylco-fuer-rolf\/\" \/>\n<meta property=\"og:locale\" content=\"de_DE\" \/>\n<meta property=\"og:type\" content=\"article\" \/>\n<meta property=\"og:title\" content=\"Kreidepapier - Roylco f\u00fcr Rolf\" \/>\n<meta property=\"og:description\" content=\"Lustigen und lebendigen Kreidepapier von Roylco f\u00fcr Rolf! Die Motive lassen sich m\u00fchelos \u00fcbertragen und verleihen den Zeichnungen auf Weise Farbe.\" \/>\n<meta property=\"og:url\" content=\"https:\/\/teiaeducation.ch\/de\/produkt\/kreidepapier-roylco-fuer-rolf\/\" \/>\n<meta property=\"og:site_name\" content=\"Sustainable Educational Products &amp; Ecological Toys\u00a0\" \/>\n<meta property=\"article:publisher\" content=\"https:\/\/www.facebook.com\/teiaeducation\/\" \/>\n<meta property=\"article:modified_time\" content=\"2025-05-19T13:12:29+00:00\" \/>\n<meta property=\"og:image\" content=\"https:\/\/teiaeducation.ch\/wp-content\/uploads\/2024\/09\/Crayon-paper-craft-Roylco-for-Rolf-3.png\" \/>\n\t<meta property=\"og:image:width\" content=\"881\" \/>\n\t<meta property=\"og:image:height\" content=\"703\" \/>\n\t<meta property=\"og:image:type\" content=\"image\/png\" \/>\n<script type=\"application\/ld+json\" class=\"yoast-schema-graph\">{\"@context\":\"https:\/\/schema.org\",\"@graph\":[{\"@type\":\"WebPage\",\"@id\":\"https:\/\/teiaeducation.ch\/de\/produkt\/kreidepapier-roylco-fuer-rolf\/\",\"url\":\"https:\/\/teiaeducation.ch\/de\/produkt\/kreidepapier-roylco-fuer-rolf\/\",\"name\":\"Kreidepapier - Roylco f\u00fcr Rolf\",\"isPartOf\":{\"@id\":\"https:\/\/teiaeducation.ch\/de\/#website\"},\"primaryImageOfPage\":{\"@id\":\"https:\/\/teiaeducation.ch\/de\/produkt\/kreidepapier-roylco-fuer-rolf\/#primaryimage\"},\"image\":{\"@id\":\"https:\/\/teiaeducation.ch\/de\/produkt\/kreidepapier-roylco-fuer-rolf\/#primaryimage\"},\"thumbnailUrl\":\"https:\/\/teiaeducation.ch\/wp-content\/uploads\/2024\/09\/Crayon-paper-craft-Roylco-for-Rolf-3.png\",\"datePublished\":\"2024-09-04T13:12:23+00:00\",\"dateModified\":\"2025-05-19T13:12:29+00:00\",\"description\":\"Lustigen und lebendigen Kreidepapier von Roylco f\u00fcr Rolf! Die Motive lassen sich m\u00fchelos \u00fcbertragen und verleihen den Zeichnungen auf Weise Farbe.\",\"breadcrumb\":{\"@id\":\"https:\/\/teiaeducation.ch\/de\/produkt\/kreidepapier-roylco-fuer-rolf\/#breadcrumb\"},\"inLanguage\":\"de-CH\",\"potentialAction\":[{\"@type\":\"ReadAction\",\"target\":[\"https:\/\/teiaeducation.ch\/de\/produkt\/kreidepapier-roylco-fuer-rolf\/\"]}]},{\"@type\":\"ImageObject\",\"inLanguage\":\"de-CH\",\"@id\":\"https:\/\/teiaeducation.ch\/de\/produkt\/kreidepapier-roylco-fuer-rolf\/#primaryimage\",\"url\":\"https:\/\/teiaeducation.ch\/wp-content\/uploads\/2024\/09\/Crayon-paper-craft-Roylco-for-Rolf-3.png\",\"contentUrl\":\"https:\/\/teiaeducation.ch\/wp-content\/uploads\/2024\/09\/Crayon-paper-craft-Roylco-for-Rolf-3.png\",\"width\":881,\"height\":703,\"caption\":\"Kreidepapier Basteln Roylco f\u00fcr Rolf\"},{\"@type\":\"BreadcrumbList\",\"@id\":\"https:\/\/teiaeducation.ch\/de\/produkt\/kreidepapier-roylco-fuer-rolf\/#breadcrumb\",\"itemListElement\":[{\"@type\":\"ListItem\",\"position\":1,\"name\":\"Home\",\"item\":\"https:\/\/teiaeducation.ch\/de\/\"},{\"@type\":\"ListItem\",\"position\":2,\"name\":\"Laden\",\"item\":\"https:\/\/teiaeducation.ch\/de\/shop\/\"},{\"@type\":\"ListItem\",\"position\":3,\"name\":\"Unsere Marken\",\"item\":\"https:\/\/teiaeducation.ch\/de\/produkt-kategorie\/unsere-marken\/\"},{\"@type\":\"ListItem\",\"position\":4,\"name\":\"Rolf\",\"item\":\"https:\/\/teiaeducation.ch\/de\/produkt-kategorie\/unsere-marken\/rolf-de\/\"},{\"@type\":\"ListItem\",\"position\":5,\"name\":\"Kreidepapier &#8211; Roylco f\u00fcr Rolf\"}]},{\"@type\":\"WebSite\",\"@id\":\"https:\/\/teiaeducation.ch\/de\/#website\",\"url\":\"https:\/\/teiaeducation.ch\/de\/\",\"name\":\"Sustainable Educational Products &amp; Ecological Toys\u00a0\",\"description\":\"Specialised Swiss shop selling sustainable educational toys and games, AMI certified Montessori materials, handmade ecological wooden Waldorf toys and arts &amp; crafts supplies, school supplies, children&#039;s furniture and Montessori reference and parenting books.\",\"publisher\":{\"@id\":\"https:\/\/teiaeducation.ch\/de\/#organization\"},\"alternateName\":\"Teia Education & Play\",\"potentialAction\":[{\"@type\":\"SearchAction\",\"target\":{\"@type\":\"EntryPoint\",\"urlTemplate\":\"https:\/\/teiaeducation.ch\/de\/?s={search_term_string}\"},\"query-input\":{\"@type\":\"PropertyValueSpecification\",\"valueRequired\":true,\"valueName\":\"search_term_string\"}}],\"inLanguage\":\"de-CH\"},{\"@type\":\"Organization\",\"@id\":\"https:\/\/teiaeducation.ch\/de\/#organization\",\"name\":\"Teia Education & Play\",\"url\":\"https:\/\/teiaeducation.ch\/de\/\",\"logo\":{\"@type\":\"ImageObject\",\"inLanguage\":\"de-CH\",\"@id\":\"https:\/\/teiaeducation.ch\/de\/#\/schema\/logo\/image\/\",\"url\":\"https:\/\/teiaeducation.ch\/wp-content\/uploads\/2020\/11\/Teia-Education-Switzerland-e1620156442216.jpg\",\"contentUrl\":\"https:\/\/teiaeducation.ch\/wp-content\/uploads\/2020\/11\/Teia-Education-Switzerland-e1620156442216.jpg\",\"width\":166,\"height\":145,\"caption\":\"Teia Education & Play\"},\"image\":{\"@id\":\"https:\/\/teiaeducation.ch\/de\/#\/schema\/logo\/image\/\"},\"sameAs\":[\"https:\/\/www.facebook.com\/teiaeducation\/\",\"https:\/\/x.com\/EducationTeia\",\"https:\/\/www.instagram.com\/teia.education\/\",\"https:\/\/www.linkedin.com\/company\/35501660\",\"https:\/\/www.pinterest.ch\/TeiaEducation\/\"]}]}<\/script>\n<!-- \/ Yoast SEO plugin. -->","yoast_head_json":{"title":"Kreidepapier - Roylco f\u00fcr Rolf","description":"Lustigen und lebendigen Kreidepapier von Roylco f\u00fcr Rolf! Die Motive lassen sich m\u00fchelos \u00fcbertragen und verleihen den Zeichnungen auf Weise Farbe.","robots":{"index":"index","follow":"follow","max-snippet":"max-snippet:-1","max-image-preview":"max-image-preview:large","max-video-preview":"max-video-preview:-1"},"canonical":"https:\/\/teiaeducation.ch\/de\/produkt\/kreidepapier-roylco-fuer-rolf\/","og_locale":"de_DE","og_type":"article","og_title":"Kreidepapier - Roylco f\u00fcr Rolf","og_description":"Lustigen und lebendigen Kreidepapier von Roylco f\u00fcr Rolf! Die Motive lassen sich m\u00fchelos \u00fcbertragen und verleihen den Zeichnungen auf Weise Farbe.","og_url":"https:\/\/teiaeducation.ch\/de\/produkt\/kreidepapier-roylco-fuer-rolf\/","og_site_name":"Sustainable Educational Products &amp; Ecological Toys\u00a0","article_publisher":"https:\/\/www.facebook.com\/teiaeducation\/","article_modified_time":"2025-05-19T13:12:29+00:00","og_image":[{"width":881,"height":703,"url":"https:\/\/teiaeducation.ch\/wp-content\/uploads\/2024\/09\/Crayon-paper-craft-Roylco-for-Rolf-3.png","type":"image\/png"}],"schema":{"@context":"https:\/\/schema.org","@graph":[{"@type":"WebPage","@id":"https:\/\/teiaeducation.ch\/de\/produkt\/kreidepapier-roylco-fuer-rolf\/","url":"https:\/\/teiaeducation.ch\/de\/produkt\/kreidepapier-roylco-fuer-rolf\/","name":"Kreidepapier - Roylco f\u00fcr Rolf","isPartOf":{"@id":"https:\/\/teiaeducation.ch\/de\/#website"},"primaryImageOfPage":{"@id":"https:\/\/teiaeducation.ch\/de\/produkt\/kreidepapier-roylco-fuer-rolf\/#primaryimage"},"image":{"@id":"https:\/\/teiaeducation.ch\/de\/produkt\/kreidepapier-roylco-fuer-rolf\/#primaryimage"},"thumbnailUrl":"https:\/\/teiaeducation.ch\/wp-content\/uploads\/2024\/09\/Crayon-paper-craft-Roylco-for-Rolf-3.png","datePublished":"2024-09-04T13:12:23+00:00","dateModified":"2025-05-19T13:12:29+00:00","description":"Lustigen und lebendigen Kreidepapier von Roylco f\u00fcr Rolf! Die Motive lassen sich m\u00fchelos \u00fcbertragen und verleihen den Zeichnungen auf Weise Farbe.","breadcrumb":{"@id":"https:\/\/teiaeducation.ch\/de\/produkt\/kreidepapier-roylco-fuer-rolf\/#breadcrumb"},"inLanguage":"de-CH","potentialAction":[{"@type":"ReadAction","target":["https:\/\/teiaeducation.ch\/de\/produkt\/kreidepapier-roylco-fuer-rolf\/"]}]},{"@type":"ImageObject","inLanguage":"de-CH","@id":"https:\/\/teiaeducation.ch\/de\/produkt\/kreidepapier-roylco-fuer-rolf\/#primaryimage","url":"https:\/\/teiaeducation.ch\/wp-content\/uploads\/2024\/09\/Crayon-paper-craft-Roylco-for-Rolf-3.png","contentUrl":"https:\/\/teiaeducation.ch\/wp-content\/uploads\/2024\/09\/Crayon-paper-craft-Roylco-for-Rolf-3.png","width":881,"height":703,"caption":"Kreidepapier Basteln Roylco f\u00fcr Rolf"},{"@type":"BreadcrumbList","@id":"https:\/\/teiaeducation.ch\/de\/produkt\/kreidepapier-roylco-fuer-rolf\/#breadcrumb","itemListElement":[{"@type":"ListItem","position":1,"name":"Home","item":"https:\/\/teiaeducation.ch\/de\/"},{"@type":"ListItem","position":2,"name":"Laden","item":"https:\/\/teiaeducation.ch\/de\/shop\/"},{"@type":"ListItem","position":3,"name":"Unsere Marken","item":"https:\/\/teiaeducation.ch\/de\/produkt-kategorie\/unsere-marken\/"},{"@type":"ListItem","position":4,"name":"Rolf","item":"https:\/\/teiaeducation.ch\/de\/produkt-kategorie\/unsere-marken\/rolf-de\/"},{"@type":"ListItem","position":5,"name":"Kreidepapier &#8211; Roylco f\u00fcr Rolf"}]},{"@type":"WebSite","@id":"https:\/\/teiaeducation.ch\/de\/#website","url":"https:\/\/teiaeducation.ch\/de\/","name":"Sustainable Educational Products &amp; Ecological Toys\u00a0","description":"Specialised Swiss shop selling sustainable educational toys and games, AMI certified Montessori materials, handmade ecological wooden Waldorf toys and arts &amp; crafts supplies, school supplies, children&#039;s furniture and Montessori reference and parenting books.","publisher":{"@id":"https:\/\/teiaeducation.ch\/de\/#organization"},"alternateName":"Teia Education & Play","potentialAction":[{"@type":"SearchAction","target":{"@type":"EntryPoint","urlTemplate":"https:\/\/teiaeducation.ch\/de\/?s={search_term_string}"},"query-input":{"@type":"PropertyValueSpecification","valueRequired":true,"valueName":"search_term_string"}}],"inLanguage":"de-CH"},{"@type":"Organization","@id":"https:\/\/teiaeducation.ch\/de\/#organization","name":"Teia Education & Play","url":"https:\/\/teiaeducation.ch\/de\/","logo":{"@type":"ImageObject","inLanguage":"de-CH","@id":"https:\/\/teiaeducation.ch\/de\/#\/schema\/logo\/image\/","url":"https:\/\/teiaeducation.ch\/wp-content\/uploads\/2020\/11\/Teia-Education-Switzerland-e1620156442216.jpg","contentUrl":"https:\/\/teiaeducation.ch\/wp-content\/uploads\/2020\/11\/Teia-Education-Switzerland-e1620156442216.jpg","width":166,"height":145,"caption":"Teia Education & Play"},"image":{"@id":"https:\/\/teiaeducation.ch\/de\/#\/schema\/logo\/image\/"},"sameAs":["https:\/\/www.facebook.com\/teiaeducation\/","https:\/\/x.com\/EducationTeia","https:\/\/www.instagram.com\/teia.education\/","https:\/\/www.linkedin.com\/company\/35501660","https:\/\/www.pinterest.ch\/TeiaEducation\/"]}]}},"_links":{"self":[{"href":"https:\/\/teiaeducation.ch\/de\/wp-json\/wp\/v2\/product\/63530","targetHints":{"allow":["GET"]}}],"collection":[{"href":"https:\/\/teiaeducation.ch\/de\/wp-json\/wp\/v2\/product"}],"about":[{"href":"https:\/\/teiaeducation.ch\/de\/wp-json\/wp\/v2\/types\/product"}],"replies":[{"embeddable":true,"href":"https:\/\/teiaeducation.ch\/de\/wp-json\/wp\/v2\/comments?post=63530"}],"wp:featuredmedia":[{"embeddable":true,"href":"https:\/\/teiaeducation.ch\/de\/wp-json\/wp\/v2\/media\/62769"}],"wp:attachment":[{"href":"https:\/\/teiaeducation.ch\/de\/wp-json\/wp\/v2\/media?parent=63530"}],"wp:term":[{"taxonomy":"product_brand","embeddable":true,"href":"https:\/\/teiaeducation.ch\/de\/wp-json\/wp\/v2\/product_brand?post=63530"},{"taxonomy":"product_cat","embeddable":true,"href":"https:\/\/teiaeducation.ch\/de\/wp-json\/wp\/v2\/product_cat?post=63530"},{"taxonomy":"product_tag","embeddable":true,"href":"https:\/\/teiaeducation.ch\/de\/wp-json\/wp\/v2\/product_tag?post=63530"}],"curies":[{"name":"wp","href":"https:\/\/api.w.org\/{rel}","templated":true}]}}