{"id":63752,"date":"2024-09-03T16:43:51","date_gmt":"2024-09-03T14:43:51","guid":{"rendered":"https:\/\/teiaeducation.ch\/product\/dreieckige-buntstifte-12-stueck-rolf\/"},"modified":"2025-05-20T12:55:38","modified_gmt":"2025-05-20T10:55:38","slug":"dreieckige-buntstifte-12-stueck-rolf","status":"publish","type":"product","link":"https:\/\/teiaeducation.ch\/de\/produkt\/dreieckige-buntstifte-12-stueck-rolf\/","title":{"rendered":"Dreieckige Buntstifte 12 St. &#8211; Rolf"},"content":{"rendered":"<p>Ein h\u00fcbsches 12 St\u00fcck Set von giftfreien dreieckige Buntstifte in einer Kartonetui aus der Rolf Arts Crafts Kollektion.<\/p>\n<p>Die Stifte haben eine dreieckige, 3-seitige Form, die bequemer in der Hand liegt und es den Kindern erleichtert, die richtige Haltung eines Stiftes zu lernen. Die Rolf Farbstifte bieten h\u00f6chste Qualit\u00e4t f\u00fcr ein befriedigendes <a href=\"https:\/\/teiaeducation.ch\/de\/produkt-kategorie\/malen-basteln\/zeichnen-malen\/\">Ausmalen<\/a> und Zeichnen in der Schule, beim Lernen oder zu Hause.<\/p>\n<p>Das Set enth\u00e4lt 12 leuchtenden Farben und wird in einem praktischen Kartonetui geliefert. Die sechseckigen Rolf Dreieckige Buntstifte sind f\u00fcr Kinder ab 3 Jahren geeignet und werden in den Niederlanden hergestellt.<\/p>\n<p>Inhalte:<\/p>\n<p>12 Dreieckige Buntstifte &#8211; 1 Kartonetui<\/p>\n<h2>\u00dcber Rolf<\/h2>\n<p>Die Niederl\u00e4ndische Marke <a href=\"https:\/\/teiaeducation.ch\/de\/produkt-kategorie\/unsere-marken\/rolf-de\/\">Rolf<\/a> arbeitet eng mit Lehrern und Bildungsexperten zusammen, um Produkte zu entwickeln, die die Entwicklung der Kinder f\u00f6rdern, ihr Wissen und ihre F\u00e4higkeiten verbessern und die Ziele der Lehrer unterst\u00fctzen.<\/p>\n<p>Jedes p\u00e4dagogische Rolf Produkt bietet ein komplettes Sortiment an Entwicklungsbausteinen f\u00fcr das kindliche Gehirn und f\u00f6rdert <a href=\"https:\/\/teiaeducation.ch\/de\/produkt-kategorie\/kinder-spielzeug\/\">spielerisch<\/a> verschiedene F\u00e4higkeiten wie <a href=\"https:\/\/teiaeducation.ch\/de\/produkt-kategorie\/lernthemen\/mathematik-rechnen\/\">Mathematik<\/a>, <a href=\"https:\/\/teiaeducation.ch\/de\/produkt-kategorie\/lernthemen\/alphabetisierung-sprache\/\">Sprache<\/a>, <a href=\"https:\/\/teiaeducation.ch\/de\/produkt-kategorie\/malen-basteln\/\">Kreativit\u00e4t<\/a>, Motorik und sogar Selbstvertrauen.<\/p>\n<p>Rolfs originelle und unverwechselbare <a href=\"https:\/\/teiaeducation.ch\/de\/produkt-kategorie\/lernthemen\/\">Unterrichtsmaterialien<\/a> sind an ihren robusten Materialien, lebhaften Farben und ansprechenden Illustrationen zu erkennen. Kinder werden die wunderbaren Lern- und Spielprodukte lieben, von den lustigen und herausfordernden Puzzles, die das Lernen zum Leben erwecken, bis hin zu den robusten und farbenfrohen <a href=\"https:\/\/teiaeducation.ch\/de\/produkt-kategorie\/kinder-spielzeug\/spielzeug-fuer-draussen\/\">Outdoor<\/a>&#8211; und <a href=\"https:\/\/teiaeducation.ch\/de\/produkt-kategorie\/kinder-spielzeug\/sandspielzeug\/\">Sandspielzeugen<\/a>, die perfekt f\u00fcr den Strand oder den Sandkasten sind.<\/p>\n<p>Jedes Rolf Produkt wird in den Niederlanden entworfen und nachhaltig hergestellt. Das garantiert hochwertige Produkte, die sicher und langlebig sind und stundenlanges Spielen und Lernen erm\u00f6glichen. Alle Rolf-Produkte sind nach den Europ\u00e4ischen Sicherheitsvorschriften getestet und wurden von den Kindern selbst ausgiebig gepr\u00fcft und f\u00fcr gut befunden, da sie viel Spa\u00df beim Spielen machen und echte Lernm\u00f6glichkeiten bieten.<\/p>\n","protected":false},"excerpt":{"rendered":"<p>Artikelnummer: 105.6052<\/p>\n<p>Das Rolf Set mit giftfreien Buntstifte mit dreieckige Form liegen bequem in der Hand und erleichtert Kindern, die richtige Haltung eines Stiftes zu lernen!<\/p>\n","protected":false},"featured_media":62722,"comment_status":"open","ping_status":"closed","template":"","meta":[],"product_brand":[],"product_cat":[21445,21446,21447,21443,21563,21660,21678,23133,21564,21450],"product_tag":[29792,29789,29791,29790],"class_list":{"0":"post-63752","1":"product","2":"type-product","3":"status-publish","4":"has-post-thumbnail","6":"product_cat-3-6-jahre-vorschule","7":"product_cat-6-12-jahre-grundschule","8":"product_cat-malen-basteln","9":"product_cat-nach-alter","10":"product_cat-neuheiten","11":"product_cat-rolf-de","12":"product_cat-kinder-spielzeug","13":"product_cat-spielzeug-fuer-draussen","14":"product_cat-unsere-marken","15":"product_cat-zeichnen-malen","16":"product_tag-dreieckige-farbstifte-rolf","17":"product_tag-giftfreie-aquarellstifte","18":"product_tag-ungiftige-dreieckige-buntstifte","19":"product_tag-wasserfarbenkreiden-rolf","21":"first","22":"instock","23":"taxable","24":"shipping-taxable","25":"purchasable","26":"product-type-simple"},"yoast_head":"<!-- This site is optimized with the Yoast SEO plugin v27.1.1 - https:\/\/yoast.com\/product\/yoast-seo-wordpress\/ -->\n<title>Dreieckige Buntstifte 12 St. - Rolf - Teia Education &amp; Play<\/title>\n<meta name=\"description\" content=\"Das Rolf Set mit giftfreien Buntstifte mit dreieckige Form liegen bequem in der Hand und erleichtert Kindern, die richtige Haltung eines Stiftes zu lernen.\" \/>\n<meta name=\"robots\" content=\"index, follow, max-snippet:-1, max-image-preview:large, max-video-preview:-1\" \/>\n<link rel=\"canonical\" href=\"https:\/\/teiaeducation.ch\/de\/produkt\/dreieckige-buntstifte-12-stueck-rolf\/\" \/>\n<meta property=\"og:locale\" content=\"de_DE\" \/>\n<meta property=\"og:type\" content=\"article\" \/>\n<meta property=\"og:title\" content=\"Dreieckige Buntstifte 12 St. - Rolf - Teia Education &amp; Play\" \/>\n<meta property=\"og:description\" content=\"Das Rolf Set mit giftfreien Buntstifte mit dreieckige Form liegen bequem in der Hand und erleichtert Kindern, die richtige Haltung eines Stiftes zu lernen.\" \/>\n<meta property=\"og:url\" content=\"https:\/\/teiaeducation.ch\/de\/produkt\/dreieckige-buntstifte-12-stueck-rolf\/\" \/>\n<meta property=\"og:site_name\" content=\"Sustainable Educational Products &amp; Ecological Toys\u00a0\" \/>\n<meta property=\"article:publisher\" content=\"https:\/\/www.facebook.com\/teiaeducation\/\" \/>\n<meta property=\"article:modified_time\" content=\"2025-05-20T10:55:38+00:00\" \/>\n<meta property=\"og:image\" content=\"https:\/\/teiaeducation.ch\/wp-content\/uploads\/2024\/09\/Toxin-free-Triangular-colouring-pencils-box-of-12-Rolf-.png\" \/>\n\t<meta property=\"og:image:width\" content=\"921\" \/>\n\t<meta property=\"og:image:height\" content=\"747\" \/>\n\t<meta property=\"og:image:type\" content=\"image\/png\" \/>\n<script type=\"application\/ld+json\" class=\"yoast-schema-graph\">{\"@context\":\"https:\/\/schema.org\",\"@graph\":[{\"@type\":\"WebPage\",\"@id\":\"https:\/\/teiaeducation.ch\/de\/produkt\/dreieckige-buntstifte-12-stueck-rolf\/\",\"url\":\"https:\/\/teiaeducation.ch\/de\/produkt\/dreieckige-buntstifte-12-stueck-rolf\/\",\"name\":\"Dreieckige Buntstifte 12 St. - Rolf - Teia Education & Play\",\"isPartOf\":{\"@id\":\"https:\/\/teiaeducation.ch\/de\/#website\"},\"primaryImageOfPage\":{\"@id\":\"https:\/\/teiaeducation.ch\/de\/produkt\/dreieckige-buntstifte-12-stueck-rolf\/#primaryimage\"},\"image\":{\"@id\":\"https:\/\/teiaeducation.ch\/de\/produkt\/dreieckige-buntstifte-12-stueck-rolf\/#primaryimage\"},\"thumbnailUrl\":\"https:\/\/teiaeducation.ch\/wp-content\/uploads\/2024\/09\/Toxin-free-Triangular-colouring-pencils-box-of-12-Rolf-.png\",\"datePublished\":\"2024-09-03T14:43:51+00:00\",\"dateModified\":\"2025-05-20T10:55:38+00:00\",\"description\":\"Das Rolf Set mit giftfreien Buntstifte mit dreieckige Form liegen bequem in der Hand und erleichtert Kindern, die richtige Haltung eines Stiftes zu lernen.\",\"breadcrumb\":{\"@id\":\"https:\/\/teiaeducation.ch\/de\/produkt\/dreieckige-buntstifte-12-stueck-rolf\/#breadcrumb\"},\"inLanguage\":\"de-CH\",\"potentialAction\":[{\"@type\":\"ReadAction\",\"target\":[\"https:\/\/teiaeducation.ch\/de\/produkt\/dreieckige-buntstifte-12-stueck-rolf\/\"]}]},{\"@type\":\"ImageObject\",\"inLanguage\":\"de-CH\",\"@id\":\"https:\/\/teiaeducation.ch\/de\/produkt\/dreieckige-buntstifte-12-stueck-rolf\/#primaryimage\",\"url\":\"https:\/\/teiaeducation.ch\/wp-content\/uploads\/2024\/09\/Toxin-free-Triangular-colouring-pencils-box-of-12-Rolf-.png\",\"contentUrl\":\"https:\/\/teiaeducation.ch\/wp-content\/uploads\/2024\/09\/Toxin-free-Triangular-colouring-pencils-box-of-12-Rolf-.png\",\"width\":921,\"height\":747,\"caption\":\"Ungiftig Dreieckige Buntstifte: 12 St\u00fcck - Rolf\"},{\"@type\":\"BreadcrumbList\",\"@id\":\"https:\/\/teiaeducation.ch\/de\/produkt\/dreieckige-buntstifte-12-stueck-rolf\/#breadcrumb\",\"itemListElement\":[{\"@type\":\"ListItem\",\"position\":1,\"name\":\"Home\",\"item\":\"https:\/\/teiaeducation.ch\/de\/\"},{\"@type\":\"ListItem\",\"position\":2,\"name\":\"Laden\",\"item\":\"https:\/\/teiaeducation.ch\/de\/shop\/\"},{\"@type\":\"ListItem\",\"position\":3,\"name\":\"Unsere Marken\",\"item\":\"https:\/\/teiaeducation.ch\/de\/produkt-kategorie\/unsere-marken\/\"},{\"@type\":\"ListItem\",\"position\":4,\"name\":\"Rolf\",\"item\":\"https:\/\/teiaeducation.ch\/de\/produkt-kategorie\/unsere-marken\/rolf-de\/\"},{\"@type\":\"ListItem\",\"position\":5,\"name\":\"Dreieckige Buntstifte 12 St. &#8211; Rolf\"}]},{\"@type\":\"WebSite\",\"@id\":\"https:\/\/teiaeducation.ch\/de\/#website\",\"url\":\"https:\/\/teiaeducation.ch\/de\/\",\"name\":\"Sustainable Educational Products &amp; Ecological Toys\u00a0\",\"description\":\"Specialised Swiss shop selling sustainable educational toys and games, AMI certified Montessori materials, handmade ecological wooden Waldorf toys and arts &amp; crafts supplies, school supplies, children&#039;s furniture and Montessori reference and parenting books.\",\"publisher\":{\"@id\":\"https:\/\/teiaeducation.ch\/de\/#organization\"},\"alternateName\":\"Teia Education & Play\",\"potentialAction\":[{\"@type\":\"SearchAction\",\"target\":{\"@type\":\"EntryPoint\",\"urlTemplate\":\"https:\/\/teiaeducation.ch\/de\/?s={search_term_string}\"},\"query-input\":{\"@type\":\"PropertyValueSpecification\",\"valueRequired\":true,\"valueName\":\"search_term_string\"}}],\"inLanguage\":\"de-CH\"},{\"@type\":\"Organization\",\"@id\":\"https:\/\/teiaeducation.ch\/de\/#organization\",\"name\":\"Teia Education & Play\",\"url\":\"https:\/\/teiaeducation.ch\/de\/\",\"logo\":{\"@type\":\"ImageObject\",\"inLanguage\":\"de-CH\",\"@id\":\"https:\/\/teiaeducation.ch\/de\/#\/schema\/logo\/image\/\",\"url\":\"https:\/\/teiaeducation.ch\/wp-content\/uploads\/2020\/11\/Teia-Education-Switzerland-e1620156442216.jpg\",\"contentUrl\":\"https:\/\/teiaeducation.ch\/wp-content\/uploads\/2020\/11\/Teia-Education-Switzerland-e1620156442216.jpg\",\"width\":166,\"height\":145,\"caption\":\"Teia Education & Play\"},\"image\":{\"@id\":\"https:\/\/teiaeducation.ch\/de\/#\/schema\/logo\/image\/\"},\"sameAs\":[\"https:\/\/www.facebook.com\/teiaeducation\/\",\"https:\/\/x.com\/EducationTeia\",\"https:\/\/www.instagram.com\/teia.education\/\",\"https:\/\/www.linkedin.com\/company\/35501660\",\"https:\/\/www.pinterest.ch\/TeiaEducation\/\"]}]}<\/script>\n<!-- \/ Yoast SEO plugin. -->","yoast_head_json":{"title":"Dreieckige Buntstifte 12 St. - Rolf - Teia Education & Play","description":"Das Rolf Set mit giftfreien Buntstifte mit dreieckige Form liegen bequem in der Hand und erleichtert Kindern, die richtige Haltung eines Stiftes zu lernen.","robots":{"index":"index","follow":"follow","max-snippet":"max-snippet:-1","max-image-preview":"max-image-preview:large","max-video-preview":"max-video-preview:-1"},"canonical":"https:\/\/teiaeducation.ch\/de\/produkt\/dreieckige-buntstifte-12-stueck-rolf\/","og_locale":"de_DE","og_type":"article","og_title":"Dreieckige Buntstifte 12 St. - Rolf - Teia Education & Play","og_description":"Das Rolf Set mit giftfreien Buntstifte mit dreieckige Form liegen bequem in der Hand und erleichtert Kindern, die richtige Haltung eines Stiftes zu lernen.","og_url":"https:\/\/teiaeducation.ch\/de\/produkt\/dreieckige-buntstifte-12-stueck-rolf\/","og_site_name":"Sustainable Educational Products &amp; Ecological Toys\u00a0","article_publisher":"https:\/\/www.facebook.com\/teiaeducation\/","article_modified_time":"2025-05-20T10:55:38+00:00","og_image":[{"width":921,"height":747,"url":"https:\/\/teiaeducation.ch\/wp-content\/uploads\/2024\/09\/Toxin-free-Triangular-colouring-pencils-box-of-12-Rolf-.png","type":"image\/png"}],"schema":{"@context":"https:\/\/schema.org","@graph":[{"@type":"WebPage","@id":"https:\/\/teiaeducation.ch\/de\/produkt\/dreieckige-buntstifte-12-stueck-rolf\/","url":"https:\/\/teiaeducation.ch\/de\/produkt\/dreieckige-buntstifte-12-stueck-rolf\/","name":"Dreieckige Buntstifte 12 St. - Rolf - Teia Education & Play","isPartOf":{"@id":"https:\/\/teiaeducation.ch\/de\/#website"},"primaryImageOfPage":{"@id":"https:\/\/teiaeducation.ch\/de\/produkt\/dreieckige-buntstifte-12-stueck-rolf\/#primaryimage"},"image":{"@id":"https:\/\/teiaeducation.ch\/de\/produkt\/dreieckige-buntstifte-12-stueck-rolf\/#primaryimage"},"thumbnailUrl":"https:\/\/teiaeducation.ch\/wp-content\/uploads\/2024\/09\/Toxin-free-Triangular-colouring-pencils-box-of-12-Rolf-.png","datePublished":"2024-09-03T14:43:51+00:00","dateModified":"2025-05-20T10:55:38+00:00","description":"Das Rolf Set mit giftfreien Buntstifte mit dreieckige Form liegen bequem in der Hand und erleichtert Kindern, die richtige Haltung eines Stiftes zu lernen.","breadcrumb":{"@id":"https:\/\/teiaeducation.ch\/de\/produkt\/dreieckige-buntstifte-12-stueck-rolf\/#breadcrumb"},"inLanguage":"de-CH","potentialAction":[{"@type":"ReadAction","target":["https:\/\/teiaeducation.ch\/de\/produkt\/dreieckige-buntstifte-12-stueck-rolf\/"]}]},{"@type":"ImageObject","inLanguage":"de-CH","@id":"https:\/\/teiaeducation.ch\/de\/produkt\/dreieckige-buntstifte-12-stueck-rolf\/#primaryimage","url":"https:\/\/teiaeducation.ch\/wp-content\/uploads\/2024\/09\/Toxin-free-Triangular-colouring-pencils-box-of-12-Rolf-.png","contentUrl":"https:\/\/teiaeducation.ch\/wp-content\/uploads\/2024\/09\/Toxin-free-Triangular-colouring-pencils-box-of-12-Rolf-.png","width":921,"height":747,"caption":"Ungiftig Dreieckige Buntstifte: 12 St\u00fcck - Rolf"},{"@type":"BreadcrumbList","@id":"https:\/\/teiaeducation.ch\/de\/produkt\/dreieckige-buntstifte-12-stueck-rolf\/#breadcrumb","itemListElement":[{"@type":"ListItem","position":1,"name":"Home","item":"https:\/\/teiaeducation.ch\/de\/"},{"@type":"ListItem","position":2,"name":"Laden","item":"https:\/\/teiaeducation.ch\/de\/shop\/"},{"@type":"ListItem","position":3,"name":"Unsere Marken","item":"https:\/\/teiaeducation.ch\/de\/produkt-kategorie\/unsere-marken\/"},{"@type":"ListItem","position":4,"name":"Rolf","item":"https:\/\/teiaeducation.ch\/de\/produkt-kategorie\/unsere-marken\/rolf-de\/"},{"@type":"ListItem","position":5,"name":"Dreieckige Buntstifte 12 St. &#8211; Rolf"}]},{"@type":"WebSite","@id":"https:\/\/teiaeducation.ch\/de\/#website","url":"https:\/\/teiaeducation.ch\/de\/","name":"Sustainable Educational Products &amp; Ecological Toys\u00a0","description":"Specialised Swiss shop selling sustainable educational toys and games, AMI certified Montessori materials, handmade ecological wooden Waldorf toys and arts &amp; crafts supplies, school supplies, children&#039;s furniture and Montessori reference and parenting books.","publisher":{"@id":"https:\/\/teiaeducation.ch\/de\/#organization"},"alternateName":"Teia Education & Play","potentialAction":[{"@type":"SearchAction","target":{"@type":"EntryPoint","urlTemplate":"https:\/\/teiaeducation.ch\/de\/?s={search_term_string}"},"query-input":{"@type":"PropertyValueSpecification","valueRequired":true,"valueName":"search_term_string"}}],"inLanguage":"de-CH"},{"@type":"Organization","@id":"https:\/\/teiaeducation.ch\/de\/#organization","name":"Teia Education & Play","url":"https:\/\/teiaeducation.ch\/de\/","logo":{"@type":"ImageObject","inLanguage":"de-CH","@id":"https:\/\/teiaeducation.ch\/de\/#\/schema\/logo\/image\/","url":"https:\/\/teiaeducation.ch\/wp-content\/uploads\/2020\/11\/Teia-Education-Switzerland-e1620156442216.jpg","contentUrl":"https:\/\/teiaeducation.ch\/wp-content\/uploads\/2020\/11\/Teia-Education-Switzerland-e1620156442216.jpg","width":166,"height":145,"caption":"Teia Education & Play"},"image":{"@id":"https:\/\/teiaeducation.ch\/de\/#\/schema\/logo\/image\/"},"sameAs":["https:\/\/www.facebook.com\/teiaeducation\/","https:\/\/x.com\/EducationTeia","https:\/\/www.instagram.com\/teia.education\/","https:\/\/www.linkedin.com\/company\/35501660","https:\/\/www.pinterest.ch\/TeiaEducation\/"]}]}},"_links":{"self":[{"href":"https:\/\/teiaeducation.ch\/de\/wp-json\/wp\/v2\/product\/63752","targetHints":{"allow":["GET"]}}],"collection":[{"href":"https:\/\/teiaeducation.ch\/de\/wp-json\/wp\/v2\/product"}],"about":[{"href":"https:\/\/teiaeducation.ch\/de\/wp-json\/wp\/v2\/types\/product"}],"replies":[{"embeddable":true,"href":"https:\/\/teiaeducation.ch\/de\/wp-json\/wp\/v2\/comments?post=63752"}],"wp:featuredmedia":[{"embeddable":true,"href":"https:\/\/teiaeducation.ch\/de\/wp-json\/wp\/v2\/media\/62722"}],"wp:attachment":[{"href":"https:\/\/teiaeducation.ch\/de\/wp-json\/wp\/v2\/media?parent=63752"}],"wp:term":[{"taxonomy":"product_brand","embeddable":true,"href":"https:\/\/teiaeducation.ch\/de\/wp-json\/wp\/v2\/product_brand?post=63752"},{"taxonomy":"product_cat","embeddable":true,"href":"https:\/\/teiaeducation.ch\/de\/wp-json\/wp\/v2\/product_cat?post=63752"},{"taxonomy":"product_tag","embeddable":true,"href":"https:\/\/teiaeducation.ch\/de\/wp-json\/wp\/v2\/product_tag?post=63752"}],"curies":[{"name":"wp","href":"https:\/\/api.w.org\/{rel}","templated":true}]}}