{"id":63861,"date":"2024-10-10T10:05:15","date_gmt":"2024-10-10T08:05:15","guid":{"rendered":"https:\/\/teiaeducation.ch\/product\/adventskalender-limitierte-auflage-2024-grapat\/"},"modified":"2025-09-24T10:01:48","modified_gmt":"2025-09-24T08:01:48","slug":"adventskalender-limitierte-auflage-2024-grapat","status":"publish","type":"product","link":"https:\/\/teiaeducation.ch\/de\/produkt\/adventskalender-limitierte-auflage-2024-grapat\/","title":{"rendered":"Adventskalender limitierte Auflage 2024 \u2013 Grapat"},"content":{"rendered":"<p>Vorfreude und Magie liegen in der Luft &#8211; bereite dich auf Weihnachten vor mit der <strong>Grapat 2024 limitierte Auflage Weihnachts<\/strong> <a href=\"https:\/\/teiaeducation.ch\/de\/produkt-kategorie\/feier-festlichkeiten\/rituale-adventszeit\/\">Adventskalender<\/a>! Dies ist die dritte Ausgabe der <strong>Grapat Adventskalender<\/strong>, bestehend aus 24 Kartonschachteln voller einzigartiger Objekte und kleiner Kreaturen, die darauf warten, entdeckt zu werden.<\/p>\n<p>Der diesj\u00e4hrige Adventskalender f\u00fchrt die Kinder durch die 4 Reiche: Mineralien, Pflanzen, Tiere und Menschen, w\u00e4hrend sie geduldig die Tage bis Weihnachten herunterz\u00e4hlen.<\/p>\n<p>Die Kartonschachteln enthalten mehr als 150 Elemente aus verschiedenen Materialien wie Holz, Stoff, Garn, Wolle und vielem mehr. Zum Adventskalender geh\u00f6rt auch ein B\u00fcchlein mit Einladungen zum <a href=\"https:\/\/teiaeducation.ch\/de\/produkt-kategorie\/kinder-spielzeug\/\">Spielen<\/a>, <a href=\"https:\/\/teiaeducation.ch\/de\/produkt-kategorie\/malen-basteln\/\">Basteln<\/a> und Zusammensein sowie ein origineller Kreis aus Pappe, in dem die \u00dcberraschungen nach dem t\u00e4glichen \u00d6ffnen der Kartonschachteln ausgestellt werden k\u00f6nnen.<\/p>\n<p>Der Gapat Adventskalender ist ohne Grenzen, wartet geduldig und bietet jeden Tag ein leeres Blatt, das mit Erlebnissen gef\u00fcllt werden kann. Kinder beobachten oder lassen los, ohne Eile und mit viel Zeit, um die \u00dcberraschungen in dieser wunderbaren Zeit des Jahres zu genie\u00dfen. Schaffe sch\u00f6ne Erinnerungen mit der Familie und verbinde dich mit denjenigen, die uns ein Zuhause sind.<\/p>\n<p>Voll von offenen Wundern, der Grapat Adventskalender regt die ganze Familie an, kreativ zu werden, sich inspirieren zu lassen und Gedanken und Kreationen zu teilen. Aber das Wichtigste ist, zur Ruhe zu kommen, im Moment zu leben und die Herzen mit lebenslangen Erinnerungen zu f\u00fcllen, die die Seele erw\u00e4rmen werden!<\/p>\n<h2>Was ist im Grapat Adventskalender enthalten?<\/h2>\n<p>Der <strong>Grapat Adventskalender 2024<\/strong> enth\u00e4lt \u00fcber 150 \u00dcberraschungen in limitierter Auflage, die in 24 liebevoll gestalteten und wiederverwendbaren kleinen Kartonschachteln enthalten sind. Das Set enth\u00e4lt auch ein B\u00fcchlein, das in unserem Shop auf Englisch und Deutsch erh\u00e4ltlich ist. Bitte w\u00e4hlen Sie die gew\u00fcnschte Sprache des B\u00fcchleins.<\/p>\n<p>In den Kartonschachteln befinden sich die folgenden \u00dcberraschungen in limitierter Auflage:<\/p>\n<p>#1 Feuer-Nin und Holzmineralien<br \/>\n#2 Brote und Focaccias<br \/>\n#3 T\u00f6pfe zum Dekorieren<br \/>\n#4 Kreisel<br \/>\n#5 Dekost\u00fccke zum Girlandenbasteln<br \/>\n#6 Papph\u00e4user<br \/>\n#7 Stoff und \u00c4pfel zum F\u00fcttern des Ti\u00f3 (magische Kreatur aus Katalonien)<br \/>\n#8 Feuer-Nin und Zauberstab Bastelset<br \/>\n#9 Blumen- und Pflanzenpresse<br \/>\n#10 Kostbare Nistpuppe<br \/>\n#11 Feen-Bastelset<br \/>\n#12 Eichel-Bastelset<br \/>\n#13 Einzigartige Nin<br \/>\n#14 Pinsel Bastelset<br \/>\n#15 Feuer-Nin und Holztiere<br \/>\n#16 Formen aus Pappe<br \/>\n#17 Gro\u00dfmutter und Enkelkind<br \/>\n#18 Geschenke und Baum<br \/>\n#19 Erinnerungsalbum basteln<br \/>\n#20 Obstpuppen basteln<br \/>\n#21 Kuschelige Kleidung f\u00fcr ein Baby<br \/>\n#22 Fire-nin und eine besondere Familie<br \/>\n#23 Elemente f\u00fcr den gedeckten Tisch<br \/>\n#24 \u00dcberraschung!<\/p>\n<p>Der Grapat Adventskalender ist f\u00fcr Kinder ab 36 Monaten geeignet.<\/p>\n<h2>\u00dcber Grapat<\/h2>\n<p>Die spanische Marke <a href=\"https:\/\/teiaeducation.ch\/de\/produkt-kategorie\/unsere-marken\/grapat-de\/\">Grapat<\/a>, inspiriert von der <a href=\"https:\/\/teiaeducation.ch\/produktkategorie\/erziehungsmethode\/waldorf-steiner-spielzeug-bastelmaterialen\/\">Waldorfp\u00e4dagogik<\/a>, ist bekannt f\u00fcr ihr wundersch\u00f6nes Holzspielzeug mit offenem Ende, das freies und selbst\u00e4ndiges Spielen f\u00f6rdert. Die Grapat Philosophie basiert auf der Bereitstellung von Spielzeugen, die die Kinder ermutigen zur <a href=\"https:\/\/teiaeducation.ch\/de\/produkt-kategorie\/malen-basteln\/\">Kreativit\u00e4t<\/a> anregen, damit sie ihre eigenen Spiele und <a href=\"https:\/\/teiaeducation.ch\/de\/produkt-kategorie\/kinder-spielzeug\/spiele-mit-offenem-ende\/\">Fantasiewelten<\/a> erfinden k\u00f6nnen.<\/p>\n<p>Alle <a href=\"https:\/\/teiaeducation.ch\/de\/produkt-kategorie\/kinder-spielzeug\/handgefertigtes-holzspielzeug\/\">Holzspielzeuge<\/a> von Grapat werden in verschiedenen Werkst\u00e4tten in Katalonien, Spanien, nach traditionellen Verfahren aus Holz aus nachhaltiger Forstwirtschaft handgefertigt und von Hand mit Farben auf Wasserbasis bemalt.<\/p>\n<p>Grapat Spielzeug ist f\u00fcr Kleinkinder sicher, da es ungiftig ist und die europ\u00e4ischen Sicherheitsvorschriften der Richtlinie EN \/ 71-3: 2014 + A1: 2014 \/ 2013 zur Sicherheit von Spielzeug erf\u00fcllt. Ein gro\u00dfer Teil der Grapat-Spielzeugkollektion tr\u00e4gt das renommierte Spielgut\u00ae-Siegel.<\/p>\n","protected":false},"excerpt":{"rendered":"<p>Artikelnummer: 24-243<\/p>\n<p>Der Grapat 2024 Weihnachts Adventskalender enth\u00e4lt mehr als 150 \u00dcberraschungen in limitierte Auflage und ein B\u00fcchlein mit Einladungen zum Spielen, Basteln und gemeinsamen Erleben!<\/p>\n","protected":false},"featured_media":63860,"comment_status":"open","ping_status":"closed","template":"","meta":[],"product_brand":[],"product_cat":[21445,21446,22033,21671,21448,21479,21465,21690,21484,21636,21637,23075,21706,21705,21447,21443,21689,21563,22351,22362,21678,21564,21483,22919,22363],"product_tag":[26178,26179,29825,23756,21908,29827,26176,26175,29826,29828,29831,29830,29829,23757,22143,21713,23755,23753,23460],"class_list":{"0":"post-63861","1":"product","2":"type-product","3":"status-publish","4":"has-post-thumbnail","6":"product_cat-3-6-jahre-vorschule","7":"product_cat-6-12-jahre-grundschule","8":"product_cat-adventskalender-geschenke-strumpffueller","9":"product_cat-angebot","10":"product_cat-bastelsets","11":"product_cat-lernmaterialien-spielzeug-montessori-waldorf-steiner-froebel","12":"product_cat-feier-festlichkeiten","13":"product_cat-spiele-mit-offenem-ende","14":"product_cat-geschenk-guides","15":"product_cat-grapat-de","16":"product_cat-grapat-komplett-sets","17":"product_cat-handgefertigtes-holzspielzeug","18":"product_cat-holz-mandalas","19":"product_cat-holzfiguren","20":"product_cat-malen-basteln","21":"product_cat-nach-alter","22":"product_cat-naturspiel","23":"product_cat-neuheiten","24":"product_cat-rituale-adventszeit","25":"product_cat-saisonale-kollektionen","26":"product_cat-kinder-spielzeug","27":"product_cat-unsere-marken","28":"product_cat-waldorf-steiner-paedagogik","29":"product_cat-waldorfspielzeug","30":"product_cat-winter-kollektion","31":"product_tag-adventskalender-fur-die-kleinen","32":"product_tag-adventskalender-fur-kinder","33":"product_tag-adventskalender-limitierte-auflage-2024-grapat","34":"product_tag-adventskalender-limitierte-auflage-grapat","35":"product_tag-grapat-de","36":"product_tag-grapat-2024-adventskalender","37":"product_tag-grapat-adventskalender","38":"product_tag-grapat-limitierte-auflage-de","39":"product_tag-grapat-weihnachten","40":"product_tag-grapat-weihnachten-2024","41":"product_tag-grapat-weihnachten-advent","42":"product_tag-grapat-weihnachten-kalendar","43":"product_tag-grapat-weihnachten-kollektion","44":"product_tag-grapat-weihnachten-limitierte-auflage","45":"product_tag-handgefertigtes-holzspielzeug-de","46":"product_tag-holzspielzeug-mit-offenem-ende","47":"product_tag-naturliches-spielzeug","48":"product_tag-okospielzeug","49":"product_tag-waldorfspielzeug-aus-holz-de","51":"first","52":"outofstock","53":"sale","54":"taxable","55":"shipping-taxable","56":"purchasable","57":"product-type-variable"},"yoast_head":"<!-- This site is optimized with the Yoast SEO Premium plugin v25.8 (Yoast SEO v27.4) - https:\/\/yoast.com\/product\/yoast-seo-premium-wordpress\/ -->\n<title>Adventskalender Grapat \u00dcberraschungen limitierte Auflage 2024<\/title>\n<meta name=\"description\" content=\"Der Grapat 2024 Weihnachts Adventskalender enth\u00e4lt mehr als 150 \u00dcberraschungen in limitierte Auflage und ein B\u00fcchlein mit Einladungen zum Spielen &amp; Basteln!\" \/>\n<meta name=\"robots\" content=\"index, follow, max-snippet:-1, max-image-preview:large, max-video-preview:-1\" \/>\n<link rel=\"canonical\" href=\"https:\/\/teiaeducation.ch\/de\/produkt\/adventskalender-limitierte-auflage-2024-grapat\/\" \/>\n<meta property=\"og:locale\" content=\"de_DE\" \/>\n<meta property=\"og:type\" content=\"article\" \/>\n<meta property=\"og:title\" content=\"Adventskalender limitierte Auflage 2024 \u2013 Grapat\" \/>\n<meta property=\"og:description\" content=\"Der Grapat 2024 Weihnachts Adventskalender enth\u00e4lt mehr als 150 \u00dcberraschungen in limitierte Auflage und ein B\u00fcchlein mit Einladungen zum Spielen &amp; Basteln!\" \/>\n<meta property=\"og:url\" content=\"https:\/\/teiaeducation.ch\/de\/produkt\/adventskalender-limitierte-auflage-2024-grapat\/\" \/>\n<meta property=\"og:site_name\" content=\"Sustainable Educational Products &amp; Ecological Toys\u00a0\" \/>\n<meta property=\"article:publisher\" content=\"https:\/\/www.facebook.com\/teiaeducation\/\" \/>\n<meta property=\"article:modified_time\" content=\"2025-09-24T08:01:48+00:00\" \/>\n<meta property=\"og:image\" content=\"https:\/\/teiaeducation.ch\/wp-content\/uploads\/2024\/10\/Grapat-2024-limited-edition-advent-calendar-Christmas-Happy-Xmas-4-1.jpg\" \/>\n\t<meta property=\"og:image:width\" content=\"1017\" \/>\n\t<meta property=\"og:image:height\" content=\"833\" \/>\n\t<meta property=\"og:image:type\" content=\"image\/jpeg\" \/>\n<script type=\"application\/ld+json\" class=\"yoast-schema-graph\">{\"@context\":\"https:\\\/\\\/schema.org\",\"@graph\":[{\"@type\":\"WebPage\",\"@id\":\"https:\\\/\\\/teiaeducation.ch\\\/de\\\/produkt\\\/adventskalender-limitierte-auflage-2024-grapat\\\/\",\"url\":\"https:\\\/\\\/teiaeducation.ch\\\/de\\\/produkt\\\/adventskalender-limitierte-auflage-2024-grapat\\\/\",\"name\":\"Adventskalender Grapat \u00dcberraschungen limitierte Auflage 2024\",\"isPartOf\":{\"@id\":\"https:\\\/\\\/teiaeducation.ch\\\/de\\\/#website\"},\"primaryImageOfPage\":{\"@id\":\"https:\\\/\\\/teiaeducation.ch\\\/de\\\/produkt\\\/adventskalender-limitierte-auflage-2024-grapat\\\/#primaryimage\"},\"image\":{\"@id\":\"https:\\\/\\\/teiaeducation.ch\\\/de\\\/produkt\\\/adventskalender-limitierte-auflage-2024-grapat\\\/#primaryimage\"},\"thumbnailUrl\":\"https:\\\/\\\/teiaeducation.ch\\\/wp-content\\\/uploads\\\/2024\\\/10\\\/Grapat-2024-limited-edition-advent-calendar-Christmas-Happy-Xmas-4-1.jpg\",\"datePublished\":\"2024-10-10T08:05:15+00:00\",\"dateModified\":\"2025-09-24T08:01:48+00:00\",\"description\":\"Der Grapat 2024 Weihnachts Adventskalender enth\u00e4lt mehr als 150 \u00dcberraschungen in limitierte Auflage und ein B\u00fcchlein mit Einladungen zum Spielen & Basteln!\",\"breadcrumb\":{\"@id\":\"https:\\\/\\\/teiaeducation.ch\\\/de\\\/produkt\\\/adventskalender-limitierte-auflage-2024-grapat\\\/#breadcrumb\"},\"inLanguage\":\"de-CH\",\"potentialAction\":[{\"@type\":\"ReadAction\",\"target\":[\"https:\\\/\\\/teiaeducation.ch\\\/de\\\/produkt\\\/adventskalender-limitierte-auflage-2024-grapat\\\/\"]}]},{\"@type\":\"ImageObject\",\"inLanguage\":\"de-CH\",\"@id\":\"https:\\\/\\\/teiaeducation.ch\\\/de\\\/produkt\\\/adventskalender-limitierte-auflage-2024-grapat\\\/#primaryimage\",\"url\":\"https:\\\/\\\/teiaeducation.ch\\\/wp-content\\\/uploads\\\/2024\\\/10\\\/Grapat-2024-limited-edition-advent-calendar-Christmas-Happy-Xmas-4-1.jpg\",\"contentUrl\":\"https:\\\/\\\/teiaeducation.ch\\\/wp-content\\\/uploads\\\/2024\\\/10\\\/Grapat-2024-limited-edition-advent-calendar-Christmas-Happy-Xmas-4-1.jpg\",\"width\":1017,\"height\":833,\"caption\":\"Grapat 2024 limited edition advent calendar Christmas Happy Xmas 4\"},{\"@type\":\"BreadcrumbList\",\"@id\":\"https:\\\/\\\/teiaeducation.ch\\\/de\\\/produkt\\\/adventskalender-limitierte-auflage-2024-grapat\\\/#breadcrumb\",\"itemListElement\":[{\"@type\":\"ListItem\",\"position\":1,\"name\":\"Home\",\"item\":\"https:\\\/\\\/teiaeducation.ch\\\/de\\\/\"},{\"@type\":\"ListItem\",\"position\":2,\"name\":\"Laden\",\"item\":\"https:\\\/\\\/teiaeducation.ch\\\/de\\\/shop\\\/\"},{\"@type\":\"ListItem\",\"position\":3,\"name\":\"Unsere Marken\",\"item\":\"https:\\\/\\\/teiaeducation.ch\\\/de\\\/produkt-kategorie\\\/unsere-marken\\\/\"},{\"@type\":\"ListItem\",\"position\":4,\"name\":\"Grapat\",\"item\":\"https:\\\/\\\/teiaeducation.ch\\\/de\\\/produkt-kategorie\\\/unsere-marken\\\/grapat-de\\\/\"},{\"@type\":\"ListItem\",\"position\":5,\"name\":\"Grapat Komplett-Sets\",\"item\":\"https:\\\/\\\/teiaeducation.ch\\\/de\\\/produkt-kategorie\\\/unsere-marken\\\/grapat-de\\\/grapat-komplett-sets\\\/\"},{\"@type\":\"ListItem\",\"position\":6,\"name\":\"Adventskalender limitierte Auflage 2024 \u2013 Grapat\"}]},{\"@type\":\"WebSite\",\"@id\":\"https:\\\/\\\/teiaeducation.ch\\\/de\\\/#website\",\"url\":\"https:\\\/\\\/teiaeducation.ch\\\/de\\\/\",\"name\":\"Sustainable Educational Products &amp; Ecological Toys\u00a0\",\"description\":\"Specialised Swiss shop selling sustainable educational toys and games, AMI certified Montessori materials, handmade ecological wooden Waldorf toys and arts &amp; crafts supplies, school supplies, children&#039;s furniture and Montessori reference and parenting books.\",\"publisher\":{\"@id\":\"https:\\\/\\\/teiaeducation.ch\\\/de\\\/#organization\"},\"alternateName\":\"Teia Education & Play\",\"potentialAction\":[{\"@type\":\"SearchAction\",\"target\":{\"@type\":\"EntryPoint\",\"urlTemplate\":\"https:\\\/\\\/teiaeducation.ch\\\/de\\\/?s={search_term_string}\"},\"query-input\":{\"@type\":\"PropertyValueSpecification\",\"valueRequired\":true,\"valueName\":\"search_term_string\"}}],\"inLanguage\":\"de-CH\"},{\"@type\":\"Organization\",\"@id\":\"https:\\\/\\\/teiaeducation.ch\\\/de\\\/#organization\",\"name\":\"Teia Education & Play\",\"url\":\"https:\\\/\\\/teiaeducation.ch\\\/de\\\/\",\"logo\":{\"@type\":\"ImageObject\",\"inLanguage\":\"de-CH\",\"@id\":\"https:\\\/\\\/teiaeducation.ch\\\/de\\\/#\\\/schema\\\/logo\\\/image\\\/\",\"url\":\"https:\\\/\\\/teiaeducation.ch\\\/wp-content\\\/uploads\\\/2020\\\/11\\\/Teia-Education-Switzerland-e1620156442216.jpg\",\"contentUrl\":\"https:\\\/\\\/teiaeducation.ch\\\/wp-content\\\/uploads\\\/2020\\\/11\\\/Teia-Education-Switzerland-e1620156442216.jpg\",\"width\":166,\"height\":145,\"caption\":\"Teia Education & Play\"},\"image\":{\"@id\":\"https:\\\/\\\/teiaeducation.ch\\\/de\\\/#\\\/schema\\\/logo\\\/image\\\/\"},\"sameAs\":[\"https:\\\/\\\/www.facebook.com\\\/teiaeducation\\\/\",\"https:\\\/\\\/x.com\\\/EducationTeia\",\"https:\\\/\\\/www.instagram.com\\\/teia.education\\\/\",\"https:\\\/\\\/www.linkedin.com\\\/company\\\/35501660\",\"https:\\\/\\\/www.pinterest.ch\\\/TeiaEducation\\\/\"]}]}<\/script>\n<meta property=\"og:availability\" content=\"out of stock\" \/>\n<meta property=\"product:availability\" content=\"out of stock\" \/>\n<meta property=\"product:condition\" content=\"new\" \/>\n<!-- \/ Yoast SEO Premium plugin. -->","yoast_head_json":{"title":"Adventskalender Grapat \u00dcberraschungen limitierte Auflage 2024","description":"Der Grapat 2024 Weihnachts Adventskalender enth\u00e4lt mehr als 150 \u00dcberraschungen in limitierte Auflage und ein B\u00fcchlein mit Einladungen zum Spielen & Basteln!","robots":{"index":"index","follow":"follow","max-snippet":"max-snippet:-1","max-image-preview":"max-image-preview:large","max-video-preview":"max-video-preview:-1"},"canonical":"https:\/\/teiaeducation.ch\/de\/produkt\/adventskalender-limitierte-auflage-2024-grapat\/","og_locale":"de_DE","og_type":"article","og_title":"Adventskalender limitierte Auflage 2024 \u2013 Grapat","og_description":"Der Grapat 2024 Weihnachts Adventskalender enth\u00e4lt mehr als 150 \u00dcberraschungen in limitierte Auflage und ein B\u00fcchlein mit Einladungen zum Spielen & Basteln!","og_url":"https:\/\/teiaeducation.ch\/de\/produkt\/adventskalender-limitierte-auflage-2024-grapat\/","og_site_name":"Sustainable Educational Products &amp; Ecological Toys\u00a0","article_publisher":"https:\/\/www.facebook.com\/teiaeducation\/","article_modified_time":"2025-09-24T08:01:48+00:00","og_image":[{"width":1017,"height":833,"url":"https:\/\/teiaeducation.ch\/wp-content\/uploads\/2024\/10\/Grapat-2024-limited-edition-advent-calendar-Christmas-Happy-Xmas-4-1.jpg","type":"image\/jpeg"}],"schema":{"@context":"https:\/\/schema.org","@graph":[{"@type":"WebPage","@id":"https:\/\/teiaeducation.ch\/de\/produkt\/adventskalender-limitierte-auflage-2024-grapat\/","url":"https:\/\/teiaeducation.ch\/de\/produkt\/adventskalender-limitierte-auflage-2024-grapat\/","name":"Adventskalender Grapat \u00dcberraschungen limitierte Auflage 2024","isPartOf":{"@id":"https:\/\/teiaeducation.ch\/de\/#website"},"primaryImageOfPage":{"@id":"https:\/\/teiaeducation.ch\/de\/produkt\/adventskalender-limitierte-auflage-2024-grapat\/#primaryimage"},"image":{"@id":"https:\/\/teiaeducation.ch\/de\/produkt\/adventskalender-limitierte-auflage-2024-grapat\/#primaryimage"},"thumbnailUrl":"https:\/\/teiaeducation.ch\/wp-content\/uploads\/2024\/10\/Grapat-2024-limited-edition-advent-calendar-Christmas-Happy-Xmas-4-1.jpg","datePublished":"2024-10-10T08:05:15+00:00","dateModified":"2025-09-24T08:01:48+00:00","description":"Der Grapat 2024 Weihnachts Adventskalender enth\u00e4lt mehr als 150 \u00dcberraschungen in limitierte Auflage und ein B\u00fcchlein mit Einladungen zum Spielen & Basteln!","breadcrumb":{"@id":"https:\/\/teiaeducation.ch\/de\/produkt\/adventskalender-limitierte-auflage-2024-grapat\/#breadcrumb"},"inLanguage":"de-CH","potentialAction":[{"@type":"ReadAction","target":["https:\/\/teiaeducation.ch\/de\/produkt\/adventskalender-limitierte-auflage-2024-grapat\/"]}]},{"@type":"ImageObject","inLanguage":"de-CH","@id":"https:\/\/teiaeducation.ch\/de\/produkt\/adventskalender-limitierte-auflage-2024-grapat\/#primaryimage","url":"https:\/\/teiaeducation.ch\/wp-content\/uploads\/2024\/10\/Grapat-2024-limited-edition-advent-calendar-Christmas-Happy-Xmas-4-1.jpg","contentUrl":"https:\/\/teiaeducation.ch\/wp-content\/uploads\/2024\/10\/Grapat-2024-limited-edition-advent-calendar-Christmas-Happy-Xmas-4-1.jpg","width":1017,"height":833,"caption":"Grapat 2024 limited edition advent calendar Christmas Happy Xmas 4"},{"@type":"BreadcrumbList","@id":"https:\/\/teiaeducation.ch\/de\/produkt\/adventskalender-limitierte-auflage-2024-grapat\/#breadcrumb","itemListElement":[{"@type":"ListItem","position":1,"name":"Home","item":"https:\/\/teiaeducation.ch\/de\/"},{"@type":"ListItem","position":2,"name":"Laden","item":"https:\/\/teiaeducation.ch\/de\/shop\/"},{"@type":"ListItem","position":3,"name":"Unsere Marken","item":"https:\/\/teiaeducation.ch\/de\/produkt-kategorie\/unsere-marken\/"},{"@type":"ListItem","position":4,"name":"Grapat","item":"https:\/\/teiaeducation.ch\/de\/produkt-kategorie\/unsere-marken\/grapat-de\/"},{"@type":"ListItem","position":5,"name":"Grapat Komplett-Sets","item":"https:\/\/teiaeducation.ch\/de\/produkt-kategorie\/unsere-marken\/grapat-de\/grapat-komplett-sets\/"},{"@type":"ListItem","position":6,"name":"Adventskalender limitierte Auflage 2024 \u2013 Grapat"}]},{"@type":"WebSite","@id":"https:\/\/teiaeducation.ch\/de\/#website","url":"https:\/\/teiaeducation.ch\/de\/","name":"Sustainable Educational Products &amp; Ecological Toys\u00a0","description":"Specialised Swiss shop selling sustainable educational toys and games, AMI certified Montessori materials, handmade ecological wooden Waldorf toys and arts &amp; crafts supplies, school supplies, children&#039;s furniture and Montessori reference and parenting books.","publisher":{"@id":"https:\/\/teiaeducation.ch\/de\/#organization"},"alternateName":"Teia Education & Play","potentialAction":[{"@type":"SearchAction","target":{"@type":"EntryPoint","urlTemplate":"https:\/\/teiaeducation.ch\/de\/?s={search_term_string}"},"query-input":{"@type":"PropertyValueSpecification","valueRequired":true,"valueName":"search_term_string"}}],"inLanguage":"de-CH"},{"@type":"Organization","@id":"https:\/\/teiaeducation.ch\/de\/#organization","name":"Teia Education & Play","url":"https:\/\/teiaeducation.ch\/de\/","logo":{"@type":"ImageObject","inLanguage":"de-CH","@id":"https:\/\/teiaeducation.ch\/de\/#\/schema\/logo\/image\/","url":"https:\/\/teiaeducation.ch\/wp-content\/uploads\/2020\/11\/Teia-Education-Switzerland-e1620156442216.jpg","contentUrl":"https:\/\/teiaeducation.ch\/wp-content\/uploads\/2020\/11\/Teia-Education-Switzerland-e1620156442216.jpg","width":166,"height":145,"caption":"Teia Education & Play"},"image":{"@id":"https:\/\/teiaeducation.ch\/de\/#\/schema\/logo\/image\/"},"sameAs":["https:\/\/www.facebook.com\/teiaeducation\/","https:\/\/x.com\/EducationTeia","https:\/\/www.instagram.com\/teia.education\/","https:\/\/www.linkedin.com\/company\/35501660","https:\/\/www.pinterest.ch\/TeiaEducation\/"]}]},"og_availability":"out of stock","product_availability":"out of stock","product_condition":"new"},"_links":{"self":[{"href":"https:\/\/teiaeducation.ch\/de\/wp-json\/wp\/v2\/product\/63861","targetHints":{"allow":["GET"]}}],"collection":[{"href":"https:\/\/teiaeducation.ch\/de\/wp-json\/wp\/v2\/product"}],"about":[{"href":"https:\/\/teiaeducation.ch\/de\/wp-json\/wp\/v2\/types\/product"}],"replies":[{"embeddable":true,"href":"https:\/\/teiaeducation.ch\/de\/wp-json\/wp\/v2\/comments?post=63861"}],"wp:featuredmedia":[{"embeddable":true,"href":"https:\/\/teiaeducation.ch\/de\/wp-json\/wp\/v2\/media\/63860"}],"wp:attachment":[{"href":"https:\/\/teiaeducation.ch\/de\/wp-json\/wp\/v2\/media?parent=63861"}],"wp:term":[{"taxonomy":"product_brand","embeddable":true,"href":"https:\/\/teiaeducation.ch\/de\/wp-json\/wp\/v2\/product_brand?post=63861"},{"taxonomy":"product_cat","embeddable":true,"href":"https:\/\/teiaeducation.ch\/de\/wp-json\/wp\/v2\/product_cat?post=63861"},{"taxonomy":"product_tag","embeddable":true,"href":"https:\/\/teiaeducation.ch\/de\/wp-json\/wp\/v2\/product_tag?post=63861"}],"curies":[{"name":"wp","href":"https:\/\/api.w.org\/{rel}","templated":true}]}}