{"id":64088,"date":"2024-07-25T14:24:53","date_gmt":"2024-07-25T12:24:53","guid":{"rendered":"https:\/\/teiaeducation.ch\/product\/2-seitiges-mathe-puzzle-spiel-mit-oberflaeche-rolf\/"},"modified":"2025-05-20T15:39:04","modified_gmt":"2025-05-20T13:39:04","slug":"2-seitiges-mathe-puzzle-spiel-mit-oberflaeche-rolf","status":"publish","type":"product","link":"https:\/\/teiaeducation.ch\/de\/produkt\/2-seitiges-mathe-puzzle-spiel-mit-oberflaeche-rolf\/","title":{"rendered":"2-seitiges Mathe Puzzle Spiel mit Oberfl\u00e4che &#8211; Rolf"},"content":{"rendered":"<p>Rolfs 2-seitiges Mathe Puzzle Spiel mit Oberfl\u00e4che ist ein farbenfrohes, lehrreiches 2-seitiges <a href=\"https:\/\/teiaeducation.ch\/de\/produkt-kategorie\/kinder-spielzeug\/holzpuzzles\/\">Holzpuzzle<\/a>. Es ist Teil des Rolf more Puzzle Sortiments und wurde sorgf\u00e4ltig entwickelt, um die Entwicklungs- und Lernbed\u00fcrfnisse von Kindern auf spielerische Art und Weise zu erf\u00fcllen.<\/p>\n<p>Mit diesem sch\u00f6nen und qualitativ hochwertigen Holzpuzzle lernen Kinder auf eine einzigartige und neue Weise zu rechnen und zu <a href=\"https:\/\/teiaeducation.ch\/de\/produkt-kategorie\/lernthemen\/mathematik-rechnen\/messung\/\">messen<\/a>! Bei diesem Puzzle dreht sich alles um die Oberfl\u00e4che, mit einem Bild, das verschiedene Objekte und Situationen auf unterschiedlichen Oberfl\u00e4chen zeigt.<\/p>\n<p>Das Ziel der Arbeit mit diesem Puzzle ist es, alle verschiedenen Oberfl\u00e4chen zu finden um herauszufinden, welche die gr\u00f6\u00dfte und welche die kleinste ist. Mit der zweiten, der R\u00fcckseite des Puzzles, k\u00f6nnen die Oberfl\u00e4chen noch weiter ge\u00fcbt werden. Diese quadratischen Puzzleteile haben alle unterschiedliche Farben und erm\u00f6glichen es, noch mehr Fl\u00e4chen zu bilden.<\/p>\n<p>Die Kinder entwickeln beim Spielen auch ihre kognitiven F\u00e4higkeiten, ihr kritisches Denken, ihre Probleml\u00f6sungsf\u00e4higkeiten und ihre <a href=\"https:\/\/teiaeducation.ch\/de\/produkt-kategorie\/lernthemen\/sensorische-motorische-fertigkeiten\/motorische-fertigkeiten\/\">Feinmotorik<\/a>!<\/p>\n<p>Erh\u00f6hte Kanten helfen Kindern, die Puzzleteile leicht zu greifen und anzuheben. Dieses sch\u00f6ne und zufriedenstellende Holzpuzzle mit den Ma\u00dfen 33 x 33 cm versch\u00f6nert jedes Spielzimmer oder jeden Lernraum.<\/p>\n<p>Das Rolf 2-seitiges Mathe Puzzle Spiel mit Oberfl\u00e4che ist f\u00fcr Kinder ab 4 Jahren geeignet.<\/p>\n<p>Inhalt:<\/p>\n<p>1 2-seitiges Puzzle<\/p>\n<h2>\u00dcber Rolf<\/h2>\n<p>Die Niederl\u00e4ndische Marke <a href=\"https:\/\/teiaeducation.ch\/de\/produkt-kategorie\/unsere-marken\/rolf-de\/\">Rolf<\/a> arbeitet eng mit Lehrern und Bildungsexperten zusammen, um Produkte zu entwickeln, die die Entwicklung der Kinder f\u00f6rdern, ihr Wissen und ihre F\u00e4higkeiten verbessern und die Ziele der Lehrer unterst\u00fctzen.<\/p>\n<p>Jedes p\u00e4dagogische Rolf Produkt bietet ein komplettes Sortiment an Entwicklungsbausteinen f\u00fcr das kindliche Gehirn und f\u00f6rdert <a href=\"https:\/\/teiaeducation.ch\/de\/produkt-kategorie\/kinder-spielzeug\/\">spielerisch<\/a> verschiedene F\u00e4higkeiten wie <a href=\"https:\/\/teiaeducation.ch\/de\/produkt-kategorie\/lernthemen\/mathematik-rechnen\/\">Mathematik<\/a>, <a href=\"https:\/\/teiaeducation.ch\/de\/produkt-kategorie\/lernthemen\/alphabetisierung-sprache\/\">Sprache<\/a>, <a href=\"https:\/\/teiaeducation.ch\/de\/produkt-kategorie\/malen-basteln\/\">Kreativit\u00e4t<\/a>, Motorik und sogar Selbstvertrauen.<\/p>\n<p>Rolfs originelle und unverwechselbare <a href=\"https:\/\/teiaeducation.ch\/de\/produkt-kategorie\/lernthemen\/\">Unterrichtsmaterialien<\/a> sind an ihren robusten Materialien, lebhaften Farben und ansprechenden Illustrationen zu erkennen. Kinder werden die wunderbaren Lern- und Spielprodukte lieben, von den lustigen und herausfordernden Puzzles, die das Lernen zum Leben erwecken, bis hin zu den robusten und farbenfrohen <a href=\"https:\/\/teiaeducation.ch\/de\/produkt-kategorie\/kinder-spielzeug\/spielzeug-fuer-draussen\/\">Outdoor<\/a>&#8211; und <a href=\"https:\/\/teiaeducation.ch\/de\/produkt-kategorie\/kinder-spielzeug\/sandspielzeug\/\">Sandspielzeugen<\/a>, die perfekt f\u00fcr den Strand oder den Sandkasten sind.<\/p>\n<p>Jedes Rolf Produkt wird in den Niederlanden entworfen und nachhaltig hergestellt. Das garantiert hochwertige Produkte, die sicher und langlebig sind und stundenlanges Spielen und Lernen erm\u00f6glichen. Alle Rolf-Produkte sind nach den Europ\u00e4ischen Sicherheitsvorschriften getestet und wurden von den Kindern selbst ausgiebig gepr\u00fcft und f\u00fcr gut befunden, da sie viel Spa\u00df beim Spielen machen und echte Lernm\u00f6glichkeiten bieten.<\/p>\n","protected":false},"excerpt":{"rendered":"<p>Artikelnummer: <span data-sheets-root=\"1\">230.3709<\/span><\/p>\n<p>Rolfs Mathe Puzzle Spiel mit Oberfl\u00e4che ist ein lehrreiches Holzpuzzle, mit dem Kinder das Rechnen und Messen lernen! Hergestellt in den Niederlanden.<\/p>\n","protected":false},"featured_media":61370,"comment_status":"open","ping_status":"closed","template":"","meta":[],"product_brand":[],"product_cat":[21445,21446,21479,21688,21551,21707,21509,21537,21545,21481,22182,21443,21563,21660,21678,21482,21564,21540],"product_tag":[],"class_list":{"0":"post-64088","1":"product","2":"type-product","3":"status-publish","4":"has-post-thumbnail","6":"product_cat-3-6-jahre-vorschule","7":"product_cat-6-12-jahre-grundschule","8":"product_cat-lernmaterialien-spielzeug-montessori-waldorf-steiner-froebel","9":"product_cat-bunte-puzzlespiele","10":"product_cat-groesse","11":"product_cat-holzpuzzles","12":"product_cat-lernthemen","13":"product_cat-mathematik-rechnen","14":"product_cat-messung","15":"product_cat-montessori-paedagogik-material-spielzeug","16":"product_cat-montessori-spielzeug","17":"product_cat-nach-alter","18":"product_cat-neuheiten","19":"product_cat-rolf-de","20":"product_cat-kinder-spielzeug","21":"product_cat-traditionelle-bildung","22":"product_cat-unsere-marken","23":"product_cat-zaehlen","25":"first","26":"instock","27":"taxable","28":"shipping-taxable","29":"purchasable","30":"product-type-simple"},"yoast_head":"<!-- This site is optimized with the Yoast SEO plugin v27.1.1 - https:\/\/yoast.com\/product\/yoast-seo-wordpress\/ -->\n<title>2-seitiges Mathe Puzzle Spiel mit Oberfl\u00e4che - Rolf<\/title>\n<meta name=\"description\" content=\"Rolfs Mathe Puzzle Spiel mit Oberfl\u00e4che ist ein lehrreiches Holzpuzzle, mit dem Kinder das Rechnen und Messen lernen. Hergestellt in den Niederlanden.\" \/>\n<meta name=\"robots\" content=\"index, follow, max-snippet:-1, max-image-preview:large, max-video-preview:-1\" \/>\n<link rel=\"canonical\" href=\"https:\/\/teiaeducation.ch\/de\/produkt\/2-seitiges-mathe-puzzle-spiel-mit-oberflaeche-rolf\/\" \/>\n<meta property=\"og:locale\" content=\"de_DE\" \/>\n<meta property=\"og:type\" content=\"article\" \/>\n<meta property=\"og:title\" content=\"2-seitiges Mathe Puzzle Spiel mit Oberfl\u00e4che - Rolf\" \/>\n<meta property=\"og:description\" content=\"Rolfs Mathe Puzzle Spiel mit Oberfl\u00e4che ist ein lehrreiches Holzpuzzle, mit dem Kinder das Rechnen und Messen lernen. Hergestellt in den Niederlanden.\" \/>\n<meta property=\"og:url\" content=\"https:\/\/teiaeducation.ch\/de\/produkt\/2-seitiges-mathe-puzzle-spiel-mit-oberflaeche-rolf\/\" \/>\n<meta property=\"og:site_name\" content=\"Sustainable Educational Products &amp; Ecological Toys\u00a0\" \/>\n<meta property=\"article:publisher\" content=\"https:\/\/www.facebook.com\/teiaeducation\/\" \/>\n<meta property=\"article:modified_time\" content=\"2025-05-20T13:39:04+00:00\" \/>\n<meta property=\"og:image\" content=\"https:\/\/teiaeducation.ch\/wp-content\/uploads\/2024\/07\/Wooden-educational-math-puzzle-playing-with-surface-777x800.png\" \/>\n\t<meta property=\"og:image:width\" content=\"777\" \/>\n\t<meta property=\"og:image:height\" content=\"800\" \/>\n\t<meta property=\"og:image:type\" content=\"image\/png\" \/>\n<script type=\"application\/ld+json\" class=\"yoast-schema-graph\">{\"@context\":\"https:\/\/schema.org\",\"@graph\":[{\"@type\":\"WebPage\",\"@id\":\"https:\/\/teiaeducation.ch\/de\/produkt\/2-seitiges-mathe-puzzle-spiel-mit-oberflaeche-rolf\/\",\"url\":\"https:\/\/teiaeducation.ch\/de\/produkt\/2-seitiges-mathe-puzzle-spiel-mit-oberflaeche-rolf\/\",\"name\":\"2-seitiges Mathe Puzzle Spiel mit Oberfl\u00e4che - Rolf\",\"isPartOf\":{\"@id\":\"https:\/\/teiaeducation.ch\/de\/#website\"},\"primaryImageOfPage\":{\"@id\":\"https:\/\/teiaeducation.ch\/de\/produkt\/2-seitiges-mathe-puzzle-spiel-mit-oberflaeche-rolf\/#primaryimage\"},\"image\":{\"@id\":\"https:\/\/teiaeducation.ch\/de\/produkt\/2-seitiges-mathe-puzzle-spiel-mit-oberflaeche-rolf\/#primaryimage\"},\"thumbnailUrl\":\"https:\/\/teiaeducation.ch\/wp-content\/uploads\/2024\/07\/Wooden-educational-math-puzzle-playing-with-surface.png\",\"datePublished\":\"2024-07-25T12:24:53+00:00\",\"dateModified\":\"2025-05-20T13:39:04+00:00\",\"description\":\"Rolfs Mathe Puzzle Spiel mit Oberfl\u00e4che ist ein lehrreiches Holzpuzzle, mit dem Kinder das Rechnen und Messen lernen. Hergestellt in den Niederlanden.\",\"breadcrumb\":{\"@id\":\"https:\/\/teiaeducation.ch\/de\/produkt\/2-seitiges-mathe-puzzle-spiel-mit-oberflaeche-rolf\/#breadcrumb\"},\"inLanguage\":\"de-CH\",\"potentialAction\":[{\"@type\":\"ReadAction\",\"target\":[\"https:\/\/teiaeducation.ch\/de\/produkt\/2-seitiges-mathe-puzzle-spiel-mit-oberflaeche-rolf\/\"]}]},{\"@type\":\"ImageObject\",\"inLanguage\":\"de-CH\",\"@id\":\"https:\/\/teiaeducation.ch\/de\/produkt\/2-seitiges-mathe-puzzle-spiel-mit-oberflaeche-rolf\/#primaryimage\",\"url\":\"https:\/\/teiaeducation.ch\/wp-content\/uploads\/2024\/07\/Wooden-educational-math-puzzle-playing-with-surface.png\",\"contentUrl\":\"https:\/\/teiaeducation.ch\/wp-content\/uploads\/2024\/07\/Wooden-educational-math-puzzle-playing-with-surface.png\",\"width\":1917,\"height\":1973,\"caption\":\"H\u00f6lzernes mathematisches Lernpuzzle mit Oberfl\u00e4che\"},{\"@type\":\"BreadcrumbList\",\"@id\":\"https:\/\/teiaeducation.ch\/de\/produkt\/2-seitiges-mathe-puzzle-spiel-mit-oberflaeche-rolf\/#breadcrumb\",\"itemListElement\":[{\"@type\":\"ListItem\",\"position\":1,\"name\":\"Home\",\"item\":\"https:\/\/teiaeducation.ch\/de\/\"},{\"@type\":\"ListItem\",\"position\":2,\"name\":\"Laden\",\"item\":\"https:\/\/teiaeducation.ch\/de\/shop\/\"},{\"@type\":\"ListItem\",\"position\":3,\"name\":\"Unsere Marken\",\"item\":\"https:\/\/teiaeducation.ch\/de\/produkt-kategorie\/unsere-marken\/\"},{\"@type\":\"ListItem\",\"position\":4,\"name\":\"Rolf\",\"item\":\"https:\/\/teiaeducation.ch\/de\/produkt-kategorie\/unsere-marken\/rolf-de\/\"},{\"@type\":\"ListItem\",\"position\":5,\"name\":\"2-seitiges Mathe Puzzle Spiel mit Oberfl\u00e4che &#8211; Rolf\"}]},{\"@type\":\"WebSite\",\"@id\":\"https:\/\/teiaeducation.ch\/de\/#website\",\"url\":\"https:\/\/teiaeducation.ch\/de\/\",\"name\":\"Sustainable Educational Products &amp; Ecological Toys\u00a0\",\"description\":\"Specialised Swiss shop selling sustainable educational toys and games, AMI certified Montessori materials, handmade ecological wooden Waldorf toys and arts &amp; crafts supplies, school supplies, children&#039;s furniture and Montessori reference and parenting books.\",\"publisher\":{\"@id\":\"https:\/\/teiaeducation.ch\/de\/#organization\"},\"alternateName\":\"Teia Education & Play\",\"potentialAction\":[{\"@type\":\"SearchAction\",\"target\":{\"@type\":\"EntryPoint\",\"urlTemplate\":\"https:\/\/teiaeducation.ch\/de\/?s={search_term_string}\"},\"query-input\":{\"@type\":\"PropertyValueSpecification\",\"valueRequired\":true,\"valueName\":\"search_term_string\"}}],\"inLanguage\":\"de-CH\"},{\"@type\":\"Organization\",\"@id\":\"https:\/\/teiaeducation.ch\/de\/#organization\",\"name\":\"Teia Education & Play\",\"url\":\"https:\/\/teiaeducation.ch\/de\/\",\"logo\":{\"@type\":\"ImageObject\",\"inLanguage\":\"de-CH\",\"@id\":\"https:\/\/teiaeducation.ch\/de\/#\/schema\/logo\/image\/\",\"url\":\"https:\/\/teiaeducation.ch\/wp-content\/uploads\/2020\/11\/Teia-Education-Switzerland-e1620156442216.jpg\",\"contentUrl\":\"https:\/\/teiaeducation.ch\/wp-content\/uploads\/2020\/11\/Teia-Education-Switzerland-e1620156442216.jpg\",\"width\":166,\"height\":145,\"caption\":\"Teia Education & Play\"},\"image\":{\"@id\":\"https:\/\/teiaeducation.ch\/de\/#\/schema\/logo\/image\/\"},\"sameAs\":[\"https:\/\/www.facebook.com\/teiaeducation\/\",\"https:\/\/x.com\/EducationTeia\",\"https:\/\/www.instagram.com\/teia.education\/\",\"https:\/\/www.linkedin.com\/company\/35501660\",\"https:\/\/www.pinterest.ch\/TeiaEducation\/\"]}]}<\/script>\n<!-- \/ Yoast SEO plugin. -->","yoast_head_json":{"title":"2-seitiges Mathe Puzzle Spiel mit Oberfl\u00e4che - Rolf","description":"Rolfs Mathe Puzzle Spiel mit Oberfl\u00e4che ist ein lehrreiches Holzpuzzle, mit dem Kinder das Rechnen und Messen lernen. Hergestellt in den Niederlanden.","robots":{"index":"index","follow":"follow","max-snippet":"max-snippet:-1","max-image-preview":"max-image-preview:large","max-video-preview":"max-video-preview:-1"},"canonical":"https:\/\/teiaeducation.ch\/de\/produkt\/2-seitiges-mathe-puzzle-spiel-mit-oberflaeche-rolf\/","og_locale":"de_DE","og_type":"article","og_title":"2-seitiges Mathe Puzzle Spiel mit Oberfl\u00e4che - Rolf","og_description":"Rolfs Mathe Puzzle Spiel mit Oberfl\u00e4che ist ein lehrreiches Holzpuzzle, mit dem Kinder das Rechnen und Messen lernen. Hergestellt in den Niederlanden.","og_url":"https:\/\/teiaeducation.ch\/de\/produkt\/2-seitiges-mathe-puzzle-spiel-mit-oberflaeche-rolf\/","og_site_name":"Sustainable Educational Products &amp; Ecological Toys\u00a0","article_publisher":"https:\/\/www.facebook.com\/teiaeducation\/","article_modified_time":"2025-05-20T13:39:04+00:00","og_image":[{"width":777,"height":800,"url":"https:\/\/teiaeducation.ch\/wp-content\/uploads\/2024\/07\/Wooden-educational-math-puzzle-playing-with-surface-777x800.png","type":"image\/png"}],"schema":{"@context":"https:\/\/schema.org","@graph":[{"@type":"WebPage","@id":"https:\/\/teiaeducation.ch\/de\/produkt\/2-seitiges-mathe-puzzle-spiel-mit-oberflaeche-rolf\/","url":"https:\/\/teiaeducation.ch\/de\/produkt\/2-seitiges-mathe-puzzle-spiel-mit-oberflaeche-rolf\/","name":"2-seitiges Mathe Puzzle Spiel mit Oberfl\u00e4che - Rolf","isPartOf":{"@id":"https:\/\/teiaeducation.ch\/de\/#website"},"primaryImageOfPage":{"@id":"https:\/\/teiaeducation.ch\/de\/produkt\/2-seitiges-mathe-puzzle-spiel-mit-oberflaeche-rolf\/#primaryimage"},"image":{"@id":"https:\/\/teiaeducation.ch\/de\/produkt\/2-seitiges-mathe-puzzle-spiel-mit-oberflaeche-rolf\/#primaryimage"},"thumbnailUrl":"https:\/\/teiaeducation.ch\/wp-content\/uploads\/2024\/07\/Wooden-educational-math-puzzle-playing-with-surface.png","datePublished":"2024-07-25T12:24:53+00:00","dateModified":"2025-05-20T13:39:04+00:00","description":"Rolfs Mathe Puzzle Spiel mit Oberfl\u00e4che ist ein lehrreiches Holzpuzzle, mit dem Kinder das Rechnen und Messen lernen. Hergestellt in den Niederlanden.","breadcrumb":{"@id":"https:\/\/teiaeducation.ch\/de\/produkt\/2-seitiges-mathe-puzzle-spiel-mit-oberflaeche-rolf\/#breadcrumb"},"inLanguage":"de-CH","potentialAction":[{"@type":"ReadAction","target":["https:\/\/teiaeducation.ch\/de\/produkt\/2-seitiges-mathe-puzzle-spiel-mit-oberflaeche-rolf\/"]}]},{"@type":"ImageObject","inLanguage":"de-CH","@id":"https:\/\/teiaeducation.ch\/de\/produkt\/2-seitiges-mathe-puzzle-spiel-mit-oberflaeche-rolf\/#primaryimage","url":"https:\/\/teiaeducation.ch\/wp-content\/uploads\/2024\/07\/Wooden-educational-math-puzzle-playing-with-surface.png","contentUrl":"https:\/\/teiaeducation.ch\/wp-content\/uploads\/2024\/07\/Wooden-educational-math-puzzle-playing-with-surface.png","width":1917,"height":1973,"caption":"H\u00f6lzernes mathematisches Lernpuzzle mit Oberfl\u00e4che"},{"@type":"BreadcrumbList","@id":"https:\/\/teiaeducation.ch\/de\/produkt\/2-seitiges-mathe-puzzle-spiel-mit-oberflaeche-rolf\/#breadcrumb","itemListElement":[{"@type":"ListItem","position":1,"name":"Home","item":"https:\/\/teiaeducation.ch\/de\/"},{"@type":"ListItem","position":2,"name":"Laden","item":"https:\/\/teiaeducation.ch\/de\/shop\/"},{"@type":"ListItem","position":3,"name":"Unsere Marken","item":"https:\/\/teiaeducation.ch\/de\/produkt-kategorie\/unsere-marken\/"},{"@type":"ListItem","position":4,"name":"Rolf","item":"https:\/\/teiaeducation.ch\/de\/produkt-kategorie\/unsere-marken\/rolf-de\/"},{"@type":"ListItem","position":5,"name":"2-seitiges Mathe Puzzle Spiel mit Oberfl\u00e4che &#8211; Rolf"}]},{"@type":"WebSite","@id":"https:\/\/teiaeducation.ch\/de\/#website","url":"https:\/\/teiaeducation.ch\/de\/","name":"Sustainable Educational Products &amp; Ecological Toys\u00a0","description":"Specialised Swiss shop selling sustainable educational toys and games, AMI certified Montessori materials, handmade ecological wooden Waldorf toys and arts &amp; crafts supplies, school supplies, children&#039;s furniture and Montessori reference and parenting books.","publisher":{"@id":"https:\/\/teiaeducation.ch\/de\/#organization"},"alternateName":"Teia Education & Play","potentialAction":[{"@type":"SearchAction","target":{"@type":"EntryPoint","urlTemplate":"https:\/\/teiaeducation.ch\/de\/?s={search_term_string}"},"query-input":{"@type":"PropertyValueSpecification","valueRequired":true,"valueName":"search_term_string"}}],"inLanguage":"de-CH"},{"@type":"Organization","@id":"https:\/\/teiaeducation.ch\/de\/#organization","name":"Teia Education & Play","url":"https:\/\/teiaeducation.ch\/de\/","logo":{"@type":"ImageObject","inLanguage":"de-CH","@id":"https:\/\/teiaeducation.ch\/de\/#\/schema\/logo\/image\/","url":"https:\/\/teiaeducation.ch\/wp-content\/uploads\/2020\/11\/Teia-Education-Switzerland-e1620156442216.jpg","contentUrl":"https:\/\/teiaeducation.ch\/wp-content\/uploads\/2020\/11\/Teia-Education-Switzerland-e1620156442216.jpg","width":166,"height":145,"caption":"Teia Education & Play"},"image":{"@id":"https:\/\/teiaeducation.ch\/de\/#\/schema\/logo\/image\/"},"sameAs":["https:\/\/www.facebook.com\/teiaeducation\/","https:\/\/x.com\/EducationTeia","https:\/\/www.instagram.com\/teia.education\/","https:\/\/www.linkedin.com\/company\/35501660","https:\/\/www.pinterest.ch\/TeiaEducation\/"]}]}},"_links":{"self":[{"href":"https:\/\/teiaeducation.ch\/de\/wp-json\/wp\/v2\/product\/64088","targetHints":{"allow":["GET"]}}],"collection":[{"href":"https:\/\/teiaeducation.ch\/de\/wp-json\/wp\/v2\/product"}],"about":[{"href":"https:\/\/teiaeducation.ch\/de\/wp-json\/wp\/v2\/types\/product"}],"replies":[{"embeddable":true,"href":"https:\/\/teiaeducation.ch\/de\/wp-json\/wp\/v2\/comments?post=64088"}],"wp:featuredmedia":[{"embeddable":true,"href":"https:\/\/teiaeducation.ch\/de\/wp-json\/wp\/v2\/media\/61370"}],"wp:attachment":[{"href":"https:\/\/teiaeducation.ch\/de\/wp-json\/wp\/v2\/media?parent=64088"}],"wp:term":[{"taxonomy":"product_brand","embeddable":true,"href":"https:\/\/teiaeducation.ch\/de\/wp-json\/wp\/v2\/product_brand?post=64088"},{"taxonomy":"product_cat","embeddable":true,"href":"https:\/\/teiaeducation.ch\/de\/wp-json\/wp\/v2\/product_cat?post=64088"},{"taxonomy":"product_tag","embeddable":true,"href":"https:\/\/teiaeducation.ch\/de\/wp-json\/wp\/v2\/product_tag?post=64088"}],"curies":[{"name":"wp","href":"https:\/\/api.w.org\/{rel}","templated":true}]}}