{"id":64091,"date":"2024-07-25T13:05:31","date_gmt":"2024-07-25T11:05:31","guid":{"rendered":"https:\/\/teiaeducation.ch\/product\/laender-puzzle-deutschland-rolf\/"},"modified":"2025-05-21T13:29:20","modified_gmt":"2025-05-21T11:29:20","slug":"laender-puzzle-deutschland-rolf","status":"publish","type":"product","link":"https:\/\/teiaeducation.ch\/de\/produkt\/laender-puzzle-deutschland-rolf\/","title":{"rendered":"L\u00e4nder Puzzle Deutschland &#8211; Rolf"},"content":{"rendered":"<p>Rolfs L\u00e4nder Puzzle Deutschland ist ein sch\u00f6nes, farbenfrohes p\u00e4dagogisches Holzpuzzle. Es ist Teil des neuen Welt Spielmaterials und wurde sorgf\u00e4ltig entworfen, um die Entwicklungs- und Lernbed\u00fcrfnisse von Kindern auf spielerische Art und Weise zu erf\u00fcllen!<\/p>\n<p>Dieses sch\u00f6ne und hochwertige <a href=\"https:\/\/teiaeducation.ch\/de\/produkt-kategorie\/kinder-spielzeug\/holzpuzzles\/\">Holzpuzzle<\/a> zeigt verschiedene Elemente, die typisch f\u00fcr das Land Deutschland sind. Eine Zeichnung auf der Bodenplatte des Puzzlerahmens ist in reduziertem Schwarz-Wei\u00df gedruckt und hilft den Kindern, das Puzzle zu vervollst\u00e4ndigen. Das Ziel ist es, die Holzteile des Puzzles so zusammenzusetzen, dass die Szene vervollst\u00e4ndigt wird.<\/p>\n<p>Die Kinder entwickeln beim Spielen auch ihre kognitiven F\u00e4higkeiten, ihr kritisches Denken, ihre Probleml\u00f6sung F\u00e4higkeiten und ihre <a href=\"https:\/\/teiaeducation.ch\/de\/produkt-kategorie\/lernthemen\/sensorische-motorische-fertigkeiten\/motorische-fertigkeiten\/\">Feinmotorik<\/a>!<\/p>\n<p>Erh\u00f6hte Kanten helfen Kindern, die Puzzleteile leicht zu greifen und anzuheben. Dieses sch\u00f6ne und ansprechende Holzpuzzle mit 81 Teilen und den Ma\u00dfen 37,5 x 37,5 cm ist eine Bereicherung f\u00fcr jedes Spiel- oder Lernzimmer.<\/p>\n<p>Das Rolf L\u00e4nder Puzzle Deutschland ist f\u00fcr Kinder ab 5 Jahren geeignet.<\/p>\n<p>Inhalt:<\/p>\n<p>1 Puzzle mit 81 Teilen<\/p>\n<h2>\u00dcber Rolf<\/h2>\n<p>Die Niederl\u00e4ndische Marke <a href=\"https:\/\/teiaeducation.ch\/de\/produkt-kategorie\/unsere-marken\/rolf-de\/\">Rolf<\/a> arbeitet eng mit Lehrern und Bildungsexperten zusammen, um Produkte zu entwickeln, die die Entwicklung der Kinder f\u00f6rdern, ihr Wissen und ihre F\u00e4higkeiten verbessern und die Ziele der Lehrer unterst\u00fctzen.<\/p>\n<p>Jedes p\u00e4dagogische Rolf Produkt bietet ein komplettes Sortiment an Entwicklungsbausteinen f\u00fcr das kindliche Gehirn und f\u00f6rdert <a href=\"https:\/\/teiaeducation.ch\/de\/produkt-kategorie\/kinder-spielzeug\/\">spielerisch<\/a> verschiedene F\u00e4higkeiten wie <a href=\"https:\/\/teiaeducation.ch\/de\/produkt-kategorie\/lernthemen\/mathematik-rechnen\/\">Mathematik<\/a>, <a href=\"https:\/\/teiaeducation.ch\/de\/produkt-kategorie\/lernthemen\/alphabetisierung-sprache\/\">Sprache<\/a>, <a href=\"https:\/\/teiaeducation.ch\/de\/produkt-kategorie\/malen-basteln\/\">Kreativit\u00e4t<\/a>, Motorik und sogar Selbstvertrauen.<\/p>\n<p>Rolfs originelle und unverwechselbare <a href=\"https:\/\/teiaeducation.ch\/de\/produkt-kategorie\/lernthemen\/\">Unterrichtsmaterialien<\/a> sind an ihren robusten Materialien, lebhaften Farben und ansprechenden Illustrationen zu erkennen. Kinder werden die wunderbaren Lern- und Spielprodukte lieben, von den lustigen und herausfordernden Puzzles, die das Lernen zum Leben erwecken, bis hin zu den robusten und farbenfrohen <a href=\"https:\/\/teiaeducation.ch\/de\/produkt-kategorie\/kinder-spielzeug\/spielzeug-fuer-draussen\/\">Outdoor<\/a>&#8211; und <a href=\"https:\/\/teiaeducation.ch\/de\/produkt-kategorie\/kinder-spielzeug\/sandspielzeug\/\">Sandspielzeugen<\/a>, die perfekt f\u00fcr den Strand oder den Sandkasten sind.<\/p>\n<p>Jedes Rolf Produkt wird in den Niederlanden entworfen und nachhaltig hergestellt. Das garantiert hochwertige Produkte, die sicher und langlebig sind und stundenlanges Spielen und Lernen erm\u00f6glichen. Alle Rolf-Produkte sind nach den Europ\u00e4ischen Sicherheitsvorschriften getestet und wurden von den Kindern selbst ausgiebig gepr\u00fcft und f\u00fcr gut befunden, da sie viel Spa\u00df beim Spielen machen und echte Lernm\u00f6glichkeiten bieten.<\/p>\n","protected":false},"excerpt":{"rendered":"<p>Artikelnummer: <span data-sheets-root=\"1\">220.9706<\/span><\/p>\n<p>Rolfs L\u00e4nder Puzzle Deutschland ist ein sch\u00f6nes farbenfrohes p\u00e4dagogisches Holzpuzzle f\u00fcr Kinder, um etwas \u00fcber die L\u00e4nder unserer Welt zu lernen!<\/p>\n","protected":false},"featured_media":61337,"comment_status":"open","ping_status":"closed","template":"","meta":[],"product_brand":[],"product_cat":[21445,21446,21479,21688,21707,21517,21510,21509,21481,22182,21443,21563,21660,21494,21495,21678,21482,21564],"product_tag":[],"class_list":{"0":"post-64091","1":"product","2":"type-product","3":"status-publish","4":"has-post-thumbnail","6":"product_cat-3-6-jahre-vorschule","7":"product_cat-6-12-jahre-grundschule","8":"product_cat-lernmaterialien-spielzeug-montessori-waldorf-steiner-froebel","9":"product_cat-bunte-puzzlespiele","10":"product_cat-holzpuzzles","11":"product_cat-humangeographie-kultur","12":"product_cat-kultur-wissenschaft","13":"product_cat-lernthemen","14":"product_cat-montessori-paedagogik-material-spielzeug","15":"product_cat-montessori-spielzeug","16":"product_cat-nach-alter","17":"product_cat-neuheiten","18":"product_cat-rolf-de","19":"product_cat-schulbedarf-fuer-zuhause","20":"product_cat-schulbedarf-fuer-zuhause-3-6-jahre","21":"product_cat-kinder-spielzeug","22":"product_cat-traditionelle-bildung","23":"product_cat-unsere-marken","25":"first","26":"instock","27":"taxable","28":"shipping-taxable","29":"purchasable","30":"product-type-simple"},"yoast_head":"<!-- This site is optimized with the Yoast SEO plugin v27.1.1 - https:\/\/yoast.com\/product\/yoast-seo-wordpress\/ -->\n<title>L\u00e4nder Puzzle Deutschland - Rolf - Teia Education &amp; Play<\/title>\n<meta name=\"description\" content=\"Rolfs L\u00e4nder Puzzle Deutschland ist ein sch\u00f6nes farbenfrohes p\u00e4dagogisches Holzpuzzle f\u00fcr Kinder, um etwas \u00fcber die L\u00e4nder unserer Welt zu lernen.\" \/>\n<meta name=\"robots\" content=\"index, follow, max-snippet:-1, max-image-preview:large, max-video-preview:-1\" \/>\n<link rel=\"canonical\" href=\"https:\/\/teiaeducation.ch\/de\/produkt\/laender-puzzle-deutschland-rolf\/\" \/>\n<meta property=\"og:locale\" content=\"de_DE\" \/>\n<meta property=\"og:type\" content=\"article\" \/>\n<meta property=\"og:title\" content=\"L\u00e4nder Puzzle Deutschland - Rolf - Teia Education &amp; Play\" \/>\n<meta property=\"og:description\" content=\"Rolfs L\u00e4nder Puzzle Deutschland ist ein sch\u00f6nes farbenfrohes p\u00e4dagogisches Holzpuzzle f\u00fcr Kinder, um etwas \u00fcber die L\u00e4nder unserer Welt zu lernen.\" \/>\n<meta property=\"og:url\" content=\"https:\/\/teiaeducation.ch\/de\/produkt\/laender-puzzle-deutschland-rolf\/\" \/>\n<meta property=\"og:site_name\" content=\"Sustainable Educational Products &amp; Ecological Toys\u00a0\" \/>\n<meta property=\"article:publisher\" content=\"https:\/\/www.facebook.com\/teiaeducation\/\" \/>\n<meta property=\"article:modified_time\" content=\"2025-05-21T11:29:20+00:00\" \/>\n<meta property=\"og:image\" content=\"https:\/\/teiaeducation.ch\/wp-content\/uploads\/2024\/07\/Wooden-educational-country-puzzle-germany-Rolf-792x800.png\" \/>\n\t<meta property=\"og:image:width\" content=\"792\" \/>\n\t<meta property=\"og:image:height\" content=\"800\" \/>\n\t<meta property=\"og:image:type\" content=\"image\/png\" \/>\n<script type=\"application\/ld+json\" class=\"yoast-schema-graph\">{\"@context\":\"https:\/\/schema.org\",\"@graph\":[{\"@type\":\"WebPage\",\"@id\":\"https:\/\/teiaeducation.ch\/de\/produkt\/laender-puzzle-deutschland-rolf\/\",\"url\":\"https:\/\/teiaeducation.ch\/de\/produkt\/laender-puzzle-deutschland-rolf\/\",\"name\":\"L\u00e4nder Puzzle Deutschland - Rolf - Teia Education & Play\",\"isPartOf\":{\"@id\":\"https:\/\/teiaeducation.ch\/de\/#website\"},\"primaryImageOfPage\":{\"@id\":\"https:\/\/teiaeducation.ch\/de\/produkt\/laender-puzzle-deutschland-rolf\/#primaryimage\"},\"image\":{\"@id\":\"https:\/\/teiaeducation.ch\/de\/produkt\/laender-puzzle-deutschland-rolf\/#primaryimage\"},\"thumbnailUrl\":\"https:\/\/teiaeducation.ch\/wp-content\/uploads\/2024\/07\/Wooden-educational-country-puzzle-germany-Rolf.png\",\"datePublished\":\"2024-07-25T11:05:31+00:00\",\"dateModified\":\"2025-05-21T11:29:20+00:00\",\"description\":\"Rolfs L\u00e4nder Puzzle Deutschland ist ein sch\u00f6nes farbenfrohes p\u00e4dagogisches Holzpuzzle f\u00fcr Kinder, um etwas \u00fcber die L\u00e4nder unserer Welt zu lernen.\",\"breadcrumb\":{\"@id\":\"https:\/\/teiaeducation.ch\/de\/produkt\/laender-puzzle-deutschland-rolf\/#breadcrumb\"},\"inLanguage\":\"de-CH\",\"potentialAction\":[{\"@type\":\"ReadAction\",\"target\":[\"https:\/\/teiaeducation.ch\/de\/produkt\/laender-puzzle-deutschland-rolf\/\"]}]},{\"@type\":\"ImageObject\",\"inLanguage\":\"de-CH\",\"@id\":\"https:\/\/teiaeducation.ch\/de\/produkt\/laender-puzzle-deutschland-rolf\/#primaryimage\",\"url\":\"https:\/\/teiaeducation.ch\/wp-content\/uploads\/2024\/07\/Wooden-educational-country-puzzle-germany-Rolf.png\",\"contentUrl\":\"https:\/\/teiaeducation.ch\/wp-content\/uploads\/2024\/07\/Wooden-educational-country-puzzle-germany-Rolf.png\",\"width\":2048,\"height\":2068,\"caption\":\"H\u00f6lzernes p\u00e4dagogisches L\u00e4nderpuzzle Deutschland Rolf\"},{\"@type\":\"BreadcrumbList\",\"@id\":\"https:\/\/teiaeducation.ch\/de\/produkt\/laender-puzzle-deutschland-rolf\/#breadcrumb\",\"itemListElement\":[{\"@type\":\"ListItem\",\"position\":1,\"name\":\"Home\",\"item\":\"https:\/\/teiaeducation.ch\/de\/\"},{\"@type\":\"ListItem\",\"position\":2,\"name\":\"Laden\",\"item\":\"https:\/\/teiaeducation.ch\/de\/shop\/\"},{\"@type\":\"ListItem\",\"position\":3,\"name\":\"Unsere Marken\",\"item\":\"https:\/\/teiaeducation.ch\/de\/produkt-kategorie\/unsere-marken\/\"},{\"@type\":\"ListItem\",\"position\":4,\"name\":\"Rolf\",\"item\":\"https:\/\/teiaeducation.ch\/de\/produkt-kategorie\/unsere-marken\/rolf-de\/\"},{\"@type\":\"ListItem\",\"position\":5,\"name\":\"L\u00e4nder Puzzle Deutschland &#8211; Rolf\"}]},{\"@type\":\"WebSite\",\"@id\":\"https:\/\/teiaeducation.ch\/de\/#website\",\"url\":\"https:\/\/teiaeducation.ch\/de\/\",\"name\":\"Sustainable Educational Products &amp; Ecological Toys\u00a0\",\"description\":\"Specialised Swiss shop selling sustainable educational toys and games, AMI certified Montessori materials, handmade ecological wooden Waldorf toys and arts &amp; crafts supplies, school supplies, children&#039;s furniture and Montessori reference and parenting books.\",\"publisher\":{\"@id\":\"https:\/\/teiaeducation.ch\/de\/#organization\"},\"alternateName\":\"Teia Education & Play\",\"potentialAction\":[{\"@type\":\"SearchAction\",\"target\":{\"@type\":\"EntryPoint\",\"urlTemplate\":\"https:\/\/teiaeducation.ch\/de\/?s={search_term_string}\"},\"query-input\":{\"@type\":\"PropertyValueSpecification\",\"valueRequired\":true,\"valueName\":\"search_term_string\"}}],\"inLanguage\":\"de-CH\"},{\"@type\":\"Organization\",\"@id\":\"https:\/\/teiaeducation.ch\/de\/#organization\",\"name\":\"Teia Education & Play\",\"url\":\"https:\/\/teiaeducation.ch\/de\/\",\"logo\":{\"@type\":\"ImageObject\",\"inLanguage\":\"de-CH\",\"@id\":\"https:\/\/teiaeducation.ch\/de\/#\/schema\/logo\/image\/\",\"url\":\"https:\/\/teiaeducation.ch\/wp-content\/uploads\/2020\/11\/Teia-Education-Switzerland-e1620156442216.jpg\",\"contentUrl\":\"https:\/\/teiaeducation.ch\/wp-content\/uploads\/2020\/11\/Teia-Education-Switzerland-e1620156442216.jpg\",\"width\":166,\"height\":145,\"caption\":\"Teia Education & Play\"},\"image\":{\"@id\":\"https:\/\/teiaeducation.ch\/de\/#\/schema\/logo\/image\/\"},\"sameAs\":[\"https:\/\/www.facebook.com\/teiaeducation\/\",\"https:\/\/x.com\/EducationTeia\",\"https:\/\/www.instagram.com\/teia.education\/\",\"https:\/\/www.linkedin.com\/company\/35501660\",\"https:\/\/www.pinterest.ch\/TeiaEducation\/\"]}]}<\/script>\n<!-- \/ Yoast SEO plugin. -->","yoast_head_json":{"title":"L\u00e4nder Puzzle Deutschland - Rolf - Teia Education & Play","description":"Rolfs L\u00e4nder Puzzle Deutschland ist ein sch\u00f6nes farbenfrohes p\u00e4dagogisches Holzpuzzle f\u00fcr Kinder, um etwas \u00fcber die L\u00e4nder unserer Welt zu lernen.","robots":{"index":"index","follow":"follow","max-snippet":"max-snippet:-1","max-image-preview":"max-image-preview:large","max-video-preview":"max-video-preview:-1"},"canonical":"https:\/\/teiaeducation.ch\/de\/produkt\/laender-puzzle-deutschland-rolf\/","og_locale":"de_DE","og_type":"article","og_title":"L\u00e4nder Puzzle Deutschland - Rolf - Teia Education & Play","og_description":"Rolfs L\u00e4nder Puzzle Deutschland ist ein sch\u00f6nes farbenfrohes p\u00e4dagogisches Holzpuzzle f\u00fcr Kinder, um etwas \u00fcber die L\u00e4nder unserer Welt zu lernen.","og_url":"https:\/\/teiaeducation.ch\/de\/produkt\/laender-puzzle-deutschland-rolf\/","og_site_name":"Sustainable Educational Products &amp; Ecological Toys\u00a0","article_publisher":"https:\/\/www.facebook.com\/teiaeducation\/","article_modified_time":"2025-05-21T11:29:20+00:00","og_image":[{"width":792,"height":800,"url":"https:\/\/teiaeducation.ch\/wp-content\/uploads\/2024\/07\/Wooden-educational-country-puzzle-germany-Rolf-792x800.png","type":"image\/png"}],"schema":{"@context":"https:\/\/schema.org","@graph":[{"@type":"WebPage","@id":"https:\/\/teiaeducation.ch\/de\/produkt\/laender-puzzle-deutschland-rolf\/","url":"https:\/\/teiaeducation.ch\/de\/produkt\/laender-puzzle-deutschland-rolf\/","name":"L\u00e4nder Puzzle Deutschland - Rolf - Teia Education & Play","isPartOf":{"@id":"https:\/\/teiaeducation.ch\/de\/#website"},"primaryImageOfPage":{"@id":"https:\/\/teiaeducation.ch\/de\/produkt\/laender-puzzle-deutschland-rolf\/#primaryimage"},"image":{"@id":"https:\/\/teiaeducation.ch\/de\/produkt\/laender-puzzle-deutschland-rolf\/#primaryimage"},"thumbnailUrl":"https:\/\/teiaeducation.ch\/wp-content\/uploads\/2024\/07\/Wooden-educational-country-puzzle-germany-Rolf.png","datePublished":"2024-07-25T11:05:31+00:00","dateModified":"2025-05-21T11:29:20+00:00","description":"Rolfs L\u00e4nder Puzzle Deutschland ist ein sch\u00f6nes farbenfrohes p\u00e4dagogisches Holzpuzzle f\u00fcr Kinder, um etwas \u00fcber die L\u00e4nder unserer Welt zu lernen.","breadcrumb":{"@id":"https:\/\/teiaeducation.ch\/de\/produkt\/laender-puzzle-deutschland-rolf\/#breadcrumb"},"inLanguage":"de-CH","potentialAction":[{"@type":"ReadAction","target":["https:\/\/teiaeducation.ch\/de\/produkt\/laender-puzzle-deutschland-rolf\/"]}]},{"@type":"ImageObject","inLanguage":"de-CH","@id":"https:\/\/teiaeducation.ch\/de\/produkt\/laender-puzzle-deutschland-rolf\/#primaryimage","url":"https:\/\/teiaeducation.ch\/wp-content\/uploads\/2024\/07\/Wooden-educational-country-puzzle-germany-Rolf.png","contentUrl":"https:\/\/teiaeducation.ch\/wp-content\/uploads\/2024\/07\/Wooden-educational-country-puzzle-germany-Rolf.png","width":2048,"height":2068,"caption":"H\u00f6lzernes p\u00e4dagogisches L\u00e4nderpuzzle Deutschland Rolf"},{"@type":"BreadcrumbList","@id":"https:\/\/teiaeducation.ch\/de\/produkt\/laender-puzzle-deutschland-rolf\/#breadcrumb","itemListElement":[{"@type":"ListItem","position":1,"name":"Home","item":"https:\/\/teiaeducation.ch\/de\/"},{"@type":"ListItem","position":2,"name":"Laden","item":"https:\/\/teiaeducation.ch\/de\/shop\/"},{"@type":"ListItem","position":3,"name":"Unsere Marken","item":"https:\/\/teiaeducation.ch\/de\/produkt-kategorie\/unsere-marken\/"},{"@type":"ListItem","position":4,"name":"Rolf","item":"https:\/\/teiaeducation.ch\/de\/produkt-kategorie\/unsere-marken\/rolf-de\/"},{"@type":"ListItem","position":5,"name":"L\u00e4nder Puzzle Deutschland &#8211; Rolf"}]},{"@type":"WebSite","@id":"https:\/\/teiaeducation.ch\/de\/#website","url":"https:\/\/teiaeducation.ch\/de\/","name":"Sustainable Educational Products &amp; Ecological Toys\u00a0","description":"Specialised Swiss shop selling sustainable educational toys and games, AMI certified Montessori materials, handmade ecological wooden Waldorf toys and arts &amp; crafts supplies, school supplies, children&#039;s furniture and Montessori reference and parenting books.","publisher":{"@id":"https:\/\/teiaeducation.ch\/de\/#organization"},"alternateName":"Teia Education & Play","potentialAction":[{"@type":"SearchAction","target":{"@type":"EntryPoint","urlTemplate":"https:\/\/teiaeducation.ch\/de\/?s={search_term_string}"},"query-input":{"@type":"PropertyValueSpecification","valueRequired":true,"valueName":"search_term_string"}}],"inLanguage":"de-CH"},{"@type":"Organization","@id":"https:\/\/teiaeducation.ch\/de\/#organization","name":"Teia Education & Play","url":"https:\/\/teiaeducation.ch\/de\/","logo":{"@type":"ImageObject","inLanguage":"de-CH","@id":"https:\/\/teiaeducation.ch\/de\/#\/schema\/logo\/image\/","url":"https:\/\/teiaeducation.ch\/wp-content\/uploads\/2020\/11\/Teia-Education-Switzerland-e1620156442216.jpg","contentUrl":"https:\/\/teiaeducation.ch\/wp-content\/uploads\/2020\/11\/Teia-Education-Switzerland-e1620156442216.jpg","width":166,"height":145,"caption":"Teia Education & Play"},"image":{"@id":"https:\/\/teiaeducation.ch\/de\/#\/schema\/logo\/image\/"},"sameAs":["https:\/\/www.facebook.com\/teiaeducation\/","https:\/\/x.com\/EducationTeia","https:\/\/www.instagram.com\/teia.education\/","https:\/\/www.linkedin.com\/company\/35501660","https:\/\/www.pinterest.ch\/TeiaEducation\/"]}]}},"_links":{"self":[{"href":"https:\/\/teiaeducation.ch\/de\/wp-json\/wp\/v2\/product\/64091","targetHints":{"allow":["GET"]}}],"collection":[{"href":"https:\/\/teiaeducation.ch\/de\/wp-json\/wp\/v2\/product"}],"about":[{"href":"https:\/\/teiaeducation.ch\/de\/wp-json\/wp\/v2\/types\/product"}],"replies":[{"embeddable":true,"href":"https:\/\/teiaeducation.ch\/de\/wp-json\/wp\/v2\/comments?post=64091"}],"wp:featuredmedia":[{"embeddable":true,"href":"https:\/\/teiaeducation.ch\/de\/wp-json\/wp\/v2\/media\/61337"}],"wp:attachment":[{"href":"https:\/\/teiaeducation.ch\/de\/wp-json\/wp\/v2\/media?parent=64091"}],"wp:term":[{"taxonomy":"product_brand","embeddable":true,"href":"https:\/\/teiaeducation.ch\/de\/wp-json\/wp\/v2\/product_brand?post=64091"},{"taxonomy":"product_cat","embeddable":true,"href":"https:\/\/teiaeducation.ch\/de\/wp-json\/wp\/v2\/product_cat?post=64091"},{"taxonomy":"product_tag","embeddable":true,"href":"https:\/\/teiaeducation.ch\/de\/wp-json\/wp\/v2\/product_tag?post=64091"}],"curies":[{"name":"wp","href":"https:\/\/api.w.org\/{rel}","templated":true}]}}