{"id":64587,"date":"2021-10-15T16:39:57","date_gmt":"2021-10-15T14:39:57","guid":{"rendered":"https:\/\/teiaeducation.ch\/product\/aquarell-deckfarben-set-12-sortierten-farben-stockmar\/"},"modified":"2026-01-20T13:17:42","modified_gmt":"2026-01-20T12:17:42","slug":"aquarell-deckfarben-set-12-sortierten-farben-stockmar","status":"publish","type":"product","link":"https:\/\/teiaeducation.ch\/de\/produkt\/aquarell-deckfarben-set-12-sortierten-farben-stockmar\/","title":{"rendered":"Aquarell Deckfarben Set 12 sortierten Farben \u2013 Stockmar"},"content":{"rendered":"<p>Ein sch\u00f6nes und praktisches Mal Set mit ungiftigen, hochwertigen Stockmar Aquarell Deckfarben (12 sortierten Farben), bestehend aus 12 leicht herausnehmbaren Farbn\u00e4pfchen, einer Mischpalette und eine Tube Deckwei\u00df. Zum Set geh\u00f6rt auch ein hochwertiger Malpinsel des traditionsbewussten deutschen Pinselherstellers Zahn.<\/p>\n<p>Das Set ist in einem klassischen Blechetui untergebracht, das die Aufbewahrung und den Transport erleichtert, und die einzelnen Farbn\u00e4pfchen lassen sich f\u00fcr einen schnellen Austausch leicht herausnehmen. Die Stockmar Mischpalette ist nicht am Kasten befestigt, so dass Sie sie dort abstellen k\u00f6nnen, wo es f\u00fcr Ihre Arbeit am praktischsten ist &#8211; und nat\u00fcrlich ist sie leichter zu reinigen als ein Malkastendeckel, der als Palette benutzt wird. Wie die Stockmar Aquarellfarben in l\u00f6slicher <a href=\"https:\/\/teiaeducation.ch\/product\/watercolour-paints-assortment-supplement-set-stockmar\/\">Pulverform<\/a> sind auch diese deckenden Aquarelltabs sehr konzentriert und langanhaltend. Sie haben eine einzigartige Leuchtkraft durch eine sehr hohe Konzentration an Farbpigmenten, die besonders intensiv sind. Die Deckfarben sind sehr satt und bleiben auch bei starker Verd\u00fcnnung leuchtend und kr\u00e4ftig.<\/p>\n<p>Stockmar Deckfarben eignen sich f\u00fcr verschiedene Maltechniken, darunter die klassische Deckfarbenmalerei (\u00dcbermalung), die klassische Aquarellmalerei, die Lasurmalerei oder Mischtechniken.<\/p>\n<p>Die Farbpalette der Malfarben folgt der erweiterten Fassung von Goethes &#8220;Farbenlehre&#8221;: Jeder im Sortiment enthaltene Ton ist so abgestimmt, dass er sich mit jeder der anderen Farben gut mischen l\u00e4sst. Harmonische Zwischenabstufungen und grenzenlose Farbverl\u00e4ufe sind auch in der Nass-in-Nass-Technik m\u00f6glich.<\/p>\n<p>Das Set enth\u00e4lt die folgenden Farben aus dem Stockmar Sortiment:<\/p>\n<p>01 Karminrot | 02 Zinnoberrot | 04 Goldgelb | 05 Zitronengelb | 08 Blaugr\u00fcn | 10 Ultramarin | 12 Violett | 13 Rost | 15 Schwarz | 18 Preu\u00dfischblau | 33 Orange | 36 Saftgr\u00fcn.<\/p>\n<p>Das Stockmar Aquarell Deckfarben Set ist f\u00fcr Kinder ab 3 Jahren geeignet.<\/p>\n<p>Inhalt:<\/p>\n<p>1 Blechetui<br \/>\n1 Mischpalette<br \/>\n12 Farben<br \/>\n1 tube Deckwei\u00df<br \/>\n1 Pinsel<\/p>\n<h2>\u00dcber Stockmar<\/h2>\n<p>Die renommierte Deutsche Marke\u00a0<a href=\"https:\/\/teiaeducation.ch\/de\/produkt-kategorie\/unsere-marken\/stockmar-de\/\">Stockmar<\/a>\u00a0produziert hochwertige Materialien, die in Rudolf Steiner \/\u00a0<a href=\"https:\/\/teiaeducation.ch\/de\/spielzeug-und-natuerlichen-kreatives-materialien-fuer-waldorf-steiner-schulen\/\">Waldorfschulen<\/a>\u00a0auf der ganzen Welt verwendet werden. Stockmars Bienenwachs zum\u00a0<a href=\"https:\/\/teiaeducation.ch\/de\/produkt\/modellierbienenwachs-15-farben-stockmar\/\">Modellieren<\/a>\u00a0und\u00a0<a href=\"https:\/\/teiaeducation.ch\/de\/produkt\/dekoratives-bienenwachs-breit-in-18-farben-stockmar\/\">Dekorieren<\/a>,\u00a0<a href=\"https:\/\/teiaeducation.ch\/de\/produkt\/wachsmalstifte-12-farben-stockmar\/\">Wachsmalstifte<\/a>, Wachsmalbl\u00f6cke und\u00a0<a href=\"https:\/\/teiaeducation.ch\/de\/produkt\/aquarellfarben-grundsortiment-6-farben-stockmar\/\">Aquarellfarben<\/a>\u00a0sprechen alle Sinne des Kindes an.<\/p>\n<p>Die in Deutschland aus Bienenwachs hergestellten\u00a0<a href=\"https:\/\/teiaeducation.ch\/de\/produkt-kategorie\/malen-basteln\/\">Materialien<\/a>\u00a0von Stockmar sind ungiftig und werden nach den h\u00f6chsten p\u00e4dagogischen, k\u00fcnstlerischen, sozialen und \u00f6kologischen Standards hergestellt und von unabh\u00e4ngigen Labors in Deutschland auf ihre Sicherheit und Reinheit gepr\u00fcft.<\/p>\n<p>Die breite und sorgf\u00e4ltig ausgew\u00e4hlte Farbpalette basiert auf\u00a0<a href=\"https:\/\/teiaeducation.ch\/de\/produkt\/groser-farbkreis-goethe-grimms\/\">Goethes Farbkreis<\/a>\u00a0und ist bei allen Stockmar Produkten einheitlich, um die Harmonie zwischen den\u00a0<a href=\"https:\/\/teiaeducation.ch\/de\/produkt-kategorie\/lernthemen\/sensorische-motorische-fertigkeiten\/farbe-lernen\/\">Farben<\/a>\u00a0und beim Mischen verschiedener Medien zu gew\u00e4hrleisten. Die Materialien sind reich pigmentiert, um lebendige Kunstwerke zu schaffen, und sind extrem langlebig.<\/p>\n","protected":false},"excerpt":{"rendered":"<p>Artikelnummer: 85046100<\/p>\n<p>Ein wundersch\u00f6nes Set aus ungiftigen, hochwertigen Stockmar Aquarell Deckfarben in 12 Farben, die f\u00fcr verschiedene Maltechniken geeignet sind!<\/p>\n","protected":false},"featured_media":64588,"comment_status":"open","ping_status":"closed","template":"","meta":[],"product_brand":[],"product_cat":[21445,21446,22033,23651,21479,21670,21490,21484,22422,21447,21457,21443,21563,22362,21494,21495,21496,21668,21482,21564,21483],"product_tag":[23084,29871,28748,23091,28747,23082,23080,23081,23079,23083,23092],"class_list":{"0":"post-64587","1":"product","2":"type-product","3":"status-publish","4":"has-post-thumbnail","6":"product_cat-3-6-jahre-vorschule","7":"product_cat-6-12-jahre-grundschule","8":"product_cat-adventskalender-geschenke-strumpffueller","9":"product_cat-back-to-school-de","10":"product_cat-lernmaterialien-spielzeug-montessori-waldorf-steiner-froebel","11":"product_cat-fruehjahrskollektion","12":"product_cat-geschenk-guide-kreativ","13":"product_cat-geschenk-guides","14":"product_cat-geschenke-fuer-das-osterkoerbchen","15":"product_cat-malen-basteln","16":"product_cat-malen","17":"product_cat-nach-alter","18":"product_cat-neuheiten","19":"product_cat-saisonale-kollektionen","20":"product_cat-schulbedarf-fuer-zuhause","21":"product_cat-schulbedarf-fuer-zuhause-3-6-jahre","22":"product_cat-schulbedarf-fuer-zuhause-6-12-jahre","23":"product_cat-stockmar-de","24":"product_cat-traditionelle-bildung","25":"product_cat-unsere-marken","26":"product_cat-waldorf-steiner-paedagogik","27":"product_tag-steiner-waldorfschulbedarf-schweiz","28":"product_tag-stockmar-aquarell-deckfarben","29":"product_tag-stockmar-aquarell-deckfarben-set-12-farben","30":"product_tag-stockmar-aquarellfarbe","31":"product_tag-stockmar-aquarellfarben-sortiment-6-farben-erganzungsset","32":"product_tag-stockmar-deutschland","33":"product_tag-stockmar-schweiz-de","34":"product_tag-stockmar-suisse-de","35":"product_tag-stockmar-switzerland-de","36":"product_tag-stockmar-waldorf-bedarf","37":"product_tag-ungiftige-aquarellfarbe","39":"first","40":"outofstock","41":"taxable","42":"shipping-taxable","43":"purchasable","44":"product-type-simple"},"yoast_head":"<!-- This site is optimized with the Yoast SEO plugin v27.1.1 - https:\/\/yoast.com\/product\/yoast-seo-wordpress\/ -->\n<title>Aquarell Deckfarben Set 12 sortierten Farben \u2013 Stockmar<\/title>\n<meta name=\"description\" content=\"Ein wundersch\u00f6nes Set aus ungiftigen, hochwertigen Stockmar Aquarell Deckfarben in 12 Farben, die f\u00fcr verschiedene Maltechniken geeignet sind.\" \/>\n<meta name=\"robots\" content=\"index, follow, max-snippet:-1, max-image-preview:large, max-video-preview:-1\" \/>\n<link rel=\"canonical\" href=\"https:\/\/teiaeducation.ch\/de\/produkt\/aquarell-deckfarben-set-12-sortierten-farben-stockmar\/\" \/>\n<meta property=\"og:locale\" content=\"de_DE\" \/>\n<meta property=\"og:type\" content=\"article\" \/>\n<meta property=\"og:title\" content=\"Aquarell Deckfarben Set 12 sortierten Farben \u2013 Stockmar\" \/>\n<meta property=\"og:description\" content=\"Ein wundersch\u00f6nes Set aus ungiftigen, hochwertigen Stockmar Aquarell Deckfarben in 12 Farben, die f\u00fcr verschiedene Maltechniken geeignet sind.\" \/>\n<meta property=\"og:url\" content=\"https:\/\/teiaeducation.ch\/de\/produkt\/aquarell-deckfarben-set-12-sortierten-farben-stockmar\/\" \/>\n<meta property=\"og:site_name\" content=\"Sustainable Educational Products &amp; Ecological Toys\u00a0\" \/>\n<meta property=\"article:publisher\" content=\"https:\/\/www.facebook.com\/teiaeducation\/\" \/>\n<meta property=\"article:modified_time\" content=\"2026-01-20T12:17:42+00:00\" \/>\n<meta property=\"og:image\" content=\"https:\/\/teiaeducation.ch\/wp-content\/uploads\/2021\/10\/Watercolour-opaque-paint-set-12-colours-Waldorf-art-supplies-Stockmar.jpg\" \/>\n\t<meta property=\"og:image:width\" content=\"700\" \/>\n\t<meta property=\"og:image:height\" content=\"466\" \/>\n\t<meta property=\"og:image:type\" content=\"image\/jpeg\" \/>\n<script type=\"application\/ld+json\" class=\"yoast-schema-graph\">{\"@context\":\"https:\/\/schema.org\",\"@graph\":[{\"@type\":\"WebPage\",\"@id\":\"https:\/\/teiaeducation.ch\/de\/produkt\/aquarell-deckfarben-set-12-sortierten-farben-stockmar\/\",\"url\":\"https:\/\/teiaeducation.ch\/de\/produkt\/aquarell-deckfarben-set-12-sortierten-farben-stockmar\/\",\"name\":\"Aquarell Deckfarben Set 12 sortierten Farben \u2013 Stockmar\",\"isPartOf\":{\"@id\":\"https:\/\/teiaeducation.ch\/de\/#website\"},\"primaryImageOfPage\":{\"@id\":\"https:\/\/teiaeducation.ch\/de\/produkt\/aquarell-deckfarben-set-12-sortierten-farben-stockmar\/#primaryimage\"},\"image\":{\"@id\":\"https:\/\/teiaeducation.ch\/de\/produkt\/aquarell-deckfarben-set-12-sortierten-farben-stockmar\/#primaryimage\"},\"thumbnailUrl\":\"https:\/\/teiaeducation.ch\/wp-content\/uploads\/2021\/10\/Watercolour-opaque-paint-set-12-colours-Waldorf-art-supplies-Stockmar.jpg\",\"datePublished\":\"2021-10-15T14:39:57+00:00\",\"dateModified\":\"2026-01-20T12:17:42+00:00\",\"description\":\"Ein wundersch\u00f6nes Set aus ungiftigen, hochwertigen Stockmar Aquarell Deckfarben in 12 Farben, die f\u00fcr verschiedene Maltechniken geeignet sind.\",\"breadcrumb\":{\"@id\":\"https:\/\/teiaeducation.ch\/de\/produkt\/aquarell-deckfarben-set-12-sortierten-farben-stockmar\/#breadcrumb\"},\"inLanguage\":\"de-CH\",\"potentialAction\":[{\"@type\":\"ReadAction\",\"target\":[\"https:\/\/teiaeducation.ch\/de\/produkt\/aquarell-deckfarben-set-12-sortierten-farben-stockmar\/\"]}]},{\"@type\":\"ImageObject\",\"inLanguage\":\"de-CH\",\"@id\":\"https:\/\/teiaeducation.ch\/de\/produkt\/aquarell-deckfarben-set-12-sortierten-farben-stockmar\/#primaryimage\",\"url\":\"https:\/\/teiaeducation.ch\/wp-content\/uploads\/2021\/10\/Watercolour-opaque-paint-set-12-colours-Waldorf-art-supplies-Stockmar.jpg\",\"contentUrl\":\"https:\/\/teiaeducation.ch\/wp-content\/uploads\/2021\/10\/Watercolour-opaque-paint-set-12-colours-Waldorf-art-supplies-Stockmar.jpg\",\"width\":700,\"height\":466,\"caption\":\"Stockmar Aquarell Deckfarben Set (12 Farben) : Waldorf-Kunstzubeh\u00f6r - Stockmar\"},{\"@type\":\"BreadcrumbList\",\"@id\":\"https:\/\/teiaeducation.ch\/de\/produkt\/aquarell-deckfarben-set-12-sortierten-farben-stockmar\/#breadcrumb\",\"itemListElement\":[{\"@type\":\"ListItem\",\"position\":1,\"name\":\"Home\",\"item\":\"https:\/\/teiaeducation.ch\/de\/\"},{\"@type\":\"ListItem\",\"position\":2,\"name\":\"Laden\",\"item\":\"https:\/\/teiaeducation.ch\/de\/shop\/\"},{\"@type\":\"ListItem\",\"position\":3,\"name\":\"Unsere Marken\",\"item\":\"https:\/\/teiaeducation.ch\/de\/produkt-kategorie\/unsere-marken\/\"},{\"@type\":\"ListItem\",\"position\":4,\"name\":\"Stockmar\",\"item\":\"https:\/\/teiaeducation.ch\/de\/produkt-kategorie\/unsere-marken\/stockmar-de\/\"},{\"@type\":\"ListItem\",\"position\":5,\"name\":\"Aquarell Deckfarben Set 12 sortierten Farben \u2013 Stockmar\"}]},{\"@type\":\"WebSite\",\"@id\":\"https:\/\/teiaeducation.ch\/de\/#website\",\"url\":\"https:\/\/teiaeducation.ch\/de\/\",\"name\":\"Sustainable Educational Products &amp; Ecological Toys\u00a0\",\"description\":\"Specialised Swiss shop selling sustainable educational toys and games, AMI certified Montessori materials, handmade ecological wooden Waldorf toys and arts &amp; crafts supplies, school supplies, children&#039;s furniture and Montessori reference and parenting books.\",\"publisher\":{\"@id\":\"https:\/\/teiaeducation.ch\/de\/#organization\"},\"alternateName\":\"Teia Education & Play\",\"potentialAction\":[{\"@type\":\"SearchAction\",\"target\":{\"@type\":\"EntryPoint\",\"urlTemplate\":\"https:\/\/teiaeducation.ch\/de\/?s={search_term_string}\"},\"query-input\":{\"@type\":\"PropertyValueSpecification\",\"valueRequired\":true,\"valueName\":\"search_term_string\"}}],\"inLanguage\":\"de-CH\"},{\"@type\":\"Organization\",\"@id\":\"https:\/\/teiaeducation.ch\/de\/#organization\",\"name\":\"Teia Education & Play\",\"url\":\"https:\/\/teiaeducation.ch\/de\/\",\"logo\":{\"@type\":\"ImageObject\",\"inLanguage\":\"de-CH\",\"@id\":\"https:\/\/teiaeducation.ch\/de\/#\/schema\/logo\/image\/\",\"url\":\"https:\/\/teiaeducation.ch\/wp-content\/uploads\/2020\/11\/Teia-Education-Switzerland-e1620156442216.jpg\",\"contentUrl\":\"https:\/\/teiaeducation.ch\/wp-content\/uploads\/2020\/11\/Teia-Education-Switzerland-e1620156442216.jpg\",\"width\":166,\"height\":145,\"caption\":\"Teia Education & Play\"},\"image\":{\"@id\":\"https:\/\/teiaeducation.ch\/de\/#\/schema\/logo\/image\/\"},\"sameAs\":[\"https:\/\/www.facebook.com\/teiaeducation\/\",\"https:\/\/x.com\/EducationTeia\",\"https:\/\/www.instagram.com\/teia.education\/\",\"https:\/\/www.linkedin.com\/company\/35501660\",\"https:\/\/www.pinterest.ch\/TeiaEducation\/\"]}]}<\/script>\n<!-- \/ Yoast SEO plugin. -->","yoast_head_json":{"title":"Aquarell Deckfarben Set 12 sortierten Farben \u2013 Stockmar","description":"Ein wundersch\u00f6nes Set aus ungiftigen, hochwertigen Stockmar Aquarell Deckfarben in 12 Farben, die f\u00fcr verschiedene Maltechniken geeignet sind.","robots":{"index":"index","follow":"follow","max-snippet":"max-snippet:-1","max-image-preview":"max-image-preview:large","max-video-preview":"max-video-preview:-1"},"canonical":"https:\/\/teiaeducation.ch\/de\/produkt\/aquarell-deckfarben-set-12-sortierten-farben-stockmar\/","og_locale":"de_DE","og_type":"article","og_title":"Aquarell Deckfarben Set 12 sortierten Farben \u2013 Stockmar","og_description":"Ein wundersch\u00f6nes Set aus ungiftigen, hochwertigen Stockmar Aquarell Deckfarben in 12 Farben, die f\u00fcr verschiedene Maltechniken geeignet sind.","og_url":"https:\/\/teiaeducation.ch\/de\/produkt\/aquarell-deckfarben-set-12-sortierten-farben-stockmar\/","og_site_name":"Sustainable Educational Products &amp; Ecological Toys\u00a0","article_publisher":"https:\/\/www.facebook.com\/teiaeducation\/","article_modified_time":"2026-01-20T12:17:42+00:00","og_image":[{"width":700,"height":466,"url":"https:\/\/teiaeducation.ch\/wp-content\/uploads\/2021\/10\/Watercolour-opaque-paint-set-12-colours-Waldorf-art-supplies-Stockmar.jpg","type":"image\/jpeg"}],"schema":{"@context":"https:\/\/schema.org","@graph":[{"@type":"WebPage","@id":"https:\/\/teiaeducation.ch\/de\/produkt\/aquarell-deckfarben-set-12-sortierten-farben-stockmar\/","url":"https:\/\/teiaeducation.ch\/de\/produkt\/aquarell-deckfarben-set-12-sortierten-farben-stockmar\/","name":"Aquarell Deckfarben Set 12 sortierten Farben \u2013 Stockmar","isPartOf":{"@id":"https:\/\/teiaeducation.ch\/de\/#website"},"primaryImageOfPage":{"@id":"https:\/\/teiaeducation.ch\/de\/produkt\/aquarell-deckfarben-set-12-sortierten-farben-stockmar\/#primaryimage"},"image":{"@id":"https:\/\/teiaeducation.ch\/de\/produkt\/aquarell-deckfarben-set-12-sortierten-farben-stockmar\/#primaryimage"},"thumbnailUrl":"https:\/\/teiaeducation.ch\/wp-content\/uploads\/2021\/10\/Watercolour-opaque-paint-set-12-colours-Waldorf-art-supplies-Stockmar.jpg","datePublished":"2021-10-15T14:39:57+00:00","dateModified":"2026-01-20T12:17:42+00:00","description":"Ein wundersch\u00f6nes Set aus ungiftigen, hochwertigen Stockmar Aquarell Deckfarben in 12 Farben, die f\u00fcr verschiedene Maltechniken geeignet sind.","breadcrumb":{"@id":"https:\/\/teiaeducation.ch\/de\/produkt\/aquarell-deckfarben-set-12-sortierten-farben-stockmar\/#breadcrumb"},"inLanguage":"de-CH","potentialAction":[{"@type":"ReadAction","target":["https:\/\/teiaeducation.ch\/de\/produkt\/aquarell-deckfarben-set-12-sortierten-farben-stockmar\/"]}]},{"@type":"ImageObject","inLanguage":"de-CH","@id":"https:\/\/teiaeducation.ch\/de\/produkt\/aquarell-deckfarben-set-12-sortierten-farben-stockmar\/#primaryimage","url":"https:\/\/teiaeducation.ch\/wp-content\/uploads\/2021\/10\/Watercolour-opaque-paint-set-12-colours-Waldorf-art-supplies-Stockmar.jpg","contentUrl":"https:\/\/teiaeducation.ch\/wp-content\/uploads\/2021\/10\/Watercolour-opaque-paint-set-12-colours-Waldorf-art-supplies-Stockmar.jpg","width":700,"height":466,"caption":"Stockmar Aquarell Deckfarben Set (12 Farben) : Waldorf-Kunstzubeh\u00f6r - Stockmar"},{"@type":"BreadcrumbList","@id":"https:\/\/teiaeducation.ch\/de\/produkt\/aquarell-deckfarben-set-12-sortierten-farben-stockmar\/#breadcrumb","itemListElement":[{"@type":"ListItem","position":1,"name":"Home","item":"https:\/\/teiaeducation.ch\/de\/"},{"@type":"ListItem","position":2,"name":"Laden","item":"https:\/\/teiaeducation.ch\/de\/shop\/"},{"@type":"ListItem","position":3,"name":"Unsere Marken","item":"https:\/\/teiaeducation.ch\/de\/produkt-kategorie\/unsere-marken\/"},{"@type":"ListItem","position":4,"name":"Stockmar","item":"https:\/\/teiaeducation.ch\/de\/produkt-kategorie\/unsere-marken\/stockmar-de\/"},{"@type":"ListItem","position":5,"name":"Aquarell Deckfarben Set 12 sortierten Farben \u2013 Stockmar"}]},{"@type":"WebSite","@id":"https:\/\/teiaeducation.ch\/de\/#website","url":"https:\/\/teiaeducation.ch\/de\/","name":"Sustainable Educational Products &amp; Ecological Toys\u00a0","description":"Specialised Swiss shop selling sustainable educational toys and games, AMI certified Montessori materials, handmade ecological wooden Waldorf toys and arts &amp; crafts supplies, school supplies, children&#039;s furniture and Montessori reference and parenting books.","publisher":{"@id":"https:\/\/teiaeducation.ch\/de\/#organization"},"alternateName":"Teia Education & Play","potentialAction":[{"@type":"SearchAction","target":{"@type":"EntryPoint","urlTemplate":"https:\/\/teiaeducation.ch\/de\/?s={search_term_string}"},"query-input":{"@type":"PropertyValueSpecification","valueRequired":true,"valueName":"search_term_string"}}],"inLanguage":"de-CH"},{"@type":"Organization","@id":"https:\/\/teiaeducation.ch\/de\/#organization","name":"Teia Education & Play","url":"https:\/\/teiaeducation.ch\/de\/","logo":{"@type":"ImageObject","inLanguage":"de-CH","@id":"https:\/\/teiaeducation.ch\/de\/#\/schema\/logo\/image\/","url":"https:\/\/teiaeducation.ch\/wp-content\/uploads\/2020\/11\/Teia-Education-Switzerland-e1620156442216.jpg","contentUrl":"https:\/\/teiaeducation.ch\/wp-content\/uploads\/2020\/11\/Teia-Education-Switzerland-e1620156442216.jpg","width":166,"height":145,"caption":"Teia Education & Play"},"image":{"@id":"https:\/\/teiaeducation.ch\/de\/#\/schema\/logo\/image\/"},"sameAs":["https:\/\/www.facebook.com\/teiaeducation\/","https:\/\/x.com\/EducationTeia","https:\/\/www.instagram.com\/teia.education\/","https:\/\/www.linkedin.com\/company\/35501660","https:\/\/www.pinterest.ch\/TeiaEducation\/"]}]}},"_links":{"self":[{"href":"https:\/\/teiaeducation.ch\/de\/wp-json\/wp\/v2\/product\/64587","targetHints":{"allow":["GET"]}}],"collection":[{"href":"https:\/\/teiaeducation.ch\/de\/wp-json\/wp\/v2\/product"}],"about":[{"href":"https:\/\/teiaeducation.ch\/de\/wp-json\/wp\/v2\/types\/product"}],"replies":[{"embeddable":true,"href":"https:\/\/teiaeducation.ch\/de\/wp-json\/wp\/v2\/comments?post=64587"}],"wp:featuredmedia":[{"embeddable":true,"href":"https:\/\/teiaeducation.ch\/de\/wp-json\/wp\/v2\/media\/64588"}],"wp:attachment":[{"href":"https:\/\/teiaeducation.ch\/de\/wp-json\/wp\/v2\/media?parent=64587"}],"wp:term":[{"taxonomy":"product_brand","embeddable":true,"href":"https:\/\/teiaeducation.ch\/de\/wp-json\/wp\/v2\/product_brand?post=64587"},{"taxonomy":"product_cat","embeddable":true,"href":"https:\/\/teiaeducation.ch\/de\/wp-json\/wp\/v2\/product_cat?post=64587"},{"taxonomy":"product_tag","embeddable":true,"href":"https:\/\/teiaeducation.ch\/de\/wp-json\/wp\/v2\/product_tag?post=64587"}],"curies":[{"name":"wp","href":"https:\/\/api.w.org\/{rel}","templated":true}]}}