{"id":64618,"date":"2023-10-17T14:31:54","date_gmt":"2023-10-17T12:31:54","guid":{"rendered":"https:\/\/teiaeducation.ch\/product\/kleine-farbstrasse-naturholz-mit-acryl-edelsteinen-lichtbauwuerfel-kombi-box-bauspiel\/"},"modified":"2024-11-15T15:36:45","modified_gmt":"2024-11-15T14:36:45","slug":"kleine-farbstrasse-naturholz-mit-acryl-edelsteinen-lichtbauwuerfel-kombi-box-bauspiel","status":"publish","type":"product","link":"https:\/\/teiaeducation.ch\/de\/produkt\/kleine-farbstrasse-naturholz-mit-acryl-edelsteinen-lichtbauwuerfel-kombi-box-bauspiel\/","title":{"rendered":"Kleine Farbstrasse Naturholz mit Acryl-Edelsteinen &amp; Lichtbauw\u00fcrfel Kombi Box \u2013 Bauspiel"},"content":{"rendered":"<p>Dieses h\u00fcbsche Kleine Farbstrasse Naturholz Kombi Box aus 20 Holzbl\u00f6cke und 5 quadratischen Durchsichtsbl\u00f6cke mit funkelnden Acryl-Edelsteinen und 20 leuchtenden Acryl Lichbauw\u00fcrfeln ist eine sch\u00f6ne Erg\u00e4nzung f\u00fcr jeden Spielraum und eignet sich hervorragend zur Versch\u00f6nerung von Bauwerken aus den Bauspiel Bauk\u00e4sten! Die Bl\u00f6cke und W\u00fcrfel regen zum freien Spiel an, k\u00f6nnen aber auch zur F\u00f6rderung der Farberkennung, des <a href=\"https:\/\/teiaeducation.ch\/product-category\/learning-themes\/mathematics-numeracy\/counting\/\">Z\u00e4hlens<\/a>, des <a href=\"https:\/\/teiaeducation.ch\/product-category\/play\/stacking-toys\/\">Stapelns<\/a> und des Bauens eingesetzt werden.<\/p>\n<p>Das Set enth\u00e4lt 20 rechteckige Massiv <a href=\"https:\/\/teiaeducation.ch\/product-category\/play\/wooden-building-blocks\/\">Holzbl\u00f6cke<\/a>, die mit je zwei funkelnden Acryl-Edelsteinen verziert sind. Insgesamt zeigen die funkelnden Steine 10 verschiedene Farben, die nach der Goethe&#8217;schen Farbenlehre ausgew\u00e4hlt wurden. Jede der 10 Farben wird durch zwei rechteckige Bl\u00f6cke dargestellt. Dies erm\u00f6glicht das Abspielen des Farbmemorys und die Paarung von <a href=\"https:\/\/teiaeducation.ch\/product-category\/learning-themes\/sensory-motor-skills\/learning-about-colour\/\">Farben<\/a>.<\/p>\n<p>Ebenfalls in diesem Kombipaket enthalten sind 5 Durchsichtsbl\u00f6cke in quadratischer Form oder in halber Gr\u00f6\u00dfe der rechteckigen Bl\u00f6cke, die jeweils mit einem funkelnden Edelstein verziert sind. Sowie 20 leuchtende Acryl Lichtbauw\u00fcrfel.<\/p>\n<p>Die Holzbl\u00f6cke haben abgerundete Kanten und sind aus nat\u00fcrlich ge\u00f6ltem Erlenholz gefertigt. Sie werden in einem Holzkiste pr\u00e4sentiert. Die durchscheinenden, edelstein\u00e4hnlichen Acryl-Edelsteine und die leuchtenden Acryl W\u00fcrfel schimmern im Sonnenlicht und sind sehr angenehm anzufassen. Das gesamte Set wird in Handarbeit in Deutschland hergestellt.<\/p>\n<p>Das Bauspiel Kleine Farbstrasse Naturholz mit Acryl-Edelsteinen und Lichtbauw\u00fcrfel Set ist f\u00fcr Kinder ab 3 Jahren geeignet.<\/p>\n<p>Inhalt:<\/p>\n<p>1 Holzkiste (29 x 26.5 x 6 cm)<br \/>\n20 rechteckige Holzbl\u00f6cke mit Acryl-Edelsteinen (10 x 5 x 2.5cm)<br \/>\n5 quadratische Holzbl\u00f6cke mit Acryl-Edelsteinen (5 x 5 x 2.5 cm)<br \/>\n20 Acryl Lichtbauw\u00fcrfel (2.5 x 2.5 x 2.5 cm)<\/p>\n<h2>\u00dcber Bauspiel<\/h2>\n<p><a href=\"https:\/\/teiaeducation.ch\/de\/produkt-kategorie\/unsere-marken\/bauspiel-de\/\">Bauspiel<\/a>\u00a0ist eine kleine umweltbewusste\u00a0<a href=\"https:\/\/teiaeducation.ch\/de\/produkt-kategorie\/kinder-spielzeug\/handgefertigtes-holzspielzeug\/\">Holz<\/a>\u2013 und Wollfilz Spielzeugmarke aus Deutschland. Die handgefertigten Bauspiel Spielzeuge zeichnen sich durch ihre hohe Qualit\u00e4t und hervorragende Verarbeitung aus. Sie sind lehrreich und ergebnisoffen und laden zum\u00a0<a href=\"https:\/\/teiaeducation.ch\/de\/produkt-kategorie\/kinder-spielzeug\/spiele-mit-offenem-ende\/\">freien und unbegrenzten Spiel<\/a>\u00a0ein, das sich auf das Erlernen verschiedener p\u00e4dagogischer Konzepte wie\u00a0<a href=\"https:\/\/teiaeducation.ch\/de\/produkt-kategorie\/lernthemen\/sensorische-motorische-fertigkeiten\/farbe-lernen\/\">Farbe<\/a>,\u00a0<a href=\"https:\/\/teiaeducation.ch\/de\/produkt-kategorie\/lernthemen\/mathematik-rechnen\/formen\/\">Form<\/a>\u00a0und\u00a0<a href=\"https:\/\/teiaeducation.ch\/de\/produkt-kategorie\/lernthemen\/mathematik-rechnen\/\">Mathematik<\/a>\u00a0konzentriert.<\/p>\n<p>Alle Bauspiel Spielzeuge werden aus umweltfreundlichen Materialien wie ge\u00f6lten Naturh\u00f6lzern und fair produziertem Wollfilz aus Nepal hergestellt. Sie entsprechen hinsichtlich ihrer Rohstoffe der europ\u00e4ischen Spielzeugnorm EN71 und sind f\u00fcr (kleine) Kinder sicher.<\/p>\n<p>Der Schutz und die Achtung der Umwelt zieht sich ganzheitlich durch das gesamte Unternehmen und die Vision von Bauspiel, von den Lieferanten \u00fcber die Mitarbeiter bis zu den Kunden. Sie verwenden faire L\u00f6hne, faire und nachhaltige Produktionsbedingungen, recycelte Verpackungsmaterialien und umweltfreundliche Farben, Klebstoffe und nat\u00fcrliche \u00d6le f\u00fcr die Herstellung ihrer Spielzeuge. Um die Nachhaltigkeit weiter zu gew\u00e4hrleisten, bietet Bauspiel einen umfassenden Ersatzteil- und Reparaturservice f\u00fcr seine\u00a0<a href=\"https:\/\/teiaeducation.ch\/de\/produkt-kategorie\/kinder-spielzeug\/\">Spielzeuge<\/a>\u00a0an.<\/p>\n","protected":false},"excerpt":{"rendered":"<p>Artikelnummer: BS0152<\/p>\n<p>Dieses h\u00fcbsche Kleine Farbstrasse Naturholz Kombi Box enth\u00e4lt Holzbl\u00f6cke, Durchsichtsbl\u00f6cke mit Acryl-Edelsteinen und Acryl Lichbauw\u00fcrfeln.<\/p>\n","protected":false},"featured_media":56653,"comment_status":"open","ping_status":"closed","template":"","meta":[],"product_brand":[],"product_cat":[21445,21446,21704,26469,21558,21690,23075,21509,22182,21559,21443,21563,21557,21695,21678,21699,21564,22919],"product_tag":[28568,28539,29872,28575,28573,28565,28570,28566,28569,28632,28567,28571,28572,28564,28563,28574],"class_list":{"0":"post-64618","1":"product","2":"type-product","3":"status-publish","4":"has-post-thumbnail","6":"product_cat-3-6-jahre-vorschule","7":"product_cat-6-12-jahre-grundschule","8":"product_cat-baukloetze-aus-holz","9":"product_cat-bauspiel-de","10":"product_cat-farbe-lernen","11":"product_cat-spiele-mit-offenem-ende","12":"product_cat-handgefertigtes-holzspielzeug","13":"product_cat-lernthemen","14":"product_cat-montessori-spielzeug","15":"product_cat-motorische-fertigkeiten","16":"product_cat-nach-alter","17":"product_cat-neuheiten","18":"product_cat-sensorische-motorische-fertigkeiten","19":"product_cat-sinnliches-spiel","20":"product_cat-kinder-spielzeug","21":"product_cat-stapelspielzeug","22":"product_cat-unsere-marken","23":"product_cat-waldorfspielzeug","24":"product_tag-bauklotze-mit-funkelnden-steinen","25":"product_tag-bauspiel-de","26":"product_tag-bauspiel-acryl-lichtbauwurfel","27":"product_tag-bauspiel-durchsichtige-sichtblocke","28":"product_tag-bauspiel-farbspuren-blocke-edelsteine","29":"product_tag-bauspiel-holzklotze-edelsteine","30":"product_tag-bauspiel-holzklotze-edelsteine-de-2","31":"product_tag-bauspiel-holzklotze-edelsteine-de","32":"product_tag-bauspiel-holzklotze-funkelnde-steine","33":"product_tag-bauspiel-kleine-farbspuren-edelsteine","34":"product_tag-bausteine-mit-edelsteinen","35":"product_tag-blocke-acryl-edelsteine-bauspiel","36":"product_tag-blocke-mit-funkelnden-acryl-edelsteinen","37":"product_tag-edelsteine-holzklotze","38":"product_tag-holzklotze-mit-edelsteinen","39":"product_tag-kleine-farbspuren-holzklotze-25-stuck-bauspiel","41":"first","42":"outofstock","43":"taxable","44":"shipping-taxable","45":"purchasable","46":"product-type-simple"},"yoast_head":"<!-- This site is optimized with the Yoast SEO plugin v27.3 - https:\/\/yoast.com\/product\/yoast-seo-wordpress\/ -->\n<title>Kleine Farbstrasse Acryl-Edelsteinen &amp; Lichtbauw\u00fcrfel Kombi Box \u2013 Bauspiel<\/title>\n<meta name=\"description\" content=\"Dieses h\u00fcbsche Kleine Farbstrasse Naturholz Kombi Box enth\u00e4lt Holzbl\u00f6cke, Durchsichtsbl\u00f6cke mit Acryl-Edelsteinen und Acryl Lichbauw\u00fcrfeln.\" \/>\n<meta name=\"robots\" content=\"index, follow, max-snippet:-1, max-image-preview:large, max-video-preview:-1\" \/>\n<link rel=\"canonical\" href=\"https:\/\/teiaeducation.ch\/de\/produkt\/kleine-farbstrasse-naturholz-mit-acryl-edelsteinen-lichtbauwuerfel-kombi-box-bauspiel\/\" \/>\n<meta property=\"og:locale\" content=\"de_DE\" \/>\n<meta property=\"og:type\" content=\"article\" \/>\n<meta property=\"og:title\" content=\"Kleine Farbstrasse Acryl-Edelsteinen &amp; Lichtbauw\u00fcrfel Kombi Box \u2013 Bauspiel\" \/>\n<meta property=\"og:description\" content=\"Dieses h\u00fcbsche Kleine Farbstrasse Naturholz Kombi Box enth\u00e4lt Holzbl\u00f6cke, Durchsichtsbl\u00f6cke mit Acryl-Edelsteinen und Acryl Lichbauw\u00fcrfeln.\" \/>\n<meta property=\"og:url\" content=\"https:\/\/teiaeducation.ch\/de\/produkt\/kleine-farbstrasse-naturholz-mit-acryl-edelsteinen-lichtbauwuerfel-kombi-box-bauspiel\/\" \/>\n<meta property=\"og:site_name\" content=\"Sustainable Educational Products &amp; Ecological Toys\u00a0\" \/>\n<meta property=\"article:publisher\" content=\"https:\/\/www.facebook.com\/teiaeducation\/\" \/>\n<meta property=\"article:modified_time\" content=\"2024-11-15T14:36:45+00:00\" \/>\n<meta property=\"og:image\" content=\"https:\/\/teiaeducation.ch\/wp-content\/uploads\/2023\/10\/Small-colour-tracks-wooden-gemstones-blocks-45-pieces-Bauspiel-2-scaled.jpg\" \/>\n\t<meta property=\"og:image:width\" content=\"2048\" \/>\n\t<meta property=\"og:image:height\" content=\"1877\" \/>\n\t<meta property=\"og:image:type\" content=\"image\/jpeg\" \/>\n<script type=\"application\/ld+json\" class=\"yoast-schema-graph\">{\"@context\":\"https:\\\/\\\/schema.org\",\"@graph\":[{\"@type\":\"WebPage\",\"@id\":\"https:\\\/\\\/teiaeducation.ch\\\/de\\\/produkt\\\/kleine-farbstrasse-naturholz-mit-acryl-edelsteinen-lichtbauwuerfel-kombi-box-bauspiel\\\/\",\"url\":\"https:\\\/\\\/teiaeducation.ch\\\/de\\\/produkt\\\/kleine-farbstrasse-naturholz-mit-acryl-edelsteinen-lichtbauwuerfel-kombi-box-bauspiel\\\/\",\"name\":\"Kleine Farbstrasse Acryl-Edelsteinen & Lichtbauw\u00fcrfel Kombi Box \u2013 Bauspiel\",\"isPartOf\":{\"@id\":\"https:\\\/\\\/teiaeducation.ch\\\/de\\\/#website\"},\"primaryImageOfPage\":{\"@id\":\"https:\\\/\\\/teiaeducation.ch\\\/de\\\/produkt\\\/kleine-farbstrasse-naturholz-mit-acryl-edelsteinen-lichtbauwuerfel-kombi-box-bauspiel\\\/#primaryimage\"},\"image\":{\"@id\":\"https:\\\/\\\/teiaeducation.ch\\\/de\\\/produkt\\\/kleine-farbstrasse-naturholz-mit-acryl-edelsteinen-lichtbauwuerfel-kombi-box-bauspiel\\\/#primaryimage\"},\"thumbnailUrl\":\"https:\\\/\\\/teiaeducation.ch\\\/wp-content\\\/uploads\\\/2023\\\/10\\\/Small-colour-tracks-wooden-gemstones-blocks-45-pieces-Bauspiel-2-scaled.jpg\",\"datePublished\":\"2023-10-17T12:31:54+00:00\",\"dateModified\":\"2024-11-15T14:36:45+00:00\",\"description\":\"Dieses h\u00fcbsche Kleine Farbstrasse Naturholz Kombi Box enth\u00e4lt Holzbl\u00f6cke, Durchsichtsbl\u00f6cke mit Acryl-Edelsteinen und Acryl Lichbauw\u00fcrfeln.\",\"breadcrumb\":{\"@id\":\"https:\\\/\\\/teiaeducation.ch\\\/de\\\/produkt\\\/kleine-farbstrasse-naturholz-mit-acryl-edelsteinen-lichtbauwuerfel-kombi-box-bauspiel\\\/#breadcrumb\"},\"inLanguage\":\"de-CH\",\"potentialAction\":[{\"@type\":\"ReadAction\",\"target\":[\"https:\\\/\\\/teiaeducation.ch\\\/de\\\/produkt\\\/kleine-farbstrasse-naturholz-mit-acryl-edelsteinen-lichtbauwuerfel-kombi-box-bauspiel\\\/\"]}]},{\"@type\":\"ImageObject\",\"inLanguage\":\"de-CH\",\"@id\":\"https:\\\/\\\/teiaeducation.ch\\\/de\\\/produkt\\\/kleine-farbstrasse-naturholz-mit-acryl-edelsteinen-lichtbauwuerfel-kombi-box-bauspiel\\\/#primaryimage\",\"url\":\"https:\\\/\\\/teiaeducation.ch\\\/wp-content\\\/uploads\\\/2023\\\/10\\\/Small-colour-tracks-wooden-gemstones-blocks-45-pieces-Bauspiel-2-scaled.jpg\",\"contentUrl\":\"https:\\\/\\\/teiaeducation.ch\\\/wp-content\\\/uploads\\\/2023\\\/10\\\/Small-colour-tracks-wooden-gemstones-blocks-45-pieces-Bauspiel-2-scaled.jpg\",\"width\":2048,\"height\":1877,\"caption\":\"Kleine Farbstrasse Naturholz mit Acryl-Edelsteinen & Lichtbauw\u00fcrfel Kombi Box \u2013 Bauspiel\"},{\"@type\":\"BreadcrumbList\",\"@id\":\"https:\\\/\\\/teiaeducation.ch\\\/de\\\/produkt\\\/kleine-farbstrasse-naturholz-mit-acryl-edelsteinen-lichtbauwuerfel-kombi-box-bauspiel\\\/#breadcrumb\",\"itemListElement\":[{\"@type\":\"ListItem\",\"position\":1,\"name\":\"Home\",\"item\":\"https:\\\/\\\/teiaeducation.ch\\\/de\\\/\"},{\"@type\":\"ListItem\",\"position\":2,\"name\":\"Laden\",\"item\":\"https:\\\/\\\/teiaeducation.ch\\\/de\\\/shop\\\/\"},{\"@type\":\"ListItem\",\"position\":3,\"name\":\"Unsere Marken\",\"item\":\"https:\\\/\\\/teiaeducation.ch\\\/de\\\/produkt-kategorie\\\/unsere-marken\\\/\"},{\"@type\":\"ListItem\",\"position\":4,\"name\":\"Bauspiel\",\"item\":\"https:\\\/\\\/teiaeducation.ch\\\/de\\\/produkt-kategorie\\\/unsere-marken\\\/bauspiel-de\\\/\"},{\"@type\":\"ListItem\",\"position\":5,\"name\":\"Kleine Farbstrasse Naturholz mit Acryl-Edelsteinen &amp; Lichtbauw\u00fcrfel Kombi Box \u2013 Bauspiel\"}]},{\"@type\":\"WebSite\",\"@id\":\"https:\\\/\\\/teiaeducation.ch\\\/de\\\/#website\",\"url\":\"https:\\\/\\\/teiaeducation.ch\\\/de\\\/\",\"name\":\"Sustainable Educational Products &amp; Ecological Toys\u00a0\",\"description\":\"Specialised Swiss shop selling sustainable educational toys and games, AMI certified Montessori materials, handmade ecological wooden Waldorf toys and arts &amp; crafts supplies, school supplies, children&#039;s furniture and Montessori reference and parenting books.\",\"publisher\":{\"@id\":\"https:\\\/\\\/teiaeducation.ch\\\/de\\\/#organization\"},\"alternateName\":\"Teia Education & Play\",\"potentialAction\":[{\"@type\":\"SearchAction\",\"target\":{\"@type\":\"EntryPoint\",\"urlTemplate\":\"https:\\\/\\\/teiaeducation.ch\\\/de\\\/?s={search_term_string}\"},\"query-input\":{\"@type\":\"PropertyValueSpecification\",\"valueRequired\":true,\"valueName\":\"search_term_string\"}}],\"inLanguage\":\"de-CH\"},{\"@type\":\"Organization\",\"@id\":\"https:\\\/\\\/teiaeducation.ch\\\/de\\\/#organization\",\"name\":\"Teia Education & Play\",\"url\":\"https:\\\/\\\/teiaeducation.ch\\\/de\\\/\",\"logo\":{\"@type\":\"ImageObject\",\"inLanguage\":\"de-CH\",\"@id\":\"https:\\\/\\\/teiaeducation.ch\\\/de\\\/#\\\/schema\\\/logo\\\/image\\\/\",\"url\":\"https:\\\/\\\/teiaeducation.ch\\\/wp-content\\\/uploads\\\/2020\\\/11\\\/Teia-Education-Switzerland-e1620156442216.jpg\",\"contentUrl\":\"https:\\\/\\\/teiaeducation.ch\\\/wp-content\\\/uploads\\\/2020\\\/11\\\/Teia-Education-Switzerland-e1620156442216.jpg\",\"width\":166,\"height\":145,\"caption\":\"Teia Education & Play\"},\"image\":{\"@id\":\"https:\\\/\\\/teiaeducation.ch\\\/de\\\/#\\\/schema\\\/logo\\\/image\\\/\"},\"sameAs\":[\"https:\\\/\\\/www.facebook.com\\\/teiaeducation\\\/\",\"https:\\\/\\\/x.com\\\/EducationTeia\",\"https:\\\/\\\/www.instagram.com\\\/teia.education\\\/\",\"https:\\\/\\\/www.linkedin.com\\\/company\\\/35501660\",\"https:\\\/\\\/www.pinterest.ch\\\/TeiaEducation\\\/\"]}]}<\/script>\n<!-- \/ Yoast SEO plugin. -->","yoast_head_json":{"title":"Kleine Farbstrasse Acryl-Edelsteinen & Lichtbauw\u00fcrfel Kombi Box \u2013 Bauspiel","description":"Dieses h\u00fcbsche Kleine Farbstrasse Naturholz Kombi Box enth\u00e4lt Holzbl\u00f6cke, Durchsichtsbl\u00f6cke mit Acryl-Edelsteinen und Acryl Lichbauw\u00fcrfeln.","robots":{"index":"index","follow":"follow","max-snippet":"max-snippet:-1","max-image-preview":"max-image-preview:large","max-video-preview":"max-video-preview:-1"},"canonical":"https:\/\/teiaeducation.ch\/de\/produkt\/kleine-farbstrasse-naturholz-mit-acryl-edelsteinen-lichtbauwuerfel-kombi-box-bauspiel\/","og_locale":"de_DE","og_type":"article","og_title":"Kleine Farbstrasse Acryl-Edelsteinen & Lichtbauw\u00fcrfel Kombi Box \u2013 Bauspiel","og_description":"Dieses h\u00fcbsche Kleine Farbstrasse Naturholz Kombi Box enth\u00e4lt Holzbl\u00f6cke, Durchsichtsbl\u00f6cke mit Acryl-Edelsteinen und Acryl Lichbauw\u00fcrfeln.","og_url":"https:\/\/teiaeducation.ch\/de\/produkt\/kleine-farbstrasse-naturholz-mit-acryl-edelsteinen-lichtbauwuerfel-kombi-box-bauspiel\/","og_site_name":"Sustainable Educational Products &amp; Ecological Toys\u00a0","article_publisher":"https:\/\/www.facebook.com\/teiaeducation\/","article_modified_time":"2024-11-15T14:36:45+00:00","og_image":[{"width":2048,"height":1877,"url":"https:\/\/teiaeducation.ch\/wp-content\/uploads\/2023\/10\/Small-colour-tracks-wooden-gemstones-blocks-45-pieces-Bauspiel-2-scaled.jpg","type":"image\/jpeg"}],"schema":{"@context":"https:\/\/schema.org","@graph":[{"@type":"WebPage","@id":"https:\/\/teiaeducation.ch\/de\/produkt\/kleine-farbstrasse-naturholz-mit-acryl-edelsteinen-lichtbauwuerfel-kombi-box-bauspiel\/","url":"https:\/\/teiaeducation.ch\/de\/produkt\/kleine-farbstrasse-naturholz-mit-acryl-edelsteinen-lichtbauwuerfel-kombi-box-bauspiel\/","name":"Kleine Farbstrasse Acryl-Edelsteinen & Lichtbauw\u00fcrfel Kombi Box \u2013 Bauspiel","isPartOf":{"@id":"https:\/\/teiaeducation.ch\/de\/#website"},"primaryImageOfPage":{"@id":"https:\/\/teiaeducation.ch\/de\/produkt\/kleine-farbstrasse-naturholz-mit-acryl-edelsteinen-lichtbauwuerfel-kombi-box-bauspiel\/#primaryimage"},"image":{"@id":"https:\/\/teiaeducation.ch\/de\/produkt\/kleine-farbstrasse-naturholz-mit-acryl-edelsteinen-lichtbauwuerfel-kombi-box-bauspiel\/#primaryimage"},"thumbnailUrl":"https:\/\/teiaeducation.ch\/wp-content\/uploads\/2023\/10\/Small-colour-tracks-wooden-gemstones-blocks-45-pieces-Bauspiel-2-scaled.jpg","datePublished":"2023-10-17T12:31:54+00:00","dateModified":"2024-11-15T14:36:45+00:00","description":"Dieses h\u00fcbsche Kleine Farbstrasse Naturholz Kombi Box enth\u00e4lt Holzbl\u00f6cke, Durchsichtsbl\u00f6cke mit Acryl-Edelsteinen und Acryl Lichbauw\u00fcrfeln.","breadcrumb":{"@id":"https:\/\/teiaeducation.ch\/de\/produkt\/kleine-farbstrasse-naturholz-mit-acryl-edelsteinen-lichtbauwuerfel-kombi-box-bauspiel\/#breadcrumb"},"inLanguage":"de-CH","potentialAction":[{"@type":"ReadAction","target":["https:\/\/teiaeducation.ch\/de\/produkt\/kleine-farbstrasse-naturholz-mit-acryl-edelsteinen-lichtbauwuerfel-kombi-box-bauspiel\/"]}]},{"@type":"ImageObject","inLanguage":"de-CH","@id":"https:\/\/teiaeducation.ch\/de\/produkt\/kleine-farbstrasse-naturholz-mit-acryl-edelsteinen-lichtbauwuerfel-kombi-box-bauspiel\/#primaryimage","url":"https:\/\/teiaeducation.ch\/wp-content\/uploads\/2023\/10\/Small-colour-tracks-wooden-gemstones-blocks-45-pieces-Bauspiel-2-scaled.jpg","contentUrl":"https:\/\/teiaeducation.ch\/wp-content\/uploads\/2023\/10\/Small-colour-tracks-wooden-gemstones-blocks-45-pieces-Bauspiel-2-scaled.jpg","width":2048,"height":1877,"caption":"Kleine Farbstrasse Naturholz mit Acryl-Edelsteinen & Lichtbauw\u00fcrfel Kombi Box \u2013 Bauspiel"},{"@type":"BreadcrumbList","@id":"https:\/\/teiaeducation.ch\/de\/produkt\/kleine-farbstrasse-naturholz-mit-acryl-edelsteinen-lichtbauwuerfel-kombi-box-bauspiel\/#breadcrumb","itemListElement":[{"@type":"ListItem","position":1,"name":"Home","item":"https:\/\/teiaeducation.ch\/de\/"},{"@type":"ListItem","position":2,"name":"Laden","item":"https:\/\/teiaeducation.ch\/de\/shop\/"},{"@type":"ListItem","position":3,"name":"Unsere Marken","item":"https:\/\/teiaeducation.ch\/de\/produkt-kategorie\/unsere-marken\/"},{"@type":"ListItem","position":4,"name":"Bauspiel","item":"https:\/\/teiaeducation.ch\/de\/produkt-kategorie\/unsere-marken\/bauspiel-de\/"},{"@type":"ListItem","position":5,"name":"Kleine Farbstrasse Naturholz mit Acryl-Edelsteinen &amp; Lichtbauw\u00fcrfel Kombi Box \u2013 Bauspiel"}]},{"@type":"WebSite","@id":"https:\/\/teiaeducation.ch\/de\/#website","url":"https:\/\/teiaeducation.ch\/de\/","name":"Sustainable Educational Products &amp; Ecological Toys\u00a0","description":"Specialised Swiss shop selling sustainable educational toys and games, AMI certified Montessori materials, handmade ecological wooden Waldorf toys and arts &amp; crafts supplies, school supplies, children&#039;s furniture and Montessori reference and parenting books.","publisher":{"@id":"https:\/\/teiaeducation.ch\/de\/#organization"},"alternateName":"Teia Education & Play","potentialAction":[{"@type":"SearchAction","target":{"@type":"EntryPoint","urlTemplate":"https:\/\/teiaeducation.ch\/de\/?s={search_term_string}"},"query-input":{"@type":"PropertyValueSpecification","valueRequired":true,"valueName":"search_term_string"}}],"inLanguage":"de-CH"},{"@type":"Organization","@id":"https:\/\/teiaeducation.ch\/de\/#organization","name":"Teia Education & Play","url":"https:\/\/teiaeducation.ch\/de\/","logo":{"@type":"ImageObject","inLanguage":"de-CH","@id":"https:\/\/teiaeducation.ch\/de\/#\/schema\/logo\/image\/","url":"https:\/\/teiaeducation.ch\/wp-content\/uploads\/2020\/11\/Teia-Education-Switzerland-e1620156442216.jpg","contentUrl":"https:\/\/teiaeducation.ch\/wp-content\/uploads\/2020\/11\/Teia-Education-Switzerland-e1620156442216.jpg","width":166,"height":145,"caption":"Teia Education & Play"},"image":{"@id":"https:\/\/teiaeducation.ch\/de\/#\/schema\/logo\/image\/"},"sameAs":["https:\/\/www.facebook.com\/teiaeducation\/","https:\/\/x.com\/EducationTeia","https:\/\/www.instagram.com\/teia.education\/","https:\/\/www.linkedin.com\/company\/35501660","https:\/\/www.pinterest.ch\/TeiaEducation\/"]}]}},"_links":{"self":[{"href":"https:\/\/teiaeducation.ch\/de\/wp-json\/wp\/v2\/product\/64618","targetHints":{"allow":["GET"]}}],"collection":[{"href":"https:\/\/teiaeducation.ch\/de\/wp-json\/wp\/v2\/product"}],"about":[{"href":"https:\/\/teiaeducation.ch\/de\/wp-json\/wp\/v2\/types\/product"}],"replies":[{"embeddable":true,"href":"https:\/\/teiaeducation.ch\/de\/wp-json\/wp\/v2\/comments?post=64618"}],"wp:featuredmedia":[{"embeddable":true,"href":"https:\/\/teiaeducation.ch\/de\/wp-json\/wp\/v2\/media\/56653"}],"wp:attachment":[{"href":"https:\/\/teiaeducation.ch\/de\/wp-json\/wp\/v2\/media?parent=64618"}],"wp:term":[{"taxonomy":"product_brand","embeddable":true,"href":"https:\/\/teiaeducation.ch\/de\/wp-json\/wp\/v2\/product_brand?post=64618"},{"taxonomy":"product_cat","embeddable":true,"href":"https:\/\/teiaeducation.ch\/de\/wp-json\/wp\/v2\/product_cat?post=64618"},{"taxonomy":"product_tag","embeddable":true,"href":"https:\/\/teiaeducation.ch\/de\/wp-json\/wp\/v2\/product_tag?post=64618"}],"curies":[{"name":"wp","href":"https:\/\/api.w.org\/{rel}","templated":true}]}}