{"id":65545,"date":"2023-10-31T15:41:17","date_gmt":"2023-10-31T14:41:17","guid":{"rendered":"https:\/\/teiaeducation.ch\/product\/baumwoll-spieltuecher-12-regenbogenfarben-bauspiel\/"},"modified":"2025-03-07T13:08:27","modified_gmt":"2025-03-07T12:08:27","slug":"baumwoll-spieltuecher-12-regenbogenfarben-bauspiel","status":"publish","type":"product","link":"https:\/\/teiaeducation.ch\/de\/produkt\/baumwoll-spieltuecher-12-regenbogenfarben-bauspiel\/","title":{"rendered":"Baumwoll Spielt\u00fccher 12 Regenbogenfarben &#8211; Bauspiel"},"content":{"rendered":"<p>Das hochwertige, von der <a href=\"https:\/\/teiaeducation.ch\/product-category\/hgh-quality-toys-play\/waldorf-toys\/\">Waldorf<\/a>p\u00e4dagogik inspirierte Bauspiel-Set \u201eFarbkreis\u201c aus naturbelassener Baumwolle in 12 Regenbogenfarben ist das perfekte <a href=\"https:\/\/teiaeducation.ch\/product-category\/play\/fabric-toys\/\">Stoffspielzeug<\/a> zum <a href=\"https:\/\/teiaeducation.ch\/product-category\/brands\/educo\/pretend-play\/dressing-up\/\">Verkleiden<\/a>, zum Bauen von geheimen Burgen und Verstecken, zum Einpacken von <a href=\"https:\/\/teiaeducation.ch\/product-category\/gifts-guides\/\">Geschenken<\/a>, zum Anrichten von <a href=\"https:\/\/teiaeducation.ch\/product-category\/celebrations\/nature-seasonal-tables\/\">Saison- und Naturtischen<\/a>, als farbenfrohe Unterlage f\u00fcr das Kleine-Welt-Spiel und vieles mehr. Sie sind eine wunderbare Erg\u00e4nzung f\u00fcr jeden Spielraum und jede (Heim-)Schulumgebung! <\/p>\n<p>Die Spielt\u00fccher bestehen aus 100% reiner und angenehm weicher Baumwolle und werden in Deutschland mit ungiftigen Farben auf Wasserbasis handgef\u00e4rbt. Sie sind dick und robust, haben aber gerade genug Transparenz, um Licht durchscheinen zu lassen. <\/p>\n<p>Die Baumwollt\u00fccher sind 80 x 80 cm gro\u00df und in 12 Regenbogenfarben erh\u00e4ltlich, die nach dem Goethe-Rad und der Farbenlehre ausgew\u00e4hlt wurden.<\/p>\n<p>Die Bauspiel Spielt\u00fccher aus nat\u00fcrlicher Baumwolle sind f\u00fcr Kinder ab 1 Jahr geeignet.<\/p>\n<p>Inhalt:<\/p>\n<p>12 Spielt\u00fccher aus reiner Baumwolle (80x80cm)<\/p>\n<h2>Pflegehinweise<\/h2>\n<p>Handw\u00e4sche mit mildem Waschmittel, in kaltem Wasser bis zu 30 Grad &#8211; bitte beachten Sie die Pflegehinweise auf dem Etikett.<\/p>\n<h2>R\u00fcckgabepolitik<\/h2>\n<p>Alle zur\u00fcckgesandten Artikel m\u00fcssen sich in ihrem Originalzustand befinden und die Originalverpackung sowie die Etiketten m\u00fcssen angebracht und intakt sein. Gebrauchte oder gewaschene Artikel k\u00f6nnen nicht zur\u00fcckgegeben werden.<\/p>\n<h2>\u00dcber Bauspiel<\/h2>\n<p><a href=\"https:\/\/teiaeducation.ch\/product-category\/brands\/bauspiel\/\">Bauspiel<\/a> ist eine kleine umweltbewusste <a href=\"https:\/\/teiaeducation.ch\/product-category\/hgh-quality-toys-play\/handmade-wooden-toys\/\">Holz<\/a>&#8211; und Filzspielzeugmarke aus Deutschland. Die handgefertigten Bauspielzeuge zeichnen sich durch ihre hohe Qualit\u00e4t und hervorragende Verarbeitung aus. Sie sind lehrreich und <a href=\"https:\/\/teiaeducation.ch\/product-category\/play\/open-ended-play\/\">ergebnisoffen<\/a> und laden zum freien und unbegrenzten Spiel ein, das sich auf das Erlernen verschiedener p\u00e4dagogischer Konzepte wie Farbe, Form und Mathematik konzentriert.<\/p>\n<p>Alle Bauspiel-Spielzeuge werden aus umweltfreundlichen Materialien wie ge\u00f6lten Naturh\u00f6lzern und fair produziertem Wollfilz aus Nepal hergestellt. Sie entsprechen hinsichtlich ihrer Rohstoffe der europ\u00e4ischen Spielzeugnorm EN71 und sind f\u00fcr (kleine) Kinder sicher.<\/p>\n<p>Der Schutz und die Achtung der Umwelt zieht sich ganzheitlich durch das gesamte Unternehmen und die Vision von Bauspiel, von den Lieferanten \u00fcber die Mitarbeiter bis zu den Kunden. Sie verwenden faire L\u00f6hne, faire und nachhaltige Produktionsbedingungen, recycelte Verpackungsmaterialien und umweltfreundliche Farben, Klebstoffe und nat\u00fcrliche \u00d6le f\u00fcr die Herstellung ihrer Spielzeuge. Um die Nachhaltigkeit weiter zu gew\u00e4hrleisten, bietet Bauspiel einen umfassenden Ersatzteil- und Reparaturservice f\u00fcr seine Spielzeuge an.<\/p>\n","protected":false},"excerpt":{"rendered":"<p>Artikelnummer: BS5000<\/p>\n<p>Das hochwertige Bauspiel-Spieltuch-Set \u201eFarbkreis\u201c aus nat\u00fcrlicher Baumwolle in 12 Regenbogenfarben ist eine sch\u00f6ne Erg\u00e4nzung f\u00fcr jeden Spielraum!<\/p>\n","protected":false},"featured_media":56931,"comment_status":"open","ping_status":"closed","template":"","meta":[],"product_brand":[],"product_cat":[21444,21445,21446,26469,21479,21465,21690,21492,21484,21474,22182,21443,22349,21563,21695,21678,21685,21564,21483,22919],"product_tag":[28539,28542,28540,28541,28546,28547,25837,28545,28544,28543],"class_list":{"0":"post-65545","1":"product","2":"type-product","3":"status-publish","4":"has-post-thumbnail","6":"product_cat-1-3-jahre-kleinkind","7":"product_cat-3-6-jahre-vorschule","8":"product_cat-6-12-jahre-grundschule","9":"product_cat-bauspiel-de","10":"product_cat-lernmaterialien-spielzeug-montessori-waldorf-steiner-froebel","11":"product_cat-feier-festlichkeiten","12":"product_cat-spiele-mit-offenem-ende","13":"product_cat-geschenk-guide-stoffspielzeug","14":"product_cat-geschenk-guides","15":"product_cat-klassenzimmer-essenzien","16":"product_cat-montessori-spielzeug","17":"product_cat-nach-alter","18":"product_cat-natur-saisonale-tische-de","19":"product_cat-neuheiten","20":"product_cat-sinnliches-spiel","21":"product_cat-kinder-spielzeug","22":"product_cat-stoffspielzeug","23":"product_cat-unsere-marken","24":"product_cat-waldorf-steiner-paedagogik","25":"product_cat-waldorfspielzeug","26":"product_tag-bauspiel-de","27":"product_tag-bauspiel-baumwollspieltucher","28":"product_tag-bauspiel-farbkreis-tucher","29":"product_tag-bauspiel-regenbogen-spieltucher","30":"product_tag-goethe-farbkreis-tucher","31":"product_tag-spieltucher-aus-naturlicher-baumwolle-in-regenbogenfarben","32":"product_tag-waldorf-stoffspielzeug","33":"product_tag-waldorf-baumwollspieltucher","34":"product_tag-waldorf-regenbogentucher","35":"product_tag-waldorfspieltucher","37":"first","38":"outofstock","39":"taxable","40":"shipping-taxable","41":"purchasable","42":"product-type-simple"},"yoast_head":"<!-- This site is optimized with the Yoast SEO plugin v27.1.1 - https:\/\/yoast.com\/product\/yoast-seo-wordpress\/ -->\n<title>Baumwoll Spielt\u00fccher 12 Regenbogenfarben - Bauspiel<\/title>\n<meta name=\"description\" content=\"Das hochwertige Bauspiel-Spieltuch-Set \u201eFarbkreis\u201c aus nat\u00fcrlicher Baumwolle in 12 Regenbogenfarben ist eine sch\u00f6ne Erg\u00e4nzung f\u00fcr jeden Spielraum.\" \/>\n<meta name=\"robots\" content=\"index, follow, max-snippet:-1, max-image-preview:large, max-video-preview:-1\" \/>\n<link rel=\"canonical\" href=\"https:\/\/teiaeducation.ch\/de\/produkt\/baumwoll-spieltuecher-12-regenbogenfarben-bauspiel\/\" \/>\n<meta property=\"og:locale\" content=\"de_DE\" \/>\n<meta property=\"og:type\" content=\"article\" \/>\n<meta property=\"og:title\" content=\"Baumwoll Spielt\u00fccher 12 Regenbogenfarben - Bauspiel\" \/>\n<meta property=\"og:description\" content=\"Das hochwertige Bauspiel-Spieltuch-Set \u201eFarbkreis\u201c aus nat\u00fcrlicher Baumwolle in 12 Regenbogenfarben ist eine sch\u00f6ne Erg\u00e4nzung f\u00fcr jeden Spielraum.\" \/>\n<meta property=\"og:url\" content=\"https:\/\/teiaeducation.ch\/de\/produkt\/baumwoll-spieltuecher-12-regenbogenfarben-bauspiel\/\" \/>\n<meta property=\"og:site_name\" content=\"Sustainable Educational Products &amp; Ecological Toys\u00a0\" \/>\n<meta property=\"article:publisher\" content=\"https:\/\/www.facebook.com\/teiaeducation\/\" \/>\n<meta property=\"article:modified_time\" content=\"2025-03-07T12:08:27+00:00\" \/>\n<meta property=\"og:image\" content=\"https:\/\/teiaeducation.ch\/wp-content\/uploads\/2023\/10\/Cotton-play-cloths-12-rainbow-colours-Bauspiel-scaled.jpg\" \/>\n\t<meta property=\"og:image:width\" content=\"2048\" \/>\n\t<meta property=\"og:image:height\" content=\"1905\" \/>\n\t<meta property=\"og:image:type\" content=\"image\/jpeg\" \/>\n<script type=\"application\/ld+json\" class=\"yoast-schema-graph\">{\"@context\":\"https:\/\/schema.org\",\"@graph\":[{\"@type\":\"WebPage\",\"@id\":\"https:\/\/teiaeducation.ch\/de\/produkt\/baumwoll-spieltuecher-12-regenbogenfarben-bauspiel\/\",\"url\":\"https:\/\/teiaeducation.ch\/de\/produkt\/baumwoll-spieltuecher-12-regenbogenfarben-bauspiel\/\",\"name\":\"Baumwoll Spielt\u00fccher 12 Regenbogenfarben - Bauspiel\",\"isPartOf\":{\"@id\":\"https:\/\/teiaeducation.ch\/de\/#website\"},\"primaryImageOfPage\":{\"@id\":\"https:\/\/teiaeducation.ch\/de\/produkt\/baumwoll-spieltuecher-12-regenbogenfarben-bauspiel\/#primaryimage\"},\"image\":{\"@id\":\"https:\/\/teiaeducation.ch\/de\/produkt\/baumwoll-spieltuecher-12-regenbogenfarben-bauspiel\/#primaryimage\"},\"thumbnailUrl\":\"https:\/\/teiaeducation.ch\/wp-content\/uploads\/2023\/10\/Cotton-play-cloths-12-rainbow-colours-Bauspiel-scaled.jpg\",\"datePublished\":\"2023-10-31T14:41:17+00:00\",\"dateModified\":\"2025-03-07T12:08:27+00:00\",\"description\":\"Das hochwertige Bauspiel-Spieltuch-Set \u201eFarbkreis\u201c aus nat\u00fcrlicher Baumwolle in 12 Regenbogenfarben ist eine sch\u00f6ne Erg\u00e4nzung f\u00fcr jeden Spielraum.\",\"breadcrumb\":{\"@id\":\"https:\/\/teiaeducation.ch\/de\/produkt\/baumwoll-spieltuecher-12-regenbogenfarben-bauspiel\/#breadcrumb\"},\"inLanguage\":\"de-CH\",\"potentialAction\":[{\"@type\":\"ReadAction\",\"target\":[\"https:\/\/teiaeducation.ch\/de\/produkt\/baumwoll-spieltuecher-12-regenbogenfarben-bauspiel\/\"]}]},{\"@type\":\"ImageObject\",\"inLanguage\":\"de-CH\",\"@id\":\"https:\/\/teiaeducation.ch\/de\/produkt\/baumwoll-spieltuecher-12-regenbogenfarben-bauspiel\/#primaryimage\",\"url\":\"https:\/\/teiaeducation.ch\/wp-content\/uploads\/2023\/10\/Cotton-play-cloths-12-rainbow-colours-Bauspiel-scaled.jpg\",\"contentUrl\":\"https:\/\/teiaeducation.ch\/wp-content\/uploads\/2023\/10\/Cotton-play-cloths-12-rainbow-colours-Bauspiel-scaled.jpg\",\"width\":2048,\"height\":1905,\"caption\":\"Baumwollspielt\u00fccher 12 Regenbogenfarben Bauspielzeug\"},{\"@type\":\"BreadcrumbList\",\"@id\":\"https:\/\/teiaeducation.ch\/de\/produkt\/baumwoll-spieltuecher-12-regenbogenfarben-bauspiel\/#breadcrumb\",\"itemListElement\":[{\"@type\":\"ListItem\",\"position\":1,\"name\":\"Home\",\"item\":\"https:\/\/teiaeducation.ch\/de\/\"},{\"@type\":\"ListItem\",\"position\":2,\"name\":\"Laden\",\"item\":\"https:\/\/teiaeducation.ch\/de\/shop\/\"},{\"@type\":\"ListItem\",\"position\":3,\"name\":\"Baumwoll Spielt\u00fccher 12 Regenbogenfarben &#8211; Bauspiel\"}]},{\"@type\":\"WebSite\",\"@id\":\"https:\/\/teiaeducation.ch\/de\/#website\",\"url\":\"https:\/\/teiaeducation.ch\/de\/\",\"name\":\"Sustainable Educational Products &amp; Ecological Toys\u00a0\",\"description\":\"Specialised Swiss shop selling sustainable educational toys and games, AMI certified Montessori materials, handmade ecological wooden Waldorf toys and arts &amp; crafts supplies, school supplies, children&#039;s furniture and Montessori reference and parenting books.\",\"publisher\":{\"@id\":\"https:\/\/teiaeducation.ch\/de\/#organization\"},\"alternateName\":\"Teia Education & Play\",\"potentialAction\":[{\"@type\":\"SearchAction\",\"target\":{\"@type\":\"EntryPoint\",\"urlTemplate\":\"https:\/\/teiaeducation.ch\/de\/?s={search_term_string}\"},\"query-input\":{\"@type\":\"PropertyValueSpecification\",\"valueRequired\":true,\"valueName\":\"search_term_string\"}}],\"inLanguage\":\"de-CH\"},{\"@type\":\"Organization\",\"@id\":\"https:\/\/teiaeducation.ch\/de\/#organization\",\"name\":\"Teia Education & Play\",\"url\":\"https:\/\/teiaeducation.ch\/de\/\",\"logo\":{\"@type\":\"ImageObject\",\"inLanguage\":\"de-CH\",\"@id\":\"https:\/\/teiaeducation.ch\/de\/#\/schema\/logo\/image\/\",\"url\":\"https:\/\/teiaeducation.ch\/wp-content\/uploads\/2020\/11\/Teia-Education-Switzerland-e1620156442216.jpg\",\"contentUrl\":\"https:\/\/teiaeducation.ch\/wp-content\/uploads\/2020\/11\/Teia-Education-Switzerland-e1620156442216.jpg\",\"width\":166,\"height\":145,\"caption\":\"Teia Education & Play\"},\"image\":{\"@id\":\"https:\/\/teiaeducation.ch\/de\/#\/schema\/logo\/image\/\"},\"sameAs\":[\"https:\/\/www.facebook.com\/teiaeducation\/\",\"https:\/\/x.com\/EducationTeia\",\"https:\/\/www.instagram.com\/teia.education\/\",\"https:\/\/www.linkedin.com\/company\/35501660\",\"https:\/\/www.pinterest.ch\/TeiaEducation\/\"]}]}<\/script>\n<!-- \/ Yoast SEO plugin. -->","yoast_head_json":{"title":"Baumwoll Spielt\u00fccher 12 Regenbogenfarben - Bauspiel","description":"Das hochwertige Bauspiel-Spieltuch-Set \u201eFarbkreis\u201c aus nat\u00fcrlicher Baumwolle in 12 Regenbogenfarben ist eine sch\u00f6ne Erg\u00e4nzung f\u00fcr jeden Spielraum.","robots":{"index":"index","follow":"follow","max-snippet":"max-snippet:-1","max-image-preview":"max-image-preview:large","max-video-preview":"max-video-preview:-1"},"canonical":"https:\/\/teiaeducation.ch\/de\/produkt\/baumwoll-spieltuecher-12-regenbogenfarben-bauspiel\/","og_locale":"de_DE","og_type":"article","og_title":"Baumwoll Spielt\u00fccher 12 Regenbogenfarben - Bauspiel","og_description":"Das hochwertige Bauspiel-Spieltuch-Set \u201eFarbkreis\u201c aus nat\u00fcrlicher Baumwolle in 12 Regenbogenfarben ist eine sch\u00f6ne Erg\u00e4nzung f\u00fcr jeden Spielraum.","og_url":"https:\/\/teiaeducation.ch\/de\/produkt\/baumwoll-spieltuecher-12-regenbogenfarben-bauspiel\/","og_site_name":"Sustainable Educational Products &amp; Ecological Toys\u00a0","article_publisher":"https:\/\/www.facebook.com\/teiaeducation\/","article_modified_time":"2025-03-07T12:08:27+00:00","og_image":[{"width":2048,"height":1905,"url":"https:\/\/teiaeducation.ch\/wp-content\/uploads\/2023\/10\/Cotton-play-cloths-12-rainbow-colours-Bauspiel-scaled.jpg","type":"image\/jpeg"}],"schema":{"@context":"https:\/\/schema.org","@graph":[{"@type":"WebPage","@id":"https:\/\/teiaeducation.ch\/de\/produkt\/baumwoll-spieltuecher-12-regenbogenfarben-bauspiel\/","url":"https:\/\/teiaeducation.ch\/de\/produkt\/baumwoll-spieltuecher-12-regenbogenfarben-bauspiel\/","name":"Baumwoll Spielt\u00fccher 12 Regenbogenfarben - Bauspiel","isPartOf":{"@id":"https:\/\/teiaeducation.ch\/de\/#website"},"primaryImageOfPage":{"@id":"https:\/\/teiaeducation.ch\/de\/produkt\/baumwoll-spieltuecher-12-regenbogenfarben-bauspiel\/#primaryimage"},"image":{"@id":"https:\/\/teiaeducation.ch\/de\/produkt\/baumwoll-spieltuecher-12-regenbogenfarben-bauspiel\/#primaryimage"},"thumbnailUrl":"https:\/\/teiaeducation.ch\/wp-content\/uploads\/2023\/10\/Cotton-play-cloths-12-rainbow-colours-Bauspiel-scaled.jpg","datePublished":"2023-10-31T14:41:17+00:00","dateModified":"2025-03-07T12:08:27+00:00","description":"Das hochwertige Bauspiel-Spieltuch-Set \u201eFarbkreis\u201c aus nat\u00fcrlicher Baumwolle in 12 Regenbogenfarben ist eine sch\u00f6ne Erg\u00e4nzung f\u00fcr jeden Spielraum.","breadcrumb":{"@id":"https:\/\/teiaeducation.ch\/de\/produkt\/baumwoll-spieltuecher-12-regenbogenfarben-bauspiel\/#breadcrumb"},"inLanguage":"de-CH","potentialAction":[{"@type":"ReadAction","target":["https:\/\/teiaeducation.ch\/de\/produkt\/baumwoll-spieltuecher-12-regenbogenfarben-bauspiel\/"]}]},{"@type":"ImageObject","inLanguage":"de-CH","@id":"https:\/\/teiaeducation.ch\/de\/produkt\/baumwoll-spieltuecher-12-regenbogenfarben-bauspiel\/#primaryimage","url":"https:\/\/teiaeducation.ch\/wp-content\/uploads\/2023\/10\/Cotton-play-cloths-12-rainbow-colours-Bauspiel-scaled.jpg","contentUrl":"https:\/\/teiaeducation.ch\/wp-content\/uploads\/2023\/10\/Cotton-play-cloths-12-rainbow-colours-Bauspiel-scaled.jpg","width":2048,"height":1905,"caption":"Baumwollspielt\u00fccher 12 Regenbogenfarben Bauspielzeug"},{"@type":"BreadcrumbList","@id":"https:\/\/teiaeducation.ch\/de\/produkt\/baumwoll-spieltuecher-12-regenbogenfarben-bauspiel\/#breadcrumb","itemListElement":[{"@type":"ListItem","position":1,"name":"Home","item":"https:\/\/teiaeducation.ch\/de\/"},{"@type":"ListItem","position":2,"name":"Laden","item":"https:\/\/teiaeducation.ch\/de\/shop\/"},{"@type":"ListItem","position":3,"name":"Baumwoll Spielt\u00fccher 12 Regenbogenfarben &#8211; Bauspiel"}]},{"@type":"WebSite","@id":"https:\/\/teiaeducation.ch\/de\/#website","url":"https:\/\/teiaeducation.ch\/de\/","name":"Sustainable Educational Products &amp; Ecological Toys\u00a0","description":"Specialised Swiss shop selling sustainable educational toys and games, AMI certified Montessori materials, handmade ecological wooden Waldorf toys and arts &amp; crafts supplies, school supplies, children&#039;s furniture and Montessori reference and parenting books.","publisher":{"@id":"https:\/\/teiaeducation.ch\/de\/#organization"},"alternateName":"Teia Education & Play","potentialAction":[{"@type":"SearchAction","target":{"@type":"EntryPoint","urlTemplate":"https:\/\/teiaeducation.ch\/de\/?s={search_term_string}"},"query-input":{"@type":"PropertyValueSpecification","valueRequired":true,"valueName":"search_term_string"}}],"inLanguage":"de-CH"},{"@type":"Organization","@id":"https:\/\/teiaeducation.ch\/de\/#organization","name":"Teia Education & Play","url":"https:\/\/teiaeducation.ch\/de\/","logo":{"@type":"ImageObject","inLanguage":"de-CH","@id":"https:\/\/teiaeducation.ch\/de\/#\/schema\/logo\/image\/","url":"https:\/\/teiaeducation.ch\/wp-content\/uploads\/2020\/11\/Teia-Education-Switzerland-e1620156442216.jpg","contentUrl":"https:\/\/teiaeducation.ch\/wp-content\/uploads\/2020\/11\/Teia-Education-Switzerland-e1620156442216.jpg","width":166,"height":145,"caption":"Teia Education & Play"},"image":{"@id":"https:\/\/teiaeducation.ch\/de\/#\/schema\/logo\/image\/"},"sameAs":["https:\/\/www.facebook.com\/teiaeducation\/","https:\/\/x.com\/EducationTeia","https:\/\/www.instagram.com\/teia.education\/","https:\/\/www.linkedin.com\/company\/35501660","https:\/\/www.pinterest.ch\/TeiaEducation\/"]}]}},"_links":{"self":[{"href":"https:\/\/teiaeducation.ch\/de\/wp-json\/wp\/v2\/product\/65545","targetHints":{"allow":["GET"]}}],"collection":[{"href":"https:\/\/teiaeducation.ch\/de\/wp-json\/wp\/v2\/product"}],"about":[{"href":"https:\/\/teiaeducation.ch\/de\/wp-json\/wp\/v2\/types\/product"}],"replies":[{"embeddable":true,"href":"https:\/\/teiaeducation.ch\/de\/wp-json\/wp\/v2\/comments?post=65545"}],"wp:featuredmedia":[{"embeddable":true,"href":"https:\/\/teiaeducation.ch\/de\/wp-json\/wp\/v2\/media\/56931"}],"wp:attachment":[{"href":"https:\/\/teiaeducation.ch\/de\/wp-json\/wp\/v2\/media?parent=65545"}],"wp:term":[{"taxonomy":"product_brand","embeddable":true,"href":"https:\/\/teiaeducation.ch\/de\/wp-json\/wp\/v2\/product_brand?post=65545"},{"taxonomy":"product_cat","embeddable":true,"href":"https:\/\/teiaeducation.ch\/de\/wp-json\/wp\/v2\/product_cat?post=65545"},{"taxonomy":"product_tag","embeddable":true,"href":"https:\/\/teiaeducation.ch\/de\/wp-json\/wp\/v2\/product_tag?post=65545"}],"curies":[{"name":"wp","href":"https:\/\/api.w.org\/{rel}","templated":true}]}}