{"id":65546,"date":"2024-12-19T14:18:35","date_gmt":"2024-12-19T13:18:35","guid":{"rendered":"https:\/\/teiaeducation.ch\/product\/stufenzaehlstaebe-baukloetze-set-bauspiel\/"},"modified":"2025-05-19T11:06:31","modified_gmt":"2025-05-19T09:06:31","slug":"stufenzaehlstaebe-baukloetze-set-bauspiel","status":"publish","type":"product","link":"https:\/\/teiaeducation.ch\/de\/produkt\/stufenzaehlstaebe-baukloetze-set-bauspiel\/","title":{"rendered":"Stufenz\u00e4hlst\u00e4be &amp; Baukl\u00f6tze Set &#8211; Bauspiel"},"content":{"rendered":"<p>Das Bauspiel Stufenz\u00e4hlst\u00e4be und Baukl\u00f6tze Set ist ein wundersch\u00f6nes handgefertigtes, nachhaltiges <a href=\"https:\/\/teiaeducation.ch\/de\/produkt-kategorie\/kinder-spielzeug\/baukloetze-aus-holz\/\">Holzbaukl\u00f6tze-<\/a>Set in 10 verschiedenen Regenbogenfarben! Dieses Set wundersch\u00f6ner Bausteine bietet eine spannende Einf\u00fchrung in die Welt der <a href=\"https:\/\/teiaeducation.ch\/de\/produkt-kategorie\/lernthemen\/mathematik-rechnen\/ziffern\/\">Zahlen<\/a>, <a href=\"https:\/\/teiaeducation.ch\/de\/produkt-kategorie\/lernthemen\/mathematik-rechnen\/fraktionen\/\">Br\u00fcche<\/a>, <a href=\"https:\/\/teiaeducation.ch\/de\/produkt-kategorie\/lernthemen\/mathematik-rechnen\/groesse\/\">Gr\u00f6\u00dfen<\/a> und die Grundlagen der Mathematik und l\u00e4dt zu endlosem Bauspa\u00df ein!<\/p>\n<p>Das gestufte<a href=\"https:\/\/teiaeducation.ch\/de\/produkt-kategorie\/lernthemen\/mathematik-rechnen\/zaehlen\/\"> Z\u00e4hl<\/a>&#8211; und Bauklotzset von Bauspiel besteht aus 100 Kl\u00f6tzen in 10 verschiedenen Gr\u00f6\u00dfen und leuchtenden Farben in einem Holzrahmen. Zwei kleine rosa Kl\u00f6tze sind so gro\u00df wie ein roter Klotz und zwei gelbe Kl\u00f6tze sind so gro\u00df wie ein lila Klotz. Vergleiche sie, ordne sie und bringe sie in die richtige Reihenfolge, um spielerisch die Feinmotorik und das r\u00e4umliche Denken zu entwickeln. Es k\u00f6nnen viele <a href=\"https:\/\/teiaeducation.ch\/de\/produkt-kategorie\/kinder-spielzeug\/stapelspielzeug\/\">Stapel-<\/a>, Zuordnungs- und Bauspiele gespielt und sch\u00f6ne T\u00fcrme und Skulpturen gebaut werden.<\/p>\n<p>Ein \u00e4u\u00dferst ansprechendes und vielseitiges Set f\u00fcr spielerisches Lernen f\u00fcr j\u00fcngere und \u00e4ltere Kinder. Inspiriert von der <a href=\"https:\/\/teiaeducation.ch\/de\/produkt-kategorie\/lernmaterialien-spielzeug-montessori-waldorf-steiner-froebel\/montessori-paedagogik-material-spielzeug\/\">Montessori<\/a>&#8211; und <a href=\"https:\/\/teiaeducation.ch\/de\/produkt-kategorie\/kinder-spielzeug\/waldorfspielzeug\/\">Waldorfp\u00e4dagogik<\/a> sind diese Z\u00e4hl- und Baukl\u00f6tze eine sch\u00f6ne Erg\u00e4nzung f\u00fcr das Spiel- oder Klassenzimmer!<\/p>\n<p>Die Holzkl\u00f6tze passen perfekt zu allen Bauspiel Bauk\u00e4sten und haben abgerundete Kanten. Die mit ungiftiger Farbe bemalten Bl\u00f6cke haben eine matte Oberfl\u00e4che, die das taktile Spiel f\u00f6rdert und eine gewisse Reibung erzeugt, damit die Elemente beim Stapeln nicht verrutschen.<\/p>\n<p>Sie sind aus Erlenholz gefertigt und werden in einem Holztablett pr\u00e4sentiert. Das gesamte Set wird in Handarbeit in Deutschland hergestellt.<\/p>\n<p>Das Stufenz\u00e4hlst\u00e4be und Bauklotzset aus Holz ist f\u00fcr Kinder ab 3 Jahren geeignet.<\/p>\n<p>Inhalt:<\/p>\n<p>100 Holzbaust\u00e4be (2,5 x 2,5-25 cm)<br \/>\n1 Holztablett (28 x 28 cm)<\/p>\n<h2>\u00dcber Bauspiel<\/h2>\n<p><a href=\"https:\/\/teiaeducation.ch\/de\/produkt-kategorie\/unsere-marken\/bauspiel-de\/\">Bauspiel<\/a> ist eine kleine umweltbewusste <a href=\"https:\/\/teiaeducation.ch\/de\/produkt-kategorie\/kinder-spielzeug\/handgefertigtes-holzspielzeug\/\">Holz<\/a>&#8211; und Filzspielzeugmarke aus Deutschland. Die handgefertigten Bauspielzeuge zeichnen sich durch ihre hohe Qualit\u00e4t und hervorragende Verarbeitung aus. Sie sind lehrreich und <a href=\"https:\/\/teiaeducation.ch\/de\/produkt-kategorie\/kinder-spielzeug\/spiele-mit-offenem-ende\/\">ergebnisoffen<\/a> und laden zum freien und unbegrenzten Spiel ein, das sich auf das Erlernen verschiedener p\u00e4dagogischer Konzepte wie Farbe, Form und Mathematik konzentriert.<\/p>\n<p>Alle Bauspiel Spielzeuge werden aus umweltfreundlichen Materialien wie ge\u00f6lten Naturh\u00f6lzern und fair produziertem Wollfilz aus Nepal hergestellt. Sie entsprechen hinsichtlich ihrer Rohstoffe der europ\u00e4ischen Spielzeugnorm EN71 und sind f\u00fcr (kleine) Kinder sicher.<\/p>\n<p>Der Schutz und die Achtung der Umwelt zieht sich ganzheitlich durch das gesamte Unternehmen und die Vision von Bauspiel, von den Lieferanten \u00fcber die Mitarbeiter bis zu den Kunden. Sie verwenden faire L\u00f6hne, faire und nachhaltige Produktionsbedingungen, recycelte Verpackungsmaterialien und umweltfreundliche Farben, Klebstoffe und nat\u00fcrliche \u00d6le f\u00fcr die Herstellung ihrer Spielzeuge. Um die Nachhaltigkeit weiter zu gew\u00e4hrleisten, bietet Bauspiel einen umfassenden Ersatzteil- und Reparaturservice f\u00fcr seine Spielzeuge an.<\/p>\n","protected":false},"excerpt":{"rendered":"<p>Artikelnummer: BS0180<\/p>\n<p>Das Bauspiel Stufenz\u00e4hlst\u00e4be und Baukl\u00f6tze Set aus Holz bietet eine Einf\u00fchrung in die Welt der Zahlen, Br\u00fcche und Gr\u00f6\u00dfen sowie endlosen Bauspa\u00df!<\/p>\n","protected":false},"featured_media":65052,"comment_status":"open","ping_status":"closed","template":"","meta":[],"product_brand":[],"product_cat":[21445,21446,21704,26469,21479,21558,21543,21491,21484,21555,21551,23075,21509,21537,21481,22182,21443,21563,21557,21697,21678,21699,21482,21564,21483,22919,21540,21547],"product_tag":[28539,29941,29943,29942],"class_list":{"0":"post-65546","1":"product","2":"type-product","3":"status-publish","4":"has-post-thumbnail","6":"product_cat-3-6-jahre-vorschule","7":"product_cat-6-12-jahre-grundschule","8":"product_cat-baukloetze-aus-holz","9":"product_cat-bauspiel-de","10":"product_cat-lernmaterialien-spielzeug-montessori-waldorf-steiner-froebel","11":"product_cat-farbe-lernen","12":"product_cat-fraktionen","13":"product_cat-geschenk-guide-lerngeschenke","14":"product_cat-geschenk-guides","15":"product_cat-gewicht-messung","16":"product_cat-groesse","17":"product_cat-handgefertigtes-holzspielzeug","18":"product_cat-lernthemen","19":"product_cat-mathematik-rechnen","20":"product_cat-montessori-paedagogik-material-spielzeug","21":"product_cat-montessori-spielzeug","22":"product_cat-nach-alter","23":"product_cat-neuheiten","24":"product_cat-sensorische-motorische-fertigkeiten","25":"product_cat-sortieren","26":"product_cat-kinder-spielzeug","27":"product_cat-stapelspielzeug","28":"product_cat-traditionelle-bildung","29":"product_cat-unsere-marken","30":"product_cat-waldorf-steiner-paedagogik","31":"product_cat-waldorfspielzeug","32":"product_cat-zaehlen","33":"product_cat-ziffern","34":"product_tag-bauspiel-de","35":"product_tag-bauspiel-gestufte-holzklotze","36":"product_tag-gestufte-zahlblocke-bauspiel","37":"product_tag-stufenweises-zahlen-und-bauklotzchen-set-bauspiel","39":"first","40":"instock","41":"taxable","42":"shipping-taxable","43":"purchasable","44":"product-type-simple"},"yoast_head":"<!-- This site is optimized with the Yoast SEO Premium plugin v25.8 (Yoast SEO v27.4) - https:\/\/yoast.com\/product\/yoast-seo-premium-wordpress\/ -->\n<title>Stufenz\u00e4hlst\u00e4be &amp; Baukl\u00f6tze Set - Bauspiel<\/title>\n<meta name=\"description\" content=\"Das Bauspiel Stufenz\u00e4hlst\u00e4be und Baukl\u00f6tze Set aus Holz bietet eine Einf\u00fchrung in die Welt der Zahlen, Br\u00fcche und Gr\u00f6\u00dfen sowie endlosen Bauspa\u00df!\" \/>\n<meta name=\"robots\" content=\"index, follow, max-snippet:-1, max-image-preview:large, max-video-preview:-1\" \/>\n<link rel=\"canonical\" href=\"https:\/\/teiaeducation.ch\/de\/produkt\/stufenzaehlstaebe-baukloetze-set-bauspiel\/\" \/>\n<meta property=\"og:locale\" content=\"de_DE\" \/>\n<meta property=\"og:type\" content=\"article\" \/>\n<meta property=\"og:title\" content=\"Stufenz\u00e4hlst\u00e4be &amp; Baukl\u00f6tze Set - Bauspiel\" \/>\n<meta property=\"og:description\" content=\"Das Bauspiel Stufenz\u00e4hlst\u00e4be und Baukl\u00f6tze Set aus Holz bietet eine Einf\u00fchrung in die Welt der Zahlen, Br\u00fcche und Gr\u00f6\u00dfen sowie endlosen Bauspa\u00df!\" \/>\n<meta property=\"og:url\" content=\"https:\/\/teiaeducation.ch\/de\/produkt\/stufenzaehlstaebe-baukloetze-set-bauspiel\/\" \/>\n<meta property=\"og:site_name\" content=\"Sustainable Educational Products &amp; Ecological Toys\u00a0\" \/>\n<meta property=\"article:publisher\" content=\"https:\/\/www.facebook.com\/teiaeducation\/\" \/>\n<meta property=\"article:modified_time\" content=\"2025-05-19T09:06:31+00:00\" \/>\n<meta property=\"og:image\" content=\"https:\/\/teiaeducation.ch\/wp-content\/uploads\/2024\/12\/Stepped-wooden-counting-and-building-blocks-set-Bauspiel-0180-scaled.jpg\" \/>\n\t<meta property=\"og:image:width\" content=\"1926\" \/>\n\t<meta property=\"og:image:height\" content=\"2048\" \/>\n\t<meta property=\"og:image:type\" content=\"image\/jpeg\" \/>\n<script type=\"application\/ld+json\" class=\"yoast-schema-graph\">{\"@context\":\"https:\\\/\\\/schema.org\",\"@graph\":[{\"@type\":\"WebPage\",\"@id\":\"https:\\\/\\\/teiaeducation.ch\\\/de\\\/produkt\\\/stufenzaehlstaebe-baukloetze-set-bauspiel\\\/\",\"url\":\"https:\\\/\\\/teiaeducation.ch\\\/de\\\/produkt\\\/stufenzaehlstaebe-baukloetze-set-bauspiel\\\/\",\"name\":\"Stufenz\u00e4hlst\u00e4be & Baukl\u00f6tze Set - Bauspiel\",\"isPartOf\":{\"@id\":\"https:\\\/\\\/teiaeducation.ch\\\/de\\\/#website\"},\"primaryImageOfPage\":{\"@id\":\"https:\\\/\\\/teiaeducation.ch\\\/de\\\/produkt\\\/stufenzaehlstaebe-baukloetze-set-bauspiel\\\/#primaryimage\"},\"image\":{\"@id\":\"https:\\\/\\\/teiaeducation.ch\\\/de\\\/produkt\\\/stufenzaehlstaebe-baukloetze-set-bauspiel\\\/#primaryimage\"},\"thumbnailUrl\":\"https:\\\/\\\/teiaeducation.ch\\\/wp-content\\\/uploads\\\/2024\\\/12\\\/Stepped-wooden-counting-and-building-blocks-set-Bauspiel-0180-scaled.jpg\",\"datePublished\":\"2024-12-19T13:18:35+00:00\",\"dateModified\":\"2025-05-19T09:06:31+00:00\",\"description\":\"Das Bauspiel Stufenz\u00e4hlst\u00e4be und Baukl\u00f6tze Set aus Holz bietet eine Einf\u00fchrung in die Welt der Zahlen, Br\u00fcche und Gr\u00f6\u00dfen sowie endlosen Bauspa\u00df!\",\"breadcrumb\":{\"@id\":\"https:\\\/\\\/teiaeducation.ch\\\/de\\\/produkt\\\/stufenzaehlstaebe-baukloetze-set-bauspiel\\\/#breadcrumb\"},\"inLanguage\":\"de-CH\",\"potentialAction\":[{\"@type\":\"ReadAction\",\"target\":[\"https:\\\/\\\/teiaeducation.ch\\\/de\\\/produkt\\\/stufenzaehlstaebe-baukloetze-set-bauspiel\\\/\"]}]},{\"@type\":\"ImageObject\",\"inLanguage\":\"de-CH\",\"@id\":\"https:\\\/\\\/teiaeducation.ch\\\/de\\\/produkt\\\/stufenzaehlstaebe-baukloetze-set-bauspiel\\\/#primaryimage\",\"url\":\"https:\\\/\\\/teiaeducation.ch\\\/wp-content\\\/uploads\\\/2024\\\/12\\\/Stepped-wooden-counting-and-building-blocks-set-Bauspiel-0180-scaled.jpg\",\"contentUrl\":\"https:\\\/\\\/teiaeducation.ch\\\/wp-content\\\/uploads\\\/2024\\\/12\\\/Stepped-wooden-counting-and-building-blocks-set-Bauspiel-0180-scaled.jpg\",\"width\":1926,\"height\":2048,\"caption\":\"\u00f8;\"},{\"@type\":\"BreadcrumbList\",\"@id\":\"https:\\\/\\\/teiaeducation.ch\\\/de\\\/produkt\\\/stufenzaehlstaebe-baukloetze-set-bauspiel\\\/#breadcrumb\",\"itemListElement\":[{\"@type\":\"ListItem\",\"position\":1,\"name\":\"Home\",\"item\":\"https:\\\/\\\/teiaeducation.ch\\\/de\\\/\"},{\"@type\":\"ListItem\",\"position\":2,\"name\":\"Laden\",\"item\":\"https:\\\/\\\/teiaeducation.ch\\\/de\\\/shop\\\/\"},{\"@type\":\"ListItem\",\"position\":3,\"name\":\"Unsere Marken\",\"item\":\"https:\\\/\\\/teiaeducation.ch\\\/de\\\/produkt-kategorie\\\/unsere-marken\\\/\"},{\"@type\":\"ListItem\",\"position\":4,\"name\":\"Bauspiel\",\"item\":\"https:\\\/\\\/teiaeducation.ch\\\/de\\\/produkt-kategorie\\\/unsere-marken\\\/bauspiel-de\\\/\"},{\"@type\":\"ListItem\",\"position\":5,\"name\":\"Stufenz\u00e4hlst\u00e4be &amp; Baukl\u00f6tze Set &#8211; Bauspiel\"}]},{\"@type\":\"WebSite\",\"@id\":\"https:\\\/\\\/teiaeducation.ch\\\/de\\\/#website\",\"url\":\"https:\\\/\\\/teiaeducation.ch\\\/de\\\/\",\"name\":\"Sustainable Educational Products &amp; Ecological Toys\u00a0\",\"description\":\"Specialised Swiss shop selling sustainable educational toys and games, AMI certified Montessori materials, handmade ecological wooden Waldorf toys and arts &amp; crafts supplies, school supplies, children&#039;s furniture and Montessori reference and parenting books.\",\"publisher\":{\"@id\":\"https:\\\/\\\/teiaeducation.ch\\\/de\\\/#organization\"},\"alternateName\":\"Teia Education & Play\",\"potentialAction\":[{\"@type\":\"SearchAction\",\"target\":{\"@type\":\"EntryPoint\",\"urlTemplate\":\"https:\\\/\\\/teiaeducation.ch\\\/de\\\/?s={search_term_string}\"},\"query-input\":{\"@type\":\"PropertyValueSpecification\",\"valueRequired\":true,\"valueName\":\"search_term_string\"}}],\"inLanguage\":\"de-CH\"},{\"@type\":\"Organization\",\"@id\":\"https:\\\/\\\/teiaeducation.ch\\\/de\\\/#organization\",\"name\":\"Teia Education & Play\",\"url\":\"https:\\\/\\\/teiaeducation.ch\\\/de\\\/\",\"logo\":{\"@type\":\"ImageObject\",\"inLanguage\":\"de-CH\",\"@id\":\"https:\\\/\\\/teiaeducation.ch\\\/de\\\/#\\\/schema\\\/logo\\\/image\\\/\",\"url\":\"https:\\\/\\\/teiaeducation.ch\\\/wp-content\\\/uploads\\\/2020\\\/11\\\/Teia-Education-Switzerland-e1620156442216.jpg\",\"contentUrl\":\"https:\\\/\\\/teiaeducation.ch\\\/wp-content\\\/uploads\\\/2020\\\/11\\\/Teia-Education-Switzerland-e1620156442216.jpg\",\"width\":166,\"height\":145,\"caption\":\"Teia Education & Play\"},\"image\":{\"@id\":\"https:\\\/\\\/teiaeducation.ch\\\/de\\\/#\\\/schema\\\/logo\\\/image\\\/\"},\"sameAs\":[\"https:\\\/\\\/www.facebook.com\\\/teiaeducation\\\/\",\"https:\\\/\\\/x.com\\\/EducationTeia\",\"https:\\\/\\\/www.instagram.com\\\/teia.education\\\/\",\"https:\\\/\\\/www.linkedin.com\\\/company\\\/35501660\",\"https:\\\/\\\/www.pinterest.ch\\\/TeiaEducation\\\/\"]}]}<\/script>\n<meta property=\"product:price:amount\" content=\"169.00\" \/>\n<meta property=\"product:price:currency\" content=\"CHF\" \/>\n<meta property=\"og:availability\" content=\"instock\" \/>\n<meta property=\"product:availability\" content=\"instock\" \/>\n<meta property=\"product:condition\" content=\"new\" \/>\n<!-- \/ Yoast SEO Premium plugin. -->","yoast_head_json":{"title":"Stufenz\u00e4hlst\u00e4be & Baukl\u00f6tze Set - Bauspiel","description":"Das Bauspiel Stufenz\u00e4hlst\u00e4be und Baukl\u00f6tze Set aus Holz bietet eine Einf\u00fchrung in die Welt der Zahlen, Br\u00fcche und Gr\u00f6\u00dfen sowie endlosen Bauspa\u00df!","robots":{"index":"index","follow":"follow","max-snippet":"max-snippet:-1","max-image-preview":"max-image-preview:large","max-video-preview":"max-video-preview:-1"},"canonical":"https:\/\/teiaeducation.ch\/de\/produkt\/stufenzaehlstaebe-baukloetze-set-bauspiel\/","og_locale":"de_DE","og_type":"article","og_title":"Stufenz\u00e4hlst\u00e4be &amp; Baukl\u00f6tze Set - Bauspiel","og_description":"Das Bauspiel Stufenz\u00e4hlst\u00e4be und Baukl\u00f6tze Set aus Holz bietet eine Einf\u00fchrung in die Welt der Zahlen, Br\u00fcche und Gr\u00f6\u00dfen sowie endlosen Bauspa\u00df!","og_url":"https:\/\/teiaeducation.ch\/de\/produkt\/stufenzaehlstaebe-baukloetze-set-bauspiel\/","og_site_name":"Sustainable Educational Products &amp; Ecological Toys\u00a0","article_publisher":"https:\/\/www.facebook.com\/teiaeducation\/","article_modified_time":"2025-05-19T09:06:31+00:00","og_image":[{"width":1926,"height":2048,"url":"https:\/\/teiaeducation.ch\/wp-content\/uploads\/2024\/12\/Stepped-wooden-counting-and-building-blocks-set-Bauspiel-0180-scaled.jpg","type":"image\/jpeg"}],"schema":{"@context":"https:\/\/schema.org","@graph":[{"@type":"WebPage","@id":"https:\/\/teiaeducation.ch\/de\/produkt\/stufenzaehlstaebe-baukloetze-set-bauspiel\/","url":"https:\/\/teiaeducation.ch\/de\/produkt\/stufenzaehlstaebe-baukloetze-set-bauspiel\/","name":"Stufenz\u00e4hlst\u00e4be & Baukl\u00f6tze Set - Bauspiel","isPartOf":{"@id":"https:\/\/teiaeducation.ch\/de\/#website"},"primaryImageOfPage":{"@id":"https:\/\/teiaeducation.ch\/de\/produkt\/stufenzaehlstaebe-baukloetze-set-bauspiel\/#primaryimage"},"image":{"@id":"https:\/\/teiaeducation.ch\/de\/produkt\/stufenzaehlstaebe-baukloetze-set-bauspiel\/#primaryimage"},"thumbnailUrl":"https:\/\/teiaeducation.ch\/wp-content\/uploads\/2024\/12\/Stepped-wooden-counting-and-building-blocks-set-Bauspiel-0180-scaled.jpg","datePublished":"2024-12-19T13:18:35+00:00","dateModified":"2025-05-19T09:06:31+00:00","description":"Das Bauspiel Stufenz\u00e4hlst\u00e4be und Baukl\u00f6tze Set aus Holz bietet eine Einf\u00fchrung in die Welt der Zahlen, Br\u00fcche und Gr\u00f6\u00dfen sowie endlosen Bauspa\u00df!","breadcrumb":{"@id":"https:\/\/teiaeducation.ch\/de\/produkt\/stufenzaehlstaebe-baukloetze-set-bauspiel\/#breadcrumb"},"inLanguage":"de-CH","potentialAction":[{"@type":"ReadAction","target":["https:\/\/teiaeducation.ch\/de\/produkt\/stufenzaehlstaebe-baukloetze-set-bauspiel\/"]}]},{"@type":"ImageObject","inLanguage":"de-CH","@id":"https:\/\/teiaeducation.ch\/de\/produkt\/stufenzaehlstaebe-baukloetze-set-bauspiel\/#primaryimage","url":"https:\/\/teiaeducation.ch\/wp-content\/uploads\/2024\/12\/Stepped-wooden-counting-and-building-blocks-set-Bauspiel-0180-scaled.jpg","contentUrl":"https:\/\/teiaeducation.ch\/wp-content\/uploads\/2024\/12\/Stepped-wooden-counting-and-building-blocks-set-Bauspiel-0180-scaled.jpg","width":1926,"height":2048,"caption":"\u00f8;"},{"@type":"BreadcrumbList","@id":"https:\/\/teiaeducation.ch\/de\/produkt\/stufenzaehlstaebe-baukloetze-set-bauspiel\/#breadcrumb","itemListElement":[{"@type":"ListItem","position":1,"name":"Home","item":"https:\/\/teiaeducation.ch\/de\/"},{"@type":"ListItem","position":2,"name":"Laden","item":"https:\/\/teiaeducation.ch\/de\/shop\/"},{"@type":"ListItem","position":3,"name":"Unsere Marken","item":"https:\/\/teiaeducation.ch\/de\/produkt-kategorie\/unsere-marken\/"},{"@type":"ListItem","position":4,"name":"Bauspiel","item":"https:\/\/teiaeducation.ch\/de\/produkt-kategorie\/unsere-marken\/bauspiel-de\/"},{"@type":"ListItem","position":5,"name":"Stufenz\u00e4hlst\u00e4be &amp; Baukl\u00f6tze Set &#8211; Bauspiel"}]},{"@type":"WebSite","@id":"https:\/\/teiaeducation.ch\/de\/#website","url":"https:\/\/teiaeducation.ch\/de\/","name":"Sustainable Educational Products &amp; Ecological Toys\u00a0","description":"Specialised Swiss shop selling sustainable educational toys and games, AMI certified Montessori materials, handmade ecological wooden Waldorf toys and arts &amp; crafts supplies, school supplies, children&#039;s furniture and Montessori reference and parenting books.","publisher":{"@id":"https:\/\/teiaeducation.ch\/de\/#organization"},"alternateName":"Teia Education & Play","potentialAction":[{"@type":"SearchAction","target":{"@type":"EntryPoint","urlTemplate":"https:\/\/teiaeducation.ch\/de\/?s={search_term_string}"},"query-input":{"@type":"PropertyValueSpecification","valueRequired":true,"valueName":"search_term_string"}}],"inLanguage":"de-CH"},{"@type":"Organization","@id":"https:\/\/teiaeducation.ch\/de\/#organization","name":"Teia Education & Play","url":"https:\/\/teiaeducation.ch\/de\/","logo":{"@type":"ImageObject","inLanguage":"de-CH","@id":"https:\/\/teiaeducation.ch\/de\/#\/schema\/logo\/image\/","url":"https:\/\/teiaeducation.ch\/wp-content\/uploads\/2020\/11\/Teia-Education-Switzerland-e1620156442216.jpg","contentUrl":"https:\/\/teiaeducation.ch\/wp-content\/uploads\/2020\/11\/Teia-Education-Switzerland-e1620156442216.jpg","width":166,"height":145,"caption":"Teia Education & Play"},"image":{"@id":"https:\/\/teiaeducation.ch\/de\/#\/schema\/logo\/image\/"},"sameAs":["https:\/\/www.facebook.com\/teiaeducation\/","https:\/\/x.com\/EducationTeia","https:\/\/www.instagram.com\/teia.education\/","https:\/\/www.linkedin.com\/company\/35501660","https:\/\/www.pinterest.ch\/TeiaEducation\/"]}]},"product_price_amount":"169.00","product_price_currency":"CHF","og_availability":"instock","product_availability":"instock","product_condition":"new"},"_links":{"self":[{"href":"https:\/\/teiaeducation.ch\/de\/wp-json\/wp\/v2\/product\/65546","targetHints":{"allow":["GET"]}}],"collection":[{"href":"https:\/\/teiaeducation.ch\/de\/wp-json\/wp\/v2\/product"}],"about":[{"href":"https:\/\/teiaeducation.ch\/de\/wp-json\/wp\/v2\/types\/product"}],"replies":[{"embeddable":true,"href":"https:\/\/teiaeducation.ch\/de\/wp-json\/wp\/v2\/comments?post=65546"}],"wp:featuredmedia":[{"embeddable":true,"href":"https:\/\/teiaeducation.ch\/de\/wp-json\/wp\/v2\/media\/65052"}],"wp:attachment":[{"href":"https:\/\/teiaeducation.ch\/de\/wp-json\/wp\/v2\/media?parent=65546"}],"wp:term":[{"taxonomy":"product_brand","embeddable":true,"href":"https:\/\/teiaeducation.ch\/de\/wp-json\/wp\/v2\/product_brand?post=65546"},{"taxonomy":"product_cat","embeddable":true,"href":"https:\/\/teiaeducation.ch\/de\/wp-json\/wp\/v2\/product_cat?post=65546"},{"taxonomy":"product_tag","embeddable":true,"href":"https:\/\/teiaeducation.ch\/de\/wp-json\/wp\/v2\/product_tag?post=65546"}],"curies":[{"name":"wp","href":"https:\/\/api.w.org\/{rel}","templated":true}]}}