{"id":65547,"date":"2024-12-19T14:20:59","date_gmt":"2024-12-19T13:20:59","guid":{"rendered":"https:\/\/teiaeducation.ch\/product\/grosses-maerchenschloss-baukloetze-set-bauspiel\/"},"modified":"2025-05-19T11:07:59","modified_gmt":"2025-05-19T09:07:59","slug":"grosses-maerchenschloss-baukloetze-set-bauspiel","status":"publish","type":"product","link":"https:\/\/teiaeducation.ch\/de\/produkt\/grosses-maerchenschloss-baukloetze-set-bauspiel\/","title":{"rendered":"Gro\u00dfes M\u00e4rchenschloss Baukl\u00f6tze Set &#8211; Bauspiel"},"content":{"rendered":"<p>Das gro\u00dfe M\u00e4rchenschloss Baukl\u00f6tze Set von Bauspiel ist ein wundersch\u00f6nes handgefertigtes, nachhaltiges <a href=\"https:\/\/teiaeducation.ch\/de\/produkt-kategorie\/kinder-spielzeug\/baukloetze-aus-holz\/\">Holzbaukl\u00f6tze<\/a>-Set mit funkelnden Acryl-Edelsteinen!<\/p>\n<p>Das Set enth\u00e4lt 16 massive <a href=\"https:\/\/teiaeducation.ch\/de\/produkt-kategorie\/kinder-spielzeug\/baukloetze-aus-holz\/\">Holzbausteine<\/a>, von denen 13 mit funkelnden Acryl-Edelsteinen verziert sind und das Haupteingangstor mit 5 gr\u00fcnen funkelnden Sternen. Die beiden Treppen enthalten keine funkelnden Steine.<\/p>\n<p>Insgesamt zeigen die funkelnden Steine 3 verschiedene Farben, die nach der Goetheschen Farbenlehre ausgew\u00e4hlt wurden.<\/p>\n<p>Dieses wundersch\u00f6ne M\u00e4rchenschloss l\u00e4sst sich in unz\u00e4hligen Varianten bauen und passt sich allen r\u00e4umlichen Gegebenheiten an! Das Set l\u00e4sst sich perfekt mit allen Bauspiel-Bauk\u00e4sten kombinieren.<\/p>\n<p>Die Holzbl\u00f6cke haben abgerundete Kanten und sind aus nat\u00fcrlich ge\u00f6ltem Erlenholz gefertigt. Die durchscheinenden, edelstein\u00e4hnlichen Acryl-Edelsteine mit Facettenschliff schimmern im Sonnenlicht und sind sehr angenehm anzufassen. Das gesamte Set wird in Handarbeit in Deutschland hergestellt.<\/p>\n<p>Das gro\u00dfe M\u00e4rchenschloss-Baukasten-Set ist f\u00fcr Kinder ab 3 Jahren geeignet.<\/p>\n<p>Inhalt:<\/p>\n<p>16 Holzkl\u00f6tze:<\/p>\n<p>13 mit Edelsteinen \/ 1 mit funkelnden Sternen \/ 2 ohne Edelsteine (je 4,5 cm dick)<\/p>\n<h2>\u00dcber Bauspiel<\/h2>\n<p><a href=\"https:\/\/teiaeducation.ch\/de\/produkt-kategorie\/unsere-marken\/bauspiel-de\/\">Bauspiel<\/a> ist eine kleine umweltbewusste <a href=\"https:\/\/teiaeducation.ch\/de\/produkt-kategorie\/kinder-spielzeug\/handgefertigtes-holzspielzeug\/\">Holz<\/a>&#8211; und Filzspielzeugmarke aus Deutschland. Die handgefertigten Bauspielzeuge zeichnen sich durch ihre hohe Qualit\u00e4t und hervorragende Verarbeitung aus. Sie sind lehrreich und <a href=\"https:\/\/teiaeducation.ch\/de\/produkt-kategorie\/kinder-spielzeug\/spiele-mit-offenem-ende\/\">ergebnisoffen<\/a> und laden zum freien und unbegrenzten Spiel ein, das sich auf das Erlernen verschiedener p\u00e4dagogischer Konzepte wie Farbe, Form und Mathematik konzentriert.<\/p>\n<p>Alle Bauspiel Spielzeuge werden aus umweltfreundlichen Materialien wie ge\u00f6lten Naturh\u00f6lzern und fair produziertem Wollfilz aus Nepal hergestellt. Sie entsprechen hinsichtlich ihrer Rohstoffe der europ\u00e4ischen Spielzeugnorm EN71 und sind f\u00fcr (kleine) Kinder sicher.<\/p>\n<p>Der Schutz und die Achtung der Umwelt zieht sich ganzheitlich durch das gesamte Unternehmen und die Vision von Bauspiel, von den Lieferanten \u00fcber die Mitarbeiter bis zu den Kunden. Sie verwenden faire L\u00f6hne, faire und nachhaltige Produktionsbedingungen, recycelte Verpackungsmaterialien und umweltfreundliche Farben, Klebstoffe und nat\u00fcrliche \u00d6le f\u00fcr die Herstellung ihrer Spielzeuge. Um die Nachhaltigkeit weiter zu gew\u00e4hrleisten, bietet Bauspiel einen umfassenden Ersatzteil- und Reparaturservice f\u00fcr seine Spielzeuge an.<\/p>\n","protected":false},"excerpt":{"rendered":"<p>Artikelnummer: BS0269<\/p>\n<p>Das gro\u00dfe M\u00e4rchenschloss Baukl\u00f6tze Set von Bauspiel ist ein wundersch\u00f6nes handgefertigtes, nachhaltiges Holz Baukl\u00f6tze Set mit funkelnden Acryl-Edelsteinen!<\/p>\n","protected":false},"featured_media":65057,"comment_status":"open","ping_status":"closed","template":"","meta":[],"product_brand":[],"product_cat":[21445,21446,21704,26469,21479,21690,21487,21484,23075,22182,21443,21563,21678,21699,21564,21483,22919],"product_tag":[28539,29941,29943,29944,29942],"class_list":{"0":"post-65547","1":"product","2":"type-product","3":"status-publish","4":"has-post-thumbnail","6":"product_cat-3-6-jahre-vorschule","7":"product_cat-6-12-jahre-grundschule","8":"product_cat-baukloetze-aus-holz","9":"product_cat-bauspiel-de","10":"product_cat-lernmaterialien-spielzeug-montessori-waldorf-steiner-froebel","11":"product_cat-spiele-mit-offenem-ende","12":"product_cat-geschenk-guide-3-6-jahre-vorschule","13":"product_cat-geschenk-guides","14":"product_cat-handgefertigtes-holzspielzeug","15":"product_cat-montessori-spielzeug","16":"product_cat-nach-alter","17":"product_cat-neuheiten","18":"product_cat-kinder-spielzeug","19":"product_cat-stapelspielzeug","20":"product_cat-unsere-marken","21":"product_cat-waldorf-steiner-paedagogik","22":"product_cat-waldorfspielzeug","23":"product_tag-bauspiel-de","24":"product_tag-bauspiel-gestufte-holzklotze","25":"product_tag-gestufte-zahlblocke-bauspiel","26":"product_tag-groses-marchenschloss-bauklotze-set-bauspiel","27":"product_tag-stufenweises-zahlen-und-bauklotzchen-set-bauspiel","29":"first","30":"outofstock","31":"taxable","32":"shipping-taxable","33":"purchasable","34":"product-type-simple"},"yoast_head":"<!-- This site is optimized with the Yoast SEO plugin v27.1.1 - https:\/\/yoast.com\/product\/yoast-seo-wordpress\/ -->\n<title>Gro\u00dfes M\u00e4rchenschloss Baukl\u00f6tze Set - Bauspiel<\/title>\n<meta name=\"description\" content=\"Das gro\u00dfe M\u00e4rchenschloss Baukl\u00f6tze Set von Bauspiel ist ein wundersch\u00f6nes handgefertigtes, nachhaltiges Holz Baukl\u00f6tze Set mit funkelnden Acryl-Edelsteinen!\" \/>\n<meta name=\"robots\" content=\"index, follow, max-snippet:-1, max-image-preview:large, max-video-preview:-1\" \/>\n<link rel=\"canonical\" href=\"https:\/\/teiaeducation.ch\/de\/produkt\/grosses-maerchenschloss-baukloetze-set-bauspiel\/\" \/>\n<meta property=\"og:locale\" content=\"de_DE\" \/>\n<meta property=\"og:type\" content=\"article\" \/>\n<meta property=\"og:title\" content=\"Gro\u00dfes M\u00e4rchenschloss Baukl\u00f6tze Set - Bauspiel\" \/>\n<meta property=\"og:description\" content=\"Das gro\u00dfe M\u00e4rchenschloss Baukl\u00f6tze Set von Bauspiel ist ein wundersch\u00f6nes handgefertigtes, nachhaltiges Holz Baukl\u00f6tze Set mit funkelnden Acryl-Edelsteinen!\" \/>\n<meta property=\"og:url\" content=\"https:\/\/teiaeducation.ch\/de\/produkt\/grosses-maerchenschloss-baukloetze-set-bauspiel\/\" \/>\n<meta property=\"og:site_name\" content=\"Sustainable Educational Products &amp; Ecological Toys\u00a0\" \/>\n<meta property=\"article:publisher\" content=\"https:\/\/www.facebook.com\/teiaeducation\/\" \/>\n<meta property=\"article:modified_time\" content=\"2025-05-19T09:07:59+00:00\" \/>\n<meta property=\"og:image\" content=\"https:\/\/teiaeducation.ch\/wp-content\/uploads\/2024\/12\/0269-Large-fairytale-castle-blocks-set-Bauspiel-.jpg\" \/>\n\t<meta property=\"og:image:width\" content=\"1100\" \/>\n\t<meta property=\"og:image:height\" content=\"1100\" \/>\n\t<meta property=\"og:image:type\" content=\"image\/jpeg\" \/>\n<script type=\"application\/ld+json\" class=\"yoast-schema-graph\">{\"@context\":\"https:\/\/schema.org\",\"@graph\":[{\"@type\":\"WebPage\",\"@id\":\"https:\/\/teiaeducation.ch\/de\/produkt\/grosses-maerchenschloss-baukloetze-set-bauspiel\/\",\"url\":\"https:\/\/teiaeducation.ch\/de\/produkt\/grosses-maerchenschloss-baukloetze-set-bauspiel\/\",\"name\":\"Gro\u00dfes M\u00e4rchenschloss Baukl\u00f6tze Set - Bauspiel\",\"isPartOf\":{\"@id\":\"https:\/\/teiaeducation.ch\/de\/#website\"},\"primaryImageOfPage\":{\"@id\":\"https:\/\/teiaeducation.ch\/de\/produkt\/grosses-maerchenschloss-baukloetze-set-bauspiel\/#primaryimage\"},\"image\":{\"@id\":\"https:\/\/teiaeducation.ch\/de\/produkt\/grosses-maerchenschloss-baukloetze-set-bauspiel\/#primaryimage\"},\"thumbnailUrl\":\"https:\/\/teiaeducation.ch\/wp-content\/uploads\/2024\/12\/0269-Large-fairytale-castle-blocks-set-Bauspiel-.jpg\",\"datePublished\":\"2024-12-19T13:20:59+00:00\",\"dateModified\":\"2025-05-19T09:07:59+00:00\",\"description\":\"Das gro\u00dfe M\u00e4rchenschloss Baukl\u00f6tze Set von Bauspiel ist ein wundersch\u00f6nes handgefertigtes, nachhaltiges Holz Baukl\u00f6tze Set mit funkelnden Acryl-Edelsteinen!\",\"breadcrumb\":{\"@id\":\"https:\/\/teiaeducation.ch\/de\/produkt\/grosses-maerchenschloss-baukloetze-set-bauspiel\/#breadcrumb\"},\"inLanguage\":\"de-CH\",\"potentialAction\":[{\"@type\":\"ReadAction\",\"target\":[\"https:\/\/teiaeducation.ch\/de\/produkt\/grosses-maerchenschloss-baukloetze-set-bauspiel\/\"]}]},{\"@type\":\"ImageObject\",\"inLanguage\":\"de-CH\",\"@id\":\"https:\/\/teiaeducation.ch\/de\/produkt\/grosses-maerchenschloss-baukloetze-set-bauspiel\/#primaryimage\",\"url\":\"https:\/\/teiaeducation.ch\/wp-content\/uploads\/2024\/12\/0269-Large-fairytale-castle-blocks-set-Bauspiel-.jpg\",\"contentUrl\":\"https:\/\/teiaeducation.ch\/wp-content\/uploads\/2024\/12\/0269-Large-fairytale-castle-blocks-set-Bauspiel-.jpg\",\"width\":1100,\"height\":1100,\"caption\":\"Gro\u00dfes M\u00e4rchenschloss Baukl\u00f6tze Set Bauspiel\"},{\"@type\":\"BreadcrumbList\",\"@id\":\"https:\/\/teiaeducation.ch\/de\/produkt\/grosses-maerchenschloss-baukloetze-set-bauspiel\/#breadcrumb\",\"itemListElement\":[{\"@type\":\"ListItem\",\"position\":1,\"name\":\"Home\",\"item\":\"https:\/\/teiaeducation.ch\/de\/\"},{\"@type\":\"ListItem\",\"position\":2,\"name\":\"Laden\",\"item\":\"https:\/\/teiaeducation.ch\/de\/shop\/\"},{\"@type\":\"ListItem\",\"position\":3,\"name\":\"Unsere Marken\",\"item\":\"https:\/\/teiaeducation.ch\/de\/produkt-kategorie\/unsere-marken\/\"},{\"@type\":\"ListItem\",\"position\":4,\"name\":\"Bauspiel\",\"item\":\"https:\/\/teiaeducation.ch\/de\/produkt-kategorie\/unsere-marken\/bauspiel-de\/\"},{\"@type\":\"ListItem\",\"position\":5,\"name\":\"Gro\u00dfes M\u00e4rchenschloss Baukl\u00f6tze Set &#8211; Bauspiel\"}]},{\"@type\":\"WebSite\",\"@id\":\"https:\/\/teiaeducation.ch\/de\/#website\",\"url\":\"https:\/\/teiaeducation.ch\/de\/\",\"name\":\"Sustainable Educational Products &amp; Ecological Toys\u00a0\",\"description\":\"Specialised Swiss shop selling sustainable educational toys and games, AMI certified Montessori materials, handmade ecological wooden Waldorf toys and arts &amp; crafts supplies, school supplies, children&#039;s furniture and Montessori reference and parenting books.\",\"publisher\":{\"@id\":\"https:\/\/teiaeducation.ch\/de\/#organization\"},\"alternateName\":\"Teia Education & Play\",\"potentialAction\":[{\"@type\":\"SearchAction\",\"target\":{\"@type\":\"EntryPoint\",\"urlTemplate\":\"https:\/\/teiaeducation.ch\/de\/?s={search_term_string}\"},\"query-input\":{\"@type\":\"PropertyValueSpecification\",\"valueRequired\":true,\"valueName\":\"search_term_string\"}}],\"inLanguage\":\"de-CH\"},{\"@type\":\"Organization\",\"@id\":\"https:\/\/teiaeducation.ch\/de\/#organization\",\"name\":\"Teia Education & Play\",\"url\":\"https:\/\/teiaeducation.ch\/de\/\",\"logo\":{\"@type\":\"ImageObject\",\"inLanguage\":\"de-CH\",\"@id\":\"https:\/\/teiaeducation.ch\/de\/#\/schema\/logo\/image\/\",\"url\":\"https:\/\/teiaeducation.ch\/wp-content\/uploads\/2020\/11\/Teia-Education-Switzerland-e1620156442216.jpg\",\"contentUrl\":\"https:\/\/teiaeducation.ch\/wp-content\/uploads\/2020\/11\/Teia-Education-Switzerland-e1620156442216.jpg\",\"width\":166,\"height\":145,\"caption\":\"Teia Education & Play\"},\"image\":{\"@id\":\"https:\/\/teiaeducation.ch\/de\/#\/schema\/logo\/image\/\"},\"sameAs\":[\"https:\/\/www.facebook.com\/teiaeducation\/\",\"https:\/\/x.com\/EducationTeia\",\"https:\/\/www.instagram.com\/teia.education\/\",\"https:\/\/www.linkedin.com\/company\/35501660\",\"https:\/\/www.pinterest.ch\/TeiaEducation\/\"]}]}<\/script>\n<!-- \/ Yoast SEO plugin. -->","yoast_head_json":{"title":"Gro\u00dfes M\u00e4rchenschloss Baukl\u00f6tze Set - Bauspiel","description":"Das gro\u00dfe M\u00e4rchenschloss Baukl\u00f6tze Set von Bauspiel ist ein wundersch\u00f6nes handgefertigtes, nachhaltiges Holz Baukl\u00f6tze Set mit funkelnden Acryl-Edelsteinen!","robots":{"index":"index","follow":"follow","max-snippet":"max-snippet:-1","max-image-preview":"max-image-preview:large","max-video-preview":"max-video-preview:-1"},"canonical":"https:\/\/teiaeducation.ch\/de\/produkt\/grosses-maerchenschloss-baukloetze-set-bauspiel\/","og_locale":"de_DE","og_type":"article","og_title":"Gro\u00dfes M\u00e4rchenschloss Baukl\u00f6tze Set - Bauspiel","og_description":"Das gro\u00dfe M\u00e4rchenschloss Baukl\u00f6tze Set von Bauspiel ist ein wundersch\u00f6nes handgefertigtes, nachhaltiges Holz Baukl\u00f6tze Set mit funkelnden Acryl-Edelsteinen!","og_url":"https:\/\/teiaeducation.ch\/de\/produkt\/grosses-maerchenschloss-baukloetze-set-bauspiel\/","og_site_name":"Sustainable Educational Products &amp; Ecological Toys\u00a0","article_publisher":"https:\/\/www.facebook.com\/teiaeducation\/","article_modified_time":"2025-05-19T09:07:59+00:00","og_image":[{"width":1100,"height":1100,"url":"https:\/\/teiaeducation.ch\/wp-content\/uploads\/2024\/12\/0269-Large-fairytale-castle-blocks-set-Bauspiel-.jpg","type":"image\/jpeg"}],"schema":{"@context":"https:\/\/schema.org","@graph":[{"@type":"WebPage","@id":"https:\/\/teiaeducation.ch\/de\/produkt\/grosses-maerchenschloss-baukloetze-set-bauspiel\/","url":"https:\/\/teiaeducation.ch\/de\/produkt\/grosses-maerchenschloss-baukloetze-set-bauspiel\/","name":"Gro\u00dfes M\u00e4rchenschloss Baukl\u00f6tze Set - Bauspiel","isPartOf":{"@id":"https:\/\/teiaeducation.ch\/de\/#website"},"primaryImageOfPage":{"@id":"https:\/\/teiaeducation.ch\/de\/produkt\/grosses-maerchenschloss-baukloetze-set-bauspiel\/#primaryimage"},"image":{"@id":"https:\/\/teiaeducation.ch\/de\/produkt\/grosses-maerchenschloss-baukloetze-set-bauspiel\/#primaryimage"},"thumbnailUrl":"https:\/\/teiaeducation.ch\/wp-content\/uploads\/2024\/12\/0269-Large-fairytale-castle-blocks-set-Bauspiel-.jpg","datePublished":"2024-12-19T13:20:59+00:00","dateModified":"2025-05-19T09:07:59+00:00","description":"Das gro\u00dfe M\u00e4rchenschloss Baukl\u00f6tze Set von Bauspiel ist ein wundersch\u00f6nes handgefertigtes, nachhaltiges Holz Baukl\u00f6tze Set mit funkelnden Acryl-Edelsteinen!","breadcrumb":{"@id":"https:\/\/teiaeducation.ch\/de\/produkt\/grosses-maerchenschloss-baukloetze-set-bauspiel\/#breadcrumb"},"inLanguage":"de-CH","potentialAction":[{"@type":"ReadAction","target":["https:\/\/teiaeducation.ch\/de\/produkt\/grosses-maerchenschloss-baukloetze-set-bauspiel\/"]}]},{"@type":"ImageObject","inLanguage":"de-CH","@id":"https:\/\/teiaeducation.ch\/de\/produkt\/grosses-maerchenschloss-baukloetze-set-bauspiel\/#primaryimage","url":"https:\/\/teiaeducation.ch\/wp-content\/uploads\/2024\/12\/0269-Large-fairytale-castle-blocks-set-Bauspiel-.jpg","contentUrl":"https:\/\/teiaeducation.ch\/wp-content\/uploads\/2024\/12\/0269-Large-fairytale-castle-blocks-set-Bauspiel-.jpg","width":1100,"height":1100,"caption":"Gro\u00dfes M\u00e4rchenschloss Baukl\u00f6tze Set Bauspiel"},{"@type":"BreadcrumbList","@id":"https:\/\/teiaeducation.ch\/de\/produkt\/grosses-maerchenschloss-baukloetze-set-bauspiel\/#breadcrumb","itemListElement":[{"@type":"ListItem","position":1,"name":"Home","item":"https:\/\/teiaeducation.ch\/de\/"},{"@type":"ListItem","position":2,"name":"Laden","item":"https:\/\/teiaeducation.ch\/de\/shop\/"},{"@type":"ListItem","position":3,"name":"Unsere Marken","item":"https:\/\/teiaeducation.ch\/de\/produkt-kategorie\/unsere-marken\/"},{"@type":"ListItem","position":4,"name":"Bauspiel","item":"https:\/\/teiaeducation.ch\/de\/produkt-kategorie\/unsere-marken\/bauspiel-de\/"},{"@type":"ListItem","position":5,"name":"Gro\u00dfes M\u00e4rchenschloss Baukl\u00f6tze Set &#8211; Bauspiel"}]},{"@type":"WebSite","@id":"https:\/\/teiaeducation.ch\/de\/#website","url":"https:\/\/teiaeducation.ch\/de\/","name":"Sustainable Educational Products &amp; Ecological Toys\u00a0","description":"Specialised Swiss shop selling sustainable educational toys and games, AMI certified Montessori materials, handmade ecological wooden Waldorf toys and arts &amp; crafts supplies, school supplies, children&#039;s furniture and Montessori reference and parenting books.","publisher":{"@id":"https:\/\/teiaeducation.ch\/de\/#organization"},"alternateName":"Teia Education & Play","potentialAction":[{"@type":"SearchAction","target":{"@type":"EntryPoint","urlTemplate":"https:\/\/teiaeducation.ch\/de\/?s={search_term_string}"},"query-input":{"@type":"PropertyValueSpecification","valueRequired":true,"valueName":"search_term_string"}}],"inLanguage":"de-CH"},{"@type":"Organization","@id":"https:\/\/teiaeducation.ch\/de\/#organization","name":"Teia Education & Play","url":"https:\/\/teiaeducation.ch\/de\/","logo":{"@type":"ImageObject","inLanguage":"de-CH","@id":"https:\/\/teiaeducation.ch\/de\/#\/schema\/logo\/image\/","url":"https:\/\/teiaeducation.ch\/wp-content\/uploads\/2020\/11\/Teia-Education-Switzerland-e1620156442216.jpg","contentUrl":"https:\/\/teiaeducation.ch\/wp-content\/uploads\/2020\/11\/Teia-Education-Switzerland-e1620156442216.jpg","width":166,"height":145,"caption":"Teia Education & Play"},"image":{"@id":"https:\/\/teiaeducation.ch\/de\/#\/schema\/logo\/image\/"},"sameAs":["https:\/\/www.facebook.com\/teiaeducation\/","https:\/\/x.com\/EducationTeia","https:\/\/www.instagram.com\/teia.education\/","https:\/\/www.linkedin.com\/company\/35501660","https:\/\/www.pinterest.ch\/TeiaEducation\/"]}]}},"_links":{"self":[{"href":"https:\/\/teiaeducation.ch\/de\/wp-json\/wp\/v2\/product\/65547","targetHints":{"allow":["GET"]}}],"collection":[{"href":"https:\/\/teiaeducation.ch\/de\/wp-json\/wp\/v2\/product"}],"about":[{"href":"https:\/\/teiaeducation.ch\/de\/wp-json\/wp\/v2\/types\/product"}],"replies":[{"embeddable":true,"href":"https:\/\/teiaeducation.ch\/de\/wp-json\/wp\/v2\/comments?post=65547"}],"wp:featuredmedia":[{"embeddable":true,"href":"https:\/\/teiaeducation.ch\/de\/wp-json\/wp\/v2\/media\/65057"}],"wp:attachment":[{"href":"https:\/\/teiaeducation.ch\/de\/wp-json\/wp\/v2\/media?parent=65547"}],"wp:term":[{"taxonomy":"product_brand","embeddable":true,"href":"https:\/\/teiaeducation.ch\/de\/wp-json\/wp\/v2\/product_brand?post=65547"},{"taxonomy":"product_cat","embeddable":true,"href":"https:\/\/teiaeducation.ch\/de\/wp-json\/wp\/v2\/product_cat?post=65547"},{"taxonomy":"product_tag","embeddable":true,"href":"https:\/\/teiaeducation.ch\/de\/wp-json\/wp\/v2\/product_tag?post=65547"}],"curies":[{"name":"wp","href":"https:\/\/api.w.org\/{rel}","templated":true}]}}