{"id":65558,"date":"2025-02-14T11:57:58","date_gmt":"2025-02-14T10:57:58","guid":{"rendered":"https:\/\/teiaeducation.ch\/product\/puzzleserie-meerestiere-rolf\/"},"modified":"2025-05-19T11:47:51","modified_gmt":"2025-05-19T09:47:51","slug":"puzzleserie-meerestiere-rolf","status":"publish","type":"product","link":"https:\/\/teiaeducation.ch\/de\/produkt\/puzzleserie-meerestiere-rolf\/","title":{"rendered":"Puzzleserie Meerestiere &#8211; Rolf"},"content":{"rendered":"<p>Die Rolf Puzzleserie Meerestiere ist eine reizvolle, farbenfrohe Sammlung von p\u00e4dagogisch wertvollen Kunststoffpuzzles. Sie wurde sorgf\u00e4ltig entworfen, um die Entwicklung und die fr\u00fchen Lernbed\u00fcrfnisse von Kindern auf spielerische Weise zu f\u00f6rdern.<\/p>\n<p>Dieses sch\u00f6ne und hochwertige Puzzleset aus Kunststoff mit Puzzlerahmen stellt Meerestiere in ihrem nat\u00fcrlichen Lebensraum dar.<\/p>\n<p>Ziel ist es, die Teile des Puzzles so zusammenzusetzen, dass die Szene komplett ist.<\/p>\n<p>Die Kinder entwickeln beim Spielen auch ihre kognitiven F\u00e4higkeiten, ihr kritisches Denken, ihre Probleml\u00f6sungsf\u00e4higkeiten und ihre <a href=\"https:\/\/teiaeducation.ch\/de\/produkt-kategorie\/lernthemen\/sensorische-motorische-fertigkeiten\/motorische-fertigkeiten\/\">Feinmotorik<\/a>!<\/p>\n<p>Erh\u00f6hte Kanten helfen Kindern, die Puzzleteile leicht zu greifen und anzuheben. Diese sch\u00f6ne und ansprechende Puzzleserie, die jedes Spiel- oder Lernzimmer versch\u00f6nern wird, umfasst 6 Puzzles mit jeweils 9 Teilen. Die Puzzles sind 19 x 19 cm gro\u00df und werden in den Niederlanden hergestellt.<\/p>\n<p>Die Rolf Puzzleserie Meerestiere ist f\u00fcr Kinder ab 3 Jahren geeignet.<\/p>\n<p>Inhalt:<\/p>\n<p>6 Kunststoffpuzzles mit je 9 Teilen<br \/>\n6 Kunststoff-Puzzle-Rahmen<\/p>\n<h2>\u00dcber Rolf<\/h2>\n<p>Die Niederl\u00e4ndische Marke <a href=\"https:\/\/teiaeducation.ch\/de\/produkt-kategorie\/unsere-marken\/rolf-de\/\">Rolf<\/a> arbeitet eng mit Lehrern und Bildungsexperten zusammen, um Produkte zu entwickeln, die die Entwicklung der Kinder f\u00f6rdern, ihr Wissen und ihre F\u00e4higkeiten verbessern und die Ziele der Lehrer unterst\u00fctzen.<\/p>\n<p>Jedes p\u00e4dagogische Rolf Produkt bietet ein komplettes Sortiment an Entwicklungsbausteinen f\u00fcr das kindliche Gehirn und f\u00f6rdert <a href=\"https:\/\/teiaeducation.ch\/de\/produkt-kategorie\/kinder-spielzeug\/\">spielerisch<\/a> verschiedene F\u00e4higkeiten wie <a href=\"https:\/\/teiaeducation.ch\/de\/produkt-kategorie\/lernthemen\/mathematik-rechnen\/\">Mathematik<\/a>, <a href=\"https:\/\/teiaeducation.ch\/de\/produkt-kategorie\/lernthemen\/alphabetisierung-sprache\/\">Sprache<\/a>, <a href=\"https:\/\/teiaeducation.ch\/de\/produkt-kategorie\/malen-basteln\/\">Kreativit\u00e4t<\/a>, Motorik und sogar Selbstvertrauen.<\/p>\n<p>Rolfs originelle und unverwechselbare <a href=\"https:\/\/teiaeducation.ch\/de\/produkt-kategorie\/lernthemen\/\">Unterrichtsmaterialien<\/a> sind an ihren robusten Materialien, lebhaften Farben und ansprechenden Illustrationen zu erkennen. Kinder werden die wunderbaren Lern- und Spielprodukte lieben, von den lustigen und herausfordernden Puzzles, die das Lernen zum Leben erwecken, bis hin zu den robusten und farbenfrohen <a href=\"https:\/\/teiaeducation.ch\/de\/produkt-kategorie\/kinder-spielzeug\/spielzeug-fuer-draussen\/\">Outdoor<\/a>&#8211; und <a href=\"https:\/\/teiaeducation.ch\/de\/produkt-kategorie\/kinder-spielzeug\/sandspielzeug\/\">Sandspielzeugen<\/a>, die perfekt f\u00fcr den Strand oder den Sandkasten sind.<\/p>\n<p>Jedes Rolf Produkt wird in den Niederlanden entworfen und nachhaltig hergestellt. Das garantiert hochwertige Produkte, die sicher und langlebig sind und stundenlanges Spielen und Lernen erm\u00f6glichen. Alle Rolf-Produkte sind nach den Europ\u00e4ischen Sicherheitsvorschriften getestet und wurden von den Kindern selbst ausgiebig gepr\u00fcft und f\u00fcr gut befunden, da sie viel Spa\u00df beim Spielen machen und echte Lernm\u00f6glichkeiten bieten.<\/p>\n","protected":false},"excerpt":{"rendered":"<p>Artilelnummer: 220.3069<\/p>\n<p>Dieses sch\u00f6ne und hochwertige Puzzleserie aus Kunststoff mit einem Puzzlerahmen von Rolf zeigt Meerestiere in ihrem nat\u00fcrlichen Lebensraum. Hergestellt in den Niederlanden.<\/p>\n","protected":false},"featured_media":65398,"comment_status":"open","ping_status":"closed","template":"","meta":[],"product_brand":[],"product_cat":[21445,21487,21484,21510,21509,22182,21443,21563,21660,21678,21511,21564],"product_tag":[],"class_list":{"0":"post-65558","1":"product","2":"type-product","3":"status-publish","4":"has-post-thumbnail","6":"product_cat-3-6-jahre-vorschule","7":"product_cat-geschenk-guide-3-6-jahre-vorschule","8":"product_cat-geschenk-guides","9":"product_cat-kultur-wissenschaft","10":"product_cat-lernthemen","11":"product_cat-montessori-spielzeug","12":"product_cat-nach-alter","13":"product_cat-neuheiten","14":"product_cat-rolf-de","15":"product_cat-kinder-spielzeug","16":"product_cat-tiergeographie-zoologie","17":"product_cat-unsere-marken","19":"first","20":"instock","21":"taxable","22":"shipping-taxable","23":"purchasable","24":"product-type-simple"},"yoast_head":"<!-- This site is optimized with the Yoast SEO Premium plugin v25.8 (Yoast SEO v27.4) - https:\/\/yoast.com\/product\/yoast-seo-premium-wordpress\/ -->\n<title>Puzzleserie Meerestiere - Rolf - Teia Education &amp; Play<\/title>\n<meta name=\"description\" content=\"Dieses sch\u00f6ne und hochwertige Puzzleserie aus Kunststoff mit einem Puzzlerahmen von Rolf zeigt Meerestiere in ihrem nat\u00fcrlichen Lebensraum.\" \/>\n<meta name=\"robots\" content=\"index, follow, max-snippet:-1, max-image-preview:large, max-video-preview:-1\" \/>\n<link rel=\"canonical\" href=\"https:\/\/teiaeducation.ch\/de\/produkt\/puzzleserie-meerestiere-rolf\/\" \/>\n<meta property=\"og:locale\" content=\"de_DE\" \/>\n<meta property=\"og:type\" content=\"article\" \/>\n<meta property=\"og:title\" content=\"Puzzleserie Meerestiere - Rolf\" \/>\n<meta property=\"og:description\" content=\"Dieses sch\u00f6ne und hochwertige Puzzleserie aus Kunststoff mit einem Puzzlerahmen von Rolf zeigt Meerestiere in ihrem nat\u00fcrlichen Lebensraum.\" \/>\n<meta property=\"og:url\" content=\"https:\/\/teiaeducation.ch\/de\/produkt\/puzzleserie-meerestiere-rolf\/\" \/>\n<meta property=\"og:site_name\" content=\"Sustainable Educational Products &amp; Ecological Toys\u00a0\" \/>\n<meta property=\"article:publisher\" content=\"https:\/\/www.facebook.com\/teiaeducation\/\" \/>\n<meta property=\"article:modified_time\" content=\"2025-05-19T09:47:51+00:00\" \/>\n<meta property=\"og:image\" content=\"https:\/\/teiaeducation.ch\/wp-content\/uploads\/2025\/02\/Puzzle-series-sea-animals-Rolf-5.png\" \/>\n\t<meta property=\"og:image:width\" content=\"925\" \/>\n\t<meta property=\"og:image:height\" content=\"787\" \/>\n\t<meta property=\"og:image:type\" content=\"image\/png\" \/>\n<script type=\"application\/ld+json\" class=\"yoast-schema-graph\">{\"@context\":\"https:\\\/\\\/schema.org\",\"@graph\":[{\"@type\":\"WebPage\",\"@id\":\"https:\\\/\\\/teiaeducation.ch\\\/de\\\/produkt\\\/puzzleserie-meerestiere-rolf\\\/\",\"url\":\"https:\\\/\\\/teiaeducation.ch\\\/de\\\/produkt\\\/puzzleserie-meerestiere-rolf\\\/\",\"name\":\"Puzzleserie Meerestiere - Rolf - Teia Education & Play\",\"isPartOf\":{\"@id\":\"https:\\\/\\\/teiaeducation.ch\\\/de\\\/#website\"},\"primaryImageOfPage\":{\"@id\":\"https:\\\/\\\/teiaeducation.ch\\\/de\\\/produkt\\\/puzzleserie-meerestiere-rolf\\\/#primaryimage\"},\"image\":{\"@id\":\"https:\\\/\\\/teiaeducation.ch\\\/de\\\/produkt\\\/puzzleserie-meerestiere-rolf\\\/#primaryimage\"},\"thumbnailUrl\":\"https:\\\/\\\/teiaeducation.ch\\\/wp-content\\\/uploads\\\/2025\\\/02\\\/Puzzle-series-sea-animals-Rolf-5.png\",\"datePublished\":\"2025-02-14T10:57:58+00:00\",\"dateModified\":\"2025-05-19T09:47:51+00:00\",\"description\":\"Dieses sch\u00f6ne und hochwertige Puzzleserie aus Kunststoff mit einem Puzzlerahmen von Rolf zeigt Meerestiere in ihrem nat\u00fcrlichen Lebensraum.\",\"breadcrumb\":{\"@id\":\"https:\\\/\\\/teiaeducation.ch\\\/de\\\/produkt\\\/puzzleserie-meerestiere-rolf\\\/#breadcrumb\"},\"inLanguage\":\"de-CH\",\"potentialAction\":[{\"@type\":\"ReadAction\",\"target\":[\"https:\\\/\\\/teiaeducation.ch\\\/de\\\/produkt\\\/puzzleserie-meerestiere-rolf\\\/\"]}]},{\"@type\":\"ImageObject\",\"inLanguage\":\"de-CH\",\"@id\":\"https:\\\/\\\/teiaeducation.ch\\\/de\\\/produkt\\\/puzzleserie-meerestiere-rolf\\\/#primaryimage\",\"url\":\"https:\\\/\\\/teiaeducation.ch\\\/wp-content\\\/uploads\\\/2025\\\/02\\\/Puzzle-series-sea-animals-Rolf-5.png\",\"contentUrl\":\"https:\\\/\\\/teiaeducation.ch\\\/wp-content\\\/uploads\\\/2025\\\/02\\\/Puzzle-series-sea-animals-Rolf-5.png\",\"width\":925,\"height\":787,\"caption\":\"Puzzleserie Meerestiere Rolf\"},{\"@type\":\"BreadcrumbList\",\"@id\":\"https:\\\/\\\/teiaeducation.ch\\\/de\\\/produkt\\\/puzzleserie-meerestiere-rolf\\\/#breadcrumb\",\"itemListElement\":[{\"@type\":\"ListItem\",\"position\":1,\"name\":\"Home\",\"item\":\"https:\\\/\\\/teiaeducation.ch\\\/de\\\/\"},{\"@type\":\"ListItem\",\"position\":2,\"name\":\"Laden\",\"item\":\"https:\\\/\\\/teiaeducation.ch\\\/de\\\/shop\\\/\"},{\"@type\":\"ListItem\",\"position\":3,\"name\":\"Unsere Marken\",\"item\":\"https:\\\/\\\/teiaeducation.ch\\\/de\\\/produkt-kategorie\\\/unsere-marken\\\/\"},{\"@type\":\"ListItem\",\"position\":4,\"name\":\"Rolf\",\"item\":\"https:\\\/\\\/teiaeducation.ch\\\/de\\\/produkt-kategorie\\\/unsere-marken\\\/rolf-de\\\/\"},{\"@type\":\"ListItem\",\"position\":5,\"name\":\"Puzzleserie Meerestiere &#8211; Rolf\"}]},{\"@type\":\"WebSite\",\"@id\":\"https:\\\/\\\/teiaeducation.ch\\\/de\\\/#website\",\"url\":\"https:\\\/\\\/teiaeducation.ch\\\/de\\\/\",\"name\":\"Sustainable Educational Products &amp; Ecological Toys\u00a0\",\"description\":\"Specialised Swiss shop selling sustainable educational toys and games, AMI certified Montessori materials, handmade ecological wooden Waldorf toys and arts &amp; crafts supplies, school supplies, children&#039;s furniture and Montessori reference and parenting books.\",\"publisher\":{\"@id\":\"https:\\\/\\\/teiaeducation.ch\\\/de\\\/#organization\"},\"alternateName\":\"Teia Education & Play\",\"potentialAction\":[{\"@type\":\"SearchAction\",\"target\":{\"@type\":\"EntryPoint\",\"urlTemplate\":\"https:\\\/\\\/teiaeducation.ch\\\/de\\\/?s={search_term_string}\"},\"query-input\":{\"@type\":\"PropertyValueSpecification\",\"valueRequired\":true,\"valueName\":\"search_term_string\"}}],\"inLanguage\":\"de-CH\"},{\"@type\":\"Organization\",\"@id\":\"https:\\\/\\\/teiaeducation.ch\\\/de\\\/#organization\",\"name\":\"Teia Education & Play\",\"url\":\"https:\\\/\\\/teiaeducation.ch\\\/de\\\/\",\"logo\":{\"@type\":\"ImageObject\",\"inLanguage\":\"de-CH\",\"@id\":\"https:\\\/\\\/teiaeducation.ch\\\/de\\\/#\\\/schema\\\/logo\\\/image\\\/\",\"url\":\"https:\\\/\\\/teiaeducation.ch\\\/wp-content\\\/uploads\\\/2020\\\/11\\\/Teia-Education-Switzerland-e1620156442216.jpg\",\"contentUrl\":\"https:\\\/\\\/teiaeducation.ch\\\/wp-content\\\/uploads\\\/2020\\\/11\\\/Teia-Education-Switzerland-e1620156442216.jpg\",\"width\":166,\"height\":145,\"caption\":\"Teia Education & Play\"},\"image\":{\"@id\":\"https:\\\/\\\/teiaeducation.ch\\\/de\\\/#\\\/schema\\\/logo\\\/image\\\/\"},\"sameAs\":[\"https:\\\/\\\/www.facebook.com\\\/teiaeducation\\\/\",\"https:\\\/\\\/x.com\\\/EducationTeia\",\"https:\\\/\\\/www.instagram.com\\\/teia.education\\\/\",\"https:\\\/\\\/www.linkedin.com\\\/company\\\/35501660\",\"https:\\\/\\\/www.pinterest.ch\\\/TeiaEducation\\\/\"]}]}<\/script>\n<meta property=\"product:price:amount\" content=\"51.90\" \/>\n<meta property=\"product:price:currency\" content=\"CHF\" \/>\n<meta property=\"og:availability\" content=\"instock\" \/>\n<meta property=\"product:availability\" content=\"instock\" \/>\n<meta property=\"product:condition\" content=\"new\" \/>\n<!-- \/ Yoast SEO Premium plugin. -->","yoast_head_json":{"title":"Puzzleserie Meerestiere - Rolf - Teia Education & Play","description":"Dieses sch\u00f6ne und hochwertige Puzzleserie aus Kunststoff mit einem Puzzlerahmen von Rolf zeigt Meerestiere in ihrem nat\u00fcrlichen Lebensraum.","robots":{"index":"index","follow":"follow","max-snippet":"max-snippet:-1","max-image-preview":"max-image-preview:large","max-video-preview":"max-video-preview:-1"},"canonical":"https:\/\/teiaeducation.ch\/de\/produkt\/puzzleserie-meerestiere-rolf\/","og_locale":"de_DE","og_type":"article","og_title":"Puzzleserie Meerestiere - Rolf","og_description":"Dieses sch\u00f6ne und hochwertige Puzzleserie aus Kunststoff mit einem Puzzlerahmen von Rolf zeigt Meerestiere in ihrem nat\u00fcrlichen Lebensraum.","og_url":"https:\/\/teiaeducation.ch\/de\/produkt\/puzzleserie-meerestiere-rolf\/","og_site_name":"Sustainable Educational Products &amp; Ecological Toys\u00a0","article_publisher":"https:\/\/www.facebook.com\/teiaeducation\/","article_modified_time":"2025-05-19T09:47:51+00:00","og_image":[{"width":925,"height":787,"url":"https:\/\/teiaeducation.ch\/wp-content\/uploads\/2025\/02\/Puzzle-series-sea-animals-Rolf-5.png","type":"image\/png"}],"schema":{"@context":"https:\/\/schema.org","@graph":[{"@type":"WebPage","@id":"https:\/\/teiaeducation.ch\/de\/produkt\/puzzleserie-meerestiere-rolf\/","url":"https:\/\/teiaeducation.ch\/de\/produkt\/puzzleserie-meerestiere-rolf\/","name":"Puzzleserie Meerestiere - Rolf - Teia Education & Play","isPartOf":{"@id":"https:\/\/teiaeducation.ch\/de\/#website"},"primaryImageOfPage":{"@id":"https:\/\/teiaeducation.ch\/de\/produkt\/puzzleserie-meerestiere-rolf\/#primaryimage"},"image":{"@id":"https:\/\/teiaeducation.ch\/de\/produkt\/puzzleserie-meerestiere-rolf\/#primaryimage"},"thumbnailUrl":"https:\/\/teiaeducation.ch\/wp-content\/uploads\/2025\/02\/Puzzle-series-sea-animals-Rolf-5.png","datePublished":"2025-02-14T10:57:58+00:00","dateModified":"2025-05-19T09:47:51+00:00","description":"Dieses sch\u00f6ne und hochwertige Puzzleserie aus Kunststoff mit einem Puzzlerahmen von Rolf zeigt Meerestiere in ihrem nat\u00fcrlichen Lebensraum.","breadcrumb":{"@id":"https:\/\/teiaeducation.ch\/de\/produkt\/puzzleserie-meerestiere-rolf\/#breadcrumb"},"inLanguage":"de-CH","potentialAction":[{"@type":"ReadAction","target":["https:\/\/teiaeducation.ch\/de\/produkt\/puzzleserie-meerestiere-rolf\/"]}]},{"@type":"ImageObject","inLanguage":"de-CH","@id":"https:\/\/teiaeducation.ch\/de\/produkt\/puzzleserie-meerestiere-rolf\/#primaryimage","url":"https:\/\/teiaeducation.ch\/wp-content\/uploads\/2025\/02\/Puzzle-series-sea-animals-Rolf-5.png","contentUrl":"https:\/\/teiaeducation.ch\/wp-content\/uploads\/2025\/02\/Puzzle-series-sea-animals-Rolf-5.png","width":925,"height":787,"caption":"Puzzleserie Meerestiere Rolf"},{"@type":"BreadcrumbList","@id":"https:\/\/teiaeducation.ch\/de\/produkt\/puzzleserie-meerestiere-rolf\/#breadcrumb","itemListElement":[{"@type":"ListItem","position":1,"name":"Home","item":"https:\/\/teiaeducation.ch\/de\/"},{"@type":"ListItem","position":2,"name":"Laden","item":"https:\/\/teiaeducation.ch\/de\/shop\/"},{"@type":"ListItem","position":3,"name":"Unsere Marken","item":"https:\/\/teiaeducation.ch\/de\/produkt-kategorie\/unsere-marken\/"},{"@type":"ListItem","position":4,"name":"Rolf","item":"https:\/\/teiaeducation.ch\/de\/produkt-kategorie\/unsere-marken\/rolf-de\/"},{"@type":"ListItem","position":5,"name":"Puzzleserie Meerestiere &#8211; Rolf"}]},{"@type":"WebSite","@id":"https:\/\/teiaeducation.ch\/de\/#website","url":"https:\/\/teiaeducation.ch\/de\/","name":"Sustainable Educational Products &amp; Ecological Toys\u00a0","description":"Specialised Swiss shop selling sustainable educational toys and games, AMI certified Montessori materials, handmade ecological wooden Waldorf toys and arts &amp; crafts supplies, school supplies, children&#039;s furniture and Montessori reference and parenting books.","publisher":{"@id":"https:\/\/teiaeducation.ch\/de\/#organization"},"alternateName":"Teia Education & Play","potentialAction":[{"@type":"SearchAction","target":{"@type":"EntryPoint","urlTemplate":"https:\/\/teiaeducation.ch\/de\/?s={search_term_string}"},"query-input":{"@type":"PropertyValueSpecification","valueRequired":true,"valueName":"search_term_string"}}],"inLanguage":"de-CH"},{"@type":"Organization","@id":"https:\/\/teiaeducation.ch\/de\/#organization","name":"Teia Education & Play","url":"https:\/\/teiaeducation.ch\/de\/","logo":{"@type":"ImageObject","inLanguage":"de-CH","@id":"https:\/\/teiaeducation.ch\/de\/#\/schema\/logo\/image\/","url":"https:\/\/teiaeducation.ch\/wp-content\/uploads\/2020\/11\/Teia-Education-Switzerland-e1620156442216.jpg","contentUrl":"https:\/\/teiaeducation.ch\/wp-content\/uploads\/2020\/11\/Teia-Education-Switzerland-e1620156442216.jpg","width":166,"height":145,"caption":"Teia Education & Play"},"image":{"@id":"https:\/\/teiaeducation.ch\/de\/#\/schema\/logo\/image\/"},"sameAs":["https:\/\/www.facebook.com\/teiaeducation\/","https:\/\/x.com\/EducationTeia","https:\/\/www.instagram.com\/teia.education\/","https:\/\/www.linkedin.com\/company\/35501660","https:\/\/www.pinterest.ch\/TeiaEducation\/"]}]},"product_price_amount":"51.90","product_price_currency":"CHF","og_availability":"instock","product_availability":"instock","product_condition":"new"},"_links":{"self":[{"href":"https:\/\/teiaeducation.ch\/de\/wp-json\/wp\/v2\/product\/65558","targetHints":{"allow":["GET"]}}],"collection":[{"href":"https:\/\/teiaeducation.ch\/de\/wp-json\/wp\/v2\/product"}],"about":[{"href":"https:\/\/teiaeducation.ch\/de\/wp-json\/wp\/v2\/types\/product"}],"replies":[{"embeddable":true,"href":"https:\/\/teiaeducation.ch\/de\/wp-json\/wp\/v2\/comments?post=65558"}],"wp:featuredmedia":[{"embeddable":true,"href":"https:\/\/teiaeducation.ch\/de\/wp-json\/wp\/v2\/media\/65398"}],"wp:attachment":[{"href":"https:\/\/teiaeducation.ch\/de\/wp-json\/wp\/v2\/media?parent=65558"}],"wp:term":[{"taxonomy":"product_brand","embeddable":true,"href":"https:\/\/teiaeducation.ch\/de\/wp-json\/wp\/v2\/product_brand?post=65558"},{"taxonomy":"product_cat","embeddable":true,"href":"https:\/\/teiaeducation.ch\/de\/wp-json\/wp\/v2\/product_cat?post=65558"},{"taxonomy":"product_tag","embeddable":true,"href":"https:\/\/teiaeducation.ch\/de\/wp-json\/wp\/v2\/product_tag?post=65558"}],"curies":[{"name":"wp","href":"https:\/\/api.w.org\/{rel}","templated":true}]}}