{"id":65559,"date":"2025-02-13T11:05:02","date_gmt":"2025-02-13T10:05:02","guid":{"rendered":"https:\/\/teiaeducation.ch\/product\/puzzle-a-z-kleinbuchstaben-rolf\/"},"modified":"2025-05-19T11:47:57","modified_gmt":"2025-05-19T09:47:57","slug":"puzzle-a-z-kleinbuchstaben-rolf","status":"publish","type":"product","link":"https:\/\/teiaeducation.ch\/de\/produkt\/puzzle-a-z-kleinbuchstaben-rolf\/","title":{"rendered":"Puzzle A-Z Kleinbuchstaben \u2013 Rolf"},"content":{"rendered":"<p>Rolfs Puzzle A-Z Buchstaben in Kleinbuchstaben ist ein sch\u00f6nes, farbenfrohes <a href=\"https:\/\/teiaeducation.ch\/de\/produkt-kategorie\/kinder-spielzeug\/holzpuzzles\/\">Lernpuzzle aus Holz<\/a>. Es wurde sorgf\u00e4ltig entwickelt, um die Entwicklungs- und Lernbed\u00fcrfnisse von Kindern auf spielerische Weise zu erf\u00fcllen.<\/p>\n<p>Mit diesem Lernpuzzle k\u00f6nnen Kinder ihre F\u00e4higkeiten zur Buchstabenerkennung verbessern und das Alphabet lernen. Die h\u00f6lzernen Buchstabenpuzzleteile m\u00fcssen sorgf\u00e4ltig untersucht und in der richtigen alphabetischen Reihenfolge auf das passende Bild gelegt werden. Das Ziel ist es, die Puzzleteile so zu legen, dass das gesamte <a href=\"https:\/\/teiaeducation.ch\/de\/produkt-kategorie\/lernthemen\/alphabetisierung-sprache\/buchstaben-das-alphabet\/\">Alphabet<\/a> vervollst\u00e4ndigt wird.<\/p>\n<p>Die Kinder entwickeln beim Spielen auch ihre kognitiven F\u00e4higkeiten, ihr kritisches Denken, ihre Probleml\u00f6sungsf\u00e4higkeiten und ihre <a href=\"https:\/\/teiaeducation.ch\/de\/produkt-kategorie\/lernthemen\/sensorische-motorische-fertigkeiten\/motorische-fertigkeiten\/\">Feinmotorik<\/a>!<\/p>\n<p>Erh\u00f6hte Kanten helfen den Kindern, die kreisf\u00f6rmigen Teile dieses Puzzles leicht zu greifen und anzuheben. Dieses sch\u00f6ne und ansprechende Holzpuzzle mit 26 Teilen und den Ma\u00dfen 37,5 x 26 cm ist eine Bereicherung f\u00fcr jedes Spiel- oder Lernzimmer.<\/p>\n<p>Das Rolf Puzzle A-Z Buchstaben in Kleinbuchstaben ist f\u00fcr Kinder ab 5 Jahren geeignet. Es wird in den Niederlanden aus FSC-zertifiziertem Holz hergestellt.<\/p>\n<p>Inhalt:<\/p>\n<p>1 Puzzle mit 26 Teilen<\/p>\n<h2>\u00dcber Rolf<\/h2>\n<p>Die Niederl\u00e4ndische Marke <a href=\"https:\/\/teiaeducation.ch\/de\/produkt-kategorie\/unsere-marken\/rolf-de\/\">Rolf<\/a> arbeitet eng mit Lehrern und Bildungsexperten zusammen, um Produkte zu entwickeln, die die Entwicklung der Kinder f\u00f6rdern, ihr Wissen und ihre F\u00e4higkeiten verbessern und die Ziele der Lehrer unterst\u00fctzen.<\/p>\n<p>Jedes p\u00e4dagogische Rolf Produkt bietet ein komplettes Sortiment an Entwicklungsbausteinen f\u00fcr das kindliche Gehirn und f\u00f6rdert <a href=\"https:\/\/teiaeducation.ch\/de\/produkt-kategorie\/kinder-spielzeug\/\">spielerisch<\/a> verschiedene F\u00e4higkeiten wie <a href=\"https:\/\/teiaeducation.ch\/de\/produkt-kategorie\/lernthemen\/mathematik-rechnen\/\">Mathematik<\/a>, <a href=\"https:\/\/teiaeducation.ch\/de\/produkt-kategorie\/lernthemen\/alphabetisierung-sprache\/\">Sprache<\/a>, <a href=\"https:\/\/teiaeducation.ch\/de\/produkt-kategorie\/malen-basteln\/\">Kreativit\u00e4t<\/a>, Motorik und sogar Selbstvertrauen.<\/p>\n<p>Rolfs originelle und unverwechselbare <a href=\"https:\/\/teiaeducation.ch\/de\/produkt-kategorie\/lernthemen\/\">Unterrichtsmaterialien<\/a> sind an ihren robusten Materialien, lebhaften Farben und ansprechenden Illustrationen zu erkennen. Kinder werden die wunderbaren Lern- und Spielprodukte lieben, von den lustigen und herausfordernden Puzzles, die das Lernen zum Leben erwecken, bis hin zu den robusten und farbenfrohen <a href=\"https:\/\/teiaeducation.ch\/de\/produkt-kategorie\/kinder-spielzeug\/spielzeug-fuer-draussen\/\">Outdoor<\/a>&#8211; und <a href=\"https:\/\/teiaeducation.ch\/de\/produkt-kategorie\/kinder-spielzeug\/sandspielzeug\/\">Sandspielzeugen<\/a>, die perfekt f\u00fcr den Strand oder den Sandkasten sind.<\/p>\n<p>Jedes Rolf Produkt wird in den Niederlanden entworfen und nachhaltig hergestellt. Das garantiert hochwertige Produkte, die sicher und langlebig sind und stundenlanges Spielen und Lernen erm\u00f6glichen. Alle Rolf-Produkte sind nach den Europ\u00e4ischen Sicherheitsvorschriften getestet und wurden von den Kindern selbst ausgiebig gepr\u00fcft und f\u00fcr gut befunden, da sie viel Spa\u00df beim Spielen machen und echte Lernm\u00f6glichkeiten bieten.<\/p>\n","protected":false},"excerpt":{"rendered":"<p>Artikelnummer: 220.2041<\/p>\n<p>Rolfs Puzzle A-Z Buchstaben in Kleinbuchstaben ist ein farbenfrohes, lehrreiches Sprachpuzzle aus Holz zum Erlernen des Alphabets. Hergestellt in den Niederlanden.<\/p>\n","protected":false},"featured_media":65391,"comment_status":"open","ping_status":"closed","template":"","meta":[],"product_brand":[],"product_cat":[21445,21524,21479,21532,21707,21509,22182,21443,21563,21660,21678,21482,21564],"product_tag":[29954,29956,29953,29955,29951,29952,29947,29949,29948,29950,29945,29946],"class_list":{"0":"post-65559","1":"product","2":"type-product","3":"status-publish","4":"has-post-thumbnail","6":"product_cat-3-6-jahre-vorschule","7":"product_cat-alphabetisierung-sprache","8":"product_cat-lernmaterialien-spielzeug-montessori-waldorf-steiner-froebel","9":"product_cat-buchstaben-das-alphabet","10":"product_cat-holzpuzzles","11":"product_cat-lernthemen","12":"product_cat-montessori-spielzeug","13":"product_cat-nach-alter","14":"product_cat-neuheiten","15":"product_cat-rolf-de","16":"product_cat-kinder-spielzeug","17":"product_cat-traditionelle-bildung","18":"product_cat-unsere-marken","19":"product_tag-alphabet-buchstaben-kleinbuchstaben-puzzle-holz","20":"product_tag-alphabet-buchstaben-kleinbuchstaben-puzzle-holz-rolf","21":"product_tag-alphabet-buchstaben-puzzle-holz","22":"product_tag-alphabet-buchstaben-puzzle-holz-rolf","23":"product_tag-holzbuchstaben-puzzle","24":"product_tag-holzbuchstaben-puzzle-de","25":"product_tag-holzpuzzle-a-z-buchstaben-in-kleinbuchstaben","26":"product_tag-holzpuzzle-a-z-buchstaben-in-kleinbuchstaben-rolf","27":"product_tag-holzpuzzle-buchstaben-in-kleinbuchstaben","28":"product_tag-holzpuzzle-buchstaben-in-kleinbuchstaben-rolf","29":"product_tag-puzzle-a-z-kleinbuchstaben","30":"product_tag-puzzle-buchstaben-in-kleinbuchstaben","32":"first","33":"instock","34":"taxable","35":"shipping-taxable","36":"purchasable","37":"product-type-simple"},"yoast_head":"<!-- This site is optimized with the Yoast SEO plugin v27.1.1 - https:\/\/yoast.com\/product\/yoast-seo-wordpress\/ -->\n<title>Puzzle A-Z Kleinbuchstaben \u2013 Rolf - Teia Education &amp; Play<\/title>\n<meta name=\"description\" content=\"Rolfs Puzzle A-Z in Kleinbuchstaben ist ein farbenfrohes, lehrreiches Sprachpuzzle aus Holz zum Erlernen des Alphabets. Hergestellt in den Niederlanden.\" \/>\n<meta name=\"robots\" content=\"index, follow, max-snippet:-1, max-image-preview:large, max-video-preview:-1\" \/>\n<link rel=\"canonical\" href=\"https:\/\/teiaeducation.ch\/de\/produkt\/puzzle-a-z-kleinbuchstaben-rolf\/\" \/>\n<meta property=\"og:locale\" content=\"de_DE\" \/>\n<meta property=\"og:type\" content=\"article\" \/>\n<meta property=\"og:title\" content=\"Puzzle A-Z Kleinbuchstaben \u2013 Rolf - Teia Education &amp; Play\" \/>\n<meta property=\"og:description\" content=\"Rolfs Puzzle A-Z in Kleinbuchstaben ist ein farbenfrohes, lehrreiches Sprachpuzzle aus Holz zum Erlernen des Alphabets. Hergestellt in den Niederlanden.\" \/>\n<meta property=\"og:url\" content=\"https:\/\/teiaeducation.ch\/de\/produkt\/puzzle-a-z-kleinbuchstaben-rolf\/\" \/>\n<meta property=\"og:site_name\" content=\"Sustainable Educational Products &amp; Ecological Toys\u00a0\" \/>\n<meta property=\"article:publisher\" content=\"https:\/\/www.facebook.com\/teiaeducation\/\" \/>\n<meta property=\"article:modified_time\" content=\"2025-05-19T09:47:57+00:00\" \/>\n<meta property=\"og:image\" content=\"https:\/\/teiaeducation.ch\/wp-content\/uploads\/2025\/02\/Wooden-educational-puzzle-A-Z-letters-in-lowercase-Rolf-2.png\" \/>\n\t<meta property=\"og:image:width\" content=\"2366\" \/>\n\t<meta property=\"og:image:height\" content=\"2010\" \/>\n\t<meta property=\"og:image:type\" content=\"image\/png\" \/>\n<script type=\"application\/ld+json\" class=\"yoast-schema-graph\">{\"@context\":\"https:\/\/schema.org\",\"@graph\":[{\"@type\":\"WebPage\",\"@id\":\"https:\/\/teiaeducation.ch\/de\/produkt\/puzzle-a-z-kleinbuchstaben-rolf\/\",\"url\":\"https:\/\/teiaeducation.ch\/de\/produkt\/puzzle-a-z-kleinbuchstaben-rolf\/\",\"name\":\"Puzzle A-Z Kleinbuchstaben \u2013 Rolf - Teia Education & Play\",\"isPartOf\":{\"@id\":\"https:\/\/teiaeducation.ch\/de\/#website\"},\"primaryImageOfPage\":{\"@id\":\"https:\/\/teiaeducation.ch\/de\/produkt\/puzzle-a-z-kleinbuchstaben-rolf\/#primaryimage\"},\"image\":{\"@id\":\"https:\/\/teiaeducation.ch\/de\/produkt\/puzzle-a-z-kleinbuchstaben-rolf\/#primaryimage\"},\"thumbnailUrl\":\"https:\/\/teiaeducation.ch\/wp-content\/uploads\/2025\/02\/Wooden-educational-puzzle-A-Z-letters-in-lowercase-Rolf-2.png\",\"datePublished\":\"2025-02-13T10:05:02+00:00\",\"dateModified\":\"2025-05-19T09:47:57+00:00\",\"description\":\"Rolfs Puzzle A-Z in Kleinbuchstaben ist ein farbenfrohes, lehrreiches Sprachpuzzle aus Holz zum Erlernen des Alphabets. Hergestellt in den Niederlanden.\",\"breadcrumb\":{\"@id\":\"https:\/\/teiaeducation.ch\/de\/produkt\/puzzle-a-z-kleinbuchstaben-rolf\/#breadcrumb\"},\"inLanguage\":\"de-CH\",\"potentialAction\":[{\"@type\":\"ReadAction\",\"target\":[\"https:\/\/teiaeducation.ch\/de\/produkt\/puzzle-a-z-kleinbuchstaben-rolf\/\"]}]},{\"@type\":\"ImageObject\",\"inLanguage\":\"de-CH\",\"@id\":\"https:\/\/teiaeducation.ch\/de\/produkt\/puzzle-a-z-kleinbuchstaben-rolf\/#primaryimage\",\"url\":\"https:\/\/teiaeducation.ch\/wp-content\/uploads\/2025\/02\/Wooden-educational-puzzle-A-Z-letters-in-lowercase-Rolf-2.png\",\"contentUrl\":\"https:\/\/teiaeducation.ch\/wp-content\/uploads\/2025\/02\/Wooden-educational-puzzle-A-Z-letters-in-lowercase-Rolf-2.png\",\"width\":2366,\"height\":2010,\"caption\":\"Lernpuzzle aus Holz A-Z Buchstaben in Kleinbuchstaben Rolf\"},{\"@type\":\"BreadcrumbList\",\"@id\":\"https:\/\/teiaeducation.ch\/de\/produkt\/puzzle-a-z-kleinbuchstaben-rolf\/#breadcrumb\",\"itemListElement\":[{\"@type\":\"ListItem\",\"position\":1,\"name\":\"Home\",\"item\":\"https:\/\/teiaeducation.ch\/de\/\"},{\"@type\":\"ListItem\",\"position\":2,\"name\":\"Laden\",\"item\":\"https:\/\/teiaeducation.ch\/de\/shop\/\"},{\"@type\":\"ListItem\",\"position\":3,\"name\":\"Unsere Marken\",\"item\":\"https:\/\/teiaeducation.ch\/de\/produkt-kategorie\/unsere-marken\/\"},{\"@type\":\"ListItem\",\"position\":4,\"name\":\"Rolf\",\"item\":\"https:\/\/teiaeducation.ch\/de\/produkt-kategorie\/unsere-marken\/rolf-de\/\"},{\"@type\":\"ListItem\",\"position\":5,\"name\":\"Puzzle A-Z Kleinbuchstaben \u2013 Rolf\"}]},{\"@type\":\"WebSite\",\"@id\":\"https:\/\/teiaeducation.ch\/de\/#website\",\"url\":\"https:\/\/teiaeducation.ch\/de\/\",\"name\":\"Sustainable Educational Products &amp; Ecological Toys\u00a0\",\"description\":\"Specialised Swiss shop selling sustainable educational toys and games, AMI certified Montessori materials, handmade ecological wooden Waldorf toys and arts &amp; crafts supplies, school supplies, children&#039;s furniture and Montessori reference and parenting books.\",\"publisher\":{\"@id\":\"https:\/\/teiaeducation.ch\/de\/#organization\"},\"alternateName\":\"Teia Education & Play\",\"potentialAction\":[{\"@type\":\"SearchAction\",\"target\":{\"@type\":\"EntryPoint\",\"urlTemplate\":\"https:\/\/teiaeducation.ch\/de\/?s={search_term_string}\"},\"query-input\":{\"@type\":\"PropertyValueSpecification\",\"valueRequired\":true,\"valueName\":\"search_term_string\"}}],\"inLanguage\":\"de-CH\"},{\"@type\":\"Organization\",\"@id\":\"https:\/\/teiaeducation.ch\/de\/#organization\",\"name\":\"Teia Education & Play\",\"url\":\"https:\/\/teiaeducation.ch\/de\/\",\"logo\":{\"@type\":\"ImageObject\",\"inLanguage\":\"de-CH\",\"@id\":\"https:\/\/teiaeducation.ch\/de\/#\/schema\/logo\/image\/\",\"url\":\"https:\/\/teiaeducation.ch\/wp-content\/uploads\/2020\/11\/Teia-Education-Switzerland-e1620156442216.jpg\",\"contentUrl\":\"https:\/\/teiaeducation.ch\/wp-content\/uploads\/2020\/11\/Teia-Education-Switzerland-e1620156442216.jpg\",\"width\":166,\"height\":145,\"caption\":\"Teia Education & Play\"},\"image\":{\"@id\":\"https:\/\/teiaeducation.ch\/de\/#\/schema\/logo\/image\/\"},\"sameAs\":[\"https:\/\/www.facebook.com\/teiaeducation\/\",\"https:\/\/x.com\/EducationTeia\",\"https:\/\/www.instagram.com\/teia.education\/\",\"https:\/\/www.linkedin.com\/company\/35501660\",\"https:\/\/www.pinterest.ch\/TeiaEducation\/\"]}]}<\/script>\n<!-- \/ Yoast SEO plugin. -->","yoast_head_json":{"title":"Puzzle A-Z Kleinbuchstaben \u2013 Rolf - Teia Education & Play","description":"Rolfs Puzzle A-Z in Kleinbuchstaben ist ein farbenfrohes, lehrreiches Sprachpuzzle aus Holz zum Erlernen des Alphabets. Hergestellt in den Niederlanden.","robots":{"index":"index","follow":"follow","max-snippet":"max-snippet:-1","max-image-preview":"max-image-preview:large","max-video-preview":"max-video-preview:-1"},"canonical":"https:\/\/teiaeducation.ch\/de\/produkt\/puzzle-a-z-kleinbuchstaben-rolf\/","og_locale":"de_DE","og_type":"article","og_title":"Puzzle A-Z Kleinbuchstaben \u2013 Rolf - Teia Education & Play","og_description":"Rolfs Puzzle A-Z in Kleinbuchstaben ist ein farbenfrohes, lehrreiches Sprachpuzzle aus Holz zum Erlernen des Alphabets. Hergestellt in den Niederlanden.","og_url":"https:\/\/teiaeducation.ch\/de\/produkt\/puzzle-a-z-kleinbuchstaben-rolf\/","og_site_name":"Sustainable Educational Products &amp; Ecological Toys\u00a0","article_publisher":"https:\/\/www.facebook.com\/teiaeducation\/","article_modified_time":"2025-05-19T09:47:57+00:00","og_image":[{"width":2366,"height":2010,"url":"https:\/\/teiaeducation.ch\/wp-content\/uploads\/2025\/02\/Wooden-educational-puzzle-A-Z-letters-in-lowercase-Rolf-2.png","type":"image\/png"}],"schema":{"@context":"https:\/\/schema.org","@graph":[{"@type":"WebPage","@id":"https:\/\/teiaeducation.ch\/de\/produkt\/puzzle-a-z-kleinbuchstaben-rolf\/","url":"https:\/\/teiaeducation.ch\/de\/produkt\/puzzle-a-z-kleinbuchstaben-rolf\/","name":"Puzzle A-Z Kleinbuchstaben \u2013 Rolf - Teia Education & Play","isPartOf":{"@id":"https:\/\/teiaeducation.ch\/de\/#website"},"primaryImageOfPage":{"@id":"https:\/\/teiaeducation.ch\/de\/produkt\/puzzle-a-z-kleinbuchstaben-rolf\/#primaryimage"},"image":{"@id":"https:\/\/teiaeducation.ch\/de\/produkt\/puzzle-a-z-kleinbuchstaben-rolf\/#primaryimage"},"thumbnailUrl":"https:\/\/teiaeducation.ch\/wp-content\/uploads\/2025\/02\/Wooden-educational-puzzle-A-Z-letters-in-lowercase-Rolf-2.png","datePublished":"2025-02-13T10:05:02+00:00","dateModified":"2025-05-19T09:47:57+00:00","description":"Rolfs Puzzle A-Z in Kleinbuchstaben ist ein farbenfrohes, lehrreiches Sprachpuzzle aus Holz zum Erlernen des Alphabets. Hergestellt in den Niederlanden.","breadcrumb":{"@id":"https:\/\/teiaeducation.ch\/de\/produkt\/puzzle-a-z-kleinbuchstaben-rolf\/#breadcrumb"},"inLanguage":"de-CH","potentialAction":[{"@type":"ReadAction","target":["https:\/\/teiaeducation.ch\/de\/produkt\/puzzle-a-z-kleinbuchstaben-rolf\/"]}]},{"@type":"ImageObject","inLanguage":"de-CH","@id":"https:\/\/teiaeducation.ch\/de\/produkt\/puzzle-a-z-kleinbuchstaben-rolf\/#primaryimage","url":"https:\/\/teiaeducation.ch\/wp-content\/uploads\/2025\/02\/Wooden-educational-puzzle-A-Z-letters-in-lowercase-Rolf-2.png","contentUrl":"https:\/\/teiaeducation.ch\/wp-content\/uploads\/2025\/02\/Wooden-educational-puzzle-A-Z-letters-in-lowercase-Rolf-2.png","width":2366,"height":2010,"caption":"Lernpuzzle aus Holz A-Z Buchstaben in Kleinbuchstaben Rolf"},{"@type":"BreadcrumbList","@id":"https:\/\/teiaeducation.ch\/de\/produkt\/puzzle-a-z-kleinbuchstaben-rolf\/#breadcrumb","itemListElement":[{"@type":"ListItem","position":1,"name":"Home","item":"https:\/\/teiaeducation.ch\/de\/"},{"@type":"ListItem","position":2,"name":"Laden","item":"https:\/\/teiaeducation.ch\/de\/shop\/"},{"@type":"ListItem","position":3,"name":"Unsere Marken","item":"https:\/\/teiaeducation.ch\/de\/produkt-kategorie\/unsere-marken\/"},{"@type":"ListItem","position":4,"name":"Rolf","item":"https:\/\/teiaeducation.ch\/de\/produkt-kategorie\/unsere-marken\/rolf-de\/"},{"@type":"ListItem","position":5,"name":"Puzzle A-Z Kleinbuchstaben \u2013 Rolf"}]},{"@type":"WebSite","@id":"https:\/\/teiaeducation.ch\/de\/#website","url":"https:\/\/teiaeducation.ch\/de\/","name":"Sustainable Educational Products &amp; Ecological Toys\u00a0","description":"Specialised Swiss shop selling sustainable educational toys and games, AMI certified Montessori materials, handmade ecological wooden Waldorf toys and arts &amp; crafts supplies, school supplies, children&#039;s furniture and Montessori reference and parenting books.","publisher":{"@id":"https:\/\/teiaeducation.ch\/de\/#organization"},"alternateName":"Teia Education & Play","potentialAction":[{"@type":"SearchAction","target":{"@type":"EntryPoint","urlTemplate":"https:\/\/teiaeducation.ch\/de\/?s={search_term_string}"},"query-input":{"@type":"PropertyValueSpecification","valueRequired":true,"valueName":"search_term_string"}}],"inLanguage":"de-CH"},{"@type":"Organization","@id":"https:\/\/teiaeducation.ch\/de\/#organization","name":"Teia Education & Play","url":"https:\/\/teiaeducation.ch\/de\/","logo":{"@type":"ImageObject","inLanguage":"de-CH","@id":"https:\/\/teiaeducation.ch\/de\/#\/schema\/logo\/image\/","url":"https:\/\/teiaeducation.ch\/wp-content\/uploads\/2020\/11\/Teia-Education-Switzerland-e1620156442216.jpg","contentUrl":"https:\/\/teiaeducation.ch\/wp-content\/uploads\/2020\/11\/Teia-Education-Switzerland-e1620156442216.jpg","width":166,"height":145,"caption":"Teia Education & Play"},"image":{"@id":"https:\/\/teiaeducation.ch\/de\/#\/schema\/logo\/image\/"},"sameAs":["https:\/\/www.facebook.com\/teiaeducation\/","https:\/\/x.com\/EducationTeia","https:\/\/www.instagram.com\/teia.education\/","https:\/\/www.linkedin.com\/company\/35501660","https:\/\/www.pinterest.ch\/TeiaEducation\/"]}]}},"_links":{"self":[{"href":"https:\/\/teiaeducation.ch\/de\/wp-json\/wp\/v2\/product\/65559","targetHints":{"allow":["GET"]}}],"collection":[{"href":"https:\/\/teiaeducation.ch\/de\/wp-json\/wp\/v2\/product"}],"about":[{"href":"https:\/\/teiaeducation.ch\/de\/wp-json\/wp\/v2\/types\/product"}],"replies":[{"embeddable":true,"href":"https:\/\/teiaeducation.ch\/de\/wp-json\/wp\/v2\/comments?post=65559"}],"wp:featuredmedia":[{"embeddable":true,"href":"https:\/\/teiaeducation.ch\/de\/wp-json\/wp\/v2\/media\/65391"}],"wp:attachment":[{"href":"https:\/\/teiaeducation.ch\/de\/wp-json\/wp\/v2\/media?parent=65559"}],"wp:term":[{"taxonomy":"product_brand","embeddable":true,"href":"https:\/\/teiaeducation.ch\/de\/wp-json\/wp\/v2\/product_brand?post=65559"},{"taxonomy":"product_cat","embeddable":true,"href":"https:\/\/teiaeducation.ch\/de\/wp-json\/wp\/v2\/product_cat?post=65559"},{"taxonomy":"product_tag","embeddable":true,"href":"https:\/\/teiaeducation.ch\/de\/wp-json\/wp\/v2\/product_tag?post=65559"}],"curies":[{"name":"wp","href":"https:\/\/api.w.org\/{rel}","templated":true}]}}