{"id":65569,"date":"2025-02-11T12:34:56","date_gmt":"2025-02-11T11:34:56","guid":{"rendered":"https:\/\/teiaeducation.ch\/product\/kurzer-pinsel-sortiment-naturholz-54-st-rolf-kurzer-pinsel-sortiment-naturholz-54-st-rolf\/"},"modified":"2025-05-19T11:48:08","modified_gmt":"2025-05-19T09:48:08","slug":"kurzer-pinsel-sortiment-naturholz-54-st-rolf-kurzer-pinsel-sortiment-naturholz-54-st-rolf","status":"publish","type":"product","link":"https:\/\/teiaeducation.ch\/de\/produkt\/kurzer-pinsel-sortiment-naturholz-54-st-rolf-kurzer-pinsel-sortiment-naturholz-54-st-rolf\/","title":{"rendered":"Kurzer Pinsel Sortiment Naturholz 54 St. &#8211; Rolf"},"content":{"rendered":"<p>Ein sch\u00f6nes Sortiment von 54 kurzen Pinsel aus Naturholz aus der Rolf Arts &amp; Crafts Kollektion. Die Pinsel haben eine ergonomische Form, damit sie gut und sicher in Kinderh\u00e4nden liegen. Jeder Pinsel hat eine andere Gr\u00f6\u00dfe: 2, 4, 6, 8, 10 und 12. Das Set enth\u00e4lt 9 Pinsel f\u00fcr jede Gr\u00f6\u00dfe.<\/p>\n<p>Sie haben einen nat\u00fcrlichen Holzgriff und sind mit einer nahtlosen Aluminiumzwinge versehen, die die Borsten aus gebleichten Schweineborsten h\u00e4lt.<\/p>\n<p>Rolf-Pinsel bieten h\u00f6chste Qualit\u00e4t beim zufriedenstellenden <a href=\"https:\/\/teiaeducation.ch\/de\/produkt-kategorie\/malen-basteln\/zeichnen-malen\/\">F\u00e4rben<\/a>, Kleben und <a href=\"https:\/\/teiaeducation.ch\/de\/produkt-kategorie\/malen-basteln\/malen\/\">Malen<\/a>. Sie sind geeignet f\u00fcr Acrylfarbe, \u00d6lfarbe, Aquarellfarbe, Gesichtsfarbe, Gouachefarbe, wasserl\u00f6slichen Kleber und auch Tinte.<\/p>\n<p>Die Rolf Pinsel sind f\u00fcr Kinder ab 3 Jahren geeignet und werden in den Niederlanden hergestellt.<\/p>\n<p>Inhalt:<\/p>\n<p>54 Pinsel<\/p>\n<h2>\u00dcber Rolf<\/h2>\n<p>Die Niederl\u00e4ndische Marke <a href=\"https:\/\/teiaeducation.ch\/de\/produkt-kategorie\/unsere-marken\/rolf-de\/\">Rolf<\/a> arbeitet eng mit Lehrern und Bildungsexperten zusammen, um Produkte zu entwickeln, die die Entwicklung der Kinder f\u00f6rdern, ihr Wissen und ihre F\u00e4higkeiten verbessern und die Ziele der Lehrer unterst\u00fctzen.<\/p>\n<p>Jedes p\u00e4dagogische Rolf Produkt bietet ein komplettes Sortiment an Entwicklungsbausteinen f\u00fcr das kindliche Gehirn und f\u00f6rdert <a href=\"https:\/\/teiaeducation.ch\/de\/produkt-kategorie\/kinder-spielzeug\/\">spielerisch<\/a> verschiedene F\u00e4higkeiten wie <a href=\"https:\/\/teiaeducation.ch\/de\/produkt-kategorie\/lernthemen\/mathematik-rechnen\/\">Mathematik<\/a>, <a href=\"https:\/\/teiaeducation.ch\/de\/produkt-kategorie\/lernthemen\/alphabetisierung-sprache\/\">Sprache<\/a>, <a href=\"https:\/\/teiaeducation.ch\/de\/produkt-kategorie\/malen-basteln\/\">Kreativit\u00e4t<\/a>, Motorik und sogar Selbstvertrauen.<\/p>\n<p>Rolfs originelle und unverwechselbare <a href=\"https:\/\/teiaeducation.ch\/de\/produkt-kategorie\/lernthemen\/\">Unterrichtsmaterialien<\/a> sind an ihren robusten Materialien, lebhaften Farben und ansprechenden Illustrationen zu erkennen. Kinder werden die wunderbaren Lern- und Spielprodukte lieben, von den lustigen und herausfordernden Puzzles, die das Lernen zum Leben erwecken, bis hin zu den robusten und farbenfrohen <a href=\"https:\/\/teiaeducation.ch\/de\/produkt-kategorie\/kinder-spielzeug\/spielzeug-fuer-draussen\/\">Outdoor<\/a>&#8211; und <a href=\"https:\/\/teiaeducation.ch\/de\/produkt-kategorie\/kinder-spielzeug\/sandspielzeug\/\">Sandspielzeugen<\/a>, die perfekt f\u00fcr den Strand oder den Sandkasten sind.<\/p>\n<p>Jedes Rolf Produkt wird in den Niederlanden entworfen und nachhaltig hergestellt. Das garantiert hochwertige Produkte, die sicher und langlebig sind und stundenlanges Spielen und Lernen erm\u00f6glichen. Alle Rolf-Produkte sind nach den Europ\u00e4ischen Sicherheitsvorschriften getestet und wurden von den Kindern selbst ausgiebig gepr\u00fcft und f\u00fcr gut befunden, da sie viel Spa\u00df beim Spielen machen und echte Lernm\u00f6glichkeiten bieten.<\/p>\n","protected":false},"excerpt":{"rendered":"<p>Artikelnummer: 104.3068<\/p>\n<p>Ein Sortiment von 54 kurzen Pinsel in 6 verschiedenen Gr\u00f6\u00dfen von Rolf -mit einen ergonomisch geformten Naturholz Griff, der sicher in der Kinderhand liegt.<\/p>\n","protected":false},"featured_media":65357,"comment_status":"open","ping_status":"closed","template":"","meta":[],"product_brand":[],"product_cat":[21475,21445,21446,21449,21479,21474,21447,21457,21481,21443,21563,21660,21482,21564,21483,21450],"product_tag":[29964,29967,29968,29966,29965],"class_list":{"0":"post-65569","1":"product","2":"type-product","3":"status-publish","4":"has-post-thumbnail","6":"product_cat-3-6-jahre-klassenzimmer-pack","7":"product_cat-3-6-jahre-vorschule","8":"product_cat-6-12-jahre-grundschule","9":"product_cat-bastelwerkzeuge-aufbewahrung","10":"product_cat-lernmaterialien-spielzeug-montessori-waldorf-steiner-froebel","11":"product_cat-klassenzimmer-essenzien","12":"product_cat-malen-basteln","13":"product_cat-malen","14":"product_cat-montessori-paedagogik-material-spielzeug","15":"product_cat-nach-alter","16":"product_cat-neuheiten","17":"product_cat-rolf-de","18":"product_cat-traditionelle-bildung","19":"product_cat-unsere-marken","20":"product_cat-waldorf-steiner-paedagogik","21":"product_cat-zeichnen-malen","22":"product_tag-kurzer-pinsel-sortiment-naturholz-54-st-rolf-rolf","23":"product_tag-kurzpinsel-sortiment-rolf","24":"product_tag-pinsel-naturholz-rolf","25":"product_tag-rolf-arts-crafts-de","26":"product_tag-rolf-pinsel","28":"first","29":"instock","30":"taxable","31":"shipping-taxable","32":"purchasable","33":"product-type-simple"},"yoast_head":"<!-- This site is optimized with the Yoast SEO plugin v27.1.1 - https:\/\/yoast.com\/product\/yoast-seo-wordpress\/ -->\n<title>Kurzer Pinsel Sortiment Naturholz 54 St. - Rolf<\/title>\n<meta name=\"description\" content=\"Ein Sortiment von 54 kurzer Pinsel in 6 verschiedenen Gr\u00f6\u00dfen von Rolf mit einen ergonomisch geformten Naturholz Griff, der sicher in der Kinderhand liegt\" \/>\n<meta name=\"robots\" content=\"index, follow, max-snippet:-1, max-image-preview:large, max-video-preview:-1\" \/>\n<link rel=\"canonical\" href=\"https:\/\/teiaeducation.ch\/de\/produkt\/kurzer-pinsel-sortiment-naturholz-54-st-rolf-kurzer-pinsel-sortiment-naturholz-54-st-rolf\/\" \/>\n<meta property=\"og:locale\" content=\"de_DE\" \/>\n<meta property=\"og:type\" content=\"article\" \/>\n<meta property=\"og:title\" content=\"Kurzer Pinsel Sortiment Naturholz 54 St. - Rolf\" \/>\n<meta property=\"og:description\" content=\"Ein Sortiment von 54 kurzer Pinsel in 6 verschiedenen Gr\u00f6\u00dfen von Rolf mit einen ergonomisch geformten Naturholz Griff, der sicher in der Kinderhand liegt\" \/>\n<meta property=\"og:url\" content=\"https:\/\/teiaeducation.ch\/de\/produkt\/kurzer-pinsel-sortiment-naturholz-54-st-rolf-kurzer-pinsel-sortiment-naturholz-54-st-rolf\/\" \/>\n<meta property=\"og:site_name\" content=\"Sustainable Educational Products &amp; Ecological Toys\u00a0\" \/>\n<meta property=\"article:publisher\" content=\"https:\/\/www.facebook.com\/teiaeducation\/\" \/>\n<meta property=\"article:modified_time\" content=\"2025-05-19T09:48:08+00:00\" \/>\n<meta property=\"og:image\" content=\"https:\/\/teiaeducation.ch\/wp-content\/uploads\/2025\/02\/Short-brushes-assortment-natural-wood-54-pcs.-Rolf-.png\" \/>\n\t<meta property=\"og:image:width\" content=\"798\" \/>\n\t<meta property=\"og:image:height\" content=\"667\" \/>\n\t<meta property=\"og:image:type\" content=\"image\/png\" \/>\n<script type=\"application\/ld+json\" class=\"yoast-schema-graph\">{\"@context\":\"https:\/\/schema.org\",\"@graph\":[{\"@type\":\"WebPage\",\"@id\":\"https:\/\/teiaeducation.ch\/de\/produkt\/kurzer-pinsel-sortiment-naturholz-54-st-rolf-kurzer-pinsel-sortiment-naturholz-54-st-rolf\/\",\"url\":\"https:\/\/teiaeducation.ch\/de\/produkt\/kurzer-pinsel-sortiment-naturholz-54-st-rolf-kurzer-pinsel-sortiment-naturholz-54-st-rolf\/\",\"name\":\"Kurzer Pinsel Sortiment Naturholz 54 St. - Rolf\",\"isPartOf\":{\"@id\":\"https:\/\/teiaeducation.ch\/de\/#website\"},\"primaryImageOfPage\":{\"@id\":\"https:\/\/teiaeducation.ch\/de\/produkt\/kurzer-pinsel-sortiment-naturholz-54-st-rolf-kurzer-pinsel-sortiment-naturholz-54-st-rolf\/#primaryimage\"},\"image\":{\"@id\":\"https:\/\/teiaeducation.ch\/de\/produkt\/kurzer-pinsel-sortiment-naturholz-54-st-rolf-kurzer-pinsel-sortiment-naturholz-54-st-rolf\/#primaryimage\"},\"thumbnailUrl\":\"https:\/\/teiaeducation.ch\/wp-content\/uploads\/2025\/02\/Short-brushes-assortment-natural-wood-54-pcs.-Rolf-.png\",\"datePublished\":\"2025-02-11T11:34:56+00:00\",\"dateModified\":\"2025-05-19T09:48:08+00:00\",\"description\":\"Ein Sortiment von 54 kurzer Pinsel in 6 verschiedenen Gr\u00f6\u00dfen von Rolf mit einen ergonomisch geformten Naturholz Griff, der sicher in der Kinderhand liegt\",\"breadcrumb\":{\"@id\":\"https:\/\/teiaeducation.ch\/de\/produkt\/kurzer-pinsel-sortiment-naturholz-54-st-rolf-kurzer-pinsel-sortiment-naturholz-54-st-rolf\/#breadcrumb\"},\"inLanguage\":\"de-CH\",\"potentialAction\":[{\"@type\":\"ReadAction\",\"target\":[\"https:\/\/teiaeducation.ch\/de\/produkt\/kurzer-pinsel-sortiment-naturholz-54-st-rolf-kurzer-pinsel-sortiment-naturholz-54-st-rolf\/\"]}]},{\"@type\":\"ImageObject\",\"inLanguage\":\"de-CH\",\"@id\":\"https:\/\/teiaeducation.ch\/de\/produkt\/kurzer-pinsel-sortiment-naturholz-54-st-rolf-kurzer-pinsel-sortiment-naturholz-54-st-rolf\/#primaryimage\",\"url\":\"https:\/\/teiaeducation.ch\/wp-content\/uploads\/2025\/02\/Short-brushes-assortment-natural-wood-54-pcs.-Rolf-.png\",\"contentUrl\":\"https:\/\/teiaeducation.ch\/wp-content\/uploads\/2025\/02\/Short-brushes-assortment-natural-wood-54-pcs.-Rolf-.png\",\"width\":798,\"height\":667,\"caption\":\"Kurzer Pinsel Sortiment Naturholz 54 St. Rolf\"},{\"@type\":\"BreadcrumbList\",\"@id\":\"https:\/\/teiaeducation.ch\/de\/produkt\/kurzer-pinsel-sortiment-naturholz-54-st-rolf-kurzer-pinsel-sortiment-naturholz-54-st-rolf\/#breadcrumb\",\"itemListElement\":[{\"@type\":\"ListItem\",\"position\":1,\"name\":\"Home\",\"item\":\"https:\/\/teiaeducation.ch\/de\/\"},{\"@type\":\"ListItem\",\"position\":2,\"name\":\"Laden\",\"item\":\"https:\/\/teiaeducation.ch\/de\/shop\/\"},{\"@type\":\"ListItem\",\"position\":3,\"name\":\"Unsere Marken\",\"item\":\"https:\/\/teiaeducation.ch\/de\/produkt-kategorie\/unsere-marken\/\"},{\"@type\":\"ListItem\",\"position\":4,\"name\":\"Rolf\",\"item\":\"https:\/\/teiaeducation.ch\/de\/produkt-kategorie\/unsere-marken\/rolf-de\/\"},{\"@type\":\"ListItem\",\"position\":5,\"name\":\"Kurzer Pinsel Sortiment Naturholz 54 St. &#8211; Rolf\"}]},{\"@type\":\"WebSite\",\"@id\":\"https:\/\/teiaeducation.ch\/de\/#website\",\"url\":\"https:\/\/teiaeducation.ch\/de\/\",\"name\":\"Sustainable Educational Products &amp; Ecological Toys\u00a0\",\"description\":\"Specialised Swiss shop selling sustainable educational toys and games, AMI certified Montessori materials, handmade ecological wooden Waldorf toys and arts &amp; crafts supplies, school supplies, children&#039;s furniture and Montessori reference and parenting books.\",\"publisher\":{\"@id\":\"https:\/\/teiaeducation.ch\/de\/#organization\"},\"alternateName\":\"Teia Education & Play\",\"potentialAction\":[{\"@type\":\"SearchAction\",\"target\":{\"@type\":\"EntryPoint\",\"urlTemplate\":\"https:\/\/teiaeducation.ch\/de\/?s={search_term_string}\"},\"query-input\":{\"@type\":\"PropertyValueSpecification\",\"valueRequired\":true,\"valueName\":\"search_term_string\"}}],\"inLanguage\":\"de-CH\"},{\"@type\":\"Organization\",\"@id\":\"https:\/\/teiaeducation.ch\/de\/#organization\",\"name\":\"Teia Education & Play\",\"url\":\"https:\/\/teiaeducation.ch\/de\/\",\"logo\":{\"@type\":\"ImageObject\",\"inLanguage\":\"de-CH\",\"@id\":\"https:\/\/teiaeducation.ch\/de\/#\/schema\/logo\/image\/\",\"url\":\"https:\/\/teiaeducation.ch\/wp-content\/uploads\/2020\/11\/Teia-Education-Switzerland-e1620156442216.jpg\",\"contentUrl\":\"https:\/\/teiaeducation.ch\/wp-content\/uploads\/2020\/11\/Teia-Education-Switzerland-e1620156442216.jpg\",\"width\":166,\"height\":145,\"caption\":\"Teia Education & Play\"},\"image\":{\"@id\":\"https:\/\/teiaeducation.ch\/de\/#\/schema\/logo\/image\/\"},\"sameAs\":[\"https:\/\/www.facebook.com\/teiaeducation\/\",\"https:\/\/x.com\/EducationTeia\",\"https:\/\/www.instagram.com\/teia.education\/\",\"https:\/\/www.linkedin.com\/company\/35501660\",\"https:\/\/www.pinterest.ch\/TeiaEducation\/\"]}]}<\/script>\n<!-- \/ Yoast SEO plugin. -->","yoast_head_json":{"title":"Kurzer Pinsel Sortiment Naturholz 54 St. - Rolf","description":"Ein Sortiment von 54 kurzer Pinsel in 6 verschiedenen Gr\u00f6\u00dfen von Rolf mit einen ergonomisch geformten Naturholz Griff, der sicher in der Kinderhand liegt","robots":{"index":"index","follow":"follow","max-snippet":"max-snippet:-1","max-image-preview":"max-image-preview:large","max-video-preview":"max-video-preview:-1"},"canonical":"https:\/\/teiaeducation.ch\/de\/produkt\/kurzer-pinsel-sortiment-naturholz-54-st-rolf-kurzer-pinsel-sortiment-naturholz-54-st-rolf\/","og_locale":"de_DE","og_type":"article","og_title":"Kurzer Pinsel Sortiment Naturholz 54 St. - Rolf","og_description":"Ein Sortiment von 54 kurzer Pinsel in 6 verschiedenen Gr\u00f6\u00dfen von Rolf mit einen ergonomisch geformten Naturholz Griff, der sicher in der Kinderhand liegt","og_url":"https:\/\/teiaeducation.ch\/de\/produkt\/kurzer-pinsel-sortiment-naturholz-54-st-rolf-kurzer-pinsel-sortiment-naturholz-54-st-rolf\/","og_site_name":"Sustainable Educational Products &amp; Ecological Toys\u00a0","article_publisher":"https:\/\/www.facebook.com\/teiaeducation\/","article_modified_time":"2025-05-19T09:48:08+00:00","og_image":[{"width":798,"height":667,"url":"https:\/\/teiaeducation.ch\/wp-content\/uploads\/2025\/02\/Short-brushes-assortment-natural-wood-54-pcs.-Rolf-.png","type":"image\/png"}],"schema":{"@context":"https:\/\/schema.org","@graph":[{"@type":"WebPage","@id":"https:\/\/teiaeducation.ch\/de\/produkt\/kurzer-pinsel-sortiment-naturholz-54-st-rolf-kurzer-pinsel-sortiment-naturholz-54-st-rolf\/","url":"https:\/\/teiaeducation.ch\/de\/produkt\/kurzer-pinsel-sortiment-naturholz-54-st-rolf-kurzer-pinsel-sortiment-naturholz-54-st-rolf\/","name":"Kurzer Pinsel Sortiment Naturholz 54 St. - Rolf","isPartOf":{"@id":"https:\/\/teiaeducation.ch\/de\/#website"},"primaryImageOfPage":{"@id":"https:\/\/teiaeducation.ch\/de\/produkt\/kurzer-pinsel-sortiment-naturholz-54-st-rolf-kurzer-pinsel-sortiment-naturholz-54-st-rolf\/#primaryimage"},"image":{"@id":"https:\/\/teiaeducation.ch\/de\/produkt\/kurzer-pinsel-sortiment-naturholz-54-st-rolf-kurzer-pinsel-sortiment-naturholz-54-st-rolf\/#primaryimage"},"thumbnailUrl":"https:\/\/teiaeducation.ch\/wp-content\/uploads\/2025\/02\/Short-brushes-assortment-natural-wood-54-pcs.-Rolf-.png","datePublished":"2025-02-11T11:34:56+00:00","dateModified":"2025-05-19T09:48:08+00:00","description":"Ein Sortiment von 54 kurzer Pinsel in 6 verschiedenen Gr\u00f6\u00dfen von Rolf mit einen ergonomisch geformten Naturholz Griff, der sicher in der Kinderhand liegt","breadcrumb":{"@id":"https:\/\/teiaeducation.ch\/de\/produkt\/kurzer-pinsel-sortiment-naturholz-54-st-rolf-kurzer-pinsel-sortiment-naturholz-54-st-rolf\/#breadcrumb"},"inLanguage":"de-CH","potentialAction":[{"@type":"ReadAction","target":["https:\/\/teiaeducation.ch\/de\/produkt\/kurzer-pinsel-sortiment-naturholz-54-st-rolf-kurzer-pinsel-sortiment-naturholz-54-st-rolf\/"]}]},{"@type":"ImageObject","inLanguage":"de-CH","@id":"https:\/\/teiaeducation.ch\/de\/produkt\/kurzer-pinsel-sortiment-naturholz-54-st-rolf-kurzer-pinsel-sortiment-naturholz-54-st-rolf\/#primaryimage","url":"https:\/\/teiaeducation.ch\/wp-content\/uploads\/2025\/02\/Short-brushes-assortment-natural-wood-54-pcs.-Rolf-.png","contentUrl":"https:\/\/teiaeducation.ch\/wp-content\/uploads\/2025\/02\/Short-brushes-assortment-natural-wood-54-pcs.-Rolf-.png","width":798,"height":667,"caption":"Kurzer Pinsel Sortiment Naturholz 54 St. Rolf"},{"@type":"BreadcrumbList","@id":"https:\/\/teiaeducation.ch\/de\/produkt\/kurzer-pinsel-sortiment-naturholz-54-st-rolf-kurzer-pinsel-sortiment-naturholz-54-st-rolf\/#breadcrumb","itemListElement":[{"@type":"ListItem","position":1,"name":"Home","item":"https:\/\/teiaeducation.ch\/de\/"},{"@type":"ListItem","position":2,"name":"Laden","item":"https:\/\/teiaeducation.ch\/de\/shop\/"},{"@type":"ListItem","position":3,"name":"Unsere Marken","item":"https:\/\/teiaeducation.ch\/de\/produkt-kategorie\/unsere-marken\/"},{"@type":"ListItem","position":4,"name":"Rolf","item":"https:\/\/teiaeducation.ch\/de\/produkt-kategorie\/unsere-marken\/rolf-de\/"},{"@type":"ListItem","position":5,"name":"Kurzer Pinsel Sortiment Naturholz 54 St. &#8211; Rolf"}]},{"@type":"WebSite","@id":"https:\/\/teiaeducation.ch\/de\/#website","url":"https:\/\/teiaeducation.ch\/de\/","name":"Sustainable Educational Products &amp; Ecological Toys\u00a0","description":"Specialised Swiss shop selling sustainable educational toys and games, AMI certified Montessori materials, handmade ecological wooden Waldorf toys and arts &amp; crafts supplies, school supplies, children&#039;s furniture and Montessori reference and parenting books.","publisher":{"@id":"https:\/\/teiaeducation.ch\/de\/#organization"},"alternateName":"Teia Education & Play","potentialAction":[{"@type":"SearchAction","target":{"@type":"EntryPoint","urlTemplate":"https:\/\/teiaeducation.ch\/de\/?s={search_term_string}"},"query-input":{"@type":"PropertyValueSpecification","valueRequired":true,"valueName":"search_term_string"}}],"inLanguage":"de-CH"},{"@type":"Organization","@id":"https:\/\/teiaeducation.ch\/de\/#organization","name":"Teia Education & Play","url":"https:\/\/teiaeducation.ch\/de\/","logo":{"@type":"ImageObject","inLanguage":"de-CH","@id":"https:\/\/teiaeducation.ch\/de\/#\/schema\/logo\/image\/","url":"https:\/\/teiaeducation.ch\/wp-content\/uploads\/2020\/11\/Teia-Education-Switzerland-e1620156442216.jpg","contentUrl":"https:\/\/teiaeducation.ch\/wp-content\/uploads\/2020\/11\/Teia-Education-Switzerland-e1620156442216.jpg","width":166,"height":145,"caption":"Teia Education & Play"},"image":{"@id":"https:\/\/teiaeducation.ch\/de\/#\/schema\/logo\/image\/"},"sameAs":["https:\/\/www.facebook.com\/teiaeducation\/","https:\/\/x.com\/EducationTeia","https:\/\/www.instagram.com\/teia.education\/","https:\/\/www.linkedin.com\/company\/35501660","https:\/\/www.pinterest.ch\/TeiaEducation\/"]}]}},"_links":{"self":[{"href":"https:\/\/teiaeducation.ch\/de\/wp-json\/wp\/v2\/product\/65569","targetHints":{"allow":["GET"]}}],"collection":[{"href":"https:\/\/teiaeducation.ch\/de\/wp-json\/wp\/v2\/product"}],"about":[{"href":"https:\/\/teiaeducation.ch\/de\/wp-json\/wp\/v2\/types\/product"}],"replies":[{"embeddable":true,"href":"https:\/\/teiaeducation.ch\/de\/wp-json\/wp\/v2\/comments?post=65569"}],"wp:featuredmedia":[{"embeddable":true,"href":"https:\/\/teiaeducation.ch\/de\/wp-json\/wp\/v2\/media\/65357"}],"wp:attachment":[{"href":"https:\/\/teiaeducation.ch\/de\/wp-json\/wp\/v2\/media?parent=65569"}],"wp:term":[{"taxonomy":"product_brand","embeddable":true,"href":"https:\/\/teiaeducation.ch\/de\/wp-json\/wp\/v2\/product_brand?post=65569"},{"taxonomy":"product_cat","embeddable":true,"href":"https:\/\/teiaeducation.ch\/de\/wp-json\/wp\/v2\/product_cat?post=65569"},{"taxonomy":"product_tag","embeddable":true,"href":"https:\/\/teiaeducation.ch\/de\/wp-json\/wp\/v2\/product_tag?post=65569"}],"curies":[{"name":"wp","href":"https:\/\/api.w.org\/{rel}","templated":true}]}}