{"id":65570,"date":"2025-02-11T12:03:06","date_gmt":"2025-02-11T11:03:06","guid":{"rendered":"https:\/\/teiaeducation.ch\/product\/musik-monster-lernspiel-rolf\/"},"modified":"2025-05-19T11:48:16","modified_gmt":"2025-05-19T09:48:16","slug":"musik-monster-lernspiel-rolf","status":"publish","type":"product","link":"https:\/\/teiaeducation.ch\/de\/produkt\/musik-monster-lernspiel-rolf\/","title":{"rendered":"Musik Monster Lernspiel &#8211; Rolf"},"content":{"rendered":"<p><a href=\"https:\/\/teiaeducation.ch\/de\/produkt-kategorie\/lernthemen\/sensorische-motorische-fertigkeiten\/musik\/\">Musik <\/a>Monster von Rolf ist ein Lernspiel, mit dem kleine Kinder lernen, im Takt zu bleiben und Rhythmen zu erkennen, indem sie einfache Ger\u00e4usche und Bewegungen wie H\u00e4ndeklatschen oder Fu\u00dfstampfen machen. Es wurde sorgf\u00e4ltig entwickelt, um die Entwicklungs- und Lernbed\u00fcrfnisse von Kindern auf spielerische Weise zu erf\u00fcllen.<\/p>\n<p>Bei diesem Spiel lernen die Kinder, wie sie einzeln, aber auch in einer kleinen oder gr\u00f6\u00dferen Gruppe Beats und Rhythmen gestalten k\u00f6nnen.<\/p>\n<p>Dieses Spiel kann mit 2 bis 4 Kindern ab 3 Jahren gespielt werden. Alle Karten und die Schachtel zur Aufbewahrung des Spiels sind aus FSC-zertifiziertem Papier hergestellt.<\/p>\n<p>Inhalt:<\/p>\n<p>16 Tonkarten mit Piktogrammen<br \/>\n2 leere Karten (zum Beschreiben)<br \/>\n3 Karten mit Piktogramm-Monstern<br \/>\n3 W\u00e4scheklammern in den Grundfarben<br \/>\nAnleitung<\/p>\n<h2>\u00dcber Rolf<\/h2>\n<p>Die Niederl\u00e4ndische Marke <a href=\"https:\/\/teiaeducation.ch\/de\/produkt-kategorie\/unsere-marken\/rolf-de\/\">Rolf<\/a> arbeitet eng mit Lehrern und Bildungsexperten zusammen, um Produkte zu entwickeln, die die Entwicklung der Kinder f\u00f6rdern, ihr Wissen und ihre F\u00e4higkeiten verbessern und die Ziele der Lehrer unterst\u00fctzen.<\/p>\n<p>Jedes p\u00e4dagogische Rolf Produkt bietet ein komplettes Sortiment an Entwicklungsbausteinen f\u00fcr das kindliche Gehirn und f\u00f6rdert <a href=\"https:\/\/teiaeducation.ch\/de\/produkt-kategorie\/kinder-spielzeug\/\">spielerisch<\/a> verschiedene F\u00e4higkeiten wie <a href=\"https:\/\/teiaeducation.ch\/de\/produkt-kategorie\/lernthemen\/mathematik-rechnen\/\">Mathematik<\/a>, <a href=\"https:\/\/teiaeducation.ch\/de\/produkt-kategorie\/lernthemen\/alphabetisierung-sprache\/\">Sprache<\/a>, <a href=\"https:\/\/teiaeducation.ch\/de\/produkt-kategorie\/malen-basteln\/\">Kreativit\u00e4t<\/a>, Motorik und sogar Selbstvertrauen.<\/p>\n<p>Rolfs originelle und unverwechselbare <a href=\"https:\/\/teiaeducation.ch\/de\/produkt-kategorie\/lernthemen\/\">Unterrichtsmaterialien<\/a> sind an ihren robusten Materialien, lebhaften Farben und ansprechenden Illustrationen zu erkennen. Kinder werden die wunderbaren Lern- und Spielprodukte lieben, von den lustigen und herausfordernden Puzzles, die das Lernen zum Leben erwecken, bis hin zu den robusten und farbenfrohen <a href=\"https:\/\/teiaeducation.ch\/de\/produkt-kategorie\/kinder-spielzeug\/spielzeug-fuer-draussen\/\">Outdoor<\/a>&#8211; und <a href=\"https:\/\/teiaeducation.ch\/de\/produkt-kategorie\/kinder-spielzeug\/sandspielzeug\/\">Sandspielzeugen<\/a>, die perfekt f\u00fcr den Strand oder den Sandkasten sind.<\/p>\n<p>Jedes Rolf Produkt wird in den Niederlanden entworfen und nachhaltig hergestellt. Das garantiert hochwertige Produkte, die sicher und langlebig sind und stundenlanges Spielen und Lernen erm\u00f6glichen. Alle Rolf-Produkte sind nach den Europ\u00e4ischen Sicherheitsvorschriften getestet und wurden von den Kindern selbst ausgiebig gepr\u00fcft und f\u00fcr gut befunden, da sie viel Spa\u00df beim Spielen machen und echte Lernm\u00f6glichkeiten bieten.<\/p>\n","protected":false},"excerpt":{"rendered":"<p>Artikelnummer: <span data-sheets-root=\"1\">280.2456<\/span><\/p>\n<p>Musik Monster von Rolf ist ein Lernspiel, bei dem kleine Kinder durch einfache Ger\u00e4usche und Bewegungen lernen, im Takt zu bleiben und Rhythmen zu verstehen!<\/p>\n<p>&nbsp;<\/p>\n","protected":false},"featured_media":65341,"comment_status":"open","ping_status":"closed","template":"","meta":[],"product_brand":[],"product_cat":[21445,21479,21509,21560,21443,21563,21660,21557,21482,21564],"product_tag":[29969,29970],"class_list":{"0":"post-65570","1":"product","2":"type-product","3":"status-publish","4":"has-post-thumbnail","6":"product_cat-3-6-jahre-vorschule","7":"product_cat-lernmaterialien-spielzeug-montessori-waldorf-steiner-froebel","8":"product_cat-lernthemen","9":"product_cat-musik","10":"product_cat-nach-alter","11":"product_cat-neuheiten","12":"product_cat-rolf-de","13":"product_cat-sensorische-motorische-fertigkeiten","14":"product_cat-traditionelle-bildung","15":"product_cat-unsere-marken","16":"product_tag-musik-monster-ist-ein-padagogisches-brettspiel","17":"product_tag-rolf-music-monsters-de","19":"first","20":"instock","21":"taxable","22":"shipping-taxable","23":"purchasable","24":"product-type-simple"},"yoast_head":"<!-- This site is optimized with the Yoast SEO plugin v27.1.1 - https:\/\/yoast.com\/product\/yoast-seo-wordpress\/ -->\n<title>Musik Monster Lernspiel - Rolf - Teia Education &amp; Play<\/title>\n<meta name=\"description\" content=\"Musik Monster von Rolf ist ein Lernspiel, mit dem Kinder durch einfache Ger\u00e4usche und Bewegungen lernen, im Takt zu bleiben und Rhythmen zu verstehen.\" \/>\n<meta name=\"robots\" content=\"index, follow, max-snippet:-1, max-image-preview:large, max-video-preview:-1\" \/>\n<link rel=\"canonical\" href=\"https:\/\/teiaeducation.ch\/de\/produkt\/musik-monster-lernspiel-rolf\/\" \/>\n<meta property=\"og:locale\" content=\"de_DE\" \/>\n<meta property=\"og:type\" content=\"article\" \/>\n<meta property=\"og:title\" content=\"Musik Monster Lernspiel - Rolf - Teia Education &amp; Play\" \/>\n<meta property=\"og:description\" content=\"Musik Monster von Rolf ist ein Lernspiel, mit dem Kinder durch einfache Ger\u00e4usche und Bewegungen lernen, im Takt zu bleiben und Rhythmen zu verstehen.\" \/>\n<meta property=\"og:url\" content=\"https:\/\/teiaeducation.ch\/de\/produkt\/musik-monster-lernspiel-rolf\/\" \/>\n<meta property=\"og:site_name\" content=\"Sustainable Educational Products &amp; Ecological Toys\u00a0\" \/>\n<meta property=\"article:publisher\" content=\"https:\/\/www.facebook.com\/teiaeducation\/\" \/>\n<meta property=\"article:modified_time\" content=\"2025-05-19T09:48:16+00:00\" \/>\n<meta property=\"og:image\" content=\"https:\/\/teiaeducation.ch\/wp-content\/uploads\/2025\/02\/Music-monsters-Rolf-educational-game.png\" \/>\n\t<meta property=\"og:image:width\" content=\"913\" \/>\n\t<meta property=\"og:image:height\" content=\"939\" \/>\n\t<meta property=\"og:image:type\" content=\"image\/png\" \/>\n<script type=\"application\/ld+json\" class=\"yoast-schema-graph\">{\"@context\":\"https:\/\/schema.org\",\"@graph\":[{\"@type\":\"WebPage\",\"@id\":\"https:\/\/teiaeducation.ch\/de\/produkt\/musik-monster-lernspiel-rolf\/\",\"url\":\"https:\/\/teiaeducation.ch\/de\/produkt\/musik-monster-lernspiel-rolf\/\",\"name\":\"Musik Monster Lernspiel - Rolf - Teia Education & Play\",\"isPartOf\":{\"@id\":\"https:\/\/teiaeducation.ch\/de\/#website\"},\"primaryImageOfPage\":{\"@id\":\"https:\/\/teiaeducation.ch\/de\/produkt\/musik-monster-lernspiel-rolf\/#primaryimage\"},\"image\":{\"@id\":\"https:\/\/teiaeducation.ch\/de\/produkt\/musik-monster-lernspiel-rolf\/#primaryimage\"},\"thumbnailUrl\":\"https:\/\/teiaeducation.ch\/wp-content\/uploads\/2025\/02\/Music-monsters-Rolf-educational-game.png\",\"datePublished\":\"2025-02-11T11:03:06+00:00\",\"dateModified\":\"2025-05-19T09:48:16+00:00\",\"description\":\"Musik Monster von Rolf ist ein Lernspiel, mit dem Kinder durch einfache Ger\u00e4usche und Bewegungen lernen, im Takt zu bleiben und Rhythmen zu verstehen.\",\"breadcrumb\":{\"@id\":\"https:\/\/teiaeducation.ch\/de\/produkt\/musik-monster-lernspiel-rolf\/#breadcrumb\"},\"inLanguage\":\"de-CH\",\"potentialAction\":[{\"@type\":\"ReadAction\",\"target\":[\"https:\/\/teiaeducation.ch\/de\/produkt\/musik-monster-lernspiel-rolf\/\"]}]},{\"@type\":\"ImageObject\",\"inLanguage\":\"de-CH\",\"@id\":\"https:\/\/teiaeducation.ch\/de\/produkt\/musik-monster-lernspiel-rolf\/#primaryimage\",\"url\":\"https:\/\/teiaeducation.ch\/wp-content\/uploads\/2025\/02\/Music-monsters-Rolf-educational-game.png\",\"contentUrl\":\"https:\/\/teiaeducation.ch\/wp-content\/uploads\/2025\/02\/Music-monsters-Rolf-educational-game.png\",\"width\":913,\"height\":939,\"caption\":\"Musik Monster Rolf Lernspiel\"},{\"@type\":\"BreadcrumbList\",\"@id\":\"https:\/\/teiaeducation.ch\/de\/produkt\/musik-monster-lernspiel-rolf\/#breadcrumb\",\"itemListElement\":[{\"@type\":\"ListItem\",\"position\":1,\"name\":\"Home\",\"item\":\"https:\/\/teiaeducation.ch\/de\/\"},{\"@type\":\"ListItem\",\"position\":2,\"name\":\"Laden\",\"item\":\"https:\/\/teiaeducation.ch\/de\/shop\/\"},{\"@type\":\"ListItem\",\"position\":3,\"name\":\"Unsere Marken\",\"item\":\"https:\/\/teiaeducation.ch\/de\/produkt-kategorie\/unsere-marken\/\"},{\"@type\":\"ListItem\",\"position\":4,\"name\":\"Rolf\",\"item\":\"https:\/\/teiaeducation.ch\/de\/produkt-kategorie\/unsere-marken\/rolf-de\/\"},{\"@type\":\"ListItem\",\"position\":5,\"name\":\"Musik Monster Lernspiel &#8211; Rolf\"}]},{\"@type\":\"WebSite\",\"@id\":\"https:\/\/teiaeducation.ch\/de\/#website\",\"url\":\"https:\/\/teiaeducation.ch\/de\/\",\"name\":\"Sustainable Educational Products &amp; Ecological Toys\u00a0\",\"description\":\"Specialised Swiss shop selling sustainable educational toys and games, AMI certified Montessori materials, handmade ecological wooden Waldorf toys and arts &amp; crafts supplies, school supplies, children&#039;s furniture and Montessori reference and parenting books.\",\"publisher\":{\"@id\":\"https:\/\/teiaeducation.ch\/de\/#organization\"},\"alternateName\":\"Teia Education & Play\",\"potentialAction\":[{\"@type\":\"SearchAction\",\"target\":{\"@type\":\"EntryPoint\",\"urlTemplate\":\"https:\/\/teiaeducation.ch\/de\/?s={search_term_string}\"},\"query-input\":{\"@type\":\"PropertyValueSpecification\",\"valueRequired\":true,\"valueName\":\"search_term_string\"}}],\"inLanguage\":\"de-CH\"},{\"@type\":\"Organization\",\"@id\":\"https:\/\/teiaeducation.ch\/de\/#organization\",\"name\":\"Teia Education & Play\",\"url\":\"https:\/\/teiaeducation.ch\/de\/\",\"logo\":{\"@type\":\"ImageObject\",\"inLanguage\":\"de-CH\",\"@id\":\"https:\/\/teiaeducation.ch\/de\/#\/schema\/logo\/image\/\",\"url\":\"https:\/\/teiaeducation.ch\/wp-content\/uploads\/2020\/11\/Teia-Education-Switzerland-e1620156442216.jpg\",\"contentUrl\":\"https:\/\/teiaeducation.ch\/wp-content\/uploads\/2020\/11\/Teia-Education-Switzerland-e1620156442216.jpg\",\"width\":166,\"height\":145,\"caption\":\"Teia Education & Play\"},\"image\":{\"@id\":\"https:\/\/teiaeducation.ch\/de\/#\/schema\/logo\/image\/\"},\"sameAs\":[\"https:\/\/www.facebook.com\/teiaeducation\/\",\"https:\/\/x.com\/EducationTeia\",\"https:\/\/www.instagram.com\/teia.education\/\",\"https:\/\/www.linkedin.com\/company\/35501660\",\"https:\/\/www.pinterest.ch\/TeiaEducation\/\"]}]}<\/script>\n<!-- \/ Yoast SEO plugin. -->","yoast_head_json":{"title":"Musik Monster Lernspiel - Rolf - Teia Education & Play","description":"Musik Monster von Rolf ist ein Lernspiel, mit dem Kinder durch einfache Ger\u00e4usche und Bewegungen lernen, im Takt zu bleiben und Rhythmen zu verstehen.","robots":{"index":"index","follow":"follow","max-snippet":"max-snippet:-1","max-image-preview":"max-image-preview:large","max-video-preview":"max-video-preview:-1"},"canonical":"https:\/\/teiaeducation.ch\/de\/produkt\/musik-monster-lernspiel-rolf\/","og_locale":"de_DE","og_type":"article","og_title":"Musik Monster Lernspiel - Rolf - Teia Education & Play","og_description":"Musik Monster von Rolf ist ein Lernspiel, mit dem Kinder durch einfache Ger\u00e4usche und Bewegungen lernen, im Takt zu bleiben und Rhythmen zu verstehen.","og_url":"https:\/\/teiaeducation.ch\/de\/produkt\/musik-monster-lernspiel-rolf\/","og_site_name":"Sustainable Educational Products &amp; Ecological Toys\u00a0","article_publisher":"https:\/\/www.facebook.com\/teiaeducation\/","article_modified_time":"2025-05-19T09:48:16+00:00","og_image":[{"width":913,"height":939,"url":"https:\/\/teiaeducation.ch\/wp-content\/uploads\/2025\/02\/Music-monsters-Rolf-educational-game.png","type":"image\/png"}],"schema":{"@context":"https:\/\/schema.org","@graph":[{"@type":"WebPage","@id":"https:\/\/teiaeducation.ch\/de\/produkt\/musik-monster-lernspiel-rolf\/","url":"https:\/\/teiaeducation.ch\/de\/produkt\/musik-monster-lernspiel-rolf\/","name":"Musik Monster Lernspiel - Rolf - Teia Education & Play","isPartOf":{"@id":"https:\/\/teiaeducation.ch\/de\/#website"},"primaryImageOfPage":{"@id":"https:\/\/teiaeducation.ch\/de\/produkt\/musik-monster-lernspiel-rolf\/#primaryimage"},"image":{"@id":"https:\/\/teiaeducation.ch\/de\/produkt\/musik-monster-lernspiel-rolf\/#primaryimage"},"thumbnailUrl":"https:\/\/teiaeducation.ch\/wp-content\/uploads\/2025\/02\/Music-monsters-Rolf-educational-game.png","datePublished":"2025-02-11T11:03:06+00:00","dateModified":"2025-05-19T09:48:16+00:00","description":"Musik Monster von Rolf ist ein Lernspiel, mit dem Kinder durch einfache Ger\u00e4usche und Bewegungen lernen, im Takt zu bleiben und Rhythmen zu verstehen.","breadcrumb":{"@id":"https:\/\/teiaeducation.ch\/de\/produkt\/musik-monster-lernspiel-rolf\/#breadcrumb"},"inLanguage":"de-CH","potentialAction":[{"@type":"ReadAction","target":["https:\/\/teiaeducation.ch\/de\/produkt\/musik-monster-lernspiel-rolf\/"]}]},{"@type":"ImageObject","inLanguage":"de-CH","@id":"https:\/\/teiaeducation.ch\/de\/produkt\/musik-monster-lernspiel-rolf\/#primaryimage","url":"https:\/\/teiaeducation.ch\/wp-content\/uploads\/2025\/02\/Music-monsters-Rolf-educational-game.png","contentUrl":"https:\/\/teiaeducation.ch\/wp-content\/uploads\/2025\/02\/Music-monsters-Rolf-educational-game.png","width":913,"height":939,"caption":"Musik Monster Rolf Lernspiel"},{"@type":"BreadcrumbList","@id":"https:\/\/teiaeducation.ch\/de\/produkt\/musik-monster-lernspiel-rolf\/#breadcrumb","itemListElement":[{"@type":"ListItem","position":1,"name":"Home","item":"https:\/\/teiaeducation.ch\/de\/"},{"@type":"ListItem","position":2,"name":"Laden","item":"https:\/\/teiaeducation.ch\/de\/shop\/"},{"@type":"ListItem","position":3,"name":"Unsere Marken","item":"https:\/\/teiaeducation.ch\/de\/produkt-kategorie\/unsere-marken\/"},{"@type":"ListItem","position":4,"name":"Rolf","item":"https:\/\/teiaeducation.ch\/de\/produkt-kategorie\/unsere-marken\/rolf-de\/"},{"@type":"ListItem","position":5,"name":"Musik Monster Lernspiel &#8211; Rolf"}]},{"@type":"WebSite","@id":"https:\/\/teiaeducation.ch\/de\/#website","url":"https:\/\/teiaeducation.ch\/de\/","name":"Sustainable Educational Products &amp; Ecological Toys\u00a0","description":"Specialised Swiss shop selling sustainable educational toys and games, AMI certified Montessori materials, handmade ecological wooden Waldorf toys and arts &amp; crafts supplies, school supplies, children&#039;s furniture and Montessori reference and parenting books.","publisher":{"@id":"https:\/\/teiaeducation.ch\/de\/#organization"},"alternateName":"Teia Education & Play","potentialAction":[{"@type":"SearchAction","target":{"@type":"EntryPoint","urlTemplate":"https:\/\/teiaeducation.ch\/de\/?s={search_term_string}"},"query-input":{"@type":"PropertyValueSpecification","valueRequired":true,"valueName":"search_term_string"}}],"inLanguage":"de-CH"},{"@type":"Organization","@id":"https:\/\/teiaeducation.ch\/de\/#organization","name":"Teia Education & Play","url":"https:\/\/teiaeducation.ch\/de\/","logo":{"@type":"ImageObject","inLanguage":"de-CH","@id":"https:\/\/teiaeducation.ch\/de\/#\/schema\/logo\/image\/","url":"https:\/\/teiaeducation.ch\/wp-content\/uploads\/2020\/11\/Teia-Education-Switzerland-e1620156442216.jpg","contentUrl":"https:\/\/teiaeducation.ch\/wp-content\/uploads\/2020\/11\/Teia-Education-Switzerland-e1620156442216.jpg","width":166,"height":145,"caption":"Teia Education & Play"},"image":{"@id":"https:\/\/teiaeducation.ch\/de\/#\/schema\/logo\/image\/"},"sameAs":["https:\/\/www.facebook.com\/teiaeducation\/","https:\/\/x.com\/EducationTeia","https:\/\/www.instagram.com\/teia.education\/","https:\/\/www.linkedin.com\/company\/35501660","https:\/\/www.pinterest.ch\/TeiaEducation\/"]}]}},"_links":{"self":[{"href":"https:\/\/teiaeducation.ch\/de\/wp-json\/wp\/v2\/product\/65570","targetHints":{"allow":["GET"]}}],"collection":[{"href":"https:\/\/teiaeducation.ch\/de\/wp-json\/wp\/v2\/product"}],"about":[{"href":"https:\/\/teiaeducation.ch\/de\/wp-json\/wp\/v2\/types\/product"}],"replies":[{"embeddable":true,"href":"https:\/\/teiaeducation.ch\/de\/wp-json\/wp\/v2\/comments?post=65570"}],"wp:featuredmedia":[{"embeddable":true,"href":"https:\/\/teiaeducation.ch\/de\/wp-json\/wp\/v2\/media\/65341"}],"wp:attachment":[{"href":"https:\/\/teiaeducation.ch\/de\/wp-json\/wp\/v2\/media?parent=65570"}],"wp:term":[{"taxonomy":"product_brand","embeddable":true,"href":"https:\/\/teiaeducation.ch\/de\/wp-json\/wp\/v2\/product_brand?post=65570"},{"taxonomy":"product_cat","embeddable":true,"href":"https:\/\/teiaeducation.ch\/de\/wp-json\/wp\/v2\/product_cat?post=65570"},{"taxonomy":"product_tag","embeddable":true,"href":"https:\/\/teiaeducation.ch\/de\/wp-json\/wp\/v2\/product_tag?post=65570"}],"curies":[{"name":"wp","href":"https:\/\/api.w.org\/{rel}","templated":true}]}}