{"id":65572,"date":"2022-05-23T08:30:21","date_gmt":"2022-05-23T06:30:21","guid":{"rendered":"https:\/\/teiaeducation.ch\/product\/sandformen-eco-5er-set-rolf\/"},"modified":"2025-03-13T10:03:44","modified_gmt":"2025-03-13T09:03:44","slug":"sandformen-eco-5er-set-rolf","status":"publish","type":"product","link":"https:\/\/teiaeducation.ch\/de\/produkt\/sandformen-eco-5er-set-rolf\/","title":{"rendered":"Sandformen ECO 5er Set &#8211; Rolf"},"content":{"rendered":"<p>Rolf&#8217;s ECO line Sandf\u00f6rmchen, in den sch\u00f6nen Farben rosa, blau, gelb, braun und gr\u00fcn, ist ein umweltfreundliches Set aus 5 \u00d6ko-Sandspielzeugen. Eine sch\u00f6ne Alternative zu herk\u00f6mmlichen, nicht recycelten Plastiksandspielzeugen. Diese nachhaltigen und langlebigen Kindersandspielzeuge bieten viel Spa\u00df am Strand, im Sandkasten oder im <a href=\"https:\/\/teiaeducation.ch\/product-category\/creative-art-craft\/gardening\/\">Garten<\/a>, mit Sand, Wasser oder Erde! <\/p>\n<p>Die Formen sind extra gro\u00df, damit sie nicht so leicht im Sand verloren gehen! Das Set enth\u00e4lt 5 robuste Formen, jede etwa 19 x 19 cm gro\u00df, in den Formen Kreis, Quadrat, Raute, Sechseck und Dreieck. Die Formen sind so gebaut, dass sie jahrelang halten, stabil sind und man sogar darauf stehen kann! Au\u00dferdem k\u00f6nnen sie zusammen mit herk\u00f6mmlichen Kunststoffen recycelt werden.   <\/p>\n<p>Rolf verwendet Gr\u00fcnes Polyethylen f\u00fcr die Herstellung seiner einzigartigen nachhaltigen Sandspielzeuge der Eco-Linie. Diese aus nachwachsenden Rohstoffen hergestellten Produkte leisten einen wesentlichen Beitrag zur Verringerung der Treibhausgasemissionen in der gesamten Produktionskette.<\/p>\n<p>Gr\u00fcnes Polyethylen ist eine erneuerbare Alternative zu Polyethylen und tr\u00e4gt dem Bedarf an nachhaltigeren L\u00f6sungen und Produkten in der heutigen Welt Rechnung. Gr\u00fcnes Polyethylen ist ein Kunststoff, der nicht aus fossilen Brennstoffen, sondern aus Zuckerrohr, einem nachwachsenden Rohstoff, hergestellt wird. Bei seiner Herstellung wird CO2 aus der Atmosph\u00e4re gebunden und tr\u00e4gt so zur Reduzierung der Treibhausgasemissionen bei.<\/p>\n<p>Gr\u00fcnes Polyethylen hat die gleichen Eigenschaften, die gleiche Leistung und die gleiche Anwendungsvielfalt wie Polyethylen fossilen Ursprungs und kann daher ebenso wie herk\u00f6mmliche Kunststoffe hergestellt und recycelt werden.<\/p>\n<p>Das Rolf ECO Sandf\u00f6rmchen-Set ist ab 12 Monaten geeignet.<\/p>\n<p>Inhalt:<\/p>\n<p>5 ECO-Sandformen<\/p>\n<h2>Uber Rolf<\/h2>\n<p>Die Niederl\u00e4ndische Marke <a href=\"https:\/\/teiaeducation.ch\/product-category\/brands\/rolf\/\">Rolf<\/a> arbeitet eng mit Lehrern und Bildungsexperten zusammen, um Produkte zu entwickeln, die die Entwicklung der Kinder f\u00f6rdern, ihr Wissen und ihre F\u00e4higkeiten verbessern und die Ziele der Lehrer unterst\u00fctzen.<\/p>\n<p>Jedes p\u00e4dagogische Rolf-Produkt bietet ein komplettes Sortiment an Entwicklungsbausteinen\u201c f\u00fcr das kindliche Gehirn und f\u00f6rdert <a href=\"https:\/\/teiaeducation.ch\/product-category\/hgh-quality-toys-play\/\">spiel<\/a>erisch verschiedene F\u00e4higkeiten wie <a href=\"https:\/\/teiaeducation.ch\/product-category\/learning-themes\/mathematics-numeracy\/\">Mathematik<\/a>, <a href=\"https:\/\/teiaeducation.ch\/product-category\/learning-themes\/literacy-language\/\">Sprache<\/a>, <a href=\"https:\/\/teiaeducation.ch\/product-category\/creative-art-craft\/\">Kreativit\u00e4t<\/a>, Motorik und sogar Selbstvertrauen.<\/p>\n<p>Rolfs originelle und unverwechselbare <a href=\"https:\/\/teiaeducation.ch\/product-category\/learning-themes\/\">Unterrichtsmaterialien<\/a> sind an ihren robusten Materialien, lebhaften Farben und ansprechenden Illustrationen zu erkennen. Kinder werden die wunderbaren Lern- und Spielprodukte lieben, von den lustigen und herausfordernden Puzzles, die das Lernen zum Leben erwecken, bis hin zu den robusten und farbenfrohen <a href=\"https:\/\/teiaeducation.ch\/product-category\/hgh-quality-toys-play\/outdoor-toys\/\">Outdoor<\/a>&#8211; und <a href=\"https:\/\/teiaeducation.ch\/product-category\/hgh-quality-toys-play\/sand-toys\/\">Sandspielzeugen<\/a>, die perfekt f\u00fcr den Strand oder den Sandkasten sind.<\/p>\n<p>Jedes Rolf-Produkt wird in den Niederlanden entworfen und nachhaltig hergestellt. Das garantiert hochwertige Produkte, die sicher und langlebig sind und stundenlanges Spielen und Lernen erm\u00f6glichen. Alle Rolf-Produkte sind nach den Europ\u00e4ischen Sicherheitsvorschriften getestet und wurden von den Kindern selbst ausgiebig gepr\u00fcft und f\u00fcr gut befunden, da sie viel Spa\u00df beim Spielen machen und echte Lernm\u00f6glichkeiten bieten.<\/p>\n","protected":false},"excerpt":{"rendered":"<p>Artikelnummer: <span data-sheets-value=\"{\"1\":3,\"3\":2702394}\" data-sheets-userformat=\"{\"2\":12353,\"3\":{\"1\":2,\"2\":\"###\\\".\\\"####\",\"3\":1},\"9\":0,\"15\":\"Lato\",\"16\":10}\">270.2394<\/span><\/p>\n<p>Rolfs gro\u00dfe ECO line Sandf\u00f6rmchen in den sch\u00f6nen Farben rosa, blau, gelb, braun und gr\u00fcn sind ein umweltfreundliches Set mit 5 Sandspielzeugen f\u00fcr Kinder!<\/p>\n","protected":false},"featured_media":48261,"comment_status":"open","ping_status":"closed","template":"","meta":[],"product_brand":[],"product_cat":[21444,21445,21446,21679,21670,21443,21563,21660,22362,21694,23636,21678,23133,21564],"product_tag":[29194,29197,29196,29195,29198,29202,29203,29201,29204,29971,29205,29199,29200],"class_list":{"0":"post-65572","1":"product","2":"type-product","3":"status-publish","4":"has-post-thumbnail","6":"product_cat-1-3-jahre-kleinkind","7":"product_cat-3-6-jahre-vorschule","8":"product_cat-6-12-jahre-grundschule","9":"product_cat-aktiv-spielzeug","10":"product_cat-fruehjahrskollektion","11":"product_cat-nach-alter","12":"product_cat-neuheiten","13":"product_cat-rolf-de","14":"product_cat-saisonale-kollektionen","15":"product_cat-sandspielzeug","16":"product_cat-sommer-kollektion","17":"product_cat-kinder-spielzeug","18":"product_cat-spielzeug-fuer-draussen","19":"product_cat-unsere-marken","20":"product_tag-eco-sandspielzeug","21":"product_tag-grunes-pe-sandspielzeug","22":"product_tag-grunes-pe-spielzeug","23":"product_tag-grunes-spielzeug-aus-polyethylen","24":"product_tag-nachhaltig-sandspielzeug","25":"product_tag-rolf-eco-eimer","26":"product_tag-rolf-eco-sandspielzeug","27":"product_tag-rolf-eimer","28":"product_tag-rolf-sandspielzeug","29":"product_tag-sandformchen-eco-5er-satz-rolf","30":"product_tag-sandspielzeug-fur-kinder","31":"product_tag-umweltfreundliches-sandspielzeug","32":"product_tag-umweltfreundliches-strandspielzeug","34":"first","35":"outofstock","36":"taxable","37":"shipping-taxable","38":"purchasable","39":"product-type-simple"},"yoast_head":"<!-- This site is optimized with the Yoast SEO plugin v27.1.1 - https:\/\/yoast.com\/product\/yoast-seo-wordpress\/ -->\n<title>Sandformen ECO 5er Set - Rolf<\/title>\n<meta name=\"description\" content=\"Rolfs gro\u00dfe Sandformen der ECO-Linie in den sch\u00f6nen Farben Rosa, Blau, Gelb, Braun und Gr\u00fcn sind ein umweltfreundliches Set mit 5 Sandspielzeugen f\u00fcr Kinder.\" \/>\n<meta name=\"robots\" content=\"index, follow, max-snippet:-1, max-image-preview:large, max-video-preview:-1\" \/>\n<link rel=\"canonical\" href=\"https:\/\/teiaeducation.ch\/de\/produkt\/sandformen-eco-5er-set-rolf\/\" \/>\n<meta property=\"og:locale\" content=\"de_DE\" \/>\n<meta property=\"og:type\" content=\"article\" \/>\n<meta property=\"og:title\" content=\"Sandformen ECO 5er Set - Rolf\" \/>\n<meta property=\"og:description\" content=\"Rolfs gro\u00dfe Sandformen der ECO-Linie in den sch\u00f6nen Farben Rosa, Blau, Gelb, Braun und Gr\u00fcn sind ein umweltfreundliches Set mit 5 Sandspielzeugen f\u00fcr Kinder.\" \/>\n<meta property=\"og:url\" content=\"https:\/\/teiaeducation.ch\/de\/produkt\/sandformen-eco-5er-set-rolf\/\" \/>\n<meta property=\"og:site_name\" content=\"Sustainable Educational Products &amp; Ecological Toys\u00a0\" \/>\n<meta property=\"article:publisher\" content=\"https:\/\/www.facebook.com\/teiaeducation\/\" \/>\n<meta property=\"article:modified_time\" content=\"2025-03-13T09:03:44+00:00\" \/>\n<meta property=\"og:image\" content=\"https:\/\/teiaeducation.ch\/wp-content\/uploads\/2022\/05\/Rolf-Education-large-sand-moulds-toys-eco-line.jpg\" \/>\n\t<meta property=\"og:image:width\" content=\"800\" \/>\n\t<meta property=\"og:image:height\" content=\"851\" \/>\n\t<meta property=\"og:image:type\" content=\"image\/jpeg\" \/>\n<script type=\"application\/ld+json\" class=\"yoast-schema-graph\">{\"@context\":\"https:\/\/schema.org\",\"@graph\":[{\"@type\":\"WebPage\",\"@id\":\"https:\/\/teiaeducation.ch\/de\/produkt\/sandformen-eco-5er-set-rolf\/\",\"url\":\"https:\/\/teiaeducation.ch\/de\/produkt\/sandformen-eco-5er-set-rolf\/\",\"name\":\"Sandformen ECO 5er Set - Rolf\",\"isPartOf\":{\"@id\":\"https:\/\/teiaeducation.ch\/de\/#website\"},\"primaryImageOfPage\":{\"@id\":\"https:\/\/teiaeducation.ch\/de\/produkt\/sandformen-eco-5er-set-rolf\/#primaryimage\"},\"image\":{\"@id\":\"https:\/\/teiaeducation.ch\/de\/produkt\/sandformen-eco-5er-set-rolf\/#primaryimage\"},\"thumbnailUrl\":\"https:\/\/teiaeducation.ch\/wp-content\/uploads\/2022\/05\/Rolf-Education-large-sand-moulds-toys-eco-line.jpg\",\"datePublished\":\"2022-05-23T06:30:21+00:00\",\"dateModified\":\"2025-03-13T09:03:44+00:00\",\"description\":\"Rolfs gro\u00dfe Sandformen der ECO-Linie in den sch\u00f6nen Farben Rosa, Blau, Gelb, Braun und Gr\u00fcn sind ein umweltfreundliches Set mit 5 Sandspielzeugen f\u00fcr Kinder.\",\"breadcrumb\":{\"@id\":\"https:\/\/teiaeducation.ch\/de\/produkt\/sandformen-eco-5er-set-rolf\/#breadcrumb\"},\"inLanguage\":\"de-CH\",\"potentialAction\":[{\"@type\":\"ReadAction\",\"target\":[\"https:\/\/teiaeducation.ch\/de\/produkt\/sandformen-eco-5er-set-rolf\/\"]}]},{\"@type\":\"ImageObject\",\"inLanguage\":\"de-CH\",\"@id\":\"https:\/\/teiaeducation.ch\/de\/produkt\/sandformen-eco-5er-set-rolf\/#primaryimage\",\"url\":\"https:\/\/teiaeducation.ch\/wp-content\/uploads\/2022\/05\/Rolf-Education-large-sand-moulds-toys-eco-line.jpg\",\"contentUrl\":\"https:\/\/teiaeducation.ch\/wp-content\/uploads\/2022\/05\/Rolf-Education-large-sand-moulds-toys-eco-line.jpg\",\"width\":800,\"height\":851,\"caption\":\"Rolf Education gro\u00dfe Sandformen Spielzeug eco line\"},{\"@type\":\"BreadcrumbList\",\"@id\":\"https:\/\/teiaeducation.ch\/de\/produkt\/sandformen-eco-5er-set-rolf\/#breadcrumb\",\"itemListElement\":[{\"@type\":\"ListItem\",\"position\":1,\"name\":\"Home\",\"item\":\"https:\/\/teiaeducation.ch\/de\/\"},{\"@type\":\"ListItem\",\"position\":2,\"name\":\"Laden\",\"item\":\"https:\/\/teiaeducation.ch\/de\/shop\/\"},{\"@type\":\"ListItem\",\"position\":3,\"name\":\"Sandformen ECO 5er Set &#8211; Rolf\"}]},{\"@type\":\"WebSite\",\"@id\":\"https:\/\/teiaeducation.ch\/de\/#website\",\"url\":\"https:\/\/teiaeducation.ch\/de\/\",\"name\":\"Sustainable Educational Products &amp; Ecological Toys\u00a0\",\"description\":\"Specialised Swiss shop selling sustainable educational toys and games, AMI certified Montessori materials, handmade ecological wooden Waldorf toys and arts &amp; crafts supplies, school supplies, children&#039;s furniture and Montessori reference and parenting books.\",\"publisher\":{\"@id\":\"https:\/\/teiaeducation.ch\/de\/#organization\"},\"alternateName\":\"Teia Education & Play\",\"potentialAction\":[{\"@type\":\"SearchAction\",\"target\":{\"@type\":\"EntryPoint\",\"urlTemplate\":\"https:\/\/teiaeducation.ch\/de\/?s={search_term_string}\"},\"query-input\":{\"@type\":\"PropertyValueSpecification\",\"valueRequired\":true,\"valueName\":\"search_term_string\"}}],\"inLanguage\":\"de-CH\"},{\"@type\":\"Organization\",\"@id\":\"https:\/\/teiaeducation.ch\/de\/#organization\",\"name\":\"Teia Education & Play\",\"url\":\"https:\/\/teiaeducation.ch\/de\/\",\"logo\":{\"@type\":\"ImageObject\",\"inLanguage\":\"de-CH\",\"@id\":\"https:\/\/teiaeducation.ch\/de\/#\/schema\/logo\/image\/\",\"url\":\"https:\/\/teiaeducation.ch\/wp-content\/uploads\/2020\/11\/Teia-Education-Switzerland-e1620156442216.jpg\",\"contentUrl\":\"https:\/\/teiaeducation.ch\/wp-content\/uploads\/2020\/11\/Teia-Education-Switzerland-e1620156442216.jpg\",\"width\":166,\"height\":145,\"caption\":\"Teia Education & Play\"},\"image\":{\"@id\":\"https:\/\/teiaeducation.ch\/de\/#\/schema\/logo\/image\/\"},\"sameAs\":[\"https:\/\/www.facebook.com\/teiaeducation\/\",\"https:\/\/x.com\/EducationTeia\",\"https:\/\/www.instagram.com\/teia.education\/\",\"https:\/\/www.linkedin.com\/company\/35501660\",\"https:\/\/www.pinterest.ch\/TeiaEducation\/\"]}]}<\/script>\n<!-- \/ Yoast SEO plugin. -->","yoast_head_json":{"title":"Sandformen ECO 5er Set - Rolf","description":"Rolfs gro\u00dfe Sandformen der ECO-Linie in den sch\u00f6nen Farben Rosa, Blau, Gelb, Braun und Gr\u00fcn sind ein umweltfreundliches Set mit 5 Sandspielzeugen f\u00fcr Kinder.","robots":{"index":"index","follow":"follow","max-snippet":"max-snippet:-1","max-image-preview":"max-image-preview:large","max-video-preview":"max-video-preview:-1"},"canonical":"https:\/\/teiaeducation.ch\/de\/produkt\/sandformen-eco-5er-set-rolf\/","og_locale":"de_DE","og_type":"article","og_title":"Sandformen ECO 5er Set - Rolf","og_description":"Rolfs gro\u00dfe Sandformen der ECO-Linie in den sch\u00f6nen Farben Rosa, Blau, Gelb, Braun und Gr\u00fcn sind ein umweltfreundliches Set mit 5 Sandspielzeugen f\u00fcr Kinder.","og_url":"https:\/\/teiaeducation.ch\/de\/produkt\/sandformen-eco-5er-set-rolf\/","og_site_name":"Sustainable Educational Products &amp; Ecological Toys\u00a0","article_publisher":"https:\/\/www.facebook.com\/teiaeducation\/","article_modified_time":"2025-03-13T09:03:44+00:00","og_image":[{"width":800,"height":851,"url":"https:\/\/teiaeducation.ch\/wp-content\/uploads\/2022\/05\/Rolf-Education-large-sand-moulds-toys-eco-line.jpg","type":"image\/jpeg"}],"schema":{"@context":"https:\/\/schema.org","@graph":[{"@type":"WebPage","@id":"https:\/\/teiaeducation.ch\/de\/produkt\/sandformen-eco-5er-set-rolf\/","url":"https:\/\/teiaeducation.ch\/de\/produkt\/sandformen-eco-5er-set-rolf\/","name":"Sandformen ECO 5er Set - Rolf","isPartOf":{"@id":"https:\/\/teiaeducation.ch\/de\/#website"},"primaryImageOfPage":{"@id":"https:\/\/teiaeducation.ch\/de\/produkt\/sandformen-eco-5er-set-rolf\/#primaryimage"},"image":{"@id":"https:\/\/teiaeducation.ch\/de\/produkt\/sandformen-eco-5er-set-rolf\/#primaryimage"},"thumbnailUrl":"https:\/\/teiaeducation.ch\/wp-content\/uploads\/2022\/05\/Rolf-Education-large-sand-moulds-toys-eco-line.jpg","datePublished":"2022-05-23T06:30:21+00:00","dateModified":"2025-03-13T09:03:44+00:00","description":"Rolfs gro\u00dfe Sandformen der ECO-Linie in den sch\u00f6nen Farben Rosa, Blau, Gelb, Braun und Gr\u00fcn sind ein umweltfreundliches Set mit 5 Sandspielzeugen f\u00fcr Kinder.","breadcrumb":{"@id":"https:\/\/teiaeducation.ch\/de\/produkt\/sandformen-eco-5er-set-rolf\/#breadcrumb"},"inLanguage":"de-CH","potentialAction":[{"@type":"ReadAction","target":["https:\/\/teiaeducation.ch\/de\/produkt\/sandformen-eco-5er-set-rolf\/"]}]},{"@type":"ImageObject","inLanguage":"de-CH","@id":"https:\/\/teiaeducation.ch\/de\/produkt\/sandformen-eco-5er-set-rolf\/#primaryimage","url":"https:\/\/teiaeducation.ch\/wp-content\/uploads\/2022\/05\/Rolf-Education-large-sand-moulds-toys-eco-line.jpg","contentUrl":"https:\/\/teiaeducation.ch\/wp-content\/uploads\/2022\/05\/Rolf-Education-large-sand-moulds-toys-eco-line.jpg","width":800,"height":851,"caption":"Rolf Education gro\u00dfe Sandformen Spielzeug eco line"},{"@type":"BreadcrumbList","@id":"https:\/\/teiaeducation.ch\/de\/produkt\/sandformen-eco-5er-set-rolf\/#breadcrumb","itemListElement":[{"@type":"ListItem","position":1,"name":"Home","item":"https:\/\/teiaeducation.ch\/de\/"},{"@type":"ListItem","position":2,"name":"Laden","item":"https:\/\/teiaeducation.ch\/de\/shop\/"},{"@type":"ListItem","position":3,"name":"Sandformen ECO 5er Set &#8211; Rolf"}]},{"@type":"WebSite","@id":"https:\/\/teiaeducation.ch\/de\/#website","url":"https:\/\/teiaeducation.ch\/de\/","name":"Sustainable Educational Products &amp; Ecological Toys\u00a0","description":"Specialised Swiss shop selling sustainable educational toys and games, AMI certified Montessori materials, handmade ecological wooden Waldorf toys and arts &amp; crafts supplies, school supplies, children&#039;s furniture and Montessori reference and parenting books.","publisher":{"@id":"https:\/\/teiaeducation.ch\/de\/#organization"},"alternateName":"Teia Education & Play","potentialAction":[{"@type":"SearchAction","target":{"@type":"EntryPoint","urlTemplate":"https:\/\/teiaeducation.ch\/de\/?s={search_term_string}"},"query-input":{"@type":"PropertyValueSpecification","valueRequired":true,"valueName":"search_term_string"}}],"inLanguage":"de-CH"},{"@type":"Organization","@id":"https:\/\/teiaeducation.ch\/de\/#organization","name":"Teia Education & Play","url":"https:\/\/teiaeducation.ch\/de\/","logo":{"@type":"ImageObject","inLanguage":"de-CH","@id":"https:\/\/teiaeducation.ch\/de\/#\/schema\/logo\/image\/","url":"https:\/\/teiaeducation.ch\/wp-content\/uploads\/2020\/11\/Teia-Education-Switzerland-e1620156442216.jpg","contentUrl":"https:\/\/teiaeducation.ch\/wp-content\/uploads\/2020\/11\/Teia-Education-Switzerland-e1620156442216.jpg","width":166,"height":145,"caption":"Teia Education & Play"},"image":{"@id":"https:\/\/teiaeducation.ch\/de\/#\/schema\/logo\/image\/"},"sameAs":["https:\/\/www.facebook.com\/teiaeducation\/","https:\/\/x.com\/EducationTeia","https:\/\/www.instagram.com\/teia.education\/","https:\/\/www.linkedin.com\/company\/35501660","https:\/\/www.pinterest.ch\/TeiaEducation\/"]}]}},"_links":{"self":[{"href":"https:\/\/teiaeducation.ch\/de\/wp-json\/wp\/v2\/product\/65572","targetHints":{"allow":["GET"]}}],"collection":[{"href":"https:\/\/teiaeducation.ch\/de\/wp-json\/wp\/v2\/product"}],"about":[{"href":"https:\/\/teiaeducation.ch\/de\/wp-json\/wp\/v2\/types\/product"}],"replies":[{"embeddable":true,"href":"https:\/\/teiaeducation.ch\/de\/wp-json\/wp\/v2\/comments?post=65572"}],"wp:featuredmedia":[{"embeddable":true,"href":"https:\/\/teiaeducation.ch\/de\/wp-json\/wp\/v2\/media\/48261"}],"wp:attachment":[{"href":"https:\/\/teiaeducation.ch\/de\/wp-json\/wp\/v2\/media?parent=65572"}],"wp:term":[{"taxonomy":"product_brand","embeddable":true,"href":"https:\/\/teiaeducation.ch\/de\/wp-json\/wp\/v2\/product_brand?post=65572"},{"taxonomy":"product_cat","embeddable":true,"href":"https:\/\/teiaeducation.ch\/de\/wp-json\/wp\/v2\/product_cat?post=65572"},{"taxonomy":"product_tag","embeddable":true,"href":"https:\/\/teiaeducation.ch\/de\/wp-json\/wp\/v2\/product_tag?post=65572"}],"curies":[{"name":"wp","href":"https:\/\/api.w.org\/{rel}","templated":true}]}}