{"id":65573,"date":"2021-09-13T08:41:40","date_gmt":"2021-09-13T06:41:40","guid":{"rendered":"https:\/\/teiaeducation.ch\/product\/relief-puzzle-entdecke-die-groesse-sonnenuntergang-rolf\/"},"modified":"2025-12-12T09:22:00","modified_gmt":"2025-12-12T08:22:00","slug":"relief-puzzle-entdecke-die-groesse-sonnenuntergang-rolf","status":"publish","type":"product","link":"https:\/\/teiaeducation.ch\/de\/produkt\/relief-puzzle-entdecke-die-groesse-sonnenuntergang-rolf\/","title":{"rendered":"Relief Puzzle entdecke die Gr\u00f6\u00dfe Sonnenuntergang &#8211; Rolf"},"content":{"rendered":"<p>Rolfs Reliefpuzzle Entdecken Sie die Gr\u00f6\u00dfe in Form eines Sonnenuntergangs ist ein spannendes und herrlich buntes Lern<a href=\"https:\/\/teiaeducation.ch\/de\/produkt-kategorie\/kinder-spielzeug\/holzpuzzles\/\">puzzle<\/a> aus Holz. Es wurde sorgf\u00e4ltig entwickelt, um die Entwicklungs- und Lernbed\u00fcrfnisse von Kindern auf spielerische Weise zu erf\u00fcllen.<\/p>\n<p>Die Kinder verbessern ihr Erkennen von <a href=\"https:\/\/teiaeducation.ch\/de\/produkt-kategorie\/lernthemen\/sensorische-motorische-fertigkeiten\/farbe-lernen\/\">Farben<\/a> und ihr Unterscheidungsverm\u00f6gen in Bezug auf die <a href=\"https:\/\/teiaeducation.ch\/de\/produkt-kategorie\/lernthemen\/mathematik-rechnen\/groesse\/\">Gr\u00f6\u00dfe<\/a>, das sie f\u00fcr die Vervollst\u00e4ndigung der Regenb\u00f6gen in Mathematik ben\u00f6tigen. Beim Spielen entwickeln sie ihre kognitiven F\u00e4higkeiten, ihr kritisches Denken und ihre Probleml\u00f6sungskompetenz!<\/p>\n<p>Auch die <a href=\"https:\/\/teiaeducation.ch\/de\/produkt-kategorie\/lernthemen\/sensorische-motorische-fertigkeiten\/motorische-fertigkeiten\/\">Feinmotorik<\/a> wird gef\u00f6rdert und die faszinierenden Farbabstufungen und die glatten Holzteile sind ein Genuss f\u00fcr die Sinne!<\/p>\n<p>Dieses sch\u00f6ne und spannende Holzpuzzle mit 19 Teilen und den Ma\u00dfen 24,5 x 24,5 cm wird jedes Spiel- oder Lernzimmer versch\u00f6nern.<\/p>\n<p>Das Rolf-Reliefpuzzle entdecken die Gr\u00f6\u00dfe Sonnenuntergang ist f\u00fcr Kinder ab 3 Jahren geeignet.<\/p>\n<p>Inhalt:<\/p>\n<p>1 Puzzle mit 19 Teilen<\/p>\n<h2>Uber Rolf<\/h2>\n<p>Die Niederl\u00e4ndische Marke <a href=\"https:\/\/teiaeducation.ch\/de\/produkt-kategorie\/unsere-marken\/rolf-de\/\">Rolf<\/a> arbeitet eng mit Lehrern und Bildungsexperten zusammen, um Produkte zu entwickeln, die die Entwicklung der Kinder f\u00f6rdern, ihr Wissen und ihre F\u00e4higkeiten verbessern und die Ziele der Lehrer unterst\u00fctzen.<\/p>\n<p>Jedes p\u00e4dagogische Rolf-Produkt bietet ein komplettes Sortiment an Entwicklungsbausteinen\u201c f\u00fcr das kindliche Gehirn und f\u00f6rdert <a href=\"https:\/\/teiaeducation.ch\/de\/produkt-kategorie\/kinder-spielzeug\/\">spiel<\/a>erisch verschiedene F\u00e4higkeiten wie <a href=\"https:\/\/teiaeducation.ch\/de\/produkt-kategorie\/lernthemen\/mathematik-rechnen\/\">Mathematik<\/a>, <a href=\"https:\/\/teiaeducation.ch\/de\/produkt-kategorie\/lernthemen\/alphabetisierung-sprache\/\">Sprache<\/a>, <a href=\"https:\/\/teiaeducation.ch\/de\/produkt-kategorie\/malen-basteln\/\">Kreativit\u00e4t<\/a>, Motorik und sogar Selbstvertrauen.<\/p>\n<p>Rolfs originelle und unverwechselbare <a href=\"https:\/\/teiaeducation.ch\/de\/produkt-kategorie\/lernthemen\/\">Unterrichtsmaterialien<\/a> sind an ihren robusten Materialien, lebhaften Farben und ansprechenden Illustrationen zu erkennen. Kinder werden die wunderbaren Lern- und Spielprodukte lieben, von den lustigen und herausfordernden Puzzles, die das Lernen zum Leben erwecken, bis hin zu den robusten und farbenfrohen <a href=\"https:\/\/teiaeducation.ch\/de\/produkt-kategorie\/kinder-spielzeug\/spielzeug-fuer-draussen\/\">Outdoor<\/a>&#8211; und <a href=\"https:\/\/teiaeducation.ch\/de\/produkt-kategorie\/kinder-spielzeug\/sandspielzeug\/\">Sandspielzeugen<\/a>, die perfekt f\u00fcr den Strand oder den Sandkasten sind.<\/p>\n<p>Jedes Rolf-Produkt wird in den Niederlanden entworfen und nachhaltig hergestellt. Das garantiert hochwertige Produkte, die sicher und langlebig sind und stundenlanges Spielen und Lernen erm\u00f6glichen. Alle Rolf-Produkte sind nach den Europ\u00e4ischen Sicherheitsvorschriften getestet und wurden von den Kindern selbst ausgiebig gepr\u00fcft und f\u00fcr gut befunden, da sie viel Spa\u00df beim Spielen machen und echte Lernm\u00f6glichkeiten bieten.<\/p>\n","protected":false},"excerpt":{"rendered":"<p>Artikelnummer: 220.9699<\/p>\n<p>Das Rolf-Reliefpuzzle \u201eEntdecke die Gr\u00f6\u00dfe des Sonnenuntergangs\u201c ist ein p\u00e4dagogisches Regenbogenpuzzle aus Holz, das das Erkennen von Farben und Gr\u00f6\u00dfen f\u00f6rdert!<\/p>\n","protected":false},"featured_media":60141,"comment_status":"open","ping_status":"closed","template":"","meta":[],"product_brand":[],"product_cat":[21445,21479,21558,21551,21509,21537,22182,21559,21443,21563,21660,22362,21557,23636,21678,21482,21564],"product_tag":[29264,29263,26362,29975,29972,29977,29186,29974,29976,29173,29973],"class_list":{"0":"post-65573","1":"product","2":"type-product","3":"status-publish","4":"has-post-thumbnail","6":"product_cat-3-6-jahre-vorschule","7":"product_cat-lernmaterialien-spielzeug-montessori-waldorf-steiner-froebel","8":"product_cat-farbe-lernen","9":"product_cat-groesse","10":"product_cat-lernthemen","11":"product_cat-mathematik-rechnen","12":"product_cat-montessori-spielzeug","13":"product_cat-motorische-fertigkeiten","14":"product_cat-nach-alter","15":"product_cat-neuheiten","16":"product_cat-rolf-de","17":"product_cat-saisonale-kollektionen","18":"product_cat-sensorische-motorische-fertigkeiten","19":"product_cat-sommer-kollektion","20":"product_cat-kinder-spielzeug","21":"product_cat-traditionelle-bildung","22":"product_cat-unsere-marken","23":"product_tag-grose-puzzles","24":"product_tag-hergestellt-in-den-niederlanden","25":"product_tag-hergestellt-in-europa","26":"product_tag-holzerner-regenbogen","27":"product_tag-lernpuzzles-fur-kinder","28":"product_tag-niederlandisches-spielzeug","29":"product_tag-padagogische-puzzles","30":"product_tag-regenbogen-puzzles","31":"product_tag-regenbogenpuzzle-aus-holz","32":"product_tag-rolf-puzzles-de","33":"product_tag-rolf-relief-puzzle-entdecke-die-grose-sonnenuntergang","35":"first","36":"outofstock","37":"taxable","38":"shipping-taxable","39":"purchasable","40":"product-type-simple"},"yoast_head":"<!-- This site is optimized with the Yoast SEO plugin v27.1.1 - https:\/\/yoast.com\/product\/yoast-seo-wordpress\/ -->\n<title>Relief Puzzle entdecke die Gr\u00f6\u00dfe Sonnenuntergang - Rolf<\/title>\n<meta name=\"description\" content=\"Das p\u00e4dagogische Rolf-Reliefpuzzle aus Holz entdeckt die Gr\u00f6\u00dfe in Form eines Sonnenuntergangs und f\u00f6rdert das Erkennen von Farben und Gr\u00f6\u00dfe. Hergestellt in den Niederlanden.\" \/>\n<meta name=\"robots\" content=\"index, follow, max-snippet:-1, max-image-preview:large, max-video-preview:-1\" \/>\n<link rel=\"canonical\" href=\"https:\/\/teiaeducation.ch\/de\/produkt\/relief-puzzle-entdecke-die-groesse-sonnenuntergang-rolf\/\" \/>\n<meta property=\"og:locale\" content=\"de_DE\" \/>\n<meta property=\"og:type\" content=\"article\" \/>\n<meta property=\"og:title\" content=\"Relief Puzzle entdecke die Gr\u00f6\u00dfe Sonnenuntergang - Rolf\" \/>\n<meta property=\"og:description\" content=\"Das p\u00e4dagogische Rolf-Reliefpuzzle aus Holz entdeckt die Gr\u00f6\u00dfe in Form eines Sonnenuntergangs und f\u00f6rdert das Erkennen von Farben und Gr\u00f6\u00dfe. Hergestellt in den Niederlanden.\" \/>\n<meta property=\"og:url\" content=\"https:\/\/teiaeducation.ch\/de\/produkt\/relief-puzzle-entdecke-die-groesse-sonnenuntergang-rolf\/\" \/>\n<meta property=\"og:site_name\" content=\"Sustainable Educational Products &amp; Ecological Toys\u00a0\" \/>\n<meta property=\"article:publisher\" content=\"https:\/\/www.facebook.com\/teiaeducation\/\" \/>\n<meta property=\"article:modified_time\" content=\"2025-12-12T08:22:00+00:00\" \/>\n<meta property=\"og:image\" content=\"https:\/\/teiaeducation.ch\/wp-content\/uploads\/2021\/09\/Relief-puzzle-discover-the-size-sunset-Rolf-2203068.png\" \/>\n\t<meta property=\"og:image:width\" content=\"2048\" \/>\n\t<meta property=\"og:image:height\" content=\"1885\" \/>\n\t<meta property=\"og:image:type\" content=\"image\/png\" \/>\n<script type=\"application\/ld+json\" class=\"yoast-schema-graph\">{\"@context\":\"https:\/\/schema.org\",\"@graph\":[{\"@type\":\"WebPage\",\"@id\":\"https:\/\/teiaeducation.ch\/de\/produkt\/relief-puzzle-entdecke-die-groesse-sonnenuntergang-rolf\/\",\"url\":\"https:\/\/teiaeducation.ch\/de\/produkt\/relief-puzzle-entdecke-die-groesse-sonnenuntergang-rolf\/\",\"name\":\"Relief Puzzle entdecke die Gr\u00f6\u00dfe Sonnenuntergang - Rolf\",\"isPartOf\":{\"@id\":\"https:\/\/teiaeducation.ch\/de\/#website\"},\"primaryImageOfPage\":{\"@id\":\"https:\/\/teiaeducation.ch\/de\/produkt\/relief-puzzle-entdecke-die-groesse-sonnenuntergang-rolf\/#primaryimage\"},\"image\":{\"@id\":\"https:\/\/teiaeducation.ch\/de\/produkt\/relief-puzzle-entdecke-die-groesse-sonnenuntergang-rolf\/#primaryimage\"},\"thumbnailUrl\":\"https:\/\/teiaeducation.ch\/wp-content\/uploads\/2021\/09\/Relief-puzzle-discover-the-size-sunset-Rolf-2203068.png\",\"datePublished\":\"2021-09-13T06:41:40+00:00\",\"dateModified\":\"2025-12-12T08:22:00+00:00\",\"description\":\"Das p\u00e4dagogische Rolf-Reliefpuzzle aus Holz entdeckt die Gr\u00f6\u00dfe in Form eines Sonnenuntergangs und f\u00f6rdert das Erkennen von Farben und Gr\u00f6\u00dfe. Hergestellt in den Niederlanden.\",\"breadcrumb\":{\"@id\":\"https:\/\/teiaeducation.ch\/de\/produkt\/relief-puzzle-entdecke-die-groesse-sonnenuntergang-rolf\/#breadcrumb\"},\"inLanguage\":\"de-CH\",\"potentialAction\":[{\"@type\":\"ReadAction\",\"target\":[\"https:\/\/teiaeducation.ch\/de\/produkt\/relief-puzzle-entdecke-die-groesse-sonnenuntergang-rolf\/\"]}]},{\"@type\":\"ImageObject\",\"inLanguage\":\"de-CH\",\"@id\":\"https:\/\/teiaeducation.ch\/de\/produkt\/relief-puzzle-entdecke-die-groesse-sonnenuntergang-rolf\/#primaryimage\",\"url\":\"https:\/\/teiaeducation.ch\/wp-content\/uploads\/2021\/09\/Relief-puzzle-discover-the-size-sunset-Rolf-2203068.png\",\"contentUrl\":\"https:\/\/teiaeducation.ch\/wp-content\/uploads\/2021\/09\/Relief-puzzle-discover-the-size-sunset-Rolf-2203068.png\",\"width\":2048,\"height\":1885,\"caption\":\"Relief Puzzle entdecke die Gr\u00f6\u00dfe Sonnenuntergang Rolf 2203068\"},{\"@type\":\"BreadcrumbList\",\"@id\":\"https:\/\/teiaeducation.ch\/de\/produkt\/relief-puzzle-entdecke-die-groesse-sonnenuntergang-rolf\/#breadcrumb\",\"itemListElement\":[{\"@type\":\"ListItem\",\"position\":1,\"name\":\"Home\",\"item\":\"https:\/\/teiaeducation.ch\/de\/\"},{\"@type\":\"ListItem\",\"position\":2,\"name\":\"Laden\",\"item\":\"https:\/\/teiaeducation.ch\/de\/shop\/\"},{\"@type\":\"ListItem\",\"position\":3,\"name\":\"Unsere Marken\",\"item\":\"https:\/\/teiaeducation.ch\/de\/produkt-kategorie\/unsere-marken\/\"},{\"@type\":\"ListItem\",\"position\":4,\"name\":\"Rolf\",\"item\":\"https:\/\/teiaeducation.ch\/de\/produkt-kategorie\/unsere-marken\/rolf-de\/\"},{\"@type\":\"ListItem\",\"position\":5,\"name\":\"Relief Puzzle entdecke die Gr\u00f6\u00dfe Sonnenuntergang &#8211; Rolf\"}]},{\"@type\":\"WebSite\",\"@id\":\"https:\/\/teiaeducation.ch\/de\/#website\",\"url\":\"https:\/\/teiaeducation.ch\/de\/\",\"name\":\"Sustainable Educational Products &amp; Ecological Toys\u00a0\",\"description\":\"Specialised Swiss shop selling sustainable educational toys and games, AMI certified Montessori materials, handmade ecological wooden Waldorf toys and arts &amp; crafts supplies, school supplies, children&#039;s furniture and Montessori reference and parenting books.\",\"publisher\":{\"@id\":\"https:\/\/teiaeducation.ch\/de\/#organization\"},\"alternateName\":\"Teia Education & Play\",\"potentialAction\":[{\"@type\":\"SearchAction\",\"target\":{\"@type\":\"EntryPoint\",\"urlTemplate\":\"https:\/\/teiaeducation.ch\/de\/?s={search_term_string}\"},\"query-input\":{\"@type\":\"PropertyValueSpecification\",\"valueRequired\":true,\"valueName\":\"search_term_string\"}}],\"inLanguage\":\"de-CH\"},{\"@type\":\"Organization\",\"@id\":\"https:\/\/teiaeducation.ch\/de\/#organization\",\"name\":\"Teia Education & Play\",\"url\":\"https:\/\/teiaeducation.ch\/de\/\",\"logo\":{\"@type\":\"ImageObject\",\"inLanguage\":\"de-CH\",\"@id\":\"https:\/\/teiaeducation.ch\/de\/#\/schema\/logo\/image\/\",\"url\":\"https:\/\/teiaeducation.ch\/wp-content\/uploads\/2020\/11\/Teia-Education-Switzerland-e1620156442216.jpg\",\"contentUrl\":\"https:\/\/teiaeducation.ch\/wp-content\/uploads\/2020\/11\/Teia-Education-Switzerland-e1620156442216.jpg\",\"width\":166,\"height\":145,\"caption\":\"Teia Education & Play\"},\"image\":{\"@id\":\"https:\/\/teiaeducation.ch\/de\/#\/schema\/logo\/image\/\"},\"sameAs\":[\"https:\/\/www.facebook.com\/teiaeducation\/\",\"https:\/\/x.com\/EducationTeia\",\"https:\/\/www.instagram.com\/teia.education\/\",\"https:\/\/www.linkedin.com\/company\/35501660\",\"https:\/\/www.pinterest.ch\/TeiaEducation\/\"]}]}<\/script>\n<!-- \/ Yoast SEO plugin. -->","yoast_head_json":{"title":"Relief Puzzle entdecke die Gr\u00f6\u00dfe Sonnenuntergang - Rolf","description":"Das p\u00e4dagogische Rolf-Reliefpuzzle aus Holz entdeckt die Gr\u00f6\u00dfe in Form eines Sonnenuntergangs und f\u00f6rdert das Erkennen von Farben und Gr\u00f6\u00dfe. Hergestellt in den Niederlanden.","robots":{"index":"index","follow":"follow","max-snippet":"max-snippet:-1","max-image-preview":"max-image-preview:large","max-video-preview":"max-video-preview:-1"},"canonical":"https:\/\/teiaeducation.ch\/de\/produkt\/relief-puzzle-entdecke-die-groesse-sonnenuntergang-rolf\/","og_locale":"de_DE","og_type":"article","og_title":"Relief Puzzle entdecke die Gr\u00f6\u00dfe Sonnenuntergang - Rolf","og_description":"Das p\u00e4dagogische Rolf-Reliefpuzzle aus Holz entdeckt die Gr\u00f6\u00dfe in Form eines Sonnenuntergangs und f\u00f6rdert das Erkennen von Farben und Gr\u00f6\u00dfe. Hergestellt in den Niederlanden.","og_url":"https:\/\/teiaeducation.ch\/de\/produkt\/relief-puzzle-entdecke-die-groesse-sonnenuntergang-rolf\/","og_site_name":"Sustainable Educational Products &amp; Ecological Toys\u00a0","article_publisher":"https:\/\/www.facebook.com\/teiaeducation\/","article_modified_time":"2025-12-12T08:22:00+00:00","og_image":[{"width":2048,"height":1885,"url":"https:\/\/teiaeducation.ch\/wp-content\/uploads\/2021\/09\/Relief-puzzle-discover-the-size-sunset-Rolf-2203068.png","type":"image\/png"}],"schema":{"@context":"https:\/\/schema.org","@graph":[{"@type":"WebPage","@id":"https:\/\/teiaeducation.ch\/de\/produkt\/relief-puzzle-entdecke-die-groesse-sonnenuntergang-rolf\/","url":"https:\/\/teiaeducation.ch\/de\/produkt\/relief-puzzle-entdecke-die-groesse-sonnenuntergang-rolf\/","name":"Relief Puzzle entdecke die Gr\u00f6\u00dfe Sonnenuntergang - Rolf","isPartOf":{"@id":"https:\/\/teiaeducation.ch\/de\/#website"},"primaryImageOfPage":{"@id":"https:\/\/teiaeducation.ch\/de\/produkt\/relief-puzzle-entdecke-die-groesse-sonnenuntergang-rolf\/#primaryimage"},"image":{"@id":"https:\/\/teiaeducation.ch\/de\/produkt\/relief-puzzle-entdecke-die-groesse-sonnenuntergang-rolf\/#primaryimage"},"thumbnailUrl":"https:\/\/teiaeducation.ch\/wp-content\/uploads\/2021\/09\/Relief-puzzle-discover-the-size-sunset-Rolf-2203068.png","datePublished":"2021-09-13T06:41:40+00:00","dateModified":"2025-12-12T08:22:00+00:00","description":"Das p\u00e4dagogische Rolf-Reliefpuzzle aus Holz entdeckt die Gr\u00f6\u00dfe in Form eines Sonnenuntergangs und f\u00f6rdert das Erkennen von Farben und Gr\u00f6\u00dfe. Hergestellt in den Niederlanden.","breadcrumb":{"@id":"https:\/\/teiaeducation.ch\/de\/produkt\/relief-puzzle-entdecke-die-groesse-sonnenuntergang-rolf\/#breadcrumb"},"inLanguage":"de-CH","potentialAction":[{"@type":"ReadAction","target":["https:\/\/teiaeducation.ch\/de\/produkt\/relief-puzzle-entdecke-die-groesse-sonnenuntergang-rolf\/"]}]},{"@type":"ImageObject","inLanguage":"de-CH","@id":"https:\/\/teiaeducation.ch\/de\/produkt\/relief-puzzle-entdecke-die-groesse-sonnenuntergang-rolf\/#primaryimage","url":"https:\/\/teiaeducation.ch\/wp-content\/uploads\/2021\/09\/Relief-puzzle-discover-the-size-sunset-Rolf-2203068.png","contentUrl":"https:\/\/teiaeducation.ch\/wp-content\/uploads\/2021\/09\/Relief-puzzle-discover-the-size-sunset-Rolf-2203068.png","width":2048,"height":1885,"caption":"Relief Puzzle entdecke die Gr\u00f6\u00dfe Sonnenuntergang Rolf 2203068"},{"@type":"BreadcrumbList","@id":"https:\/\/teiaeducation.ch\/de\/produkt\/relief-puzzle-entdecke-die-groesse-sonnenuntergang-rolf\/#breadcrumb","itemListElement":[{"@type":"ListItem","position":1,"name":"Home","item":"https:\/\/teiaeducation.ch\/de\/"},{"@type":"ListItem","position":2,"name":"Laden","item":"https:\/\/teiaeducation.ch\/de\/shop\/"},{"@type":"ListItem","position":3,"name":"Unsere Marken","item":"https:\/\/teiaeducation.ch\/de\/produkt-kategorie\/unsere-marken\/"},{"@type":"ListItem","position":4,"name":"Rolf","item":"https:\/\/teiaeducation.ch\/de\/produkt-kategorie\/unsere-marken\/rolf-de\/"},{"@type":"ListItem","position":5,"name":"Relief Puzzle entdecke die Gr\u00f6\u00dfe Sonnenuntergang &#8211; Rolf"}]},{"@type":"WebSite","@id":"https:\/\/teiaeducation.ch\/de\/#website","url":"https:\/\/teiaeducation.ch\/de\/","name":"Sustainable Educational Products &amp; Ecological Toys\u00a0","description":"Specialised Swiss shop selling sustainable educational toys and games, AMI certified Montessori materials, handmade ecological wooden Waldorf toys and arts &amp; crafts supplies, school supplies, children&#039;s furniture and Montessori reference and parenting books.","publisher":{"@id":"https:\/\/teiaeducation.ch\/de\/#organization"},"alternateName":"Teia Education & Play","potentialAction":[{"@type":"SearchAction","target":{"@type":"EntryPoint","urlTemplate":"https:\/\/teiaeducation.ch\/de\/?s={search_term_string}"},"query-input":{"@type":"PropertyValueSpecification","valueRequired":true,"valueName":"search_term_string"}}],"inLanguage":"de-CH"},{"@type":"Organization","@id":"https:\/\/teiaeducation.ch\/de\/#organization","name":"Teia Education & Play","url":"https:\/\/teiaeducation.ch\/de\/","logo":{"@type":"ImageObject","inLanguage":"de-CH","@id":"https:\/\/teiaeducation.ch\/de\/#\/schema\/logo\/image\/","url":"https:\/\/teiaeducation.ch\/wp-content\/uploads\/2020\/11\/Teia-Education-Switzerland-e1620156442216.jpg","contentUrl":"https:\/\/teiaeducation.ch\/wp-content\/uploads\/2020\/11\/Teia-Education-Switzerland-e1620156442216.jpg","width":166,"height":145,"caption":"Teia Education & Play"},"image":{"@id":"https:\/\/teiaeducation.ch\/de\/#\/schema\/logo\/image\/"},"sameAs":["https:\/\/www.facebook.com\/teiaeducation\/","https:\/\/x.com\/EducationTeia","https:\/\/www.instagram.com\/teia.education\/","https:\/\/www.linkedin.com\/company\/35501660","https:\/\/www.pinterest.ch\/TeiaEducation\/"]}]}},"_links":{"self":[{"href":"https:\/\/teiaeducation.ch\/de\/wp-json\/wp\/v2\/product\/65573","targetHints":{"allow":["GET"]}}],"collection":[{"href":"https:\/\/teiaeducation.ch\/de\/wp-json\/wp\/v2\/product"}],"about":[{"href":"https:\/\/teiaeducation.ch\/de\/wp-json\/wp\/v2\/types\/product"}],"replies":[{"embeddable":true,"href":"https:\/\/teiaeducation.ch\/de\/wp-json\/wp\/v2\/comments?post=65573"}],"wp:featuredmedia":[{"embeddable":true,"href":"https:\/\/teiaeducation.ch\/de\/wp-json\/wp\/v2\/media\/60141"}],"wp:attachment":[{"href":"https:\/\/teiaeducation.ch\/de\/wp-json\/wp\/v2\/media?parent=65573"}],"wp:term":[{"taxonomy":"product_brand","embeddable":true,"href":"https:\/\/teiaeducation.ch\/de\/wp-json\/wp\/v2\/product_brand?post=65573"},{"taxonomy":"product_cat","embeddable":true,"href":"https:\/\/teiaeducation.ch\/de\/wp-json\/wp\/v2\/product_cat?post=65573"},{"taxonomy":"product_tag","embeddable":true,"href":"https:\/\/teiaeducation.ch\/de\/wp-json\/wp\/v2\/product_tag?post=65573"}],"curies":[{"name":"wp","href":"https:\/\/api.w.org\/{rel}","templated":true}]}}