{"id":65576,"date":"2021-09-10T13:31:03","date_gmt":"2021-09-10T11:31:03","guid":{"rendered":"https:\/\/teiaeducation.ch\/product\/knoepfchenpuzzle-farben-rolf\/"},"modified":"2025-12-12T09:22:11","modified_gmt":"2025-12-12T08:22:11","slug":"knoepfchenpuzzle-farben-rolf","status":"publish","type":"product","link":"https:\/\/teiaeducation.ch\/de\/produkt\/knoepfchenpuzzle-farben-rolf\/","title":{"rendered":"Kn\u00f6pfchenpuzzle Farben &#8211; Rolf"},"content":{"rendered":"<p>Rolfs Knubbelpuzzle <a href=\"https:\/\/teiaeducation.ch\/de\/produkt-kategorie\/lernthemen\/sensorische-motorische-fertigkeiten\/farbe-lernen\/\">Farben<\/a> ist ein entz\u00fcckendes und farbenfrohes <a href=\"https:\/\/teiaeducation.ch\/de\/produkt-kategorie\/kinder-spielzeug\/holzpuzzles\/\">Lernpuzzle aus Holz<\/a>! Es wurde sorgf\u00e4ltig entworfen, um die Entwicklungs- und Lernbed\u00fcrfnisse von kleinen Kindern auf spielerische Weise zu erf\u00fcllen.<\/p>\n<p>Dieses 7-teilige Holzknopfpuzzle ist ein erstes Denkspiel und fordert die Kinder heraus, sorgf\u00e4ltig zu denken, denn sie m\u00fcssen alle bunten Kreise gleichzeitig zuordnen. Die Kinder werden verschiedene Anordnungen ausprobieren und durch Versuch und Irrtum das fesselnde R\u00e4tsel l\u00f6sen. Egal, wo man anf\u00e4ngt, man kann immer einen Weg finden, die Teile richtig zu verbinden!<\/p>\n<p>Die Kinder werden ihre F\u00e4higkeiten zur Farbunterscheidung verbessern, die sie f\u00fcr die Mathematik ben\u00f6tigen, um dieses beliebte Lernpuzzle zu l\u00f6sen. Beim Spielen entwickeln sie ihre kognitiven F\u00e4higkeiten, ihr kritisches Denken und ihre Probleml\u00f6sungskompetenz! Auch die <a href=\"https:\/\/teiaeducation.ch\/de\/produkt-kategorie\/lernthemen\/sensorische-motorische-fertigkeiten\/motorische-fertigkeiten\/\">Feinmotorik<\/a> wird gef\u00f6rdert, da die Kinder die sechseckigen Teile mit ihren Holzkn\u00f6pfen mit der Zange greifen k\u00f6nnen.<\/p>\n<p>Dieses sch\u00f6ne und ansprechende Puzzle aus Massivholz mit 7 Teilen und den Ma\u00dfen 28 x 28 cm ist eine Bereicherung f\u00fcr jedes Spielzimmer oder jeden Lernraum.<\/p>\n<p>Das Rolf Einsatzpuzzle Farben ist f\u00fcr Kinder ab 2 Jahren geeignet.<\/p>\n<p>Inhalt:<\/p>\n<p>1 Holzpuzzle mit 7 Teilen<\/p>\n<h2>Uber Rolf<\/h2>\n<p>Die Niederl\u00e4ndische Marke <a href=\"https:\/\/teiaeducation.ch\/de\/produkt-kategorie\/unsere-marken\/rolf-de\/\">Rolf<\/a> arbeitet eng mit Lehrern und Bildungsexperten zusammen, um Produkte zu entwickeln, die die Entwicklung der Kinder f\u00f6rdern, ihr Wissen und ihre F\u00e4higkeiten verbessern und die Ziele der Lehrer unterst\u00fctzen.<\/p>\n<p>Jedes p\u00e4dagogische Rolf-Produkt bietet ein komplettes Sortiment an Entwicklungsbausteinen\u201c f\u00fcr das kindliche Gehirn und f\u00f6rdert <a href=\"https:\/\/teiaeducation.ch\/de\/produkt-kategorie\/kinder-spielzeug\/\">spiel<\/a>erisch verschiedene F\u00e4higkeiten wie <a href=\"https:\/\/teiaeducation.ch\/de\/produkt-kategorie\/lernthemen\/mathematik-rechnen\/\">Mathematik<\/a>, <a href=\"https:\/\/teiaeducation.ch\/de\/produkt-kategorie\/lernthemen\/alphabetisierung-sprache\/\">Sprache<\/a>, <a href=\"https:\/\/teiaeducation.ch\/de\/produkt-kategorie\/malen-basteln\/\">Kreativit\u00e4t<\/a>, Motorik und sogar Selbstvertrauen.<\/p>\n<p>Rolfs originelle und unverwechselbare <a href=\"https:\/\/teiaeducation.ch\/de\/produkt-kategorie\/lernthemen\/\">Unterrichtsmaterialien<\/a> sind an ihren robusten Materialien, lebhaften Farben und ansprechenden Illustrationen zu erkennen. Kinder werden die wunderbaren Lern- und Spielprodukte lieben, von den lustigen und herausfordernden Puzzles, die das Lernen zum Leben erwecken, bis hin zu den robusten und farbenfrohen <a href=\"https:\/\/teiaeducation.ch\/de\/produkt-kategorie\/kinder-spielzeug\/spielzeug-fuer-draussen\/\">Outdoor<\/a>&#8211; und <a href=\"https:\/\/teiaeducation.ch\/de\/produkt-kategorie\/kinder-spielzeug\/sandspielzeug\/\">Sandspielzeugen<\/a>, die perfekt f\u00fcr den Strand oder den Sandkasten sind.<\/p>\n<p>Jedes Rolf-Produkt wird in den Niederlanden entworfen und nachhaltig hergestellt. Das garantiert hochwertige Produkte, die sicher und langlebig sind und stundenlanges Spielen und Lernen erm\u00f6glichen. Alle Rolf-Produkte sind nach den Europ\u00e4ischen Sicherheitsvorschriften getestet und wurden von den Kindern selbst ausgiebig gepr\u00fcft und f\u00fcr gut befunden, da sie viel Spa\u00df beim Spielen machen und echte Lernm\u00f6glichkeiten bieten.<\/p>\n","protected":false},"excerpt":{"rendered":"<p>Artikelnummer: 220.3533<\/p>\n<p>Ein wundersch\u00f6nes, p\u00e4dagogisch wertvolles Holzknopf-Farben-Puzzle von Rolf, das auf die Entwicklungs- und Lernbed\u00fcrfnisse von Kindern abgestimmt ist. Hergestellt in den Niederlanden.<\/p>\n","protected":false},"featured_media":65577,"comment_status":"open","ping_status":"closed","template":"","meta":[],"product_brand":[],"product_cat":[21444,21445,21446,21479,21558,21493,21491,21484,21707,21509,21481,22182,21559,21443,21563,21660,21494,21495,21557,21678,21482,21564],"product_tag":[29255,29978,29186,29980,29172,29979,29279,29173],"class_list":{"0":"post-65576","1":"product","2":"type-product","3":"status-publish","4":"has-post-thumbnail","6":"product_cat-1-3-jahre-kleinkind","7":"product_cat-3-6-jahre-vorschule","8":"product_cat-6-12-jahre-grundschule","9":"product_cat-lernmaterialien-spielzeug-montessori-waldorf-steiner-froebel","10":"product_cat-farbe-lernen","11":"product_cat-geschenk-guide-holzpuzzles","12":"product_cat-geschenk-guide-lerngeschenke","13":"product_cat-geschenk-guides","14":"product_cat-holzpuzzles","15":"product_cat-lernthemen","16":"product_cat-montessori-paedagogik-material-spielzeug","17":"product_cat-montessori-spielzeug","18":"product_cat-motorische-fertigkeiten","19":"product_cat-nach-alter","20":"product_cat-neuheiten","21":"product_cat-rolf-de","22":"product_cat-schulbedarf-fuer-zuhause","23":"product_cat-schulbedarf-fuer-zuhause-3-6-jahre","24":"product_cat-sensorische-motorische-fertigkeiten","25":"product_cat-kinder-spielzeug","26":"product_cat-traditionelle-bildung","27":"product_cat-unsere-marken","28":"product_tag-farben-puzzles","29":"product_tag-knopf-puzzles","30":"product_tag-padagogische-puzzles","31":"product_tag-puzzle-zum-knobeln","32":"product_tag-puzzles-aus-holz-de","33":"product_tag-puzzles-einfugen","34":"product_tag-rolf-education-de","35":"product_tag-rolf-puzzles-de","37":"first","38":"outofstock","39":"taxable","40":"shipping-taxable","41":"purchasable","42":"product-type-simple"},"yoast_head":"<!-- This site is optimized with the Yoast SEO plugin v27.1.1 - https:\/\/yoast.com\/product\/yoast-seo-wordpress\/ -->\n<title>Kn\u00f6pfchenpuzzle Farben - Rolf<\/title>\n<meta name=\"description\" content=\"Ein wundersch\u00f6nes, p\u00e4dagogisch wertvolles Holzknopf-Farben-Puzzle von Rolf, das auf die Entwicklungs- und Lernbed\u00fcrfnisse von Kindern abgestimmt ist. Hergestellt in den Niederlanden.\" \/>\n<meta name=\"robots\" content=\"index, follow, max-snippet:-1, max-image-preview:large, max-video-preview:-1\" \/>\n<link rel=\"canonical\" href=\"https:\/\/teiaeducation.ch\/de\/produkt\/knoepfchenpuzzle-farben-rolf\/\" \/>\n<meta property=\"og:locale\" content=\"de_DE\" \/>\n<meta property=\"og:type\" content=\"article\" \/>\n<meta property=\"og:title\" content=\"Kn\u00f6pfchenpuzzle Farben - Rolf\" \/>\n<meta property=\"og:description\" content=\"Ein wundersch\u00f6nes, p\u00e4dagogisch wertvolles Holzknopf-Farben-Puzzle von Rolf, das auf die Entwicklungs- und Lernbed\u00fcrfnisse von Kindern abgestimmt ist. Hergestellt in den Niederlanden.\" \/>\n<meta property=\"og:url\" content=\"https:\/\/teiaeducation.ch\/de\/produkt\/knoepfchenpuzzle-farben-rolf\/\" \/>\n<meta property=\"og:site_name\" content=\"Sustainable Educational Products &amp; Ecological Toys\u00a0\" \/>\n<meta property=\"article:publisher\" content=\"https:\/\/www.facebook.com\/teiaeducation\/\" \/>\n<meta property=\"article:modified_time\" content=\"2025-12-12T08:22:11+00:00\" \/>\n<meta property=\"og:image\" content=\"https:\/\/teiaeducation.ch\/wp-content\/uploads\/2021\/08\/Insert-puzzle-colours-Rolf.jpg\" \/>\n\t<meta property=\"og:image:width\" content=\"1230\" \/>\n\t<meta property=\"og:image:height\" content=\"1206\" \/>\n\t<meta property=\"og:image:type\" content=\"image\/jpeg\" \/>\n<script type=\"application\/ld+json\" class=\"yoast-schema-graph\">{\"@context\":\"https:\/\/schema.org\",\"@graph\":[{\"@type\":\"WebPage\",\"@id\":\"https:\/\/teiaeducation.ch\/de\/produkt\/knoepfchenpuzzle-farben-rolf\/\",\"url\":\"https:\/\/teiaeducation.ch\/de\/produkt\/knoepfchenpuzzle-farben-rolf\/\",\"name\":\"Kn\u00f6pfchenpuzzle Farben - Rolf\",\"isPartOf\":{\"@id\":\"https:\/\/teiaeducation.ch\/de\/#website\"},\"primaryImageOfPage\":{\"@id\":\"https:\/\/teiaeducation.ch\/de\/produkt\/knoepfchenpuzzle-farben-rolf\/#primaryimage\"},\"image\":{\"@id\":\"https:\/\/teiaeducation.ch\/de\/produkt\/knoepfchenpuzzle-farben-rolf\/#primaryimage\"},\"thumbnailUrl\":\"https:\/\/teiaeducation.ch\/wp-content\/uploads\/2021\/08\/Insert-puzzle-colours-Rolf.jpg\",\"datePublished\":\"2021-09-10T11:31:03+00:00\",\"dateModified\":\"2025-12-12T08:22:11+00:00\",\"description\":\"Ein wundersch\u00f6nes, p\u00e4dagogisch wertvolles Holzknopf-Farben-Puzzle von Rolf, das auf die Entwicklungs- und Lernbed\u00fcrfnisse von Kindern abgestimmt ist. Hergestellt in den Niederlanden.\",\"breadcrumb\":{\"@id\":\"https:\/\/teiaeducation.ch\/de\/produkt\/knoepfchenpuzzle-farben-rolf\/#breadcrumb\"},\"inLanguage\":\"de-CH\",\"potentialAction\":[{\"@type\":\"ReadAction\",\"target\":[\"https:\/\/teiaeducation.ch\/de\/produkt\/knoepfchenpuzzle-farben-rolf\/\"]}]},{\"@type\":\"ImageObject\",\"inLanguage\":\"de-CH\",\"@id\":\"https:\/\/teiaeducation.ch\/de\/produkt\/knoepfchenpuzzle-farben-rolf\/#primaryimage\",\"url\":\"https:\/\/teiaeducation.ch\/wp-content\/uploads\/2021\/08\/Insert-puzzle-colours-Rolf.jpg\",\"contentUrl\":\"https:\/\/teiaeducation.ch\/wp-content\/uploads\/2021\/08\/Insert-puzzle-colours-Rolf.jpg\",\"width\":1230,\"height\":1206,\"caption\":\"Puzzle-Farben einf\u00fcgen - Rolf\"},{\"@type\":\"BreadcrumbList\",\"@id\":\"https:\/\/teiaeducation.ch\/de\/produkt\/knoepfchenpuzzle-farben-rolf\/#breadcrumb\",\"itemListElement\":[{\"@type\":\"ListItem\",\"position\":1,\"name\":\"Home\",\"item\":\"https:\/\/teiaeducation.ch\/de\/\"},{\"@type\":\"ListItem\",\"position\":2,\"name\":\"Laden\",\"item\":\"https:\/\/teiaeducation.ch\/de\/shop\/\"},{\"@type\":\"ListItem\",\"position\":3,\"name\":\"Unsere Marken\",\"item\":\"https:\/\/teiaeducation.ch\/de\/produkt-kategorie\/unsere-marken\/\"},{\"@type\":\"ListItem\",\"position\":4,\"name\":\"Rolf\",\"item\":\"https:\/\/teiaeducation.ch\/de\/produkt-kategorie\/unsere-marken\/rolf-de\/\"},{\"@type\":\"ListItem\",\"position\":5,\"name\":\"Kn\u00f6pfchenpuzzle Farben &#8211; Rolf\"}]},{\"@type\":\"WebSite\",\"@id\":\"https:\/\/teiaeducation.ch\/de\/#website\",\"url\":\"https:\/\/teiaeducation.ch\/de\/\",\"name\":\"Sustainable Educational Products &amp; Ecological Toys\u00a0\",\"description\":\"Specialised Swiss shop selling sustainable educational toys and games, AMI certified Montessori materials, handmade ecological wooden Waldorf toys and arts &amp; crafts supplies, school supplies, children&#039;s furniture and Montessori reference and parenting books.\",\"publisher\":{\"@id\":\"https:\/\/teiaeducation.ch\/de\/#organization\"},\"alternateName\":\"Teia Education & Play\",\"potentialAction\":[{\"@type\":\"SearchAction\",\"target\":{\"@type\":\"EntryPoint\",\"urlTemplate\":\"https:\/\/teiaeducation.ch\/de\/?s={search_term_string}\"},\"query-input\":{\"@type\":\"PropertyValueSpecification\",\"valueRequired\":true,\"valueName\":\"search_term_string\"}}],\"inLanguage\":\"de-CH\"},{\"@type\":\"Organization\",\"@id\":\"https:\/\/teiaeducation.ch\/de\/#organization\",\"name\":\"Teia Education & Play\",\"url\":\"https:\/\/teiaeducation.ch\/de\/\",\"logo\":{\"@type\":\"ImageObject\",\"inLanguage\":\"de-CH\",\"@id\":\"https:\/\/teiaeducation.ch\/de\/#\/schema\/logo\/image\/\",\"url\":\"https:\/\/teiaeducation.ch\/wp-content\/uploads\/2020\/11\/Teia-Education-Switzerland-e1620156442216.jpg\",\"contentUrl\":\"https:\/\/teiaeducation.ch\/wp-content\/uploads\/2020\/11\/Teia-Education-Switzerland-e1620156442216.jpg\",\"width\":166,\"height\":145,\"caption\":\"Teia Education & Play\"},\"image\":{\"@id\":\"https:\/\/teiaeducation.ch\/de\/#\/schema\/logo\/image\/\"},\"sameAs\":[\"https:\/\/www.facebook.com\/teiaeducation\/\",\"https:\/\/x.com\/EducationTeia\",\"https:\/\/www.instagram.com\/teia.education\/\",\"https:\/\/www.linkedin.com\/company\/35501660\",\"https:\/\/www.pinterest.ch\/TeiaEducation\/\"]}]}<\/script>\n<!-- \/ Yoast SEO plugin. -->","yoast_head_json":{"title":"Kn\u00f6pfchenpuzzle Farben - Rolf","description":"Ein wundersch\u00f6nes, p\u00e4dagogisch wertvolles Holzknopf-Farben-Puzzle von Rolf, das auf die Entwicklungs- und Lernbed\u00fcrfnisse von Kindern abgestimmt ist. Hergestellt in den Niederlanden.","robots":{"index":"index","follow":"follow","max-snippet":"max-snippet:-1","max-image-preview":"max-image-preview:large","max-video-preview":"max-video-preview:-1"},"canonical":"https:\/\/teiaeducation.ch\/de\/produkt\/knoepfchenpuzzle-farben-rolf\/","og_locale":"de_DE","og_type":"article","og_title":"Kn\u00f6pfchenpuzzle Farben - Rolf","og_description":"Ein wundersch\u00f6nes, p\u00e4dagogisch wertvolles Holzknopf-Farben-Puzzle von Rolf, das auf die Entwicklungs- und Lernbed\u00fcrfnisse von Kindern abgestimmt ist. Hergestellt in den Niederlanden.","og_url":"https:\/\/teiaeducation.ch\/de\/produkt\/knoepfchenpuzzle-farben-rolf\/","og_site_name":"Sustainable Educational Products &amp; Ecological Toys\u00a0","article_publisher":"https:\/\/www.facebook.com\/teiaeducation\/","article_modified_time":"2025-12-12T08:22:11+00:00","og_image":[{"width":1230,"height":1206,"url":"https:\/\/teiaeducation.ch\/wp-content\/uploads\/2021\/08\/Insert-puzzle-colours-Rolf.jpg","type":"image\/jpeg"}],"schema":{"@context":"https:\/\/schema.org","@graph":[{"@type":"WebPage","@id":"https:\/\/teiaeducation.ch\/de\/produkt\/knoepfchenpuzzle-farben-rolf\/","url":"https:\/\/teiaeducation.ch\/de\/produkt\/knoepfchenpuzzle-farben-rolf\/","name":"Kn\u00f6pfchenpuzzle Farben - Rolf","isPartOf":{"@id":"https:\/\/teiaeducation.ch\/de\/#website"},"primaryImageOfPage":{"@id":"https:\/\/teiaeducation.ch\/de\/produkt\/knoepfchenpuzzle-farben-rolf\/#primaryimage"},"image":{"@id":"https:\/\/teiaeducation.ch\/de\/produkt\/knoepfchenpuzzle-farben-rolf\/#primaryimage"},"thumbnailUrl":"https:\/\/teiaeducation.ch\/wp-content\/uploads\/2021\/08\/Insert-puzzle-colours-Rolf.jpg","datePublished":"2021-09-10T11:31:03+00:00","dateModified":"2025-12-12T08:22:11+00:00","description":"Ein wundersch\u00f6nes, p\u00e4dagogisch wertvolles Holzknopf-Farben-Puzzle von Rolf, das auf die Entwicklungs- und Lernbed\u00fcrfnisse von Kindern abgestimmt ist. Hergestellt in den Niederlanden.","breadcrumb":{"@id":"https:\/\/teiaeducation.ch\/de\/produkt\/knoepfchenpuzzle-farben-rolf\/#breadcrumb"},"inLanguage":"de-CH","potentialAction":[{"@type":"ReadAction","target":["https:\/\/teiaeducation.ch\/de\/produkt\/knoepfchenpuzzle-farben-rolf\/"]}]},{"@type":"ImageObject","inLanguage":"de-CH","@id":"https:\/\/teiaeducation.ch\/de\/produkt\/knoepfchenpuzzle-farben-rolf\/#primaryimage","url":"https:\/\/teiaeducation.ch\/wp-content\/uploads\/2021\/08\/Insert-puzzle-colours-Rolf.jpg","contentUrl":"https:\/\/teiaeducation.ch\/wp-content\/uploads\/2021\/08\/Insert-puzzle-colours-Rolf.jpg","width":1230,"height":1206,"caption":"Puzzle-Farben einf\u00fcgen - Rolf"},{"@type":"BreadcrumbList","@id":"https:\/\/teiaeducation.ch\/de\/produkt\/knoepfchenpuzzle-farben-rolf\/#breadcrumb","itemListElement":[{"@type":"ListItem","position":1,"name":"Home","item":"https:\/\/teiaeducation.ch\/de\/"},{"@type":"ListItem","position":2,"name":"Laden","item":"https:\/\/teiaeducation.ch\/de\/shop\/"},{"@type":"ListItem","position":3,"name":"Unsere Marken","item":"https:\/\/teiaeducation.ch\/de\/produkt-kategorie\/unsere-marken\/"},{"@type":"ListItem","position":4,"name":"Rolf","item":"https:\/\/teiaeducation.ch\/de\/produkt-kategorie\/unsere-marken\/rolf-de\/"},{"@type":"ListItem","position":5,"name":"Kn\u00f6pfchenpuzzle Farben &#8211; Rolf"}]},{"@type":"WebSite","@id":"https:\/\/teiaeducation.ch\/de\/#website","url":"https:\/\/teiaeducation.ch\/de\/","name":"Sustainable Educational Products &amp; Ecological Toys\u00a0","description":"Specialised Swiss shop selling sustainable educational toys and games, AMI certified Montessori materials, handmade ecological wooden Waldorf toys and arts &amp; crafts supplies, school supplies, children&#039;s furniture and Montessori reference and parenting books.","publisher":{"@id":"https:\/\/teiaeducation.ch\/de\/#organization"},"alternateName":"Teia Education & Play","potentialAction":[{"@type":"SearchAction","target":{"@type":"EntryPoint","urlTemplate":"https:\/\/teiaeducation.ch\/de\/?s={search_term_string}"},"query-input":{"@type":"PropertyValueSpecification","valueRequired":true,"valueName":"search_term_string"}}],"inLanguage":"de-CH"},{"@type":"Organization","@id":"https:\/\/teiaeducation.ch\/de\/#organization","name":"Teia Education & Play","url":"https:\/\/teiaeducation.ch\/de\/","logo":{"@type":"ImageObject","inLanguage":"de-CH","@id":"https:\/\/teiaeducation.ch\/de\/#\/schema\/logo\/image\/","url":"https:\/\/teiaeducation.ch\/wp-content\/uploads\/2020\/11\/Teia-Education-Switzerland-e1620156442216.jpg","contentUrl":"https:\/\/teiaeducation.ch\/wp-content\/uploads\/2020\/11\/Teia-Education-Switzerland-e1620156442216.jpg","width":166,"height":145,"caption":"Teia Education & Play"},"image":{"@id":"https:\/\/teiaeducation.ch\/de\/#\/schema\/logo\/image\/"},"sameAs":["https:\/\/www.facebook.com\/teiaeducation\/","https:\/\/x.com\/EducationTeia","https:\/\/www.instagram.com\/teia.education\/","https:\/\/www.linkedin.com\/company\/35501660","https:\/\/www.pinterest.ch\/TeiaEducation\/"]}]}},"_links":{"self":[{"href":"https:\/\/teiaeducation.ch\/de\/wp-json\/wp\/v2\/product\/65576","targetHints":{"allow":["GET"]}}],"collection":[{"href":"https:\/\/teiaeducation.ch\/de\/wp-json\/wp\/v2\/product"}],"about":[{"href":"https:\/\/teiaeducation.ch\/de\/wp-json\/wp\/v2\/types\/product"}],"replies":[{"embeddable":true,"href":"https:\/\/teiaeducation.ch\/de\/wp-json\/wp\/v2\/comments?post=65576"}],"wp:featuredmedia":[{"embeddable":true,"href":"https:\/\/teiaeducation.ch\/de\/wp-json\/wp\/v2\/media\/65577"}],"wp:attachment":[{"href":"https:\/\/teiaeducation.ch\/de\/wp-json\/wp\/v2\/media?parent=65576"}],"wp:term":[{"taxonomy":"product_brand","embeddable":true,"href":"https:\/\/teiaeducation.ch\/de\/wp-json\/wp\/v2\/product_brand?post=65576"},{"taxonomy":"product_cat","embeddable":true,"href":"https:\/\/teiaeducation.ch\/de\/wp-json\/wp\/v2\/product_cat?post=65576"},{"taxonomy":"product_tag","embeddable":true,"href":"https:\/\/teiaeducation.ch\/de\/wp-json\/wp\/v2\/product_tag?post=65576"}],"curies":[{"name":"wp","href":"https:\/\/api.w.org\/{rel}","templated":true}]}}