{"id":65609,"date":"2023-11-07T14:06:22","date_gmt":"2023-11-07T13:06:22","guid":{"rendered":"https:\/\/teiaeducation.ch\/product\/taktile-zahlen-educo\/"},"modified":"2025-03-24T15:09:27","modified_gmt":"2025-03-24T14:09:27","slug":"taktile-zahlen-educo","status":"publish","type":"product","link":"https:\/\/teiaeducation.ch\/de\/produkt\/taktile-zahlen-educo\/","title":{"rendered":"Taktile Zahlen &#8211; Educo"},"content":{"rendered":"<p>Das Educo Taktile Zahlen Set besteht aus zehn blauen Kunststoffpl\u00e4ttchen mit den Formen der Zahlen Null bis Neun in einem Relief von 5 mm. Jede Zahl ist sowohl in klein als auch in gro\u00df auf den Pl\u00e4ttchen dargestellt. Zu diesem Set geh\u00f6rt auch ein Holzstift.<\/p>\n<p>Das Kind tastet die taktile Zahlen mit dem Zeigefinger oder mit dem Holzstift. Die Formen verf\u00fcgen \u00fcber Pfeile mit kleinen Zahlen, um die richtige Schreibrichtung zu lernen.<\/p>\n<p>Dieses sensorische Sprachmaterial erg\u00e4nzt die Educo <a href=\"https:\/\/teiaeducation.ch\/product\/writing-patterns-educo\/\">Schreibvorlagen<\/a> und ist in Bezug auf die Anwendung im Lehrplan \u00e4hnlich wie Educo <a href=\"https:\/\/teiaeducation.ch\/product\/feel-the-number-educo\/\">taktile Zahlen<\/a> und die Nienhuis Montessori <a href=\"https:\/\/teiaeducation.ch\/product\/sandpaper-numerals-international-version-nienhuis-montessori\/\">Sandpapierzahlen<\/a>. Die Zahlenformen entwickeln fr\u00fche Schreibf\u00e4higkeiten, die Erkennung von Zahlensymbolen sowie die Feinmotorik.<\/p>\n<p>Taktile Zahlen sind f\u00fcr Kinder im Alter von 4-6 Jahren geeignet.<\/p>\n<p>Inhalt:<\/p>\n<p>10 blauen Kunststoffpl\u00e4ttchen<br \/>\n1 Holzstift<br \/>\n1 Aufbewahrungsbox aus Holz (29,5 x 20,5 x 7 cm)<\/p>\n<h2>\u00dcber Educo<\/h2>\n<p>Die niederl\u00e4ndische Marke <a href=\"https:\/\/teiaeducation.ch\/product-category\/brands\/educo\/\">Educo<\/a> steht f\u00fcr eine bunte Welt des spielerischen <a href=\"https:\/\/teiaeducation.ch\/product-category\/learning-themes\/\">Lernens<\/a>, herausfordernde Lernspiele und Spielzeuge! Die hochwertigen und langlebigen Educo Produkte orientieren sich an Alltagssituationen und helfen Babys und Kindern, Spiele mit regul\u00e4ren Themen zu verbinden und den Lernprozess in eine Simulation ihrer nat\u00fcrlichen Umgebung zu verwandeln.<\/p>\n<p>Das Educo-Sortiment ist in drei Entwicklungsbereiche unterteilt: <a href=\"https:\/\/teiaeducation.ch\/product-category\/brands\/educo\/motor-play\/\">Motorik<\/a>, <a href=\"https:\/\/teiaeducation.ch\/product-category\/brands\/educo\/language-play\/\">Sprache<\/a> und <a href=\"https:\/\/teiaeducation.ch\/product-category\/brands\/educo\/mathematical-play\/\">Mathematik<\/a>. Im Jahr 2023 wurde ein umfassendes Sortiment an <a href=\"https:\/\/teiaeducation.ch\/product-category\/brands\/educo\/montessori-toys-range-0-3-years\/\">Montessori Spielzeug<\/a> f\u00fcr Kinder im Alter von 0 bis 3 Jahren eingef\u00fchrt, um das Wachstum und die Entwicklung der Kleinen bestm\u00f6glich zu f\u00f6rdern.<\/p>\n<p>Die aktiven, spielerischen Lernprodukte von Educo sind haupts\u00e4chlich aus Holz gefertigt und bestehen aus nachhaltigen Materialien wie Farben und Lacken auf Wasserbasis. Die <a href=\"https:\/\/teiaeducation.ch\/product-category\/hgh-quality-toys-play\/\">Spielzeuge<\/a> sind so konzipiert, dass sie \u00fcber viele Jahre hinweg robust verwendet werden k\u00f6nnen, spielerisches Lernen f\u00f6rdern und Kinder im Alter von 0-12 Jahren zu Wachstum und Erfolg inspirieren.<\/p>\n<p>Sie erf\u00fcllen die Anforderungen der verschiedenen europ\u00e4ischen und internationalen Sicherheitsvorschriften f\u00fcr Spielzeug und entsprechen der Richtlinie 2009\/48\/EG \u00fcber die Sicherheit von Spielzeug, einschlie\u00dflich EN81 und ASTM.<\/p>\n","protected":false},"excerpt":{"rendered":"<p>Artikelnummer: 1315000<\/p>\n<p>Die Educo taktile Zahlen ist ein sensorisches Sprachmaterial, das die fr\u00fchen Schreibf\u00e4higkeiten, die Erkennung von Zahlensymbolen und die Feinmotorik f\u00f6rdert.<\/p>\n","protected":false},"featured_media":65610,"comment_status":"closed","ping_status":"closed","template":"","meta":[],"product_brand":[],"product_cat":[21445,21524,21671,23651,21479,21599,21509,21530,21537,21481,22182,21559,21609,21443,22362,21531,21494,21495,21557,21562,21678,21482,21564,21540,21547],"product_tag":[26119,27528,26406,30002,26998,26515,23100,23107,30001,30000,27419,27420,26997],"class_list":{"0":"post-65609","1":"product","2":"type-product","3":"status-publish","4":"has-post-thumbnail","6":"product_cat-3-6-jahre-vorschule","7":"product_cat-alphabetisierung-sprache","8":"product_cat-angebot","9":"product_cat-back-to-school-de","10":"product_cat-lernmaterialien-spielzeug-montessori-waldorf-steiner-froebel","11":"product_cat-educo-de","12":"product_cat-lernthemen","13":"product_cat-lesen-lernen","14":"product_cat-mathematik-rechnen","15":"product_cat-montessori-paedagogik-material-spielzeug","16":"product_cat-montessori-spielzeug","17":"product_cat-motorische-fertigkeiten","18":"product_cat-motorisches-spiel","19":"product_cat-nach-alter","20":"product_cat-saisonale-kollektionen","21":"product_cat-schreiben-lernen","22":"product_cat-schulbedarf-fuer-zuhause","23":"product_cat-schulbedarf-fuer-zuhause-3-6-jahre","24":"product_cat-sensorische-motorische-fertigkeiten","25":"product_cat-sinne","26":"product_cat-kinder-spielzeug","27":"product_cat-traditionelle-bildung","28":"product_cat-unsere-marken","29":"product_cat-zaehlen","30":"product_cat-ziffern","31":"product_tag-bildungsprodukte","32":"product_tag-educatif-de","33":"product_tag-educo-de","34":"product_tag-educo-taktile-zahlen","35":"product_tag-fruhe-schreibfahigkeiten","36":"product_tag-lernspielzeug","37":"product_tag-montessori-de","38":"product_tag-montessori-sinnesmaterial-de","39":"product_tag-schreibfahigkeiten","40":"product_tag-schreibmuster","41":"product_tag-sensorische-materialien","42":"product_tag-unterrichtsmaterialien","43":"product_tag-vor-dem-schreiben","45":"first","46":"instock","47":"sale","48":"taxable","49":"shipping-taxable","50":"purchasable","51":"product-type-simple"},"yoast_head":"<!-- This site is optimized with the Yoast SEO Premium plugin v25.8 (Yoast SEO v27.4) - https:\/\/yoast.com\/product\/yoast-seo-premium-wordpress\/ -->\n<title>Taktile Zahlen - Educo - Teia Education &amp; Play<\/title>\n<meta name=\"description\" content=\"Die Educo Taktile Zahlen sind ein sensorisches Sprachmaterial, das fr\u00fche Schreibf\u00e4higkeiten, das Erkennen von Zahlensymbolen und die Feinmotorik f\u00f6rdert.\" \/>\n<meta name=\"robots\" content=\"index, follow, max-snippet:-1, max-image-preview:large, max-video-preview:-1\" \/>\n<link rel=\"canonical\" href=\"https:\/\/teiaeducation.ch\/de\/produkt\/taktile-zahlen-educo\/\" \/>\n<meta property=\"og:locale\" content=\"de_DE\" \/>\n<meta property=\"og:type\" content=\"article\" \/>\n<meta property=\"og:title\" content=\"Taktile Zahlen - Educo\" \/>\n<meta property=\"og:description\" content=\"Die Educo Taktile Zahlen sind ein sensorisches Sprachmaterial, das fr\u00fche Schreibf\u00e4higkeiten, das Erkennen von Zahlensymbolen und die Feinmotorik f\u00f6rdert.\" \/>\n<meta property=\"og:url\" content=\"https:\/\/teiaeducation.ch\/de\/produkt\/taktile-zahlen-educo\/\" \/>\n<meta property=\"og:site_name\" content=\"Sustainable Educational Products &amp; Ecological Toys\u00a0\" \/>\n<meta property=\"article:publisher\" content=\"https:\/\/www.facebook.com\/teiaeducation\/\" \/>\n<meta property=\"article:modified_time\" content=\"2025-03-24T14:09:27+00:00\" \/>\n<meta property=\"og:image\" content=\"https:\/\/teiaeducation.ch\/wp-content\/uploads\/2019\/01\/1315000.jpg\" \/>\n\t<meta property=\"og:image:width\" content=\"900\" \/>\n\t<meta property=\"og:image:height\" content=\"900\" \/>\n\t<meta property=\"og:image:type\" content=\"image\/jpeg\" \/>\n<script type=\"application\/ld+json\" class=\"yoast-schema-graph\">{\"@context\":\"https:\\\/\\\/schema.org\",\"@graph\":[{\"@type\":\"WebPage\",\"@id\":\"https:\\\/\\\/teiaeducation.ch\\\/de\\\/produkt\\\/taktile-zahlen-educo\\\/\",\"url\":\"https:\\\/\\\/teiaeducation.ch\\\/de\\\/produkt\\\/taktile-zahlen-educo\\\/\",\"name\":\"Taktile Zahlen - Educo - Teia Education & Play\",\"isPartOf\":{\"@id\":\"https:\\\/\\\/teiaeducation.ch\\\/de\\\/#website\"},\"primaryImageOfPage\":{\"@id\":\"https:\\\/\\\/teiaeducation.ch\\\/de\\\/produkt\\\/taktile-zahlen-educo\\\/#primaryimage\"},\"image\":{\"@id\":\"https:\\\/\\\/teiaeducation.ch\\\/de\\\/produkt\\\/taktile-zahlen-educo\\\/#primaryimage\"},\"thumbnailUrl\":\"https:\\\/\\\/teiaeducation.ch\\\/wp-content\\\/uploads\\\/2019\\\/01\\\/1315000.jpg\",\"datePublished\":\"2023-11-07T13:06:22+00:00\",\"dateModified\":\"2025-03-24T14:09:27+00:00\",\"description\":\"Die Educo Taktile Zahlen sind ein sensorisches Sprachmaterial, das fr\u00fche Schreibf\u00e4higkeiten, das Erkennen von Zahlensymbolen und die Feinmotorik f\u00f6rdert.\",\"breadcrumb\":{\"@id\":\"https:\\\/\\\/teiaeducation.ch\\\/de\\\/produkt\\\/taktile-zahlen-educo\\\/#breadcrumb\"},\"inLanguage\":\"de-CH\",\"potentialAction\":[{\"@type\":\"ReadAction\",\"target\":[\"https:\\\/\\\/teiaeducation.ch\\\/de\\\/produkt\\\/taktile-zahlen-educo\\\/\"]}]},{\"@type\":\"ImageObject\",\"inLanguage\":\"de-CH\",\"@id\":\"https:\\\/\\\/teiaeducation.ch\\\/de\\\/produkt\\\/taktile-zahlen-educo\\\/#primaryimage\",\"url\":\"https:\\\/\\\/teiaeducation.ch\\\/wp-content\\\/uploads\\\/2019\\\/01\\\/1315000.jpg\",\"contentUrl\":\"https:\\\/\\\/teiaeducation.ch\\\/wp-content\\\/uploads\\\/2019\\\/01\\\/1315000.jpg\",\"width\":900,\"height\":900,\"caption\":\"Taktile Zahlen - Educo\"},{\"@type\":\"BreadcrumbList\",\"@id\":\"https:\\\/\\\/teiaeducation.ch\\\/de\\\/produkt\\\/taktile-zahlen-educo\\\/#breadcrumb\",\"itemListElement\":[{\"@type\":\"ListItem\",\"position\":1,\"name\":\"Home\",\"item\":\"https:\\\/\\\/teiaeducation.ch\\\/de\\\/\"},{\"@type\":\"ListItem\",\"position\":2,\"name\":\"Laden\",\"item\":\"https:\\\/\\\/teiaeducation.ch\\\/de\\\/shop\\\/\"},{\"@type\":\"ListItem\",\"position\":3,\"name\":\"Lernthemen\",\"item\":\"https:\\\/\\\/teiaeducation.ch\\\/de\\\/produkt-kategorie\\\/lernthemen\\\/\"},{\"@type\":\"ListItem\",\"position\":4,\"name\":\"Alphabetisierung &amp; Sprache\",\"item\":\"https:\\\/\\\/teiaeducation.ch\\\/de\\\/produkt-kategorie\\\/lernthemen\\\/alphabetisierung-sprache\\\/\"},{\"@type\":\"ListItem\",\"position\":5,\"name\":\"Lesen Lernen\",\"item\":\"https:\\\/\\\/teiaeducation.ch\\\/de\\\/produkt-kategorie\\\/lernthemen\\\/alphabetisierung-sprache\\\/lesen-lernen\\\/\"},{\"@type\":\"ListItem\",\"position\":6,\"name\":\"Taktile Zahlen &#8211; Educo\"}]},{\"@type\":\"WebSite\",\"@id\":\"https:\\\/\\\/teiaeducation.ch\\\/de\\\/#website\",\"url\":\"https:\\\/\\\/teiaeducation.ch\\\/de\\\/\",\"name\":\"Sustainable Educational Products &amp; Ecological Toys\u00a0\",\"description\":\"Specialised Swiss shop selling sustainable educational toys and games, AMI certified Montessori materials, handmade ecological wooden Waldorf toys and arts &amp; crafts supplies, school supplies, children&#039;s furniture and Montessori reference and parenting books.\",\"publisher\":{\"@id\":\"https:\\\/\\\/teiaeducation.ch\\\/de\\\/#organization\"},\"alternateName\":\"Teia Education & Play\",\"potentialAction\":[{\"@type\":\"SearchAction\",\"target\":{\"@type\":\"EntryPoint\",\"urlTemplate\":\"https:\\\/\\\/teiaeducation.ch\\\/de\\\/?s={search_term_string}\"},\"query-input\":{\"@type\":\"PropertyValueSpecification\",\"valueRequired\":true,\"valueName\":\"search_term_string\"}}],\"inLanguage\":\"de-CH\"},{\"@type\":\"Organization\",\"@id\":\"https:\\\/\\\/teiaeducation.ch\\\/de\\\/#organization\",\"name\":\"Teia Education & Play\",\"url\":\"https:\\\/\\\/teiaeducation.ch\\\/de\\\/\",\"logo\":{\"@type\":\"ImageObject\",\"inLanguage\":\"de-CH\",\"@id\":\"https:\\\/\\\/teiaeducation.ch\\\/de\\\/#\\\/schema\\\/logo\\\/image\\\/\",\"url\":\"https:\\\/\\\/teiaeducation.ch\\\/wp-content\\\/uploads\\\/2020\\\/11\\\/Teia-Education-Switzerland-e1620156442216.jpg\",\"contentUrl\":\"https:\\\/\\\/teiaeducation.ch\\\/wp-content\\\/uploads\\\/2020\\\/11\\\/Teia-Education-Switzerland-e1620156442216.jpg\",\"width\":166,\"height\":145,\"caption\":\"Teia Education & Play\"},\"image\":{\"@id\":\"https:\\\/\\\/teiaeducation.ch\\\/de\\\/#\\\/schema\\\/logo\\\/image\\\/\"},\"sameAs\":[\"https:\\\/\\\/www.facebook.com\\\/teiaeducation\\\/\",\"https:\\\/\\\/x.com\\\/EducationTeia\",\"https:\\\/\\\/www.instagram.com\\\/teia.education\\\/\",\"https:\\\/\\\/www.linkedin.com\\\/company\\\/35501660\",\"https:\\\/\\\/www.pinterest.ch\\\/TeiaEducation\\\/\"]}]}<\/script>\n<meta property=\"product:price:amount\" content=\"58.50\" \/>\n<meta property=\"product:price:currency\" content=\"CHF\" \/>\n<meta property=\"og:availability\" content=\"instock\" \/>\n<meta property=\"product:availability\" content=\"instock\" \/>\n<meta property=\"product:retailer_item_id\" content=\"00000000000000000000000000000000000000000000003340\" \/>\n<meta property=\"product:condition\" content=\"new\" \/>\n<!-- \/ Yoast SEO Premium plugin. -->","yoast_head_json":{"title":"Taktile Zahlen - Educo - Teia Education & Play","description":"Die Educo Taktile Zahlen sind ein sensorisches Sprachmaterial, das fr\u00fche Schreibf\u00e4higkeiten, das Erkennen von Zahlensymbolen und die Feinmotorik f\u00f6rdert.","robots":{"index":"index","follow":"follow","max-snippet":"max-snippet:-1","max-image-preview":"max-image-preview:large","max-video-preview":"max-video-preview:-1"},"canonical":"https:\/\/teiaeducation.ch\/de\/produkt\/taktile-zahlen-educo\/","og_locale":"de_DE","og_type":"article","og_title":"Taktile Zahlen - Educo","og_description":"Die Educo Taktile Zahlen sind ein sensorisches Sprachmaterial, das fr\u00fche Schreibf\u00e4higkeiten, das Erkennen von Zahlensymbolen und die Feinmotorik f\u00f6rdert.","og_url":"https:\/\/teiaeducation.ch\/de\/produkt\/taktile-zahlen-educo\/","og_site_name":"Sustainable Educational Products &amp; Ecological Toys\u00a0","article_publisher":"https:\/\/www.facebook.com\/teiaeducation\/","article_modified_time":"2025-03-24T14:09:27+00:00","og_image":[{"width":900,"height":900,"url":"https:\/\/teiaeducation.ch\/wp-content\/uploads\/2019\/01\/1315000.jpg","type":"image\/jpeg"}],"schema":{"@context":"https:\/\/schema.org","@graph":[{"@type":"WebPage","@id":"https:\/\/teiaeducation.ch\/de\/produkt\/taktile-zahlen-educo\/","url":"https:\/\/teiaeducation.ch\/de\/produkt\/taktile-zahlen-educo\/","name":"Taktile Zahlen - Educo - Teia Education & Play","isPartOf":{"@id":"https:\/\/teiaeducation.ch\/de\/#website"},"primaryImageOfPage":{"@id":"https:\/\/teiaeducation.ch\/de\/produkt\/taktile-zahlen-educo\/#primaryimage"},"image":{"@id":"https:\/\/teiaeducation.ch\/de\/produkt\/taktile-zahlen-educo\/#primaryimage"},"thumbnailUrl":"https:\/\/teiaeducation.ch\/wp-content\/uploads\/2019\/01\/1315000.jpg","datePublished":"2023-11-07T13:06:22+00:00","dateModified":"2025-03-24T14:09:27+00:00","description":"Die Educo Taktile Zahlen sind ein sensorisches Sprachmaterial, das fr\u00fche Schreibf\u00e4higkeiten, das Erkennen von Zahlensymbolen und die Feinmotorik f\u00f6rdert.","breadcrumb":{"@id":"https:\/\/teiaeducation.ch\/de\/produkt\/taktile-zahlen-educo\/#breadcrumb"},"inLanguage":"de-CH","potentialAction":[{"@type":"ReadAction","target":["https:\/\/teiaeducation.ch\/de\/produkt\/taktile-zahlen-educo\/"]}]},{"@type":"ImageObject","inLanguage":"de-CH","@id":"https:\/\/teiaeducation.ch\/de\/produkt\/taktile-zahlen-educo\/#primaryimage","url":"https:\/\/teiaeducation.ch\/wp-content\/uploads\/2019\/01\/1315000.jpg","contentUrl":"https:\/\/teiaeducation.ch\/wp-content\/uploads\/2019\/01\/1315000.jpg","width":900,"height":900,"caption":"Taktile Zahlen - Educo"},{"@type":"BreadcrumbList","@id":"https:\/\/teiaeducation.ch\/de\/produkt\/taktile-zahlen-educo\/#breadcrumb","itemListElement":[{"@type":"ListItem","position":1,"name":"Home","item":"https:\/\/teiaeducation.ch\/de\/"},{"@type":"ListItem","position":2,"name":"Laden","item":"https:\/\/teiaeducation.ch\/de\/shop\/"},{"@type":"ListItem","position":3,"name":"Lernthemen","item":"https:\/\/teiaeducation.ch\/de\/produkt-kategorie\/lernthemen\/"},{"@type":"ListItem","position":4,"name":"Alphabetisierung &amp; Sprache","item":"https:\/\/teiaeducation.ch\/de\/produkt-kategorie\/lernthemen\/alphabetisierung-sprache\/"},{"@type":"ListItem","position":5,"name":"Lesen Lernen","item":"https:\/\/teiaeducation.ch\/de\/produkt-kategorie\/lernthemen\/alphabetisierung-sprache\/lesen-lernen\/"},{"@type":"ListItem","position":6,"name":"Taktile Zahlen &#8211; Educo"}]},{"@type":"WebSite","@id":"https:\/\/teiaeducation.ch\/de\/#website","url":"https:\/\/teiaeducation.ch\/de\/","name":"Sustainable Educational Products &amp; Ecological Toys\u00a0","description":"Specialised Swiss shop selling sustainable educational toys and games, AMI certified Montessori materials, handmade ecological wooden Waldorf toys and arts &amp; crafts supplies, school supplies, children&#039;s furniture and Montessori reference and parenting books.","publisher":{"@id":"https:\/\/teiaeducation.ch\/de\/#organization"},"alternateName":"Teia Education & Play","potentialAction":[{"@type":"SearchAction","target":{"@type":"EntryPoint","urlTemplate":"https:\/\/teiaeducation.ch\/de\/?s={search_term_string}"},"query-input":{"@type":"PropertyValueSpecification","valueRequired":true,"valueName":"search_term_string"}}],"inLanguage":"de-CH"},{"@type":"Organization","@id":"https:\/\/teiaeducation.ch\/de\/#organization","name":"Teia Education & Play","url":"https:\/\/teiaeducation.ch\/de\/","logo":{"@type":"ImageObject","inLanguage":"de-CH","@id":"https:\/\/teiaeducation.ch\/de\/#\/schema\/logo\/image\/","url":"https:\/\/teiaeducation.ch\/wp-content\/uploads\/2020\/11\/Teia-Education-Switzerland-e1620156442216.jpg","contentUrl":"https:\/\/teiaeducation.ch\/wp-content\/uploads\/2020\/11\/Teia-Education-Switzerland-e1620156442216.jpg","width":166,"height":145,"caption":"Teia Education & Play"},"image":{"@id":"https:\/\/teiaeducation.ch\/de\/#\/schema\/logo\/image\/"},"sameAs":["https:\/\/www.facebook.com\/teiaeducation\/","https:\/\/x.com\/EducationTeia","https:\/\/www.instagram.com\/teia.education\/","https:\/\/www.linkedin.com\/company\/35501660","https:\/\/www.pinterest.ch\/TeiaEducation\/"]}]},"product_price_amount":"58.50","product_price_currency":"CHF","og_availability":"instock","product_availability":"instock","product_retailer_item_id":"00000000000000000000000000000000000000000000003340","product_condition":"new"},"_links":{"self":[{"href":"https:\/\/teiaeducation.ch\/de\/wp-json\/wp\/v2\/product\/65609","targetHints":{"allow":["GET"]}}],"collection":[{"href":"https:\/\/teiaeducation.ch\/de\/wp-json\/wp\/v2\/product"}],"about":[{"href":"https:\/\/teiaeducation.ch\/de\/wp-json\/wp\/v2\/types\/product"}],"replies":[{"embeddable":true,"href":"https:\/\/teiaeducation.ch\/de\/wp-json\/wp\/v2\/comments?post=65609"}],"wp:featuredmedia":[{"embeddable":true,"href":"https:\/\/teiaeducation.ch\/de\/wp-json\/wp\/v2\/media\/65610"}],"wp:attachment":[{"href":"https:\/\/teiaeducation.ch\/de\/wp-json\/wp\/v2\/media?parent=65609"}],"wp:term":[{"taxonomy":"product_brand","embeddable":true,"href":"https:\/\/teiaeducation.ch\/de\/wp-json\/wp\/v2\/product_brand?post=65609"},{"taxonomy":"product_cat","embeddable":true,"href":"https:\/\/teiaeducation.ch\/de\/wp-json\/wp\/v2\/product_cat?post=65609"},{"taxonomy":"product_tag","embeddable":true,"href":"https:\/\/teiaeducation.ch\/de\/wp-json\/wp\/v2\/product_tag?post=65609"}],"curies":[{"name":"wp","href":"https:\/\/api.w.org\/{rel}","templated":true}]}}