{"id":65617,"date":"2020-12-20T16:06:38","date_gmt":"2020-12-20T15:06:38","guid":{"rendered":"https:\/\/teiaeducation.ch\/product\/vier-jahreszeiten-puzzle-herbst-educo\/"},"modified":"2025-03-31T12:37:05","modified_gmt":"2025-03-31T10:37:05","slug":"vier-jahreszeiten-puzzle-herbst-educo","status":"publish","type":"product","link":"https:\/\/teiaeducation.ch\/de\/produkt\/vier-jahreszeiten-puzzle-herbst-educo\/","title":{"rendered":"Vier Jahreszeiten Puzzle: Herbst &#8211; Educo"},"content":{"rendered":"<p>Dieses sch\u00f6ne Puzzle aus Holz stellt eine Herbst Szene dar und stammt aus der Educo Vier <a href=\"https:\/\/teiaeducation.ch\/product-category\/curriculum-areas\/culture-science\/seasons-weather\/\">Jahreszeiten <\/a>Puzzle Serie. Das Educo vier Jahreszeiten Herbstpuzzle enth\u00e4lt 49 klobige Holzpuzzleteile und kommt mit einem stabilen Holzrahmen von 40 x 40 cm.<\/p>\n<p>Das Puzzle geh\u00f6rt zu einer Reihe von Puzzles rund um das Thema der vier Jahreszeiten, <a href=\"https:\/\/teiaeducation.ch\/product-category\/seasonal-collections\/spring-collection\/\">Fr\u00fchling<\/a>, <a href=\"https:\/\/teiaeducation.ch\/product-category\/seasonal-collections\/summer-collection\/\">Sommer<\/a>, <a href=\"https:\/\/teiaeducation.ch\/product-category\/seasonal-collections\/autumn-collection\/\">Herbst<\/a> oder <a href=\"https:\/\/teiaeducation.ch\/product-category\/seasonal-collections\/winter-collection\/\">Winter<\/a>, und erm\u00f6glicht es dem Kind, spielerisch zu lernen und den Wechsel der Jahreszeiten und das wechselnde Wetter zu verstehen.<\/p>\n<p>Dieses gro\u00dfe und wundersch\u00f6n illustrierte Themenpuzzle regt zu lebhaften Diskussionen an und f\u00f6rdert das Bewusstsein und ein tieferes Verst\u00e4ndnis f\u00fcr die Herbstsaison. Die gut verarbeiteten und sehr langlebigen Educo Puzzles f\u00f6rdern Kreativit\u00e4t, Vorstellungskraft sowie Sprach- und Lesef\u00e4higkeiten. Wie alle Puzzles aus dem Educo Puzzlespielsortiment regt auch dieses hochwertige Lernpuzzle aus Holz spielerisch das kritische Denken und die Probleml\u00f6setechniken an.<\/p>\n<p>Das Educo Vier Jahreszeiten Holzpuzzle Herbst ist f\u00fcr Kinder ab 4 Jahren geeignet.<\/p>\n<p>Inhalt:<\/p>\n<p>1 Holzpuzzle auf einem Holzrahmen (40 x 40 x 1 cm)<\/p>\n<h2>\u00dcber Educo<\/h2>\n<p>Die niederl\u00e4ndische Marke <a href=\"https:\/\/teiaeducation.ch\/product-category\/brands\/educo\/\">Educo<\/a> steht f\u00fcr eine bunte Welt des spielerischen <a href=\"https:\/\/teiaeducation.ch\/product-category\/learning-themes\/\">Lernens<\/a>, herausfordernde Lernspiele und Spielzeuge! Die hochwertigen und langlebigen Educo Produkte orientieren sich an Alltagssituationen und helfen Babys und Kindern, Spiele mit regul\u00e4ren Themen zu verbinden und den Lernprozess in eine Simulation ihrer nat\u00fcrlichen Umgebung zu verwandeln.<\/p>\n<p>Das Educo-Sortiment ist in drei Entwicklungsbereiche unterteilt: <a href=\"https:\/\/teiaeducation.ch\/product-category\/brands\/educo\/motor-play\/\">Motorik<\/a>, <a href=\"https:\/\/teiaeducation.ch\/product-category\/brands\/educo\/language-play\/\">Sprache<\/a> und <a href=\"https:\/\/teiaeducation.ch\/product-category\/brands\/educo\/mathematical-play\/\">Mathematik<\/a>. Im Jahr 2023 wurde ein umfassendes Sortiment an <a href=\"https:\/\/teiaeducation.ch\/product-category\/brands\/educo\/montessori-toys-range-0-3-years\/\">Montessori Spielzeug<\/a> f\u00fcr Kinder im Alter von 0 bis 3 Jahren eingef\u00fchrt, um das Wachstum und die Entwicklung der Kleinen bestm\u00f6glich zu f\u00f6rdern.<\/p>\n<p>Die aktiven, spielerischen Lernprodukte von Educo sind haupts\u00e4chlich aus Holz gefertigt und bestehen aus nachhaltigen Materialien wie Farben und Lacken auf Wasserbasis. Die <a href=\"https:\/\/teiaeducation.ch\/product-category\/hgh-quality-toys-play\/\">Spielzeuge<\/a> sind so konzipiert, dass sie \u00fcber viele Jahre hinweg robust verwendet werden k\u00f6nnen, spielerisches Lernen f\u00f6rdern und Kinder im Alter von 0-12 Jahren zu Wachstum und Erfolg inspirieren.<\/p>\n<p>Sie erf\u00fcllen die Anforderungen der verschiedenen europ\u00e4ischen und internationalen Sicherheitsvorschriften f\u00fcr Spielzeug und entsprechen der Richtlinie 2009\/48\/EG \u00fcber die Sicherheit von Spielzeug, einschlie\u00dflich EN81 und ASTM.<\/p>\n","protected":false},"excerpt":{"rendered":"<p>Artikelnummer: <span data-sheets-value=\"{\" data-sheets-userformat=\"{\">900000119<\/span><\/p>\n<p>Dieses sch\u00f6ne Educo Puzzle aus Holz stellt eine Herbst Szene dar und erm\u00f6glicht lebhafte Diskussionen und ein tieferes Verst\u00e4ndnis der Jahreszeit!<\/p>\n","protected":false},"featured_media":65618,"comment_status":"closed","ping_status":"closed","template":"","meta":[],"product_brand":[],"product_cat":[21445,21524,21479,21599,21535,21464,21521,21510,21509,21443,21563,21615,22362,21482,21564,21536],"product_tag":[27546,23360,27472,27487,27488,30006,30007,30005],"class_list":{"0":"post-65617","1":"product","2":"type-product","3":"status-publish","4":"has-post-thumbnail","6":"product_cat-3-6-jahre-vorschule","7":"product_cat-alphabetisierung-sprache","8":"product_cat-lernmaterialien-spielzeug-montessori-waldorf-steiner-froebel","9":"product_cat-educo-de","10":"product_cat-geschichtenerzaehlen","11":"product_cat-herbstkollektion","12":"product_cat-jahreszeiten-wetter","13":"product_cat-kultur-wissenschaft","14":"product_cat-lernthemen","15":"product_cat-nach-alter","16":"product_cat-neuheiten","17":"product_cat-puzzle-spiel","18":"product_cat-saisonale-kollektionen","19":"product_cat-traditionelle-bildung","20":"product_cat-unsere-marken","21":"product_cat-wortschatz","22":"product_tag-jahreszeiten-puzzle-sommer","23":"product_tag-lernen-uber-die-jahreszeiten","24":"product_tag-puzzle-spielen","25":"product_tag-puzzlespiele","26":"product_tag-spielen-und-ratsel-losen","27":"product_tag-vier-jahreszeiten-holzpuzzle-herbst-educo","28":"product_tag-vier-jahreszeiten-holzpuzzle-herbst-educo-de","29":"product_tag-vier-jahreszeiten-holzpuzzle-sommer-educo","31":"first","32":"instock","33":"taxable","34":"shipping-taxable","35":"purchasable","36":"product-type-simple"},"yoast_head":"<!-- This site is optimized with the Yoast SEO plugin v27.1.1 - https:\/\/yoast.com\/product\/yoast-seo-wordpress\/ -->\n<title>Vier Jahreszeiten Puzzle aus Holz: Herbst - Educo<\/title>\n<meta name=\"description\" content=\"Dieses sch\u00f6ne Educo Puzzle aus Holz stellt eine Herbst Szene dar und erm\u00f6glicht lebhafte Diskussionen und ein tieferes Verst\u00e4ndnis der Jahreszeit.\" \/>\n<meta name=\"robots\" content=\"index, follow, max-snippet:-1, max-image-preview:large, max-video-preview:-1\" \/>\n<link rel=\"canonical\" href=\"https:\/\/teiaeducation.ch\/de\/produkt\/vier-jahreszeiten-puzzle-herbst-educo\/\" \/>\n<meta property=\"og:locale\" content=\"de_DE\" \/>\n<meta property=\"og:type\" content=\"article\" \/>\n<meta property=\"og:title\" content=\"Vier Jahreszeiten Puzzle aus Holz: Herbst - Educo\" \/>\n<meta property=\"og:description\" content=\"Dieses sch\u00f6ne Educo Puzzle aus Holz stellt eine Herbst Szene dar und erm\u00f6glicht lebhafte Diskussionen und ein tieferes Verst\u00e4ndnis der Jahreszeit.\" \/>\n<meta property=\"og:url\" content=\"https:\/\/teiaeducation.ch\/de\/produkt\/vier-jahreszeiten-puzzle-herbst-educo\/\" \/>\n<meta property=\"og:site_name\" content=\"Sustainable Educational Products &amp; Ecological Toys\u00a0\" \/>\n<meta property=\"article:publisher\" content=\"https:\/\/www.facebook.com\/teiaeducation\/\" \/>\n<meta property=\"article:modified_time\" content=\"2025-03-31T10:37:05+00:00\" \/>\n<meta property=\"og:image\" content=\"https:\/\/teiaeducation.ch\/wp-content\/uploads\/2020\/12\/The-four-seasons-puzzles-Autumn-Educo.jpg\" \/>\n\t<meta property=\"og:image:width\" content=\"933\" \/>\n\t<meta property=\"og:image:height\" content=\"900\" \/>\n\t<meta property=\"og:image:type\" content=\"image\/jpeg\" \/>\n<script type=\"application\/ld+json\" class=\"yoast-schema-graph\">{\"@context\":\"https:\/\/schema.org\",\"@graph\":[{\"@type\":\"WebPage\",\"@id\":\"https:\/\/teiaeducation.ch\/de\/produkt\/vier-jahreszeiten-puzzle-herbst-educo\/\",\"url\":\"https:\/\/teiaeducation.ch\/de\/produkt\/vier-jahreszeiten-puzzle-herbst-educo\/\",\"name\":\"Vier Jahreszeiten Puzzle aus Holz: Herbst - Educo\",\"isPartOf\":{\"@id\":\"https:\/\/teiaeducation.ch\/de\/#website\"},\"primaryImageOfPage\":{\"@id\":\"https:\/\/teiaeducation.ch\/de\/produkt\/vier-jahreszeiten-puzzle-herbst-educo\/#primaryimage\"},\"image\":{\"@id\":\"https:\/\/teiaeducation.ch\/de\/produkt\/vier-jahreszeiten-puzzle-herbst-educo\/#primaryimage\"},\"thumbnailUrl\":\"https:\/\/teiaeducation.ch\/wp-content\/uploads\/2020\/12\/The-four-seasons-puzzles-Autumn-Educo.jpg\",\"datePublished\":\"2020-12-20T15:06:38+00:00\",\"dateModified\":\"2025-03-31T10:37:05+00:00\",\"description\":\"Dieses sch\u00f6ne Educo Puzzle aus Holz stellt eine Herbst Szene dar und erm\u00f6glicht lebhafte Diskussionen und ein tieferes Verst\u00e4ndnis der Jahreszeit.\",\"breadcrumb\":{\"@id\":\"https:\/\/teiaeducation.ch\/de\/produkt\/vier-jahreszeiten-puzzle-herbst-educo\/#breadcrumb\"},\"inLanguage\":\"de-CH\",\"potentialAction\":[{\"@type\":\"ReadAction\",\"target\":[\"https:\/\/teiaeducation.ch\/de\/produkt\/vier-jahreszeiten-puzzle-herbst-educo\/\"]}]},{\"@type\":\"ImageObject\",\"inLanguage\":\"de-CH\",\"@id\":\"https:\/\/teiaeducation.ch\/de\/produkt\/vier-jahreszeiten-puzzle-herbst-educo\/#primaryimage\",\"url\":\"https:\/\/teiaeducation.ch\/wp-content\/uploads\/2020\/12\/The-four-seasons-puzzles-Autumn-Educo.jpg\",\"contentUrl\":\"https:\/\/teiaeducation.ch\/wp-content\/uploads\/2020\/12\/The-four-seasons-puzzles-Autumn-Educo.jpg\",\"width\":933,\"height\":900,\"caption\":\"Vier Jahreszeiten Puzzle aus Holz: Herbst - Educo\"},{\"@type\":\"BreadcrumbList\",\"@id\":\"https:\/\/teiaeducation.ch\/de\/produkt\/vier-jahreszeiten-puzzle-herbst-educo\/#breadcrumb\",\"itemListElement\":[{\"@type\":\"ListItem\",\"position\":1,\"name\":\"Home\",\"item\":\"https:\/\/teiaeducation.ch\/de\/\"},{\"@type\":\"ListItem\",\"position\":2,\"name\":\"Laden\",\"item\":\"https:\/\/teiaeducation.ch\/de\/shop\/\"},{\"@type\":\"ListItem\",\"position\":3,\"name\":\"Lernthemen\",\"item\":\"https:\/\/teiaeducation.ch\/de\/produkt-kategorie\/lernthemen\/\"},{\"@type\":\"ListItem\",\"position\":4,\"name\":\"Alphabetisierung &amp; Sprache\",\"item\":\"https:\/\/teiaeducation.ch\/de\/produkt-kategorie\/lernthemen\/alphabetisierung-sprache\/\"},{\"@type\":\"ListItem\",\"position\":5,\"name\":\"Geschichtenerz\u00e4hlen\",\"item\":\"https:\/\/teiaeducation.ch\/de\/produkt-kategorie\/lernthemen\/alphabetisierung-sprache\/geschichtenerzaehlen\/\"},{\"@type\":\"ListItem\",\"position\":6,\"name\":\"Vier Jahreszeiten Puzzle: Herbst &#8211; Educo\"}]},{\"@type\":\"WebSite\",\"@id\":\"https:\/\/teiaeducation.ch\/de\/#website\",\"url\":\"https:\/\/teiaeducation.ch\/de\/\",\"name\":\"Sustainable Educational Products &amp; Ecological Toys\u00a0\",\"description\":\"Specialised Swiss shop selling sustainable educational toys and games, AMI certified Montessori materials, handmade ecological wooden Waldorf toys and arts &amp; crafts supplies, school supplies, children&#039;s furniture and Montessori reference and parenting books.\",\"publisher\":{\"@id\":\"https:\/\/teiaeducation.ch\/de\/#organization\"},\"alternateName\":\"Teia Education & Play\",\"potentialAction\":[{\"@type\":\"SearchAction\",\"target\":{\"@type\":\"EntryPoint\",\"urlTemplate\":\"https:\/\/teiaeducation.ch\/de\/?s={search_term_string}\"},\"query-input\":{\"@type\":\"PropertyValueSpecification\",\"valueRequired\":true,\"valueName\":\"search_term_string\"}}],\"inLanguage\":\"de-CH\"},{\"@type\":\"Organization\",\"@id\":\"https:\/\/teiaeducation.ch\/de\/#organization\",\"name\":\"Teia Education & Play\",\"url\":\"https:\/\/teiaeducation.ch\/de\/\",\"logo\":{\"@type\":\"ImageObject\",\"inLanguage\":\"de-CH\",\"@id\":\"https:\/\/teiaeducation.ch\/de\/#\/schema\/logo\/image\/\",\"url\":\"https:\/\/teiaeducation.ch\/wp-content\/uploads\/2020\/11\/Teia-Education-Switzerland-e1620156442216.jpg\",\"contentUrl\":\"https:\/\/teiaeducation.ch\/wp-content\/uploads\/2020\/11\/Teia-Education-Switzerland-e1620156442216.jpg\",\"width\":166,\"height\":145,\"caption\":\"Teia Education & Play\"},\"image\":{\"@id\":\"https:\/\/teiaeducation.ch\/de\/#\/schema\/logo\/image\/\"},\"sameAs\":[\"https:\/\/www.facebook.com\/teiaeducation\/\",\"https:\/\/x.com\/EducationTeia\",\"https:\/\/www.instagram.com\/teia.education\/\",\"https:\/\/www.linkedin.com\/company\/35501660\",\"https:\/\/www.pinterest.ch\/TeiaEducation\/\"]}]}<\/script>\n<!-- \/ Yoast SEO plugin. -->","yoast_head_json":{"title":"Vier Jahreszeiten Puzzle aus Holz: Herbst - Educo","description":"Dieses sch\u00f6ne Educo Puzzle aus Holz stellt eine Herbst Szene dar und erm\u00f6glicht lebhafte Diskussionen und ein tieferes Verst\u00e4ndnis der Jahreszeit.","robots":{"index":"index","follow":"follow","max-snippet":"max-snippet:-1","max-image-preview":"max-image-preview:large","max-video-preview":"max-video-preview:-1"},"canonical":"https:\/\/teiaeducation.ch\/de\/produkt\/vier-jahreszeiten-puzzle-herbst-educo\/","og_locale":"de_DE","og_type":"article","og_title":"Vier Jahreszeiten Puzzle aus Holz: Herbst - Educo","og_description":"Dieses sch\u00f6ne Educo Puzzle aus Holz stellt eine Herbst Szene dar und erm\u00f6glicht lebhafte Diskussionen und ein tieferes Verst\u00e4ndnis der Jahreszeit.","og_url":"https:\/\/teiaeducation.ch\/de\/produkt\/vier-jahreszeiten-puzzle-herbst-educo\/","og_site_name":"Sustainable Educational Products &amp; Ecological Toys\u00a0","article_publisher":"https:\/\/www.facebook.com\/teiaeducation\/","article_modified_time":"2025-03-31T10:37:05+00:00","og_image":[{"width":933,"height":900,"url":"https:\/\/teiaeducation.ch\/wp-content\/uploads\/2020\/12\/The-four-seasons-puzzles-Autumn-Educo.jpg","type":"image\/jpeg"}],"schema":{"@context":"https:\/\/schema.org","@graph":[{"@type":"WebPage","@id":"https:\/\/teiaeducation.ch\/de\/produkt\/vier-jahreszeiten-puzzle-herbst-educo\/","url":"https:\/\/teiaeducation.ch\/de\/produkt\/vier-jahreszeiten-puzzle-herbst-educo\/","name":"Vier Jahreszeiten Puzzle aus Holz: Herbst - Educo","isPartOf":{"@id":"https:\/\/teiaeducation.ch\/de\/#website"},"primaryImageOfPage":{"@id":"https:\/\/teiaeducation.ch\/de\/produkt\/vier-jahreszeiten-puzzle-herbst-educo\/#primaryimage"},"image":{"@id":"https:\/\/teiaeducation.ch\/de\/produkt\/vier-jahreszeiten-puzzle-herbst-educo\/#primaryimage"},"thumbnailUrl":"https:\/\/teiaeducation.ch\/wp-content\/uploads\/2020\/12\/The-four-seasons-puzzles-Autumn-Educo.jpg","datePublished":"2020-12-20T15:06:38+00:00","dateModified":"2025-03-31T10:37:05+00:00","description":"Dieses sch\u00f6ne Educo Puzzle aus Holz stellt eine Herbst Szene dar und erm\u00f6glicht lebhafte Diskussionen und ein tieferes Verst\u00e4ndnis der Jahreszeit.","breadcrumb":{"@id":"https:\/\/teiaeducation.ch\/de\/produkt\/vier-jahreszeiten-puzzle-herbst-educo\/#breadcrumb"},"inLanguage":"de-CH","potentialAction":[{"@type":"ReadAction","target":["https:\/\/teiaeducation.ch\/de\/produkt\/vier-jahreszeiten-puzzle-herbst-educo\/"]}]},{"@type":"ImageObject","inLanguage":"de-CH","@id":"https:\/\/teiaeducation.ch\/de\/produkt\/vier-jahreszeiten-puzzle-herbst-educo\/#primaryimage","url":"https:\/\/teiaeducation.ch\/wp-content\/uploads\/2020\/12\/The-four-seasons-puzzles-Autumn-Educo.jpg","contentUrl":"https:\/\/teiaeducation.ch\/wp-content\/uploads\/2020\/12\/The-four-seasons-puzzles-Autumn-Educo.jpg","width":933,"height":900,"caption":"Vier Jahreszeiten Puzzle aus Holz: Herbst - Educo"},{"@type":"BreadcrumbList","@id":"https:\/\/teiaeducation.ch\/de\/produkt\/vier-jahreszeiten-puzzle-herbst-educo\/#breadcrumb","itemListElement":[{"@type":"ListItem","position":1,"name":"Home","item":"https:\/\/teiaeducation.ch\/de\/"},{"@type":"ListItem","position":2,"name":"Laden","item":"https:\/\/teiaeducation.ch\/de\/shop\/"},{"@type":"ListItem","position":3,"name":"Lernthemen","item":"https:\/\/teiaeducation.ch\/de\/produkt-kategorie\/lernthemen\/"},{"@type":"ListItem","position":4,"name":"Alphabetisierung &amp; Sprache","item":"https:\/\/teiaeducation.ch\/de\/produkt-kategorie\/lernthemen\/alphabetisierung-sprache\/"},{"@type":"ListItem","position":5,"name":"Geschichtenerz\u00e4hlen","item":"https:\/\/teiaeducation.ch\/de\/produkt-kategorie\/lernthemen\/alphabetisierung-sprache\/geschichtenerzaehlen\/"},{"@type":"ListItem","position":6,"name":"Vier Jahreszeiten Puzzle: Herbst &#8211; Educo"}]},{"@type":"WebSite","@id":"https:\/\/teiaeducation.ch\/de\/#website","url":"https:\/\/teiaeducation.ch\/de\/","name":"Sustainable Educational Products &amp; Ecological Toys\u00a0","description":"Specialised Swiss shop selling sustainable educational toys and games, AMI certified Montessori materials, handmade ecological wooden Waldorf toys and arts &amp; crafts supplies, school supplies, children&#039;s furniture and Montessori reference and parenting books.","publisher":{"@id":"https:\/\/teiaeducation.ch\/de\/#organization"},"alternateName":"Teia Education & Play","potentialAction":[{"@type":"SearchAction","target":{"@type":"EntryPoint","urlTemplate":"https:\/\/teiaeducation.ch\/de\/?s={search_term_string}"},"query-input":{"@type":"PropertyValueSpecification","valueRequired":true,"valueName":"search_term_string"}}],"inLanguage":"de-CH"},{"@type":"Organization","@id":"https:\/\/teiaeducation.ch\/de\/#organization","name":"Teia Education & Play","url":"https:\/\/teiaeducation.ch\/de\/","logo":{"@type":"ImageObject","inLanguage":"de-CH","@id":"https:\/\/teiaeducation.ch\/de\/#\/schema\/logo\/image\/","url":"https:\/\/teiaeducation.ch\/wp-content\/uploads\/2020\/11\/Teia-Education-Switzerland-e1620156442216.jpg","contentUrl":"https:\/\/teiaeducation.ch\/wp-content\/uploads\/2020\/11\/Teia-Education-Switzerland-e1620156442216.jpg","width":166,"height":145,"caption":"Teia Education & Play"},"image":{"@id":"https:\/\/teiaeducation.ch\/de\/#\/schema\/logo\/image\/"},"sameAs":["https:\/\/www.facebook.com\/teiaeducation\/","https:\/\/x.com\/EducationTeia","https:\/\/www.instagram.com\/teia.education\/","https:\/\/www.linkedin.com\/company\/35501660","https:\/\/www.pinterest.ch\/TeiaEducation\/"]}]}},"_links":{"self":[{"href":"https:\/\/teiaeducation.ch\/de\/wp-json\/wp\/v2\/product\/65617","targetHints":{"allow":["GET"]}}],"collection":[{"href":"https:\/\/teiaeducation.ch\/de\/wp-json\/wp\/v2\/product"}],"about":[{"href":"https:\/\/teiaeducation.ch\/de\/wp-json\/wp\/v2\/types\/product"}],"replies":[{"embeddable":true,"href":"https:\/\/teiaeducation.ch\/de\/wp-json\/wp\/v2\/comments?post=65617"}],"wp:featuredmedia":[{"embeddable":true,"href":"https:\/\/teiaeducation.ch\/de\/wp-json\/wp\/v2\/media\/65618"}],"wp:attachment":[{"href":"https:\/\/teiaeducation.ch\/de\/wp-json\/wp\/v2\/media?parent=65617"}],"wp:term":[{"taxonomy":"product_brand","embeddable":true,"href":"https:\/\/teiaeducation.ch\/de\/wp-json\/wp\/v2\/product_brand?post=65617"},{"taxonomy":"product_cat","embeddable":true,"href":"https:\/\/teiaeducation.ch\/de\/wp-json\/wp\/v2\/product_cat?post=65617"},{"taxonomy":"product_tag","embeddable":true,"href":"https:\/\/teiaeducation.ch\/de\/wp-json\/wp\/v2\/product_tag?post=65617"}],"curies":[{"name":"wp","href":"https:\/\/api.w.org\/{rel}","templated":true}]}}