{"id":65677,"date":"2019-05-27T09:00:09","date_gmt":"2019-05-27T07:00:09","guid":{"rendered":"https:\/\/teiaeducation.ch\/product\/lotto-jahreszeiten-herbst-winter-educo\/"},"modified":"2025-04-07T11:02:47","modified_gmt":"2025-04-07T09:02:47","slug":"lotto-jahreszeiten-herbst-winter-educo","status":"publish","type":"product","link":"https:\/\/teiaeducation.ch\/de\/produkt\/lotto-jahreszeiten-herbst-winter-educo\/","title":{"rendered":"Lotto Jahreszeiten: Herbst\/Winter &#8211; Educo"},"content":{"rendered":"<p>Das Educo Jahreszeiten: Herbst\/Winter Sortierlotto orientiert sich an den Themen der <a href=\"https:\/\/teiaeducation.ch\/de\/produkt-kategorie\/lernthemen\/kultur-wissenschaft\/jahreszeiten-wetter\/\">Jahreszeiten<\/a>. Das Set besteht aus einem Holzrahmen, 2 Themenkarten und 16 Bildkarten aus dickem Kunststoff.  Die Arbeit mit dem Sortierlotto erm\u00f6glicht es den Kindern, <span class=\"tlid-translation translation\"><span class=\"\" title=\"\">die Merkmale der einzelnen Jahreszeiten zu entdecken, ein Gef\u00fchl f\u00fcr die Zeit zu entwickeln und die Welt um sie herum zu erkunden<\/span><\/span>. <\/p>\n<p>Die Bildkarten werden analysiert und einer der beiden Themenkarten zugeordnet, die eine <a href=\"https:\/\/teiaeducation.ch\/de\/produkt-kategorie\/saisonale-kollektionen\/herbstkollektion\/\">Herbst<\/a>szene und eine <a href=\"https:\/\/teiaeducation.ch\/de\/produkt-kategorie\/saisonale-kollektionen\/winter-kollektion\/\">Winter<\/a>szene darstellen. Zu jeder Themenkarte gibt es 8 Bildkarten.<\/p>\n<p>Dieses Sortierlotto eignet sich f\u00fcr die Einzelarbeit oder kann in einer Gruppe pr\u00e4sentiert werden, um die Erkundung verschiedener Szenarien und Gruppendiskussionen dar\u00fcber zu erleichtern, welche Art von Merkmalen bei einem Thema im Vergleich zu einem anderen gefunden werden k\u00f6nnten.<\/p>\n<p>Dieses Material ist f\u00fcr Kinder ab 4 Jahren geeignet.<\/p>\n<p>Inhalt:<\/p>\n<p>2 Plastik-Motivkarten<br \/>\n16 Bildkarten aus Kunststoff<br \/>\n1 Holzrahmen (40 x 28 cm)<\/p>\n<h2>\u00dcber Educo<\/h2>\n<p>Die Niederl\u00e4ndische Marke <a href=\"https:\/\/teiaeducation.ch\/de\/produkt-kategorie\/unsere-marken\/educo-de\/\">Educo<\/a> steht f\u00fcr eine bunte Welt des spielerischen <a href=\"https:\/\/teiaeducation.ch\/de\/produkt-kategorie\/lernthemen\/\">Lernens<\/a>, herausfordernde Lernspiele und Spielzeuge! Die qualitativ hochwertigen und langlebigen Educo-Produkte orientieren sich an allt\u00e4glichen Situationen und helfen Babys und Kindern, Spiele mit normalen Themen zu verbinden und den Lernprozess in eine Simulation ihrer nat\u00fcrlichen Umgebung zu verwandeln. <\/p>\n<p>Das Educo-Sortiment ist in drei Entwicklungsbereiche unterteilt: <a href=\"https:\/\/teiaeducation.ch\/de\/produkt-kategorie\/unsere-marken\/educo-de\/motorisches-spiel\/\">Motorik<\/a>, <a href=\"https:\/\/teiaeducation.ch\/de\/produkt-kategorie\/unsere-marken\/educo-de\/sprachspiel-educo\/\">Sprache<\/a> und <a href=\"https:\/\/teiaeducation.ch\/de\/produkt-kategorie\/unsere-marken\/educo-de\/mathematisches-spiel\/\">Mathematik<\/a>. Im Jahr 2023 wurde eine umfassende Reihe von <a href=\"https:\/\/teiaeducation.ch\/de\/produkt-kategorie\/unsere-marken\/educo-de\/montessori-spielzeug-0-3-jahre\/\">Montessori inspiriertem Spielzeug<\/a> f\u00fcr Kinder im Alter von 0-3 Jahren eingef\u00fchrt, um das Wachstum und die Entwicklung der kleinen Kinder bestm\u00f6glich zu f\u00f6rdern. <\/p>\n<p>Die aktiven, spielerischen Lernprodukte von Educo sind haupts\u00e4chlich aus Holz gefertigt und bestehen aus nachhaltigen Materialien wie Farben und Lacken auf Wasserbasis. Die <a href=\"https:\/\/teiaeducation.ch\/de\/produkt-kategorie\/kinder-spielzeug\/\">Spielzeuge<\/a> sind so konzipiert, dass sie \u00fcber viele Jahre hinweg robust verwendet werden k\u00f6nnen, spielerisches Lernen f\u00f6rdern und Kinder im Alter von 0-12 Jahren zu Wachstum und Erfolg inspirieren. Sie erf\u00fcllen die Anforderungen der verschiedenen europ\u00e4ischen und internationalen Sicherheitsvorschriften f\u00fcr Spielzeug und entsprechen der Richtlinie 2009\/48\/EG \u00fcber die Sicherheit von Spielzeug, einschlie\u00dflich EN81 und ASTM.<\/p>\n","protected":false},"excerpt":{"rendered":"<p>Artikelnummer: E522816<\/p>\n<p>Mit dem Educo-Jahreszeiten: Herbst\/Winter-Sortierlotto k\u00f6nnen die Kinder die Merkmale der einzelnen Jahreszeiten entdecken und ein Gef\u00fchl f\u00fcr die Zeit entwickeln.<\/p>\n","protected":false},"featured_media":65678,"comment_status":"closed","ping_status":"closed","template":"","meta":[],"product_brand":[],"product_cat":[21445,21524,21479,21554,21599,21606,21491,21535,21464,21521,21525,21510,21509,21537,21605,21481,22182,21443,22362,21494,21495,21678,21482,21564,22363,21536],"product_tag":[23360,25730,30015,27511,27573,30013],"class_list":{"0":"post-65677","1":"product","2":"type-product","3":"status-publish","4":"has-post-thumbnail","6":"product_cat-3-6-jahre-vorschule","7":"product_cat-alphabetisierung-sprache","8":"product_cat-lernmaterialien-spielzeug-montessori-waldorf-steiner-froebel","9":"product_cat-die-zeit","10":"product_cat-educo-de","11":"product_cat-geometrie-educo","12":"product_cat-geschenk-guide-lerngeschenke","13":"product_cat-geschichtenerzaehlen","14":"product_cat-herbstkollektion","15":"product_cat-jahreszeiten-wetter","16":"product_cat-klassifizierung","17":"product_cat-kultur-wissenschaft","18":"product_cat-lernthemen","19":"product_cat-mathematik-rechnen","20":"product_cat-mathematisches-spiel","21":"product_cat-montessori-paedagogik-material-spielzeug","22":"product_cat-montessori-spielzeug","23":"product_cat-nach-alter","24":"product_cat-saisonale-kollektionen","25":"product_cat-schulbedarf-fuer-zuhause","26":"product_cat-schulbedarf-fuer-zuhause-3-6-jahre","27":"product_cat-kinder-spielzeug","28":"product_cat-traditionelle-bildung","29":"product_cat-unsere-marken","30":"product_cat-winter-kollektion","31":"product_cat-wortschatz","32":"product_tag-lernen-uber-die-jahreszeiten","33":"product_tag-lernspielzeug-aus-holz-schweiz","34":"product_tag-lernspielzeug-fur-herbst-und-winter","35":"product_tag-mathematisches-spiel","36":"product_tag-messung","37":"product_tag-zeit-und-planung","39":"first","40":"instock","41":"taxable","42":"shipping-taxable","43":"purchasable","44":"product-type-simple"},"yoast_head":"<!-- This site is optimized with the Yoast SEO plugin v27.1.1 - https:\/\/yoast.com\/product\/yoast-seo-wordpress\/ -->\n<title>Lotto Jahreszeiten: Herbst\/Winter - Educo<\/title>\n<meta name=\"description\" content=\"Mit dem Educo-Jahreszeiten: Herbst\/Winter-Sortierlotto k\u00f6nnen die Kinder die Merkmale der einzelnen Jahreszeiten entdecken und ein Gef\u00fchl f\u00fcr die Zeit entwickeln.\" \/>\n<meta name=\"robots\" content=\"index, follow, max-snippet:-1, max-image-preview:large, max-video-preview:-1\" \/>\n<link rel=\"canonical\" href=\"https:\/\/teiaeducation.ch\/de\/produkt\/lotto-jahreszeiten-herbst-winter-educo\/\" \/>\n<meta property=\"og:locale\" content=\"de_DE\" \/>\n<meta property=\"og:type\" content=\"article\" \/>\n<meta property=\"og:title\" content=\"Lotto Jahreszeiten: Herbst\/Winter - Educo\" \/>\n<meta property=\"og:description\" content=\"Mit dem Educo-Jahreszeiten: Herbst\/Winter-Sortierlotto k\u00f6nnen die Kinder die Merkmale der einzelnen Jahreszeiten entdecken und ein Gef\u00fchl f\u00fcr die Zeit entwickeln.\" \/>\n<meta property=\"og:url\" content=\"https:\/\/teiaeducation.ch\/de\/produkt\/lotto-jahreszeiten-herbst-winter-educo\/\" \/>\n<meta property=\"og:site_name\" content=\"Sustainable Educational Products &amp; Ecological Toys\u00a0\" \/>\n<meta property=\"article:publisher\" content=\"https:\/\/www.facebook.com\/teiaeducation\/\" \/>\n<meta property=\"article:modified_time\" content=\"2025-04-07T09:02:47+00:00\" \/>\n<meta property=\"og:image\" content=\"https:\/\/teiaeducation.ch\/wp-content\/uploads\/2019\/05\/Sorting-lotto-seasons-autumnwinter-Educo.jpg\" \/>\n\t<meta property=\"og:image:width\" content=\"900\" \/>\n\t<meta property=\"og:image:height\" content=\"900\" \/>\n\t<meta property=\"og:image:type\" content=\"image\/jpeg\" \/>\n<script type=\"application\/ld+json\" class=\"yoast-schema-graph\">{\"@context\":\"https:\/\/schema.org\",\"@graph\":[{\"@type\":\"WebPage\",\"@id\":\"https:\/\/teiaeducation.ch\/de\/produkt\/lotto-jahreszeiten-herbst-winter-educo\/\",\"url\":\"https:\/\/teiaeducation.ch\/de\/produkt\/lotto-jahreszeiten-herbst-winter-educo\/\",\"name\":\"Lotto Jahreszeiten: Herbst\/Winter - Educo\",\"isPartOf\":{\"@id\":\"https:\/\/teiaeducation.ch\/de\/#website\"},\"primaryImageOfPage\":{\"@id\":\"https:\/\/teiaeducation.ch\/de\/produkt\/lotto-jahreszeiten-herbst-winter-educo\/#primaryimage\"},\"image\":{\"@id\":\"https:\/\/teiaeducation.ch\/de\/produkt\/lotto-jahreszeiten-herbst-winter-educo\/#primaryimage\"},\"thumbnailUrl\":\"https:\/\/teiaeducation.ch\/wp-content\/uploads\/2019\/05\/Sorting-lotto-seasons-autumnwinter-Educo.jpg\",\"datePublished\":\"2019-05-27T07:00:09+00:00\",\"dateModified\":\"2025-04-07T09:02:47+00:00\",\"description\":\"Mit dem Educo-Jahreszeiten: Herbst\/Winter-Sortierlotto k\u00f6nnen die Kinder die Merkmale der einzelnen Jahreszeiten entdecken und ein Gef\u00fchl f\u00fcr die Zeit entwickeln.\",\"breadcrumb\":{\"@id\":\"https:\/\/teiaeducation.ch\/de\/produkt\/lotto-jahreszeiten-herbst-winter-educo\/#breadcrumb\"},\"inLanguage\":\"de-CH\",\"potentialAction\":[{\"@type\":\"ReadAction\",\"target\":[\"https:\/\/teiaeducation.ch\/de\/produkt\/lotto-jahreszeiten-herbst-winter-educo\/\"]}]},{\"@type\":\"ImageObject\",\"inLanguage\":\"de-CH\",\"@id\":\"https:\/\/teiaeducation.ch\/de\/produkt\/lotto-jahreszeiten-herbst-winter-educo\/#primaryimage\",\"url\":\"https:\/\/teiaeducation.ch\/wp-content\/uploads\/2019\/05\/Sorting-lotto-seasons-autumnwinter-Educo.jpg\",\"contentUrl\":\"https:\/\/teiaeducation.ch\/wp-content\/uploads\/2019\/05\/Sorting-lotto-seasons-autumnwinter-Educo.jpg\",\"width\":900,\"height\":900,\"caption\":\"Lotto Jahreszeiten: Herbst\/Winter - Educo\"},{\"@type\":\"BreadcrumbList\",\"@id\":\"https:\/\/teiaeducation.ch\/de\/produkt\/lotto-jahreszeiten-herbst-winter-educo\/#breadcrumb\",\"itemListElement\":[{\"@type\":\"ListItem\",\"position\":1,\"name\":\"Home\",\"item\":\"https:\/\/teiaeducation.ch\/de\/\"},{\"@type\":\"ListItem\",\"position\":2,\"name\":\"Laden\",\"item\":\"https:\/\/teiaeducation.ch\/de\/shop\/\"},{\"@type\":\"ListItem\",\"position\":3,\"name\":\"Lotto Jahreszeiten: Herbst\/Winter &#8211; Educo\"}]},{\"@type\":\"WebSite\",\"@id\":\"https:\/\/teiaeducation.ch\/de\/#website\",\"url\":\"https:\/\/teiaeducation.ch\/de\/\",\"name\":\"Sustainable Educational Products &amp; Ecological Toys\u00a0\",\"description\":\"Specialised Swiss shop selling sustainable educational toys and games, AMI certified Montessori materials, handmade ecological wooden Waldorf toys and arts &amp; crafts supplies, school supplies, children&#039;s furniture and Montessori reference and parenting books.\",\"publisher\":{\"@id\":\"https:\/\/teiaeducation.ch\/de\/#organization\"},\"alternateName\":\"Teia Education & Play\",\"potentialAction\":[{\"@type\":\"SearchAction\",\"target\":{\"@type\":\"EntryPoint\",\"urlTemplate\":\"https:\/\/teiaeducation.ch\/de\/?s={search_term_string}\"},\"query-input\":{\"@type\":\"PropertyValueSpecification\",\"valueRequired\":true,\"valueName\":\"search_term_string\"}}],\"inLanguage\":\"de-CH\"},{\"@type\":\"Organization\",\"@id\":\"https:\/\/teiaeducation.ch\/de\/#organization\",\"name\":\"Teia Education & Play\",\"url\":\"https:\/\/teiaeducation.ch\/de\/\",\"logo\":{\"@type\":\"ImageObject\",\"inLanguage\":\"de-CH\",\"@id\":\"https:\/\/teiaeducation.ch\/de\/#\/schema\/logo\/image\/\",\"url\":\"https:\/\/teiaeducation.ch\/wp-content\/uploads\/2020\/11\/Teia-Education-Switzerland-e1620156442216.jpg\",\"contentUrl\":\"https:\/\/teiaeducation.ch\/wp-content\/uploads\/2020\/11\/Teia-Education-Switzerland-e1620156442216.jpg\",\"width\":166,\"height\":145,\"caption\":\"Teia Education & Play\"},\"image\":{\"@id\":\"https:\/\/teiaeducation.ch\/de\/#\/schema\/logo\/image\/\"},\"sameAs\":[\"https:\/\/www.facebook.com\/teiaeducation\/\",\"https:\/\/x.com\/EducationTeia\",\"https:\/\/www.instagram.com\/teia.education\/\",\"https:\/\/www.linkedin.com\/company\/35501660\",\"https:\/\/www.pinterest.ch\/TeiaEducation\/\"]}]}<\/script>\n<!-- \/ Yoast SEO plugin. -->","yoast_head_json":{"title":"Lotto Jahreszeiten: Herbst\/Winter - Educo","description":"Mit dem Educo-Jahreszeiten: Herbst\/Winter-Sortierlotto k\u00f6nnen die Kinder die Merkmale der einzelnen Jahreszeiten entdecken und ein Gef\u00fchl f\u00fcr die Zeit entwickeln.","robots":{"index":"index","follow":"follow","max-snippet":"max-snippet:-1","max-image-preview":"max-image-preview:large","max-video-preview":"max-video-preview:-1"},"canonical":"https:\/\/teiaeducation.ch\/de\/produkt\/lotto-jahreszeiten-herbst-winter-educo\/","og_locale":"de_DE","og_type":"article","og_title":"Lotto Jahreszeiten: Herbst\/Winter - Educo","og_description":"Mit dem Educo-Jahreszeiten: Herbst\/Winter-Sortierlotto k\u00f6nnen die Kinder die Merkmale der einzelnen Jahreszeiten entdecken und ein Gef\u00fchl f\u00fcr die Zeit entwickeln.","og_url":"https:\/\/teiaeducation.ch\/de\/produkt\/lotto-jahreszeiten-herbst-winter-educo\/","og_site_name":"Sustainable Educational Products &amp; Ecological Toys\u00a0","article_publisher":"https:\/\/www.facebook.com\/teiaeducation\/","article_modified_time":"2025-04-07T09:02:47+00:00","og_image":[{"width":900,"height":900,"url":"https:\/\/teiaeducation.ch\/wp-content\/uploads\/2019\/05\/Sorting-lotto-seasons-autumnwinter-Educo.jpg","type":"image\/jpeg"}],"schema":{"@context":"https:\/\/schema.org","@graph":[{"@type":"WebPage","@id":"https:\/\/teiaeducation.ch\/de\/produkt\/lotto-jahreszeiten-herbst-winter-educo\/","url":"https:\/\/teiaeducation.ch\/de\/produkt\/lotto-jahreszeiten-herbst-winter-educo\/","name":"Lotto Jahreszeiten: Herbst\/Winter - Educo","isPartOf":{"@id":"https:\/\/teiaeducation.ch\/de\/#website"},"primaryImageOfPage":{"@id":"https:\/\/teiaeducation.ch\/de\/produkt\/lotto-jahreszeiten-herbst-winter-educo\/#primaryimage"},"image":{"@id":"https:\/\/teiaeducation.ch\/de\/produkt\/lotto-jahreszeiten-herbst-winter-educo\/#primaryimage"},"thumbnailUrl":"https:\/\/teiaeducation.ch\/wp-content\/uploads\/2019\/05\/Sorting-lotto-seasons-autumnwinter-Educo.jpg","datePublished":"2019-05-27T07:00:09+00:00","dateModified":"2025-04-07T09:02:47+00:00","description":"Mit dem Educo-Jahreszeiten: Herbst\/Winter-Sortierlotto k\u00f6nnen die Kinder die Merkmale der einzelnen Jahreszeiten entdecken und ein Gef\u00fchl f\u00fcr die Zeit entwickeln.","breadcrumb":{"@id":"https:\/\/teiaeducation.ch\/de\/produkt\/lotto-jahreszeiten-herbst-winter-educo\/#breadcrumb"},"inLanguage":"de-CH","potentialAction":[{"@type":"ReadAction","target":["https:\/\/teiaeducation.ch\/de\/produkt\/lotto-jahreszeiten-herbst-winter-educo\/"]}]},{"@type":"ImageObject","inLanguage":"de-CH","@id":"https:\/\/teiaeducation.ch\/de\/produkt\/lotto-jahreszeiten-herbst-winter-educo\/#primaryimage","url":"https:\/\/teiaeducation.ch\/wp-content\/uploads\/2019\/05\/Sorting-lotto-seasons-autumnwinter-Educo.jpg","contentUrl":"https:\/\/teiaeducation.ch\/wp-content\/uploads\/2019\/05\/Sorting-lotto-seasons-autumnwinter-Educo.jpg","width":900,"height":900,"caption":"Lotto Jahreszeiten: Herbst\/Winter - Educo"},{"@type":"BreadcrumbList","@id":"https:\/\/teiaeducation.ch\/de\/produkt\/lotto-jahreszeiten-herbst-winter-educo\/#breadcrumb","itemListElement":[{"@type":"ListItem","position":1,"name":"Home","item":"https:\/\/teiaeducation.ch\/de\/"},{"@type":"ListItem","position":2,"name":"Laden","item":"https:\/\/teiaeducation.ch\/de\/shop\/"},{"@type":"ListItem","position":3,"name":"Lotto Jahreszeiten: Herbst\/Winter &#8211; Educo"}]},{"@type":"WebSite","@id":"https:\/\/teiaeducation.ch\/de\/#website","url":"https:\/\/teiaeducation.ch\/de\/","name":"Sustainable Educational Products &amp; Ecological Toys\u00a0","description":"Specialised Swiss shop selling sustainable educational toys and games, AMI certified Montessori materials, handmade ecological wooden Waldorf toys and arts &amp; crafts supplies, school supplies, children&#039;s furniture and Montessori reference and parenting books.","publisher":{"@id":"https:\/\/teiaeducation.ch\/de\/#organization"},"alternateName":"Teia Education & Play","potentialAction":[{"@type":"SearchAction","target":{"@type":"EntryPoint","urlTemplate":"https:\/\/teiaeducation.ch\/de\/?s={search_term_string}"},"query-input":{"@type":"PropertyValueSpecification","valueRequired":true,"valueName":"search_term_string"}}],"inLanguage":"de-CH"},{"@type":"Organization","@id":"https:\/\/teiaeducation.ch\/de\/#organization","name":"Teia Education & Play","url":"https:\/\/teiaeducation.ch\/de\/","logo":{"@type":"ImageObject","inLanguage":"de-CH","@id":"https:\/\/teiaeducation.ch\/de\/#\/schema\/logo\/image\/","url":"https:\/\/teiaeducation.ch\/wp-content\/uploads\/2020\/11\/Teia-Education-Switzerland-e1620156442216.jpg","contentUrl":"https:\/\/teiaeducation.ch\/wp-content\/uploads\/2020\/11\/Teia-Education-Switzerland-e1620156442216.jpg","width":166,"height":145,"caption":"Teia Education & Play"},"image":{"@id":"https:\/\/teiaeducation.ch\/de\/#\/schema\/logo\/image\/"},"sameAs":["https:\/\/www.facebook.com\/teiaeducation\/","https:\/\/x.com\/EducationTeia","https:\/\/www.instagram.com\/teia.education\/","https:\/\/www.linkedin.com\/company\/35501660","https:\/\/www.pinterest.ch\/TeiaEducation\/"]}]}},"_links":{"self":[{"href":"https:\/\/teiaeducation.ch\/de\/wp-json\/wp\/v2\/product\/65677","targetHints":{"allow":["GET"]}}],"collection":[{"href":"https:\/\/teiaeducation.ch\/de\/wp-json\/wp\/v2\/product"}],"about":[{"href":"https:\/\/teiaeducation.ch\/de\/wp-json\/wp\/v2\/types\/product"}],"replies":[{"embeddable":true,"href":"https:\/\/teiaeducation.ch\/de\/wp-json\/wp\/v2\/comments?post=65677"}],"wp:featuredmedia":[{"embeddable":true,"href":"https:\/\/teiaeducation.ch\/de\/wp-json\/wp\/v2\/media\/65678"}],"wp:attachment":[{"href":"https:\/\/teiaeducation.ch\/de\/wp-json\/wp\/v2\/media?parent=65677"}],"wp:term":[{"taxonomy":"product_brand","embeddable":true,"href":"https:\/\/teiaeducation.ch\/de\/wp-json\/wp\/v2\/product_brand?post=65677"},{"taxonomy":"product_cat","embeddable":true,"href":"https:\/\/teiaeducation.ch\/de\/wp-json\/wp\/v2\/product_cat?post=65677"},{"taxonomy":"product_tag","embeddable":true,"href":"https:\/\/teiaeducation.ch\/de\/wp-json\/wp\/v2\/product_tag?post=65677"}],"curies":[{"name":"wp","href":"https:\/\/api.w.org\/{rel}","templated":true}]}}