{"id":65681,"date":"2019-05-26T12:02:14","date_gmt":"2019-05-26T10:02:14","guid":{"rendered":"https:\/\/teiaeducation.ch\/product\/jahreszeiten-puzzle-1-winter-educo\/"},"modified":"2025-04-07T11:21:10","modified_gmt":"2025-04-07T09:21:10","slug":"jahreszeiten-puzzle-1-winter-educo","status":"publish","type":"product","link":"https:\/\/teiaeducation.ch\/de\/produkt\/jahreszeiten-puzzle-1-winter-educo\/","title":{"rendered":"Jahreszeiten Puzzle 1 Winter \u2013 Educo"},"content":{"rendered":"<p>Dieses farbenfrohe Educo Holzpuzzle mit dem Thema Winter ist Teil der vierteiligen <a href=\"https:\/\/teiaeducation.ch\/de\/produkt-kategorie\/lernthemen\/kultur-wissenschaft\/jahreszeiten-wetter\/\">Jahreszeiten<\/a>-Serie (Fr\u00fchling, Sommer, Herbst und Winter). Das Puzzle erm\u00f6glicht es dem Kind, die Wintersaison zu erkunden.<\/p>\n<p>Das wundersch\u00f6n illustrierte Winterpuzzle ist 34 x 34 Zentimeter gro\u00df und besteht aus 16 stabilen Holzpuzzleteilen, die in eine Buchenholzplatte eingelegt sind. Das Puzzle zeigt eine Winterszene vor einem Haus; die gesamte Serie von vier Puzzles zeigt das gleiche Haus, aber zu verschiedenen Jahreszeiten. <\/p>\n<p>Die Arbeit mit den Educo-Jahreszeitenpuzzles regt zu assoziativen \u00dcbungen an, die sich an realen Sehensw\u00fcrdigkeiten und Aktivit\u00e4ten orientieren. Es erm\u00f6glicht lebhafte Diskussionen, die \u00fcber den Unterricht hinausgehen und das Bewusstsein und das Verst\u00e4ndnis f\u00fcr die verschiedenen Jahreszeiten f\u00f6rdern. Die Jahreszeiten-R\u00e4tsel f\u00f6rdern die Kreativit\u00e4t, die Vorstellungskraft sowie die Sprach- und Lesef\u00e4higkeiten. Wie alle Puzzles aus dem Educo-Puzzlespielsortiment regt auch dieses hochwertige Puzzle spielerisch das kritische Denken und Probleml\u00f6sungstechniken an.<\/p>\n<p>Dieses Puzzle ist f\u00fcr Kinder ab 4 Jahren geeignet.<\/p>\n<p>Inhalt:<\/p>\n<p>1 Holzeinlegebrett (34 x 34 x 1 cm)<br \/>\n16 Holzpuzzleteile aus 4 mm Birkensperrholz<\/p>\n<h2>\u00dcber Educo<\/h2>\n<p>Die Niederl\u00e4ndische Marke <a href=\"https:\/\/teiaeducation.ch\/de\/produkt-kategorie\/unsere-marken\/educo-de\/\">Educo<\/a> steht f\u00fcr eine bunte Welt des spielerischen <a href=\"https:\/\/teiaeducation.ch\/de\/produkt-kategorie\/lernthemen\/\">Lernens<\/a>, herausfordernde Lernspiele und Spielzeuge! Die qualitativ hochwertigen und langlebigen Educo-Produkte orientieren sich an allt\u00e4glichen Situationen und helfen Babys und Kindern, Spiele mit normalen Themen zu verbinden und den Lernprozess in eine Simulation ihrer nat\u00fcrlichen Umgebung zu verwandeln. <\/p>\n<p>Das Educo-Sortiment ist in drei Entwicklungsbereiche unterteilt: <a href=\"https:\/\/teiaeducation.ch\/de\/produkt-kategorie\/unsere-marken\/educo-de\/motorisches-spiel\/\">Motorik<\/a>, <a href=\"https:\/\/teiaeducation.ch\/de\/produkt-kategorie\/unsere-marken\/educo-de\/sprachspiel-educo\/\">Sprache<\/a> und <a href=\"https:\/\/teiaeducation.ch\/de\/produkt-kategorie\/unsere-marken\/educo-de\/mathematisches-spiel\/\">Mathematik<\/a>. Im Jahr 2023 wurde eine umfassende Reihe von <a href=\"https:\/\/teiaeducation.ch\/de\/produkt-kategorie\/unsere-marken\/educo-de\/montessori-spielzeug-0-3-jahre\/\">Montessori inspiriertem Spielzeug<\/a> f\u00fcr Kinder im Alter von 0-3 Jahren eingef\u00fchrt, um das Wachstum und die Entwicklung der kleinen Kinder bestm\u00f6glich zu f\u00f6rdern. <\/p>\n<p>Die aktiven, spielerischen Lernprodukte von Educo sind haupts\u00e4chlich aus Holz gefertigt und bestehen aus nachhaltigen Materialien wie Farben und Lacken auf Wasserbasis. Die <a href=\"https:\/\/teiaeducation.ch\/de\/produkt-kategorie\/kinder-spielzeug\/\">Spielzeuge<\/a> sind so konzipiert, dass sie \u00fcber viele Jahre hinweg robust verwendet werden k\u00f6nnen, spielerisches Lernen f\u00f6rdern und Kinder im Alter von 0-12 Jahren zu Wachstum und Erfolg inspirieren. Sie erf\u00fcllen die Anforderungen der verschiedenen europ\u00e4ischen und internationalen Sicherheitsvorschriften f\u00fcr Spielzeug und entsprechen der Richtlinie 2009\/48\/EG \u00fcber die Sicherheit von Spielzeug, einschlie\u00dflich EN81 und ASTM.<\/p>\n","protected":false},"excerpt":{"rendered":"<p>Artikelnummer: E522858<\/p>\n<p>Dieses sch\u00f6ne Holzpuzzle von Educo zeigt eine winterliche Szene vor einem Haus und regt zu lebhaften Diskussionen an, die das Bewusstsein und das Verst\u00e4ndnis f\u00fcr die Winterzeit f\u00f6rdern.<\/p>\n","protected":false},"featured_media":65682,"comment_status":"closed","ping_status":"closed","template":"","meta":[],"product_brand":[],"product_cat":[21445,21524,21479,21599,21535,21707,21521,21510,21509,21559,21443,21615,22362,21557,21678,21482,21564,22363,21536],"product_tag":[27496,27393,27540,27392,23474,27620,23473,23360,24316,27472,27487,27488,30010],"class_list":{"0":"post-65681","1":"product","2":"type-product","3":"status-publish","4":"has-post-thumbnail","6":"product_cat-3-6-jahre-vorschule","7":"product_cat-alphabetisierung-sprache","8":"product_cat-lernmaterialien-spielzeug-montessori-waldorf-steiner-froebel","9":"product_cat-educo-de","10":"product_cat-geschichtenerzaehlen","11":"product_cat-holzpuzzles","12":"product_cat-jahreszeiten-wetter","13":"product_cat-kultur-wissenschaft","14":"product_cat-lernthemen","15":"product_cat-motorische-fertigkeiten","16":"product_cat-nach-alter","17":"product_cat-puzzle-spiel","18":"product_cat-saisonale-kollektionen","19":"product_cat-sensorische-motorische-fertigkeiten","20":"product_cat-kinder-spielzeug","21":"product_cat-traditionelle-bildung","22":"product_cat-unsere-marken","23":"product_cat-winter-kollektion","24":"product_cat-wortschatz","25":"product_tag-educo-holz-puzzle","26":"product_tag-educo-holzpuzzle","27":"product_tag-educo-puzzlespiel","28":"product_tag-educo-schweiz","29":"product_tag-heutink-international-schweiz","30":"product_tag-jahreszeiten-puzzle-aus-holz","31":"product_tag-lehrmittel-schweiz","32":"product_tag-lernen-uber-die-jahreszeiten","33":"product_tag-lernspielzeug-schweiz","34":"product_tag-puzzle-spielen","35":"product_tag-puzzlespiele","36":"product_tag-spielen-und-ratsel-losen","37":"product_tag-winterpuzzle-aus-holz","39":"first","40":"instock","41":"taxable","42":"shipping-taxable","43":"purchasable","44":"product-type-simple"},"yoast_head":"<!-- This site is optimized with the Yoast SEO Premium plugin v25.8 (Yoast SEO v27.4) - https:\/\/yoast.com\/product\/yoast-seo-premium-wordpress\/ -->\n<title>Jahreszeiten Puzzle 1 Winter \u2013 Educo<\/title>\n<meta name=\"description\" content=\"Dieses sch\u00f6ne Holzpuzzle von Educo stellt eine Winterszene dar und erm\u00f6glicht lebhafte Diskussionen und ein tieferes Verst\u00e4ndnis der Wintersaison.\" \/>\n<meta name=\"robots\" content=\"index, follow, max-snippet:-1, max-image-preview:large, max-video-preview:-1\" \/>\n<link rel=\"canonical\" href=\"https:\/\/teiaeducation.ch\/de\/produkt\/jahreszeiten-puzzle-1-winter-educo\/\" \/>\n<meta property=\"og:locale\" content=\"de_DE\" \/>\n<meta property=\"og:type\" content=\"article\" \/>\n<meta property=\"og:title\" content=\"Jahreszeiten Puzzle 1 Winter \u2013 Educo\" \/>\n<meta property=\"og:description\" content=\"Dieses sch\u00f6ne Holzpuzzle von Educo stellt eine Winterszene dar und erm\u00f6glicht lebhafte Diskussionen und ein tieferes Verst\u00e4ndnis der Wintersaison.\" \/>\n<meta property=\"og:url\" content=\"https:\/\/teiaeducation.ch\/de\/produkt\/jahreszeiten-puzzle-1-winter-educo\/\" \/>\n<meta property=\"og:site_name\" content=\"Sustainable Educational Products &amp; Ecological Toys\u00a0\" \/>\n<meta property=\"article:publisher\" content=\"https:\/\/www.facebook.com\/teiaeducation\/\" \/>\n<meta property=\"article:modified_time\" content=\"2025-04-07T09:21:10+00:00\" \/>\n<meta property=\"og:image\" content=\"https:\/\/teiaeducation.ch\/wp-content\/uploads\/2019\/05\/Seasons-puzzle-1-winter-Educo-scaled-scaled.jpg\" \/>\n\t<meta property=\"og:image:width\" content=\"2048\" \/>\n\t<meta property=\"og:image:height\" content=\"2048\" \/>\n\t<meta property=\"og:image:type\" content=\"image\/jpeg\" \/>\n<script type=\"application\/ld+json\" class=\"yoast-schema-graph\">{\"@context\":\"https:\\\/\\\/schema.org\",\"@graph\":[{\"@type\":\"WebPage\",\"@id\":\"https:\\\/\\\/teiaeducation.ch\\\/de\\\/produkt\\\/jahreszeiten-puzzle-1-winter-educo\\\/\",\"url\":\"https:\\\/\\\/teiaeducation.ch\\\/de\\\/produkt\\\/jahreszeiten-puzzle-1-winter-educo\\\/\",\"name\":\"Jahreszeiten Puzzle 1 Winter \u2013 Educo\",\"isPartOf\":{\"@id\":\"https:\\\/\\\/teiaeducation.ch\\\/de\\\/#website\"},\"primaryImageOfPage\":{\"@id\":\"https:\\\/\\\/teiaeducation.ch\\\/de\\\/produkt\\\/jahreszeiten-puzzle-1-winter-educo\\\/#primaryimage\"},\"image\":{\"@id\":\"https:\\\/\\\/teiaeducation.ch\\\/de\\\/produkt\\\/jahreszeiten-puzzle-1-winter-educo\\\/#primaryimage\"},\"thumbnailUrl\":\"https:\\\/\\\/teiaeducation.ch\\\/wp-content\\\/uploads\\\/2019\\\/05\\\/Seasons-puzzle-1-winter-Educo-scaled-scaled.jpg\",\"datePublished\":\"2019-05-26T10:02:14+00:00\",\"dateModified\":\"2025-04-07T09:21:10+00:00\",\"description\":\"Dieses sch\u00f6ne Holzpuzzle von Educo stellt eine Winterszene dar und erm\u00f6glicht lebhafte Diskussionen und ein tieferes Verst\u00e4ndnis der Wintersaison.\",\"breadcrumb\":{\"@id\":\"https:\\\/\\\/teiaeducation.ch\\\/de\\\/produkt\\\/jahreszeiten-puzzle-1-winter-educo\\\/#breadcrumb\"},\"inLanguage\":\"de-CH\",\"potentialAction\":[{\"@type\":\"ReadAction\",\"target\":[\"https:\\\/\\\/teiaeducation.ch\\\/de\\\/produkt\\\/jahreszeiten-puzzle-1-winter-educo\\\/\"]}]},{\"@type\":\"ImageObject\",\"inLanguage\":\"de-CH\",\"@id\":\"https:\\\/\\\/teiaeducation.ch\\\/de\\\/produkt\\\/jahreszeiten-puzzle-1-winter-educo\\\/#primaryimage\",\"url\":\"https:\\\/\\\/teiaeducation.ch\\\/wp-content\\\/uploads\\\/2019\\\/05\\\/Seasons-puzzle-1-winter-Educo-scaled-scaled.jpg\",\"contentUrl\":\"https:\\\/\\\/teiaeducation.ch\\\/wp-content\\\/uploads\\\/2019\\\/05\\\/Seasons-puzzle-1-winter-Educo-scaled-scaled.jpg\",\"width\":2048,\"height\":2048,\"caption\":\"Jahreszeiten Puzzle 1 Winter \u2013 Educo\"},{\"@type\":\"BreadcrumbList\",\"@id\":\"https:\\\/\\\/teiaeducation.ch\\\/de\\\/produkt\\\/jahreszeiten-puzzle-1-winter-educo\\\/#breadcrumb\",\"itemListElement\":[{\"@type\":\"ListItem\",\"position\":1,\"name\":\"Home\",\"item\":\"https:\\\/\\\/teiaeducation.ch\\\/de\\\/\"},{\"@type\":\"ListItem\",\"position\":2,\"name\":\"Laden\",\"item\":\"https:\\\/\\\/teiaeducation.ch\\\/de\\\/shop\\\/\"},{\"@type\":\"ListItem\",\"position\":3,\"name\":\"Jahreszeiten Puzzle 1 Winter \u2013 Educo\"}]},{\"@type\":\"WebSite\",\"@id\":\"https:\\\/\\\/teiaeducation.ch\\\/de\\\/#website\",\"url\":\"https:\\\/\\\/teiaeducation.ch\\\/de\\\/\",\"name\":\"Sustainable Educational Products &amp; Ecological Toys\u00a0\",\"description\":\"Specialised Swiss shop selling sustainable educational toys and games, AMI certified Montessori materials, handmade ecological wooden Waldorf toys and arts &amp; crafts supplies, school supplies, children&#039;s furniture and Montessori reference and parenting books.\",\"publisher\":{\"@id\":\"https:\\\/\\\/teiaeducation.ch\\\/de\\\/#organization\"},\"alternateName\":\"Teia Education & Play\",\"potentialAction\":[{\"@type\":\"SearchAction\",\"target\":{\"@type\":\"EntryPoint\",\"urlTemplate\":\"https:\\\/\\\/teiaeducation.ch\\\/de\\\/?s={search_term_string}\"},\"query-input\":{\"@type\":\"PropertyValueSpecification\",\"valueRequired\":true,\"valueName\":\"search_term_string\"}}],\"inLanguage\":\"de-CH\"},{\"@type\":\"Organization\",\"@id\":\"https:\\\/\\\/teiaeducation.ch\\\/de\\\/#organization\",\"name\":\"Teia Education & Play\",\"url\":\"https:\\\/\\\/teiaeducation.ch\\\/de\\\/\",\"logo\":{\"@type\":\"ImageObject\",\"inLanguage\":\"de-CH\",\"@id\":\"https:\\\/\\\/teiaeducation.ch\\\/de\\\/#\\\/schema\\\/logo\\\/image\\\/\",\"url\":\"https:\\\/\\\/teiaeducation.ch\\\/wp-content\\\/uploads\\\/2020\\\/11\\\/Teia-Education-Switzerland-e1620156442216.jpg\",\"contentUrl\":\"https:\\\/\\\/teiaeducation.ch\\\/wp-content\\\/uploads\\\/2020\\\/11\\\/Teia-Education-Switzerland-e1620156442216.jpg\",\"width\":166,\"height\":145,\"caption\":\"Teia Education & Play\"},\"image\":{\"@id\":\"https:\\\/\\\/teiaeducation.ch\\\/de\\\/#\\\/schema\\\/logo\\\/image\\\/\"},\"sameAs\":[\"https:\\\/\\\/www.facebook.com\\\/teiaeducation\\\/\",\"https:\\\/\\\/x.com\\\/EducationTeia\",\"https:\\\/\\\/www.instagram.com\\\/teia.education\\\/\",\"https:\\\/\\\/www.linkedin.com\\\/company\\\/35501660\",\"https:\\\/\\\/www.pinterest.ch\\\/TeiaEducation\\\/\"]}]}<\/script>\n<meta property=\"product:price:amount\" content=\"36.90\" \/>\n<meta property=\"product:price:currency\" content=\"CHF\" \/>\n<meta property=\"og:availability\" content=\"instock\" \/>\n<meta property=\"product:availability\" content=\"instock\" \/>\n<meta property=\"product:retailer_item_id\" content=\"00000000000000000000000000000000000000000000018267\" \/>\n<meta property=\"product:condition\" content=\"new\" \/>\n<!-- \/ Yoast SEO Premium plugin. -->","yoast_head_json":{"title":"Jahreszeiten Puzzle 1 Winter \u2013 Educo","description":"Dieses sch\u00f6ne Holzpuzzle von Educo stellt eine Winterszene dar und erm\u00f6glicht lebhafte Diskussionen und ein tieferes Verst\u00e4ndnis der Wintersaison.","robots":{"index":"index","follow":"follow","max-snippet":"max-snippet:-1","max-image-preview":"max-image-preview:large","max-video-preview":"max-video-preview:-1"},"canonical":"https:\/\/teiaeducation.ch\/de\/produkt\/jahreszeiten-puzzle-1-winter-educo\/","og_locale":"de_DE","og_type":"article","og_title":"Jahreszeiten Puzzle 1 Winter \u2013 Educo","og_description":"Dieses sch\u00f6ne Holzpuzzle von Educo stellt eine Winterszene dar und erm\u00f6glicht lebhafte Diskussionen und ein tieferes Verst\u00e4ndnis der Wintersaison.","og_url":"https:\/\/teiaeducation.ch\/de\/produkt\/jahreszeiten-puzzle-1-winter-educo\/","og_site_name":"Sustainable Educational Products &amp; Ecological Toys\u00a0","article_publisher":"https:\/\/www.facebook.com\/teiaeducation\/","article_modified_time":"2025-04-07T09:21:10+00:00","og_image":[{"width":2048,"height":2048,"url":"https:\/\/teiaeducation.ch\/wp-content\/uploads\/2019\/05\/Seasons-puzzle-1-winter-Educo-scaled-scaled.jpg","type":"image\/jpeg"}],"schema":{"@context":"https:\/\/schema.org","@graph":[{"@type":"WebPage","@id":"https:\/\/teiaeducation.ch\/de\/produkt\/jahreszeiten-puzzle-1-winter-educo\/","url":"https:\/\/teiaeducation.ch\/de\/produkt\/jahreszeiten-puzzle-1-winter-educo\/","name":"Jahreszeiten Puzzle 1 Winter \u2013 Educo","isPartOf":{"@id":"https:\/\/teiaeducation.ch\/de\/#website"},"primaryImageOfPage":{"@id":"https:\/\/teiaeducation.ch\/de\/produkt\/jahreszeiten-puzzle-1-winter-educo\/#primaryimage"},"image":{"@id":"https:\/\/teiaeducation.ch\/de\/produkt\/jahreszeiten-puzzle-1-winter-educo\/#primaryimage"},"thumbnailUrl":"https:\/\/teiaeducation.ch\/wp-content\/uploads\/2019\/05\/Seasons-puzzle-1-winter-Educo-scaled-scaled.jpg","datePublished":"2019-05-26T10:02:14+00:00","dateModified":"2025-04-07T09:21:10+00:00","description":"Dieses sch\u00f6ne Holzpuzzle von Educo stellt eine Winterszene dar und erm\u00f6glicht lebhafte Diskussionen und ein tieferes Verst\u00e4ndnis der Wintersaison.","breadcrumb":{"@id":"https:\/\/teiaeducation.ch\/de\/produkt\/jahreszeiten-puzzle-1-winter-educo\/#breadcrumb"},"inLanguage":"de-CH","potentialAction":[{"@type":"ReadAction","target":["https:\/\/teiaeducation.ch\/de\/produkt\/jahreszeiten-puzzle-1-winter-educo\/"]}]},{"@type":"ImageObject","inLanguage":"de-CH","@id":"https:\/\/teiaeducation.ch\/de\/produkt\/jahreszeiten-puzzle-1-winter-educo\/#primaryimage","url":"https:\/\/teiaeducation.ch\/wp-content\/uploads\/2019\/05\/Seasons-puzzle-1-winter-Educo-scaled-scaled.jpg","contentUrl":"https:\/\/teiaeducation.ch\/wp-content\/uploads\/2019\/05\/Seasons-puzzle-1-winter-Educo-scaled-scaled.jpg","width":2048,"height":2048,"caption":"Jahreszeiten Puzzle 1 Winter \u2013 Educo"},{"@type":"BreadcrumbList","@id":"https:\/\/teiaeducation.ch\/de\/produkt\/jahreszeiten-puzzle-1-winter-educo\/#breadcrumb","itemListElement":[{"@type":"ListItem","position":1,"name":"Home","item":"https:\/\/teiaeducation.ch\/de\/"},{"@type":"ListItem","position":2,"name":"Laden","item":"https:\/\/teiaeducation.ch\/de\/shop\/"},{"@type":"ListItem","position":3,"name":"Jahreszeiten Puzzle 1 Winter \u2013 Educo"}]},{"@type":"WebSite","@id":"https:\/\/teiaeducation.ch\/de\/#website","url":"https:\/\/teiaeducation.ch\/de\/","name":"Sustainable Educational Products &amp; Ecological Toys\u00a0","description":"Specialised Swiss shop selling sustainable educational toys and games, AMI certified Montessori materials, handmade ecological wooden Waldorf toys and arts &amp; crafts supplies, school supplies, children&#039;s furniture and Montessori reference and parenting books.","publisher":{"@id":"https:\/\/teiaeducation.ch\/de\/#organization"},"alternateName":"Teia Education & Play","potentialAction":[{"@type":"SearchAction","target":{"@type":"EntryPoint","urlTemplate":"https:\/\/teiaeducation.ch\/de\/?s={search_term_string}"},"query-input":{"@type":"PropertyValueSpecification","valueRequired":true,"valueName":"search_term_string"}}],"inLanguage":"de-CH"},{"@type":"Organization","@id":"https:\/\/teiaeducation.ch\/de\/#organization","name":"Teia Education & Play","url":"https:\/\/teiaeducation.ch\/de\/","logo":{"@type":"ImageObject","inLanguage":"de-CH","@id":"https:\/\/teiaeducation.ch\/de\/#\/schema\/logo\/image\/","url":"https:\/\/teiaeducation.ch\/wp-content\/uploads\/2020\/11\/Teia-Education-Switzerland-e1620156442216.jpg","contentUrl":"https:\/\/teiaeducation.ch\/wp-content\/uploads\/2020\/11\/Teia-Education-Switzerland-e1620156442216.jpg","width":166,"height":145,"caption":"Teia Education & Play"},"image":{"@id":"https:\/\/teiaeducation.ch\/de\/#\/schema\/logo\/image\/"},"sameAs":["https:\/\/www.facebook.com\/teiaeducation\/","https:\/\/x.com\/EducationTeia","https:\/\/www.instagram.com\/teia.education\/","https:\/\/www.linkedin.com\/company\/35501660","https:\/\/www.pinterest.ch\/TeiaEducation\/"]}]},"product_price_amount":"36.90","product_price_currency":"CHF","og_availability":"instock","product_availability":"instock","product_retailer_item_id":"00000000000000000000000000000000000000000000018267","product_condition":"new"},"_links":{"self":[{"href":"https:\/\/teiaeducation.ch\/de\/wp-json\/wp\/v2\/product\/65681","targetHints":{"allow":["GET"]}}],"collection":[{"href":"https:\/\/teiaeducation.ch\/de\/wp-json\/wp\/v2\/product"}],"about":[{"href":"https:\/\/teiaeducation.ch\/de\/wp-json\/wp\/v2\/types\/product"}],"replies":[{"embeddable":true,"href":"https:\/\/teiaeducation.ch\/de\/wp-json\/wp\/v2\/comments?post=65681"}],"wp:featuredmedia":[{"embeddable":true,"href":"https:\/\/teiaeducation.ch\/de\/wp-json\/wp\/v2\/media\/65682"}],"wp:attachment":[{"href":"https:\/\/teiaeducation.ch\/de\/wp-json\/wp\/v2\/media?parent=65681"}],"wp:term":[{"taxonomy":"product_brand","embeddable":true,"href":"https:\/\/teiaeducation.ch\/de\/wp-json\/wp\/v2\/product_brand?post=65681"},{"taxonomy":"product_cat","embeddable":true,"href":"https:\/\/teiaeducation.ch\/de\/wp-json\/wp\/v2\/product_cat?post=65681"},{"taxonomy":"product_tag","embeddable":true,"href":"https:\/\/teiaeducation.ch\/de\/wp-json\/wp\/v2\/product_tag?post=65681"}],"curies":[{"name":"wp","href":"https:\/\/api.w.org\/{rel}","templated":true}]}}