{"id":65799,"date":"2024-10-11T09:45:20","date_gmt":"2024-10-11T07:45:20","guid":{"rendered":"https:\/\/teiaeducation.ch\/product\/wunderkugeln-holzornamente-set-grapat-2024-weihnachtskollektion\/"},"modified":"2025-12-10T10:44:39","modified_gmt":"2025-12-10T09:44:39","slug":"wunderkugeln-holzornamente-set-grapat-2024-weihnachtskollektion","status":"publish","type":"product","link":"https:\/\/teiaeducation.ch\/de\/produkt\/wunderkugeln-holzornamente-set-grapat-2024-weihnachtskollektion\/","title":{"rendered":"Wunderkugeln Holzornamente Set &#8211; Grapat 2024 Weihnachtskollektion"},"content":{"rendered":"<p>Verwandeln Sie Ihr Zuhause in einen magischen Ort mit dem Holzornamente Set 5 mit den Themen Wunderkugeln aus der Grapat 2024 Weihnachtskollektion!<\/p>\n<p>Die Holzornamente von Grapat inspirieren Jung und Alt und schm\u00fccken jeden Raum, jeden Baum, jede Fensterbank oder geben einem Geschenk den letzten Schliff. Sie zeigen uns, wie wichtig es ist, Sch\u00f6nheit um sich zu haben. Mit ihrem strahlenden Charme erinnern sie uns daran, dass auch die kleinsten Dinge eine gro\u00dfe Bedeutung haben k\u00f6nnen.<\/p>\n<p>Wenn wir unser Haus, unsere B\u00e4ume und unsere Zimmer schm\u00fccken, sollten wir uns an die Freude erinnern, die Ornamente uns jedes Mal bringen, wenn wir sie sehen, und jedes Mal, wenn wir mit unseren Lieben in den R\u00e4umen zusammenkommen, die wir lieben.<\/p>\n<p>Die Grapat Holzornamente Kollektion besteht aus f\u00fcnf verschiedenen Boxen, von denen jede einen Funken Magie in unsere Umgebung bringt. Diese zarten Dekorationen, die an ferne Galaxien erinnern, bringen die Sch\u00f6nheit der Natur nahtlos ins Haus und verwandeln jeden Raum.<\/p>\n<p>Ganz gleich, ob Sie sich auf die Weihnachtszeit vorbereiten, eine Party veranstalten oder einfach nur einen Raum versch\u00f6nern wollen, die Grapat-Ornamentboxen sind Ihre Eintrittskarte, um jeden Ort in einen magischen Spielplatz zu verwandeln. Lassen Sie das Dekorieren beginnen!<\/p>\n<p>Wunderkugeln enth\u00e4lt 5 Figuren in Form einer Kugel, die aus massivem Holz bestehen und zwischen 25 und 40 mm hoch sind. Jede Figur ist von Hand bemalt und enth\u00e4lt Faden zum Aufh\u00e4ngen.<\/p>\n<p>Das Grapat Holzornamente Set Wunderkugeln ist f\u00fcr Kinder ab 36 Monaten geeignet.<\/p>\n<h2>\u00dcber Grapat<\/h2>\n<p>Die spanische Marke <a href=\"https:\/\/teiaeducation.ch\/de\/produkt-kategorie\/unsere-marken\/grapat-de\/\">Grapat<\/a>, inspiriert von der <a href=\"https:\/\/teiaeducation.ch\/produktkategorie\/erziehungsmethode\/waldorf-steiner-spielzeug-bastelmaterialen\/\">Waldorfp\u00e4dagogik<\/a>, ist bekannt f\u00fcr ihr wundersch\u00f6nes Holzspielzeug mit offenem Ende, das freies und selbst\u00e4ndiges Spielen f\u00f6rdert. Die Grapat Philosophie basiert auf der Bereitstellung von Spielzeugen, die die Kinder ermutigen zur <a href=\"https:\/\/teiaeducation.ch\/de\/produkt-kategorie\/malen-basteln\/\">Kreativit\u00e4t<\/a> anregen, damit sie ihre eigenen Spiele und <a href=\"https:\/\/teiaeducation.ch\/de\/produkt-kategorie\/kinder-spielzeug\/spiele-mit-offenem-ende\/\">Fantasiewelten<\/a> erfinden k\u00f6nnen.<\/p>\n<p>Alle <a href=\"https:\/\/teiaeducation.ch\/de\/produkt-kategorie\/kinder-spielzeug\/handgefertigtes-holzspielzeug\/\">Holzspielzeuge<\/a> von Grapat werden in verschiedenen Werkst\u00e4tten in Katalonien, Spanien, nach traditionellen Verfahren aus Holz aus nachhaltiger Forstwirtschaft handgefertigt und von Hand mit Farben auf Wasserbasis bemalt.<\/p>\n<p>Grapat Spielzeug ist f\u00fcr Kleinkinder sicher, da es ungiftig ist und die europ\u00e4ischen Sicherheitsvorschriften der Richtlinie EN \/ 71-3: 2014 + A1: 2014 \/ 2013 zur Sicherheit von Spielzeug erf\u00fcllt. Ein gro\u00dfer Teil der Grapat-Spielzeugkollektion tr\u00e4gt das renommierte Spielgut\u00ae-Siegel.<\/p>\n","protected":false},"excerpt":{"rendered":"<p>Artikelnummer: 24-267<\/p>\n<p>Verwandeln Sie Ihr Zuhause in einen magischen Ort mit dem 5 Wunderkugeln Holzornamente Set von der Grapat Weihnachtskollektion!<\/p>\n","protected":false},"featured_media":63938,"comment_status":"open","ping_status":"closed","template":"","meta":[],"product_brand":[],"product_cat":[21445,21446,22033,21479,21465,21484,21636,23075,21705,21443,21563,22351,21678,21564,21483,22919],"product_tag":[30027,30035,26175,30019,30026,30021,30018,30028,30020,29826,29828,29831,29829,23757,30030,30031,30032,30033,30029,30036,30025,30022,30038,30034,30037,22143,30023,30024,23460],"class_list":{"0":"post-65799","1":"product","2":"type-product","3":"status-publish","4":"has-post-thumbnail","6":"product_cat-3-6-jahre-vorschule","7":"product_cat-6-12-jahre-grundschule","8":"product_cat-adventskalender-geschenke-strumpffueller","9":"product_cat-lernmaterialien-spielzeug-montessori-waldorf-steiner-froebel","10":"product_cat-feier-festlichkeiten","11":"product_cat-geschenk-guides","12":"product_cat-grapat-de","13":"product_cat-handgefertigtes-holzspielzeug","14":"product_cat-holzfiguren","15":"product_cat-nach-alter","16":"product_cat-neuheiten","17":"product_cat-rituale-adventszeit","18":"product_cat-kinder-spielzeug","19":"product_cat-unsere-marken","20":"product_cat-waldorf-steiner-paedagogik","21":"product_cat-waldorfspielzeug","22":"product_tag-grapat-glitzernder-nebel","23":"product_tag-grapat-gluhende-lampen-ornamente","24":"product_tag-grapat-limitierte-auflage-de","25":"product_tag-grapat-ornamente-weihnachten","26":"product_tag-grapat-ornamente-weihnachten-glitzern-nebel","27":"product_tag-grapat-ornamente-weihnachten-verschneiter-kumpel","28":"product_tag-grapat-schnee-kumpel","29":"product_tag-grapat-twinkle-mist-ornamente","30":"product_tag-grapat-verschneit-kumpel-ornamente","31":"product_tag-grapat-weihnachten","32":"product_tag-grapat-weihnachten-2024","33":"product_tag-grapat-weihnachten-advent","34":"product_tag-grapat-weihnachten-kollektion","35":"product_tag-grapat-weihnachten-limitierte-auflage","36":"product_tag-grapat-weihnachtsglocken","37":"product_tag-grapat-weihnachtsglocken-ornamente","38":"product_tag-grapat-weihnachtsglocken-ornamente-aus-holz","39":"product_tag-grapat-weihnachtsornamente-gluhende-lampen","40":"product_tag-grapat-weihnachtsornamente-weihnachtsglocken","41":"product_tag-grapat-weihnachtsornamente-wunderkugeln","42":"product_tag-grapat-weihnachtsschmuck-glitzernder-nebel","43":"product_tag-grapat-weihnachtsschmuck-verschneiter-kumpel","44":"product_tag-grapat-wunder-kugeln-ornamente","45":"product_tag-grapat-gluhlampen","46":"product_tag-grapat-wunderkugeln","47":"product_tag-handgefertigtes-holzspielzeug-de","48":"product_tag-waldorf-holzdekoration","49":"product_tag-waldorf-holzdekoration-weihnachten","50":"product_tag-waldorfspielzeug-aus-holz-de","52":"first","53":"instock","54":"taxable","55":"shipping-taxable","56":"purchasable","57":"product-type-simple"},"yoast_head":"<!-- This site is optimized with the Yoast SEO plugin v27.1.1 - https:\/\/yoast.com\/product\/yoast-seo-wordpress\/ -->\n<title>Wunderkugeln Holzornamente Set - Grapat Weihnachtskollektion<\/title>\n<meta name=\"description\" content=\"Verwandeln Sie Ihr Zuhause in einen magischen Ort mit dem 5 Wunderkugeln Holzornamente Set von der Grapat Weihnachtskollektion!\" \/>\n<meta name=\"robots\" content=\"index, follow, max-snippet:-1, max-image-preview:large, max-video-preview:-1\" \/>\n<link rel=\"canonical\" href=\"https:\/\/teiaeducation.ch\/de\/produkt\/wunderkugeln-holzornamente-set-grapat-2024-weihnachtskollektion\/\" \/>\n<meta property=\"og:locale\" content=\"de_DE\" \/>\n<meta property=\"og:type\" content=\"article\" \/>\n<meta property=\"og:title\" content=\"Wunderkugeln Holzornamente Set - Grapat Weihnachtskollektion\" \/>\n<meta property=\"og:description\" content=\"Verwandeln Sie Ihr Zuhause in einen magischen Ort mit dem 5 Wunderkugeln Holzornamente Set von der Grapat Weihnachtskollektion!\" \/>\n<meta property=\"og:url\" content=\"https:\/\/teiaeducation.ch\/de\/produkt\/wunderkugeln-holzornamente-set-grapat-2024-weihnachtskollektion\/\" \/>\n<meta property=\"og:site_name\" content=\"Sustainable Educational Products &amp; Ecological Toys\u00a0\" \/>\n<meta property=\"article:publisher\" content=\"https:\/\/www.facebook.com\/teiaeducation\/\" \/>\n<meta property=\"article:modified_time\" content=\"2025-12-10T09:44:39+00:00\" \/>\n<meta property=\"og:image\" content=\"https:\/\/teiaeducation.ch\/wp-content\/uploads\/2024\/10\/wooden-ornaments-no.-5-wonder-balls-bells-Grapat-2024-Christmas-collection-3.jpg\" \/>\n\t<meta property=\"og:image:width\" content=\"900\" \/>\n\t<meta property=\"og:image:height\" content=\"601\" \/>\n\t<meta property=\"og:image:type\" content=\"image\/jpeg\" \/>\n<script type=\"application\/ld+json\" class=\"yoast-schema-graph\">{\"@context\":\"https:\/\/schema.org\",\"@graph\":[{\"@type\":\"WebPage\",\"@id\":\"https:\/\/teiaeducation.ch\/de\/produkt\/wunderkugeln-holzornamente-set-grapat-2024-weihnachtskollektion\/\",\"url\":\"https:\/\/teiaeducation.ch\/de\/produkt\/wunderkugeln-holzornamente-set-grapat-2024-weihnachtskollektion\/\",\"name\":\"Wunderkugeln Holzornamente Set - Grapat Weihnachtskollektion\",\"isPartOf\":{\"@id\":\"https:\/\/teiaeducation.ch\/de\/#website\"},\"primaryImageOfPage\":{\"@id\":\"https:\/\/teiaeducation.ch\/de\/produkt\/wunderkugeln-holzornamente-set-grapat-2024-weihnachtskollektion\/#primaryimage\"},\"image\":{\"@id\":\"https:\/\/teiaeducation.ch\/de\/produkt\/wunderkugeln-holzornamente-set-grapat-2024-weihnachtskollektion\/#primaryimage\"},\"thumbnailUrl\":\"https:\/\/teiaeducation.ch\/wp-content\/uploads\/2024\/10\/wooden-ornaments-no.-5-wonder-balls-bells-Grapat-2024-Christmas-collection-3.jpg\",\"datePublished\":\"2024-10-11T07:45:20+00:00\",\"dateModified\":\"2025-12-10T09:44:39+00:00\",\"description\":\"Verwandeln Sie Ihr Zuhause in einen magischen Ort mit dem 5 Wunderkugeln Holzornamente Set von der Grapat Weihnachtskollektion!\",\"breadcrumb\":{\"@id\":\"https:\/\/teiaeducation.ch\/de\/produkt\/wunderkugeln-holzornamente-set-grapat-2024-weihnachtskollektion\/#breadcrumb\"},\"inLanguage\":\"de-CH\",\"potentialAction\":[{\"@type\":\"ReadAction\",\"target\":[\"https:\/\/teiaeducation.ch\/de\/produkt\/wunderkugeln-holzornamente-set-grapat-2024-weihnachtskollektion\/\"]}]},{\"@type\":\"ImageObject\",\"inLanguage\":\"de-CH\",\"@id\":\"https:\/\/teiaeducation.ch\/de\/produkt\/wunderkugeln-holzornamente-set-grapat-2024-weihnachtskollektion\/#primaryimage\",\"url\":\"https:\/\/teiaeducation.ch\/wp-content\/uploads\/2024\/10\/wooden-ornaments-no.-5-wonder-balls-bells-Grapat-2024-Christmas-collection-3.jpg\",\"contentUrl\":\"https:\/\/teiaeducation.ch\/wp-content\/uploads\/2024\/10\/wooden-ornaments-no.-5-wonder-balls-bells-Grapat-2024-Christmas-collection-3.jpg\",\"width\":900,\"height\":601,\"caption\":\"Holzornamente Nr. 5 Wunderkugeln Glocken Grapat 2024 Weihnachtskollektion\"},{\"@type\":\"BreadcrumbList\",\"@id\":\"https:\/\/teiaeducation.ch\/de\/produkt\/wunderkugeln-holzornamente-set-grapat-2024-weihnachtskollektion\/#breadcrumb\",\"itemListElement\":[{\"@type\":\"ListItem\",\"position\":1,\"name\":\"Home\",\"item\":\"https:\/\/teiaeducation.ch\/de\/\"},{\"@type\":\"ListItem\",\"position\":2,\"name\":\"Laden\",\"item\":\"https:\/\/teiaeducation.ch\/de\/shop\/\"},{\"@type\":\"ListItem\",\"position\":3,\"name\":\"Spielen\",\"item\":\"https:\/\/teiaeducation.ch\/de\/produkt-kategorie\/kinder-spielzeug\/\"},{\"@type\":\"ListItem\",\"position\":4,\"name\":\"Waldorfspielzeug\",\"item\":\"https:\/\/teiaeducation.ch\/de\/produkt-kategorie\/kinder-spielzeug\/waldorfspielzeug\/\"},{\"@type\":\"ListItem\",\"position\":5,\"name\":\"Wunderkugeln Holzornamente Set &#8211; Grapat 2024 Weihnachtskollektion\"}]},{\"@type\":\"WebSite\",\"@id\":\"https:\/\/teiaeducation.ch\/de\/#website\",\"url\":\"https:\/\/teiaeducation.ch\/de\/\",\"name\":\"Sustainable Educational Products &amp; Ecological Toys\u00a0\",\"description\":\"Specialised Swiss shop selling sustainable educational toys and games, AMI certified Montessori materials, handmade ecological wooden Waldorf toys and arts &amp; crafts supplies, school supplies, children&#039;s furniture and Montessori reference and parenting books.\",\"publisher\":{\"@id\":\"https:\/\/teiaeducation.ch\/de\/#organization\"},\"alternateName\":\"Teia Education & Play\",\"potentialAction\":[{\"@type\":\"SearchAction\",\"target\":{\"@type\":\"EntryPoint\",\"urlTemplate\":\"https:\/\/teiaeducation.ch\/de\/?s={search_term_string}\"},\"query-input\":{\"@type\":\"PropertyValueSpecification\",\"valueRequired\":true,\"valueName\":\"search_term_string\"}}],\"inLanguage\":\"de-CH\"},{\"@type\":\"Organization\",\"@id\":\"https:\/\/teiaeducation.ch\/de\/#organization\",\"name\":\"Teia Education & Play\",\"url\":\"https:\/\/teiaeducation.ch\/de\/\",\"logo\":{\"@type\":\"ImageObject\",\"inLanguage\":\"de-CH\",\"@id\":\"https:\/\/teiaeducation.ch\/de\/#\/schema\/logo\/image\/\",\"url\":\"https:\/\/teiaeducation.ch\/wp-content\/uploads\/2020\/11\/Teia-Education-Switzerland-e1620156442216.jpg\",\"contentUrl\":\"https:\/\/teiaeducation.ch\/wp-content\/uploads\/2020\/11\/Teia-Education-Switzerland-e1620156442216.jpg\",\"width\":166,\"height\":145,\"caption\":\"Teia Education & Play\"},\"image\":{\"@id\":\"https:\/\/teiaeducation.ch\/de\/#\/schema\/logo\/image\/\"},\"sameAs\":[\"https:\/\/www.facebook.com\/teiaeducation\/\",\"https:\/\/x.com\/EducationTeia\",\"https:\/\/www.instagram.com\/teia.education\/\",\"https:\/\/www.linkedin.com\/company\/35501660\",\"https:\/\/www.pinterest.ch\/TeiaEducation\/\"]}]}<\/script>\n<!-- \/ Yoast SEO plugin. -->","yoast_head_json":{"title":"Wunderkugeln Holzornamente Set - Grapat Weihnachtskollektion","description":"Verwandeln Sie Ihr Zuhause in einen magischen Ort mit dem 5 Wunderkugeln Holzornamente Set von der Grapat Weihnachtskollektion!","robots":{"index":"index","follow":"follow","max-snippet":"max-snippet:-1","max-image-preview":"max-image-preview:large","max-video-preview":"max-video-preview:-1"},"canonical":"https:\/\/teiaeducation.ch\/de\/produkt\/wunderkugeln-holzornamente-set-grapat-2024-weihnachtskollektion\/","og_locale":"de_DE","og_type":"article","og_title":"Wunderkugeln Holzornamente Set - Grapat Weihnachtskollektion","og_description":"Verwandeln Sie Ihr Zuhause in einen magischen Ort mit dem 5 Wunderkugeln Holzornamente Set von der Grapat Weihnachtskollektion!","og_url":"https:\/\/teiaeducation.ch\/de\/produkt\/wunderkugeln-holzornamente-set-grapat-2024-weihnachtskollektion\/","og_site_name":"Sustainable Educational Products &amp; Ecological Toys\u00a0","article_publisher":"https:\/\/www.facebook.com\/teiaeducation\/","article_modified_time":"2025-12-10T09:44:39+00:00","og_image":[{"width":900,"height":601,"url":"https:\/\/teiaeducation.ch\/wp-content\/uploads\/2024\/10\/wooden-ornaments-no.-5-wonder-balls-bells-Grapat-2024-Christmas-collection-3.jpg","type":"image\/jpeg"}],"schema":{"@context":"https:\/\/schema.org","@graph":[{"@type":"WebPage","@id":"https:\/\/teiaeducation.ch\/de\/produkt\/wunderkugeln-holzornamente-set-grapat-2024-weihnachtskollektion\/","url":"https:\/\/teiaeducation.ch\/de\/produkt\/wunderkugeln-holzornamente-set-grapat-2024-weihnachtskollektion\/","name":"Wunderkugeln Holzornamente Set - Grapat Weihnachtskollektion","isPartOf":{"@id":"https:\/\/teiaeducation.ch\/de\/#website"},"primaryImageOfPage":{"@id":"https:\/\/teiaeducation.ch\/de\/produkt\/wunderkugeln-holzornamente-set-grapat-2024-weihnachtskollektion\/#primaryimage"},"image":{"@id":"https:\/\/teiaeducation.ch\/de\/produkt\/wunderkugeln-holzornamente-set-grapat-2024-weihnachtskollektion\/#primaryimage"},"thumbnailUrl":"https:\/\/teiaeducation.ch\/wp-content\/uploads\/2024\/10\/wooden-ornaments-no.-5-wonder-balls-bells-Grapat-2024-Christmas-collection-3.jpg","datePublished":"2024-10-11T07:45:20+00:00","dateModified":"2025-12-10T09:44:39+00:00","description":"Verwandeln Sie Ihr Zuhause in einen magischen Ort mit dem 5 Wunderkugeln Holzornamente Set von der Grapat Weihnachtskollektion!","breadcrumb":{"@id":"https:\/\/teiaeducation.ch\/de\/produkt\/wunderkugeln-holzornamente-set-grapat-2024-weihnachtskollektion\/#breadcrumb"},"inLanguage":"de-CH","potentialAction":[{"@type":"ReadAction","target":["https:\/\/teiaeducation.ch\/de\/produkt\/wunderkugeln-holzornamente-set-grapat-2024-weihnachtskollektion\/"]}]},{"@type":"ImageObject","inLanguage":"de-CH","@id":"https:\/\/teiaeducation.ch\/de\/produkt\/wunderkugeln-holzornamente-set-grapat-2024-weihnachtskollektion\/#primaryimage","url":"https:\/\/teiaeducation.ch\/wp-content\/uploads\/2024\/10\/wooden-ornaments-no.-5-wonder-balls-bells-Grapat-2024-Christmas-collection-3.jpg","contentUrl":"https:\/\/teiaeducation.ch\/wp-content\/uploads\/2024\/10\/wooden-ornaments-no.-5-wonder-balls-bells-Grapat-2024-Christmas-collection-3.jpg","width":900,"height":601,"caption":"Holzornamente Nr. 5 Wunderkugeln Glocken Grapat 2024 Weihnachtskollektion"},{"@type":"BreadcrumbList","@id":"https:\/\/teiaeducation.ch\/de\/produkt\/wunderkugeln-holzornamente-set-grapat-2024-weihnachtskollektion\/#breadcrumb","itemListElement":[{"@type":"ListItem","position":1,"name":"Home","item":"https:\/\/teiaeducation.ch\/de\/"},{"@type":"ListItem","position":2,"name":"Laden","item":"https:\/\/teiaeducation.ch\/de\/shop\/"},{"@type":"ListItem","position":3,"name":"Spielen","item":"https:\/\/teiaeducation.ch\/de\/produkt-kategorie\/kinder-spielzeug\/"},{"@type":"ListItem","position":4,"name":"Waldorfspielzeug","item":"https:\/\/teiaeducation.ch\/de\/produkt-kategorie\/kinder-spielzeug\/waldorfspielzeug\/"},{"@type":"ListItem","position":5,"name":"Wunderkugeln Holzornamente Set &#8211; Grapat 2024 Weihnachtskollektion"}]},{"@type":"WebSite","@id":"https:\/\/teiaeducation.ch\/de\/#website","url":"https:\/\/teiaeducation.ch\/de\/","name":"Sustainable Educational Products &amp; Ecological Toys\u00a0","description":"Specialised Swiss shop selling sustainable educational toys and games, AMI certified Montessori materials, handmade ecological wooden Waldorf toys and arts &amp; crafts supplies, school supplies, children&#039;s furniture and Montessori reference and parenting books.","publisher":{"@id":"https:\/\/teiaeducation.ch\/de\/#organization"},"alternateName":"Teia Education & Play","potentialAction":[{"@type":"SearchAction","target":{"@type":"EntryPoint","urlTemplate":"https:\/\/teiaeducation.ch\/de\/?s={search_term_string}"},"query-input":{"@type":"PropertyValueSpecification","valueRequired":true,"valueName":"search_term_string"}}],"inLanguage":"de-CH"},{"@type":"Organization","@id":"https:\/\/teiaeducation.ch\/de\/#organization","name":"Teia Education & Play","url":"https:\/\/teiaeducation.ch\/de\/","logo":{"@type":"ImageObject","inLanguage":"de-CH","@id":"https:\/\/teiaeducation.ch\/de\/#\/schema\/logo\/image\/","url":"https:\/\/teiaeducation.ch\/wp-content\/uploads\/2020\/11\/Teia-Education-Switzerland-e1620156442216.jpg","contentUrl":"https:\/\/teiaeducation.ch\/wp-content\/uploads\/2020\/11\/Teia-Education-Switzerland-e1620156442216.jpg","width":166,"height":145,"caption":"Teia Education & Play"},"image":{"@id":"https:\/\/teiaeducation.ch\/de\/#\/schema\/logo\/image\/"},"sameAs":["https:\/\/www.facebook.com\/teiaeducation\/","https:\/\/x.com\/EducationTeia","https:\/\/www.instagram.com\/teia.education\/","https:\/\/www.linkedin.com\/company\/35501660","https:\/\/www.pinterest.ch\/TeiaEducation\/"]}]}},"_links":{"self":[{"href":"https:\/\/teiaeducation.ch\/de\/wp-json\/wp\/v2\/product\/65799","targetHints":{"allow":["GET"]}}],"collection":[{"href":"https:\/\/teiaeducation.ch\/de\/wp-json\/wp\/v2\/product"}],"about":[{"href":"https:\/\/teiaeducation.ch\/de\/wp-json\/wp\/v2\/types\/product"}],"replies":[{"embeddable":true,"href":"https:\/\/teiaeducation.ch\/de\/wp-json\/wp\/v2\/comments?post=65799"}],"wp:featuredmedia":[{"embeddable":true,"href":"https:\/\/teiaeducation.ch\/de\/wp-json\/wp\/v2\/media\/63938"}],"wp:attachment":[{"href":"https:\/\/teiaeducation.ch\/de\/wp-json\/wp\/v2\/media?parent=65799"}],"wp:term":[{"taxonomy":"product_brand","embeddable":true,"href":"https:\/\/teiaeducation.ch\/de\/wp-json\/wp\/v2\/product_brand?post=65799"},{"taxonomy":"product_cat","embeddable":true,"href":"https:\/\/teiaeducation.ch\/de\/wp-json\/wp\/v2\/product_cat?post=65799"},{"taxonomy":"product_tag","embeddable":true,"href":"https:\/\/teiaeducation.ch\/de\/wp-json\/wp\/v2\/product_tag?post=65799"}],"curies":[{"name":"wp","href":"https:\/\/api.w.org\/{rel}","templated":true}]}}