{"id":65805,"date":"2024-10-10T14:03:10","date_gmt":"2024-10-10T12:03:10","guid":{"rendered":"https:\/\/teiaeducation.ch\/product\/schnee-freund-holzornamente-set-grapat-2024-weihnachtskollektion\/"},"modified":"2025-12-10T10:50:36","modified_gmt":"2025-12-10T09:50:36","slug":"schnee-freund-holzornamente-set-grapat-2024-weihnachtskollektion","status":"publish","type":"product","link":"https:\/\/teiaeducation.ch\/de\/produkt\/schnee-freund-holzornamente-set-grapat-2024-weihnachtskollektion\/","title":{"rendered":"Schnee Freund Holzornamente Set &#8211; Grapat 2024 Weihnachtskollektion"},"content":{"rendered":"<p>Verwandeln Sie Ihr Zuhause in einen magischen Ort mit dem Holzornamente Set 1 mit dem Thema Schnee Freund aus der Grapat 2024 Weihnachtskollektion!<\/p>\n<p>Die Grapat-Ornamente inspirieren Jung und Alt und schm\u00fccken jeden Raum, jeden Baum, jede Fensterbank oder geben einem Geschenk den letzten Schliff. Sie zeigen uns, wie wichtig es ist, Sch\u00f6nheit um sich zu haben. Mit ihrem strahlenden Charme erinnern sie uns daran, dass auch die kleinsten Dinge eine gro\u00dfe Bedeutung haben k\u00f6nnen.<\/p>\n<p>Wenn wir unser Haus, unsere B\u00e4ume und unsere Zimmer schm\u00fccken, sollten wir uns an die Freude erinnern, die Ornamente uns jedes Mal bringen, wenn wir sie sehen, und jedes Mal, wenn wir mit unseren Lieben in den R\u00e4umen zusammenkommen, die wir lieben.<\/p>\n<p>Die Ornamente-Kollektion besteht aus f\u00fcnf verschiedenen Boxen, von denen jede einen Funken Magie in unsere Umgebung bringt. Diese zarten Dekorationen, die an ferne Galaxien erinnern, bringen die Sch\u00f6nheit der Natur nahtlos ins Haus und verwandeln jeden Raum.<\/p>\n<p>Ganz gleich, ob Sie sich auf die Weihnachtszeit vorbereiten, eine Party veranstalten oder einfach nur einen Raum versch\u00f6nern wollen, die Grapat-Ornamentboxen sind Ihre Eintrittskarte, um jeden Ort in einen magischen Spielplatz zu verwandeln. Lassen Sie das Dekorieren beginnen!<\/p>\n<p>Schnee Freund enth\u00e4lt 3 Figuren mit s\u00fc\u00dfen Gesichtern, die jeweils aus 3 massiven Holzkugeln von 18mm \u00f8 bis 25mm \u00f8 bestehen. Jede Figur ist von Hand bemalt und wird mit Faden zum Aufh\u00e4ngen geliefert.<\/p>\n<p>Das Grapat Schnee Freund Holzornamente Set ist f\u00fcr Kinder ab 36 Monaten geeignet.<\/p>\n<h2>\u00dcber Grapat<\/h2>\n<p>Die spanische Marke <a href=\"https:\/\/teiaeducation.ch\/de\/produkt-kategorie\/unsere-marken\/grapat-de\/\">Grapat<\/a>, inspiriert von der <a href=\"https:\/\/teiaeducation.ch\/produktkategorie\/erziehungsmethode\/waldorf-steiner-spielzeug-bastelmaterialen\/\">Waldorfp\u00e4dagogik<\/a>, ist bekannt f\u00fcr ihr wundersch\u00f6nes Holzspielzeug mit offenem Ende, das freies und selbst\u00e4ndiges Spielen f\u00f6rdert. Die Grapat Philosophie basiert auf der Bereitstellung von Spielzeugen, die die Kinder ermutigen zur <a href=\"https:\/\/teiaeducation.ch\/de\/produkt-kategorie\/malen-basteln\/\">Kreativit\u00e4t<\/a> anregen, damit sie ihre eigenen Spiele und <a href=\"https:\/\/teiaeducation.ch\/de\/produkt-kategorie\/kinder-spielzeug\/spiele-mit-offenem-ende\/\">Fantasiewelten<\/a> erfinden k\u00f6nnen.<\/p>\n<p>Alle <a href=\"https:\/\/teiaeducation.ch\/de\/produkt-kategorie\/kinder-spielzeug\/handgefertigtes-holzspielzeug\/\">Holzspielzeuge<\/a> von Grapat werden in verschiedenen Werkst\u00e4tten in Katalonien, Spanien, nach traditionellen Verfahren aus Holz aus nachhaltiger Forstwirtschaft handgefertigt und von Hand mit Farben auf Wasserbasis bemalt.<\/p>\n<p>Grapat Spielzeug ist f\u00fcr Kleinkinder sicher, da es ungiftig ist und die europ\u00e4ischen Sicherheitsvorschriften der Richtlinie EN \/ 71-3: 2014 + A1: 2014 \/ 2013 zur Sicherheit von Spielzeug erf\u00fcllt. Ein gro\u00dfer Teil der Grapat-Spielzeugkollektion tr\u00e4gt das renommierte Spielgut\u00ae-Siegel.<\/p>\n","protected":false},"excerpt":{"rendered":"<p>Artikelnummer: 24-263<\/p>\n<p>Verwandeln Sie Ihr Zuhause in einen magischen Ort mit dem Holzornamente Set 1 mit dem Thema Schnee Freund aus der Grapat 2024 Weihnachtskollektion!<\/p>\n","protected":false},"featured_media":63872,"comment_status":"open","ping_status":"closed","template":"","meta":[],"product_brand":[],"product_cat":[21445,21446,22033,21479,21465,21484,21636,23075,21705,21443,21563,22351,21678,21564,21483,22919],"product_tag":[30019,30021,30018,30020,30022],"class_list":{"0":"post-65805","1":"product","2":"type-product","3":"status-publish","4":"has-post-thumbnail","6":"product_cat-3-6-jahre-vorschule","7":"product_cat-6-12-jahre-grundschule","8":"product_cat-adventskalender-geschenke-strumpffueller","9":"product_cat-lernmaterialien-spielzeug-montessori-waldorf-steiner-froebel","10":"product_cat-feier-festlichkeiten","11":"product_cat-geschenk-guides","12":"product_cat-grapat-de","13":"product_cat-handgefertigtes-holzspielzeug","14":"product_cat-holzfiguren","15":"product_cat-nach-alter","16":"product_cat-neuheiten","17":"product_cat-rituale-adventszeit","18":"product_cat-kinder-spielzeug","19":"product_cat-unsere-marken","20":"product_cat-waldorf-steiner-paedagogik","21":"product_cat-waldorfspielzeug","22":"product_tag-grapat-ornamente-weihnachten","23":"product_tag-grapat-ornamente-weihnachten-verschneiter-kumpel","24":"product_tag-grapat-schnee-kumpel","25":"product_tag-grapat-verschneit-kumpel-ornamente","26":"product_tag-grapat-weihnachtsschmuck-verschneiter-kumpel","28":"first","29":"instock","30":"taxable","31":"shipping-taxable","32":"purchasable","33":"product-type-simple"},"yoast_head":"<!-- This site is optimized with the Yoast SEO plugin v27.1.1 - https:\/\/yoast.com\/product\/yoast-seo-wordpress\/ -->\n<title>Schnee Freund Holzornamente Set - Grapat 2024 Weihnachtskollektion<\/title>\n<meta name=\"description\" content=\"Verwandeln Sie Ihr Zuhause in einen magischen Ort mit dem Holzornamente Set 1 mit dem Thema Schnee Freund aus der Grapat 2024 Weihnachtskollektion!\" \/>\n<meta name=\"robots\" content=\"index, follow, max-snippet:-1, max-image-preview:large, max-video-preview:-1\" \/>\n<link rel=\"canonical\" href=\"https:\/\/teiaeducation.ch\/de\/produkt\/schnee-freund-holzornamente-set-grapat-2024-weihnachtskollektion\/\" \/>\n<meta property=\"og:locale\" content=\"de_DE\" \/>\n<meta property=\"og:type\" content=\"article\" \/>\n<meta property=\"og:title\" content=\"Schnee Freund Holzornamente Set - Grapat 2024 Weihnachtskollektion\" \/>\n<meta property=\"og:description\" content=\"Verwandeln Sie Ihr Zuhause in einen magischen Ort mit dem Holzornamente Set 1 mit dem Thema Schnee Freund aus der Grapat 2024 Weihnachtskollektion!\" \/>\n<meta property=\"og:url\" content=\"https:\/\/teiaeducation.ch\/de\/produkt\/schnee-freund-holzornamente-set-grapat-2024-weihnachtskollektion\/\" \/>\n<meta property=\"og:site_name\" content=\"Sustainable Educational Products &amp; Ecological Toys\u00a0\" \/>\n<meta property=\"article:publisher\" content=\"https:\/\/www.facebook.com\/teiaeducation\/\" \/>\n<meta property=\"article:modified_time\" content=\"2025-12-10T09:50:36+00:00\" \/>\n<meta property=\"og:image\" content=\"https:\/\/teiaeducation.ch\/wp-content\/uploads\/2024\/10\/Ornaments-no.-1-snowy-buddy-Grapat-2024-Christmas-collection--scaled.jpg\" \/>\n\t<meta property=\"og:image:width\" content=\"2048\" \/>\n\t<meta property=\"og:image:height\" content=\"1367\" \/>\n\t<meta property=\"og:image:type\" content=\"image\/jpeg\" \/>\n<script type=\"application\/ld+json\" class=\"yoast-schema-graph\">{\"@context\":\"https:\/\/schema.org\",\"@graph\":[{\"@type\":\"WebPage\",\"@id\":\"https:\/\/teiaeducation.ch\/de\/produkt\/schnee-freund-holzornamente-set-grapat-2024-weihnachtskollektion\/\",\"url\":\"https:\/\/teiaeducation.ch\/de\/produkt\/schnee-freund-holzornamente-set-grapat-2024-weihnachtskollektion\/\",\"name\":\"Schnee Freund Holzornamente Set - Grapat 2024 Weihnachtskollektion\",\"isPartOf\":{\"@id\":\"https:\/\/teiaeducation.ch\/de\/#website\"},\"primaryImageOfPage\":{\"@id\":\"https:\/\/teiaeducation.ch\/de\/produkt\/schnee-freund-holzornamente-set-grapat-2024-weihnachtskollektion\/#primaryimage\"},\"image\":{\"@id\":\"https:\/\/teiaeducation.ch\/de\/produkt\/schnee-freund-holzornamente-set-grapat-2024-weihnachtskollektion\/#primaryimage\"},\"thumbnailUrl\":\"https:\/\/teiaeducation.ch\/wp-content\/uploads\/2024\/10\/Ornaments-no.-1-snowy-buddy-Grapat-2024-Christmas-collection--scaled.jpg\",\"datePublished\":\"2024-10-10T12:03:10+00:00\",\"dateModified\":\"2025-12-10T09:50:36+00:00\",\"description\":\"Verwandeln Sie Ihr Zuhause in einen magischen Ort mit dem Holzornamente Set 1 mit dem Thema Schnee Freund aus der Grapat 2024 Weihnachtskollektion!\",\"breadcrumb\":{\"@id\":\"https:\/\/teiaeducation.ch\/de\/produkt\/schnee-freund-holzornamente-set-grapat-2024-weihnachtskollektion\/#breadcrumb\"},\"inLanguage\":\"de-CH\",\"potentialAction\":[{\"@type\":\"ReadAction\",\"target\":[\"https:\/\/teiaeducation.ch\/de\/produkt\/schnee-freund-holzornamente-set-grapat-2024-weihnachtskollektion\/\"]}]},{\"@type\":\"ImageObject\",\"inLanguage\":\"de-CH\",\"@id\":\"https:\/\/teiaeducation.ch\/de\/produkt\/schnee-freund-holzornamente-set-grapat-2024-weihnachtskollektion\/#primaryimage\",\"url\":\"https:\/\/teiaeducation.ch\/wp-content\/uploads\/2024\/10\/Ornaments-no.-1-snowy-buddy-Grapat-2024-Christmas-collection--scaled.jpg\",\"contentUrl\":\"https:\/\/teiaeducation.ch\/wp-content\/uploads\/2024\/10\/Ornaments-no.-1-snowy-buddy-Grapat-2024-Christmas-collection--scaled.jpg\",\"width\":2048,\"height\":1367,\"caption\":\"Ornamente Nr. 1 Schnee Freund Grapat 2024 Weihnachtskollektion\"},{\"@type\":\"BreadcrumbList\",\"@id\":\"https:\/\/teiaeducation.ch\/de\/produkt\/schnee-freund-holzornamente-set-grapat-2024-weihnachtskollektion\/#breadcrumb\",\"itemListElement\":[{\"@type\":\"ListItem\",\"position\":1,\"name\":\"Home\",\"item\":\"https:\/\/teiaeducation.ch\/de\/\"},{\"@type\":\"ListItem\",\"position\":2,\"name\":\"Laden\",\"item\":\"https:\/\/teiaeducation.ch\/de\/shop\/\"},{\"@type\":\"ListItem\",\"position\":3,\"name\":\"Spielen\",\"item\":\"https:\/\/teiaeducation.ch\/de\/produkt-kategorie\/kinder-spielzeug\/\"},{\"@type\":\"ListItem\",\"position\":4,\"name\":\"Waldorfspielzeug\",\"item\":\"https:\/\/teiaeducation.ch\/de\/produkt-kategorie\/kinder-spielzeug\/waldorfspielzeug\/\"},{\"@type\":\"ListItem\",\"position\":5,\"name\":\"Schnee Freund Holzornamente Set &#8211; Grapat 2024 Weihnachtskollektion\"}]},{\"@type\":\"WebSite\",\"@id\":\"https:\/\/teiaeducation.ch\/de\/#website\",\"url\":\"https:\/\/teiaeducation.ch\/de\/\",\"name\":\"Sustainable Educational Products &amp; Ecological Toys\u00a0\",\"description\":\"Specialised Swiss shop selling sustainable educational toys and games, AMI certified Montessori materials, handmade ecological wooden Waldorf toys and arts &amp; crafts supplies, school supplies, children&#039;s furniture and Montessori reference and parenting books.\",\"publisher\":{\"@id\":\"https:\/\/teiaeducation.ch\/de\/#organization\"},\"alternateName\":\"Teia Education & Play\",\"potentialAction\":[{\"@type\":\"SearchAction\",\"target\":{\"@type\":\"EntryPoint\",\"urlTemplate\":\"https:\/\/teiaeducation.ch\/de\/?s={search_term_string}\"},\"query-input\":{\"@type\":\"PropertyValueSpecification\",\"valueRequired\":true,\"valueName\":\"search_term_string\"}}],\"inLanguage\":\"de-CH\"},{\"@type\":\"Organization\",\"@id\":\"https:\/\/teiaeducation.ch\/de\/#organization\",\"name\":\"Teia Education & Play\",\"url\":\"https:\/\/teiaeducation.ch\/de\/\",\"logo\":{\"@type\":\"ImageObject\",\"inLanguage\":\"de-CH\",\"@id\":\"https:\/\/teiaeducation.ch\/de\/#\/schema\/logo\/image\/\",\"url\":\"https:\/\/teiaeducation.ch\/wp-content\/uploads\/2020\/11\/Teia-Education-Switzerland-e1620156442216.jpg\",\"contentUrl\":\"https:\/\/teiaeducation.ch\/wp-content\/uploads\/2020\/11\/Teia-Education-Switzerland-e1620156442216.jpg\",\"width\":166,\"height\":145,\"caption\":\"Teia Education & Play\"},\"image\":{\"@id\":\"https:\/\/teiaeducation.ch\/de\/#\/schema\/logo\/image\/\"},\"sameAs\":[\"https:\/\/www.facebook.com\/teiaeducation\/\",\"https:\/\/x.com\/EducationTeia\",\"https:\/\/www.instagram.com\/teia.education\/\",\"https:\/\/www.linkedin.com\/company\/35501660\",\"https:\/\/www.pinterest.ch\/TeiaEducation\/\"]}]}<\/script>\n<!-- \/ Yoast SEO plugin. -->","yoast_head_json":{"title":"Schnee Freund Holzornamente Set - Grapat 2024 Weihnachtskollektion","description":"Verwandeln Sie Ihr Zuhause in einen magischen Ort mit dem Holzornamente Set 1 mit dem Thema Schnee Freund aus der Grapat 2024 Weihnachtskollektion!","robots":{"index":"index","follow":"follow","max-snippet":"max-snippet:-1","max-image-preview":"max-image-preview:large","max-video-preview":"max-video-preview:-1"},"canonical":"https:\/\/teiaeducation.ch\/de\/produkt\/schnee-freund-holzornamente-set-grapat-2024-weihnachtskollektion\/","og_locale":"de_DE","og_type":"article","og_title":"Schnee Freund Holzornamente Set - Grapat 2024 Weihnachtskollektion","og_description":"Verwandeln Sie Ihr Zuhause in einen magischen Ort mit dem Holzornamente Set 1 mit dem Thema Schnee Freund aus der Grapat 2024 Weihnachtskollektion!","og_url":"https:\/\/teiaeducation.ch\/de\/produkt\/schnee-freund-holzornamente-set-grapat-2024-weihnachtskollektion\/","og_site_name":"Sustainable Educational Products &amp; Ecological Toys\u00a0","article_publisher":"https:\/\/www.facebook.com\/teiaeducation\/","article_modified_time":"2025-12-10T09:50:36+00:00","og_image":[{"width":2048,"height":1367,"url":"https:\/\/teiaeducation.ch\/wp-content\/uploads\/2024\/10\/Ornaments-no.-1-snowy-buddy-Grapat-2024-Christmas-collection--scaled.jpg","type":"image\/jpeg"}],"schema":{"@context":"https:\/\/schema.org","@graph":[{"@type":"WebPage","@id":"https:\/\/teiaeducation.ch\/de\/produkt\/schnee-freund-holzornamente-set-grapat-2024-weihnachtskollektion\/","url":"https:\/\/teiaeducation.ch\/de\/produkt\/schnee-freund-holzornamente-set-grapat-2024-weihnachtskollektion\/","name":"Schnee Freund Holzornamente Set - Grapat 2024 Weihnachtskollektion","isPartOf":{"@id":"https:\/\/teiaeducation.ch\/de\/#website"},"primaryImageOfPage":{"@id":"https:\/\/teiaeducation.ch\/de\/produkt\/schnee-freund-holzornamente-set-grapat-2024-weihnachtskollektion\/#primaryimage"},"image":{"@id":"https:\/\/teiaeducation.ch\/de\/produkt\/schnee-freund-holzornamente-set-grapat-2024-weihnachtskollektion\/#primaryimage"},"thumbnailUrl":"https:\/\/teiaeducation.ch\/wp-content\/uploads\/2024\/10\/Ornaments-no.-1-snowy-buddy-Grapat-2024-Christmas-collection--scaled.jpg","datePublished":"2024-10-10T12:03:10+00:00","dateModified":"2025-12-10T09:50:36+00:00","description":"Verwandeln Sie Ihr Zuhause in einen magischen Ort mit dem Holzornamente Set 1 mit dem Thema Schnee Freund aus der Grapat 2024 Weihnachtskollektion!","breadcrumb":{"@id":"https:\/\/teiaeducation.ch\/de\/produkt\/schnee-freund-holzornamente-set-grapat-2024-weihnachtskollektion\/#breadcrumb"},"inLanguage":"de-CH","potentialAction":[{"@type":"ReadAction","target":["https:\/\/teiaeducation.ch\/de\/produkt\/schnee-freund-holzornamente-set-grapat-2024-weihnachtskollektion\/"]}]},{"@type":"ImageObject","inLanguage":"de-CH","@id":"https:\/\/teiaeducation.ch\/de\/produkt\/schnee-freund-holzornamente-set-grapat-2024-weihnachtskollektion\/#primaryimage","url":"https:\/\/teiaeducation.ch\/wp-content\/uploads\/2024\/10\/Ornaments-no.-1-snowy-buddy-Grapat-2024-Christmas-collection--scaled.jpg","contentUrl":"https:\/\/teiaeducation.ch\/wp-content\/uploads\/2024\/10\/Ornaments-no.-1-snowy-buddy-Grapat-2024-Christmas-collection--scaled.jpg","width":2048,"height":1367,"caption":"Ornamente Nr. 1 Schnee Freund Grapat 2024 Weihnachtskollektion"},{"@type":"BreadcrumbList","@id":"https:\/\/teiaeducation.ch\/de\/produkt\/schnee-freund-holzornamente-set-grapat-2024-weihnachtskollektion\/#breadcrumb","itemListElement":[{"@type":"ListItem","position":1,"name":"Home","item":"https:\/\/teiaeducation.ch\/de\/"},{"@type":"ListItem","position":2,"name":"Laden","item":"https:\/\/teiaeducation.ch\/de\/shop\/"},{"@type":"ListItem","position":3,"name":"Spielen","item":"https:\/\/teiaeducation.ch\/de\/produkt-kategorie\/kinder-spielzeug\/"},{"@type":"ListItem","position":4,"name":"Waldorfspielzeug","item":"https:\/\/teiaeducation.ch\/de\/produkt-kategorie\/kinder-spielzeug\/waldorfspielzeug\/"},{"@type":"ListItem","position":5,"name":"Schnee Freund Holzornamente Set &#8211; Grapat 2024 Weihnachtskollektion"}]},{"@type":"WebSite","@id":"https:\/\/teiaeducation.ch\/de\/#website","url":"https:\/\/teiaeducation.ch\/de\/","name":"Sustainable Educational Products &amp; Ecological Toys\u00a0","description":"Specialised Swiss shop selling sustainable educational toys and games, AMI certified Montessori materials, handmade ecological wooden Waldorf toys and arts &amp; crafts supplies, school supplies, children&#039;s furniture and Montessori reference and parenting books.","publisher":{"@id":"https:\/\/teiaeducation.ch\/de\/#organization"},"alternateName":"Teia Education & Play","potentialAction":[{"@type":"SearchAction","target":{"@type":"EntryPoint","urlTemplate":"https:\/\/teiaeducation.ch\/de\/?s={search_term_string}"},"query-input":{"@type":"PropertyValueSpecification","valueRequired":true,"valueName":"search_term_string"}}],"inLanguage":"de-CH"},{"@type":"Organization","@id":"https:\/\/teiaeducation.ch\/de\/#organization","name":"Teia Education & Play","url":"https:\/\/teiaeducation.ch\/de\/","logo":{"@type":"ImageObject","inLanguage":"de-CH","@id":"https:\/\/teiaeducation.ch\/de\/#\/schema\/logo\/image\/","url":"https:\/\/teiaeducation.ch\/wp-content\/uploads\/2020\/11\/Teia-Education-Switzerland-e1620156442216.jpg","contentUrl":"https:\/\/teiaeducation.ch\/wp-content\/uploads\/2020\/11\/Teia-Education-Switzerland-e1620156442216.jpg","width":166,"height":145,"caption":"Teia Education & Play"},"image":{"@id":"https:\/\/teiaeducation.ch\/de\/#\/schema\/logo\/image\/"},"sameAs":["https:\/\/www.facebook.com\/teiaeducation\/","https:\/\/x.com\/EducationTeia","https:\/\/www.instagram.com\/teia.education\/","https:\/\/www.linkedin.com\/company\/35501660","https:\/\/www.pinterest.ch\/TeiaEducation\/"]}]}},"_links":{"self":[{"href":"https:\/\/teiaeducation.ch\/de\/wp-json\/wp\/v2\/product\/65805","targetHints":{"allow":["GET"]}}],"collection":[{"href":"https:\/\/teiaeducation.ch\/de\/wp-json\/wp\/v2\/product"}],"about":[{"href":"https:\/\/teiaeducation.ch\/de\/wp-json\/wp\/v2\/types\/product"}],"replies":[{"embeddable":true,"href":"https:\/\/teiaeducation.ch\/de\/wp-json\/wp\/v2\/comments?post=65805"}],"wp:featuredmedia":[{"embeddable":true,"href":"https:\/\/teiaeducation.ch\/de\/wp-json\/wp\/v2\/media\/63872"}],"wp:attachment":[{"href":"https:\/\/teiaeducation.ch\/de\/wp-json\/wp\/v2\/media?parent=65805"}],"wp:term":[{"taxonomy":"product_brand","embeddable":true,"href":"https:\/\/teiaeducation.ch\/de\/wp-json\/wp\/v2\/product_brand?post=65805"},{"taxonomy":"product_cat","embeddable":true,"href":"https:\/\/teiaeducation.ch\/de\/wp-json\/wp\/v2\/product_cat?post=65805"},{"taxonomy":"product_tag","embeddable":true,"href":"https:\/\/teiaeducation.ch\/de\/wp-json\/wp\/v2\/product_tag?post=65805"}],"curies":[{"name":"wp","href":"https:\/\/api.w.org\/{rel}","templated":true}]}}