{"id":65811,"date":"2024-09-02T15:49:33","date_gmt":"2024-09-02T13:49:33","guid":{"rendered":"https:\/\/teiaeducation.ch\/product\/holztoepfe-set-grapat\/"},"modified":"2025-07-10T15:47:22","modified_gmt":"2025-07-10T13:47:22","slug":"holztoepfe-set-grapat","status":"publish","type":"product","link":"https:\/\/teiaeducation.ch\/de\/produkt\/holztoepfe-set-grapat\/","title":{"rendered":"Holzt\u00f6pfe Set &#8211; Grapat"},"content":{"rendered":"<p>Das sch\u00f6ne Grapat Holzt\u00f6pfe Spielzeug Set enth\u00e4lt 6 entz\u00fcckende Spielzeug T\u00f6pfe, jeder mit seiner einzigartigen Gr\u00f6\u00dfe, Volumen und Form. Jeder der T\u00f6pfe ist von Hand in den Farben des Regenbogens gef\u00e4rbt.<\/p>\n<p>Die T\u00f6pfe eignen sich perfekt f\u00fcr die F\u00f6rderung der sensorischen Entwicklung und lassen sich perfekt mit den <a href=\"https:\/\/teiaeducation.ch\/de\/produkt\/holzwerkzeug-set-grapat\/\">Grapat-Werkzeugen<\/a> f\u00fcr das K\u00fcchen- und Kochspiel kombinieren.<\/p>\n<p>Das Spiel mit diesem Set f\u00f6rdert das logisch-mathematische Denken, indem es die Teile klassifiziert, gruppiert und nach Farbe oder <a href=\"https:\/\/teiaeducation.ch\/de\/produkt-kategorie\/lernthemen\/sensorische-motorische-fertigkeiten\/objektpermanenz\/\">Form den T\u00f6pfen<\/a> zuordnet. Die T\u00f6pfe k\u00f6nnen auch zur Erkundung der Objektpermanenz verwendet werden, sie k\u00f6nnen mit Lieblingssch\u00e4tzen, <a href=\"https:\/\/teiaeducation.ch\/de\/produkt-kategorie\/unsere-marken\/grapat-de\/grapat-mandalas-lose-teile\/\">losen Mandala-Teilen<\/a> gef\u00fcllt werden oder als Beh\u00e4lter f\u00fcr die Grapat <a href=\"https:\/\/teiaeducation.ch\/de\/produkt\/holzfigure-12-nins-grapat\/\">nins\u00ae<\/a> dienen, um Farben zuzuordnen und zu lernen. Die Feinmotorik wird gef\u00f6rdert, indem zum Beispiel eine <a href=\"https:\/\/teiaeducation.ch\/de\/produkt\/holzpinzette-zur-forderung-der-feinmotorik-4er-set-educo\/\">Holzpinzette<\/a> verwendet wird, um kleine Gegenst\u00e4nde in die T\u00f6pfe hinein- und herauszuheben.<\/p>\n<p>Jeder der h\u00f6lzernen Spielzeugt\u00f6pfe wird vollst\u00e4ndig von Hand aus nachhaltigem Holz gefertigt und von Hand mit nat\u00fcrlichen Farben auf Wasserbasis bearbeitet. Jedes St\u00fcck ist glatt und angenehm anzufassen und mit nat\u00fcrlichem Bienenwachs veredelt.<\/p>\n<p>Das Grapat Holzt\u00f6pfe Set ist f\u00fcr Kinder ab 10 Monaten geeignet.<\/p>\n<p>Inhalt:<\/p>\n<p>6 Holzteile<\/p>\n<h2>\u00dcber Grapat<\/h2>\n<p>Die spanische Marke <a href=\"https:\/\/teiaeducation.ch\/de\/produkt-kategorie\/unsere-marken\/grapat-de\/\">Grapat<\/a>, inspiriert von der <a href=\"https:\/\/teiaeducation.ch\/produktkategorie\/erziehungsmethode\/waldorf-steiner-spielzeug-bastelmaterialen\/\">Waldorfp\u00e4dagogik<\/a>, ist bekannt f\u00fcr ihr wundersch\u00f6nes Holzspielzeug mit offenem Ende, das freies und selbst\u00e4ndiges Spielen f\u00f6rdert. Die Grapat Philosophie basiert auf der Bereitstellung von Spielzeugen, die die Kinder ermutigen zur <a href=\"https:\/\/teiaeducation.ch\/de\/produkt-kategorie\/malen-basteln\/\">Kreativit\u00e4t<\/a> anregen, damit sie ihre eigenen Spiele und <a href=\"https:\/\/teiaeducation.ch\/de\/produkt-kategorie\/kinder-spielzeug\/spiele-mit-offenem-ende\/\">Fantasiewelten<\/a> erfinden k\u00f6nnen.<\/p>\n<p>Alle <a href=\"https:\/\/teiaeducation.ch\/de\/produkt-kategorie\/kinder-spielzeug\/handgefertigtes-holzspielzeug\/\">Holzspielzeuge<\/a> von Grapat werden in verschiedenen Werkst\u00e4tten in Katalonien, Spanien, nach traditionellen Verfahren aus Holz aus nachhaltiger Forstwirtschaft handgefertigt und von Hand mit Farben auf Wasserbasis bemalt.<\/p>\n<p>Grapat Spielzeug ist f\u00fcr Kleinkinder sicher, da es ungiftig ist und die europ\u00e4ischen Sicherheitsvorschriften der Richtlinie EN \/ 71-3: 2014 + A1: 2014 \/ 2013 zur Sicherheit von Spielzeug erf\u00fcllt. Ein gro\u00dfer Teil der Grapat-Spielzeugkollektion tr\u00e4gt das renommierte Spielgut\u00ae-Siegel.<\/p>\n","protected":false},"excerpt":{"rendered":"<p>Artikelnummer: 24-260<\/p>\n<p>Das sch\u00f6ne Grapat Holzt\u00f6pfe Spielzeug Set enth\u00e4lt 6 entz\u00fcckende Spielzeug T\u00f6pfe, jeder mit seiner einzigartigen Gr\u00f6\u00dfe, Volumen und Form!<\/p>\n","protected":false},"featured_media":62660,"comment_status":"open","ping_status":"closed","template":"","meta":[],"product_brand":[],"product_cat":[25967,21444,21445,21446,21479,21690,21636,21637,23075,22182,21443,21563,21687,21693,21695,21678,21564,21483,22919],"product_tag":[30050,30049,30046,26316,30047,26313,30053,30045,30051,30043,30044,30048,30054,30052],"class_list":{"0":"post-65811","1":"product","2":"type-product","3":"status-publish","4":"has-post-thumbnail","6":"product_cat-0-12-monate-baby","7":"product_cat-1-3-jahre-kleinkind","8":"product_cat-3-6-jahre-vorschule","9":"product_cat-6-12-jahre-grundschule","10":"product_cat-lernmaterialien-spielzeug-montessori-waldorf-steiner-froebel","11":"product_cat-spiele-mit-offenem-ende","12":"product_cat-grapat-de","13":"product_cat-grapat-komplett-sets","14":"product_cat-handgefertigtes-holzspielzeug","15":"product_cat-montessori-spielzeug","16":"product_cat-nach-alter","17":"product_cat-neuheiten","18":"product_cat-phantasievoll-rollenspiel","19":"product_cat-realistisches-lebensmittel-aus-holz","20":"product_cat-sinnliches-spiel","21":"product_cat-kinder-spielzeug","22":"product_cat-unsere-marken","23":"product_cat-waldorf-steiner-paedagogik","24":"product_cat-waldorfspielzeug","25":"product_tag-falsch-passend-grapat","26":"product_tag-falsch-passend-sortierbox-grapat","27":"product_tag-grapat-2024-sammlung","28":"product_tag-grapat-spielzeug","29":"product_tag-grapat-spielzeug-waldorf","30":"product_tag-handgefertigtes-holzspielzeug-grapat","31":"product_tag-holzerne-topfe-set-grapat","32":"product_tag-holzspielzeug-planeten-grapat","33":"product_tag-holzwerkzeugsatz-grapat","34":"product_tag-liebes-universum-grapat","35":"product_tag-liebes-universum-spielset-grapat","36":"product_tag-mondschein-marchen-spielset-grapat","37":"product_tag-topfe-grapat","38":"product_tag-werkzeuge-grapat","40":"first","41":"outofstock","42":"taxable","43":"shipping-taxable","44":"purchasable","45":"product-type-simple"},"yoast_head":"<!-- This site is optimized with the Yoast SEO plugin v27.1.1 - https:\/\/yoast.com\/product\/yoast-seo-wordpress\/ -->\n<title>Holzt\u00f6pfe Set - Grapat<\/title>\n<meta name=\"description\" content=\"Das sch\u00f6ne Grapat Holzt\u00f6pfe Spielzeug Set enth\u00e4lt 6 entz\u00fcckende Spielzeug T\u00f6pfe, jeder mit seiner einzigartigen Gr\u00f6\u00dfe, Volumen und Form.\" \/>\n<meta name=\"robots\" content=\"index, follow, max-snippet:-1, max-image-preview:large, max-video-preview:-1\" \/>\n<link rel=\"canonical\" href=\"https:\/\/teiaeducation.ch\/de\/produkt\/holztoepfe-set-grapat\/\" \/>\n<meta property=\"og:locale\" content=\"de_DE\" \/>\n<meta property=\"og:type\" content=\"article\" \/>\n<meta property=\"og:title\" content=\"Holzt\u00f6pfe Set - Grapat\" \/>\n<meta property=\"og:description\" content=\"Das sch\u00f6ne Grapat Holzt\u00f6pfe Spielzeug Set enth\u00e4lt 6 entz\u00fcckende Spielzeug T\u00f6pfe, jeder mit seiner einzigartigen Gr\u00f6\u00dfe, Volumen und Form.\" \/>\n<meta property=\"og:url\" content=\"https:\/\/teiaeducation.ch\/de\/produkt\/holztoepfe-set-grapat\/\" \/>\n<meta property=\"og:site_name\" content=\"Sustainable Educational Products &amp; Ecological Toys\u00a0\" \/>\n<meta property=\"article:publisher\" content=\"https:\/\/www.facebook.com\/teiaeducation\/\" \/>\n<meta property=\"article:modified_time\" content=\"2025-07-10T13:47:22+00:00\" \/>\n<meta property=\"og:image\" content=\"https:\/\/teiaeducation.ch\/wp-content\/uploads\/2024\/09\/Wooden-pots-set-Grapat-scaled-e1727450783231.jpg\" \/>\n\t<meta property=\"og:image:width\" content=\"2048\" \/>\n\t<meta property=\"og:image:height\" content=\"1367\" \/>\n\t<meta property=\"og:image:type\" content=\"image\/jpeg\" \/>\n<script type=\"application\/ld+json\" class=\"yoast-schema-graph\">{\"@context\":\"https:\/\/schema.org\",\"@graph\":[{\"@type\":\"WebPage\",\"@id\":\"https:\/\/teiaeducation.ch\/de\/produkt\/holztoepfe-set-grapat\/\",\"url\":\"https:\/\/teiaeducation.ch\/de\/produkt\/holztoepfe-set-grapat\/\",\"name\":\"Holzt\u00f6pfe Set - Grapat\",\"isPartOf\":{\"@id\":\"https:\/\/teiaeducation.ch\/de\/#website\"},\"primaryImageOfPage\":{\"@id\":\"https:\/\/teiaeducation.ch\/de\/produkt\/holztoepfe-set-grapat\/#primaryimage\"},\"image\":{\"@id\":\"https:\/\/teiaeducation.ch\/de\/produkt\/holztoepfe-set-grapat\/#primaryimage\"},\"thumbnailUrl\":\"https:\/\/teiaeducation.ch\/wp-content\/uploads\/2024\/09\/Wooden-pots-set-Grapat-scaled-e1727450783231.jpg\",\"datePublished\":\"2024-09-02T13:49:33+00:00\",\"dateModified\":\"2025-07-10T13:47:22+00:00\",\"description\":\"Das sch\u00f6ne Grapat Holzt\u00f6pfe Spielzeug Set enth\u00e4lt 6 entz\u00fcckende Spielzeug T\u00f6pfe, jeder mit seiner einzigartigen Gr\u00f6\u00dfe, Volumen und Form.\",\"breadcrumb\":{\"@id\":\"https:\/\/teiaeducation.ch\/de\/produkt\/holztoepfe-set-grapat\/#breadcrumb\"},\"inLanguage\":\"de-CH\",\"potentialAction\":[{\"@type\":\"ReadAction\",\"target\":[\"https:\/\/teiaeducation.ch\/de\/produkt\/holztoepfe-set-grapat\/\"]}]},{\"@type\":\"ImageObject\",\"inLanguage\":\"de-CH\",\"@id\":\"https:\/\/teiaeducation.ch\/de\/produkt\/holztoepfe-set-grapat\/#primaryimage\",\"url\":\"https:\/\/teiaeducation.ch\/wp-content\/uploads\/2024\/09\/Wooden-pots-set-Grapat-scaled-e1727450783231.jpg\",\"contentUrl\":\"https:\/\/teiaeducation.ch\/wp-content\/uploads\/2024\/09\/Wooden-pots-set-Grapat-scaled-e1727450783231.jpg\",\"width\":2048,\"height\":1367,\"caption\":\"H\u00f6lzerne T\u00f6pfe Set Grapat\"},{\"@type\":\"BreadcrumbList\",\"@id\":\"https:\/\/teiaeducation.ch\/de\/produkt\/holztoepfe-set-grapat\/#breadcrumb\",\"itemListElement\":[{\"@type\":\"ListItem\",\"position\":1,\"name\":\"Home\",\"item\":\"https:\/\/teiaeducation.ch\/de\/\"},{\"@type\":\"ListItem\",\"position\":2,\"name\":\"Laden\",\"item\":\"https:\/\/teiaeducation.ch\/de\/shop\/\"},{\"@type\":\"ListItem\",\"position\":3,\"name\":\"Unsere Marken\",\"item\":\"https:\/\/teiaeducation.ch\/de\/produkt-kategorie\/unsere-marken\/\"},{\"@type\":\"ListItem\",\"position\":4,\"name\":\"Grapat\",\"item\":\"https:\/\/teiaeducation.ch\/de\/produkt-kategorie\/unsere-marken\/grapat-de\/\"},{\"@type\":\"ListItem\",\"position\":5,\"name\":\"Grapat Komplett-Sets\",\"item\":\"https:\/\/teiaeducation.ch\/de\/produkt-kategorie\/unsere-marken\/grapat-de\/grapat-komplett-sets\/\"},{\"@type\":\"ListItem\",\"position\":6,\"name\":\"Holzt\u00f6pfe Set &#8211; Grapat\"}]},{\"@type\":\"WebSite\",\"@id\":\"https:\/\/teiaeducation.ch\/de\/#website\",\"url\":\"https:\/\/teiaeducation.ch\/de\/\",\"name\":\"Sustainable Educational Products &amp; Ecological Toys\u00a0\",\"description\":\"Specialised Swiss shop selling sustainable educational toys and games, AMI certified Montessori materials, handmade ecological wooden Waldorf toys and arts &amp; crafts supplies, school supplies, children&#039;s furniture and Montessori reference and parenting books.\",\"publisher\":{\"@id\":\"https:\/\/teiaeducation.ch\/de\/#organization\"},\"alternateName\":\"Teia Education & Play\",\"potentialAction\":[{\"@type\":\"SearchAction\",\"target\":{\"@type\":\"EntryPoint\",\"urlTemplate\":\"https:\/\/teiaeducation.ch\/de\/?s={search_term_string}\"},\"query-input\":{\"@type\":\"PropertyValueSpecification\",\"valueRequired\":true,\"valueName\":\"search_term_string\"}}],\"inLanguage\":\"de-CH\"},{\"@type\":\"Organization\",\"@id\":\"https:\/\/teiaeducation.ch\/de\/#organization\",\"name\":\"Teia Education & Play\",\"url\":\"https:\/\/teiaeducation.ch\/de\/\",\"logo\":{\"@type\":\"ImageObject\",\"inLanguage\":\"de-CH\",\"@id\":\"https:\/\/teiaeducation.ch\/de\/#\/schema\/logo\/image\/\",\"url\":\"https:\/\/teiaeducation.ch\/wp-content\/uploads\/2020\/11\/Teia-Education-Switzerland-e1620156442216.jpg\",\"contentUrl\":\"https:\/\/teiaeducation.ch\/wp-content\/uploads\/2020\/11\/Teia-Education-Switzerland-e1620156442216.jpg\",\"width\":166,\"height\":145,\"caption\":\"Teia Education & Play\"},\"image\":{\"@id\":\"https:\/\/teiaeducation.ch\/de\/#\/schema\/logo\/image\/\"},\"sameAs\":[\"https:\/\/www.facebook.com\/teiaeducation\/\",\"https:\/\/x.com\/EducationTeia\",\"https:\/\/www.instagram.com\/teia.education\/\",\"https:\/\/www.linkedin.com\/company\/35501660\",\"https:\/\/www.pinterest.ch\/TeiaEducation\/\"]}]}<\/script>\n<!-- \/ Yoast SEO plugin. -->","yoast_head_json":{"title":"Holzt\u00f6pfe Set - Grapat","description":"Das sch\u00f6ne Grapat Holzt\u00f6pfe Spielzeug Set enth\u00e4lt 6 entz\u00fcckende Spielzeug T\u00f6pfe, jeder mit seiner einzigartigen Gr\u00f6\u00dfe, Volumen und Form.","robots":{"index":"index","follow":"follow","max-snippet":"max-snippet:-1","max-image-preview":"max-image-preview:large","max-video-preview":"max-video-preview:-1"},"canonical":"https:\/\/teiaeducation.ch\/de\/produkt\/holztoepfe-set-grapat\/","og_locale":"de_DE","og_type":"article","og_title":"Holzt\u00f6pfe Set - Grapat","og_description":"Das sch\u00f6ne Grapat Holzt\u00f6pfe Spielzeug Set enth\u00e4lt 6 entz\u00fcckende Spielzeug T\u00f6pfe, jeder mit seiner einzigartigen Gr\u00f6\u00dfe, Volumen und Form.","og_url":"https:\/\/teiaeducation.ch\/de\/produkt\/holztoepfe-set-grapat\/","og_site_name":"Sustainable Educational Products &amp; Ecological Toys\u00a0","article_publisher":"https:\/\/www.facebook.com\/teiaeducation\/","article_modified_time":"2025-07-10T13:47:22+00:00","og_image":[{"width":2048,"height":1367,"url":"https:\/\/teiaeducation.ch\/wp-content\/uploads\/2024\/09\/Wooden-pots-set-Grapat-scaled-e1727450783231.jpg","type":"image\/jpeg"}],"schema":{"@context":"https:\/\/schema.org","@graph":[{"@type":"WebPage","@id":"https:\/\/teiaeducation.ch\/de\/produkt\/holztoepfe-set-grapat\/","url":"https:\/\/teiaeducation.ch\/de\/produkt\/holztoepfe-set-grapat\/","name":"Holzt\u00f6pfe Set - Grapat","isPartOf":{"@id":"https:\/\/teiaeducation.ch\/de\/#website"},"primaryImageOfPage":{"@id":"https:\/\/teiaeducation.ch\/de\/produkt\/holztoepfe-set-grapat\/#primaryimage"},"image":{"@id":"https:\/\/teiaeducation.ch\/de\/produkt\/holztoepfe-set-grapat\/#primaryimage"},"thumbnailUrl":"https:\/\/teiaeducation.ch\/wp-content\/uploads\/2024\/09\/Wooden-pots-set-Grapat-scaled-e1727450783231.jpg","datePublished":"2024-09-02T13:49:33+00:00","dateModified":"2025-07-10T13:47:22+00:00","description":"Das sch\u00f6ne Grapat Holzt\u00f6pfe Spielzeug Set enth\u00e4lt 6 entz\u00fcckende Spielzeug T\u00f6pfe, jeder mit seiner einzigartigen Gr\u00f6\u00dfe, Volumen und Form.","breadcrumb":{"@id":"https:\/\/teiaeducation.ch\/de\/produkt\/holztoepfe-set-grapat\/#breadcrumb"},"inLanguage":"de-CH","potentialAction":[{"@type":"ReadAction","target":["https:\/\/teiaeducation.ch\/de\/produkt\/holztoepfe-set-grapat\/"]}]},{"@type":"ImageObject","inLanguage":"de-CH","@id":"https:\/\/teiaeducation.ch\/de\/produkt\/holztoepfe-set-grapat\/#primaryimage","url":"https:\/\/teiaeducation.ch\/wp-content\/uploads\/2024\/09\/Wooden-pots-set-Grapat-scaled-e1727450783231.jpg","contentUrl":"https:\/\/teiaeducation.ch\/wp-content\/uploads\/2024\/09\/Wooden-pots-set-Grapat-scaled-e1727450783231.jpg","width":2048,"height":1367,"caption":"H\u00f6lzerne T\u00f6pfe Set Grapat"},{"@type":"BreadcrumbList","@id":"https:\/\/teiaeducation.ch\/de\/produkt\/holztoepfe-set-grapat\/#breadcrumb","itemListElement":[{"@type":"ListItem","position":1,"name":"Home","item":"https:\/\/teiaeducation.ch\/de\/"},{"@type":"ListItem","position":2,"name":"Laden","item":"https:\/\/teiaeducation.ch\/de\/shop\/"},{"@type":"ListItem","position":3,"name":"Unsere Marken","item":"https:\/\/teiaeducation.ch\/de\/produkt-kategorie\/unsere-marken\/"},{"@type":"ListItem","position":4,"name":"Grapat","item":"https:\/\/teiaeducation.ch\/de\/produkt-kategorie\/unsere-marken\/grapat-de\/"},{"@type":"ListItem","position":5,"name":"Grapat Komplett-Sets","item":"https:\/\/teiaeducation.ch\/de\/produkt-kategorie\/unsere-marken\/grapat-de\/grapat-komplett-sets\/"},{"@type":"ListItem","position":6,"name":"Holzt\u00f6pfe Set &#8211; Grapat"}]},{"@type":"WebSite","@id":"https:\/\/teiaeducation.ch\/de\/#website","url":"https:\/\/teiaeducation.ch\/de\/","name":"Sustainable Educational Products &amp; Ecological Toys\u00a0","description":"Specialised Swiss shop selling sustainable educational toys and games, AMI certified Montessori materials, handmade ecological wooden Waldorf toys and arts &amp; crafts supplies, school supplies, children&#039;s furniture and Montessori reference and parenting books.","publisher":{"@id":"https:\/\/teiaeducation.ch\/de\/#organization"},"alternateName":"Teia Education & Play","potentialAction":[{"@type":"SearchAction","target":{"@type":"EntryPoint","urlTemplate":"https:\/\/teiaeducation.ch\/de\/?s={search_term_string}"},"query-input":{"@type":"PropertyValueSpecification","valueRequired":true,"valueName":"search_term_string"}}],"inLanguage":"de-CH"},{"@type":"Organization","@id":"https:\/\/teiaeducation.ch\/de\/#organization","name":"Teia Education & Play","url":"https:\/\/teiaeducation.ch\/de\/","logo":{"@type":"ImageObject","inLanguage":"de-CH","@id":"https:\/\/teiaeducation.ch\/de\/#\/schema\/logo\/image\/","url":"https:\/\/teiaeducation.ch\/wp-content\/uploads\/2020\/11\/Teia-Education-Switzerland-e1620156442216.jpg","contentUrl":"https:\/\/teiaeducation.ch\/wp-content\/uploads\/2020\/11\/Teia-Education-Switzerland-e1620156442216.jpg","width":166,"height":145,"caption":"Teia Education & Play"},"image":{"@id":"https:\/\/teiaeducation.ch\/de\/#\/schema\/logo\/image\/"},"sameAs":["https:\/\/www.facebook.com\/teiaeducation\/","https:\/\/x.com\/EducationTeia","https:\/\/www.instagram.com\/teia.education\/","https:\/\/www.linkedin.com\/company\/35501660","https:\/\/www.pinterest.ch\/TeiaEducation\/"]}]}},"_links":{"self":[{"href":"https:\/\/teiaeducation.ch\/de\/wp-json\/wp\/v2\/product\/65811","targetHints":{"allow":["GET"]}}],"collection":[{"href":"https:\/\/teiaeducation.ch\/de\/wp-json\/wp\/v2\/product"}],"about":[{"href":"https:\/\/teiaeducation.ch\/de\/wp-json\/wp\/v2\/types\/product"}],"replies":[{"embeddable":true,"href":"https:\/\/teiaeducation.ch\/de\/wp-json\/wp\/v2\/comments?post=65811"}],"wp:featuredmedia":[{"embeddable":true,"href":"https:\/\/teiaeducation.ch\/de\/wp-json\/wp\/v2\/media\/62660"}],"wp:attachment":[{"href":"https:\/\/teiaeducation.ch\/de\/wp-json\/wp\/v2\/media?parent=65811"}],"wp:term":[{"taxonomy":"product_brand","embeddable":true,"href":"https:\/\/teiaeducation.ch\/de\/wp-json\/wp\/v2\/product_brand?post=65811"},{"taxonomy":"product_cat","embeddable":true,"href":"https:\/\/teiaeducation.ch\/de\/wp-json\/wp\/v2\/product_cat?post=65811"},{"taxonomy":"product_tag","embeddable":true,"href":"https:\/\/teiaeducation.ch\/de\/wp-json\/wp\/v2\/product_tag?post=65811"}],"curies":[{"name":"wp","href":"https:\/\/api.w.org\/{rel}","templated":true}]}}