{"id":65815,"date":"2024-09-02T14:04:46","date_gmt":"2024-09-02T12:04:46","guid":{"rendered":"https:\/\/teiaeducation.ch\/product\/dein-grapat-tag-geburtstagsfeier-set\/"},"modified":"2025-07-11T15:05:31","modified_gmt":"2025-07-11T13:05:31","slug":"dein-grapat-tag-geburtstagsfeier-set","status":"publish","type":"product","link":"https:\/\/teiaeducation.ch\/de\/produkt\/dein-grapat-tag-geburtstagsfeier-set\/","title":{"rendered":"Dein Tag Geburtstagsfeier Set &#8211; Grapat"},"content":{"rendered":"<p>Das sch\u00f6ne Grapat Dein Tag ist ein Geburtstagsfeier Set\u00a0aus Holz mit 31 Teilen in verschiedenen Formen, Gr\u00f6\u00dfen, Farben und Materialien (Holz und Filz).<\/p>\n<p>Heute ist dein Tag! Dieses Set enth\u00e4lt einige sch\u00f6ne Dekorationselemente f\u00fcr <a href=\"https:\/\/teiaeducation.ch\/produkt-kategorie\/feiern\/geburtstage\/\">Geburtstage<\/a> und andere wichtige Feiern wie <a href=\"https:\/\/teiaeducation.ch\/de\/produkt-kategorie\/saisonale-kollektionen\/\">saisonale<\/a> Ereignisse und besondere Familientage. Enthalten sind Partydekoration\u00a0Elemente: eine Holzkerze, eine Krone und ein Stern aus Filz, eine lilafarbene Holzvase, eine rote Holzrose, 12 Holzscheiben in Regenbogenfarben und 8 Holzmurmeln in Regenbogenfarben.<\/p>\n<p>Dein Tag kann mit jedem Grapat Spielzeugset kombiniert werden, insbesondere mit dem <a href=\"https:\/\/teiaeducation.ch\/de\/produkt\/ewiger-kalender-englisch-grapat\/\">ewigen Kalender<\/a> und hilft, das abstrakte Konzept der <a href=\"https:\/\/teiaeducation.ch\/de\/produkt-kategorie\/lernthemen\/mathematik-rechnen\/die-zeit\/\">Zeit<\/a> zu verstehen.<\/p>\n<p>Das gesamte Set ist vollst\u00e4ndig von Hand aus nachhaltigem Holz gefertigt und von Hand mit nat\u00fcrlichen Farben auf Wasserbasis bearbeitet. Jedes St\u00fcck ist glatt und angenehm anzufassen und mit nat\u00fcrlichem Bienenwachs veredelt.<\/p>\n<p>Das Grapat Dein Tag Geburtstagsfeier Set ist f\u00fcr Kinder ab 36 Monaten geeignet.<\/p>\n<p>Inhalt:<\/p>\n<p>31 St\u00fccke aus Holz und Filz<\/p>\n<h2>\u00dcber Grapat<\/h2>\n<p>Die spanische Marke <a href=\"https:\/\/teiaeducation.ch\/de\/produkt-kategorie\/unsere-marken\/grapat-de\/\">Grapat<\/a>, inspiriert von der <a href=\"https:\/\/teiaeducation.ch\/produktkategorie\/erziehungsmethode\/waldorf-steiner-spielzeug-bastelmaterialen\/\">Waldorfp\u00e4dagogik<\/a>, ist bekannt f\u00fcr ihr wundersch\u00f6nes Holzspielzeug mit offenem Ende, das freies und selbst\u00e4ndiges Spielen f\u00f6rdert. Die Grapat Philosophie basiert auf der Bereitstellung von Spielzeugen, die die Kinder ermutigen zur <a href=\"https:\/\/teiaeducation.ch\/de\/produkt-kategorie\/malen-basteln\/\">Kreativit\u00e4t<\/a> anregen, damit sie ihre eigenen Spiele und <a href=\"https:\/\/teiaeducation.ch\/de\/produkt-kategorie\/kinder-spielzeug\/spiele-mit-offenem-ende\/\">Fantasiewelten<\/a> erfinden k\u00f6nnen.<\/p>\n<p>Alle <a href=\"https:\/\/teiaeducation.ch\/de\/produkt-kategorie\/kinder-spielzeug\/handgefertigtes-holzspielzeug\/\">Holzspielzeuge<\/a> von Grapat werden in verschiedenen Werkst\u00e4tten in Katalonien, Spanien, nach traditionellen Verfahren aus Holz aus nachhaltiger Forstwirtschaft handgefertigt und von Hand mit Farben auf Wasserbasis bemalt.<\/p>\n<p>Grapat Spielzeug ist f\u00fcr Kleinkinder sicher, da es ungiftig ist und die europ\u00e4ischen Sicherheitsvorschriften der Richtlinie EN \/ 71-3: 2014 + A1: 2014 \/ 2013 zur Sicherheit von Spielzeug erf\u00fcllt. Ein gro\u00dfer Teil der Grapat-Spielzeugkollektion tr\u00e4gt das renommierte Spielgut\u00ae-Siegel.<\/p>\n","protected":false},"excerpt":{"rendered":"<p>Artikelnummer: 24-258<\/p>\n<p>Grapat Dein Tag ist ein Geburtstagsfeier Set aus Holz, das Teile zur Dekoration von Geburtstagen und anderen wichtigen saisonalen Festen enth\u00e4lt!<\/p>\n","protected":false},"featured_media":62625,"comment_status":"open","ping_status":"closed","template":"","meta":[],"product_brand":[],"product_cat":[21445,21446,21479,21465,21690,22347,21484,21636,21637,23075,22182,21443,21563,22351,21697,21678,21564,21483,22919],"product_tag":[30050,30049,30046,26316,30047,26313,30045,30043,30044,30048],"class_list":{"0":"post-65815","1":"product","2":"type-product","3":"status-publish","4":"has-post-thumbnail","6":"product_cat-3-6-jahre-vorschule","7":"product_cat-6-12-jahre-grundschule","8":"product_cat-lernmaterialien-spielzeug-montessori-waldorf-steiner-froebel","9":"product_cat-feier-festlichkeiten","10":"product_cat-spiele-mit-offenem-ende","11":"product_cat-geburtstage","12":"product_cat-geschenk-guides","13":"product_cat-grapat-de","14":"product_cat-grapat-komplett-sets","15":"product_cat-handgefertigtes-holzspielzeug","16":"product_cat-montessori-spielzeug","17":"product_cat-nach-alter","18":"product_cat-neuheiten","19":"product_cat-rituale-adventszeit","20":"product_cat-sortieren","21":"product_cat-kinder-spielzeug","22":"product_cat-unsere-marken","23":"product_cat-waldorf-steiner-paedagogik","24":"product_cat-waldorfspielzeug","25":"product_tag-falsch-passend-grapat","26":"product_tag-falsch-passend-sortierbox-grapat","27":"product_tag-grapat-2024-sammlung","28":"product_tag-grapat-spielzeug","29":"product_tag-grapat-spielzeug-waldorf","30":"product_tag-handgefertigtes-holzspielzeug-grapat","31":"product_tag-holzspielzeug-planeten-grapat","32":"product_tag-liebes-universum-grapat","33":"product_tag-liebes-universum-spielset-grapat","34":"product_tag-mondschein-marchen-spielset-grapat","36":"first","37":"instock","38":"taxable","39":"shipping-taxable","40":"purchasable","41":"product-type-simple"},"yoast_head":"<!-- This site is optimized with the Yoast SEO plugin v27.1.1 - https:\/\/yoast.com\/product\/yoast-seo-wordpress\/ -->\n<title>Dein Tag Geburtstagsfeier Set - Grapat<\/title>\n<meta name=\"description\" content=\"Grapat Dein Tag ist ein Geburtstagsfeier Set aus Holz, das Teile zur Dekoration von Geburtstagen und anderen wichtigen saisonalen Festen enth\u00e4lt.\" \/>\n<meta name=\"robots\" content=\"index, follow, max-snippet:-1, max-image-preview:large, max-video-preview:-1\" \/>\n<link rel=\"canonical\" href=\"https:\/\/teiaeducation.ch\/de\/produkt\/dein-grapat-tag-geburtstagsfeier-set\/\" \/>\n<meta property=\"og:locale\" content=\"de_DE\" \/>\n<meta property=\"og:type\" content=\"article\" \/>\n<meta property=\"og:title\" content=\"Dein Tag Geburtstagsfeier Set - Grapat\" \/>\n<meta property=\"og:description\" content=\"Grapat Dein Tag ist ein Geburtstagsfeier Set aus Holz, das Teile zur Dekoration von Geburtstagen und anderen wichtigen saisonalen Festen enth\u00e4lt.\" \/>\n<meta property=\"og:url\" content=\"https:\/\/teiaeducation.ch\/de\/produkt\/dein-grapat-tag-geburtstagsfeier-set\/\" \/>\n<meta property=\"og:site_name\" content=\"Sustainable Educational Products &amp; Ecological Toys\u00a0\" \/>\n<meta property=\"article:publisher\" content=\"https:\/\/www.facebook.com\/teiaeducation\/\" \/>\n<meta property=\"article:modified_time\" content=\"2025-07-11T13:05:31+00:00\" \/>\n<meta property=\"og:image\" content=\"https:\/\/teiaeducation.ch\/wp-content\/uploads\/2024\/09\/Your-day-celebration-play-set-Grapat-scaled-e1727451099507.jpg\" \/>\n\t<meta property=\"og:image:width\" content=\"2048\" \/>\n\t<meta property=\"og:image:height\" content=\"1367\" \/>\n\t<meta property=\"og:image:type\" content=\"image\/jpeg\" \/>\n<script type=\"application\/ld+json\" class=\"yoast-schema-graph\">{\"@context\":\"https:\/\/schema.org\",\"@graph\":[{\"@type\":\"WebPage\",\"@id\":\"https:\/\/teiaeducation.ch\/de\/produkt\/dein-grapat-tag-geburtstagsfeier-set\/\",\"url\":\"https:\/\/teiaeducation.ch\/de\/produkt\/dein-grapat-tag-geburtstagsfeier-set\/\",\"name\":\"Dein Tag Geburtstagsfeier Set - Grapat\",\"isPartOf\":{\"@id\":\"https:\/\/teiaeducation.ch\/de\/#website\"},\"primaryImageOfPage\":{\"@id\":\"https:\/\/teiaeducation.ch\/de\/produkt\/dein-grapat-tag-geburtstagsfeier-set\/#primaryimage\"},\"image\":{\"@id\":\"https:\/\/teiaeducation.ch\/de\/produkt\/dein-grapat-tag-geburtstagsfeier-set\/#primaryimage\"},\"thumbnailUrl\":\"https:\/\/teiaeducation.ch\/wp-content\/uploads\/2024\/09\/Your-day-celebration-play-set-Grapat-scaled-e1727451099507.jpg\",\"datePublished\":\"2024-09-02T12:04:46+00:00\",\"dateModified\":\"2025-07-11T13:05:31+00:00\",\"description\":\"Grapat Dein Tag ist ein Geburtstagsfeier Set aus Holz, das Teile zur Dekoration von Geburtstagen und anderen wichtigen saisonalen Festen enth\u00e4lt.\",\"breadcrumb\":{\"@id\":\"https:\/\/teiaeducation.ch\/de\/produkt\/dein-grapat-tag-geburtstagsfeier-set\/#breadcrumb\"},\"inLanguage\":\"de-CH\",\"potentialAction\":[{\"@type\":\"ReadAction\",\"target\":[\"https:\/\/teiaeducation.ch\/de\/produkt\/dein-grapat-tag-geburtstagsfeier-set\/\"]}]},{\"@type\":\"ImageObject\",\"inLanguage\":\"de-CH\",\"@id\":\"https:\/\/teiaeducation.ch\/de\/produkt\/dein-grapat-tag-geburtstagsfeier-set\/#primaryimage\",\"url\":\"https:\/\/teiaeducation.ch\/wp-content\/uploads\/2024\/09\/Your-day-celebration-play-set-Grapat-scaled-e1727451099507.jpg\",\"contentUrl\":\"https:\/\/teiaeducation.ch\/wp-content\/uploads\/2024\/09\/Your-day-celebration-play-set-Grapat-scaled-e1727451099507.jpg\",\"width\":2048,\"height\":1367,\"caption\":\"Dein Grapat Tag Geburtstagsfeier Set\"},{\"@type\":\"BreadcrumbList\",\"@id\":\"https:\/\/teiaeducation.ch\/de\/produkt\/dein-grapat-tag-geburtstagsfeier-set\/#breadcrumb\",\"itemListElement\":[{\"@type\":\"ListItem\",\"position\":1,\"name\":\"Home\",\"item\":\"https:\/\/teiaeducation.ch\/de\/\"},{\"@type\":\"ListItem\",\"position\":2,\"name\":\"Laden\",\"item\":\"https:\/\/teiaeducation.ch\/de\/shop\/\"},{\"@type\":\"ListItem\",\"position\":3,\"name\":\"Unsere Marken\",\"item\":\"https:\/\/teiaeducation.ch\/de\/produkt-kategorie\/unsere-marken\/\"},{\"@type\":\"ListItem\",\"position\":4,\"name\":\"Grapat\",\"item\":\"https:\/\/teiaeducation.ch\/de\/produkt-kategorie\/unsere-marken\/grapat-de\/\"},{\"@type\":\"ListItem\",\"position\":5,\"name\":\"Grapat Komplett-Sets\",\"item\":\"https:\/\/teiaeducation.ch\/de\/produkt-kategorie\/unsere-marken\/grapat-de\/grapat-komplett-sets\/\"},{\"@type\":\"ListItem\",\"position\":6,\"name\":\"Dein Tag Geburtstagsfeier Set &#8211; Grapat\"}]},{\"@type\":\"WebSite\",\"@id\":\"https:\/\/teiaeducation.ch\/de\/#website\",\"url\":\"https:\/\/teiaeducation.ch\/de\/\",\"name\":\"Sustainable Educational Products &amp; Ecological Toys\u00a0\",\"description\":\"Specialised Swiss shop selling sustainable educational toys and games, AMI certified Montessori materials, handmade ecological wooden Waldorf toys and arts &amp; crafts supplies, school supplies, children&#039;s furniture and Montessori reference and parenting books.\",\"publisher\":{\"@id\":\"https:\/\/teiaeducation.ch\/de\/#organization\"},\"alternateName\":\"Teia Education & Play\",\"potentialAction\":[{\"@type\":\"SearchAction\",\"target\":{\"@type\":\"EntryPoint\",\"urlTemplate\":\"https:\/\/teiaeducation.ch\/de\/?s={search_term_string}\"},\"query-input\":{\"@type\":\"PropertyValueSpecification\",\"valueRequired\":true,\"valueName\":\"search_term_string\"}}],\"inLanguage\":\"de-CH\"},{\"@type\":\"Organization\",\"@id\":\"https:\/\/teiaeducation.ch\/de\/#organization\",\"name\":\"Teia Education & Play\",\"url\":\"https:\/\/teiaeducation.ch\/de\/\",\"logo\":{\"@type\":\"ImageObject\",\"inLanguage\":\"de-CH\",\"@id\":\"https:\/\/teiaeducation.ch\/de\/#\/schema\/logo\/image\/\",\"url\":\"https:\/\/teiaeducation.ch\/wp-content\/uploads\/2020\/11\/Teia-Education-Switzerland-e1620156442216.jpg\",\"contentUrl\":\"https:\/\/teiaeducation.ch\/wp-content\/uploads\/2020\/11\/Teia-Education-Switzerland-e1620156442216.jpg\",\"width\":166,\"height\":145,\"caption\":\"Teia Education & Play\"},\"image\":{\"@id\":\"https:\/\/teiaeducation.ch\/de\/#\/schema\/logo\/image\/\"},\"sameAs\":[\"https:\/\/www.facebook.com\/teiaeducation\/\",\"https:\/\/x.com\/EducationTeia\",\"https:\/\/www.instagram.com\/teia.education\/\",\"https:\/\/www.linkedin.com\/company\/35501660\",\"https:\/\/www.pinterest.ch\/TeiaEducation\/\"]}]}<\/script>\n<!-- \/ Yoast SEO plugin. -->","yoast_head_json":{"title":"Dein Tag Geburtstagsfeier Set - Grapat","description":"Grapat Dein Tag ist ein Geburtstagsfeier Set aus Holz, das Teile zur Dekoration von Geburtstagen und anderen wichtigen saisonalen Festen enth\u00e4lt.","robots":{"index":"index","follow":"follow","max-snippet":"max-snippet:-1","max-image-preview":"max-image-preview:large","max-video-preview":"max-video-preview:-1"},"canonical":"https:\/\/teiaeducation.ch\/de\/produkt\/dein-grapat-tag-geburtstagsfeier-set\/","og_locale":"de_DE","og_type":"article","og_title":"Dein Tag Geburtstagsfeier Set - Grapat","og_description":"Grapat Dein Tag ist ein Geburtstagsfeier Set aus Holz, das Teile zur Dekoration von Geburtstagen und anderen wichtigen saisonalen Festen enth\u00e4lt.","og_url":"https:\/\/teiaeducation.ch\/de\/produkt\/dein-grapat-tag-geburtstagsfeier-set\/","og_site_name":"Sustainable Educational Products &amp; Ecological Toys\u00a0","article_publisher":"https:\/\/www.facebook.com\/teiaeducation\/","article_modified_time":"2025-07-11T13:05:31+00:00","og_image":[{"width":2048,"height":1367,"url":"https:\/\/teiaeducation.ch\/wp-content\/uploads\/2024\/09\/Your-day-celebration-play-set-Grapat-scaled-e1727451099507.jpg","type":"image\/jpeg"}],"schema":{"@context":"https:\/\/schema.org","@graph":[{"@type":"WebPage","@id":"https:\/\/teiaeducation.ch\/de\/produkt\/dein-grapat-tag-geburtstagsfeier-set\/","url":"https:\/\/teiaeducation.ch\/de\/produkt\/dein-grapat-tag-geburtstagsfeier-set\/","name":"Dein Tag Geburtstagsfeier Set - Grapat","isPartOf":{"@id":"https:\/\/teiaeducation.ch\/de\/#website"},"primaryImageOfPage":{"@id":"https:\/\/teiaeducation.ch\/de\/produkt\/dein-grapat-tag-geburtstagsfeier-set\/#primaryimage"},"image":{"@id":"https:\/\/teiaeducation.ch\/de\/produkt\/dein-grapat-tag-geburtstagsfeier-set\/#primaryimage"},"thumbnailUrl":"https:\/\/teiaeducation.ch\/wp-content\/uploads\/2024\/09\/Your-day-celebration-play-set-Grapat-scaled-e1727451099507.jpg","datePublished":"2024-09-02T12:04:46+00:00","dateModified":"2025-07-11T13:05:31+00:00","description":"Grapat Dein Tag ist ein Geburtstagsfeier Set aus Holz, das Teile zur Dekoration von Geburtstagen und anderen wichtigen saisonalen Festen enth\u00e4lt.","breadcrumb":{"@id":"https:\/\/teiaeducation.ch\/de\/produkt\/dein-grapat-tag-geburtstagsfeier-set\/#breadcrumb"},"inLanguage":"de-CH","potentialAction":[{"@type":"ReadAction","target":["https:\/\/teiaeducation.ch\/de\/produkt\/dein-grapat-tag-geburtstagsfeier-set\/"]}]},{"@type":"ImageObject","inLanguage":"de-CH","@id":"https:\/\/teiaeducation.ch\/de\/produkt\/dein-grapat-tag-geburtstagsfeier-set\/#primaryimage","url":"https:\/\/teiaeducation.ch\/wp-content\/uploads\/2024\/09\/Your-day-celebration-play-set-Grapat-scaled-e1727451099507.jpg","contentUrl":"https:\/\/teiaeducation.ch\/wp-content\/uploads\/2024\/09\/Your-day-celebration-play-set-Grapat-scaled-e1727451099507.jpg","width":2048,"height":1367,"caption":"Dein Grapat Tag Geburtstagsfeier Set"},{"@type":"BreadcrumbList","@id":"https:\/\/teiaeducation.ch\/de\/produkt\/dein-grapat-tag-geburtstagsfeier-set\/#breadcrumb","itemListElement":[{"@type":"ListItem","position":1,"name":"Home","item":"https:\/\/teiaeducation.ch\/de\/"},{"@type":"ListItem","position":2,"name":"Laden","item":"https:\/\/teiaeducation.ch\/de\/shop\/"},{"@type":"ListItem","position":3,"name":"Unsere Marken","item":"https:\/\/teiaeducation.ch\/de\/produkt-kategorie\/unsere-marken\/"},{"@type":"ListItem","position":4,"name":"Grapat","item":"https:\/\/teiaeducation.ch\/de\/produkt-kategorie\/unsere-marken\/grapat-de\/"},{"@type":"ListItem","position":5,"name":"Grapat Komplett-Sets","item":"https:\/\/teiaeducation.ch\/de\/produkt-kategorie\/unsere-marken\/grapat-de\/grapat-komplett-sets\/"},{"@type":"ListItem","position":6,"name":"Dein Tag Geburtstagsfeier Set &#8211; Grapat"}]},{"@type":"WebSite","@id":"https:\/\/teiaeducation.ch\/de\/#website","url":"https:\/\/teiaeducation.ch\/de\/","name":"Sustainable Educational Products &amp; Ecological Toys\u00a0","description":"Specialised Swiss shop selling sustainable educational toys and games, AMI certified Montessori materials, handmade ecological wooden Waldorf toys and arts &amp; crafts supplies, school supplies, children&#039;s furniture and Montessori reference and parenting books.","publisher":{"@id":"https:\/\/teiaeducation.ch\/de\/#organization"},"alternateName":"Teia Education & Play","potentialAction":[{"@type":"SearchAction","target":{"@type":"EntryPoint","urlTemplate":"https:\/\/teiaeducation.ch\/de\/?s={search_term_string}"},"query-input":{"@type":"PropertyValueSpecification","valueRequired":true,"valueName":"search_term_string"}}],"inLanguage":"de-CH"},{"@type":"Organization","@id":"https:\/\/teiaeducation.ch\/de\/#organization","name":"Teia Education & Play","url":"https:\/\/teiaeducation.ch\/de\/","logo":{"@type":"ImageObject","inLanguage":"de-CH","@id":"https:\/\/teiaeducation.ch\/de\/#\/schema\/logo\/image\/","url":"https:\/\/teiaeducation.ch\/wp-content\/uploads\/2020\/11\/Teia-Education-Switzerland-e1620156442216.jpg","contentUrl":"https:\/\/teiaeducation.ch\/wp-content\/uploads\/2020\/11\/Teia-Education-Switzerland-e1620156442216.jpg","width":166,"height":145,"caption":"Teia Education & Play"},"image":{"@id":"https:\/\/teiaeducation.ch\/de\/#\/schema\/logo\/image\/"},"sameAs":["https:\/\/www.facebook.com\/teiaeducation\/","https:\/\/x.com\/EducationTeia","https:\/\/www.instagram.com\/teia.education\/","https:\/\/www.linkedin.com\/company\/35501660","https:\/\/www.pinterest.ch\/TeiaEducation\/"]}]}},"_links":{"self":[{"href":"https:\/\/teiaeducation.ch\/de\/wp-json\/wp\/v2\/product\/65815","targetHints":{"allow":["GET"]}}],"collection":[{"href":"https:\/\/teiaeducation.ch\/de\/wp-json\/wp\/v2\/product"}],"about":[{"href":"https:\/\/teiaeducation.ch\/de\/wp-json\/wp\/v2\/types\/product"}],"replies":[{"embeddable":true,"href":"https:\/\/teiaeducation.ch\/de\/wp-json\/wp\/v2\/comments?post=65815"}],"wp:featuredmedia":[{"embeddable":true,"href":"https:\/\/teiaeducation.ch\/de\/wp-json\/wp\/v2\/media\/62625"}],"wp:attachment":[{"href":"https:\/\/teiaeducation.ch\/de\/wp-json\/wp\/v2\/media?parent=65815"}],"wp:term":[{"taxonomy":"product_brand","embeddable":true,"href":"https:\/\/teiaeducation.ch\/de\/wp-json\/wp\/v2\/product_brand?post=65815"},{"taxonomy":"product_cat","embeddable":true,"href":"https:\/\/teiaeducation.ch\/de\/wp-json\/wp\/v2\/product_cat?post=65815"},{"taxonomy":"product_tag","embeddable":true,"href":"https:\/\/teiaeducation.ch\/de\/wp-json\/wp\/v2\/product_tag?post=65815"}],"curies":[{"name":"wp","href":"https:\/\/api.w.org\/{rel}","templated":true}]}}