{"id":65823,"date":"2024-08-30T16:43:07","date_gmt":"2024-08-30T14:43:07","guid":{"rendered":"https:\/\/teiaeducation.ch\/product\/mondschein-maerchen-spielset-grapat\/"},"modified":"2025-07-26T22:09:11","modified_gmt":"2025-07-26T20:09:11","slug":"mondschein-maerchen-spielset-grapat","status":"publish","type":"product","link":"https:\/\/teiaeducation.ch\/de\/produkt\/mondschein-maerchen-spielset-grapat\/","title":{"rendered":"Mondschein M\u00e4rchen Spielset &#8211; Grapat"},"content":{"rendered":"<p>Das sch\u00f6ne Grapat Mondschein M\u00e4rchen Spielset aus Holz enth\u00e4lt 22 Teile in verschiedenen Formen und Gr\u00f6\u00dfen.<\/p>\n<p>Es war einmal ein Mondscheink\u00f6nigreich&#8230;setze die Geschichte dieses verzauberten Sets fort und lerne einige Figuren kennen, die deine Fantasie befl\u00fcgeln werden!<\/p>\n<p>Dieses skurrile und kreative Spielset wurde entwickelt, um Kreativit\u00e4t und Fantasie anzuregen. Es enth\u00e4lt Nins, Baby-Nins, Pilze, Eicheln und weitere faszinierende Figuren in sch\u00f6nen, ged\u00e4mpften Farben.<\/p>\n<p>Dieses Spielset ist nicht nur ein Objekt f\u00fcr offene, symbolische und kleine Spiele, sondern auch eine gro\u00dfartige Erg\u00e4nzung zum Erz\u00e4hlen von Zauber- und M\u00e4rchengeschichten.<\/p>\n<p>Das gesamte Set ist vollst\u00e4ndig von Hand aus nachhaltigem Holz gefertigt und von Hand mit nat\u00fcrlichen Farben auf Wasserbasis bearbeitet. Jedes St\u00fcck ist glatt und angenehm anzufassen und mit nat\u00fcrlichem Bienenwachs veredelt.<\/p>\n<p>Das Grapat Mondschein M\u00e4rchen Spielset ist f\u00fcr Kinder ab 36 Monaten geeignet.<\/p>\n<p>Inhalt:<\/p>\n<p>22 Holzteile<\/p>\n<h2>\u00dcber Grapat<\/h2>\n<p>Die spanische Marke <a href=\"https:\/\/teiaeducation.ch\/de\/produkt-kategorie\/unsere-marken\/grapat-de\/\">Grapat<\/a>, inspiriert von der <a href=\"https:\/\/teiaeducation.ch\/produktkategorie\/erziehungsmethode\/waldorf-steiner-spielzeug-bastelmaterialen\/\">Waldorfp\u00e4dagogik<\/a>, ist bekannt f\u00fcr ihr wundersch\u00f6nes Holzspielzeug mit offenem Ende, das freies und selbst\u00e4ndiges Spielen f\u00f6rdert. Die Grapat Philosophie basiert auf der Bereitstellung von Spielzeugen, die die Kinder ermutigen zur <a href=\"https:\/\/teiaeducation.ch\/de\/produkt-kategorie\/malen-basteln\/\">Kreativit\u00e4t<\/a> anregen, damit sie ihre eigenen Spiele und <a href=\"https:\/\/teiaeducation.ch\/de\/produkt-kategorie\/kinder-spielzeug\/spiele-mit-offenem-ende\/\">Fantasiewelten<\/a> erfinden k\u00f6nnen.<\/p>\n<p>Alle <a href=\"https:\/\/teiaeducation.ch\/de\/produkt-kategorie\/kinder-spielzeug\/handgefertigtes-holzspielzeug\/\">Holzspielzeuge<\/a> von Grapat werden in verschiedenen Werkst\u00e4tten in Katalonien, Spanien, nach traditionellen Verfahren aus Holz aus nachhaltiger Forstwirtschaft handgefertigt und von Hand mit Farben auf Wasserbasis bemalt.<\/p>\n<p>Grapat Spielzeug ist f\u00fcr Kleinkinder sicher, da es ungiftig ist und die europ\u00e4ischen Sicherheitsvorschriften der Richtlinie EN \/ 71-3: 2014 + A1: 2014 \/ 2013 zur Sicherheit von Spielzeug erf\u00fcllt. Ein gro\u00dfer Teil der Grapat-Spielzeugkollektion tr\u00e4gt das renommierte Spielgut\u00ae-Siegel.<\/p>\n","protected":false},"excerpt":{"rendered":"<p>Artikelnummer: 24-256<\/p>\n<p>Das Grapat Mondschein M\u00e4rchen Spielset aus Holz enth\u00e4lt Nins, Baby-Nins, Pilze, Eicheln und weitere faszinierende Figuren in sch\u00f6nen verwaschenen Farben!<\/p>\n","protected":false},"featured_media":62647,"comment_status":"open","ping_status":"closed","template":"","meta":[],"product_brand":[],"product_cat":[21445,21446,21479,21515,21690,21636,21637,23075,21510,21509,22182,21443,21563,21678,21564,21483,22919],"product_tag":[30046,26316,30047,26313,30045,30043,30044,30048],"class_list":{"0":"post-65823","1":"product","2":"type-product","3":"status-publish","4":"has-post-thumbnail","6":"product_cat-3-6-jahre-vorschule","7":"product_cat-6-12-jahre-grundschule","8":"product_cat-lernmaterialien-spielzeug-montessori-waldorf-steiner-froebel","9":"product_cat-erde-universum","10":"product_cat-spiele-mit-offenem-ende","11":"product_cat-grapat-de","12":"product_cat-grapat-komplett-sets","13":"product_cat-handgefertigtes-holzspielzeug","14":"product_cat-kultur-wissenschaft","15":"product_cat-lernthemen","16":"product_cat-montessori-spielzeug","17":"product_cat-nach-alter","18":"product_cat-neuheiten","19":"product_cat-kinder-spielzeug","20":"product_cat-unsere-marken","21":"product_cat-waldorf-steiner-paedagogik","22":"product_cat-waldorfspielzeug","23":"product_tag-grapat-2024-sammlung","24":"product_tag-grapat-spielzeug","25":"product_tag-grapat-spielzeug-waldorf","26":"product_tag-handgefertigtes-holzspielzeug-grapat","27":"product_tag-holzspielzeug-planeten-grapat","28":"product_tag-liebes-universum-grapat","29":"product_tag-liebes-universum-spielset-grapat","30":"product_tag-mondschein-marchen-spielset-grapat","32":"first","33":"outofstock","34":"taxable","35":"shipping-taxable","36":"purchasable","37":"product-type-simple"},"yoast_head":"<!-- This site is optimized with the Yoast SEO plugin v27.1.1 - https:\/\/yoast.com\/product\/yoast-seo-wordpress\/ -->\n<title>Mondschein M\u00e4rchen Spielset - Grapat<\/title>\n<meta name=\"description\" content=\"Das Grapat Mondschein M\u00e4rchen Spielset aus Holz enth\u00e4lt Nins, Baby-Nins, Pilze, Eicheln und weitere faszinierende Figuren in sch\u00f6nen verwaschenen Farben.\" \/>\n<meta name=\"robots\" content=\"index, follow, max-snippet:-1, max-image-preview:large, max-video-preview:-1\" \/>\n<link rel=\"canonical\" href=\"https:\/\/teiaeducation.ch\/de\/produkt\/mondschein-maerchen-spielset-grapat\/\" \/>\n<meta property=\"og:locale\" content=\"de_DE\" \/>\n<meta property=\"og:type\" content=\"article\" \/>\n<meta property=\"og:title\" content=\"Mondschein M\u00e4rchen Spielset - Grapat\" \/>\n<meta property=\"og:description\" content=\"Das Grapat Mondschein M\u00e4rchen Spielset aus Holz enth\u00e4lt Nins, Baby-Nins, Pilze, Eicheln und weitere faszinierende Figuren in sch\u00f6nen verwaschenen Farben.\" \/>\n<meta property=\"og:url\" content=\"https:\/\/teiaeducation.ch\/de\/produkt\/mondschein-maerchen-spielset-grapat\/\" \/>\n<meta property=\"og:site_name\" content=\"Sustainable Educational Products &amp; Ecological Toys\u00a0\" \/>\n<meta property=\"article:publisher\" content=\"https:\/\/www.facebook.com\/teiaeducation\/\" \/>\n<meta property=\"article:modified_time\" content=\"2025-07-26T20:09:11+00:00\" \/>\n<meta property=\"og:image\" content=\"https:\/\/teiaeducation.ch\/wp-content\/uploads\/2024\/08\/Dear-universe-wooden-planets-play-set-Grapat-6-scaled.jpg\" \/>\n\t<meta property=\"og:image:width\" content=\"2048\" \/>\n\t<meta property=\"og:image:height\" content=\"1704\" \/>\n\t<meta property=\"og:image:type\" content=\"image\/jpeg\" \/>\n<script type=\"application\/ld+json\" class=\"yoast-schema-graph\">{\"@context\":\"https:\/\/schema.org\",\"@graph\":[{\"@type\":\"WebPage\",\"@id\":\"https:\/\/teiaeducation.ch\/de\/produkt\/mondschein-maerchen-spielset-grapat\/\",\"url\":\"https:\/\/teiaeducation.ch\/de\/produkt\/mondschein-maerchen-spielset-grapat\/\",\"name\":\"Mondschein M\u00e4rchen Spielset - Grapat\",\"isPartOf\":{\"@id\":\"https:\/\/teiaeducation.ch\/de\/#website\"},\"primaryImageOfPage\":{\"@id\":\"https:\/\/teiaeducation.ch\/de\/produkt\/mondschein-maerchen-spielset-grapat\/#primaryimage\"},\"image\":{\"@id\":\"https:\/\/teiaeducation.ch\/de\/produkt\/mondschein-maerchen-spielset-grapat\/#primaryimage\"},\"thumbnailUrl\":\"https:\/\/teiaeducation.ch\/wp-content\/uploads\/2024\/08\/Dear-universe-wooden-planets-play-set-Grapat-6-scaled.jpg\",\"datePublished\":\"2024-08-30T14:43:07+00:00\",\"dateModified\":\"2025-07-26T20:09:11+00:00\",\"description\":\"Das Grapat Mondschein M\u00e4rchen Spielset aus Holz enth\u00e4lt Nins, Baby-Nins, Pilze, Eicheln und weitere faszinierende Figuren in sch\u00f6nen verwaschenen Farben.\",\"breadcrumb\":{\"@id\":\"https:\/\/teiaeducation.ch\/de\/produkt\/mondschein-maerchen-spielset-grapat\/#breadcrumb\"},\"inLanguage\":\"de-CH\",\"potentialAction\":[{\"@type\":\"ReadAction\",\"target\":[\"https:\/\/teiaeducation.ch\/de\/produkt\/mondschein-maerchen-spielset-grapat\/\"]}]},{\"@type\":\"ImageObject\",\"inLanguage\":\"de-CH\",\"@id\":\"https:\/\/teiaeducation.ch\/de\/produkt\/mondschein-maerchen-spielset-grapat\/#primaryimage\",\"url\":\"https:\/\/teiaeducation.ch\/wp-content\/uploads\/2024\/08\/Dear-universe-wooden-planets-play-set-Grapat-6-scaled.jpg\",\"contentUrl\":\"https:\/\/teiaeducation.ch\/wp-content\/uploads\/2024\/08\/Dear-universe-wooden-planets-play-set-Grapat-6-scaled.jpg\",\"width\":2048,\"height\":1704,\"caption\":\"Liebes Universum Holzplaneten Spielset Grapat\"},{\"@type\":\"BreadcrumbList\",\"@id\":\"https:\/\/teiaeducation.ch\/de\/produkt\/mondschein-maerchen-spielset-grapat\/#breadcrumb\",\"itemListElement\":[{\"@type\":\"ListItem\",\"position\":1,\"name\":\"Home\",\"item\":\"https:\/\/teiaeducation.ch\/de\/\"},{\"@type\":\"ListItem\",\"position\":2,\"name\":\"Laden\",\"item\":\"https:\/\/teiaeducation.ch\/de\/shop\/\"},{\"@type\":\"ListItem\",\"position\":3,\"name\":\"Unsere Marken\",\"item\":\"https:\/\/teiaeducation.ch\/de\/produkt-kategorie\/unsere-marken\/\"},{\"@type\":\"ListItem\",\"position\":4,\"name\":\"Grapat\",\"item\":\"https:\/\/teiaeducation.ch\/de\/produkt-kategorie\/unsere-marken\/grapat-de\/\"},{\"@type\":\"ListItem\",\"position\":5,\"name\":\"Grapat Komplett-Sets\",\"item\":\"https:\/\/teiaeducation.ch\/de\/produkt-kategorie\/unsere-marken\/grapat-de\/grapat-komplett-sets\/\"},{\"@type\":\"ListItem\",\"position\":6,\"name\":\"Mondschein M\u00e4rchen Spielset &#8211; Grapat\"}]},{\"@type\":\"WebSite\",\"@id\":\"https:\/\/teiaeducation.ch\/de\/#website\",\"url\":\"https:\/\/teiaeducation.ch\/de\/\",\"name\":\"Sustainable Educational Products &amp; Ecological Toys\u00a0\",\"description\":\"Specialised Swiss shop selling sustainable educational toys and games, AMI certified Montessori materials, handmade ecological wooden Waldorf toys and arts &amp; crafts supplies, school supplies, children&#039;s furniture and Montessori reference and parenting books.\",\"publisher\":{\"@id\":\"https:\/\/teiaeducation.ch\/de\/#organization\"},\"alternateName\":\"Teia Education & Play\",\"potentialAction\":[{\"@type\":\"SearchAction\",\"target\":{\"@type\":\"EntryPoint\",\"urlTemplate\":\"https:\/\/teiaeducation.ch\/de\/?s={search_term_string}\"},\"query-input\":{\"@type\":\"PropertyValueSpecification\",\"valueRequired\":true,\"valueName\":\"search_term_string\"}}],\"inLanguage\":\"de-CH\"},{\"@type\":\"Organization\",\"@id\":\"https:\/\/teiaeducation.ch\/de\/#organization\",\"name\":\"Teia Education & Play\",\"url\":\"https:\/\/teiaeducation.ch\/de\/\",\"logo\":{\"@type\":\"ImageObject\",\"inLanguage\":\"de-CH\",\"@id\":\"https:\/\/teiaeducation.ch\/de\/#\/schema\/logo\/image\/\",\"url\":\"https:\/\/teiaeducation.ch\/wp-content\/uploads\/2020\/11\/Teia-Education-Switzerland-e1620156442216.jpg\",\"contentUrl\":\"https:\/\/teiaeducation.ch\/wp-content\/uploads\/2020\/11\/Teia-Education-Switzerland-e1620156442216.jpg\",\"width\":166,\"height\":145,\"caption\":\"Teia Education & Play\"},\"image\":{\"@id\":\"https:\/\/teiaeducation.ch\/de\/#\/schema\/logo\/image\/\"},\"sameAs\":[\"https:\/\/www.facebook.com\/teiaeducation\/\",\"https:\/\/x.com\/EducationTeia\",\"https:\/\/www.instagram.com\/teia.education\/\",\"https:\/\/www.linkedin.com\/company\/35501660\",\"https:\/\/www.pinterest.ch\/TeiaEducation\/\"]}]}<\/script>\n<!-- \/ Yoast SEO plugin. -->","yoast_head_json":{"title":"Mondschein M\u00e4rchen Spielset - Grapat","description":"Das Grapat Mondschein M\u00e4rchen Spielset aus Holz enth\u00e4lt Nins, Baby-Nins, Pilze, Eicheln und weitere faszinierende Figuren in sch\u00f6nen verwaschenen Farben.","robots":{"index":"index","follow":"follow","max-snippet":"max-snippet:-1","max-image-preview":"max-image-preview:large","max-video-preview":"max-video-preview:-1"},"canonical":"https:\/\/teiaeducation.ch\/de\/produkt\/mondschein-maerchen-spielset-grapat\/","og_locale":"de_DE","og_type":"article","og_title":"Mondschein M\u00e4rchen Spielset - Grapat","og_description":"Das Grapat Mondschein M\u00e4rchen Spielset aus Holz enth\u00e4lt Nins, Baby-Nins, Pilze, Eicheln und weitere faszinierende Figuren in sch\u00f6nen verwaschenen Farben.","og_url":"https:\/\/teiaeducation.ch\/de\/produkt\/mondschein-maerchen-spielset-grapat\/","og_site_name":"Sustainable Educational Products &amp; Ecological Toys\u00a0","article_publisher":"https:\/\/www.facebook.com\/teiaeducation\/","article_modified_time":"2025-07-26T20:09:11+00:00","og_image":[{"width":2048,"height":1704,"url":"https:\/\/teiaeducation.ch\/wp-content\/uploads\/2024\/08\/Dear-universe-wooden-planets-play-set-Grapat-6-scaled.jpg","type":"image\/jpeg"}],"schema":{"@context":"https:\/\/schema.org","@graph":[{"@type":"WebPage","@id":"https:\/\/teiaeducation.ch\/de\/produkt\/mondschein-maerchen-spielset-grapat\/","url":"https:\/\/teiaeducation.ch\/de\/produkt\/mondschein-maerchen-spielset-grapat\/","name":"Mondschein M\u00e4rchen Spielset - Grapat","isPartOf":{"@id":"https:\/\/teiaeducation.ch\/de\/#website"},"primaryImageOfPage":{"@id":"https:\/\/teiaeducation.ch\/de\/produkt\/mondschein-maerchen-spielset-grapat\/#primaryimage"},"image":{"@id":"https:\/\/teiaeducation.ch\/de\/produkt\/mondschein-maerchen-spielset-grapat\/#primaryimage"},"thumbnailUrl":"https:\/\/teiaeducation.ch\/wp-content\/uploads\/2024\/08\/Dear-universe-wooden-planets-play-set-Grapat-6-scaled.jpg","datePublished":"2024-08-30T14:43:07+00:00","dateModified":"2025-07-26T20:09:11+00:00","description":"Das Grapat Mondschein M\u00e4rchen Spielset aus Holz enth\u00e4lt Nins, Baby-Nins, Pilze, Eicheln und weitere faszinierende Figuren in sch\u00f6nen verwaschenen Farben.","breadcrumb":{"@id":"https:\/\/teiaeducation.ch\/de\/produkt\/mondschein-maerchen-spielset-grapat\/#breadcrumb"},"inLanguage":"de-CH","potentialAction":[{"@type":"ReadAction","target":["https:\/\/teiaeducation.ch\/de\/produkt\/mondschein-maerchen-spielset-grapat\/"]}]},{"@type":"ImageObject","inLanguage":"de-CH","@id":"https:\/\/teiaeducation.ch\/de\/produkt\/mondschein-maerchen-spielset-grapat\/#primaryimage","url":"https:\/\/teiaeducation.ch\/wp-content\/uploads\/2024\/08\/Dear-universe-wooden-planets-play-set-Grapat-6-scaled.jpg","contentUrl":"https:\/\/teiaeducation.ch\/wp-content\/uploads\/2024\/08\/Dear-universe-wooden-planets-play-set-Grapat-6-scaled.jpg","width":2048,"height":1704,"caption":"Liebes Universum Holzplaneten Spielset Grapat"},{"@type":"BreadcrumbList","@id":"https:\/\/teiaeducation.ch\/de\/produkt\/mondschein-maerchen-spielset-grapat\/#breadcrumb","itemListElement":[{"@type":"ListItem","position":1,"name":"Home","item":"https:\/\/teiaeducation.ch\/de\/"},{"@type":"ListItem","position":2,"name":"Laden","item":"https:\/\/teiaeducation.ch\/de\/shop\/"},{"@type":"ListItem","position":3,"name":"Unsere Marken","item":"https:\/\/teiaeducation.ch\/de\/produkt-kategorie\/unsere-marken\/"},{"@type":"ListItem","position":4,"name":"Grapat","item":"https:\/\/teiaeducation.ch\/de\/produkt-kategorie\/unsere-marken\/grapat-de\/"},{"@type":"ListItem","position":5,"name":"Grapat Komplett-Sets","item":"https:\/\/teiaeducation.ch\/de\/produkt-kategorie\/unsere-marken\/grapat-de\/grapat-komplett-sets\/"},{"@type":"ListItem","position":6,"name":"Mondschein M\u00e4rchen Spielset &#8211; Grapat"}]},{"@type":"WebSite","@id":"https:\/\/teiaeducation.ch\/de\/#website","url":"https:\/\/teiaeducation.ch\/de\/","name":"Sustainable Educational Products &amp; Ecological Toys\u00a0","description":"Specialised Swiss shop selling sustainable educational toys and games, AMI certified Montessori materials, handmade ecological wooden Waldorf toys and arts &amp; crafts supplies, school supplies, children&#039;s furniture and Montessori reference and parenting books.","publisher":{"@id":"https:\/\/teiaeducation.ch\/de\/#organization"},"alternateName":"Teia Education & Play","potentialAction":[{"@type":"SearchAction","target":{"@type":"EntryPoint","urlTemplate":"https:\/\/teiaeducation.ch\/de\/?s={search_term_string}"},"query-input":{"@type":"PropertyValueSpecification","valueRequired":true,"valueName":"search_term_string"}}],"inLanguage":"de-CH"},{"@type":"Organization","@id":"https:\/\/teiaeducation.ch\/de\/#organization","name":"Teia Education & Play","url":"https:\/\/teiaeducation.ch\/de\/","logo":{"@type":"ImageObject","inLanguage":"de-CH","@id":"https:\/\/teiaeducation.ch\/de\/#\/schema\/logo\/image\/","url":"https:\/\/teiaeducation.ch\/wp-content\/uploads\/2020\/11\/Teia-Education-Switzerland-e1620156442216.jpg","contentUrl":"https:\/\/teiaeducation.ch\/wp-content\/uploads\/2020\/11\/Teia-Education-Switzerland-e1620156442216.jpg","width":166,"height":145,"caption":"Teia Education & Play"},"image":{"@id":"https:\/\/teiaeducation.ch\/de\/#\/schema\/logo\/image\/"},"sameAs":["https:\/\/www.facebook.com\/teiaeducation\/","https:\/\/x.com\/EducationTeia","https:\/\/www.instagram.com\/teia.education\/","https:\/\/www.linkedin.com\/company\/35501660","https:\/\/www.pinterest.ch\/TeiaEducation\/"]}]}},"_links":{"self":[{"href":"https:\/\/teiaeducation.ch\/de\/wp-json\/wp\/v2\/product\/65823","targetHints":{"allow":["GET"]}}],"collection":[{"href":"https:\/\/teiaeducation.ch\/de\/wp-json\/wp\/v2\/product"}],"about":[{"href":"https:\/\/teiaeducation.ch\/de\/wp-json\/wp\/v2\/types\/product"}],"replies":[{"embeddable":true,"href":"https:\/\/teiaeducation.ch\/de\/wp-json\/wp\/v2\/comments?post=65823"}],"wp:featuredmedia":[{"embeddable":true,"href":"https:\/\/teiaeducation.ch\/de\/wp-json\/wp\/v2\/media\/62647"}],"wp:attachment":[{"href":"https:\/\/teiaeducation.ch\/de\/wp-json\/wp\/v2\/media?parent=65823"}],"wp:term":[{"taxonomy":"product_brand","embeddable":true,"href":"https:\/\/teiaeducation.ch\/de\/wp-json\/wp\/v2\/product_brand?post=65823"},{"taxonomy":"product_cat","embeddable":true,"href":"https:\/\/teiaeducation.ch\/de\/wp-json\/wp\/v2\/product_cat?post=65823"},{"taxonomy":"product_tag","embeddable":true,"href":"https:\/\/teiaeducation.ch\/de\/wp-json\/wp\/v2\/product_tag?post=65823"}],"curies":[{"name":"wp","href":"https:\/\/api.w.org\/{rel}","templated":true}]}}