{"id":65825,"date":"2023-03-23T14:28:02","date_gmt":"2023-03-23T13:28:02","guid":{"rendered":"https:\/\/teiaeducation.ch\/product\/baelle-druecken-nienhuis-montessori\/"},"modified":"2025-08-19T11:05:44","modified_gmt":"2025-08-19T09:05:44","slug":"baelle-druecken-nienhuis-montessori","status":"publish","type":"product","link":"https:\/\/teiaeducation.ch\/de\/produkt\/baelle-druecken-nienhuis-montessori\/","title":{"rendered":"B\u00e4lle dr\u00fccken \u2013 Nienhuis Montessori"},"content":{"rendered":"<p>Die Nienhuis Montessori B\u00e4lle dr\u00fccken set ist eine Neuerscheinung 2023 f\u00fcr das Materialprogramm f\u00fcr <a href=\"https:\/\/teiaeducation.ch\/de\/produkt-kategorie\/unsere-marken\/nienhuis-montessori-schweiz\/baby-kleinkind-nienhuis-montessori\/\">S\u00e4uglinge und Kleinkinder<\/a> und ist eine Art von Objektpermanenzbox. Er wurde speziell f\u00fcr die Verwendung durch Kleinkinder entwickelt.<\/p>\n<p>Mit diesem Material entwickelt das Kleinkind seine verfeinerten Handbewegungen, insbesondere die Kontrolle \u00fcber Hand, Handgelenk und Finger. Es verbessert die manipulativen F\u00e4higkeiten des Kindes, st\u00e4rkt seine Finger und H\u00e4nde und vermittelt ein Verst\u00e4ndnis f\u00fcr die<a href=\"https:\/\/teiaeducation.ch\/de\/produkt-kategorie\/lernthemen\/sensorische-motorische-fertigkeiten\/objektpermanenz\/\"> Dauerhaftigkeit von Objekten<\/a>.<\/p>\n<p>Das B\u00e4lle dr\u00fccken set ist aus massivem Holz gefertigt und hat abgerundete Kanten f\u00fcr eine sichere Benutzung auch durch die kleinsten H\u00e4nde. Die Holzkugeln sind in den Grundfarben rot, blau und gelb gehalten &#8211; der Sockel mit L\u00f6chern misst 23 x 16 x 10,5 cm.<\/p>\n<p>Dieses <a href=\"https:\/\/teiaeducation.ch\/de\/produkt-kategorie\/lernmaterialien-spielzeug-montessori-waldorf-steiner-froebel\/montessori-paedagogik-material-spielzeug\/\">Montessori<\/a> Material ist f\u00fcr Kleinkinder ab 2 Jahren geeignet.<\/p>\n<p>Inhalt:<\/p>\n<p>1 Holzsockel (23 x 16 x 10,5 cm)<br \/>\n3 Holzkugeln<\/p>\n<h2>\u00dcber Nienhuis Montessori<\/h2>\n<p>Die Niederl\u00e4ndische Marke <a href=\"https:\/\/teiaeducation.ch\/de\/produkt-kategorie\/unsere-marken\/nienhuis-montessori-schweiz\/\">Nienhuis Montessori<\/a> ist die weltweit f\u00fchrende <a href=\"https:\/\/teiaeducation.ch\/de\/was-ist-die-montessori-paedagogik\/\">Montessori-Marke<\/a>, die das Erbe von Maria Montessori ehrt und fortf\u00fchrt und das breiteste und innovativste Sortiment an Montessori-Materialien, <a href=\"https:\/\/teiaeducation.ch\/de\/produkt-kategorie\/klassenzimmer-essenzien\/montessori-mobel\/\">-M\u00f6beln<\/a> und <a href=\"https:\/\/teiaeducation.ch\/de\/produkt-kategorie\/unsere-marken\/nienhuis-montessori-schweiz\/curriculum-erganzung-nienhuis-montessori\/\">verwandten Produkten<\/a> herstellt. Die hochwertigen Nienhuis Montessori Produkte geben den Kindern die Werkzeuge, die sie brauchen, um unabh\u00e4ngig und kritisch zu denken. Alle Nienhuis Montessori Materialien sind vom Materialkomitee der Association Montessori Internationale (<a href=\"https:\/\/montessori-ami.org\/\">AMI<\/a>) zertifiziert und werden sorgf\u00e4ltig hergestellt, um Schwierigkeiten zu isolieren, so dass die Kinder sich konzentrieren, lernen und sich entwickeln k\u00f6nnen.<\/p>\n<p>Nienhuis Montessori ist eine der Marken des Niederl\u00e4ndischen Unternehmens Heutink International, das weltweit die besten p\u00e4dagogischen Marken anbietet, die auf <a href=\"https:\/\/teiaeducation.ch\/de\/produkt-kategorie\/kinder-spielzeug\/\">spielerisches<\/a> Lernen ausgerichtet sind.<\/p>\n","protected":false},"excerpt":{"rendered":"<p>Artikelnummer: 041700<\/p>\n<p>Der Nienhuis Montessori B\u00e4lle dr\u00fccken ist eine Art von Objektpermanenzbox und wurde speziell f\u00fcr die Verwendung durch Kleinkinder entwickelt!<\/p>\n","protected":false},"featured_media":63948,"comment_status":"open","ping_status":"closed","template":"","meta":[],"product_brand":[],"product_cat":[21444,21479,21650,21509,21498,21481,21559,21443,21563,21572,21561,21494,21557,21497,21564],"product_tag":[30060,30061,30055,30059,30056,30058,30057],"class_list":{"0":"post-65825","1":"product","2":"type-product","3":"status-publish","4":"has-post-thumbnail","6":"product_cat-1-3-jahre-kleinkind","7":"product_cat-lernmaterialien-spielzeug-montessori-waldorf-steiner-froebel","8":"product_cat-baby-kleinkind-nienhuis-montessori","9":"product_cat-lernthemen","10":"product_cat-montessori-materialien-fuer-zuhause-schulbedarf-fuer-zuhause","11":"product_cat-montessori-paedagogik-material-spielzeug","12":"product_cat-motorische-fertigkeiten","13":"product_cat-nach-alter","14":"product_cat-neuheiten","15":"product_cat-nienhuis-montessori-schweiz","16":"product_cat-objektpermanenz","17":"product_cat-schulbedarf-fuer-zuhause","18":"product_cat-sensorische-motorische-fertigkeiten","19":"product_cat-spielen-und-lernen-fuer-babys-kleinkinder","20":"product_cat-unsere-marken","21":"product_tag-balle-drucken-nienhuis-montessori-2023-sammlung","22":"product_tag-montessori-objektbestandigkeit-balle-drucken","23":"product_tag-nienhuis-montessori-balle-drucken","24":"product_tag-nienhuis-montessori-kleinkinder-balle-drucken","25":"product_tag-nienhuis-montessori-material-fur-kleinkinder","26":"product_tag-nienhuis-montessori-neuerscheinungen","27":"product_tag-nienhuis-montessori-objektbestandigkeit","29":"first","30":"instock","31":"taxable","32":"shipping-taxable","33":"purchasable","34":"product-type-simple"},"yoast_head":"<!-- This site is optimized with the Yoast SEO plugin v27.1.1 - https:\/\/yoast.com\/product\/yoast-seo-wordpress\/ -->\n<title>B\u00e4lle dr\u00fccken \u2013 Nienhuis Montessori<\/title>\n<meta name=\"description\" content=\"Der Nienhuis Montessori B\u00e4lle dr\u00fccken ist eine Art von Objektpermanenzbox. Er wurde speziell f\u00fcr die Verwendung durch Kleinkinder entwickelt.\" \/>\n<meta name=\"robots\" content=\"index, follow, max-snippet:-1, max-image-preview:large, max-video-preview:-1\" \/>\n<link rel=\"canonical\" href=\"https:\/\/teiaeducation.ch\/de\/produkt\/baelle-druecken-nienhuis-montessori\/\" \/>\n<meta property=\"og:locale\" content=\"de_DE\" \/>\n<meta property=\"og:type\" content=\"article\" \/>\n<meta property=\"og:title\" content=\"B\u00e4lle dr\u00fccken \u2013 Nienhuis Montessori\" \/>\n<meta property=\"og:description\" content=\"Der Nienhuis Montessori B\u00e4lle dr\u00fccken ist eine Art von Objektpermanenzbox. Er wurde speziell f\u00fcr die Verwendung durch Kleinkinder entwickelt.\" \/>\n<meta property=\"og:url\" content=\"https:\/\/teiaeducation.ch\/de\/produkt\/baelle-druecken-nienhuis-montessori\/\" \/>\n<meta property=\"og:site_name\" content=\"Sustainable Educational Products &amp; Ecological Toys\u00a0\" \/>\n<meta property=\"article:publisher\" content=\"https:\/\/www.facebook.com\/teiaeducation\/\" \/>\n<meta property=\"article:modified_time\" content=\"2025-08-19T09:05:44+00:00\" \/>\n<meta property=\"og:image\" content=\"https:\/\/teiaeducation.ch\/wp-content\/uploads\/2024\/10\/Push-box-Nienhuis-Montessori-2023-Collection.jpeg\" \/>\n\t<meta property=\"og:image:width\" content=\"900\" \/>\n\t<meta property=\"og:image:height\" content=\"900\" \/>\n\t<meta property=\"og:image:type\" content=\"image\/jpeg\" \/>\n<script type=\"application\/ld+json\" class=\"yoast-schema-graph\">{\"@context\":\"https:\/\/schema.org\",\"@graph\":[{\"@type\":\"WebPage\",\"@id\":\"https:\/\/teiaeducation.ch\/de\/produkt\/baelle-druecken-nienhuis-montessori\/\",\"url\":\"https:\/\/teiaeducation.ch\/de\/produkt\/baelle-druecken-nienhuis-montessori\/\",\"name\":\"B\u00e4lle dr\u00fccken \u2013 Nienhuis Montessori\",\"isPartOf\":{\"@id\":\"https:\/\/teiaeducation.ch\/de\/#website\"},\"primaryImageOfPage\":{\"@id\":\"https:\/\/teiaeducation.ch\/de\/produkt\/baelle-druecken-nienhuis-montessori\/#primaryimage\"},\"image\":{\"@id\":\"https:\/\/teiaeducation.ch\/de\/produkt\/baelle-druecken-nienhuis-montessori\/#primaryimage\"},\"thumbnailUrl\":\"https:\/\/teiaeducation.ch\/wp-content\/uploads\/2024\/10\/Push-box-Nienhuis-Montessori-2023-Collection.jpeg\",\"datePublished\":\"2023-03-23T13:28:02+00:00\",\"dateModified\":\"2025-08-19T09:05:44+00:00\",\"description\":\"Der Nienhuis Montessori B\u00e4lle dr\u00fccken ist eine Art von Objektpermanenzbox. Er wurde speziell f\u00fcr die Verwendung durch Kleinkinder entwickelt.\",\"breadcrumb\":{\"@id\":\"https:\/\/teiaeducation.ch\/de\/produkt\/baelle-druecken-nienhuis-montessori\/#breadcrumb\"},\"inLanguage\":\"de-CH\",\"potentialAction\":[{\"@type\":\"ReadAction\",\"target\":[\"https:\/\/teiaeducation.ch\/de\/produkt\/baelle-druecken-nienhuis-montessori\/\"]}]},{\"@type\":\"ImageObject\",\"inLanguage\":\"de-CH\",\"@id\":\"https:\/\/teiaeducation.ch\/de\/produkt\/baelle-druecken-nienhuis-montessori\/#primaryimage\",\"url\":\"https:\/\/teiaeducation.ch\/wp-content\/uploads\/2024\/10\/Push-box-Nienhuis-Montessori-2023-Collection.jpeg\",\"contentUrl\":\"https:\/\/teiaeducation.ch\/wp-content\/uploads\/2024\/10\/Push-box-Nienhuis-Montessori-2023-Collection.jpeg\",\"width\":900,\"height\":900,\"caption\":\"B\u00e4lle dr\u00fcckenn Nienhuis Montessori 2023 Sammlung\"},{\"@type\":\"BreadcrumbList\",\"@id\":\"https:\/\/teiaeducation.ch\/de\/produkt\/baelle-druecken-nienhuis-montessori\/#breadcrumb\",\"itemListElement\":[{\"@type\":\"ListItem\",\"position\":1,\"name\":\"Home\",\"item\":\"https:\/\/teiaeducation.ch\/de\/\"},{\"@type\":\"ListItem\",\"position\":2,\"name\":\"Laden\",\"item\":\"https:\/\/teiaeducation.ch\/de\/shop\/\"},{\"@type\":\"ListItem\",\"position\":3,\"name\":\"Unsere Marken\",\"item\":\"https:\/\/teiaeducation.ch\/de\/produkt-kategorie\/unsere-marken\/\"},{\"@type\":\"ListItem\",\"position\":4,\"name\":\"Nienhuis Montessori Schweiz\",\"item\":\"https:\/\/teiaeducation.ch\/de\/produkt-kategorie\/unsere-marken\/nienhuis-montessori-schweiz\/\"},{\"@type\":\"ListItem\",\"position\":5,\"name\":\"Kleinkindmaterial\",\"item\":\"https:\/\/teiaeducation.ch\/de\/produkt-kategorie\/unsere-marken\/nienhuis-montessori-schweiz\/baby-kleinkind-nienhuis-montessori\/\"},{\"@type\":\"ListItem\",\"position\":6,\"name\":\"B\u00e4lle dr\u00fccken \u2013 Nienhuis Montessori\"}]},{\"@type\":\"WebSite\",\"@id\":\"https:\/\/teiaeducation.ch\/de\/#website\",\"url\":\"https:\/\/teiaeducation.ch\/de\/\",\"name\":\"Sustainable Educational Products &amp; Ecological Toys\u00a0\",\"description\":\"Specialised Swiss shop selling sustainable educational toys and games, AMI certified Montessori materials, handmade ecological wooden Waldorf toys and arts &amp; crafts supplies, school supplies, children&#039;s furniture and Montessori reference and parenting books.\",\"publisher\":{\"@id\":\"https:\/\/teiaeducation.ch\/de\/#organization\"},\"alternateName\":\"Teia Education & Play\",\"potentialAction\":[{\"@type\":\"SearchAction\",\"target\":{\"@type\":\"EntryPoint\",\"urlTemplate\":\"https:\/\/teiaeducation.ch\/de\/?s={search_term_string}\"},\"query-input\":{\"@type\":\"PropertyValueSpecification\",\"valueRequired\":true,\"valueName\":\"search_term_string\"}}],\"inLanguage\":\"de-CH\"},{\"@type\":\"Organization\",\"@id\":\"https:\/\/teiaeducation.ch\/de\/#organization\",\"name\":\"Teia Education & Play\",\"url\":\"https:\/\/teiaeducation.ch\/de\/\",\"logo\":{\"@type\":\"ImageObject\",\"inLanguage\":\"de-CH\",\"@id\":\"https:\/\/teiaeducation.ch\/de\/#\/schema\/logo\/image\/\",\"url\":\"https:\/\/teiaeducation.ch\/wp-content\/uploads\/2020\/11\/Teia-Education-Switzerland-e1620156442216.jpg\",\"contentUrl\":\"https:\/\/teiaeducation.ch\/wp-content\/uploads\/2020\/11\/Teia-Education-Switzerland-e1620156442216.jpg\",\"width\":166,\"height\":145,\"caption\":\"Teia Education & Play\"},\"image\":{\"@id\":\"https:\/\/teiaeducation.ch\/de\/#\/schema\/logo\/image\/\"},\"sameAs\":[\"https:\/\/www.facebook.com\/teiaeducation\/\",\"https:\/\/x.com\/EducationTeia\",\"https:\/\/www.instagram.com\/teia.education\/\",\"https:\/\/www.linkedin.com\/company\/35501660\",\"https:\/\/www.pinterest.ch\/TeiaEducation\/\"]}]}<\/script>\n<!-- \/ Yoast SEO plugin. -->","yoast_head_json":{"title":"B\u00e4lle dr\u00fccken \u2013 Nienhuis Montessori","description":"Der Nienhuis Montessori B\u00e4lle dr\u00fccken ist eine Art von Objektpermanenzbox. Er wurde speziell f\u00fcr die Verwendung durch Kleinkinder entwickelt.","robots":{"index":"index","follow":"follow","max-snippet":"max-snippet:-1","max-image-preview":"max-image-preview:large","max-video-preview":"max-video-preview:-1"},"canonical":"https:\/\/teiaeducation.ch\/de\/produkt\/baelle-druecken-nienhuis-montessori\/","og_locale":"de_DE","og_type":"article","og_title":"B\u00e4lle dr\u00fccken \u2013 Nienhuis Montessori","og_description":"Der Nienhuis Montessori B\u00e4lle dr\u00fccken ist eine Art von Objektpermanenzbox. Er wurde speziell f\u00fcr die Verwendung durch Kleinkinder entwickelt.","og_url":"https:\/\/teiaeducation.ch\/de\/produkt\/baelle-druecken-nienhuis-montessori\/","og_site_name":"Sustainable Educational Products &amp; Ecological Toys\u00a0","article_publisher":"https:\/\/www.facebook.com\/teiaeducation\/","article_modified_time":"2025-08-19T09:05:44+00:00","og_image":[{"width":900,"height":900,"url":"https:\/\/teiaeducation.ch\/wp-content\/uploads\/2024\/10\/Push-box-Nienhuis-Montessori-2023-Collection.jpeg","type":"image\/jpeg"}],"schema":{"@context":"https:\/\/schema.org","@graph":[{"@type":"WebPage","@id":"https:\/\/teiaeducation.ch\/de\/produkt\/baelle-druecken-nienhuis-montessori\/","url":"https:\/\/teiaeducation.ch\/de\/produkt\/baelle-druecken-nienhuis-montessori\/","name":"B\u00e4lle dr\u00fccken \u2013 Nienhuis Montessori","isPartOf":{"@id":"https:\/\/teiaeducation.ch\/de\/#website"},"primaryImageOfPage":{"@id":"https:\/\/teiaeducation.ch\/de\/produkt\/baelle-druecken-nienhuis-montessori\/#primaryimage"},"image":{"@id":"https:\/\/teiaeducation.ch\/de\/produkt\/baelle-druecken-nienhuis-montessori\/#primaryimage"},"thumbnailUrl":"https:\/\/teiaeducation.ch\/wp-content\/uploads\/2024\/10\/Push-box-Nienhuis-Montessori-2023-Collection.jpeg","datePublished":"2023-03-23T13:28:02+00:00","dateModified":"2025-08-19T09:05:44+00:00","description":"Der Nienhuis Montessori B\u00e4lle dr\u00fccken ist eine Art von Objektpermanenzbox. Er wurde speziell f\u00fcr die Verwendung durch Kleinkinder entwickelt.","breadcrumb":{"@id":"https:\/\/teiaeducation.ch\/de\/produkt\/baelle-druecken-nienhuis-montessori\/#breadcrumb"},"inLanguage":"de-CH","potentialAction":[{"@type":"ReadAction","target":["https:\/\/teiaeducation.ch\/de\/produkt\/baelle-druecken-nienhuis-montessori\/"]}]},{"@type":"ImageObject","inLanguage":"de-CH","@id":"https:\/\/teiaeducation.ch\/de\/produkt\/baelle-druecken-nienhuis-montessori\/#primaryimage","url":"https:\/\/teiaeducation.ch\/wp-content\/uploads\/2024\/10\/Push-box-Nienhuis-Montessori-2023-Collection.jpeg","contentUrl":"https:\/\/teiaeducation.ch\/wp-content\/uploads\/2024\/10\/Push-box-Nienhuis-Montessori-2023-Collection.jpeg","width":900,"height":900,"caption":"B\u00e4lle dr\u00fcckenn Nienhuis Montessori 2023 Sammlung"},{"@type":"BreadcrumbList","@id":"https:\/\/teiaeducation.ch\/de\/produkt\/baelle-druecken-nienhuis-montessori\/#breadcrumb","itemListElement":[{"@type":"ListItem","position":1,"name":"Home","item":"https:\/\/teiaeducation.ch\/de\/"},{"@type":"ListItem","position":2,"name":"Laden","item":"https:\/\/teiaeducation.ch\/de\/shop\/"},{"@type":"ListItem","position":3,"name":"Unsere Marken","item":"https:\/\/teiaeducation.ch\/de\/produkt-kategorie\/unsere-marken\/"},{"@type":"ListItem","position":4,"name":"Nienhuis Montessori Schweiz","item":"https:\/\/teiaeducation.ch\/de\/produkt-kategorie\/unsere-marken\/nienhuis-montessori-schweiz\/"},{"@type":"ListItem","position":5,"name":"Kleinkindmaterial","item":"https:\/\/teiaeducation.ch\/de\/produkt-kategorie\/unsere-marken\/nienhuis-montessori-schweiz\/baby-kleinkind-nienhuis-montessori\/"},{"@type":"ListItem","position":6,"name":"B\u00e4lle dr\u00fccken \u2013 Nienhuis Montessori"}]},{"@type":"WebSite","@id":"https:\/\/teiaeducation.ch\/de\/#website","url":"https:\/\/teiaeducation.ch\/de\/","name":"Sustainable Educational Products &amp; Ecological Toys\u00a0","description":"Specialised Swiss shop selling sustainable educational toys and games, AMI certified Montessori materials, handmade ecological wooden Waldorf toys and arts &amp; crafts supplies, school supplies, children&#039;s furniture and Montessori reference and parenting books.","publisher":{"@id":"https:\/\/teiaeducation.ch\/de\/#organization"},"alternateName":"Teia Education & Play","potentialAction":[{"@type":"SearchAction","target":{"@type":"EntryPoint","urlTemplate":"https:\/\/teiaeducation.ch\/de\/?s={search_term_string}"},"query-input":{"@type":"PropertyValueSpecification","valueRequired":true,"valueName":"search_term_string"}}],"inLanguage":"de-CH"},{"@type":"Organization","@id":"https:\/\/teiaeducation.ch\/de\/#organization","name":"Teia Education & Play","url":"https:\/\/teiaeducation.ch\/de\/","logo":{"@type":"ImageObject","inLanguage":"de-CH","@id":"https:\/\/teiaeducation.ch\/de\/#\/schema\/logo\/image\/","url":"https:\/\/teiaeducation.ch\/wp-content\/uploads\/2020\/11\/Teia-Education-Switzerland-e1620156442216.jpg","contentUrl":"https:\/\/teiaeducation.ch\/wp-content\/uploads\/2020\/11\/Teia-Education-Switzerland-e1620156442216.jpg","width":166,"height":145,"caption":"Teia Education & Play"},"image":{"@id":"https:\/\/teiaeducation.ch\/de\/#\/schema\/logo\/image\/"},"sameAs":["https:\/\/www.facebook.com\/teiaeducation\/","https:\/\/x.com\/EducationTeia","https:\/\/www.instagram.com\/teia.education\/","https:\/\/www.linkedin.com\/company\/35501660","https:\/\/www.pinterest.ch\/TeiaEducation\/"]}]}},"_links":{"self":[{"href":"https:\/\/teiaeducation.ch\/de\/wp-json\/wp\/v2\/product\/65825","targetHints":{"allow":["GET"]}}],"collection":[{"href":"https:\/\/teiaeducation.ch\/de\/wp-json\/wp\/v2\/product"}],"about":[{"href":"https:\/\/teiaeducation.ch\/de\/wp-json\/wp\/v2\/types\/product"}],"replies":[{"embeddable":true,"href":"https:\/\/teiaeducation.ch\/de\/wp-json\/wp\/v2\/comments?post=65825"}],"wp:featuredmedia":[{"embeddable":true,"href":"https:\/\/teiaeducation.ch\/de\/wp-json\/wp\/v2\/media\/63948"}],"wp:attachment":[{"href":"https:\/\/teiaeducation.ch\/de\/wp-json\/wp\/v2\/media?parent=65825"}],"wp:term":[{"taxonomy":"product_brand","embeddable":true,"href":"https:\/\/teiaeducation.ch\/de\/wp-json\/wp\/v2\/product_brand?post=65825"},{"taxonomy":"product_cat","embeddable":true,"href":"https:\/\/teiaeducation.ch\/de\/wp-json\/wp\/v2\/product_cat?post=65825"},{"taxonomy":"product_tag","embeddable":true,"href":"https:\/\/teiaeducation.ch\/de\/wp-json\/wp\/v2\/product_tag?post=65825"}],"curies":[{"name":"wp","href":"https:\/\/api.w.org\/{rel}","templated":true}]}}