{"id":65830,"date":"2024-07-31T12:34:48","date_gmt":"2024-07-31T10:34:48","guid":{"rendered":"https:\/\/teiaeducation.ch\/product\/baeuerin-ostheimer\/"},"modified":"2025-12-12T09:33:11","modified_gmt":"2025-12-12T08:33:11","slug":"baeuerin-ostheimer","status":"publish","type":"product","link":"https:\/\/teiaeducation.ch\/de\/produkt\/baeuerin-ostheimer\/","title":{"rendered":"B\u00e4uerin &#8211; Ostheimer"},"content":{"rendered":"<p>Die sch\u00f6ne handgefertigte Holzfigur \u201eB\u00e4uerin\u201c aus dem Ostheimer Familien- und Bauernhofsortiment wird Ihrem kleinen Bauern sicher gefallen!<\/p>\n<p>Von der Abendd\u00e4mmerung bis zum Morgengrauen gibt es auf dem Ostheimer Hof viel zu tun. Der <a href=\"https:\/\/teiaeducation.ch\/de\/produkt\/bauer-ostheimer\/\">Bauer<\/a> und seine Frau lieben die Arbeit mit den Tieren und sie haben das Gl\u00fcck, dass es immer flei\u00dfige Helfer auf dem Hof gibt. Da gibt es zum Beispiel den <a href=\"https:\/\/teiaeducation.ch\/de\/produkt\/kleiner-hirtenjunge-ostheimer\/\">Hirtenjungen<\/a>, der mit den Ziegen und Schafen auf die Weide geht, und auch <a href=\"https:\/\/teiaeducation.ch\/de\/produkt\/heidi-ostheimer\/\">Heidi<\/a>, die die Tiere auf die Alm begleitet, wenn sie nicht gerade auf dem Hof besch\u00e4ftigt ist.<\/p>\n<p>Die B\u00e4uerin auf dem Ostheimer-Hof k\u00fcmmert sich um die H\u00fchner, die Schweine und auch um die K\u00fche, die jeden Abend gemolken werden m\u00fcssen. Wenn es an der Zeit ist, die Tiere zu f\u00fcttern, sind die Kinder der Familie Ostheimer meist nicht weit weg. Sie helfen gerne mit.<\/p>\n<p>Ostheimer Holzspielzeug wird zu 100 % in Handarbeit in Deutschland aus zertifizierten Materialien hergestellt, um die Sicherheit der Kinder beim Spielen zu garantieren.<\/p>\n<p>Die Ostheimer B\u00e4uerin ist 13,5 cm gro\u00df und wird f\u00fcr Kinder ab 3 Jahren empfohlen. Sie passt perfekt zu den anderen <a href=\"https:\/\/teiaeducation.ch\/de\/produkt-kategorie\/unsere-marken\/ostheimer-de\/familie-bauernhof\/\">Familien- und Bauernhof<\/a>spielzeugfiguren.<\/p>\n<p>Inhalt:<\/p>\n<p>1 Holzfigur einer B\u00e4uerin<\/p>\n<h2>\u00dcber Ostheimer<\/h2>\n<p>Ostheimer Holzspielzeug regt Kinder dazu an, die Welt mit allen Sinnen zu erfassen und sich im kreativen und <a href=\"https:\/\/teiaeducation.ch\/de\/produkt-kategorie\/kinder-spielzeug\/phantasievoll-rollenspiel\/\">phantasievollen Spiel<\/a> frei zu entfalten, was f\u00fcr ein gesundes Aufwachsen so wichtig ist.<\/p>\n<p>Als unverzichtbare <a href=\"https:\/\/teiaeducation.ch\/de\/produkt-kategorie\/kinder-spielzeug\/waldorfspielzeug\/\">Waldorfspielzeugmarke<\/a> stellt Ostheimer seit \u00fcber 80 Jahren sorgf\u00e4ltig <a href=\"https:\/\/teiaeducation.ch\/de\/produkt-kategorie\/kinder-spielzeug\/holzfiguren\/\">Holzfiguren<\/a> und <a href=\"https:\/\/teiaeducation.ch\/de\/produkt-kategorie\/kinder-spielzeug\/tiere-bauernhoefe\/\">Holztiere<\/a> her. Individuell von Hand gefertigt, bieten die hochwertigen Ostheimer Holzspielzeug Kinder mit einem sch\u00f6nen und angenehmen Bild von Menschen und Tieren. Sie sind so geformt, dass kleine H\u00e4nde die volle taktile und <a href=\"https:\/\/teiaeducation.ch\/de\/produkt-kategorie\/kinder-spielzeug\/sinnliches-spiel\/\">sensorische<\/a> Erfahrung des nat\u00fcrlichen Holzes erleben k\u00f6nnen.<\/p>\n<p>Jedes <a href=\"https:\/\/teiaeducation.ch\/de\/produkt-kategorie\/unsere-marken\/ostheimer-de\/\">Ostheimer<\/a> Holzspielzeug ist mit sorgf\u00e4ltig ausgew\u00e4hlten Farben bemalt, die speichelfest sind und keine sch\u00e4dlichen Substanzen enthalten. Sie werden mit Bio-\u00d6l behandelt, um die nat\u00fcrlichen Eigenschaften des Holzes zu erhalten und die Holzstruktur durchscheinen zu lassen.<\/p>\n","protected":false},"excerpt":{"rendered":"<p>Artikelnummer: OST10901<\/p>\n<p>Holzspielzeugfigur B\u00e4uerin aus dem Ostheimer Familien- und Bauernhofsortiment &#8211; nachhaltiges Waldorfspielzeug aus Holz, 100% handgefertigt in Deutschland.<\/p>\n","protected":false},"featured_media":61528,"comment_status":"open","ping_status":"closed","template":"","meta":[],"product_brand":[],"product_cat":[21445,21446,21479,21690,21484,23075,21705,21443,21563,23820,21678,21680,21564,21483,22919],"product_tag":[30080,30079,30081,30083,30082,30078,30073,30071,30074,30072,30075,30077,30076],"class_list":{"0":"post-65830","1":"product","2":"type-product","3":"status-publish","4":"has-post-thumbnail","6":"product_cat-3-6-jahre-vorschule","7":"product_cat-6-12-jahre-grundschule","8":"product_cat-lernmaterialien-spielzeug-montessori-waldorf-steiner-froebel","9":"product_cat-spiele-mit-offenem-ende","10":"product_cat-geschenk-guides","11":"product_cat-handgefertigtes-holzspielzeug","12":"product_cat-holzfiguren","13":"product_cat-nach-alter","14":"product_cat-neuheiten","15":"product_cat-ostheimer-de","16":"product_cat-kinder-spielzeug","17":"product_cat-tiere-bauernhoefe","18":"product_cat-unsere-marken","19":"product_cat-waldorf-steiner-paedagogik","20":"product_cat-waldorfspielzeug","21":"product_tag-bauer-holzfigur-ostheimer","22":"product_tag-bauer-spielzeug-figur-ostheimer","23":"product_tag-bauerin-ostheimer","24":"product_tag-bauerin-spielzeug-figur-aus-holz-ostheimer","25":"product_tag-bauerin-spielzeug-figur-ostheimer","26":"product_tag-bauernfigur-ostheimer","27":"product_tag-heidi-handgefertigte-holzfigur","28":"product_tag-heidi-ostheimer-de","29":"product_tag-heidi-spielzeug-figur-ostheimer","30":"product_tag-heidi-figur-holz-ostheimer","31":"product_tag-moorschaf-ostheimer","32":"product_tag-moorschaf-spielzeug-figur-aus-holz-ostheimer","33":"product_tag-moorschaf-spielzeug-figur-ostheimer","35":"first","36":"instock","37":"taxable","38":"shipping-taxable","39":"purchasable","40":"product-type-simple"},"yoast_head":"<!-- This site is optimized with the Yoast SEO Premium plugin v25.8 (Yoast SEO v27.4) - https:\/\/yoast.com\/product\/yoast-seo-premium-wordpress\/ -->\n<title>B\u00e4uerin - Ostheimer - Teia Education &amp; Play<\/title>\n<meta name=\"description\" content=\"Holzspielzeugfigur B\u00e4uerin aus dem Ostheimer Familien- und Bauernhofsortiment - nachhaltiges Waldorfspielzeug aus Holz, 100% handgefertigt in Deutschland.\" \/>\n<meta name=\"robots\" content=\"index, follow, max-snippet:-1, max-image-preview:large, max-video-preview:-1\" \/>\n<link rel=\"canonical\" href=\"https:\/\/teiaeducation.ch\/de\/produkt\/baeuerin-ostheimer\/\" \/>\n<meta property=\"og:locale\" content=\"de_DE\" \/>\n<meta property=\"og:type\" content=\"article\" \/>\n<meta property=\"og:title\" content=\"B\u00e4uerin - Ostheimer\" \/>\n<meta property=\"og:description\" content=\"Holzspielzeugfigur B\u00e4uerin aus dem Ostheimer Familien- und Bauernhofsortiment - nachhaltiges Waldorfspielzeug aus Holz, 100% handgefertigt in Deutschland.\" \/>\n<meta property=\"og:url\" content=\"https:\/\/teiaeducation.ch\/de\/produkt\/baeuerin-ostheimer\/\" \/>\n<meta property=\"og:site_name\" content=\"Sustainable Educational Products &amp; Ecological Toys\u00a0\" \/>\n<meta property=\"article:publisher\" content=\"https:\/\/www.facebook.com\/teiaeducation\/\" \/>\n<meta property=\"article:modified_time\" content=\"2025-12-12T08:33:11+00:00\" \/>\n<meta property=\"og:image\" content=\"https:\/\/teiaeducation.ch\/wp-content\/uploads\/2024\/07\/Ostheimer-Family-Farm-Figures-range-figures-Wooden-toy-farmers-wife.jpg\" \/>\n\t<meta property=\"og:image:width\" content=\"1258\" \/>\n\t<meta property=\"og:image:height\" content=\"1391\" \/>\n\t<meta property=\"og:image:type\" content=\"image\/jpeg\" \/>\n<script type=\"application\/ld+json\" class=\"yoast-schema-graph\">{\"@context\":\"https:\\\/\\\/schema.org\",\"@graph\":[{\"@type\":\"WebPage\",\"@id\":\"https:\\\/\\\/teiaeducation.ch\\\/de\\\/produkt\\\/baeuerin-ostheimer\\\/\",\"url\":\"https:\\\/\\\/teiaeducation.ch\\\/de\\\/produkt\\\/baeuerin-ostheimer\\\/\",\"name\":\"B\u00e4uerin - Ostheimer - Teia Education & Play\",\"isPartOf\":{\"@id\":\"https:\\\/\\\/teiaeducation.ch\\\/de\\\/#website\"},\"primaryImageOfPage\":{\"@id\":\"https:\\\/\\\/teiaeducation.ch\\\/de\\\/produkt\\\/baeuerin-ostheimer\\\/#primaryimage\"},\"image\":{\"@id\":\"https:\\\/\\\/teiaeducation.ch\\\/de\\\/produkt\\\/baeuerin-ostheimer\\\/#primaryimage\"},\"thumbnailUrl\":\"https:\\\/\\\/teiaeducation.ch\\\/wp-content\\\/uploads\\\/2024\\\/07\\\/Ostheimer-Family-Farm-Figures-range-figures-Wooden-toy-farmers-wife.jpg\",\"datePublished\":\"2024-07-31T10:34:48+00:00\",\"dateModified\":\"2025-12-12T08:33:11+00:00\",\"description\":\"Holzspielzeugfigur B\u00e4uerin aus dem Ostheimer Familien- und Bauernhofsortiment - nachhaltiges Waldorfspielzeug aus Holz, 100% handgefertigt in Deutschland.\",\"breadcrumb\":{\"@id\":\"https:\\\/\\\/teiaeducation.ch\\\/de\\\/produkt\\\/baeuerin-ostheimer\\\/#breadcrumb\"},\"inLanguage\":\"de-CH\",\"potentialAction\":[{\"@type\":\"ReadAction\",\"target\":[\"https:\\\/\\\/teiaeducation.ch\\\/de\\\/produkt\\\/baeuerin-ostheimer\\\/\"]}]},{\"@type\":\"ImageObject\",\"inLanguage\":\"de-CH\",\"@id\":\"https:\\\/\\\/teiaeducation.ch\\\/de\\\/produkt\\\/baeuerin-ostheimer\\\/#primaryimage\",\"url\":\"https:\\\/\\\/teiaeducation.ch\\\/wp-content\\\/uploads\\\/2024\\\/07\\\/Ostheimer-Family-Farm-Figures-range-figures-Wooden-toy-farmers-wife.jpg\",\"contentUrl\":\"https:\\\/\\\/teiaeducation.ch\\\/wp-content\\\/uploads\\\/2024\\\/07\\\/Ostheimer-Family-Farm-Figures-range-figures-Wooden-toy-farmers-wife.jpg\",\"width\":1258,\"height\":1391,\"caption\":\"Ostheimer Familie &amp; Bauernhof Figuren Sortiment Figuren Holzspielzeug B\u00e4uerin\"},{\"@type\":\"BreadcrumbList\",\"@id\":\"https:\\\/\\\/teiaeducation.ch\\\/de\\\/produkt\\\/baeuerin-ostheimer\\\/#breadcrumb\",\"itemListElement\":[{\"@type\":\"ListItem\",\"position\":1,\"name\":\"Home\",\"item\":\"https:\\\/\\\/teiaeducation.ch\\\/de\\\/\"},{\"@type\":\"ListItem\",\"position\":2,\"name\":\"Laden\",\"item\":\"https:\\\/\\\/teiaeducation.ch\\\/de\\\/shop\\\/\"},{\"@type\":\"ListItem\",\"position\":3,\"name\":\"Unsere Marken\",\"item\":\"https:\\\/\\\/teiaeducation.ch\\\/de\\\/produkt-kategorie\\\/unsere-marken\\\/\"},{\"@type\":\"ListItem\",\"position\":4,\"name\":\"Ostheimer\",\"item\":\"https:\\\/\\\/teiaeducation.ch\\\/de\\\/produkt-kategorie\\\/unsere-marken\\\/ostheimer-de\\\/\"},{\"@type\":\"ListItem\",\"position\":5,\"name\":\"B\u00e4uerin &#8211; Ostheimer\"}]},{\"@type\":\"WebSite\",\"@id\":\"https:\\\/\\\/teiaeducation.ch\\\/de\\\/#website\",\"url\":\"https:\\\/\\\/teiaeducation.ch\\\/de\\\/\",\"name\":\"Sustainable Educational Products &amp; Ecological Toys\u00a0\",\"description\":\"Specialised Swiss shop selling sustainable educational toys and games, AMI certified Montessori materials, handmade ecological wooden Waldorf toys and arts &amp; crafts supplies, school supplies, children&#039;s furniture and Montessori reference and parenting books.\",\"publisher\":{\"@id\":\"https:\\\/\\\/teiaeducation.ch\\\/de\\\/#organization\"},\"alternateName\":\"Teia Education & Play\",\"potentialAction\":[{\"@type\":\"SearchAction\",\"target\":{\"@type\":\"EntryPoint\",\"urlTemplate\":\"https:\\\/\\\/teiaeducation.ch\\\/de\\\/?s={search_term_string}\"},\"query-input\":{\"@type\":\"PropertyValueSpecification\",\"valueRequired\":true,\"valueName\":\"search_term_string\"}}],\"inLanguage\":\"de-CH\"},{\"@type\":\"Organization\",\"@id\":\"https:\\\/\\\/teiaeducation.ch\\\/de\\\/#organization\",\"name\":\"Teia Education & Play\",\"url\":\"https:\\\/\\\/teiaeducation.ch\\\/de\\\/\",\"logo\":{\"@type\":\"ImageObject\",\"inLanguage\":\"de-CH\",\"@id\":\"https:\\\/\\\/teiaeducation.ch\\\/de\\\/#\\\/schema\\\/logo\\\/image\\\/\",\"url\":\"https:\\\/\\\/teiaeducation.ch\\\/wp-content\\\/uploads\\\/2020\\\/11\\\/Teia-Education-Switzerland-e1620156442216.jpg\",\"contentUrl\":\"https:\\\/\\\/teiaeducation.ch\\\/wp-content\\\/uploads\\\/2020\\\/11\\\/Teia-Education-Switzerland-e1620156442216.jpg\",\"width\":166,\"height\":145,\"caption\":\"Teia Education & Play\"},\"image\":{\"@id\":\"https:\\\/\\\/teiaeducation.ch\\\/de\\\/#\\\/schema\\\/logo\\\/image\\\/\"},\"sameAs\":[\"https:\\\/\\\/www.facebook.com\\\/teiaeducation\\\/\",\"https:\\\/\\\/x.com\\\/EducationTeia\",\"https:\\\/\\\/www.instagram.com\\\/teia.education\\\/\",\"https:\\\/\\\/www.linkedin.com\\\/company\\\/35501660\",\"https:\\\/\\\/www.pinterest.ch\\\/TeiaEducation\\\/\"]}]}<\/script>\n<meta property=\"product:price:amount\" content=\"31.90\" \/>\n<meta property=\"product:price:currency\" content=\"CHF\" \/>\n<meta property=\"og:availability\" content=\"instock\" \/>\n<meta property=\"product:availability\" content=\"instock\" \/>\n<meta property=\"product:condition\" content=\"new\" \/>\n<!-- \/ Yoast SEO Premium plugin. -->","yoast_head_json":{"title":"B\u00e4uerin - Ostheimer - Teia Education & Play","description":"Holzspielzeugfigur B\u00e4uerin aus dem Ostheimer Familien- und Bauernhofsortiment - nachhaltiges Waldorfspielzeug aus Holz, 100% handgefertigt in Deutschland.","robots":{"index":"index","follow":"follow","max-snippet":"max-snippet:-1","max-image-preview":"max-image-preview:large","max-video-preview":"max-video-preview:-1"},"canonical":"https:\/\/teiaeducation.ch\/de\/produkt\/baeuerin-ostheimer\/","og_locale":"de_DE","og_type":"article","og_title":"B\u00e4uerin - Ostheimer","og_description":"Holzspielzeugfigur B\u00e4uerin aus dem Ostheimer Familien- und Bauernhofsortiment - nachhaltiges Waldorfspielzeug aus Holz, 100% handgefertigt in Deutschland.","og_url":"https:\/\/teiaeducation.ch\/de\/produkt\/baeuerin-ostheimer\/","og_site_name":"Sustainable Educational Products &amp; Ecological Toys\u00a0","article_publisher":"https:\/\/www.facebook.com\/teiaeducation\/","article_modified_time":"2025-12-12T08:33:11+00:00","og_image":[{"width":1258,"height":1391,"url":"https:\/\/teiaeducation.ch\/wp-content\/uploads\/2024\/07\/Ostheimer-Family-Farm-Figures-range-figures-Wooden-toy-farmers-wife.jpg","type":"image\/jpeg"}],"schema":{"@context":"https:\/\/schema.org","@graph":[{"@type":"WebPage","@id":"https:\/\/teiaeducation.ch\/de\/produkt\/baeuerin-ostheimer\/","url":"https:\/\/teiaeducation.ch\/de\/produkt\/baeuerin-ostheimer\/","name":"B\u00e4uerin - Ostheimer - Teia Education & Play","isPartOf":{"@id":"https:\/\/teiaeducation.ch\/de\/#website"},"primaryImageOfPage":{"@id":"https:\/\/teiaeducation.ch\/de\/produkt\/baeuerin-ostheimer\/#primaryimage"},"image":{"@id":"https:\/\/teiaeducation.ch\/de\/produkt\/baeuerin-ostheimer\/#primaryimage"},"thumbnailUrl":"https:\/\/teiaeducation.ch\/wp-content\/uploads\/2024\/07\/Ostheimer-Family-Farm-Figures-range-figures-Wooden-toy-farmers-wife.jpg","datePublished":"2024-07-31T10:34:48+00:00","dateModified":"2025-12-12T08:33:11+00:00","description":"Holzspielzeugfigur B\u00e4uerin aus dem Ostheimer Familien- und Bauernhofsortiment - nachhaltiges Waldorfspielzeug aus Holz, 100% handgefertigt in Deutschland.","breadcrumb":{"@id":"https:\/\/teiaeducation.ch\/de\/produkt\/baeuerin-ostheimer\/#breadcrumb"},"inLanguage":"de-CH","potentialAction":[{"@type":"ReadAction","target":["https:\/\/teiaeducation.ch\/de\/produkt\/baeuerin-ostheimer\/"]}]},{"@type":"ImageObject","inLanguage":"de-CH","@id":"https:\/\/teiaeducation.ch\/de\/produkt\/baeuerin-ostheimer\/#primaryimage","url":"https:\/\/teiaeducation.ch\/wp-content\/uploads\/2024\/07\/Ostheimer-Family-Farm-Figures-range-figures-Wooden-toy-farmers-wife.jpg","contentUrl":"https:\/\/teiaeducation.ch\/wp-content\/uploads\/2024\/07\/Ostheimer-Family-Farm-Figures-range-figures-Wooden-toy-farmers-wife.jpg","width":1258,"height":1391,"caption":"Ostheimer Familie &amp; Bauernhof Figuren Sortiment Figuren Holzspielzeug B\u00e4uerin"},{"@type":"BreadcrumbList","@id":"https:\/\/teiaeducation.ch\/de\/produkt\/baeuerin-ostheimer\/#breadcrumb","itemListElement":[{"@type":"ListItem","position":1,"name":"Home","item":"https:\/\/teiaeducation.ch\/de\/"},{"@type":"ListItem","position":2,"name":"Laden","item":"https:\/\/teiaeducation.ch\/de\/shop\/"},{"@type":"ListItem","position":3,"name":"Unsere Marken","item":"https:\/\/teiaeducation.ch\/de\/produkt-kategorie\/unsere-marken\/"},{"@type":"ListItem","position":4,"name":"Ostheimer","item":"https:\/\/teiaeducation.ch\/de\/produkt-kategorie\/unsere-marken\/ostheimer-de\/"},{"@type":"ListItem","position":5,"name":"B\u00e4uerin &#8211; Ostheimer"}]},{"@type":"WebSite","@id":"https:\/\/teiaeducation.ch\/de\/#website","url":"https:\/\/teiaeducation.ch\/de\/","name":"Sustainable Educational Products &amp; Ecological Toys\u00a0","description":"Specialised Swiss shop selling sustainable educational toys and games, AMI certified Montessori materials, handmade ecological wooden Waldorf toys and arts &amp; crafts supplies, school supplies, children&#039;s furniture and Montessori reference and parenting books.","publisher":{"@id":"https:\/\/teiaeducation.ch\/de\/#organization"},"alternateName":"Teia Education & Play","potentialAction":[{"@type":"SearchAction","target":{"@type":"EntryPoint","urlTemplate":"https:\/\/teiaeducation.ch\/de\/?s={search_term_string}"},"query-input":{"@type":"PropertyValueSpecification","valueRequired":true,"valueName":"search_term_string"}}],"inLanguage":"de-CH"},{"@type":"Organization","@id":"https:\/\/teiaeducation.ch\/de\/#organization","name":"Teia Education & Play","url":"https:\/\/teiaeducation.ch\/de\/","logo":{"@type":"ImageObject","inLanguage":"de-CH","@id":"https:\/\/teiaeducation.ch\/de\/#\/schema\/logo\/image\/","url":"https:\/\/teiaeducation.ch\/wp-content\/uploads\/2020\/11\/Teia-Education-Switzerland-e1620156442216.jpg","contentUrl":"https:\/\/teiaeducation.ch\/wp-content\/uploads\/2020\/11\/Teia-Education-Switzerland-e1620156442216.jpg","width":166,"height":145,"caption":"Teia Education & Play"},"image":{"@id":"https:\/\/teiaeducation.ch\/de\/#\/schema\/logo\/image\/"},"sameAs":["https:\/\/www.facebook.com\/teiaeducation\/","https:\/\/x.com\/EducationTeia","https:\/\/www.instagram.com\/teia.education\/","https:\/\/www.linkedin.com\/company\/35501660","https:\/\/www.pinterest.ch\/TeiaEducation\/"]}]},"product_price_amount":"31.90","product_price_currency":"CHF","og_availability":"instock","product_availability":"instock","product_condition":"new"},"_links":{"self":[{"href":"https:\/\/teiaeducation.ch\/de\/wp-json\/wp\/v2\/product\/65830","targetHints":{"allow":["GET"]}}],"collection":[{"href":"https:\/\/teiaeducation.ch\/de\/wp-json\/wp\/v2\/product"}],"about":[{"href":"https:\/\/teiaeducation.ch\/de\/wp-json\/wp\/v2\/types\/product"}],"replies":[{"embeddable":true,"href":"https:\/\/teiaeducation.ch\/de\/wp-json\/wp\/v2\/comments?post=65830"}],"wp:featuredmedia":[{"embeddable":true,"href":"https:\/\/teiaeducation.ch\/de\/wp-json\/wp\/v2\/media\/61528"}],"wp:attachment":[{"href":"https:\/\/teiaeducation.ch\/de\/wp-json\/wp\/v2\/media?parent=65830"}],"wp:term":[{"taxonomy":"product_brand","embeddable":true,"href":"https:\/\/teiaeducation.ch\/de\/wp-json\/wp\/v2\/product_brand?post=65830"},{"taxonomy":"product_cat","embeddable":true,"href":"https:\/\/teiaeducation.ch\/de\/wp-json\/wp\/v2\/product_cat?post=65830"},{"taxonomy":"product_tag","embeddable":true,"href":"https:\/\/teiaeducation.ch\/de\/wp-json\/wp\/v2\/product_tag?post=65830"}],"curies":[{"name":"wp","href":"https:\/\/api.w.org\/{rel}","templated":true}]}}