{"id":65832,"date":"2024-07-31T12:07:56","date_gmt":"2024-07-31T10:07:56","guid":{"rendered":"https:\/\/teiaeducation.ch\/product\/moorschaf-ostheimer\/"},"modified":"2025-12-12T09:33:32","modified_gmt":"2025-12-12T08:33:32","slug":"moorschaf-ostheimer","status":"publish","type":"product","link":"https:\/\/teiaeducation.ch\/de\/produkt\/moorschaf-ostheimer\/","title":{"rendered":"Moorschaf &#8211; Ostheimer"},"content":{"rendered":"<p>Die sch\u00f6ne handgefertigte Moorschaf-Spielzeugfigur aus dem Ostheimer Familien- und Bauernhof-Figurensortiment wird Ihrem jungen Bauern sicher gefallen!<\/p>\n<p>Als Mutter der Ostheimer Moorschaf-Familie k\u00fcmmert sich das Moorlandschaf um ihr Kleines, das mit seinem dunklen Fell recht munter um sie herumspringt. Moorlandschafe k\u00f6nnen auch in kargen Heidelandschaften gut \u00fcberleben, wo sie wunderbare Leckerbissen finden.<\/p>\n<p>Ostheimer Holzspielzeug wird zu 100 % in Handarbeit in Deutschland aus zertifizierten Materialien hergestellt, um die Sicherheit der Kinder beim Spielen zu garantieren.<\/p>\n<p>Die Ostheimer Moorschaf-Figur ist 7 cm gro\u00df und wird f\u00fcr Kinder ab 3 Jahren empfohlen. Es passt perfekt zu <a href=\"https:\/\/teiaeducation.ch\/de\/produkt\/heidi-ostheimer\/\">Heidi<\/a> und anderen <a href=\"https:\/\/teiaeducation.ch\/de\/produkt-kategorie\/unsere-marken\/ostheimer-de\/familie-bauernhof\/\">Familien- und Bauernhof<\/a>spielzeugfiguren.<\/p>\n<p>Inhalt:<\/p>\n<p>1 Holzfigur eines Moorschafs<\/p>\n<h2>\u00dcber Ostheimer<\/h2>\n<p>Ostheimer Holzspielzeug regt Kinder dazu an, die Welt mit allen Sinnen zu erfassen und sich im kreativen und <a href=\"https:\/\/teiaeducation.ch\/de\/produkt-kategorie\/kinder-spielzeug\/phantasievoll-rollenspiel\/\">phantasievollen Spiel<\/a> frei zu entfalten, was f\u00fcr ein gesundes Aufwachsen so wichtig ist.<\/p>\n<p>Als unverzichtbare <a href=\"https:\/\/teiaeducation.ch\/de\/produkt-kategorie\/kinder-spielzeug\/waldorfspielzeug\/\">Waldorfspielzeugmarke<\/a> stellt Ostheimer seit \u00fcber 80 Jahren sorgf\u00e4ltig <a href=\"https:\/\/teiaeducation.ch\/de\/produkt-kategorie\/kinder-spielzeug\/holzfiguren\/\">Holzfiguren<\/a> und <a href=\"https:\/\/teiaeducation.ch\/de\/produkt-kategorie\/kinder-spielzeug\/tiere-bauernhoefe\/\">Holztiere<\/a> her. Individuell von Hand gefertigt, bieten die hochwertigen Ostheimer Holzspielzeug Kinder mit einem sch\u00f6nen und angenehmen Bild von Menschen und Tieren. Sie sind so geformt, dass kleine H\u00e4nde die volle taktile und <a href=\"https:\/\/teiaeducation.ch\/de\/produkt-kategorie\/kinder-spielzeug\/sinnliches-spiel\/\">sensorische<\/a> Erfahrung des nat\u00fcrlichen Holzes erleben k\u00f6nnen.<\/p>\n<p>Jedes <a href=\"https:\/\/teiaeducation.ch\/de\/produkt-kategorie\/unsere-marken\/ostheimer-de\/\">Ostheimer<\/a> Holzspielzeug ist mit sorgf\u00e4ltig ausgew\u00e4hlten Farben bemalt, die speichelfest sind und keine sch\u00e4dlichen Substanzen enthalten. Sie werden mit Bio-\u00d6l behandelt, um die nat\u00fcrlichen Eigenschaften des Holzes zu erhalten und die Holzstruktur durchscheinen zu lassen.<\/p>\n","protected":false},"excerpt":{"rendered":"<p>Artikelnummer: OST11752<\/p>\n<p>Moorschaf-Holzfigur aus dem Ostheimer Familien- und Bauernhof-Figurensortiment &#8211; nachhaltiges Waldorf-Holzspielzeug aus 100% Handarbeit in Deutschland.<\/p>\n","protected":false},"featured_media":61518,"comment_status":"open","ping_status":"closed","template":"","meta":[],"product_brand":[],"product_cat":[21445,21446,21479,21690,21484,23075,21705,21443,21563,23820,21678,21680,21564,21483,22919],"product_tag":[30073,30071,30074,30072,30075,30077,30076],"class_list":{"0":"post-65832","1":"product","2":"type-product","3":"status-publish","4":"has-post-thumbnail","6":"product_cat-3-6-jahre-vorschule","7":"product_cat-6-12-jahre-grundschule","8":"product_cat-lernmaterialien-spielzeug-montessori-waldorf-steiner-froebel","9":"product_cat-spiele-mit-offenem-ende","10":"product_cat-geschenk-guides","11":"product_cat-handgefertigtes-holzspielzeug","12":"product_cat-holzfiguren","13":"product_cat-nach-alter","14":"product_cat-neuheiten","15":"product_cat-ostheimer-de","16":"product_cat-kinder-spielzeug","17":"product_cat-tiere-bauernhoefe","18":"product_cat-unsere-marken","19":"product_cat-waldorf-steiner-paedagogik","20":"product_cat-waldorfspielzeug","21":"product_tag-heidi-handgefertigte-holzfigur","22":"product_tag-heidi-ostheimer-de","23":"product_tag-heidi-spielzeug-figur-ostheimer","24":"product_tag-heidi-figur-holz-ostheimer","25":"product_tag-moorschaf-ostheimer","26":"product_tag-moorschaf-spielzeug-figur-aus-holz-ostheimer","27":"product_tag-moorschaf-spielzeug-figur-ostheimer","29":"first","30":"instock","31":"taxable","32":"shipping-taxable","33":"purchasable","34":"product-type-simple"},"yoast_head":"<!-- This site is optimized with the Yoast SEO Premium plugin v25.8 (Yoast SEO v27.4) - https:\/\/yoast.com\/product\/yoast-seo-premium-wordpress\/ -->\n<title>Moorschaf - Ostheimer - Teia Education &amp; Play<\/title>\n<meta name=\"description\" content=\"Moorschaf-Holzfigur aus dem Ostheimer Familien- und Bauernhof-Figurensortiment - nachhaltiges Waldorf-Holzspielzeug aus 100% Handarbeit in Deutschland.\" \/>\n<meta name=\"robots\" content=\"index, follow, max-snippet:-1, max-image-preview:large, max-video-preview:-1\" \/>\n<link rel=\"canonical\" href=\"https:\/\/teiaeducation.ch\/de\/produkt\/moorschaf-ostheimer\/\" \/>\n<meta property=\"og:locale\" content=\"de_DE\" \/>\n<meta property=\"og:type\" content=\"article\" \/>\n<meta property=\"og:title\" content=\"Moorschaf - Ostheimer\" \/>\n<meta property=\"og:description\" content=\"Moorschaf-Holzfigur aus dem Ostheimer Familien- und Bauernhof-Figurensortiment - nachhaltiges Waldorf-Holzspielzeug aus 100% Handarbeit in Deutschland.\" \/>\n<meta property=\"og:url\" content=\"https:\/\/teiaeducation.ch\/de\/produkt\/moorschaf-ostheimer\/\" \/>\n<meta property=\"og:site_name\" content=\"Sustainable Educational Products &amp; Ecological Toys\u00a0\" \/>\n<meta property=\"article:publisher\" content=\"https:\/\/www.facebook.com\/teiaeducation\/\" \/>\n<meta property=\"article:modified_time\" content=\"2025-12-12T08:33:32+00:00\" \/>\n<meta property=\"og:image\" content=\"https:\/\/teiaeducation.ch\/wp-content\/uploads\/2024\/07\/Ostheimer-Family-Farm-Figures-range-figures-Wooden-toy-moorland-sheep.jpg\" \/>\n\t<meta property=\"og:image:width\" content=\"1200\" \/>\n\t<meta property=\"og:image:height\" content=\"1200\" \/>\n\t<meta property=\"og:image:type\" content=\"image\/jpeg\" \/>\n<script type=\"application\/ld+json\" class=\"yoast-schema-graph\">{\"@context\":\"https:\\\/\\\/schema.org\",\"@graph\":[{\"@type\":\"WebPage\",\"@id\":\"https:\\\/\\\/teiaeducation.ch\\\/de\\\/produkt\\\/moorschaf-ostheimer\\\/\",\"url\":\"https:\\\/\\\/teiaeducation.ch\\\/de\\\/produkt\\\/moorschaf-ostheimer\\\/\",\"name\":\"Moorschaf - Ostheimer - Teia Education & Play\",\"isPartOf\":{\"@id\":\"https:\\\/\\\/teiaeducation.ch\\\/de\\\/#website\"},\"primaryImageOfPage\":{\"@id\":\"https:\\\/\\\/teiaeducation.ch\\\/de\\\/produkt\\\/moorschaf-ostheimer\\\/#primaryimage\"},\"image\":{\"@id\":\"https:\\\/\\\/teiaeducation.ch\\\/de\\\/produkt\\\/moorschaf-ostheimer\\\/#primaryimage\"},\"thumbnailUrl\":\"https:\\\/\\\/teiaeducation.ch\\\/wp-content\\\/uploads\\\/2024\\\/07\\\/Ostheimer-Family-Farm-Figures-range-figures-Wooden-toy-moorland-sheep.jpg\",\"datePublished\":\"2024-07-31T10:07:56+00:00\",\"dateModified\":\"2025-12-12T08:33:32+00:00\",\"description\":\"Moorschaf-Holzfigur aus dem Ostheimer Familien- und Bauernhof-Figurensortiment - nachhaltiges Waldorf-Holzspielzeug aus 100% Handarbeit in Deutschland.\",\"breadcrumb\":{\"@id\":\"https:\\\/\\\/teiaeducation.ch\\\/de\\\/produkt\\\/moorschaf-ostheimer\\\/#breadcrumb\"},\"inLanguage\":\"de-CH\",\"potentialAction\":[{\"@type\":\"ReadAction\",\"target\":[\"https:\\\/\\\/teiaeducation.ch\\\/de\\\/produkt\\\/moorschaf-ostheimer\\\/\"]}]},{\"@type\":\"ImageObject\",\"inLanguage\":\"de-CH\",\"@id\":\"https:\\\/\\\/teiaeducation.ch\\\/de\\\/produkt\\\/moorschaf-ostheimer\\\/#primaryimage\",\"url\":\"https:\\\/\\\/teiaeducation.ch\\\/wp-content\\\/uploads\\\/2024\\\/07\\\/Ostheimer-Family-Farm-Figures-range-figures-Wooden-toy-moorland-sheep.jpg\",\"contentUrl\":\"https:\\\/\\\/teiaeducation.ch\\\/wp-content\\\/uploads\\\/2024\\\/07\\\/Ostheimer-Family-Farm-Figures-range-figures-Wooden-toy-moorland-sheep.jpg\",\"width\":1200,\"height\":1200,\"caption\":\"Ostheimer Familie &amp; Bauernhof Figuren Sortiment Figuren Holzspielzeug Moorschafe\"},{\"@type\":\"BreadcrumbList\",\"@id\":\"https:\\\/\\\/teiaeducation.ch\\\/de\\\/produkt\\\/moorschaf-ostheimer\\\/#breadcrumb\",\"itemListElement\":[{\"@type\":\"ListItem\",\"position\":1,\"name\":\"Home\",\"item\":\"https:\\\/\\\/teiaeducation.ch\\\/de\\\/\"},{\"@type\":\"ListItem\",\"position\":2,\"name\":\"Laden\",\"item\":\"https:\\\/\\\/teiaeducation.ch\\\/de\\\/shop\\\/\"},{\"@type\":\"ListItem\",\"position\":3,\"name\":\"Unsere Marken\",\"item\":\"https:\\\/\\\/teiaeducation.ch\\\/de\\\/produkt-kategorie\\\/unsere-marken\\\/\"},{\"@type\":\"ListItem\",\"position\":4,\"name\":\"Ostheimer\",\"item\":\"https:\\\/\\\/teiaeducation.ch\\\/de\\\/produkt-kategorie\\\/unsere-marken\\\/ostheimer-de\\\/\"},{\"@type\":\"ListItem\",\"position\":5,\"name\":\"Moorschaf &#8211; Ostheimer\"}]},{\"@type\":\"WebSite\",\"@id\":\"https:\\\/\\\/teiaeducation.ch\\\/de\\\/#website\",\"url\":\"https:\\\/\\\/teiaeducation.ch\\\/de\\\/\",\"name\":\"Sustainable Educational Products &amp; Ecological Toys\u00a0\",\"description\":\"Specialised Swiss shop selling sustainable educational toys and games, AMI certified Montessori materials, handmade ecological wooden Waldorf toys and arts &amp; crafts supplies, school supplies, children&#039;s furniture and Montessori reference and parenting books.\",\"publisher\":{\"@id\":\"https:\\\/\\\/teiaeducation.ch\\\/de\\\/#organization\"},\"alternateName\":\"Teia Education & Play\",\"potentialAction\":[{\"@type\":\"SearchAction\",\"target\":{\"@type\":\"EntryPoint\",\"urlTemplate\":\"https:\\\/\\\/teiaeducation.ch\\\/de\\\/?s={search_term_string}\"},\"query-input\":{\"@type\":\"PropertyValueSpecification\",\"valueRequired\":true,\"valueName\":\"search_term_string\"}}],\"inLanguage\":\"de-CH\"},{\"@type\":\"Organization\",\"@id\":\"https:\\\/\\\/teiaeducation.ch\\\/de\\\/#organization\",\"name\":\"Teia Education & Play\",\"url\":\"https:\\\/\\\/teiaeducation.ch\\\/de\\\/\",\"logo\":{\"@type\":\"ImageObject\",\"inLanguage\":\"de-CH\",\"@id\":\"https:\\\/\\\/teiaeducation.ch\\\/de\\\/#\\\/schema\\\/logo\\\/image\\\/\",\"url\":\"https:\\\/\\\/teiaeducation.ch\\\/wp-content\\\/uploads\\\/2020\\\/11\\\/Teia-Education-Switzerland-e1620156442216.jpg\",\"contentUrl\":\"https:\\\/\\\/teiaeducation.ch\\\/wp-content\\\/uploads\\\/2020\\\/11\\\/Teia-Education-Switzerland-e1620156442216.jpg\",\"width\":166,\"height\":145,\"caption\":\"Teia Education & Play\"},\"image\":{\"@id\":\"https:\\\/\\\/teiaeducation.ch\\\/de\\\/#\\\/schema\\\/logo\\\/image\\\/\"},\"sameAs\":[\"https:\\\/\\\/www.facebook.com\\\/teiaeducation\\\/\",\"https:\\\/\\\/x.com\\\/EducationTeia\",\"https:\\\/\\\/www.instagram.com\\\/teia.education\\\/\",\"https:\\\/\\\/www.linkedin.com\\\/company\\\/35501660\",\"https:\\\/\\\/www.pinterest.ch\\\/TeiaEducation\\\/\"]}]}<\/script>\n<meta property=\"product:price:amount\" content=\"18.90\" \/>\n<meta property=\"product:price:currency\" content=\"CHF\" \/>\n<meta property=\"og:availability\" content=\"instock\" \/>\n<meta property=\"product:availability\" content=\"instock\" \/>\n<meta property=\"product:condition\" content=\"new\" \/>\n<!-- \/ Yoast SEO Premium plugin. -->","yoast_head_json":{"title":"Moorschaf - Ostheimer - Teia Education & Play","description":"Moorschaf-Holzfigur aus dem Ostheimer Familien- und Bauernhof-Figurensortiment - nachhaltiges Waldorf-Holzspielzeug aus 100% Handarbeit in Deutschland.","robots":{"index":"index","follow":"follow","max-snippet":"max-snippet:-1","max-image-preview":"max-image-preview:large","max-video-preview":"max-video-preview:-1"},"canonical":"https:\/\/teiaeducation.ch\/de\/produkt\/moorschaf-ostheimer\/","og_locale":"de_DE","og_type":"article","og_title":"Moorschaf - Ostheimer","og_description":"Moorschaf-Holzfigur aus dem Ostheimer Familien- und Bauernhof-Figurensortiment - nachhaltiges Waldorf-Holzspielzeug aus 100% Handarbeit in Deutschland.","og_url":"https:\/\/teiaeducation.ch\/de\/produkt\/moorschaf-ostheimer\/","og_site_name":"Sustainable Educational Products &amp; Ecological Toys\u00a0","article_publisher":"https:\/\/www.facebook.com\/teiaeducation\/","article_modified_time":"2025-12-12T08:33:32+00:00","og_image":[{"width":1200,"height":1200,"url":"https:\/\/teiaeducation.ch\/wp-content\/uploads\/2024\/07\/Ostheimer-Family-Farm-Figures-range-figures-Wooden-toy-moorland-sheep.jpg","type":"image\/jpeg"}],"schema":{"@context":"https:\/\/schema.org","@graph":[{"@type":"WebPage","@id":"https:\/\/teiaeducation.ch\/de\/produkt\/moorschaf-ostheimer\/","url":"https:\/\/teiaeducation.ch\/de\/produkt\/moorschaf-ostheimer\/","name":"Moorschaf - Ostheimer - Teia Education & Play","isPartOf":{"@id":"https:\/\/teiaeducation.ch\/de\/#website"},"primaryImageOfPage":{"@id":"https:\/\/teiaeducation.ch\/de\/produkt\/moorschaf-ostheimer\/#primaryimage"},"image":{"@id":"https:\/\/teiaeducation.ch\/de\/produkt\/moorschaf-ostheimer\/#primaryimage"},"thumbnailUrl":"https:\/\/teiaeducation.ch\/wp-content\/uploads\/2024\/07\/Ostheimer-Family-Farm-Figures-range-figures-Wooden-toy-moorland-sheep.jpg","datePublished":"2024-07-31T10:07:56+00:00","dateModified":"2025-12-12T08:33:32+00:00","description":"Moorschaf-Holzfigur aus dem Ostheimer Familien- und Bauernhof-Figurensortiment - nachhaltiges Waldorf-Holzspielzeug aus 100% Handarbeit in Deutschland.","breadcrumb":{"@id":"https:\/\/teiaeducation.ch\/de\/produkt\/moorschaf-ostheimer\/#breadcrumb"},"inLanguage":"de-CH","potentialAction":[{"@type":"ReadAction","target":["https:\/\/teiaeducation.ch\/de\/produkt\/moorschaf-ostheimer\/"]}]},{"@type":"ImageObject","inLanguage":"de-CH","@id":"https:\/\/teiaeducation.ch\/de\/produkt\/moorschaf-ostheimer\/#primaryimage","url":"https:\/\/teiaeducation.ch\/wp-content\/uploads\/2024\/07\/Ostheimer-Family-Farm-Figures-range-figures-Wooden-toy-moorland-sheep.jpg","contentUrl":"https:\/\/teiaeducation.ch\/wp-content\/uploads\/2024\/07\/Ostheimer-Family-Farm-Figures-range-figures-Wooden-toy-moorland-sheep.jpg","width":1200,"height":1200,"caption":"Ostheimer Familie &amp; Bauernhof Figuren Sortiment Figuren Holzspielzeug Moorschafe"},{"@type":"BreadcrumbList","@id":"https:\/\/teiaeducation.ch\/de\/produkt\/moorschaf-ostheimer\/#breadcrumb","itemListElement":[{"@type":"ListItem","position":1,"name":"Home","item":"https:\/\/teiaeducation.ch\/de\/"},{"@type":"ListItem","position":2,"name":"Laden","item":"https:\/\/teiaeducation.ch\/de\/shop\/"},{"@type":"ListItem","position":3,"name":"Unsere Marken","item":"https:\/\/teiaeducation.ch\/de\/produkt-kategorie\/unsere-marken\/"},{"@type":"ListItem","position":4,"name":"Ostheimer","item":"https:\/\/teiaeducation.ch\/de\/produkt-kategorie\/unsere-marken\/ostheimer-de\/"},{"@type":"ListItem","position":5,"name":"Moorschaf &#8211; Ostheimer"}]},{"@type":"WebSite","@id":"https:\/\/teiaeducation.ch\/de\/#website","url":"https:\/\/teiaeducation.ch\/de\/","name":"Sustainable Educational Products &amp; Ecological Toys\u00a0","description":"Specialised Swiss shop selling sustainable educational toys and games, AMI certified Montessori materials, handmade ecological wooden Waldorf toys and arts &amp; crafts supplies, school supplies, children&#039;s furniture and Montessori reference and parenting books.","publisher":{"@id":"https:\/\/teiaeducation.ch\/de\/#organization"},"alternateName":"Teia Education & Play","potentialAction":[{"@type":"SearchAction","target":{"@type":"EntryPoint","urlTemplate":"https:\/\/teiaeducation.ch\/de\/?s={search_term_string}"},"query-input":{"@type":"PropertyValueSpecification","valueRequired":true,"valueName":"search_term_string"}}],"inLanguage":"de-CH"},{"@type":"Organization","@id":"https:\/\/teiaeducation.ch\/de\/#organization","name":"Teia Education & Play","url":"https:\/\/teiaeducation.ch\/de\/","logo":{"@type":"ImageObject","inLanguage":"de-CH","@id":"https:\/\/teiaeducation.ch\/de\/#\/schema\/logo\/image\/","url":"https:\/\/teiaeducation.ch\/wp-content\/uploads\/2020\/11\/Teia-Education-Switzerland-e1620156442216.jpg","contentUrl":"https:\/\/teiaeducation.ch\/wp-content\/uploads\/2020\/11\/Teia-Education-Switzerland-e1620156442216.jpg","width":166,"height":145,"caption":"Teia Education & Play"},"image":{"@id":"https:\/\/teiaeducation.ch\/de\/#\/schema\/logo\/image\/"},"sameAs":["https:\/\/www.facebook.com\/teiaeducation\/","https:\/\/x.com\/EducationTeia","https:\/\/www.instagram.com\/teia.education\/","https:\/\/www.linkedin.com\/company\/35501660","https:\/\/www.pinterest.ch\/TeiaEducation\/"]}]},"product_price_amount":"18.90","product_price_currency":"CHF","og_availability":"instock","product_availability":"instock","product_condition":"new"},"_links":{"self":[{"href":"https:\/\/teiaeducation.ch\/de\/wp-json\/wp\/v2\/product\/65832","targetHints":{"allow":["GET"]}}],"collection":[{"href":"https:\/\/teiaeducation.ch\/de\/wp-json\/wp\/v2\/product"}],"about":[{"href":"https:\/\/teiaeducation.ch\/de\/wp-json\/wp\/v2\/types\/product"}],"replies":[{"embeddable":true,"href":"https:\/\/teiaeducation.ch\/de\/wp-json\/wp\/v2\/comments?post=65832"}],"wp:featuredmedia":[{"embeddable":true,"href":"https:\/\/teiaeducation.ch\/de\/wp-json\/wp\/v2\/media\/61518"}],"wp:attachment":[{"href":"https:\/\/teiaeducation.ch\/de\/wp-json\/wp\/v2\/media?parent=65832"}],"wp:term":[{"taxonomy":"product_brand","embeddable":true,"href":"https:\/\/teiaeducation.ch\/de\/wp-json\/wp\/v2\/product_brand?post=65832"},{"taxonomy":"product_cat","embeddable":true,"href":"https:\/\/teiaeducation.ch\/de\/wp-json\/wp\/v2\/product_cat?post=65832"},{"taxonomy":"product_tag","embeddable":true,"href":"https:\/\/teiaeducation.ch\/de\/wp-json\/wp\/v2\/product_tag?post=65832"}],"curies":[{"name":"wp","href":"https:\/\/api.w.org\/{rel}","templated":true}]}}