{"id":65833,"date":"2024-07-31T12:04:36","date_gmt":"2024-07-31T10:04:36","guid":{"rendered":"https:\/\/teiaeducation.ch\/product\/heidi-ostheimer\/"},"modified":"2025-12-12T09:33:41","modified_gmt":"2025-12-12T08:33:41","slug":"heidi-ostheimer","status":"publish","type":"product","link":"https:\/\/teiaeducation.ch\/de\/produkt\/heidi-ostheimer\/","title":{"rendered":"Heidi &#8211; Ostheimer"},"content":{"rendered":"<p>Die sch\u00f6ne handgefertigte Holzfigur Heidi aus dem Ostheimer Familien- und Bauernhoffiguren-Sortiment wird Ihrem kleinen Bauern sicher gefallen!<\/p>\n<p>Diese Spielzeugfigur ist inspiriert von dem Roman \u00fcber die Ereignisse im Leben eines 5-j\u00e4hrigen M\u00e4dchens, das von seinem Gro\u00dfvater v\u00e4terlicherseits in den Schweizer Alpen betreut wird. Heidi wurde als Buch \u201ef\u00fcr Kinder und solche, die Kinder lieben\u201c geschrieben, ist eines der meistverkauften B\u00fccher aller Zeiten und geh\u00f6rt zu den bekanntesten Werken der Schweizer Literatur. (<a href=\"https:\/\/en.wikipedia.org\/wiki\/Heidi\">Quelle<\/a>)<\/p>\n<p>Ostheimer Holzspielzeug wird zu 100 % in Handarbeit in Deutschland aus zertifizierten Materialien hergestellt, um die Sicherheit der Kinder beim Spielen zu garantieren.<\/p>\n<p>Die Ostheimer Heidi-Figur ist 10 cm gro\u00df und wird f\u00fcr Kinder ab 3 Jahren empfohlen.<\/p>\n<p>Inhalt:<\/p>\n<p>1 Holzfigur Heidi<\/p>\n<h2>\u00dcber Ostheimer<\/h2>\n<p>Ostheimer Holzspielzeug regt Kinder dazu an, die Welt mit allen Sinnen zu erfassen und sich im kreativen und <a href=\"https:\/\/teiaeducation.ch\/de\/produkt-kategorie\/kinder-spielzeug\/phantasievoll-rollenspiel\/\">phantasievollen Spiel<\/a> frei zu entfalten, was f\u00fcr ein gesundes Aufwachsen so wichtig ist.<\/p>\n<p>Als unverzichtbare <a href=\"https:\/\/teiaeducation.ch\/de\/produkt-kategorie\/kinder-spielzeug\/waldorfspielzeug\/\">Waldorfspielzeugmarke<\/a> stellt Ostheimer seit \u00fcber 80 Jahren sorgf\u00e4ltig <a href=\"https:\/\/teiaeducation.ch\/de\/produkt-kategorie\/kinder-spielzeug\/holzfiguren\/\">Holzfiguren<\/a> und <a href=\"https:\/\/teiaeducation.ch\/de\/produkt-kategorie\/kinder-spielzeug\/tiere-bauernhoefe\/\">Holztiere<\/a> her. Individuell von Hand gefertigt, bieten die hochwertigen Ostheimer Holzspielzeug Kinder mit einem sch\u00f6nen und angenehmen Bild von Menschen und Tieren. Sie sind so geformt, dass kleine H\u00e4nde die volle taktile und <a href=\"https:\/\/teiaeducation.ch\/de\/produkt-kategorie\/kinder-spielzeug\/sinnliches-spiel\/\">sensorische<\/a> Erfahrung des nat\u00fcrlichen Holzes erleben k\u00f6nnen.<\/p>\n<p>Jedes <a href=\"https:\/\/teiaeducation.ch\/de\/produkt-kategorie\/unsere-marken\/ostheimer-de\/\">Ostheimer<\/a> Holzspielzeug ist mit sorgf\u00e4ltig ausgew\u00e4hlten Farben bemalt, die speichelfest sind und keine sch\u00e4dlichen Substanzen enthalten. Sie werden mit Bio-\u00d6l behandelt, um die nat\u00fcrlichen Eigenschaften des Holzes zu erhalten und die Holzstruktur durchscheinen zu lassen.<\/p>\n","protected":false},"excerpt":{"rendered":"<p>Artikelnummer: OST26502<\/p>\n<p>Heidi-Holzspielzeug aus dem Ostheimer Familien- und Bauernhof-Figurensortiment &#8211; nachhaltiges Waldorfspielzeug aus Holz, 100% handgefertigt in Deutschland.<\/p>\n","protected":false},"featured_media":61514,"comment_status":"open","ping_status":"closed","template":"","meta":[],"product_brand":[],"product_cat":[21445,21446,21479,29459,21690,21484,23075,21705,21443,21563,23820,21678,21564,21483,22919],"product_tag":[30073,30071,30074,30072],"class_list":{"0":"post-65833","1":"product","2":"type-product","3":"status-publish","4":"has-post-thumbnail","6":"product_cat-3-6-jahre-vorschule","7":"product_cat-6-12-jahre-grundschule","8":"product_cat-lernmaterialien-spielzeug-montessori-waldorf-steiner-froebel","9":"product_cat-familie-bauernhof","10":"product_cat-spiele-mit-offenem-ende","11":"product_cat-geschenk-guides","12":"product_cat-handgefertigtes-holzspielzeug","13":"product_cat-holzfiguren","14":"product_cat-nach-alter","15":"product_cat-neuheiten","16":"product_cat-ostheimer-de","17":"product_cat-kinder-spielzeug","18":"product_cat-unsere-marken","19":"product_cat-waldorf-steiner-paedagogik","20":"product_cat-waldorfspielzeug","21":"product_tag-heidi-handgefertigte-holzfigur","22":"product_tag-heidi-ostheimer-de","23":"product_tag-heidi-spielzeug-figur-ostheimer","24":"product_tag-heidi-figur-holz-ostheimer","26":"first","27":"instock","28":"taxable","29":"shipping-taxable","30":"purchasable","31":"product-type-simple"},"yoast_head":"<!-- This site is optimized with the Yoast SEO plugin v27.1.1 - https:\/\/yoast.com\/product\/yoast-seo-wordpress\/ -->\n<title>Heidi - Ostheimer - Teia Education &amp; Play<\/title>\n<meta name=\"description\" content=\"Heidi-Holzspielzeug aus dem Ostheimer Familien- und Bauernhof-Figurensortiment - nachhaltiges Waldorfspielzeug aus Holz, 100% handgefertigt in Deutschland.\" \/>\n<meta name=\"robots\" content=\"index, follow, max-snippet:-1, max-image-preview:large, max-video-preview:-1\" \/>\n<link rel=\"canonical\" href=\"https:\/\/teiaeducation.ch\/de\/produkt\/heidi-ostheimer\/\" \/>\n<meta property=\"og:locale\" content=\"de_DE\" \/>\n<meta property=\"og:type\" content=\"article\" \/>\n<meta property=\"og:title\" content=\"Heidi - Ostheimer - Teia Education &amp; Play\" \/>\n<meta property=\"og:description\" content=\"Heidi-Holzspielzeug aus dem Ostheimer Familien- und Bauernhof-Figurensortiment - nachhaltiges Waldorfspielzeug aus Holz, 100% handgefertigt in Deutschland.\" \/>\n<meta property=\"og:url\" content=\"https:\/\/teiaeducation.ch\/de\/produkt\/heidi-ostheimer\/\" \/>\n<meta property=\"og:site_name\" content=\"Sustainable Educational Products &amp; Ecological Toys\u00a0\" \/>\n<meta property=\"article:publisher\" content=\"https:\/\/www.facebook.com\/teiaeducation\/\" \/>\n<meta property=\"article:modified_time\" content=\"2025-12-12T08:33:41+00:00\" \/>\n<meta property=\"og:image\" content=\"https:\/\/teiaeducation.ch\/wp-content\/uploads\/2024\/07\/Ostheimer-fairy-tale-worlds-range-figures-Wooden-toy-heidi-2-scaled.jpg\" \/>\n\t<meta property=\"og:image:width\" content=\"1648\" \/>\n\t<meta property=\"og:image:height\" content=\"2048\" \/>\n\t<meta property=\"og:image:type\" content=\"image\/jpeg\" \/>\n<script type=\"application\/ld+json\" class=\"yoast-schema-graph\">{\"@context\":\"https:\/\/schema.org\",\"@graph\":[{\"@type\":\"WebPage\",\"@id\":\"https:\/\/teiaeducation.ch\/de\/produkt\/heidi-ostheimer\/\",\"url\":\"https:\/\/teiaeducation.ch\/de\/produkt\/heidi-ostheimer\/\",\"name\":\"Heidi - Ostheimer - Teia Education & Play\",\"isPartOf\":{\"@id\":\"https:\/\/teiaeducation.ch\/de\/#website\"},\"primaryImageOfPage\":{\"@id\":\"https:\/\/teiaeducation.ch\/de\/produkt\/heidi-ostheimer\/#primaryimage\"},\"image\":{\"@id\":\"https:\/\/teiaeducation.ch\/de\/produkt\/heidi-ostheimer\/#primaryimage\"},\"thumbnailUrl\":\"https:\/\/teiaeducation.ch\/wp-content\/uploads\/2024\/07\/Ostheimer-fairy-tale-worlds-range-figures-Wooden-toy-heidi-2-scaled.jpg\",\"datePublished\":\"2024-07-31T10:04:36+00:00\",\"dateModified\":\"2025-12-12T08:33:41+00:00\",\"description\":\"Heidi-Holzspielzeug aus dem Ostheimer Familien- und Bauernhof-Figurensortiment - nachhaltiges Waldorfspielzeug aus Holz, 100% handgefertigt in Deutschland.\",\"breadcrumb\":{\"@id\":\"https:\/\/teiaeducation.ch\/de\/produkt\/heidi-ostheimer\/#breadcrumb\"},\"inLanguage\":\"de-CH\",\"potentialAction\":[{\"@type\":\"ReadAction\",\"target\":[\"https:\/\/teiaeducation.ch\/de\/produkt\/heidi-ostheimer\/\"]}]},{\"@type\":\"ImageObject\",\"inLanguage\":\"de-CH\",\"@id\":\"https:\/\/teiaeducation.ch\/de\/produkt\/heidi-ostheimer\/#primaryimage\",\"url\":\"https:\/\/teiaeducation.ch\/wp-content\/uploads\/2024\/07\/Ostheimer-fairy-tale-worlds-range-figures-Wooden-toy-heidi-2-scaled.jpg\",\"contentUrl\":\"https:\/\/teiaeducation.ch\/wp-content\/uploads\/2024\/07\/Ostheimer-fairy-tale-worlds-range-figures-Wooden-toy-heidi-2-scaled.jpg\",\"width\":1648,\"height\":2048,\"caption\":\"Ostheimer M\u00e4rchenwelten Serie Figuren Holzspielzeug Heidi\"},{\"@type\":\"BreadcrumbList\",\"@id\":\"https:\/\/teiaeducation.ch\/de\/produkt\/heidi-ostheimer\/#breadcrumb\",\"itemListElement\":[{\"@type\":\"ListItem\",\"position\":1,\"name\":\"Home\",\"item\":\"https:\/\/teiaeducation.ch\/de\/\"},{\"@type\":\"ListItem\",\"position\":2,\"name\":\"Laden\",\"item\":\"https:\/\/teiaeducation.ch\/de\/shop\/\"},{\"@type\":\"ListItem\",\"position\":3,\"name\":\"Unsere Marken\",\"item\":\"https:\/\/teiaeducation.ch\/de\/produkt-kategorie\/unsere-marken\/\"},{\"@type\":\"ListItem\",\"position\":4,\"name\":\"Ostheimer\",\"item\":\"https:\/\/teiaeducation.ch\/de\/produkt-kategorie\/unsere-marken\/ostheimer-de\/\"},{\"@type\":\"ListItem\",\"position\":5,\"name\":\"Heidi &#8211; Ostheimer\"}]},{\"@type\":\"WebSite\",\"@id\":\"https:\/\/teiaeducation.ch\/de\/#website\",\"url\":\"https:\/\/teiaeducation.ch\/de\/\",\"name\":\"Sustainable Educational Products &amp; Ecological Toys\u00a0\",\"description\":\"Specialised Swiss shop selling sustainable educational toys and games, AMI certified Montessori materials, handmade ecological wooden Waldorf toys and arts &amp; crafts supplies, school supplies, children&#039;s furniture and Montessori reference and parenting books.\",\"publisher\":{\"@id\":\"https:\/\/teiaeducation.ch\/de\/#organization\"},\"alternateName\":\"Teia Education & Play\",\"potentialAction\":[{\"@type\":\"SearchAction\",\"target\":{\"@type\":\"EntryPoint\",\"urlTemplate\":\"https:\/\/teiaeducation.ch\/de\/?s={search_term_string}\"},\"query-input\":{\"@type\":\"PropertyValueSpecification\",\"valueRequired\":true,\"valueName\":\"search_term_string\"}}],\"inLanguage\":\"de-CH\"},{\"@type\":\"Organization\",\"@id\":\"https:\/\/teiaeducation.ch\/de\/#organization\",\"name\":\"Teia Education & Play\",\"url\":\"https:\/\/teiaeducation.ch\/de\/\",\"logo\":{\"@type\":\"ImageObject\",\"inLanguage\":\"de-CH\",\"@id\":\"https:\/\/teiaeducation.ch\/de\/#\/schema\/logo\/image\/\",\"url\":\"https:\/\/teiaeducation.ch\/wp-content\/uploads\/2020\/11\/Teia-Education-Switzerland-e1620156442216.jpg\",\"contentUrl\":\"https:\/\/teiaeducation.ch\/wp-content\/uploads\/2020\/11\/Teia-Education-Switzerland-e1620156442216.jpg\",\"width\":166,\"height\":145,\"caption\":\"Teia Education & Play\"},\"image\":{\"@id\":\"https:\/\/teiaeducation.ch\/de\/#\/schema\/logo\/image\/\"},\"sameAs\":[\"https:\/\/www.facebook.com\/teiaeducation\/\",\"https:\/\/x.com\/EducationTeia\",\"https:\/\/www.instagram.com\/teia.education\/\",\"https:\/\/www.linkedin.com\/company\/35501660\",\"https:\/\/www.pinterest.ch\/TeiaEducation\/\"]}]}<\/script>\n<!-- \/ Yoast SEO plugin. -->","yoast_head_json":{"title":"Heidi - Ostheimer - Teia Education & Play","description":"Heidi-Holzspielzeug aus dem Ostheimer Familien- und Bauernhof-Figurensortiment - nachhaltiges Waldorfspielzeug aus Holz, 100% handgefertigt in Deutschland.","robots":{"index":"index","follow":"follow","max-snippet":"max-snippet:-1","max-image-preview":"max-image-preview:large","max-video-preview":"max-video-preview:-1"},"canonical":"https:\/\/teiaeducation.ch\/de\/produkt\/heidi-ostheimer\/","og_locale":"de_DE","og_type":"article","og_title":"Heidi - Ostheimer - Teia Education & Play","og_description":"Heidi-Holzspielzeug aus dem Ostheimer Familien- und Bauernhof-Figurensortiment - nachhaltiges Waldorfspielzeug aus Holz, 100% handgefertigt in Deutschland.","og_url":"https:\/\/teiaeducation.ch\/de\/produkt\/heidi-ostheimer\/","og_site_name":"Sustainable Educational Products &amp; Ecological Toys\u00a0","article_publisher":"https:\/\/www.facebook.com\/teiaeducation\/","article_modified_time":"2025-12-12T08:33:41+00:00","og_image":[{"width":1648,"height":2048,"url":"https:\/\/teiaeducation.ch\/wp-content\/uploads\/2024\/07\/Ostheimer-fairy-tale-worlds-range-figures-Wooden-toy-heidi-2-scaled.jpg","type":"image\/jpeg"}],"schema":{"@context":"https:\/\/schema.org","@graph":[{"@type":"WebPage","@id":"https:\/\/teiaeducation.ch\/de\/produkt\/heidi-ostheimer\/","url":"https:\/\/teiaeducation.ch\/de\/produkt\/heidi-ostheimer\/","name":"Heidi - Ostheimer - Teia Education & Play","isPartOf":{"@id":"https:\/\/teiaeducation.ch\/de\/#website"},"primaryImageOfPage":{"@id":"https:\/\/teiaeducation.ch\/de\/produkt\/heidi-ostheimer\/#primaryimage"},"image":{"@id":"https:\/\/teiaeducation.ch\/de\/produkt\/heidi-ostheimer\/#primaryimage"},"thumbnailUrl":"https:\/\/teiaeducation.ch\/wp-content\/uploads\/2024\/07\/Ostheimer-fairy-tale-worlds-range-figures-Wooden-toy-heidi-2-scaled.jpg","datePublished":"2024-07-31T10:04:36+00:00","dateModified":"2025-12-12T08:33:41+00:00","description":"Heidi-Holzspielzeug aus dem Ostheimer Familien- und Bauernhof-Figurensortiment - nachhaltiges Waldorfspielzeug aus Holz, 100% handgefertigt in Deutschland.","breadcrumb":{"@id":"https:\/\/teiaeducation.ch\/de\/produkt\/heidi-ostheimer\/#breadcrumb"},"inLanguage":"de-CH","potentialAction":[{"@type":"ReadAction","target":["https:\/\/teiaeducation.ch\/de\/produkt\/heidi-ostheimer\/"]}]},{"@type":"ImageObject","inLanguage":"de-CH","@id":"https:\/\/teiaeducation.ch\/de\/produkt\/heidi-ostheimer\/#primaryimage","url":"https:\/\/teiaeducation.ch\/wp-content\/uploads\/2024\/07\/Ostheimer-fairy-tale-worlds-range-figures-Wooden-toy-heidi-2-scaled.jpg","contentUrl":"https:\/\/teiaeducation.ch\/wp-content\/uploads\/2024\/07\/Ostheimer-fairy-tale-worlds-range-figures-Wooden-toy-heidi-2-scaled.jpg","width":1648,"height":2048,"caption":"Ostheimer M\u00e4rchenwelten Serie Figuren Holzspielzeug Heidi"},{"@type":"BreadcrumbList","@id":"https:\/\/teiaeducation.ch\/de\/produkt\/heidi-ostheimer\/#breadcrumb","itemListElement":[{"@type":"ListItem","position":1,"name":"Home","item":"https:\/\/teiaeducation.ch\/de\/"},{"@type":"ListItem","position":2,"name":"Laden","item":"https:\/\/teiaeducation.ch\/de\/shop\/"},{"@type":"ListItem","position":3,"name":"Unsere Marken","item":"https:\/\/teiaeducation.ch\/de\/produkt-kategorie\/unsere-marken\/"},{"@type":"ListItem","position":4,"name":"Ostheimer","item":"https:\/\/teiaeducation.ch\/de\/produkt-kategorie\/unsere-marken\/ostheimer-de\/"},{"@type":"ListItem","position":5,"name":"Heidi &#8211; Ostheimer"}]},{"@type":"WebSite","@id":"https:\/\/teiaeducation.ch\/de\/#website","url":"https:\/\/teiaeducation.ch\/de\/","name":"Sustainable Educational Products &amp; Ecological Toys\u00a0","description":"Specialised Swiss shop selling sustainable educational toys and games, AMI certified Montessori materials, handmade ecological wooden Waldorf toys and arts &amp; crafts supplies, school supplies, children&#039;s furniture and Montessori reference and parenting books.","publisher":{"@id":"https:\/\/teiaeducation.ch\/de\/#organization"},"alternateName":"Teia Education & Play","potentialAction":[{"@type":"SearchAction","target":{"@type":"EntryPoint","urlTemplate":"https:\/\/teiaeducation.ch\/de\/?s={search_term_string}"},"query-input":{"@type":"PropertyValueSpecification","valueRequired":true,"valueName":"search_term_string"}}],"inLanguage":"de-CH"},{"@type":"Organization","@id":"https:\/\/teiaeducation.ch\/de\/#organization","name":"Teia Education & Play","url":"https:\/\/teiaeducation.ch\/de\/","logo":{"@type":"ImageObject","inLanguage":"de-CH","@id":"https:\/\/teiaeducation.ch\/de\/#\/schema\/logo\/image\/","url":"https:\/\/teiaeducation.ch\/wp-content\/uploads\/2020\/11\/Teia-Education-Switzerland-e1620156442216.jpg","contentUrl":"https:\/\/teiaeducation.ch\/wp-content\/uploads\/2020\/11\/Teia-Education-Switzerland-e1620156442216.jpg","width":166,"height":145,"caption":"Teia Education & Play"},"image":{"@id":"https:\/\/teiaeducation.ch\/de\/#\/schema\/logo\/image\/"},"sameAs":["https:\/\/www.facebook.com\/teiaeducation\/","https:\/\/x.com\/EducationTeia","https:\/\/www.instagram.com\/teia.education\/","https:\/\/www.linkedin.com\/company\/35501660","https:\/\/www.pinterest.ch\/TeiaEducation\/"]}]}},"_links":{"self":[{"href":"https:\/\/teiaeducation.ch\/de\/wp-json\/wp\/v2\/product\/65833","targetHints":{"allow":["GET"]}}],"collection":[{"href":"https:\/\/teiaeducation.ch\/de\/wp-json\/wp\/v2\/product"}],"about":[{"href":"https:\/\/teiaeducation.ch\/de\/wp-json\/wp\/v2\/types\/product"}],"replies":[{"embeddable":true,"href":"https:\/\/teiaeducation.ch\/de\/wp-json\/wp\/v2\/comments?post=65833"}],"wp:featuredmedia":[{"embeddable":true,"href":"https:\/\/teiaeducation.ch\/de\/wp-json\/wp\/v2\/media\/61514"}],"wp:attachment":[{"href":"https:\/\/teiaeducation.ch\/de\/wp-json\/wp\/v2\/media?parent=65833"}],"wp:term":[{"taxonomy":"product_brand","embeddable":true,"href":"https:\/\/teiaeducation.ch\/de\/wp-json\/wp\/v2\/product_brand?post=65833"},{"taxonomy":"product_cat","embeddable":true,"href":"https:\/\/teiaeducation.ch\/de\/wp-json\/wp\/v2\/product_cat?post=65833"},{"taxonomy":"product_tag","embeddable":true,"href":"https:\/\/teiaeducation.ch\/de\/wp-json\/wp\/v2\/product_tag?post=65833"}],"curies":[{"name":"wp","href":"https:\/\/api.w.org\/{rel}","templated":true}]}}