{"id":65850,"date":"2024-08-30T15:17:49","date_gmt":"2024-08-30T13:17:49","guid":{"rendered":"https:\/\/teiaeducation.ch\/product\/bauwelt-wuestensand-grimms\/"},"modified":"2025-06-23T13:31:12","modified_gmt":"2025-06-23T11:31:12","slug":"bauwelt-wuestensand-grimms","status":"publish","type":"product","link":"https:\/\/teiaeducation.ch\/de\/produkt\/bauwelt-wuestensand-grimms\/","title":{"rendered":"Bauwelt W\u00fcstensand &#8211; Grimm&#8217;s"},"content":{"rendered":"<p>Die skurrile Bauwelt W\u00fcstensand aus handgefertigten, nachhaltigen Holzbausteinen von Grimm&#8217;s ist sowohl ein faszinierendes <a href=\"https:\/\/teiaeducation.ch\/de\/produkt-kategorie\/kinder-spielzeug\/holzpuzzles\/\">Puzzle<\/a> als auch eine wunderbare Erg\u00e4nzung zu kleinen Welten und <a href=\"https:\/\/teiaeducation.ch\/de\/produkt-kategorie\/kinder-spielzeug\/spiele-mit-offenem-ende\/\">freien Spielen<\/a>.<\/p>\n<p>Die organischen Formen dieses Baukastens regen mit ihrer tiefen W\u00e4rme zum phantasievollen, freien Bauen an und erg\u00e4nzen jedes der Grimm&#8217;s Spielzeuge mit ihren wunderbaren Details!<\/p>\n<p>Die einzigartige Formenvielfalt, wie die besonderen Gew\u00e4nder der beiden Freunde und eine aufsetzbare, bewegliche T\u00fcr, inspiriert Kinder zu neuen Spielszenen, wunderbaren Bauwerken oder verschiedenen Murmelspielen.<\/p>\n<p>Das Set enth\u00e4lt <a href=\"https:\/\/teiaeducation.ch\/de\/produkt-kategorie\/kinder-spielzeug\/baukloetze-aus-holz\/\">Holzkl\u00f6tze<\/a> in verschiedenen Formen und 2 Grimms <a href=\"https:\/\/teiaeducation.ch\/de\/produkt\/regenbogenfreunde-grimms\/\">Freunde<\/a> in satten Gelb-, Orange- und Rott\u00f6nen gemischt mit Naturholz. Bauwelt W\u00fcstensand ist in einem gro\u00dfen Holzrahmen enthalten. Die Holzkl\u00f6tze sind aus Lindenholz gefertigt und in sch\u00f6nen hellen T\u00f6nen mit ungiftiger Farbe auf Wasserbasis bemalt, so dass sie auch von kleinen Kindern sicher verwendet werden k\u00f6nnen. Der Holzrahmen ist mit ungiftigem \u00d6l auf Pflanzenbasis behandelt.<\/p>\n<p>Es eignet sich hervorragend zur F\u00f6rderung der Hand-Augen-Koordination, der Logik, der Geschicklichkeit und der <a href=\"https:\/\/teiaeducation.ch\/de\/produkt-kategorie\/lernthemen\/sensorische-motorische-fertigkeiten\/motorische-fertigkeiten\/\">Feinmotorik<\/a> von Kindern sowie der Konzentration und Geduld.<\/p>\n<p>Das Grimm&#8217;s Bauwelt W\u00fcstensand Set ist f\u00fcr Kinder ab 3 Jahren geeignet.<\/p>\n<p>WARNUNG: VERSTECKUNGSGEFAHR &#8211; Kleine Teile. Nicht f\u00fcr Kinder unter 3 Jahren geeignet.<\/p>\n<p>Inhalt:<\/p>\n<p>1 Satz Holzkl\u00f6tze<br \/>\n2 Grimm&#8217;s Freunde<br \/>\n2 Baumwollschn\u00fcre<br \/>\n1 Holzrahmen<\/p>\n<h2>\u00dcber Grimm&#8217;s<\/h2>\n<p>Ideal zum Spielen zu Hause, im Kindergarten, in der <a href=\"https:\/\/teiaeducation.ch\/de\/spielzeug-und-natuerlichen-kreatives-materialien-fuer-waldorf-steiner-schulen\/\">Waldorf- oder Steiner-Schule<\/a>. Die sch\u00f6nen <a href=\"https:\/\/teiaeducation.ch\/de\/produkt-kategorie\/unsere-marken\/grimms-holzspielzeug\/\">Grimm&#8217;s Naturholzspielzeuge<\/a> werden nach der <a href=\"https:\/\/teiaeducation.ch\/de\/produkt-kategorie\/lernmaterialien-spielzeug-montessori-waldorf-steiner-froebel\/waldorf-steiner-paedagogik\/\">Waldorf-Philosophie<\/a> hergestellt, die daf\u00fcr bekannt ist, dass sie Kinder dazu ermutigt, das kreative Spiel selbstst\u00e4ndig, ohne Einschr\u00e4nkungen und in einem gem\u00fctlichen Tempo zu entdecken. Die Grimm&#8217;s Holzspielzeuge werden von Hand mit ungiftigen Farben auf Wasserbasis gef\u00e4rbt und nicht lackiert, damit die urspr\u00fcnglichen Eigenschaften des Holzes und die Maserung erhalten bleiben. Die Oberfl\u00e4che der FSC-zertifizierten europ\u00e4ischen Holz ist leicht rau, wodurch sie vollst\u00e4ndig stapelbar und weniger rutschig sind.<\/p>\n<p>Grimms <a href=\"https:\/\/teiaeducation.ch\/de\/produkt-kategorie\/kinder-spielzeug\/handgefertigtes-holzspielzeug\/\">handgefertigtes Holzspielzeug<\/a> wird in den Grimm&#8217;schen Werken in Deutschland sowie in mehreren Werkst\u00e4tten in ganz Europa aus verschiedenen Holzarten wie Erle, Linde, Buche und Ahorn hergestellt. Alle H\u00f6lzer, die f\u00fcr die Herstellung der Grimm&#8217;s-Spielzeuge verwendet werden, stammen aus nachhaltig bewirtschafteten europ\u00e4ischen W\u00e4ldern.<\/p>\n<p>Bitte beachten Sie, dass Grimm&#8217;s Spielzeuge immer Unikate sind, die einzigartige, von der Natur geschaffene Zeichen tragen. Die Maserung des Holzes weist wechselnde Strukturen und Farben auf, die von seiner nat\u00fcrlichen Herkunft zeugen. Die einzigartigen Variationen, Markierungen, \u00c4ste, Muster, schwarzen Streifen oder dunklen Flecken, die im Holz eines Grimm&#8217;s Spielzeugs sichtbar sein k\u00f6nnen, sind ein Beweis f\u00fcr Qualit\u00e4t, keine M\u00e4ngel.<\/p>\n","protected":false},"excerpt":{"rendered":"<p>Artikelnummer: gri43114<\/p>\n<p>Die Bauwelt W\u00fcstensand von Grimm&#8217;s ist sowohl ein fesselndes Puzzle als auch eine wunderbare Erg\u00e4nzung zur kleinen Welt und zum freien Spiel!<\/p>\n","protected":false},"featured_media":62516,"comment_status":"open","ping_status":"closed","template":"","meta":[],"product_brand":[],"product_cat":[21445,21446,24871,21704,21479,21690,21640,23075,21705,22182,21443,21563,21678,21699,21564,21483,22919],"product_tag":[30099,30100,30101],"class_list":{"0":"post-65850","1":"product","2":"type-product","3":"status-publish","4":"has-post-thumbnail","6":"product_cat-3-6-jahre-vorschule","7":"product_cat-6-12-jahre-grundschule","8":"product_cat-bau-regenbogenwelten","9":"product_cat-baukloetze-aus-holz","10":"product_cat-lernmaterialien-spielzeug-montessori-waldorf-steiner-froebel","11":"product_cat-spiele-mit-offenem-ende","12":"product_cat-grimms-holzspielzeug","13":"product_cat-handgefertigtes-holzspielzeug","14":"product_cat-holzfiguren","15":"product_cat-montessori-spielzeug","16":"product_cat-nach-alter","17":"product_cat-neuheiten","18":"product_cat-kinder-spielzeug","19":"product_cat-stapelspielzeug","20":"product_cat-unsere-marken","21":"product_cat-waldorf-steiner-paedagogik","22":"product_cat-waldorfspielzeug","23":"product_tag-baukasten-polarlicht-grimms","24":"product_tag-baukasten-wolkenspiel-grimms","25":"product_tag-baukasten-wustensand-grimms","27":"first","28":"outofstock","29":"taxable","30":"shipping-taxable","31":"purchasable","32":"product-type-simple"},"yoast_head":"<!-- This site is optimized with the Yoast SEO plugin v27.1.1 - https:\/\/yoast.com\/product\/yoast-seo-wordpress\/ -->\n<title>Bauwelt W\u00fcstensand - Grimm&#039;s - Teia Education &amp; Play<\/title>\n<meta name=\"description\" content=\"Die Bauwelt W\u00fcstensand von Grimm&#039;s ist sowohl ein faszinierendes Puzzle als auch eine wunderbare Erg\u00e4nzung zu kleinen Welten und Spielen mit offenem Ende.\" \/>\n<meta name=\"robots\" content=\"index, follow, max-snippet:-1, max-image-preview:large, max-video-preview:-1\" \/>\n<link rel=\"canonical\" href=\"https:\/\/teiaeducation.ch\/de\/produkt\/bauwelt-wuestensand-grimms\/\" \/>\n<meta property=\"og:locale\" content=\"de_DE\" \/>\n<meta property=\"og:type\" content=\"article\" \/>\n<meta property=\"og:title\" content=\"Bauwelt W\u00fcstensand - Grimm&#039;s - Teia Education &amp; Play\" \/>\n<meta property=\"og:description\" content=\"Die Bauwelt W\u00fcstensand von Grimm&#039;s ist sowohl ein faszinierendes Puzzle als auch eine wunderbare Erg\u00e4nzung zu kleinen Welten und Spielen mit offenem Ende.\" \/>\n<meta property=\"og:url\" content=\"https:\/\/teiaeducation.ch\/de\/produkt\/bauwelt-wuestensand-grimms\/\" \/>\n<meta property=\"og:site_name\" content=\"Sustainable Educational Products &amp; Ecological Toys\u00a0\" \/>\n<meta property=\"article:publisher\" content=\"https:\/\/www.facebook.com\/teiaeducation\/\" \/>\n<meta property=\"article:modified_time\" content=\"2025-06-23T11:31:12+00:00\" \/>\n<meta property=\"og:image\" content=\"https:\/\/teiaeducation.ch\/wp-content\/uploads\/2024\/08\/Building-world-desert-sand-Grimms.jpg\" \/>\n\t<meta property=\"og:image:width\" content=\"1800\" \/>\n\t<meta property=\"og:image:height\" content=\"1800\" \/>\n\t<meta property=\"og:image:type\" content=\"image\/jpeg\" \/>\n<script type=\"application\/ld+json\" class=\"yoast-schema-graph\">{\"@context\":\"https:\/\/schema.org\",\"@graph\":[{\"@type\":\"WebPage\",\"@id\":\"https:\/\/teiaeducation.ch\/de\/produkt\/bauwelt-wuestensand-grimms\/\",\"url\":\"https:\/\/teiaeducation.ch\/de\/produkt\/bauwelt-wuestensand-grimms\/\",\"name\":\"Bauwelt W\u00fcstensand - Grimm's - Teia Education & Play\",\"isPartOf\":{\"@id\":\"https:\/\/teiaeducation.ch\/de\/#website\"},\"primaryImageOfPage\":{\"@id\":\"https:\/\/teiaeducation.ch\/de\/produkt\/bauwelt-wuestensand-grimms\/#primaryimage\"},\"image\":{\"@id\":\"https:\/\/teiaeducation.ch\/de\/produkt\/bauwelt-wuestensand-grimms\/#primaryimage\"},\"thumbnailUrl\":\"https:\/\/teiaeducation.ch\/wp-content\/uploads\/2024\/08\/Building-world-desert-sand-Grimms.jpg\",\"datePublished\":\"2024-08-30T13:17:49+00:00\",\"dateModified\":\"2025-06-23T11:31:12+00:00\",\"description\":\"Die Bauwelt W\u00fcstensand von Grimm's ist sowohl ein faszinierendes Puzzle als auch eine wunderbare Erg\u00e4nzung zu kleinen Welten und Spielen mit offenem Ende.\",\"breadcrumb\":{\"@id\":\"https:\/\/teiaeducation.ch\/de\/produkt\/bauwelt-wuestensand-grimms\/#breadcrumb\"},\"inLanguage\":\"de-CH\",\"potentialAction\":[{\"@type\":\"ReadAction\",\"target\":[\"https:\/\/teiaeducation.ch\/de\/produkt\/bauwelt-wuestensand-grimms\/\"]}]},{\"@type\":\"ImageObject\",\"inLanguage\":\"de-CH\",\"@id\":\"https:\/\/teiaeducation.ch\/de\/produkt\/bauwelt-wuestensand-grimms\/#primaryimage\",\"url\":\"https:\/\/teiaeducation.ch\/wp-content\/uploads\/2024\/08\/Building-world-desert-sand-Grimms.jpg\",\"contentUrl\":\"https:\/\/teiaeducation.ch\/wp-content\/uploads\/2024\/08\/Building-world-desert-sand-Grimms.jpg\",\"width\":1800,\"height\":1800,\"caption\":\"Bauwelt W\u00fcstensand Grimm's\"},{\"@type\":\"BreadcrumbList\",\"@id\":\"https:\/\/teiaeducation.ch\/de\/produkt\/bauwelt-wuestensand-grimms\/#breadcrumb\",\"itemListElement\":[{\"@type\":\"ListItem\",\"position\":1,\"name\":\"Home\",\"item\":\"https:\/\/teiaeducation.ch\/de\/\"},{\"@type\":\"ListItem\",\"position\":2,\"name\":\"Laden\",\"item\":\"https:\/\/teiaeducation.ch\/de\/shop\/\"},{\"@type\":\"ListItem\",\"position\":3,\"name\":\"Unsere Marken\",\"item\":\"https:\/\/teiaeducation.ch\/de\/produkt-kategorie\/unsere-marken\/\"},{\"@type\":\"ListItem\",\"position\":4,\"name\":\"Grimm's\",\"item\":\"https:\/\/teiaeducation.ch\/de\/produkt-kategorie\/unsere-marken\/grimms-holzspielzeug\/\"},{\"@type\":\"ListItem\",\"position\":5,\"name\":\"Bau - &amp; Regenbogenwelten\",\"item\":\"https:\/\/teiaeducation.ch\/de\/produkt-kategorie\/unsere-marken\/grimms-holzspielzeug\/bau-regenbogenwelten\/\"},{\"@type\":\"ListItem\",\"position\":6,\"name\":\"Bauwelt W\u00fcstensand &#8211; Grimm&#8217;s\"}]},{\"@type\":\"WebSite\",\"@id\":\"https:\/\/teiaeducation.ch\/de\/#website\",\"url\":\"https:\/\/teiaeducation.ch\/de\/\",\"name\":\"Sustainable Educational Products &amp; Ecological Toys\u00a0\",\"description\":\"Specialised Swiss shop selling sustainable educational toys and games, AMI certified Montessori materials, handmade ecological wooden Waldorf toys and arts &amp; crafts supplies, school supplies, children&#039;s furniture and Montessori reference and parenting books.\",\"publisher\":{\"@id\":\"https:\/\/teiaeducation.ch\/de\/#organization\"},\"alternateName\":\"Teia Education & Play\",\"potentialAction\":[{\"@type\":\"SearchAction\",\"target\":{\"@type\":\"EntryPoint\",\"urlTemplate\":\"https:\/\/teiaeducation.ch\/de\/?s={search_term_string}\"},\"query-input\":{\"@type\":\"PropertyValueSpecification\",\"valueRequired\":true,\"valueName\":\"search_term_string\"}}],\"inLanguage\":\"de-CH\"},{\"@type\":\"Organization\",\"@id\":\"https:\/\/teiaeducation.ch\/de\/#organization\",\"name\":\"Teia Education & Play\",\"url\":\"https:\/\/teiaeducation.ch\/de\/\",\"logo\":{\"@type\":\"ImageObject\",\"inLanguage\":\"de-CH\",\"@id\":\"https:\/\/teiaeducation.ch\/de\/#\/schema\/logo\/image\/\",\"url\":\"https:\/\/teiaeducation.ch\/wp-content\/uploads\/2020\/11\/Teia-Education-Switzerland-e1620156442216.jpg\",\"contentUrl\":\"https:\/\/teiaeducation.ch\/wp-content\/uploads\/2020\/11\/Teia-Education-Switzerland-e1620156442216.jpg\",\"width\":166,\"height\":145,\"caption\":\"Teia Education & Play\"},\"image\":{\"@id\":\"https:\/\/teiaeducation.ch\/de\/#\/schema\/logo\/image\/\"},\"sameAs\":[\"https:\/\/www.facebook.com\/teiaeducation\/\",\"https:\/\/x.com\/EducationTeia\",\"https:\/\/www.instagram.com\/teia.education\/\",\"https:\/\/www.linkedin.com\/company\/35501660\",\"https:\/\/www.pinterest.ch\/TeiaEducation\/\"]}]}<\/script>\n<!-- \/ Yoast SEO plugin. -->","yoast_head_json":{"title":"Bauwelt W\u00fcstensand - Grimm's - Teia Education & Play","description":"Die Bauwelt W\u00fcstensand von Grimm's ist sowohl ein faszinierendes Puzzle als auch eine wunderbare Erg\u00e4nzung zu kleinen Welten und Spielen mit offenem Ende.","robots":{"index":"index","follow":"follow","max-snippet":"max-snippet:-1","max-image-preview":"max-image-preview:large","max-video-preview":"max-video-preview:-1"},"canonical":"https:\/\/teiaeducation.ch\/de\/produkt\/bauwelt-wuestensand-grimms\/","og_locale":"de_DE","og_type":"article","og_title":"Bauwelt W\u00fcstensand - Grimm's - Teia Education & Play","og_description":"Die Bauwelt W\u00fcstensand von Grimm's ist sowohl ein faszinierendes Puzzle als auch eine wunderbare Erg\u00e4nzung zu kleinen Welten und Spielen mit offenem Ende.","og_url":"https:\/\/teiaeducation.ch\/de\/produkt\/bauwelt-wuestensand-grimms\/","og_site_name":"Sustainable Educational Products &amp; Ecological Toys\u00a0","article_publisher":"https:\/\/www.facebook.com\/teiaeducation\/","article_modified_time":"2025-06-23T11:31:12+00:00","og_image":[{"width":1800,"height":1800,"url":"https:\/\/teiaeducation.ch\/wp-content\/uploads\/2024\/08\/Building-world-desert-sand-Grimms.jpg","type":"image\/jpeg"}],"schema":{"@context":"https:\/\/schema.org","@graph":[{"@type":"WebPage","@id":"https:\/\/teiaeducation.ch\/de\/produkt\/bauwelt-wuestensand-grimms\/","url":"https:\/\/teiaeducation.ch\/de\/produkt\/bauwelt-wuestensand-grimms\/","name":"Bauwelt W\u00fcstensand - Grimm's - Teia Education & Play","isPartOf":{"@id":"https:\/\/teiaeducation.ch\/de\/#website"},"primaryImageOfPage":{"@id":"https:\/\/teiaeducation.ch\/de\/produkt\/bauwelt-wuestensand-grimms\/#primaryimage"},"image":{"@id":"https:\/\/teiaeducation.ch\/de\/produkt\/bauwelt-wuestensand-grimms\/#primaryimage"},"thumbnailUrl":"https:\/\/teiaeducation.ch\/wp-content\/uploads\/2024\/08\/Building-world-desert-sand-Grimms.jpg","datePublished":"2024-08-30T13:17:49+00:00","dateModified":"2025-06-23T11:31:12+00:00","description":"Die Bauwelt W\u00fcstensand von Grimm's ist sowohl ein faszinierendes Puzzle als auch eine wunderbare Erg\u00e4nzung zu kleinen Welten und Spielen mit offenem Ende.","breadcrumb":{"@id":"https:\/\/teiaeducation.ch\/de\/produkt\/bauwelt-wuestensand-grimms\/#breadcrumb"},"inLanguage":"de-CH","potentialAction":[{"@type":"ReadAction","target":["https:\/\/teiaeducation.ch\/de\/produkt\/bauwelt-wuestensand-grimms\/"]}]},{"@type":"ImageObject","inLanguage":"de-CH","@id":"https:\/\/teiaeducation.ch\/de\/produkt\/bauwelt-wuestensand-grimms\/#primaryimage","url":"https:\/\/teiaeducation.ch\/wp-content\/uploads\/2024\/08\/Building-world-desert-sand-Grimms.jpg","contentUrl":"https:\/\/teiaeducation.ch\/wp-content\/uploads\/2024\/08\/Building-world-desert-sand-Grimms.jpg","width":1800,"height":1800,"caption":"Bauwelt W\u00fcstensand Grimm's"},{"@type":"BreadcrumbList","@id":"https:\/\/teiaeducation.ch\/de\/produkt\/bauwelt-wuestensand-grimms\/#breadcrumb","itemListElement":[{"@type":"ListItem","position":1,"name":"Home","item":"https:\/\/teiaeducation.ch\/de\/"},{"@type":"ListItem","position":2,"name":"Laden","item":"https:\/\/teiaeducation.ch\/de\/shop\/"},{"@type":"ListItem","position":3,"name":"Unsere Marken","item":"https:\/\/teiaeducation.ch\/de\/produkt-kategorie\/unsere-marken\/"},{"@type":"ListItem","position":4,"name":"Grimm's","item":"https:\/\/teiaeducation.ch\/de\/produkt-kategorie\/unsere-marken\/grimms-holzspielzeug\/"},{"@type":"ListItem","position":5,"name":"Bau - &amp; Regenbogenwelten","item":"https:\/\/teiaeducation.ch\/de\/produkt-kategorie\/unsere-marken\/grimms-holzspielzeug\/bau-regenbogenwelten\/"},{"@type":"ListItem","position":6,"name":"Bauwelt W\u00fcstensand &#8211; Grimm&#8217;s"}]},{"@type":"WebSite","@id":"https:\/\/teiaeducation.ch\/de\/#website","url":"https:\/\/teiaeducation.ch\/de\/","name":"Sustainable Educational Products &amp; Ecological Toys\u00a0","description":"Specialised Swiss shop selling sustainable educational toys and games, AMI certified Montessori materials, handmade ecological wooden Waldorf toys and arts &amp; crafts supplies, school supplies, children&#039;s furniture and Montessori reference and parenting books.","publisher":{"@id":"https:\/\/teiaeducation.ch\/de\/#organization"},"alternateName":"Teia Education & Play","potentialAction":[{"@type":"SearchAction","target":{"@type":"EntryPoint","urlTemplate":"https:\/\/teiaeducation.ch\/de\/?s={search_term_string}"},"query-input":{"@type":"PropertyValueSpecification","valueRequired":true,"valueName":"search_term_string"}}],"inLanguage":"de-CH"},{"@type":"Organization","@id":"https:\/\/teiaeducation.ch\/de\/#organization","name":"Teia Education & Play","url":"https:\/\/teiaeducation.ch\/de\/","logo":{"@type":"ImageObject","inLanguage":"de-CH","@id":"https:\/\/teiaeducation.ch\/de\/#\/schema\/logo\/image\/","url":"https:\/\/teiaeducation.ch\/wp-content\/uploads\/2020\/11\/Teia-Education-Switzerland-e1620156442216.jpg","contentUrl":"https:\/\/teiaeducation.ch\/wp-content\/uploads\/2020\/11\/Teia-Education-Switzerland-e1620156442216.jpg","width":166,"height":145,"caption":"Teia Education & Play"},"image":{"@id":"https:\/\/teiaeducation.ch\/de\/#\/schema\/logo\/image\/"},"sameAs":["https:\/\/www.facebook.com\/teiaeducation\/","https:\/\/x.com\/EducationTeia","https:\/\/www.instagram.com\/teia.education\/","https:\/\/www.linkedin.com\/company\/35501660","https:\/\/www.pinterest.ch\/TeiaEducation\/"]}]}},"_links":{"self":[{"href":"https:\/\/teiaeducation.ch\/de\/wp-json\/wp\/v2\/product\/65850","targetHints":{"allow":["GET"]}}],"collection":[{"href":"https:\/\/teiaeducation.ch\/de\/wp-json\/wp\/v2\/product"}],"about":[{"href":"https:\/\/teiaeducation.ch\/de\/wp-json\/wp\/v2\/types\/product"}],"replies":[{"embeddable":true,"href":"https:\/\/teiaeducation.ch\/de\/wp-json\/wp\/v2\/comments?post=65850"}],"wp:featuredmedia":[{"embeddable":true,"href":"https:\/\/teiaeducation.ch\/de\/wp-json\/wp\/v2\/media\/62516"}],"wp:attachment":[{"href":"https:\/\/teiaeducation.ch\/de\/wp-json\/wp\/v2\/media?parent=65850"}],"wp:term":[{"taxonomy":"product_brand","embeddable":true,"href":"https:\/\/teiaeducation.ch\/de\/wp-json\/wp\/v2\/product_brand?post=65850"},{"taxonomy":"product_cat","embeddable":true,"href":"https:\/\/teiaeducation.ch\/de\/wp-json\/wp\/v2\/product_cat?post=65850"},{"taxonomy":"product_tag","embeddable":true,"href":"https:\/\/teiaeducation.ch\/de\/wp-json\/wp\/v2\/product_tag?post=65850"}],"curies":[{"name":"wp","href":"https:\/\/api.w.org\/{rel}","templated":true}]}}