{"id":65919,"date":"2024-08-30T14:00:50","date_gmt":"2024-08-30T12:00:50","guid":{"rendered":"https:\/\/teiaeducation.ch\/product\/100-bienenwachskerzen-amber-12-st-grimms\/"},"modified":"2025-06-27T09:16:19","modified_gmt":"2025-06-27T07:16:19","slug":"100-bienenwachskerzen-amber-12-st-grimms","status":"publish","type":"product","link":"https:\/\/teiaeducation.ch\/de\/produkt\/100-bienenwachskerzen-amber-12-st-grimms\/","title":{"rendered":"100% Bienenwachskerzen Amber (12 St.) &#8211; Grimm&#8217;s"},"content":{"rendered":"<p>Die hochwertigen Amberfarbenen Grimm&#8217;s Kerzen aus unserer Grimm&#8217;s <a href=\"https:\/\/teiaeducation.ch\/de\/produkt-kategorie\/feier-festlichkeiten\/\">Feste-Kollektion<\/a> eignen sich perfekt, um Ihren Geburtstagsring, Ihre Weihnachts-<a href=\"https:\/\/teiaeducation.ch\/de\/produkt\/festtagsspirale-natur-grimms\/\">Adventsspirale<\/a> oder Ihren <a href=\"https:\/\/teiaeducation.ch\/de\/produkt-kategorie\/kinder-spielzeug\/waldorfspielzeug\/\">Waldorf<\/a>-Feste-Ring in einen Kerzenst\u00e4nder zu verwandeln &#8211; sie werden in Deutschland aus 100% reinem Bienenwachs handgefertigt, haben einen Durchmesser von 1,23cm, sind 11cm hoch und haben eine Brenndauer von ca. 1,5 &#8211; 2 Stunden.<\/p>\n<p>Diese Kerzen passen in jeden Grimm&#8217;s Spiel und Holz-Feierring, in jede<a href=\"https:\/\/teiaeducation.ch\/produkt-kategorie\/feiern\/geburtstage\/\"> Geburtstag<\/a>s- und Adventsspirale &#8211; und werden f\u00fcr Ihr Kind garantiert zu einem Teil des j\u00e4hrlichen Rituals. Die Kerzen sind so bemessen, dass sie in unseren <a href=\"https:\/\/teiaeducation.ch\/product\/aluminium-candle-holder-gluckskafer\/\">Kerzeneinsatzhalter<\/a> passen, der f\u00fcr ein sicheres Abbrennen der Kerze sorgt. <\/p>\n<p>Einzeln erh\u00e4ltlich. Bitte beachten Sie, dass die Kerzen ohne den Einsatz nicht in den verschiedenen Ringen und Spiralen stehen k\u00f6nnen.<\/p>\n<p>Die Grimm&#8217;s Bienenwachskerzen werden in Deutschland hergestellt.<\/p>\n<p>Achtung! Dies ist ein Dekorationsartikel und nicht zum Spielen geeignet. Wenn die Kerzen unbeaufsichtigt gelassen werden, k\u00f6nnen die dazu verwendeten Holzteile, wie z. B. der Festring, dennoch brennen. Bitte seien Sie beim Abbrennen von Kerzen immer vorsichtig.<\/p>\n<p>Aus Sicherheitsgr\u00fcnden sollten Sie bei der Verwendung von Kerzen Kerzenhalter verwenden und darauf achten, dass keine Zugluft entsteht und sich keine dekorative Figur in der N\u00e4he der Flammen befindet. Dieses Material ist f\u00fcr Kinder ab 14 Jahren geeignet.<\/p>\n<p>Inhalt:<\/p>\n<p>12 Kerzen aus 100% Bienenwachs<\/p>\n<h2>\u00dcber Grimm&#8217;s<\/h2>\n<p>Ideal zum Spielen zu Hause, im Kindergarten, in der <a href=\"https:\/\/teiaeducation.ch\/waldorf-steiner-schulen-lieferungen\/\">Waldorf- oder Steiner-Schule<\/a>. Die sch\u00f6nen <a href=\"https:\/\/teiaeducation.ch\/produkt-kategorie\/marken\/grimms\/\">Grimm&#8217;s Naturholzspielzeuge<\/a> werden nach der <a href=\"https:\/\/teiaeducation.ch\/produktkategorie\/erziehungsmethode\/waldorf-steiner-spielzeug-bastelmaterialen\/\">Waldorf-Philosophie<\/a> hergestellt, die daf\u00fcr bekannt ist, dass sie Kinder dazu ermutigt, das kreative Spiel selbstst\u00e4ndig, ohne Einschr\u00e4nkungen und in einem gem\u00fctlichen Tempo zu entdecken. Die Grimm&#8217;s Holzspielzeuge werden von Hand mit ungiftigen Farben auf Wasserbasis gef\u00e4rbt und nicht lackiert, damit die urspr\u00fcnglichen Eigenschaften des Holzes und die Maserung erhalten bleiben. Die Oberfl\u00e4che der FSC-zertifizierten europ\u00e4ischen Holz ist leicht rau, wodurch sie vollst\u00e4ndig stapelbar und weniger rutschig sind.<\/p>\n<p>Grimm&#8217;s <a href=\"https:\/\/teiaeducation.ch\/de\/produkt-kategorie\/kinder-spielzeug\/handgefertigtes-holzspielzeug\/\">handgefertigtes Holzspielzeug<\/a> wird in den Grimm&#8217;s Werken in Deutschland sowie in mehreren Werkst\u00e4tten in ganz Europa aus verschiedenen Holzarten wie Erle, Linde, Buche und Ahorn hergestellt. Alle H\u00f6lzer, die f\u00fcr die Herstellung der Grimm&#8217;s-Spielzeuge verwendet werden, stammen aus nachhaltig bewirtschafteten europ\u00e4ischen W\u00e4ldern.<\/p>\n<p>Bitte beachten Sie, dass Grimm&#8217;s Spielzeuge immer Unikate sind, die einzigartige, von der Natur geschaffene Zeichen tragen. Die Maserung des Holzes weist wechselnde Strukturen und Farben auf, die von seiner nat\u00fcrlichen Herkunft zeugen. Die einzigartigen Variationen, Markierungen, \u00c4ste, Muster, schwarzen Streifen oder dunklen Flecken, die im Holz eines Grimm&#8217;s Spielzeugs sichtbar sein k\u00f6nnen, sind ein Beweis f\u00fcr Qualit\u00e4t, keine M\u00e4ngel.<\/p>\n","protected":false},"excerpt":{"rendered":"<p>Artikelnummer: gri05101<\/p>\n<p>Die hochwertigen Grimm&#8217;s handgefertigten Amberfarbenen Kerzen aus 100% reinem Bienenwachs verwandeln Geburtstags- und Adventskr\u00e4nze in einen Kerzenst\u00e4nder.<\/p>\n","protected":false},"featured_media":62461,"comment_status":"open","ping_status":"closed","template":"","meta":[],"product_brand":[],"product_cat":[21479,24873,21465,22347,21640,21464,21443,22349,21563,22351,21564,21483,22919,22363],"product_tag":[25360,25346,25356,25344,25352,25350,25361,25347,25349,25348,25362,21720,21719,21715,21721,25355,21712,25351,25354,25353],"class_list":{"0":"post-65919","1":"product","2":"type-product","3":"status-publish","4":"has-post-thumbnail","6":"product_cat-lernmaterialien-spielzeug-montessori-waldorf-steiner-froebel","7":"product_cat-familie-feste-rituale","8":"product_cat-feier-festlichkeiten","9":"product_cat-geburtstage","10":"product_cat-grimms-holzspielzeug","11":"product_cat-herbstkollektion","12":"product_cat-nach-alter","13":"product_cat-natur-saisonale-tische-de","14":"product_cat-neuheiten","15":"product_cat-rituale-adventszeit","16":"product_cat-unsere-marken","17":"product_cat-waldorf-steiner-paedagogik","18":"product_cat-waldorfspielzeug","19":"product_cat-winter-kollektion","20":"product_tag-bunte-geburtstags-adventsspirale-von-grimms","21":"product_tag-festringe","22":"product_tag-geburtstags-und-adventsspirale-aus-naturholz-grimms","23":"product_tag-geburtstagsdekorationen-aus-holz","24":"product_tag-geburtstagskerzenhalter-aus-holz","25":"product_tag-geburtstagsring","26":"product_tag-grimms-bernsteinfarbene-kerzen-aus-100-bienenwachs","27":"product_tag-grimms-dekorative-figuren","28":"product_tag-grimms-geburtstagsring","29":"product_tag-grimms-holzerne-geburtstagsdekorationen","30":"product_tag-grimms-kerzen-aus-bienenwachs","31":"product_tag-grimms-schweiz-de","32":"product_tag-grimms-suisse-de","33":"product_tag-grimms-switzerland-de","34":"product_tag-grimms-holzspielzeugladen","35":"product_tag-groser-geburtstagsring-aus-naturholz-grimms","36":"product_tag-hergestellt-in-deutschland","37":"product_tag-kerzenhalter-dekorationen","38":"product_tag-waldorf-feier-ring","39":"product_tag-waldorf-geburtstagsring","41":"first","42":"outofstock","43":"taxable","44":"shipping-taxable","45":"purchasable","46":"product-type-simple"},"yoast_head":"<!-- This site is optimized with the Yoast SEO plugin v27.1.1 - https:\/\/yoast.com\/product\/yoast-seo-wordpress\/ -->\n<title>B\u00e4lle dr\u00fccken \u2013 Nienhuis Montessori<\/title>\n<meta name=\"description\" content=\"Die hochwertigen Grimm&#039;s handgefertigten Amberfarbenen Kerzen aus 100% reinem Bienenwachs verwandeln Geburtstags- und Adventskr\u00e4nze in einen Kerzenst\u00e4nder.\" \/>\n<meta name=\"robots\" content=\"index, follow, max-snippet:-1, max-image-preview:large, max-video-preview:-1\" \/>\n<link rel=\"canonical\" href=\"https:\/\/teiaeducation.ch\/de\/produkt\/100-bienenwachskerzen-amber-12-st-grimms\/\" \/>\n<meta property=\"og:locale\" content=\"de_DE\" \/>\n<meta property=\"og:type\" content=\"article\" \/>\n<meta property=\"og:title\" content=\"B\u00e4lle dr\u00fccken \u2013 Nienhuis Montessori\" \/>\n<meta property=\"og:description\" content=\"Die hochwertigen Grimm&#039;s handgefertigten Amberfarbenen Kerzen aus 100% reinem Bienenwachs verwandeln Geburtstags- und Adventskr\u00e4nze in einen Kerzenst\u00e4nder.\" \/>\n<meta property=\"og:url\" content=\"https:\/\/teiaeducation.ch\/de\/produkt\/100-bienenwachskerzen-amber-12-st-grimms\/\" \/>\n<meta property=\"og:site_name\" content=\"Sustainable Educational Products &amp; Ecological Toys\u00a0\" \/>\n<meta property=\"article:publisher\" content=\"https:\/\/www.facebook.com\/teiaeducation\/\" \/>\n<meta property=\"article:modified_time\" content=\"2025-06-27T07:16:19+00:00\" \/>\n<meta property=\"og:image\" content=\"https:\/\/teiaeducation.ch\/wp-content\/uploads\/2021\/12\/Amber-coloured-candles-made-form-100-beeswax-Waldorf-celebrations-ring-accessory-Grimms-.jpg\" \/>\n\t<meta property=\"og:image:width\" content=\"1800\" \/>\n\t<meta property=\"og:image:height\" content=\"1800\" \/>\n\t<meta property=\"og:image:type\" content=\"image\/jpeg\" \/>\n<script type=\"application\/ld+json\" class=\"yoast-schema-graph\">{\"@context\":\"https:\/\/schema.org\",\"@graph\":[{\"@type\":\"WebPage\",\"@id\":\"https:\/\/teiaeducation.ch\/de\/produkt\/100-bienenwachskerzen-amber-12-st-grimms\/\",\"url\":\"https:\/\/teiaeducation.ch\/de\/produkt\/100-bienenwachskerzen-amber-12-st-grimms\/\",\"name\":\"B\u00e4lle dr\u00fccken \u2013 Nienhuis Montessori\",\"isPartOf\":{\"@id\":\"https:\/\/teiaeducation.ch\/de\/#website\"},\"primaryImageOfPage\":{\"@id\":\"https:\/\/teiaeducation.ch\/de\/produkt\/100-bienenwachskerzen-amber-12-st-grimms\/#primaryimage\"},\"image\":{\"@id\":\"https:\/\/teiaeducation.ch\/de\/produkt\/100-bienenwachskerzen-amber-12-st-grimms\/#primaryimage\"},\"thumbnailUrl\":\"https:\/\/teiaeducation.ch\/wp-content\/uploads\/2021\/12\/Amber-coloured-candles-made-form-100-beeswax-Waldorf-celebrations-ring-accessory-Grimms-.jpg\",\"datePublished\":\"2024-08-30T12:00:50+00:00\",\"dateModified\":\"2025-06-27T07:16:19+00:00\",\"description\":\"Die hochwertigen Grimm's handgefertigten Amberfarbenen Kerzen aus 100% reinem Bienenwachs verwandeln Geburtstags- und Adventskr\u00e4nze in einen Kerzenst\u00e4nder.\",\"breadcrumb\":{\"@id\":\"https:\/\/teiaeducation.ch\/de\/produkt\/100-bienenwachskerzen-amber-12-st-grimms\/#breadcrumb\"},\"inLanguage\":\"de-CH\",\"potentialAction\":[{\"@type\":\"ReadAction\",\"target\":[\"https:\/\/teiaeducation.ch\/de\/produkt\/100-bienenwachskerzen-amber-12-st-grimms\/\"]}]},{\"@type\":\"ImageObject\",\"inLanguage\":\"de-CH\",\"@id\":\"https:\/\/teiaeducation.ch\/de\/produkt\/100-bienenwachskerzen-amber-12-st-grimms\/#primaryimage\",\"url\":\"https:\/\/teiaeducation.ch\/wp-content\/uploads\/2021\/12\/Amber-coloured-candles-made-form-100-beeswax-Waldorf-celebrations-ring-accessory-Grimms-.jpg\",\"contentUrl\":\"https:\/\/teiaeducation.ch\/wp-content\/uploads\/2021\/12\/Amber-coloured-candles-made-form-100-beeswax-Waldorf-celebrations-ring-accessory-Grimms-.jpg\",\"width\":1800,\"height\":1800,\"caption\":\"Amberfarbene Kerzen aus 100% Bienenwachs : Waldorf Feste Ring Accessoire Grimm's\"},{\"@type\":\"BreadcrumbList\",\"@id\":\"https:\/\/teiaeducation.ch\/de\/produkt\/100-bienenwachskerzen-amber-12-st-grimms\/#breadcrumb\",\"itemListElement\":[{\"@type\":\"ListItem\",\"position\":1,\"name\":\"Home\",\"item\":\"https:\/\/teiaeducation.ch\/de\/\"},{\"@type\":\"ListItem\",\"position\":2,\"name\":\"Laden\",\"item\":\"https:\/\/teiaeducation.ch\/de\/shop\/\"},{\"@type\":\"ListItem\",\"position\":3,\"name\":\"100% Bienenwachskerzen Amber (12 St.) &#8211; Grimm&#8217;s\"}]},{\"@type\":\"WebSite\",\"@id\":\"https:\/\/teiaeducation.ch\/de\/#website\",\"url\":\"https:\/\/teiaeducation.ch\/de\/\",\"name\":\"Sustainable Educational Products &amp; Ecological Toys\u00a0\",\"description\":\"Specialised Swiss shop selling sustainable educational toys and games, AMI certified Montessori materials, handmade ecological wooden Waldorf toys and arts &amp; crafts supplies, school supplies, children&#039;s furniture and Montessori reference and parenting books.\",\"publisher\":{\"@id\":\"https:\/\/teiaeducation.ch\/de\/#organization\"},\"alternateName\":\"Teia Education & Play\",\"potentialAction\":[{\"@type\":\"SearchAction\",\"target\":{\"@type\":\"EntryPoint\",\"urlTemplate\":\"https:\/\/teiaeducation.ch\/de\/?s={search_term_string}\"},\"query-input\":{\"@type\":\"PropertyValueSpecification\",\"valueRequired\":true,\"valueName\":\"search_term_string\"}}],\"inLanguage\":\"de-CH\"},{\"@type\":\"Organization\",\"@id\":\"https:\/\/teiaeducation.ch\/de\/#organization\",\"name\":\"Teia Education & Play\",\"url\":\"https:\/\/teiaeducation.ch\/de\/\",\"logo\":{\"@type\":\"ImageObject\",\"inLanguage\":\"de-CH\",\"@id\":\"https:\/\/teiaeducation.ch\/de\/#\/schema\/logo\/image\/\",\"url\":\"https:\/\/teiaeducation.ch\/wp-content\/uploads\/2020\/11\/Teia-Education-Switzerland-e1620156442216.jpg\",\"contentUrl\":\"https:\/\/teiaeducation.ch\/wp-content\/uploads\/2020\/11\/Teia-Education-Switzerland-e1620156442216.jpg\",\"width\":166,\"height\":145,\"caption\":\"Teia Education & Play\"},\"image\":{\"@id\":\"https:\/\/teiaeducation.ch\/de\/#\/schema\/logo\/image\/\"},\"sameAs\":[\"https:\/\/www.facebook.com\/teiaeducation\/\",\"https:\/\/x.com\/EducationTeia\",\"https:\/\/www.instagram.com\/teia.education\/\",\"https:\/\/www.linkedin.com\/company\/35501660\",\"https:\/\/www.pinterest.ch\/TeiaEducation\/\"]}]}<\/script>\n<!-- \/ Yoast SEO plugin. -->","yoast_head_json":{"title":"B\u00e4lle dr\u00fccken \u2013 Nienhuis Montessori","description":"Die hochwertigen Grimm's handgefertigten Amberfarbenen Kerzen aus 100% reinem Bienenwachs verwandeln Geburtstags- und Adventskr\u00e4nze in einen Kerzenst\u00e4nder.","robots":{"index":"index","follow":"follow","max-snippet":"max-snippet:-1","max-image-preview":"max-image-preview:large","max-video-preview":"max-video-preview:-1"},"canonical":"https:\/\/teiaeducation.ch\/de\/produkt\/100-bienenwachskerzen-amber-12-st-grimms\/","og_locale":"de_DE","og_type":"article","og_title":"B\u00e4lle dr\u00fccken \u2013 Nienhuis Montessori","og_description":"Die hochwertigen Grimm's handgefertigten Amberfarbenen Kerzen aus 100% reinem Bienenwachs verwandeln Geburtstags- und Adventskr\u00e4nze in einen Kerzenst\u00e4nder.","og_url":"https:\/\/teiaeducation.ch\/de\/produkt\/100-bienenwachskerzen-amber-12-st-grimms\/","og_site_name":"Sustainable Educational Products &amp; Ecological Toys\u00a0","article_publisher":"https:\/\/www.facebook.com\/teiaeducation\/","article_modified_time":"2025-06-27T07:16:19+00:00","og_image":[{"width":1800,"height":1800,"url":"https:\/\/teiaeducation.ch\/wp-content\/uploads\/2021\/12\/Amber-coloured-candles-made-form-100-beeswax-Waldorf-celebrations-ring-accessory-Grimms-.jpg","type":"image\/jpeg"}],"schema":{"@context":"https:\/\/schema.org","@graph":[{"@type":"WebPage","@id":"https:\/\/teiaeducation.ch\/de\/produkt\/100-bienenwachskerzen-amber-12-st-grimms\/","url":"https:\/\/teiaeducation.ch\/de\/produkt\/100-bienenwachskerzen-amber-12-st-grimms\/","name":"B\u00e4lle dr\u00fccken \u2013 Nienhuis Montessori","isPartOf":{"@id":"https:\/\/teiaeducation.ch\/de\/#website"},"primaryImageOfPage":{"@id":"https:\/\/teiaeducation.ch\/de\/produkt\/100-bienenwachskerzen-amber-12-st-grimms\/#primaryimage"},"image":{"@id":"https:\/\/teiaeducation.ch\/de\/produkt\/100-bienenwachskerzen-amber-12-st-grimms\/#primaryimage"},"thumbnailUrl":"https:\/\/teiaeducation.ch\/wp-content\/uploads\/2021\/12\/Amber-coloured-candles-made-form-100-beeswax-Waldorf-celebrations-ring-accessory-Grimms-.jpg","datePublished":"2024-08-30T12:00:50+00:00","dateModified":"2025-06-27T07:16:19+00:00","description":"Die hochwertigen Grimm's handgefertigten Amberfarbenen Kerzen aus 100% reinem Bienenwachs verwandeln Geburtstags- und Adventskr\u00e4nze in einen Kerzenst\u00e4nder.","breadcrumb":{"@id":"https:\/\/teiaeducation.ch\/de\/produkt\/100-bienenwachskerzen-amber-12-st-grimms\/#breadcrumb"},"inLanguage":"de-CH","potentialAction":[{"@type":"ReadAction","target":["https:\/\/teiaeducation.ch\/de\/produkt\/100-bienenwachskerzen-amber-12-st-grimms\/"]}]},{"@type":"ImageObject","inLanguage":"de-CH","@id":"https:\/\/teiaeducation.ch\/de\/produkt\/100-bienenwachskerzen-amber-12-st-grimms\/#primaryimage","url":"https:\/\/teiaeducation.ch\/wp-content\/uploads\/2021\/12\/Amber-coloured-candles-made-form-100-beeswax-Waldorf-celebrations-ring-accessory-Grimms-.jpg","contentUrl":"https:\/\/teiaeducation.ch\/wp-content\/uploads\/2021\/12\/Amber-coloured-candles-made-form-100-beeswax-Waldorf-celebrations-ring-accessory-Grimms-.jpg","width":1800,"height":1800,"caption":"Amberfarbene Kerzen aus 100% Bienenwachs : Waldorf Feste Ring Accessoire Grimm's"},{"@type":"BreadcrumbList","@id":"https:\/\/teiaeducation.ch\/de\/produkt\/100-bienenwachskerzen-amber-12-st-grimms\/#breadcrumb","itemListElement":[{"@type":"ListItem","position":1,"name":"Home","item":"https:\/\/teiaeducation.ch\/de\/"},{"@type":"ListItem","position":2,"name":"Laden","item":"https:\/\/teiaeducation.ch\/de\/shop\/"},{"@type":"ListItem","position":3,"name":"100% Bienenwachskerzen Amber (12 St.) &#8211; Grimm&#8217;s"}]},{"@type":"WebSite","@id":"https:\/\/teiaeducation.ch\/de\/#website","url":"https:\/\/teiaeducation.ch\/de\/","name":"Sustainable Educational Products &amp; Ecological Toys\u00a0","description":"Specialised Swiss shop selling sustainable educational toys and games, AMI certified Montessori materials, handmade ecological wooden Waldorf toys and arts &amp; crafts supplies, school supplies, children&#039;s furniture and Montessori reference and parenting books.","publisher":{"@id":"https:\/\/teiaeducation.ch\/de\/#organization"},"alternateName":"Teia Education & Play","potentialAction":[{"@type":"SearchAction","target":{"@type":"EntryPoint","urlTemplate":"https:\/\/teiaeducation.ch\/de\/?s={search_term_string}"},"query-input":{"@type":"PropertyValueSpecification","valueRequired":true,"valueName":"search_term_string"}}],"inLanguage":"de-CH"},{"@type":"Organization","@id":"https:\/\/teiaeducation.ch\/de\/#organization","name":"Teia Education & Play","url":"https:\/\/teiaeducation.ch\/de\/","logo":{"@type":"ImageObject","inLanguage":"de-CH","@id":"https:\/\/teiaeducation.ch\/de\/#\/schema\/logo\/image\/","url":"https:\/\/teiaeducation.ch\/wp-content\/uploads\/2020\/11\/Teia-Education-Switzerland-e1620156442216.jpg","contentUrl":"https:\/\/teiaeducation.ch\/wp-content\/uploads\/2020\/11\/Teia-Education-Switzerland-e1620156442216.jpg","width":166,"height":145,"caption":"Teia Education & Play"},"image":{"@id":"https:\/\/teiaeducation.ch\/de\/#\/schema\/logo\/image\/"},"sameAs":["https:\/\/www.facebook.com\/teiaeducation\/","https:\/\/x.com\/EducationTeia","https:\/\/www.instagram.com\/teia.education\/","https:\/\/www.linkedin.com\/company\/35501660","https:\/\/www.pinterest.ch\/TeiaEducation\/"]}]}},"_links":{"self":[{"href":"https:\/\/teiaeducation.ch\/de\/wp-json\/wp\/v2\/product\/65919","targetHints":{"allow":["GET"]}}],"collection":[{"href":"https:\/\/teiaeducation.ch\/de\/wp-json\/wp\/v2\/product"}],"about":[{"href":"https:\/\/teiaeducation.ch\/de\/wp-json\/wp\/v2\/types\/product"}],"replies":[{"embeddable":true,"href":"https:\/\/teiaeducation.ch\/de\/wp-json\/wp\/v2\/comments?post=65919"}],"wp:featuredmedia":[{"embeddable":true,"href":"https:\/\/teiaeducation.ch\/de\/wp-json\/wp\/v2\/media\/62461"}],"wp:attachment":[{"href":"https:\/\/teiaeducation.ch\/de\/wp-json\/wp\/v2\/media?parent=65919"}],"wp:term":[{"taxonomy":"product_brand","embeddable":true,"href":"https:\/\/teiaeducation.ch\/de\/wp-json\/wp\/v2\/product_brand?post=65919"},{"taxonomy":"product_cat","embeddable":true,"href":"https:\/\/teiaeducation.ch\/de\/wp-json\/wp\/v2\/product_cat?post=65919"},{"taxonomy":"product_tag","embeddable":true,"href":"https:\/\/teiaeducation.ch\/de\/wp-json\/wp\/v2\/product_tag?post=65919"}],"curies":[{"name":"wp","href":"https:\/\/api.w.org\/{rel}","templated":true}]}}